{"id":7286,"date":"2021-03-30T09:08:56","date_gmt":"2021-03-30T09:08:56","guid":{"rendered":"http:\/\/atg.md\/product\/c0607\/"},"modified":"2024-07-05T07:03:46","modified_gmt":"2024-07-05T07:03:46","slug":"c0607","status":"publish","type":"product","link":"https:\/\/atg.md\/ro\/catalog\/autoclipsuri\/pod-rezinku\/c0607\/","title":{"rendered":"C0607"},"content":{"rendered":"<p><strong>Modele:<\/strong><\/p>\n<ul>\n<li>Honda\n<li>Element <\/li>\n<li>Honda\n<li>Odyssey<\/li>\n<li>Honda\n<li>Pilot<br \/>\nFord Festiva, D23PF, D25PF, DA1PF, DA3PF, DA3VF, DAJPF, HALP<\/li>\n<li>Ford<br \/>\nFreda, SG5WF, SGE3F, SGEWF, SGL3F, SGL5F, SGLRF, SGLWF<\/li>\n<li>Ford<br \/>\nLaser, BF3PF, BF3VF, BF5PF, BF5RF, BF5SF, BF5VF, BF6MF, BF7PF, BF7VF,<br \/>\nBFMPF, BFMRF, BFMSF, BFSPF, BFSRF, BFTPF, BG3PF, BG5PF, BG6PF, BG6RF, BG7PF,<br \/>\nBG8PF, BG8RF, BHA5PF, BHA5SF, BHA6RF, BHA7PF, BHA7RF, BHA8PF, BHA8SF, BHALPF,<br \/>\nBHALSF, BJ3PF, BJ5PF, BJ5WF, BJ8WF, BJEPF<\/li>\n<li>Ford<br \/>\nSpectron, SE28TF, SE48TF, SE58TF, SE88TF, SEF8TF, SS28MF, SS28RF, SS28VF,<br \/>\nSS48VF, SS58VF, SS88MF, SS88RF, SS88VF, SS88WF, SSE8RF, SSE8WF, SSF8RF, SSF8VF,<br \/>\nSSF8WF<\/li>\n<li>Ford<br \/>\nTelstar, CG2PPF, CG2SPF, CG2SRF, GC6PF, GC8PF, GCEPF, GCFPF, GD8AF, GD8PF,<br \/>\nGD8RF, GDEAF, GDEPF, GDERF, GDFPF, GE5PF, GE8PF, GEEPF, GEFPF, GESRF, GF8PF,<br \/>\nGFEPF, GFERF, GFFPF, GV8WF, GVERF, GVEWF, GVFRF, GVFWF, GW5RF, GW8WF, GWERF,<br \/>\nGWEWF, GWFWF<\/li>\n<li>Mazda<br \/>\n121, DB<\/li>\n<li>Mazda<br \/>\n323, BA, BJ<\/li>\n<li>Mazda<br \/>\n323F, BA<\/li>\n<li>Mazda<br \/>\n626, GD, GE, GF, GV, GW<\/li>\n<li>Mazda<br \/>\n929, HC<\/li>\n<li>Mazda<br \/>\nAutozam AZ-3, EC5S, EC5SA, EC8S, ECPSA<\/li>\n<li>Mazda Autozam<br \/>\nClef, GE5PA, GEEPA, GESRA<\/li>\n<li>Mazda<br \/>\nB-Series, UF<\/li>\n<li>Mazda Bongo<br \/>\nBrawny, SD, SD29M, SD29T, SD2AM, SD2AT, SD59M, SD59T, SD5AM, SD5AT, SD89T,<br \/>\nSDEAT, SK24L, SK24T, SK26L, SK26T, SK54L, SK54T, SK54V, SK56L, SK56M, SK56T,<br \/>\nSK56V, SK5HM, SK5HV, SKE4T, SKE6T, SKE6V, SR, SR29V, SR2AM, SR2AV, SR59V,<br \/>\nSR5AM, SR5AV, SR89V, SRE9V, SRE9W, SREAM, SREAV, SRF9W, SRS9V, SRSAV<\/li>\n<li>Mazda Bongo<br \/>\nFriendee, SG5W, SGE3, SGEW, SGL3, SGL5, SGLR, SGLW<\/li>\n<li>Mazda<br \/>\nBongo, SE28M, SE28R, SE28T, SE48T, SE58T, SE88M, SE88T, SEF8T, SS28H,<br \/>\nSS28M, SS28ME, SS28R, SS28V, SS48V, SS58V, SS88H, SS88M, SS88R, SS88V, SS88W,<br \/>\nSSE8R, SSE8W, SSE8WE, SSF8R, SSF8RE, SSF8V, SSF8W, SSF8WE<\/li>\n<li>Mazda<br \/>\nCapella, CG2PP, CG2SP, CG2SR, GC1412, GC2210, GC6P, GC8J, GC8P, GCEP,<br \/>\nGCFJ, GCFP, GD6P, GD8A, GD8B, GD8J, GD8P, GD8R, GD8S, GD8Y, GDEA, GDEB, GDEP,<br \/>\nGDER, GDES, GDFJ, GDFP, GF8P, GFEP, GFER, GFFP, GV6V, GV8W, GVER, GVEW, GVFR,<br \/>\nGVFV, GVFW, GW5R, GW8W, GWER, GWEW, GWFW<\/li>\n<li>Mazda<br \/>\nCronos, GE5P, GE8P, GEEP, GEFP, GESR<\/li>\n<li>Mazda Custom<br \/>\nCab, HBEY<\/li>\n<li>Mazda Efini<br \/>\nMS-8, MB5A, MB5P, MBEP<\/li>\n<li>Mazda Efini<br \/>\nMS-9, HD5S, HDES<\/li>\n<li>Mazda<br \/>\nEtude, BFMP, BFSP<\/li>\n<li>Mazda Eunos<br \/>\n100, BG5PE, BG8PE<\/li>\n<li>Mazda Eunos<br \/>\n300, MA8PE, MAEPE<\/li>\n<li>Mazda Eunos<br \/>\n500, CA8P, CA8PE, CAEP, CAEPE, CAPP<\/li>\n<li>Mazda Eunos<br \/>\n800, TA3A, TA3P, TA3Y, TA3Z, TA5A, TA5P, TA5Y, TA5Z<\/li>\n<li>Mazda Eunos<br \/>\nCargo, SE28ME, SE58TE, SEF8TE, SS28ME, SS58VE, SSE8WE, SSF8RE, SSF8VE,<br \/>\nSSF8WE<\/li>\n<li>Mazda Eunos<br \/>\nCosmo, EC5S, EC5SA, EC8S, JC3S, JC3SE, JCES, JCESE<\/li>\n<li>Mazda Eunos<br \/>\nPresso, EC8SE, ECPSA<\/li>\n<li>Mazda<br \/>\nFamilia, BF3P, BF3V, BF5P, BF5R, BF5S, BF5V, BF5W, BF6M, BF7P, BF7V, BFMP,<br \/>\nBFMR, BFMS, BFSP, BFSR, BFTP, BG3P, BG3S, BG5P, BG5S, BG6P, BG6R, BG6S, BG6Z,<br \/>\nBG7P, BG8P, BG8R, BG8RA, BG8S, BG8Z, BHA5P, BHA5S, BHA6R, BHA7P, BHA7R, BHA8P,<br \/>\nBHA8S, BHALP, BHALS, BJ3P, BJ5P, BJ5W, BJ8W, BJEP, BJFP, BJFW, BW3W, BW5W,<br \/>\nBW7W, BWMR, YR46U15, YR46U35, ZR16U65, ZR16U85, ZR16UX5<\/li>\n<li>Mazda<br \/>\nJ100, SD29MF, SD2ATF, SD5ATF, SDEATF, SR2AMF, SR2AVF, SR5AMF, SR5AVF,<br \/>\nSREAVF, SRSAVF<\/li>\n<li>Mazda<br \/>\nJ80, SE28MF, SE28TF, SE48TF, SE58TF, SE88TF, SEF8TF, SS28HF, SS28MF,<br \/>\nSS28VF, SS48VF, SS58VF, SS88HF, SS88MF, SS88RF, SS88VF, SS88WF, SSE8WF, SSF8RF,<br \/>\nSSF8VF, SSF8WF<\/li>\n<li>Mazda<br \/>\nLantis, CBA8P, CBAEP<\/li>\n<li>Mazda<br \/>\nLuce, HC2J, HC3S, HCEJ, HCEP, HCFS, HCSS, LA4MV, LA4SV, TA3A<\/li>\n<li>Mazda<br \/>\nMPV, GE5P, GE8P, GEEP, GEFP, GESR, LV, LV5W, LVEW, LVEWE, LVLR, LVLW, LW,<br \/>\nLW3W, LW5W, LWEW, LWFW<\/li>\n<li>Mazda<br \/>\nMX-3, EC<\/li>\n<li>Mazda<br \/>\nMX-5, NA, NA8C<\/li>\n<li>Mazda<br \/>\nMX-6, GE, GE5B, GE5S, GEEB, GEES<\/li>\n<li>Mazda<br \/>\nMillenia, TA3A, TA3P, TA5A, TA5P, TAFP<\/li>\n<li>Mazda<br \/>\nPersona, MA8P, MAEP<\/li>\n<li>Mazda<br \/>\nProceed, UF66M, UV56R, UV66R, UVL6R<\/li>\n<li>Mazda<br \/>\nRX-7, FD, FD3S<\/li>\n<li>Mazda<br \/>\nRevue, DB3PA, DB5PA<\/li>\n<li>Mazda<br \/>\nRoadster, NA6CE, NA8C<\/li>\n<li>Mazda<br \/>\nSavanna RX-7, FC3C, FC3S, FD3S, SA22C<\/li>\n<li>Mazda Sentia, HD5P,<br \/>\nHD5S, HDEP, HDES<\/li>\n<li>Mazda<br \/>\nTitan, WE5AT, WEF4C, WEF4T, WEFAT, WEL1T, WEL4C, WEL4H, WEL4M, WEL4T,<br \/>\nWEL7T, WELAC, WELAE, WELAK, WELAM, WELAN, WELAT, WELATF, WG31T, WG34T, WG3AD,<br \/>\nWG3AH, WG3AM, WG3AN, WG3AT, WG5AT, WG61D, WG61H, WG61K, WG61T, WG64H, WG64T,<br \/>\nWG67H, WG67T, WG6AD, WG6AF, WG6AK, WG6AT, WGE1T, WGE4T, WGEAD, WGEAH, WGEAT,<br \/>\nWGFAD, WGFAK, WGFAT, WGJ4T, WGL4H, WGL4M, WGL4S, WGL4T, WGL7H, WGL7T, WGLAD,<br \/>\nWGLAF, WGLAM, WGLAN, WGLAT, WGM1D, WGM4H, WGM4S, WGM4T, WGM7H, WGM7T, WGMAD,<br \/>\nWGMAF, WGSAT, WGT1D, WGT4H, WGT4T, WGT7H, WGT7T, WGT7V, WGTAD, WGTAE, WGTAK,<br \/>\nWGTAT, WGZ4T<\/li>\n<li>Mazda<br \/>\nTraining Car, BHA7P, BHALP, BJ5P, GF8P<\/li>\n<li>Mazda Xedos<br \/>\n6, CA<\/li>\n<li>Mazda Xedos<br \/>\n9, TA<\/li>\n<li>Toyota<br \/>\n4Runner, LN51, LN56, LN65, LN66, RN50, RN55, RN60, RN61, RN65, RN66, RN70,<br \/>\nRN75, VZN61, VZN66<\/li>\n<li>Toyota<br \/>\nCelica, ZZT230, ZZT231<\/li>\n<li>Toyota<br \/>\nDyna, BU300, BU301, BU303, BU306, BU340, BU343, BU346, BU400, BU410,<br \/>\nBU420, BU430, BU60, BU61, BU62, BU63, BU64, BU65, BU70, BU75, BU76, BU77, BU80,<br \/>\nBU81, BU82, BU85, BU86, BU90, BU93, BU95, BU98, BZU300, BZU340, BZU410, BZU600,<br \/>\nKDY220, KDY221, KDY230, KDY231, KDY240, KDY241, KDY250, KDY251, KDY260, KDY261,<br \/>\nKDY270, KDY271, KDY280, KDY281, KDY290, LH80, LY220, LY225, LY230, LY235,<br \/>\nLY240, LY270, LY280, LY290, LY50, LY60, RU75, RU85, RZU300, RZU301, RZU340,<br \/>\nRZY220, RZY230, RZY231, RZY281, TRC600, TRU300, TRU340, TRU500, TRU600, TRY220,<br \/>\nTRY230, TRY231, TRY281, WU300, WU302, WU340, WU342, WU410, WU412, WU420, WU422,<br \/>\nWU600, WU650, WU75, WU90, WU95, XKC605, XKC645, XKC655, XKU304, XKU308, XKU338,<br \/>\nXKU344, XKU348, XKU414, XKU424, XKU508, XKU600, XKU605, XKU640, XKU645, XKU650,<br \/>\nXKU655, XZC600, XZC605, XZC610, XZC630, XZC645, XZC655, XZC675, XZU300, XZU301,<br \/>\nXZU302, XZU304, XZU305, XZU306, XZU307, XZU308, XZU311, XZU312, XZU314, XZU320,<br \/>\nXZU321, XZU322, XZU324, XZU327, XZU330, XZU331, XZU334, XZU336, XZU337, XZU338,<br \/>\nXZU340, XZU341, XZU342, XZU344, XZU345, XZU346, XZU347, XZU348, XZU350, XZU351,<br \/>\nXZU352, XZU354, XZU362, XZU368, XZU371, XZU372, XZU378, XZU382, XZU388, XZU400,<br \/>\nXZU401, XZU402, XZU404, XZU410, XZU411, XZU412, XZU413, XZU414, XZU415, XZU417,<br \/>\nXZU419, XZU420, XZU421, XZU422, XZU423, XZU424, XZU425, XZU427, XZU429, XZU430,<br \/>\nXZU433, XZU434, XZU435, XZU439, XZU454, XZU488, XZU504, XZU508, XZU524, XZU538,<br \/>\nXZU548, XZU554, XZU568, XZU600, XZU605, XZU610, XZU620, XZU630, XZU640, XZU645,<br \/>\nXZU650, XZU655, XZU675, XZU685, XZU695, YH80, YH81, YU60, YU61, YU62, YU63,<br \/>\nYU70, YU71, YU80, YU81, YY50, YY51, YY52, YY60, YY61<\/li>\n<li>Toyota<br \/>\nEstima Emina, CXR10, CXR10G, CXR11, CXR11G, CXR20, CXR20G, CXR21, CXR21G,<br \/>\nTCR10, TCR10G, TCR11, TCR11G, TCR20, TCR20G, TCR21, TCR21G<\/li>\n<li>Toyota<br \/>\nEstima Lucida, CXR10, CXR10G, CXR11, CXR11G, CXR20, CXR20G, CXR21, CXR21G,<br \/>\nTCR10, TCR10G, TCR11, TCR11G, TCR20, TCR20G, TCR21, TCR21G<\/li>\n<li>Toyota<br \/>\nEstima, TCR10, TCR10W, TCR11, TCR11W, TCR20, TCR20W, TCR21, TCR21W<\/li>\n<li>Toyota<br \/>\nHiace, LH80, LH85, YH80, YH81<\/li>\n<li>Toyota<br \/>\nHilux, KDN145, KDN150, KDN151, KDN155, KDN165, KDN166, KDN170, KDN190,<br \/>\nKZN165, KZN190, LN140, LN141, LN145, LN146, LN147, LN150, LN152, LN155, LN157,<br \/>\nLN165, LN166, LN167, LN170, LN171, LN172, LN190, LN191, LN192, LN50, LN51,<br \/>\nLN55, LN56, LN57, LN60, LN61, LN65, RN50, RN55, RN58, RN61, RN67, RZN142,<br \/>\nRZN144, RZN147, RZN148, RZN149, RZN152, RZN154, RZN167, RZN168, RZN169, RZN173,<br \/>\nRZN174, RZN193, RZN194, VZN167, VZN172, YN140, YN50, YN51, YN52, YN55, YN56,<br \/>\nYN57, YN58, YN60, YN61, YN61G, YN61V, YN62, YN63, YN65, YN67<\/li>\n<li>Toyota Lite<br \/>\nAce Truck, CM50, CM51, CM52, CM55, CM60, CM61, CM65, KM50, KM51, YM55,<br \/>\nYM60, YM65<\/li>\n<li>Toyota Lite<br \/>\nAce, CM30, CM30G, CM31, CM31V, CM35, CM36, CM36V, CM40, CM40G, CM41,<br \/>\nCM41V, CM50, CM51, CM52, CM55, CM60, CM61, CM65, CM70, CM75, CM80, CM85, KM30,<br \/>\nKM30G, KM31, KM31V, KM35, KM35V, KM36, KM36V, KM37, KM50, KM51, KM70, KM75,<br \/>\nKM80, KM85, YM30, YM30G, YM31, YM35, YM40, YM40G, YM41, YM55, YM60, YM65<\/li>\n<li>Toyota<br \/>\nPrevia, TCR10, TCR11, TCR20, TCR21<\/li>\n<li>Toyota<br \/>\nTercel, EL53<\/li>\n<li>Toyota Town<br \/>\nAce Truck, CM50, CM51, CM52, CM55, CM60, CM61, CM65, KM50, KM51, YM55,<br \/>\nYM60, YM65<\/li>\n<li>Toyota Town<br \/>\nAce, CM30, CM31, CM35, CM36, CM40, CM41, CM50, CM51, CM52, CM55, CM60,<br \/>\nCM61, CM65, CM70, CM75, CM80, CM85, KM30, KM31, KM35, KM36, KM50, KM51, KM70,<br \/>\nKM75, KM80, KM85, YM30, YM31, YM40, YM55, YM60, YM65<\/li>\n<li>Toyota ToyoAce, BU301, BU306, BU346, BU400,<br \/>\nBU410, BU420, BU430, BU60, BU61, BU62, BU64, BU70, BU77, BU80, BU81, BU82,<br \/>\nBU85, BU90, BU93, BU95, BU98, BZU300, BZU340, BZU410, BZU600, KDY220, KDY221,<br \/>\nKDY230, KDY231, KDY240, KDY241, KDY270, KDY271, KDY280, KDY281, KDY290, LY220,<br \/>\nLY230, LY240, LY270, LY280, LY290, LY50, LY60, RZU300, RZU301, RZU340, RZY220,<br \/>\nRZY230, RZY231, RZY281, TRC600, TRU300, TRU340, TRU500, TRU600, TRY220, TRY230,<br \/>\nTRY231, TRY281, WU75, WU90, WU95, XKC605, XKC645, XKC655, XKU304, XKU308, XKU338,<br \/>\nXKU344, XKU348, XKU414, XKU424, XKU508, XKU600, XKU605, XKU640, XKU645, XKU650,<br \/>\nXKU655, XZC600, XZC605, XZC610, XZC630, XZC645, XZC655, XZC675, XZU300, XZU301,<br \/>\nXZU302, XZU304, XZU305, XZU306, XZU307, XZU308, XZU311, XZU312, XZU314, XZU320,<br \/>\nXZU321, XZU322, XZU324, XZU330, XZU331, XZU334, XZU336, XZU337, XZU338, XZU340,<br \/>\nXZU341, XZU342, XZU344, XZU346, XZU347, XZU348, XZU350, XZU351, XZU352, XZU354,<br \/>\nXZU362, XZU368, XZU371, XZU372, XZU378, XZU382, XZU388, XZU400, XZU401, XZU402,<br \/>\nXZU404, XZU410, XZU411, XZU412, XZU413, XZU414, XZU415, XZU420, XZU421, XZU423,<br \/>\nXZU424, XZU430, XZU433, XZU434, XZU454, XZU488, XZU504, XZU508, XZU524, XZU538,<br \/>\nXZU548, XZU554, XZU568, XZU600, XZU605, XZU610, XZU620, XZU630, XZU640, XZU645,<br \/>\nXZU650, XZU655, XZU675, XZU685, XZU695, YU60, YU61, YU70, YU80, YY50, YY51,<br \/>\nYY52, YY61<\/li>\n<\/ul>\n<p><\/p>","protected":false},"excerpt":{"rendered":"<p><b>OEM:<\/b> G031-58-762, G03158762, 67868-891067868891067867-28030, 6786728030, 67867-89103, 6786789103, C1D-58-762, C1D58762, E7GZ-6120586-B, E7GZ6120586B<\/p>\n<p><b>Dimensiune F:<\/b> 6<br \/><b>Dimensiune H:<\/b> 12<br \/><b>Dimensiune T:<\/b> 15<\/p>\n","protected":false},"featured_media":7287,"template":"","meta":[],"product_cat":[25,121],"product_tag":[],"bundled_by":[],"bundle_stock_status":"instock","bundle_stock_quantity":null,"bundle_virtual":false,"bundle_layout":"","bundle_add_to_cart_form_location":"","bundle_editable_in_cart":false,"bundle_sold_individually_context":"","bundle_item_grouping":"","bundle_min_size":"","bundle_max_size":"","bundled_items":[],"yoast_head":"<!-- This site is optimized with the Yoast SEO Premium plugin v16.6 (Yoast SEO v20.1) - https:\/\/yoast.com\/wordpress\/plugins\/seo\/ -->\n<title>C0607 - Autoclipsuri, Sub Elastic - atg.md<\/title>\n<meta name=\"robots\" content=\"index, follow, max-snippet:-1, max-image-preview:large, max-video-preview:-1\" \/>\n<link rel=\"canonical\" href=\"https:\/\/atg.md\/ro\/catalog\/autoclipsuri\/pod-rezinku\/c0607\/\" \/>\n<meta property=\"og:locale\" content=\"ro_RO\" \/>\n<meta property=\"og:type\" content=\"article\" \/>\n<meta property=\"og:title\" content=\"C0607 - Autoclipsuri, Sub Elastic - atg.md\" \/>\n<meta property=\"og:description\" content=\"OEM: G031-58-762, G03158762, 67868-891067868891067867-28030, 6786728030, 67867-89103, 6786789103, C1D-58-762, C1D58762, E7GZ-6120586-B, E7GZ6120586BDimensiune F: 6Dimensiune H: 12Dimensiune T: 15\" \/>\n<meta property=\"og:url\" content=\"https:\/\/atg.md\/ro\/wp-json\/wp\/v2\/product\/7286\" \/>\n<meta property=\"og:site_name\" content=\"atg.md\" \/>\n<meta property=\"article:modified_time\" content=\"2024-07-05T07:03:46+00:00\" \/>\n<meta property=\"og:image\" content=\"https:\/\/atg.md\/wp-content\/uploads\/2021\/03\/c0607.jpg\" \/>\n\t<meta property=\"og:image:width\" content=\"600\" \/>\n\t<meta property=\"og:image:height\" content=\"600\" \/>\n\t<meta property=\"og:image:type\" content=\"image\/jpeg\" \/>\n<meta name=\"twitter:card\" content=\"summary_large_image\" \/>\n<meta name=\"twitter:label1\" content=\"Pre\u021b\" \/>\n\t<meta name=\"twitter:data1\" content=\"4.00&nbsp;MDL\" \/>\n\t<meta name=\"twitter:label2\" content=\"Availability\" \/>\n\t<meta name=\"twitter:data2\" content=\"In stock\" \/>\n<script type=\"application\/ld+json\" class=\"yoast-schema-graph\">{\"@context\":\"https:\/\/schema.org\",\"@graph\":[{\"@type\":\"WebPage\",\"@id\":\"https:\/\/atg.md\/ro\/catalog\/autoclipsuri\/pod-rezinku\/c0607\/\",\"url\":\"https:\/\/atg.md\/ro\/catalog\/autoclipsuri\/pod-rezinku\/c0607\/\",\"name\":\"C0607 - Autoclipsuri, Sub Elastic - atg.md\",\"isPartOf\":{\"@id\":\"https:\/\/atg.md\/ro\/#website\"},\"datePublished\":\"2021-03-30T09:08:56+00:00\",\"dateModified\":\"2024-07-05T07:03:46+00:00\",\"breadcrumb\":{\"@id\":\"https:\/\/atg.md\/ro\/catalog\/autoclipsuri\/pod-rezinku\/c0607\/#breadcrumb\"},\"inLanguage\":\"ro-RO\",\"potentialAction\":[{\"@type\":\"ReadAction\",\"target\":[[\"https:\/\/atg.md\/ro\/catalog\/autoclipsuri\/pod-rezinku\/c0607\/\"]]}]},{\"@type\":\"BreadcrumbList\",\"@id\":\"https:\/\/atg.md\/ro\/catalog\/autoclipsuri\/pod-rezinku\/c0607\/#breadcrumb\",\"itemListElement\":[{\"@type\":\"ListItem\",\"position\":1,\"name\":\"Home\",\"item\":\"https:\/\/atg.md\/ro\/\"},{\"@type\":\"ListItem\",\"position\":2,\"name\":\"\u041a\u0430\u0442\u0430\u043b\u043e\u0433\",\"item\":\"https:\/\/atg.md\/ro\/catalog\/\"},{\"@type\":\"ListItem\",\"position\":3,\"name\":\"C0607\"}]},{\"@type\":\"WebSite\",\"@id\":\"https:\/\/atg.md\/ro\/#website\",\"url\":\"https:\/\/atg.md\/ro\/\",\"name\":\"atg.md\",\"description\":\"V\u00e2nzare de izola\u021bii \u00eempotriva vibra\u021biilor pentru ma\u0219ini, izola\u021bie termic\u0103, izolare fonic\u0103 de la cei mai buni produc\u0103tori, autoclipsuri, elemente de fixare auto. Cump\u0103ra\u021bi \u00een Moldova, Chi\u0219in\u0103u\",\"publisher\":{\"@id\":\"https:\/\/atg.md\/ro\/#organization\"},\"potentialAction\":[{\"@type\":\"SearchAction\",\"target\":{\"@type\":\"EntryPoint\",\"urlTemplate\":\"https:\/\/atg.md\/ro\/?s={search_term_string}\"},\"query-input\":\"required name=search_term_string\"}],\"inLanguage\":\"ro-RO\"},{\"@type\":[\"Organization\",\"Place\",\"AutoPartsStore\"],\"@id\":\"https:\/\/atg.md\/ro\/#organization\",\"name\":\"S.C. AUTOTOM GRUP S.R.L.\",\"url\":\"https:\/\/atg.md\/ro\/\",\"logo\":{\"@type\":\"ImageObject\",\"inLanguage\":\"ro-RO\",\"@id\":\"https:\/\/atg.md\/ro\/#\/schema\/logo\/image\/\",\"url\":\"https:\/\/i2.wp.com\/atg.md\/wp-content\/uploads\/2021\/05\/atg_logo_main.png?fit=656%2C569&ssl=1\",\"contentUrl\":\"https:\/\/i2.wp.com\/atg.md\/wp-content\/uploads\/2021\/05\/atg_logo_main.png?fit=656%2C569&ssl=1\",\"width\":656,\"height\":569,\"caption\":\"S.C. AUTOTOM GRUP S.R.L.\"},\"image\":{\"@id\":\"https:\/\/atg.md\/ro\/#\/schema\/logo\/image\/\"},\"location\":{\"@id\":\"https:\/\/atg.md\/ro\/catalog\/autoclipsuri\/pod-rezinku\/c0607\/#local-place\"},\"address\":{\"@id\":\"https:\/\/atg.md\/ro\/catalog\/autoclipsuri\/pod-rezinku\/c0607\/#local-place-address\"},\"email\":\"atgtvv@gmail.com\",\"telephone\":\"+37369644446\",\"areaServed\":\"Moldova\"},{\"@type\":\"Place\",\"@id\":\"https:\/\/atg.md\/ro\/catalog\/autoclipsuri\/pod-rezinku\/c0607\/#local-place\",\"address\":{\"@type\":\"PostalAddress\",\"@id\":\"https:\/\/atg.md\/ro\/catalog\/autoclipsuri\/pod-rezinku\/c0607\/#local-place-address\",\"streetAddress\":\"str. Alba-Iulia 77\/20\",\"addressLocality\":\"Chisinau\",\"postalCode\":\"2043\",\"addressRegion\":\"mun. Chisinau\",\"addressCountry\":\"MD\"},\"geo\":{\"@type\":\"GeoCoordinates\",\"latitude\":\"47.0376\",\"longitude\":\"28.76899\"},\"openingHoursSpecification\":[{\"@type\":\"OpeningHoursSpecification\",\"dayOfWeek\":[\"Monday\",\"Tuesday\",\"Wednesday\",\"Thursday\",\"Friday\"],\"opens\":\"09:00\",\"closes\":\"18:00\"},{\"@type\":\"OpeningHoursSpecification\",\"dayOfWeek\":[\"Saturday\"],\"opens\":\"09:00\",\"closes\":\"14:00\"},{\"@type\":\"OpeningHoursSpecification\",\"dayOfWeek\":[\"Sunday\"],\"opens\":\"00:00\",\"closes\":\"00:00\"}],\"telephone\":\"+37369644446\"}]}<\/script>\n<meta name=\"geo.placename\" content=\"Chisinau\" \/>\n<meta name=\"geo.position\" content=\"47.0376;28.76899\" \/>\n<meta name=\"geo.region\" content=\"Moldova\" \/>\n<!-- \/ Yoast SEO Premium plugin. -->","yoast_head_json":{"title":"C0607 - Autoclipsuri, Sub Elastic - atg.md","robots":{"index":"index","follow":"follow","max-snippet":"max-snippet:-1","max-image-preview":"max-image-preview:large","max-video-preview":"max-video-preview:-1"},"canonical":"https:\/\/atg.md\/ro\/catalog\/autoclipsuri\/pod-rezinku\/c0607\/","og_locale":"ro_RO","og_type":"article","og_title":"C0607 - Autoclipsuri, Sub Elastic - atg.md","og_description":"OEM: G031-58-762, G03158762, 67868-891067868891067867-28030, 6786728030, 67867-89103, 6786789103, C1D-58-762, C1D58762, E7GZ-6120586-B, E7GZ6120586BDimensiune F: 6Dimensiune H: 12Dimensiune T: 15","og_url":"https:\/\/atg.md\/ro\/wp-json\/wp\/v2\/product\/7286","og_site_name":"atg.md","article_modified_time":"2024-07-05T07:03:46+00:00","og_image":[{"width":600,"height":600,"url":"https:\/\/atg.md\/wp-content\/uploads\/2021\/03\/c0607.jpg","type":"image\/jpeg"}],"twitter_card":"summary_large_image","twitter_misc":{"Pre\u021b":"4.00&nbsp;MDL","Availability":"In stock"},"schema":{"@context":"https:\/\/schema.org","@graph":[{"@type":"WebPage","@id":"https:\/\/atg.md\/ro\/catalog\/autoclipsuri\/pod-rezinku\/c0607\/","url":"https:\/\/atg.md\/ro\/catalog\/autoclipsuri\/pod-rezinku\/c0607\/","name":"C0607 - Autoclipsuri, Sub Elastic - atg.md","isPartOf":{"@id":"https:\/\/atg.md\/ro\/#website"},"datePublished":"2021-03-30T09:08:56+00:00","dateModified":"2024-07-05T07:03:46+00:00","breadcrumb":{"@id":"https:\/\/atg.md\/ro\/catalog\/autoclipsuri\/pod-rezinku\/c0607\/#breadcrumb"},"inLanguage":"ro-RO","potentialAction":[{"@type":"ReadAction","target":[["https:\/\/atg.md\/ro\/catalog\/autoclipsuri\/pod-rezinku\/c0607\/"]]}]},{"@type":"BreadcrumbList","@id":"https:\/\/atg.md\/ro\/catalog\/autoclipsuri\/pod-rezinku\/c0607\/#breadcrumb","itemListElement":[{"@type":"ListItem","position":1,"name":"Home","item":"https:\/\/atg.md\/ro\/"},{"@type":"ListItem","position":2,"name":"\u041a\u0430\u0442\u0430\u043b\u043e\u0433","item":"https:\/\/atg.md\/ro\/catalog\/"},{"@type":"ListItem","position":3,"name":"C0607"}]},{"@type":"WebSite","@id":"https:\/\/atg.md\/ro\/#website","url":"https:\/\/atg.md\/ro\/","name":"atg.md","description":"V\u00e2nzare de izola\u021bii \u00eempotriva vibra\u021biilor pentru ma\u0219ini, izola\u021bie termic\u0103, izolare fonic\u0103 de la cei mai buni produc\u0103tori, autoclipsuri, elemente de fixare auto. Cump\u0103ra\u021bi \u00een Moldova, Chi\u0219in\u0103u","publisher":{"@id":"https:\/\/atg.md\/ro\/#organization"},"potentialAction":[{"@type":"SearchAction","target":{"@type":"EntryPoint","urlTemplate":"https:\/\/atg.md\/ro\/?s={search_term_string}"},"query-input":"required name=search_term_string"}],"inLanguage":"ro-RO"},{"@type":["Organization","Place","AutoPartsStore"],"@id":"https:\/\/atg.md\/ro\/#organization","name":"S.C. AUTOTOM GRUP S.R.L.","url":"https:\/\/atg.md\/ro\/","logo":{"@type":"ImageObject","inLanguage":"ro-RO","@id":"https:\/\/atg.md\/ro\/#\/schema\/logo\/image\/","url":"https:\/\/i2.wp.com\/atg.md\/wp-content\/uploads\/2021\/05\/atg_logo_main.png?fit=656%2C569&ssl=1","contentUrl":"https:\/\/i2.wp.com\/atg.md\/wp-content\/uploads\/2021\/05\/atg_logo_main.png?fit=656%2C569&ssl=1","width":656,"height":569,"caption":"S.C. AUTOTOM GRUP S.R.L."},"image":{"@id":"https:\/\/atg.md\/ro\/#\/schema\/logo\/image\/"},"location":{"@id":"https:\/\/atg.md\/ro\/catalog\/autoclipsuri\/pod-rezinku\/c0607\/#local-place"},"address":{"@id":"https:\/\/atg.md\/ro\/catalog\/autoclipsuri\/pod-rezinku\/c0607\/#local-place-address"},"email":"atgtvv@gmail.com","telephone":"+37369644446","areaServed":"Moldova"},{"@type":"Place","@id":"https:\/\/atg.md\/ro\/catalog\/autoclipsuri\/pod-rezinku\/c0607\/#local-place","address":{"@type":"PostalAddress","@id":"https:\/\/atg.md\/ro\/catalog\/autoclipsuri\/pod-rezinku\/c0607\/#local-place-address","streetAddress":"str. Alba-Iulia 77\/20","addressLocality":"Chisinau","postalCode":"2043","addressRegion":"mun. Chisinau","addressCountry":"MD"},"geo":{"@type":"GeoCoordinates","latitude":"47.0376","longitude":"28.76899"},"openingHoursSpecification":[{"@type":"OpeningHoursSpecification","dayOfWeek":["Monday","Tuesday","Wednesday","Thursday","Friday"],"opens":"09:00","closes":"18:00"},{"@type":"OpeningHoursSpecification","dayOfWeek":["Saturday"],"opens":"09:00","closes":"14:00"},{"@type":"OpeningHoursSpecification","dayOfWeek":["Sunday"],"opens":"00:00","closes":"00:00"}],"telephone":"+37369644446"}]}},"_links":{"self":[{"href":"https:\/\/atg.md\/ro\/wp-json\/wp\/v2\/product\/7286"}],"collection":[{"href":"https:\/\/atg.md\/ro\/wp-json\/wp\/v2\/product"}],"about":[{"href":"https:\/\/atg.md\/ro\/wp-json\/wp\/v2\/types\/product"}],"wp:featuredmedia":[{"embeddable":true,"href":"https:\/\/atg.md\/ro\/wp-json\/wp\/v2\/media\/7287"}],"wp:attachment":[{"href":"https:\/\/atg.md\/ro\/wp-json\/wp\/v2\/media?parent=7286"}],"wp:term":[{"taxonomy":"product_cat","embeddable":true,"href":"https:\/\/atg.md\/ro\/wp-json\/wp\/v2\/product_cat?post=7286"},{"taxonomy":"product_tag","embeddable":true,"href":"https:\/\/atg.md\/ro\/wp-json\/wp\/v2\/product_tag?post=7286"}],"curies":[{"name":"wp","href":"https:\/\/api.w.org\/{rel}","templated":true}]}}