{"id":7248,"date":"2021-03-30T09:08:43","date_gmt":"2021-03-30T09:08:43","guid":{"rendered":"http:\/\/atg.md\/product\/c0573\/"},"modified":"2024-07-05T07:03:38","modified_gmt":"2024-07-05T07:03:38","slug":"c0573","status":"publish","type":"product","link":"https:\/\/atg.md\/ro\/catalog\/autoclipsuri\/s-rezbovym-shtyrkom\/c0573\/","title":{"rendered":"C0573"},"content":{"rendered":"<p><strong>Modele:<\/strong><\/p>\n<ul>\n<li>Infiniti<br \/>\nFX35, S50<\/li>\n<li>Infiniti<br \/>\nFX45, S50<\/li>\n<li>Infiniti<br \/>\nG20, P10<\/li>\n<li>Infiniti<br \/>\nI30, A32<\/li>\n<li>Infiniti<br \/>\nJ30, JPY32<\/li>\n<li>Infiniti<br \/>\nM35, G50, HG50<\/li>\n<li>Infiniti<br \/>\nM45, Y34<\/li>\n<li>Infiniti<br \/>\nQ30, H15E<\/li>\n<li>Infiniti<br \/>\nQ45, F50, FGY33, G50<\/li>\n<li>Mitsubishi<br \/>\n1\/2T Truck, V16B<\/li>\n<li>Mitsubishi<br \/>\nAirtrek, CU2W, CU4W, CU5W<\/li>\n<li>Mitsubishi<br \/>\nAspire, EA1A, EC1A, EC5A<\/li>\n<li>Mitsubishi<br \/>\nBravo, U41V, U42V<\/li>\n<li>Mitsubishi<br \/>\nChariot Grandis, N84W, N86W, N94W, N96W<\/li>\n<li>Mitsubishi<br \/>\nChariot, N31W, N33W, N34W, N35W, N38W, N41W, N43W, N44W, N48W, N83W, N84W,<br \/>\nN94W<\/li>\n<li>Mitsubishi<br \/>\nColt, CA1A, CA2A, CA4A, CA5A, CB1A, CB2A, CB3A, CB4A, CB5A, CB8A, CC4A,<br \/>\nCD4A, CJ1A, CJ2A, CJ4A<\/li>\n<li>Mitsubishi<br \/>\nDebonair, S22A, S26A, S27A<\/li>\n<li>Mitsubishi<br \/>\nDelica, PA3V, PA3W, PA4W, PA5V, PA5W, PB3V, PB4V, PB4W, PB5V, PB5W, PB6W,<br \/>\nPC3W, PC4W, PC5W, PD3W, PD4V, PD4W, PD5V, PD5W, PD6W, PD8W, PE8W, PF6W, PF8W<\/li>\n<li>Mitsubishi<br \/>\nDiamante, F07W, F11A, F12A, F13A, F15A, F16A, F17A, F25A, F27A, F31A,<br \/>\nF31AK, F34A, F36A, F36W, F38A, F41A, F46A, F47A<\/li>\n<li>Mitsubishi<br \/>\nDingo, CQ1A, CQ2A, CQ5A<\/li>\n<li>Mitsubishi<br \/>\nEclipse, D21A, D22A, D27A, D31A, D32A, D33A, D38A, D39A, D52A, D53A<\/li>\n<li>Mitsubishi<br \/>\nEmeraude, E52A, E53A, E54A, E57A, E64A, E72A, E74A, E77A, E84A<\/li>\n<li>Mitsubishi<br \/>\nEndeavor, D71W, D81W<\/li>\n<li>Mitsubishi<br \/>\nEterna, E32A, E33A, E34A, E35A, E37A, E39A, E52A, E53A, E54A, E57A, E64A,<br \/>\nE72A, E74A, E77A, E84A<\/li>\n<li>Mitsubishi<br \/>\nGTO, Z11A, Z15A, Z16A<\/li>\n<li>Mitsubishi<br \/>\nGalant, E31A, E32A, E32AR, E33A, E34A, E34AR, E35A, E37A, E38A, E39A,<br \/>\nE52A, E53A, E54A, E55A, E56A, E57A, E64A, E72A, E74A, E75A, E77A, E84A, E88A,<br \/>\nEA1A, EA2A, EA2W, EA3A, EA5A, EA5W, EA6A, EA6W, EA8A, EC1A, EC5A<\/li>\n<li>Mitsubishi<br \/>\nL400, PA3V, PA3W, PA4W, PA5V, PA5W, PB3V, PB4V, PB5V, PC3W, PC5W, PD3W,<br \/>\nPD4V, PD4W, PD5V, PD5W<\/li>\n<li>Mitsubishi<br \/>\nLancer Cedia, CT9A, CT9W<\/li>\n<li>Mitsubishi<br \/>\nLancer, CA1A, CA2A, CA3A, CA4A, CA5A, CB1A, CB1W, CB2A, CB2W, CB3A, CB4A,<br \/>\nCB4W, CB5A, CB5AR, CB5W, CB6A, CB7A, CB8A, CB8AR, CB8W, CC3A, CC4A, CD3A, CD4W,<br \/>\nCD5A, CD7A, CD8A, CD9A, CE9A, CJ1A, CJ2A, CJ4A, CL2A, CT9A, CT9W<\/li>\n<li>Mitsubishi<br \/>\nLegnum, EA1W, EA4W, EA5W, EC1W, EC4W, EC5W<\/li>\n<li>Mitsubishi<br \/>\nLibero, CB1V, CB2V, CB2W, CB4W, CB5W, CB8V, CB8W, CD2V, CD5W, CD8V, CD8W<\/li>\n<li>Mitsubishi<br \/>\nMinica, H31A, H32A, H32V, H36A, H37V<\/li>\n<li>Mitsubishi<br \/>\nMirage, CA1A, CA2A, CA3A, CA4A, CA5A, CB1A, CB2A, CB3A, CB4A, CB5A, CB5AR,<br \/>\nCB6A, CB7A, CB8A, CB8AR, CC3A, CC4A, CD3A, CD5A, CD7A, CD8A, CD9A, CE9A, CJ1A,<br \/>\nCJ2A, CJ4A, CL2A, CQ1A, CQ2A, CQ5A<\/li>\n<li>Mitsubishi<br \/>\nMontero, V23C, V23W, V24W, V25W, V26W, V33V, V36V, V36W, V43W, V44W, V45W,<br \/>\nV46W<\/li>\n<li>Mitsubishi<br \/>\nOutlander, CU2W, CU4W, CU5W<\/li>\n<li>Mitsubishi<br \/>\nPajero, V23C, V23W, V24W, V24WG, V25C, V25W, V26W, V26WG, V33V, V36V,<br \/>\nV36W, V43W, V44W, V44WG, V45W, V46V, V46W, V46WG, V55W<\/li>\n<li>Mitsubishi<br \/>\nRVR, N11W, N13W, N14W, N18W, N21W, N21WG, N23W, N23WG, N24W, N28W, N28WG,<br \/>\nN61W, N63W, N64W, N64WG, N71W, N73WG, N74WG<\/li>\n<li>Mitsubishi<br \/>\nSigma, F07W, F11A, F12A, F13A, F13AK, F15A, F16A, F17A, F25A, F27A, F36A,<br \/>\nF38A<\/li>\n<li>Mitsubishi<br \/>\nToppo, H82A<\/li>\n<li>Mitsubishi<br \/>\neK-Wagon, B11W, H81W, H82W<\/li>\n<li>Mitsubishi<br \/>\nek Custom, B11W, H81W, H82W<\/li>\n<li>Nissan<br \/>\n100NX, B13<\/li>\n<li>Nissan<br \/>\n200SX, B14U, S13, S14<\/li>\n<li>Nissan<br \/>\n240SX, S14<\/li>\n<li>Nissan<br \/>\n300ZX, Z31, Z32<\/li>\n<li>Nissan<br \/>\nAD, HY10, MVFY10, MVY10, VB11, VEGY10, VENY10, VENY11, VEY10, VEY11,<br \/>\nVFGY10, VFNY10, VFY10, VFY11, VGY11, VHB11, VHNY11, VSB11, VSGY10, VSNY10,<br \/>\nVSY10, VY10, VY11, WEY10, WFGY10, WFNY10, WFY10, WFY11, WHNY11, WHY11, WPY11,<br \/>\nWRY11, WSY10, WY10, Y10, Y11<\/li>\n<li>Nissan<br \/>\nAlmera, N15, N16, N16E<\/li>\n<li>Nissan<br \/>\nAltima, L30, L31<\/li>\n<li>Nissan<br \/>\nAmbulance, ALE50, ALWE50, ATE50, ATWE50, FLGE50, FLWGE50, FPGE50, FPWGE50<\/li>\n<li>Nissan<br \/>\nAuster, PT11, PT12, T11, T12<\/li>\n<li>Nissan<br \/>\nAvenir, PNW10, PW10, SW10, VENW10, VEW10, VSW10, W10<\/li>\n<li>Nissan<br \/>\nBE-1, BK10<\/li>\n<li>Nissan<br \/>\nBluebird Sylphy, FG10, QG10, QNG10, TG10<\/li>\n<li>Nissan<br \/>\nBluebird, EJ910, ENU12, ENU13, EU11, EU12, EU13, HAU12, HNU12, HNU13,<br \/>\nHU12, HU13, J910, P910, PC910, PJ910, PU11, PU13, RJ910, RNU12, RU11, RU12,<br \/>\nSNU13, SU12, SU13, T12, T72, U11, U12, U13, U910, UJ910, VEU11, VRU11, WU11,<br \/>\nY910, YJ910, YU11<\/li>\n<li>Nissan<br \/>\nCaravan, AEGE24, ARE24, ARGE24, ARME24, ARMGE24, CHGE24, CPGE24, CQGE24,<br \/>\nCRGE24, CRMGE24, CTGE24, CWGE24, CWMGE24, CYGE24, DHGE24, DRGE24, DTGE24,<br \/>\nDWGE24, DYGE24, FEGE24, FHGE24, FTGE24, KEE24, KHE24, KHGE24, KRE24, KRGE24,<br \/>\nKRME24, KRMGE24, KSE24, KSGE24, VHE24, VHGE24, VPE24, VPGE24, VRE24, VRGE24,<br \/>\nVRMGE24, VTE24, VTGE24, VWE24, VWGE24, VWME24, VWMGE24, VYE24, VYGE24<\/li>\n<li>Nissan<br \/>\nCedric, BJY31, CBJY31, CMJY31, CUY31, CY31, ENY33, ENY34, FPAY31, FPY31,<br \/>\nHBY33, HY30, HY33, HY34, MJY31, MY30, MY33, NJY31, NY30, PAY31, PAY32, PBY32,<br \/>\nPY30, PY31, PY32, PY33, QJY31, SY31, TNJY31, TUJY31, TY31, UJY31, UY30, UY31,<br \/>\nUY32, UY33, VHY30, VNY30, VUY30, VY30, WHY30, WUY30, WY30, Y30, Y31, Y32, Y33,<br \/>\nY34, YPY30, YPY31, YY31<\/li>\n<li>Nissan<br \/>\nCefiro, A31, A32, CA31, EA31, ECA31, HA32, LA31, LCA31, LNA31, NA31, PA32,<br \/>\nWA32, WHA32, WPA32<\/li>\n<li>Nissan<br \/>\nCherry, N12<\/li>\n<li>Nissan<br \/>\nCima, FGDY32, FGDY33, FGNY32, FGNY33, FGY32, FGY33, FHY33, FPY32, GF50,<br \/>\nGNF50, HF50<\/li>\n<li>Nissan<br \/>\nCrew, HK30, QK30, SK30, THK30, TSK30, YHK30<\/li>\n<li>Nissan Cube<br \/>\nCubic, BGZ11, YGNZ11, YGZ11<\/li>\n<li>Nissan<br \/>\nCube, ANZ10, AZ10, BNZ11, BZ11, YZ11, Z10<\/li>\n<li>Nissan<br \/>\nDatsun Truck, AD21, AGD21, AMD21, BD21, BGD21, BMD21, CD21, CGD21, D21,<br \/>\nDD21, DMD21, DYD21, FD21, FGD21, FMD21, FYD21, GD21, PD21, PGD21, PMD21, QD21,<br \/>\nQGD21, QMD21, QYD21<\/li>\n<li>Nissan<br \/>\nElgrand, ALE50, ALWE50, APE50, APWE50, AVE50, AVWE50<\/li>\n<li>Nissan<br \/>\nExa, KEN13<\/li>\n<li>Nissan<br \/>\nExpert, VEW11, VW11<\/li>\n<li>Nissan<br \/>\nFairlady Z, GZ31, HGZ31, HZ31, PGZ31, PZ31, Z31<\/li>\n<li>Nissan<br \/>\nFigaro, FK10, MY34<\/li>\n<li>Nissan<br \/>\nGazelle, JS12, S12, US12<\/li>\n<li>Nissan<br \/>\nGloria, BJY31, CBJY31, CMJY31, CUY31, CY31, ENY33, ENY34, FPAY31, FPY31,<br \/>\nHBY33, HY30, HY33, HY34, MJY31, MY30, MY33, NJY31, NY30, PAY31, PAY32, PBY32,<br \/>\nPY30, PY31, PY32, PY33, PY33E, QJY31, TNJY31, TUJY31, TY31, UJY31, UY30, UY31,<br \/>\nUY32, UY33, VHY30, VNY30, VUY30, VY30, WHY30, WUY30, WY30, Y30, Y31, Y32, Y33,<br \/>\nY34, YPY30, YPY31, YY31<\/li>\n<li>Nissan<br \/>\nHomy, AEGE24, ARE24, ARGE24, ARME24, ARMGE24, CHGE24, CPGE24, CQGE24,<br \/>\nCRGE24, CRMGE24, CTGE24, CWGE24, CWMGE24, CYGE24, DHGE24, DRGE24, DTGE24,<br \/>\nDWGE24, DYGE24, FEGE24, FHGE24, FTGE24, KEE24, KHE24, KHGE24, KRE24, KRGE24,<br \/>\nKRME24, KRMGE24, KSE24, KSGE24, VHE24, VHGE24, VPE24, VPGE24, VRE24, VRGE24,<br \/>\nVRMGE24, VTE24, VTGE24, VWE24, VWGE24, VWME24, VWMGE24, VYE24, VYGE24<\/li>\n<li>Nissan King<br \/>\nCab, D21<\/li>\n<li>Nissan King<br \/>\nVan, E24<\/li>\n<li>Nissan<br \/>\nLangley, BEN13, BFN13, BFNN13, BHN13, BHNN13, BSN13, HN12, PN12, SN12<\/li>\n<li>Nissan<br \/>\nLaurel Spirit, B11, EB12, FB12, FNB12, HB11, HB12, SB11, SB12, WB11,<br \/>\nWHB11, WSB11<\/li>\n<li>Nissan<br \/>\nLaurel, A31, C32, EC33, ECC33, EJC32, FC33, FJC32, GC32, GC34, GC35,<br \/>\nGCC34, GCC35, GNC34, GNC35, HC32, HC33, HC34, HC35, HCC33, HJC32, PJC31, SC33,<br \/>\nSC34, SC35, SJC32<\/li>\n<li>Nissan<br \/>\nLeopard, GF31, JENY33, JGBY32, JHBY33, JHY33, JMY33, JPY32, JPY33, JY33,<br \/>\nPF30, UF31<\/li>\n<li>Nissan<br \/>\nLiberta Villa, BEN13, BFN13, BFNN13, BHN13, BHNN13, BSN13, HN12, PN12,<br \/>\nSN12<\/li>\n<li>Nissan<br \/>\nLucino, B14, EB14, FB14, FNB14, HB14, JB14, SB14, SNB14<\/li>\n<li>Nissan March<br \/>\nBox, WAK11, WK11<\/li>\n<li>Nissan<br \/>\nMarch, AK11, ANK11, EK10, FHK11, HK11, K10, K11<\/li>\n<li>Nissan<br \/>\nMaxima, A32, A32B<\/li>\n<li>Nissan<br \/>\nMicra, K10, K11E<\/li>\n<li>Nissan NV350<br \/>\nCaravan, E24, VE24<\/li>\n<li>Nissan<br \/>\nNX-Coupe, B13<\/li>\n<li>Nissan<br \/>\nNavara, D22U, LCD22T<\/li>\n<li>Nissan<br \/>\nPao, PK10<\/li>\n<li><\/ul>\n<p><\/p>","protected":false},"excerpt":{"rendered":"<p><b>OEM:<\/b> M547806, 63854-01A00, 6385401A00, H381-68-885 00, H3816888500, H381-68-885 05, H38168885 05, H380-68-885, H38068885<\/p>\n<p><b>Dimensiune F:<\/b> 8<br \/><b>Dimensiune H:<\/b> 23<br \/><b>Dimensiune T:<\/b> 20<\/p>\n","protected":false},"featured_media":7249,"template":"","meta":[],"product_cat":[25,90],"product_tag":[],"bundled_by":[],"bundle_stock_status":"instock","bundle_stock_quantity":null,"bundle_virtual":false,"bundle_layout":"","bundle_add_to_cart_form_location":"","bundle_editable_in_cart":false,"bundle_sold_individually_context":"","bundle_item_grouping":"","bundle_min_size":"","bundle_max_size":"","bundled_items":[],"yoast_head":"<!-- This site is optimized with the Yoast SEO Premium plugin v16.6 (Yoast SEO v20.1) - https:\/\/yoast.com\/wordpress\/plugins\/seo\/ -->\n<title>C0573 - Autoclipsuri, Cu un ac filetat - atg.md<\/title>\n<meta name=\"robots\" content=\"index, follow, max-snippet:-1, max-image-preview:large, max-video-preview:-1\" \/>\n<link rel=\"canonical\" href=\"https:\/\/atg.md\/ro\/catalog\/autoclipsuri\/s-rezbovym-shtyrkom\/c0573\/\" \/>\n<meta property=\"og:locale\" content=\"ro_RO\" \/>\n<meta property=\"og:type\" content=\"article\" \/>\n<meta property=\"og:title\" content=\"C0573 - Autoclipsuri, Cu un ac filetat - atg.md\" \/>\n<meta property=\"og:description\" content=\"OEM: M547806, 63854-01A00, 6385401A00, H381-68-885 00, H3816888500, H381-68-885 05, H38168885 05, H380-68-885, H38068885Dimensiune F: 8Dimensiune H: 23Dimensiune T: 20\" \/>\n<meta property=\"og:url\" content=\"https:\/\/atg.md\/ro\/wp-json\/wp\/v2\/product\/7248\" \/>\n<meta property=\"og:site_name\" content=\"atg.md\" \/>\n<meta property=\"article:modified_time\" content=\"2024-07-05T07:03:38+00:00\" \/>\n<meta property=\"og:image\" content=\"https:\/\/atg.md\/wp-content\/uploads\/2021\/03\/c0573.jpg\" \/>\n\t<meta property=\"og:image:width\" content=\"600\" \/>\n\t<meta property=\"og:image:height\" content=\"600\" \/>\n\t<meta property=\"og:image:type\" content=\"image\/jpeg\" \/>\n<meta name=\"twitter:card\" content=\"summary_large_image\" \/>\n<meta name=\"twitter:label1\" content=\"Pre\u021b\" \/>\n\t<meta name=\"twitter:data1\" content=\"6.00&nbsp;MDL\" \/>\n\t<meta name=\"twitter:label2\" content=\"Availability\" \/>\n\t<meta name=\"twitter:data2\" content=\"In stock\" \/>\n<script type=\"application\/ld+json\" class=\"yoast-schema-graph\">{\"@context\":\"https:\/\/schema.org\",\"@graph\":[{\"@type\":\"WebPage\",\"@id\":\"https:\/\/atg.md\/ro\/catalog\/autoclipsuri\/s-rezbovym-shtyrkom\/c0573\/\",\"url\":\"https:\/\/atg.md\/ro\/catalog\/autoclipsuri\/s-rezbovym-shtyrkom\/c0573\/\",\"name\":\"C0573 - Autoclipsuri, Cu un ac filetat - atg.md\",\"isPartOf\":{\"@id\":\"https:\/\/atg.md\/ro\/#website\"},\"datePublished\":\"2021-03-30T09:08:43+00:00\",\"dateModified\":\"2024-07-05T07:03:38+00:00\",\"breadcrumb\":{\"@id\":\"https:\/\/atg.md\/ro\/catalog\/autoclipsuri\/s-rezbovym-shtyrkom\/c0573\/#breadcrumb\"},\"inLanguage\":\"ro-RO\",\"potentialAction\":[{\"@type\":\"ReadAction\",\"target\":[[\"https:\/\/atg.md\/ro\/catalog\/autoclipsuri\/s-rezbovym-shtyrkom\/c0573\/\"]]}]},{\"@type\":\"BreadcrumbList\",\"@id\":\"https:\/\/atg.md\/ro\/catalog\/autoclipsuri\/s-rezbovym-shtyrkom\/c0573\/#breadcrumb\",\"itemListElement\":[{\"@type\":\"ListItem\",\"position\":1,\"name\":\"Home\",\"item\":\"https:\/\/atg.md\/ro\/\"},{\"@type\":\"ListItem\",\"position\":2,\"name\":\"\u041a\u0430\u0442\u0430\u043b\u043e\u0433\",\"item\":\"https:\/\/atg.md\/ro\/catalog\/\"},{\"@type\":\"ListItem\",\"position\":3,\"name\":\"C0573\"}]},{\"@type\":\"WebSite\",\"@id\":\"https:\/\/atg.md\/ro\/#website\",\"url\":\"https:\/\/atg.md\/ro\/\",\"name\":\"atg.md\",\"description\":\"V\u00e2nzare de izola\u021bii \u00eempotriva vibra\u021biilor pentru ma\u0219ini, izola\u021bie termic\u0103, izolare fonic\u0103 de la cei mai buni produc\u0103tori, autoclipsuri, elemente de fixare auto. Cump\u0103ra\u021bi \u00een Moldova, Chi\u0219in\u0103u\",\"publisher\":{\"@id\":\"https:\/\/atg.md\/ro\/#organization\"},\"potentialAction\":[{\"@type\":\"SearchAction\",\"target\":{\"@type\":\"EntryPoint\",\"urlTemplate\":\"https:\/\/atg.md\/ro\/?s={search_term_string}\"},\"query-input\":\"required name=search_term_string\"}],\"inLanguage\":\"ro-RO\"},{\"@type\":[\"Organization\",\"Place\",\"AutoPartsStore\"],\"@id\":\"https:\/\/atg.md\/ro\/#organization\",\"name\":\"S.C. AUTOTOM GRUP S.R.L.\",\"url\":\"https:\/\/atg.md\/ro\/\",\"logo\":{\"@type\":\"ImageObject\",\"inLanguage\":\"ro-RO\",\"@id\":\"https:\/\/atg.md\/ro\/#\/schema\/logo\/image\/\",\"url\":\"https:\/\/i2.wp.com\/atg.md\/wp-content\/uploads\/2021\/05\/atg_logo_main.png?fit=656%2C569&ssl=1\",\"contentUrl\":\"https:\/\/i2.wp.com\/atg.md\/wp-content\/uploads\/2021\/05\/atg_logo_main.png?fit=656%2C569&ssl=1\",\"width\":656,\"height\":569,\"caption\":\"S.C. AUTOTOM GRUP S.R.L.\"},\"image\":{\"@id\":\"https:\/\/atg.md\/ro\/#\/schema\/logo\/image\/\"},\"location\":{\"@id\":\"https:\/\/atg.md\/ro\/catalog\/autoclipsuri\/s-rezbovym-shtyrkom\/c0573\/#local-place\"},\"address\":{\"@id\":\"https:\/\/atg.md\/ro\/catalog\/autoclipsuri\/s-rezbovym-shtyrkom\/c0573\/#local-place-address\"},\"email\":\"atgtvv@gmail.com\",\"telephone\":\"+37369644446\",\"areaServed\":\"Moldova\"},{\"@type\":\"Place\",\"@id\":\"https:\/\/atg.md\/ro\/catalog\/autoclipsuri\/s-rezbovym-shtyrkom\/c0573\/#local-place\",\"address\":{\"@type\":\"PostalAddress\",\"@id\":\"https:\/\/atg.md\/ro\/catalog\/autoclipsuri\/s-rezbovym-shtyrkom\/c0573\/#local-place-address\",\"streetAddress\":\"str. Alba-Iulia 77\/20\",\"addressLocality\":\"Chisinau\",\"postalCode\":\"2043\",\"addressRegion\":\"mun. Chisinau\",\"addressCountry\":\"MD\"},\"geo\":{\"@type\":\"GeoCoordinates\",\"latitude\":\"47.0376\",\"longitude\":\"28.76899\"},\"openingHoursSpecification\":[{\"@type\":\"OpeningHoursSpecification\",\"dayOfWeek\":[\"Monday\",\"Tuesday\",\"Wednesday\",\"Thursday\",\"Friday\"],\"opens\":\"09:00\",\"closes\":\"18:00\"},{\"@type\":\"OpeningHoursSpecification\",\"dayOfWeek\":[\"Saturday\"],\"opens\":\"09:00\",\"closes\":\"14:00\"},{\"@type\":\"OpeningHoursSpecification\",\"dayOfWeek\":[\"Sunday\"],\"opens\":\"00:00\",\"closes\":\"00:00\"}],\"telephone\":\"+37369644446\"}]}<\/script>\n<meta name=\"geo.placename\" content=\"Chisinau\" \/>\n<meta name=\"geo.position\" content=\"47.0376;28.76899\" \/>\n<meta name=\"geo.region\" content=\"Moldova\" \/>\n<!-- \/ Yoast SEO Premium plugin. -->","yoast_head_json":{"title":"C0573 - Autoclipsuri, Cu un ac filetat - atg.md","robots":{"index":"index","follow":"follow","max-snippet":"max-snippet:-1","max-image-preview":"max-image-preview:large","max-video-preview":"max-video-preview:-1"},"canonical":"https:\/\/atg.md\/ro\/catalog\/autoclipsuri\/s-rezbovym-shtyrkom\/c0573\/","og_locale":"ro_RO","og_type":"article","og_title":"C0573 - Autoclipsuri, Cu un ac filetat - atg.md","og_description":"OEM: M547806, 63854-01A00, 6385401A00, H381-68-885 00, H3816888500, H381-68-885 05, H38168885 05, H380-68-885, H38068885Dimensiune F: 8Dimensiune H: 23Dimensiune T: 20","og_url":"https:\/\/atg.md\/ro\/wp-json\/wp\/v2\/product\/7248","og_site_name":"atg.md","article_modified_time":"2024-07-05T07:03:38+00:00","og_image":[{"width":600,"height":600,"url":"https:\/\/atg.md\/wp-content\/uploads\/2021\/03\/c0573.jpg","type":"image\/jpeg"}],"twitter_card":"summary_large_image","twitter_misc":{"Pre\u021b":"6.00&nbsp;MDL","Availability":"In stock"},"schema":{"@context":"https:\/\/schema.org","@graph":[{"@type":"WebPage","@id":"https:\/\/atg.md\/ro\/catalog\/autoclipsuri\/s-rezbovym-shtyrkom\/c0573\/","url":"https:\/\/atg.md\/ro\/catalog\/autoclipsuri\/s-rezbovym-shtyrkom\/c0573\/","name":"C0573 - Autoclipsuri, Cu un ac filetat - atg.md","isPartOf":{"@id":"https:\/\/atg.md\/ro\/#website"},"datePublished":"2021-03-30T09:08:43+00:00","dateModified":"2024-07-05T07:03:38+00:00","breadcrumb":{"@id":"https:\/\/atg.md\/ro\/catalog\/autoclipsuri\/s-rezbovym-shtyrkom\/c0573\/#breadcrumb"},"inLanguage":"ro-RO","potentialAction":[{"@type":"ReadAction","target":[["https:\/\/atg.md\/ro\/catalog\/autoclipsuri\/s-rezbovym-shtyrkom\/c0573\/"]]}]},{"@type":"BreadcrumbList","@id":"https:\/\/atg.md\/ro\/catalog\/autoclipsuri\/s-rezbovym-shtyrkom\/c0573\/#breadcrumb","itemListElement":[{"@type":"ListItem","position":1,"name":"Home","item":"https:\/\/atg.md\/ro\/"},{"@type":"ListItem","position":2,"name":"\u041a\u0430\u0442\u0430\u043b\u043e\u0433","item":"https:\/\/atg.md\/ro\/catalog\/"},{"@type":"ListItem","position":3,"name":"C0573"}]},{"@type":"WebSite","@id":"https:\/\/atg.md\/ro\/#website","url":"https:\/\/atg.md\/ro\/","name":"atg.md","description":"V\u00e2nzare de izola\u021bii \u00eempotriva vibra\u021biilor pentru ma\u0219ini, izola\u021bie termic\u0103, izolare fonic\u0103 de la cei mai buni produc\u0103tori, autoclipsuri, elemente de fixare auto. Cump\u0103ra\u021bi \u00een Moldova, Chi\u0219in\u0103u","publisher":{"@id":"https:\/\/atg.md\/ro\/#organization"},"potentialAction":[{"@type":"SearchAction","target":{"@type":"EntryPoint","urlTemplate":"https:\/\/atg.md\/ro\/?s={search_term_string}"},"query-input":"required name=search_term_string"}],"inLanguage":"ro-RO"},{"@type":["Organization","Place","AutoPartsStore"],"@id":"https:\/\/atg.md\/ro\/#organization","name":"S.C. AUTOTOM GRUP S.R.L.","url":"https:\/\/atg.md\/ro\/","logo":{"@type":"ImageObject","inLanguage":"ro-RO","@id":"https:\/\/atg.md\/ro\/#\/schema\/logo\/image\/","url":"https:\/\/i2.wp.com\/atg.md\/wp-content\/uploads\/2021\/05\/atg_logo_main.png?fit=656%2C569&ssl=1","contentUrl":"https:\/\/i2.wp.com\/atg.md\/wp-content\/uploads\/2021\/05\/atg_logo_main.png?fit=656%2C569&ssl=1","width":656,"height":569,"caption":"S.C. AUTOTOM GRUP S.R.L."},"image":{"@id":"https:\/\/atg.md\/ro\/#\/schema\/logo\/image\/"},"location":{"@id":"https:\/\/atg.md\/ro\/catalog\/autoclipsuri\/s-rezbovym-shtyrkom\/c0573\/#local-place"},"address":{"@id":"https:\/\/atg.md\/ro\/catalog\/autoclipsuri\/s-rezbovym-shtyrkom\/c0573\/#local-place-address"},"email":"atgtvv@gmail.com","telephone":"+37369644446","areaServed":"Moldova"},{"@type":"Place","@id":"https:\/\/atg.md\/ro\/catalog\/autoclipsuri\/s-rezbovym-shtyrkom\/c0573\/#local-place","address":{"@type":"PostalAddress","@id":"https:\/\/atg.md\/ro\/catalog\/autoclipsuri\/s-rezbovym-shtyrkom\/c0573\/#local-place-address","streetAddress":"str. Alba-Iulia 77\/20","addressLocality":"Chisinau","postalCode":"2043","addressRegion":"mun. Chisinau","addressCountry":"MD"},"geo":{"@type":"GeoCoordinates","latitude":"47.0376","longitude":"28.76899"},"openingHoursSpecification":[{"@type":"OpeningHoursSpecification","dayOfWeek":["Monday","Tuesday","Wednesday","Thursday","Friday"],"opens":"09:00","closes":"18:00"},{"@type":"OpeningHoursSpecification","dayOfWeek":["Saturday"],"opens":"09:00","closes":"14:00"},{"@type":"OpeningHoursSpecification","dayOfWeek":["Sunday"],"opens":"00:00","closes":"00:00"}],"telephone":"+37369644446"}]}},"_links":{"self":[{"href":"https:\/\/atg.md\/ro\/wp-json\/wp\/v2\/product\/7248"}],"collection":[{"href":"https:\/\/atg.md\/ro\/wp-json\/wp\/v2\/product"}],"about":[{"href":"https:\/\/atg.md\/ro\/wp-json\/wp\/v2\/types\/product"}],"wp:featuredmedia":[{"embeddable":true,"href":"https:\/\/atg.md\/ro\/wp-json\/wp\/v2\/media\/7249"}],"wp:attachment":[{"href":"https:\/\/atg.md\/ro\/wp-json\/wp\/v2\/media?parent=7248"}],"wp:term":[{"taxonomy":"product_cat","embeddable":true,"href":"https:\/\/atg.md\/ro\/wp-json\/wp\/v2\/product_cat?post=7248"},{"taxonomy":"product_tag","embeddable":true,"href":"https:\/\/atg.md\/ro\/wp-json\/wp\/v2\/product_tag?post=7248"}],"curies":[{"name":"wp","href":"https:\/\/api.w.org\/{rel}","templated":true}]}}