{"id":7244,"date":"2021-03-30T09:08:43","date_gmt":"2021-03-30T09:08:43","guid":{"rendered":"http:\/\/atg.md\/product\/c0571\/"},"modified":"2024-07-05T07:03:37","modified_gmt":"2024-07-05T07:03:37","slug":"c0571","status":"publish","type":"product","link":"https:\/\/atg.md\/ro\/catalog\/autoclipsuri\/vstavki\/c0571\/","title":{"rendered":"C0571"},"content":{"rendered":"<p><strong>Modele:<\/strong><\/p>\n<ul>\n<li>Dongfeng D50, VN10C<\/li>\n<li>Infiniti FX30d, S51<\/li>\n<li>Infiniti<br \/>\nFX35, S50, S51<\/li>\n<li>Infiniti<br \/>\nFX37, S51<\/li>\n<li>Infiniti<br \/>\nFX45, S50<\/li>\n<li>Infiniti<br \/>\nFX50, S51<\/li>\n<li>Infiniti<br \/>\nG20, P10, P11<\/li>\n<li>Infiniti<br \/>\nG25, V36<\/li>\n<li>Infiniti<br \/>\nG35, V35, V36<\/li>\n<li>Infiniti<br \/>\nG37, CV36, CV37, HV36, V36<\/li>\n<li>Infiniti<br \/>\nI30, A32, CA33<\/li>\n<li>Infiniti<br \/>\nI35, CA33<\/li>\n<li>Infiniti<br \/>\nJ30, JPY32<\/li>\n<li>Infiniti<br \/>\nM25, Y51, Y51HV<\/li>\n<li>Infiniti<br \/>\nM30, F31<\/li>\n<li>Infiniti M35<br \/>\nHybrid<\/li>\n<li>Infiniti<br \/>\nM35, G50, HG50, Y50, Y51, Y51HV<\/li>\n<li>Infiniti<br \/>\nM37, Y51, Y51HV<\/li>\n<li>Infiniti<br \/>\nM45, Y34, Y50, Y51, Y51HV<\/li>\n<li>Infiniti<br \/>\nM56, Y51, Y51HV<\/li>\n<li>Infiniti<br \/>\nQ30, H15E<\/li>\n<li>Infiniti<br \/>\nQ40, V36<\/li>\n<li>Infiniti<br \/>\nQ45, F50, FGY33, G50<\/li>\n<li>Infiniti<br \/>\nQ50, V37<\/li>\n<li>Infiniti<br \/>\nQ50L, V37Z<\/li>\n<li>Infiniti<br \/>\nQ60, CV36, CV37, HV36<\/li>\n<li>Infiniti<br \/>\nQ70, Y51, Y51HV<\/li>\n<li>Infiniti<br \/>\nQX4, JR50<\/li>\n<li>Infiniti<br \/>\nQX56, JA60<\/li>\n<li>Infiniti<br \/>\nQX70, S51<\/li>\n<li>Lexus<br \/>\nLS400, UCF10<\/li>\n<li>Lexus<br \/>\nLX450, FZJ80<\/li>\n<li>Lexus<br \/>\nSC300, JZZ31, UZZ30<\/li>\n<li>Lexus<br \/>\nSC400, JZZ31, UZZ30<\/li>\n<li>Mitsubishi<br \/>\n1\/2T Truck, V16B<\/li>\n<li>Mitsubishi<br \/>\nASX, GA1W, GA2W, GA3W, GA4W, GA6W, GA7W, GA8W<\/li>\n<li>Mitsubishi<br \/>\nAirtrek, CU2W, CU4W, CU5W<\/li>\n<li>Mitsubishi<br \/>\nAspire, EA1A, EA3A, EA7A, EC1A, EC3A, EC5A, EC7A<\/li>\n<li>Mitsubishi<br \/>\nAttrage, A13A<\/li>\n<li>Mitsubishi<br \/>\nBravo, U41T, U41TP, U41V, U42T, U42TP, U42V, U43V, U44V<\/li>\n<li>Mitsubishi<br \/>\nChallenger, K94W, K94WG, K96W, K97WG, K99W<\/li>\n<li>Mitsubishi<br \/>\nChariot Grandis, N84W, N86W, N94W, N96W<\/li>\n<li>Mitsubishi<br \/>\nChariot, D02W, D03W, D04W, D05V, D05W, D08W, D09V, D09W, N31W, N33W, N34W,<br \/>\nN35W, N38W, N41W, N43W, N44W, N48W, N83W, N84W, N94W<\/li>\n<li>Mitsubishi<br \/>\nColt Plus, Z21A, Z21W, Z22A, Z22W, Z23A, Z23W, Z24A, Z24W, Z25A, Z26A,<br \/>\nZ27A, Z27AG, Z27W, Z27WG, Z28A<\/li>\n<li>Mitsubishi<br \/>\nColt, C11A, C12A, C13A, C14A, C15A, C51A, C51V, C52A, C53A, C54A, C58A,<br \/>\nC61A, C62A, C63A, C64A, C65A, C66A, C67A, C68A, C69A, C76A, C77A, CA1A, CA2A,<br \/>\nCA4A, CA5A, CB1A, CB2A, CB3A, CB4A, CB5A, CB8A, CC4A, CD4A, CJ1A, CJ2A, CJ4A,<br \/>\nCJ5A, CK1A, CK2A, CK4A, CK5A, CN9A, CP9A, Z21A, Z21W, Z22A, Z22W, Z23A, Z23W,<br \/>\nZ24A, Z24W, Z25A, Z26A, Z27A, Z27AG, Z27W, Z27WG, Z28A, Z31A, Z32A, Z33A,<br \/>\nZ33AM, Z34A, Z34AM, Z35A, Z35AM, Z36A, Z37A<\/li>\n<li>Mitsubishi<br \/>\nDebonair, S11A, S12A, S12AG, S22A, S26A, S27A<\/li>\n<li>Mitsubishi<br \/>\nDelica D5, CV1W, CV2W, CV4W, CV5W<\/li>\n<li>Mitsubishi<br \/>\nDelica, CV5W, L036P, L039G, L039P, L063P, L069P, P01V, P02T, P02V, P03V,<br \/>\nP03W, P04V, P04W, P05T, P05V, P05W, P06V, P07V, P12V, P13T, P13V, P15T, P15V,<br \/>\nP15W, P17V, P23V, P23W, P24W, P25T, P25V, P25W, P27V, P35W, P45V, PA3V, PA3W,<br \/>\nPA4W, PA5V, PA5W, PB3V, PB4V, PB4W, PB5V, PB5W, PB6W, PC3W, PC4W, PC5W, PD3W,<br \/>\nPD4V, PD4W, PD5V, PD5W, PD6W, PD8W, PE8W, PF6W, PF8W<\/li>\n<li>Mitsubishi<br \/>\nDiamante, F07W, F11A, F12A, F13A, F15A, F16A, F17A, F25A, F27A, F31A,<br \/>\nF31AK, F34A, F36A, F36W, F38A, F41A, F46A, F47A<\/li>\n<li>Mitsubishi<br \/>\nDignity, S32A, S33A, S43A<\/li>\n<li>Mitsubishi<br \/>\nDingo, CQ1A, CQ2A, CQ5A<\/li>\n<li>Mitsubishi<br \/>\nDion, CR5W, CR6W, CR9W<\/li>\n<li>Mitsubishi<br \/>\nEclipse, D21A, D22A, D27A, D31A, D32A, D33A, D38A, D39A, D52A, D53A<\/li>\n<li>Mitsubishi<br \/>\nEmeraude, E52A, E53A, E54A, E57A, E64A, E72A, E74A, E77A, E84A<\/li>\n<li>Mitsubishi<br \/>\nEndeavor, D71W, D81W<\/li>\n<li>Mitsubishi<br \/>\nEterna, E12A, E13A, E14A, E15A, E16A, E17A, E18A, E32A, E33A, E34A, E35A,<br \/>\nE37A, E39A, E52A, E53A, E54A, E57A, E64A, E72A, E74A, E77A, E84A<\/li>\n<li>Mitsubishi<br \/>\nFTO, DE2A, DE3A<\/li>\n<li>Mitsubishi<br \/>\nGTO, Z11A, Z15A, Z16A<\/li>\n<li>Mitsubishi<br \/>\nGalant Fortis, CX3A, CX4A, CX6A, CY3A, CY4A, CY6A, CZ4A<\/li>\n<li>Mitsubishi<br \/>\nGalant, E11A, E12A, E12AR, E13A, E14A, E14AR, E15A, E15AK, E16A, E17A,<br \/>\nE18A, E19A, E31A, E32A, E32AR, E33A, E34A, E34AR, E35A, E37A, E38A, E39A, E52A,<br \/>\nE53A, E54A, E55A, E56A, E57A, E64A, E72A, E74A, E75A, E77A, E84A, E88A, EA1A,<br \/>\nEA2A, EA2W, EA3A, EA3W, EA4A, EA5A, EA5W, EA6A, EA6W, EA7A, EA8A, EC1A, EC3A,<br \/>\nEC5A, EC7A<\/li>\n<li>Mitsubishi<br \/>\nGrandis, NA4W, NA8W<\/li>\n<li>Mitsubishi<br \/>\nL200, K01T, K02T, K03T, K04T, K05T, K11T, K12T, K13T, K14T, K15T, K22T,<br \/>\nK23T, K24T, K25T, K26T, K32T, K33T, K34T, K35T, K36T, K57T, K62T, K64T, K65T,<br \/>\nK66T, K67T, K72T, K74T, K75T, K76T, K77T, KA4T, KA5T, KA9T, KB4T, KB5T, KB7T,<br \/>\nKB8T, KB9T, KJ3T, KJ4T, KK1T, KK2T, KK3T, KK4T, KL1T, KL2T, KL3T, KL4T<\/li>\n<li>Mitsubishi<br \/>\nL300 Truck, P13T, P15T<\/li>\n<li>Mitsubishi<br \/>\nL300, L032P, L039P, P01V, P01W, P02V, P02W, P03V, P03W, P04V, P04W, P05V,<br \/>\nP05W, P06V, P12V, P12W, P13V, P13W, P14V, P14W, P15V, P15W, P16V, P23V, P23W,<br \/>\nP24V, P24W, P25V, P25W, P45V<\/li>\n<li>Mitsubishi<br \/>\nL400, PA3V, PA3W, PA4W, PA5V, PA5W, PB3V, PB4V, PB5V, PC3W, PC5W, PD3W,<br \/>\nPD4V, PD4W, PD5V, PD5W<\/li>\n<li>Mitsubishi<br \/>\nLancer Cedia, CS2A, CS2V, CS2W, CS5A, CS5AR, CS5AZ, CS5W, CS6A, CT9A, CT9W<\/li>\n<li>Mitsubishi<br \/>\nLancer Evolution, CY3A, CY4A, CY6A, CZ4A<\/li>\n<li>Mitsubishi<br \/>\nLancer, C11A, C11V, C12A, C12AS, C12V, C12W, C13A, C14A, C14AS, C14V,<br \/>\nC14W, C18A, C32V, C34V, C34W, C37V, C37W, C61A, C62A, C63A, C64A, C72A, C73A,<br \/>\nC74A, CA1A, CA2A, CA3A, CA4A, CA5A, CB1A, CB1W, CB2A, CB2W, CB3A, CB4A, CB4W,<br \/>\nCB5A, CB5AR, CB5W, CB6A, CB7A, CB8A, CB8AR, CB8W, CC3A, CC4A, CD3A, CD4W, CD5A,<br \/>\nCD7A, CD8A, CD9A, CE9A, CJ1A, CJ2A, CJ4A, CK1A, CK2A, CK4A, CK5AR, CK6A, CK8A,<br \/>\nCK8AR, CL2A, CM2A, CM5A, CM8A, CN9A, CP9A, CS1A, CS2A, CS2V, CS2W, CS3A, CS3W,<br \/>\nCS5A, CS5AR, CS5AZ, CS5W, CS6A, CS6W, CS7A, CS7W, CS9A, CS9W, CT9A, CT9W, CX1A,<br \/>\nCX2A, CX3A, CX4A, CX5A, CX6A, CX8A, CX9A, CY1A, CY2A, CY3A, CY4A, CY5A, CY6A,<br \/>\nCY8A, CY9A, CZ4A<\/li>\n<li>Mitsubishi<br \/>\nLegnum, EA1W, EA3W, EA4W, EA5W, EA7W, EC1W, EC3W, EC4W, EC5W, EC7W<\/li>\n<li>Mitsubishi<br \/>\nLibero, CB1V, CB2V, CB2W, CB4W, CB5W, CB8V, CB8W, CD2V, CD5W, CD8V, CD8W<\/li>\n<li>Mitsubishi<br \/>\nMinica Toppo, H22A, H22V, H27A, H27V, H31A, H32A, H32V, H36A, H37V<\/li>\n<li>Mitsubishi<br \/>\nMinica, H11A, H11V, H12V, H14A, H14V, H15A, H15V, H21A, H21V, H21VW, H22A,<br \/>\nH22V, H22VW, H26A, H26V, H27A, H27V, H27VW, H31A, H32A, H32V, H36A, H37A, H37V,<br \/>\nH42A, H42V, H44A, H47A, H47V<\/li>\n<li>Mitsubishi<br \/>\nMinicab MiEV, U67V, U68T, U68V<\/li>\n<li>Mitsubishi<br \/>\nMinicab, U11T, U11TP, U11V, U12T, U12V, U14D, U14L, U14T, U14TG, U14TP,<br \/>\nU14V, U14VG, U15D, U15L, U15T, U15TG, U15V, U15VG, U18T, U18TP, U18V, U19T,<br \/>\nU19V, U41T, U41TP, U41V, U42T, U42TP, U42V, U43V, U44V, U61T, U61TP, U61V,<br \/>\nU61W, U62T, U62TP, U62V, U62W, U63W, U64W<\/li>\n<li>Mitsubishi<br \/>\nMirage, A03A, A05A, A13A, C11A, C11V, C12A, C12V, C12W, C13A, C14A, C14V,<br \/>\nC14W, C18A, C32V, C34V, C34W, C37W, C51A, C52A, C53A, C61A, C62A, C63A, C64A,<br \/>\nC72A, C73A, C74A, C82A, C83A, CA1A, CA2A, CA3A, CA4A, CA5A, CB1A, CB2A, CB3A,<br \/>\nCB4A, CB5A, CB5AR, CB6A, CB7A, CB8A, CB8AR, CC3A, CC4A, CD3A, CD5A, CD7A, CD8A,<br \/>\nCD9A, CE9A, CJ1A, CJ2A, CJ4A, CJ5A, CK1A, CK2A, CK4A, CK5A, CK5AR, CK6A, CK8A,<br \/>\nCK8AR, CL2A, CM2A, CM5A, CM8A, CN9A, CP9A, CQ1A, CQ2A, CQ5A<\/li>\n<li>Mitsubishi<br \/>\nMontero Sport, K85W, K86W, K89W, K94W, K96W, K97WG, K99W, KG6W, KH4W,<br \/>\nKH6W, KH8W, KH9W, KR1W, KR3W, KR5W, KS1W, KS3W, KS5W<\/li>\n<li>Mitsubishi<br \/>\nMontero, H65W, H66W, H67W, H76W, H77W, L042G, L043G, L044G, L047G, L048G,<br \/>\nL049G, L141G, L144G, L146G, L149G, V11V, V11W, V12C, V12V, V12W, V13V, V14C,<br \/>\nV14V, V21C, V21W, V23C, V23W, V24C, V24W, V25W, V26W, V31V, V31W, V32V, V32W,<br \/>\nV33V, V34V, V34W, V36V, V36W, V41W, V43W, V44W, V45W, V46W, V63W, V64W, V65W,<br \/>\nV66W, V67W, V68W, V73W, V74W, V75W, V76W, V77W, V78W, V83W, V85W, V86W, V87W,<br \/>\nV88V, V88W, V93W, V95W, V96W, V97W, V98V, V98W<\/li>\n<li>Mitsubishi<br \/>\nNativa, K86W, K94W, K96W, K97W, K99W, KG4W, KG6W, KH4W, KH8W, KH9W<\/li>\n<li>Mitsubishi<br \/>\nOutlander, CU2W, CU4W, CU5W, CW1W, CW4W, CW5W, CW6W, CW7W, CW8W, GA2W,<br \/>\nGA5W, GF2W, GF3W, GF4W, GF6V, GF6W, GF7W, GF8W, GG2W<\/li>\n<li>Mitsubishi<br \/>\nPajero Junior, H57A<\/li>\n<li>Mitsubishi<br \/>\nPajero Mini, H51A, H53A, H56A, H58A<\/li>\n<li>Mitsubishi<br \/>\nPajero Pinin, H66W, H67W, H76W, H77W<\/li>\n<li>Mitsubishi<br \/>\nPajero Sport, K86W, K96W, K97W, KG4W, KG5W, KG6W, KH4W, KH6W, KH8W, KH9W,<br \/>\nKR1W, KR3W, KS1W, KS3W, KS5W<\/li>\n<li>Mitsubishi<br \/>\nPajero iO, H61W, H62W, H65W, H66W, H67W, H71W, H72W, H76W, H77W<\/li>\n<li>Mitsubishi<br \/>\nPajero, H65W, H66W, H67W, H76W, H77W, K94W, K96W, KH4W, KH6W, KH8W, KH9W,<br \/>\nKR1W, KR3W, KR5W, KS1W, KS3W, KS5W, L041G, L042G, L043G, L044G, L044GV, L046G,<br \/>\nL047G, L048G, L049G, L049GV, L049GW, L141G, L141GW, L144G, L144GW, L144GWG,<br \/>\nL146G, L146GW, L146GWG, L149G, L149GW, L149GWG, V11V, V11W, V12C, V12V, V12W,<br \/>\nV13V, V14C, V14V, V21C, V21W, V23C, V23W, V24C, V24V, V24W, V24WG, V25C, V25W,<br \/>\nV26C, V26W, V26WG, V31V, V31W, V32V, V32W, V33V, V33W, V34V, V34W, V36V, V36W,<br \/>\nV41W, V43W, V44W, V44WG, V45W, V46V, V46W, V46WG, V47WG, V55W, V63W, V64W,<br \/>\nV65W, V66W, V67W, V68W, V73W, V74W, <\/li>\n<\/ul>\n<p><\/p>","protected":false},"excerpt":{"rendered":"<p><b>OEM:<\/b> 01281-00440128100441<\/p>\n<p><b>Dimensiune F:<\/b> 9<br \/><b>Dimensiune H:<\/b> 11<br \/><b>Dimensiune T:<\/b> 15<\/p>\n","protected":false},"featured_media":7245,"template":"","meta":[],"product_cat":[25,105],"product_tag":[],"bundled_by":[],"bundle_stock_status":"instock","bundle_stock_quantity":null,"bundle_virtual":false,"bundle_layout":"","bundle_add_to_cart_form_location":"","bundle_editable_in_cart":false,"bundle_sold_individually_context":"","bundle_item_grouping":"","bundle_min_size":"","bundle_max_size":"","bundled_items":[],"yoast_head":"<!-- This site is optimized with the Yoast SEO Premium plugin v16.6 (Yoast SEO v20.1) - https:\/\/yoast.com\/wordpress\/plugins\/seo\/ -->\n<title>C0571 - Autoclipsuri, Inserturi - atg.md<\/title>\n<meta name=\"robots\" content=\"index, follow, max-snippet:-1, max-image-preview:large, max-video-preview:-1\" \/>\n<link rel=\"canonical\" href=\"https:\/\/atg.md\/ro\/catalog\/autoclipsuri\/vstavki\/c0571\/\" \/>\n<meta property=\"og:locale\" content=\"ro_RO\" \/>\n<meta property=\"og:type\" content=\"article\" \/>\n<meta property=\"og:title\" content=\"C0571 - Autoclipsuri, Inserturi - atg.md\" \/>\n<meta property=\"og:description\" content=\"OEM: 01281-00440128100441Dimensiune F: 9Dimensiune H: 11Dimensiune T: 15\" \/>\n<meta property=\"og:url\" content=\"https:\/\/atg.md\/ro\/wp-json\/wp\/v2\/product\/7244\" \/>\n<meta property=\"og:site_name\" content=\"atg.md\" \/>\n<meta property=\"article:modified_time\" content=\"2024-07-05T07:03:37+00:00\" \/>\n<meta property=\"og:image\" content=\"https:\/\/atg.md\/wp-content\/uploads\/2021\/03\/c0571.jpg\" \/>\n\t<meta property=\"og:image:width\" content=\"600\" \/>\n\t<meta property=\"og:image:height\" content=\"600\" \/>\n\t<meta property=\"og:image:type\" content=\"image\/jpeg\" \/>\n<meta name=\"twitter:card\" content=\"summary_large_image\" \/>\n<meta name=\"twitter:label1\" content=\"Pre\u021b\" \/>\n\t<meta name=\"twitter:data1\" content=\"5.00&nbsp;MDL\" \/>\n\t<meta name=\"twitter:label2\" content=\"Availability\" \/>\n\t<meta name=\"twitter:data2\" content=\"In stock\" \/>\n<script type=\"application\/ld+json\" class=\"yoast-schema-graph\">{\"@context\":\"https:\/\/schema.org\",\"@graph\":[{\"@type\":\"WebPage\",\"@id\":\"https:\/\/atg.md\/ro\/catalog\/autoclipsuri\/vstavki\/c0571\/\",\"url\":\"https:\/\/atg.md\/ro\/catalog\/autoclipsuri\/vstavki\/c0571\/\",\"name\":\"C0571 - Autoclipsuri, Inserturi - atg.md\",\"isPartOf\":{\"@id\":\"https:\/\/atg.md\/ro\/#website\"},\"datePublished\":\"2021-03-30T09:08:43+00:00\",\"dateModified\":\"2024-07-05T07:03:37+00:00\",\"breadcrumb\":{\"@id\":\"https:\/\/atg.md\/ro\/catalog\/autoclipsuri\/vstavki\/c0571\/#breadcrumb\"},\"inLanguage\":\"ro-RO\",\"potentialAction\":[{\"@type\":\"ReadAction\",\"target\":[[\"https:\/\/atg.md\/ro\/catalog\/autoclipsuri\/vstavki\/c0571\/\"]]}]},{\"@type\":\"BreadcrumbList\",\"@id\":\"https:\/\/atg.md\/ro\/catalog\/autoclipsuri\/vstavki\/c0571\/#breadcrumb\",\"itemListElement\":[{\"@type\":\"ListItem\",\"position\":1,\"name\":\"Home\",\"item\":\"https:\/\/atg.md\/ro\/\"},{\"@type\":\"ListItem\",\"position\":2,\"name\":\"\u041a\u0430\u0442\u0430\u043b\u043e\u0433\",\"item\":\"https:\/\/atg.md\/ro\/catalog\/\"},{\"@type\":\"ListItem\",\"position\":3,\"name\":\"C0571\"}]},{\"@type\":\"WebSite\",\"@id\":\"https:\/\/atg.md\/ro\/#website\",\"url\":\"https:\/\/atg.md\/ro\/\",\"name\":\"atg.md\",\"description\":\"V\u00e2nzare de izola\u021bii \u00eempotriva vibra\u021biilor pentru ma\u0219ini, izola\u021bie termic\u0103, izolare fonic\u0103 de la cei mai buni produc\u0103tori, autoclipsuri, elemente de fixare auto. Cump\u0103ra\u021bi \u00een Moldova, Chi\u0219in\u0103u\",\"publisher\":{\"@id\":\"https:\/\/atg.md\/ro\/#organization\"},\"potentialAction\":[{\"@type\":\"SearchAction\",\"target\":{\"@type\":\"EntryPoint\",\"urlTemplate\":\"https:\/\/atg.md\/ro\/?s={search_term_string}\"},\"query-input\":\"required name=search_term_string\"}],\"inLanguage\":\"ro-RO\"},{\"@type\":[\"Organization\",\"Place\",\"AutoPartsStore\"],\"@id\":\"https:\/\/atg.md\/ro\/#organization\",\"name\":\"S.C. AUTOTOM GRUP S.R.L.\",\"url\":\"https:\/\/atg.md\/ro\/\",\"logo\":{\"@type\":\"ImageObject\",\"inLanguage\":\"ro-RO\",\"@id\":\"https:\/\/atg.md\/ro\/#\/schema\/logo\/image\/\",\"url\":\"https:\/\/i2.wp.com\/atg.md\/wp-content\/uploads\/2021\/05\/atg_logo_main.png?fit=656%2C569&ssl=1\",\"contentUrl\":\"https:\/\/i2.wp.com\/atg.md\/wp-content\/uploads\/2021\/05\/atg_logo_main.png?fit=656%2C569&ssl=1\",\"width\":656,\"height\":569,\"caption\":\"S.C. AUTOTOM GRUP S.R.L.\"},\"image\":{\"@id\":\"https:\/\/atg.md\/ro\/#\/schema\/logo\/image\/\"},\"location\":{\"@id\":\"https:\/\/atg.md\/ro\/catalog\/autoclipsuri\/vstavki\/c0571\/#local-place\"},\"address\":{\"@id\":\"https:\/\/atg.md\/ro\/catalog\/autoclipsuri\/vstavki\/c0571\/#local-place-address\"},\"email\":\"atgtvv@gmail.com\",\"telephone\":\"+37369644446\",\"areaServed\":\"Moldova\"},{\"@type\":\"Place\",\"@id\":\"https:\/\/atg.md\/ro\/catalog\/autoclipsuri\/vstavki\/c0571\/#local-place\",\"address\":{\"@type\":\"PostalAddress\",\"@id\":\"https:\/\/atg.md\/ro\/catalog\/autoclipsuri\/vstavki\/c0571\/#local-place-address\",\"streetAddress\":\"str. Alba-Iulia 77\/20\",\"addressLocality\":\"Chisinau\",\"postalCode\":\"2043\",\"addressRegion\":\"mun. Chisinau\",\"addressCountry\":\"MD\"},\"geo\":{\"@type\":\"GeoCoordinates\",\"latitude\":\"47.0376\",\"longitude\":\"28.76899\"},\"openingHoursSpecification\":[{\"@type\":\"OpeningHoursSpecification\",\"dayOfWeek\":[\"Monday\",\"Tuesday\",\"Wednesday\",\"Thursday\",\"Friday\"],\"opens\":\"09:00\",\"closes\":\"18:00\"},{\"@type\":\"OpeningHoursSpecification\",\"dayOfWeek\":[\"Saturday\"],\"opens\":\"09:00\",\"closes\":\"14:00\"},{\"@type\":\"OpeningHoursSpecification\",\"dayOfWeek\":[\"Sunday\"],\"opens\":\"00:00\",\"closes\":\"00:00\"}],\"telephone\":\"+37369644446\"}]}<\/script>\n<meta name=\"geo.placename\" content=\"Chisinau\" \/>\n<meta name=\"geo.position\" content=\"47.0376;28.76899\" \/>\n<meta name=\"geo.region\" content=\"Moldova\" \/>\n<!-- \/ Yoast SEO Premium plugin. -->","yoast_head_json":{"title":"C0571 - Autoclipsuri, Inserturi - atg.md","robots":{"index":"index","follow":"follow","max-snippet":"max-snippet:-1","max-image-preview":"max-image-preview:large","max-video-preview":"max-video-preview:-1"},"canonical":"https:\/\/atg.md\/ro\/catalog\/autoclipsuri\/vstavki\/c0571\/","og_locale":"ro_RO","og_type":"article","og_title":"C0571 - Autoclipsuri, Inserturi - atg.md","og_description":"OEM: 01281-00440128100441Dimensiune F: 9Dimensiune H: 11Dimensiune T: 15","og_url":"https:\/\/atg.md\/ro\/wp-json\/wp\/v2\/product\/7244","og_site_name":"atg.md","article_modified_time":"2024-07-05T07:03:37+00:00","og_image":[{"width":600,"height":600,"url":"https:\/\/atg.md\/wp-content\/uploads\/2021\/03\/c0571.jpg","type":"image\/jpeg"}],"twitter_card":"summary_large_image","twitter_misc":{"Pre\u021b":"5.00&nbsp;MDL","Availability":"In stock"},"schema":{"@context":"https:\/\/schema.org","@graph":[{"@type":"WebPage","@id":"https:\/\/atg.md\/ro\/catalog\/autoclipsuri\/vstavki\/c0571\/","url":"https:\/\/atg.md\/ro\/catalog\/autoclipsuri\/vstavki\/c0571\/","name":"C0571 - Autoclipsuri, Inserturi - atg.md","isPartOf":{"@id":"https:\/\/atg.md\/ro\/#website"},"datePublished":"2021-03-30T09:08:43+00:00","dateModified":"2024-07-05T07:03:37+00:00","breadcrumb":{"@id":"https:\/\/atg.md\/ro\/catalog\/autoclipsuri\/vstavki\/c0571\/#breadcrumb"},"inLanguage":"ro-RO","potentialAction":[{"@type":"ReadAction","target":[["https:\/\/atg.md\/ro\/catalog\/autoclipsuri\/vstavki\/c0571\/"]]}]},{"@type":"BreadcrumbList","@id":"https:\/\/atg.md\/ro\/catalog\/autoclipsuri\/vstavki\/c0571\/#breadcrumb","itemListElement":[{"@type":"ListItem","position":1,"name":"Home","item":"https:\/\/atg.md\/ro\/"},{"@type":"ListItem","position":2,"name":"\u041a\u0430\u0442\u0430\u043b\u043e\u0433","item":"https:\/\/atg.md\/ro\/catalog\/"},{"@type":"ListItem","position":3,"name":"C0571"}]},{"@type":"WebSite","@id":"https:\/\/atg.md\/ro\/#website","url":"https:\/\/atg.md\/ro\/","name":"atg.md","description":"V\u00e2nzare de izola\u021bii \u00eempotriva vibra\u021biilor pentru ma\u0219ini, izola\u021bie termic\u0103, izolare fonic\u0103 de la cei mai buni produc\u0103tori, autoclipsuri, elemente de fixare auto. Cump\u0103ra\u021bi \u00een Moldova, Chi\u0219in\u0103u","publisher":{"@id":"https:\/\/atg.md\/ro\/#organization"},"potentialAction":[{"@type":"SearchAction","target":{"@type":"EntryPoint","urlTemplate":"https:\/\/atg.md\/ro\/?s={search_term_string}"},"query-input":"required name=search_term_string"}],"inLanguage":"ro-RO"},{"@type":["Organization","Place","AutoPartsStore"],"@id":"https:\/\/atg.md\/ro\/#organization","name":"S.C. AUTOTOM GRUP S.R.L.","url":"https:\/\/atg.md\/ro\/","logo":{"@type":"ImageObject","inLanguage":"ro-RO","@id":"https:\/\/atg.md\/ro\/#\/schema\/logo\/image\/","url":"https:\/\/i2.wp.com\/atg.md\/wp-content\/uploads\/2021\/05\/atg_logo_main.png?fit=656%2C569&ssl=1","contentUrl":"https:\/\/i2.wp.com\/atg.md\/wp-content\/uploads\/2021\/05\/atg_logo_main.png?fit=656%2C569&ssl=1","width":656,"height":569,"caption":"S.C. AUTOTOM GRUP S.R.L."},"image":{"@id":"https:\/\/atg.md\/ro\/#\/schema\/logo\/image\/"},"location":{"@id":"https:\/\/atg.md\/ro\/catalog\/autoclipsuri\/vstavki\/c0571\/#local-place"},"address":{"@id":"https:\/\/atg.md\/ro\/catalog\/autoclipsuri\/vstavki\/c0571\/#local-place-address"},"email":"atgtvv@gmail.com","telephone":"+37369644446","areaServed":"Moldova"},{"@type":"Place","@id":"https:\/\/atg.md\/ro\/catalog\/autoclipsuri\/vstavki\/c0571\/#local-place","address":{"@type":"PostalAddress","@id":"https:\/\/atg.md\/ro\/catalog\/autoclipsuri\/vstavki\/c0571\/#local-place-address","streetAddress":"str. Alba-Iulia 77\/20","addressLocality":"Chisinau","postalCode":"2043","addressRegion":"mun. Chisinau","addressCountry":"MD"},"geo":{"@type":"GeoCoordinates","latitude":"47.0376","longitude":"28.76899"},"openingHoursSpecification":[{"@type":"OpeningHoursSpecification","dayOfWeek":["Monday","Tuesday","Wednesday","Thursday","Friday"],"opens":"09:00","closes":"18:00"},{"@type":"OpeningHoursSpecification","dayOfWeek":["Saturday"],"opens":"09:00","closes":"14:00"},{"@type":"OpeningHoursSpecification","dayOfWeek":["Sunday"],"opens":"00:00","closes":"00:00"}],"telephone":"+37369644446"}]}},"_links":{"self":[{"href":"https:\/\/atg.md\/ro\/wp-json\/wp\/v2\/product\/7244"}],"collection":[{"href":"https:\/\/atg.md\/ro\/wp-json\/wp\/v2\/product"}],"about":[{"href":"https:\/\/atg.md\/ro\/wp-json\/wp\/v2\/types\/product"}],"wp:featuredmedia":[{"embeddable":true,"href":"https:\/\/atg.md\/ro\/wp-json\/wp\/v2\/media\/7245"}],"wp:attachment":[{"href":"https:\/\/atg.md\/ro\/wp-json\/wp\/v2\/media?parent=7244"}],"wp:term":[{"taxonomy":"product_cat","embeddable":true,"href":"https:\/\/atg.md\/ro\/wp-json\/wp\/v2\/product_cat?post=7244"},{"taxonomy":"product_tag","embeddable":true,"href":"https:\/\/atg.md\/ro\/wp-json\/wp\/v2\/product_tag?post=7244"}],"curies":[{"name":"wp","href":"https:\/\/api.w.org\/{rel}","templated":true}]}}