{"id":7232,"date":"2021-03-30T09:08:43","date_gmt":"2021-03-30T09:08:43","guid":{"rendered":"http:\/\/atg.md\/product\/c0564\/"},"modified":"2024-07-05T07:03:35","modified_gmt":"2024-07-05T07:03:35","slug":"c0564","status":"publish","type":"product","link":"https:\/\/atg.md\/ro\/catalog\/autoclipsuri\/s-nazhimnym-shtyrkom-v-potaj\/c0564\/","title":{"rendered":"C0564"},"content":{"rendered":"<p><strong>Modele:<\/strong><\/p>\n<ul>\n<li>Chevrolet Cruze, HR51S, HR52S, HR81S, HR82S,<br \/>\nME34S<\/li>\n<li>Chevrolet MW, HE21S<\/li>\n<li>Lexus LS400, UCF10<\/li>\n<li>Suzuki APV, DN41T, DN41V, DN71T, DN71V, DN7A2,<br \/>\nDN7A3, DN7A4, DN7A5<\/li>\n<li>Suzuki Aerio, RA21S, RA41H, RA41S, RA61S, RA62S,<br \/>\nRB21S, RB41S, RB61S, RB62S, RC41H, RC41S, RC51S, RC61H, RC61S, RC62H, RD41H,<br \/>\nRD51S, RD61H, RD61S, RD62H<\/li>\n<li>Suzuki Alto, CL11V, CL21V, CL22V, CM11V, CM21V, CM22V,<br \/>\nCN11S, CN21S, CP11S, CP21S, CR22S, CS22S, F241S, FB21S, FB31S, FB41S, FB4A1,<br \/>\nFC31S, HA11S, HA12S, HA12V, HA21S, HA22S, HA23S, HA23V, HA24S, HA24V, HA62S,<br \/>\nHB11S, HB21S, HC11V, HD11V<\/li>\n<li>Suzuki Cappuccino, EA11R, EA21R<\/li>\n<li>Suzuki Carry Truck, DA32T, DA32V, DA32W, DA52T,<br \/>\nDA52V, DA52W, DA62T, DA62V, DA62W, DA63T, DA64V, DA64W, DA65T, DB52T, DB52V,<br \/>\nDN41T, DN71T, DN7A1<\/li>\n<li>Suzuki Cervo, CN21S, CN22S, CN31S, CN32S, CP21S,<br \/>\nCP22S, CP31S, CP32S, HG21S<\/li>\n<li>Suzuki Cultus Crescent, AA34S, AA44S, AB34S,<br \/>\nAB44S, AF34S, AH14S, AH64S, AJ14S, AJ64S, AK34S, GA11S, GA21S, GB21S, GB31S,<br \/>\nGC21S, GC21W, GC41W, GD21S, GD31S, GD31W<\/li>\n<li>Suzuki Cultus, AA34S, AA44S, AB34S, AB44S, AF34S,<br \/>\nAH14S, AH64S, AJ14S, AJ64S, AK34S, GA11S, GA21S, GB21S, GB31S, GC21S, GC21W,<br \/>\nGC41W, GD21S, GD31S, GD31W<\/li>\n<li>Suzuki Escudo, TA01R, TA01V, TA01W, TA02W, TA11W,<br \/>\nTA31W, TA51W, TA52W, TA74W, TD01W, TD02W, TD11W, TD31W, TD32W, TD51W, TD52W,<br \/>\nTD54W, TD61W, TD62W, TD94W, TL52W, TX92W<\/li>\n<li>Suzuki Esteem, AA34S, AA44S, AB34S, AB44S, AF34S,<br \/>\nAH14S, AH64S, AJ14S, AJ64S, AK34S, GA11S, GA21S, GB21S, GB31S, GC21S, GC21W,<br \/>\nGC41W, GD21S, GD31S, GD31W<\/li>\n<li>Suzuki Every, DA32T, DA32V, DA32W, DA52T, DA52V,<br \/>\nDA52W, DA62T, DA62V, DA62W, DA63T, DA64V, DA64W, DA65T, DB52T, DB52V, DN41T,<br \/>\nDN71T, DN7A1<\/li>\n<li>Suzuki Grand Vitara XL-7, TX83V, TX92V, TY92V<\/li>\n<li>Suzuki Grand Vitara, TA04V, TA0D1, TA44V, TA74V,<br \/>\nTA7D1, TAA4V, TD041, TD042, TD044, TD047, TD04V, TD0D1, TD0D2, TD0D3, TD0D4,<br \/>\nTD0D6, TD0D7, TD148, TD149, TD14V, TD1D8, TD1D9, TD44V, TD54V, TD941, TD943,<br \/>\nTD944, TD945, TD947, TD94V, TDA4V, TDA4W, TDB4V, TE041, TE042, TE044, TE047,<br \/>\nTE04V, TE0D1, TE0D2, TE0D4, TE0D5, TE0D6, TE0D7, TE148, TE149, TE54V, TE941,<br \/>\nTE943, TE944, TE945, TE947, TE94V, TEA4V<\/li>\n<li>Suzuki Ignis, HV51S, HV81S, HX51S, HX81S, HX91S,<br \/>\nHY51S, HY81S<\/li>\n<li>Suzuki Jimny, JA12C, JA12V, JA12W, JA22W, JB23W,<br \/>\nJB32W, JB33W, JB43W<\/li>\n<li>Suzuki Kei, HN11S, HN12S, HN21S, HN22S, HT51S,<br \/>\nHT81S, ZC11S, ZC21S, ZC31S, ZC71S, ZD11S, ZD21S<\/li>\n<li>Suzuki Kizashi, RE91A, RE91S, RE9A1, RE9A3,<br \/>\nRE9A5, RE9A6, RE9A7, RE9A8, RF91S, RF9A1, RF9A3, RF9A5, RF9A6, RF9A7, RF9A8<\/li>\n<li>Suzuki Lapin, HE21S<\/li>\n<li>Suzuki Liana, RA11S, RA31S, RA51S, RA71S, RB31S,<br \/>\nRC11S, RC31H, RC31S, RC51S, RD31S<\/li>\n<li>Suzuki MR, MF21S<\/li>\n<li>Suzuki SX4, A22S0, B22S0, BY41S, YA11S, YA21S,<br \/>\nYA22S, YA2A1, YA411, YA413, YA415, YA417, YA41S, YA51S, YA5A1, YA5A2, YA5A3,<br \/>\nYA5A5, YA5A9, YA82S, YB11S, YB21S, YB22S, YB413, YB415, YB417, YB41S, YB51S,<br \/>\nYB5A1, YB5A2, YB5A3, YB5A4, YB5A7, YB82S, YC11S, YC21S, YC2A1, YC411, YC412,<br \/>\nYC413, YC414, YC415, YC417, YC41S, YC51S, YC5A1, YC5A2, YC5A3, YC5A4, YC5A5,<br \/>\nYC5A7, YC5A8, YC5A9<\/li>\n<li>Suzuki Splash, XB22S, XB32S, XB52S, XB62S, XB82S<\/li>\n<li>Suzuki Swift, AA34S, AA35S, AA44S, AB34S, AB35S,<br \/>\nAB44S, AC34S, AC35S, AD35S, AE35S, AH35S, AH44S, HN11S, HN12S, HN21S, HN22S,<br \/>\nHT51S, HT81S, ZA01S, ZA02S, ZA11S, ZA21S, ZA31S, ZA32S, ZA72S, ZA91S, ZA92S,<br \/>\nZAA2S, ZC01S, ZC02S, ZC11S, ZC21S, ZC31S, ZC32S, ZC71S, ZC72S, ZC82A, ZC82S,<br \/>\nZC91S, ZC92S, ZCA2S, ZD11S, ZD21S, ZD72S, ZDA2S, ZF51S, ZF61S<\/li>\n<li>Suzuki Twin, EC22S<\/li>\n<li>Suzuki Vitara, A01C0, A01V0, SJJ6C, SJV6C, TA01C,<br \/>\nTA01V, TA02C, TA02V, TA51C, TC01C, TC02C, TD01V, TD02V, TD03V, TD21V, TE01V,<br \/>\nTE02V, TE21V, TV01C, TV01V, TV02C, TV02V, TV03C, TV03V, TV04C, TV04V, TW01V,<br \/>\nTW03V, TW04C, TW04V<\/li>\n<li>Suzuki Wagon R Plus, CT21S, CT51S, CV21S, CV51S,<br \/>\nHAF68, MA33S, MA34S, MA43S, MA53S, MA61S, MA63S, MA64S, MA93S, MB33S, MB53S,<br \/>\nMB61S, MC11S, MC12S, MC21S, MC22S, MH21S, MH22S<\/li>\n<li>Suzuki Wagon R Solio, CT21S, CT51S, CV21S, CV51S,<br \/>\nMA34S, MA61S, MA63S, MA64S, MB61S, MC11S, MC12S, MC21S, MC22S, MH21S, MH22S<\/li>\n<li>Suzuki Wagon R Wide, CT21S, CT51S, CV21S, CV51S,<br \/>\nMA34S, MA61S, MA63S, MA64S, MB61S, MC11S, MC12S, MC21S, MC22S, MH21S, MH22S<\/li>\n<li>Suzuki Wagon R, CT21S<\/li>\n<li>Suzuki X-90, LB11S<\/li>\n<li>Toyota Century, VG40, VG45<\/li>\n<li>Toyota Corona, AT190, CT190, CT195, ST190, ST191,<br \/>\nST195<\/li>\n<li>Toyota Hilux, KDN145, KDN150, KDN165, KDN170,<br \/>\nKDN190, KZN130, KZN165, LN105, LN108, LN110, LN130, LN145, LN147, LN152, LN155,<br \/>\nLN166, LN167, LN171, LN172, LN191, LN200, LN80, LN81, LN85, LN86, LN90, LN91,<br \/>\nRN106, RN110, RN125, RN80, RN85, RN90, RZN142, RZN147, RZN148, RZN149, RZN152,<br \/>\nRZN154, RZN168, RZN169, RZN174, RZN193, RZN200, VZN130, VZN167, VZN172, YN106,<br \/>\nYN110, YN80, YN81, YN85, YN86, YN87, YN90, YN92<\/li>\n<li>Toyota Land Cruiser, BJ60, BJ61, BJ61V, FJ60,<br \/>\nFJ61, FJ61V, FJ62, FJ62G, FJ62V, HJ60, HJ60V, HJ61, HJ61V<\/li>\n<li>Toyota MR2, AW10, AW11, SW20, SW20L, SW21<\/li>\n<li>Toyota Starlet, EP71, EP76, NP70, NP76<\/li>\n<li><\/ul>\n<p><\/p>","protected":false},"excerpt":{"rendered":"<p><b>OEM:<\/b> 96057846, 90467-0704904670704M619582, TQ696C07, 09409-07308-5PK, 09409073085PK<\/p>\n<p><b>Dimensiune F:<\/b> 7<br \/><b>Dimensiune H:<\/b> 10<br \/><b>Dimensiune T:<\/b> 15<\/p>\n","protected":false},"featured_media":7233,"template":"","meta":[],"product_cat":[25,92],"product_tag":[],"bundled_by":[],"bundle_stock_status":"instock","bundle_stock_quantity":null,"bundle_virtual":false,"bundle_layout":"","bundle_add_to_cart_form_location":"","bundle_editable_in_cart":false,"bundle_sold_individually_context":"","bundle_item_grouping":"","bundle_min_size":"","bundle_max_size":"","bundled_items":[],"yoast_head":"<!-- This site is optimized with the Yoast SEO Premium plugin v16.6 (Yoast SEO v20.1) - https:\/\/yoast.com\/wordpress\/plugins\/seo\/ -->\n<title>C0564 - Autoclipsuri, Cu un ac de \u00eempingere pe b\u0103t\u0103tur\u0103 - atg.md<\/title>\n<meta name=\"robots\" content=\"index, follow, max-snippet:-1, max-image-preview:large, max-video-preview:-1\" \/>\n<link rel=\"canonical\" href=\"https:\/\/atg.md\/ro\/catalog\/autoclipsuri\/s-nazhimnym-shtyrkom-v-potaj\/c0564\/\" \/>\n<meta property=\"og:locale\" content=\"ro_RO\" \/>\n<meta property=\"og:type\" content=\"article\" \/>\n<meta property=\"og:title\" content=\"C0564 - Autoclipsuri, Cu un ac de \u00eempingere pe b\u0103t\u0103tur\u0103 - atg.md\" \/>\n<meta property=\"og:description\" content=\"OEM: 96057846, 90467-0704904670704M619582, TQ696C07, 09409-07308-5PK, 09409073085PKDimensiune F: 7Dimensiune H: 10Dimensiune T: 15\" \/>\n<meta property=\"og:url\" content=\"https:\/\/atg.md\/ro\/wp-json\/wp\/v2\/product\/7232\" \/>\n<meta property=\"og:site_name\" content=\"atg.md\" \/>\n<meta property=\"article:modified_time\" content=\"2024-07-05T07:03:35+00:00\" \/>\n<meta property=\"og:image\" content=\"https:\/\/atg.md\/wp-content\/uploads\/2021\/03\/c0564.jpg\" \/>\n\t<meta property=\"og:image:width\" content=\"600\" \/>\n\t<meta property=\"og:image:height\" content=\"600\" \/>\n\t<meta property=\"og:image:type\" content=\"image\/jpeg\" \/>\n<meta name=\"twitter:card\" content=\"summary_large_image\" \/>\n<meta name=\"twitter:label1\" content=\"Pre\u021b\" \/>\n\t<meta name=\"twitter:data1\" content=\"5.00&nbsp;MDL\" \/>\n\t<meta name=\"twitter:label2\" content=\"Availability\" \/>\n\t<meta name=\"twitter:data2\" content=\"In stock\" \/>\n<script type=\"application\/ld+json\" class=\"yoast-schema-graph\">{\"@context\":\"https:\/\/schema.org\",\"@graph\":[{\"@type\":\"WebPage\",\"@id\":\"https:\/\/atg.md\/ro\/catalog\/autoclipsuri\/s-nazhimnym-shtyrkom-v-potaj\/c0564\/\",\"url\":\"https:\/\/atg.md\/ro\/catalog\/autoclipsuri\/s-nazhimnym-shtyrkom-v-potaj\/c0564\/\",\"name\":\"C0564 - Autoclipsuri, Cu un ac de \u00eempingere pe b\u0103t\u0103tur\u0103 - atg.md\",\"isPartOf\":{\"@id\":\"https:\/\/atg.md\/ro\/#website\"},\"datePublished\":\"2021-03-30T09:08:43+00:00\",\"dateModified\":\"2024-07-05T07:03:35+00:00\",\"breadcrumb\":{\"@id\":\"https:\/\/atg.md\/ro\/catalog\/autoclipsuri\/s-nazhimnym-shtyrkom-v-potaj\/c0564\/#breadcrumb\"},\"inLanguage\":\"ro-RO\",\"potentialAction\":[{\"@type\":\"ReadAction\",\"target\":[[\"https:\/\/atg.md\/ro\/catalog\/autoclipsuri\/s-nazhimnym-shtyrkom-v-potaj\/c0564\/\"]]}]},{\"@type\":\"BreadcrumbList\",\"@id\":\"https:\/\/atg.md\/ro\/catalog\/autoclipsuri\/s-nazhimnym-shtyrkom-v-potaj\/c0564\/#breadcrumb\",\"itemListElement\":[{\"@type\":\"ListItem\",\"position\":1,\"name\":\"Home\",\"item\":\"https:\/\/atg.md\/ro\/\"},{\"@type\":\"ListItem\",\"position\":2,\"name\":\"\u041a\u0430\u0442\u0430\u043b\u043e\u0433\",\"item\":\"https:\/\/atg.md\/ro\/catalog\/\"},{\"@type\":\"ListItem\",\"position\":3,\"name\":\"C0564\"}]},{\"@type\":\"WebSite\",\"@id\":\"https:\/\/atg.md\/ro\/#website\",\"url\":\"https:\/\/atg.md\/ro\/\",\"name\":\"atg.md\",\"description\":\"V\u00e2nzare de izola\u021bii \u00eempotriva vibra\u021biilor pentru ma\u0219ini, izola\u021bie termic\u0103, izolare fonic\u0103 de la cei mai buni produc\u0103tori, autoclipsuri, elemente de fixare auto. Cump\u0103ra\u021bi \u00een Moldova, Chi\u0219in\u0103u\",\"publisher\":{\"@id\":\"https:\/\/atg.md\/ro\/#organization\"},\"potentialAction\":[{\"@type\":\"SearchAction\",\"target\":{\"@type\":\"EntryPoint\",\"urlTemplate\":\"https:\/\/atg.md\/ro\/?s={search_term_string}\"},\"query-input\":\"required name=search_term_string\"}],\"inLanguage\":\"ro-RO\"},{\"@type\":[\"Organization\",\"Place\",\"AutoPartsStore\"],\"@id\":\"https:\/\/atg.md\/ro\/#organization\",\"name\":\"S.C. AUTOTOM GRUP S.R.L.\",\"url\":\"https:\/\/atg.md\/ro\/\",\"logo\":{\"@type\":\"ImageObject\",\"inLanguage\":\"ro-RO\",\"@id\":\"https:\/\/atg.md\/ro\/#\/schema\/logo\/image\/\",\"url\":\"https:\/\/i2.wp.com\/atg.md\/wp-content\/uploads\/2021\/05\/atg_logo_main.png?fit=656%2C569&ssl=1\",\"contentUrl\":\"https:\/\/i2.wp.com\/atg.md\/wp-content\/uploads\/2021\/05\/atg_logo_main.png?fit=656%2C569&ssl=1\",\"width\":656,\"height\":569,\"caption\":\"S.C. AUTOTOM GRUP S.R.L.\"},\"image\":{\"@id\":\"https:\/\/atg.md\/ro\/#\/schema\/logo\/image\/\"},\"location\":{\"@id\":\"https:\/\/atg.md\/ro\/catalog\/autoclipsuri\/s-nazhimnym-shtyrkom-v-potaj\/c0564\/#local-place\"},\"address\":{\"@id\":\"https:\/\/atg.md\/ro\/catalog\/autoclipsuri\/s-nazhimnym-shtyrkom-v-potaj\/c0564\/#local-place-address\"},\"email\":\"atgtvv@gmail.com\",\"telephone\":\"+37369644446\",\"areaServed\":\"Moldova\"},{\"@type\":\"Place\",\"@id\":\"https:\/\/atg.md\/ro\/catalog\/autoclipsuri\/s-nazhimnym-shtyrkom-v-potaj\/c0564\/#local-place\",\"address\":{\"@type\":\"PostalAddress\",\"@id\":\"https:\/\/atg.md\/ro\/catalog\/autoclipsuri\/s-nazhimnym-shtyrkom-v-potaj\/c0564\/#local-place-address\",\"streetAddress\":\"str. Alba-Iulia 77\/20\",\"addressLocality\":\"Chisinau\",\"postalCode\":\"2043\",\"addressRegion\":\"mun. Chisinau\",\"addressCountry\":\"MD\"},\"geo\":{\"@type\":\"GeoCoordinates\",\"latitude\":\"47.0376\",\"longitude\":\"28.76899\"},\"openingHoursSpecification\":[{\"@type\":\"OpeningHoursSpecification\",\"dayOfWeek\":[\"Monday\",\"Tuesday\",\"Wednesday\",\"Thursday\",\"Friday\"],\"opens\":\"09:00\",\"closes\":\"18:00\"},{\"@type\":\"OpeningHoursSpecification\",\"dayOfWeek\":[\"Saturday\"],\"opens\":\"09:00\",\"closes\":\"14:00\"},{\"@type\":\"OpeningHoursSpecification\",\"dayOfWeek\":[\"Sunday\"],\"opens\":\"00:00\",\"closes\":\"00:00\"}],\"telephone\":\"+37369644446\"}]}<\/script>\n<meta name=\"geo.placename\" content=\"Chisinau\" \/>\n<meta name=\"geo.position\" content=\"47.0376;28.76899\" \/>\n<meta name=\"geo.region\" content=\"Moldova\" \/>\n<!-- \/ Yoast SEO Premium plugin. -->","yoast_head_json":{"title":"C0564 - Autoclipsuri, Cu un ac de \u00eempingere pe b\u0103t\u0103tur\u0103 - atg.md","robots":{"index":"index","follow":"follow","max-snippet":"max-snippet:-1","max-image-preview":"max-image-preview:large","max-video-preview":"max-video-preview:-1"},"canonical":"https:\/\/atg.md\/ro\/catalog\/autoclipsuri\/s-nazhimnym-shtyrkom-v-potaj\/c0564\/","og_locale":"ro_RO","og_type":"article","og_title":"C0564 - Autoclipsuri, Cu un ac de \u00eempingere pe b\u0103t\u0103tur\u0103 - atg.md","og_description":"OEM: 96057846, 90467-0704904670704M619582, TQ696C07, 09409-07308-5PK, 09409073085PKDimensiune F: 7Dimensiune H: 10Dimensiune T: 15","og_url":"https:\/\/atg.md\/ro\/wp-json\/wp\/v2\/product\/7232","og_site_name":"atg.md","article_modified_time":"2024-07-05T07:03:35+00:00","og_image":[{"width":600,"height":600,"url":"https:\/\/atg.md\/wp-content\/uploads\/2021\/03\/c0564.jpg","type":"image\/jpeg"}],"twitter_card":"summary_large_image","twitter_misc":{"Pre\u021b":"5.00&nbsp;MDL","Availability":"In stock"},"schema":{"@context":"https:\/\/schema.org","@graph":[{"@type":"WebPage","@id":"https:\/\/atg.md\/ro\/catalog\/autoclipsuri\/s-nazhimnym-shtyrkom-v-potaj\/c0564\/","url":"https:\/\/atg.md\/ro\/catalog\/autoclipsuri\/s-nazhimnym-shtyrkom-v-potaj\/c0564\/","name":"C0564 - Autoclipsuri, Cu un ac de \u00eempingere pe b\u0103t\u0103tur\u0103 - atg.md","isPartOf":{"@id":"https:\/\/atg.md\/ro\/#website"},"datePublished":"2021-03-30T09:08:43+00:00","dateModified":"2024-07-05T07:03:35+00:00","breadcrumb":{"@id":"https:\/\/atg.md\/ro\/catalog\/autoclipsuri\/s-nazhimnym-shtyrkom-v-potaj\/c0564\/#breadcrumb"},"inLanguage":"ro-RO","potentialAction":[{"@type":"ReadAction","target":[["https:\/\/atg.md\/ro\/catalog\/autoclipsuri\/s-nazhimnym-shtyrkom-v-potaj\/c0564\/"]]}]},{"@type":"BreadcrumbList","@id":"https:\/\/atg.md\/ro\/catalog\/autoclipsuri\/s-nazhimnym-shtyrkom-v-potaj\/c0564\/#breadcrumb","itemListElement":[{"@type":"ListItem","position":1,"name":"Home","item":"https:\/\/atg.md\/ro\/"},{"@type":"ListItem","position":2,"name":"\u041a\u0430\u0442\u0430\u043b\u043e\u0433","item":"https:\/\/atg.md\/ro\/catalog\/"},{"@type":"ListItem","position":3,"name":"C0564"}]},{"@type":"WebSite","@id":"https:\/\/atg.md\/ro\/#website","url":"https:\/\/atg.md\/ro\/","name":"atg.md","description":"V\u00e2nzare de izola\u021bii \u00eempotriva vibra\u021biilor pentru ma\u0219ini, izola\u021bie termic\u0103, izolare fonic\u0103 de la cei mai buni produc\u0103tori, autoclipsuri, elemente de fixare auto. Cump\u0103ra\u021bi \u00een Moldova, Chi\u0219in\u0103u","publisher":{"@id":"https:\/\/atg.md\/ro\/#organization"},"potentialAction":[{"@type":"SearchAction","target":{"@type":"EntryPoint","urlTemplate":"https:\/\/atg.md\/ro\/?s={search_term_string}"},"query-input":"required name=search_term_string"}],"inLanguage":"ro-RO"},{"@type":["Organization","Place","AutoPartsStore"],"@id":"https:\/\/atg.md\/ro\/#organization","name":"S.C. AUTOTOM GRUP S.R.L.","url":"https:\/\/atg.md\/ro\/","logo":{"@type":"ImageObject","inLanguage":"ro-RO","@id":"https:\/\/atg.md\/ro\/#\/schema\/logo\/image\/","url":"https:\/\/i2.wp.com\/atg.md\/wp-content\/uploads\/2021\/05\/atg_logo_main.png?fit=656%2C569&ssl=1","contentUrl":"https:\/\/i2.wp.com\/atg.md\/wp-content\/uploads\/2021\/05\/atg_logo_main.png?fit=656%2C569&ssl=1","width":656,"height":569,"caption":"S.C. AUTOTOM GRUP S.R.L."},"image":{"@id":"https:\/\/atg.md\/ro\/#\/schema\/logo\/image\/"},"location":{"@id":"https:\/\/atg.md\/ro\/catalog\/autoclipsuri\/s-nazhimnym-shtyrkom-v-potaj\/c0564\/#local-place"},"address":{"@id":"https:\/\/atg.md\/ro\/catalog\/autoclipsuri\/s-nazhimnym-shtyrkom-v-potaj\/c0564\/#local-place-address"},"email":"atgtvv@gmail.com","telephone":"+37369644446","areaServed":"Moldova"},{"@type":"Place","@id":"https:\/\/atg.md\/ro\/catalog\/autoclipsuri\/s-nazhimnym-shtyrkom-v-potaj\/c0564\/#local-place","address":{"@type":"PostalAddress","@id":"https:\/\/atg.md\/ro\/catalog\/autoclipsuri\/s-nazhimnym-shtyrkom-v-potaj\/c0564\/#local-place-address","streetAddress":"str. Alba-Iulia 77\/20","addressLocality":"Chisinau","postalCode":"2043","addressRegion":"mun. Chisinau","addressCountry":"MD"},"geo":{"@type":"GeoCoordinates","latitude":"47.0376","longitude":"28.76899"},"openingHoursSpecification":[{"@type":"OpeningHoursSpecification","dayOfWeek":["Monday","Tuesday","Wednesday","Thursday","Friday"],"opens":"09:00","closes":"18:00"},{"@type":"OpeningHoursSpecification","dayOfWeek":["Saturday"],"opens":"09:00","closes":"14:00"},{"@type":"OpeningHoursSpecification","dayOfWeek":["Sunday"],"opens":"00:00","closes":"00:00"}],"telephone":"+37369644446"}]}},"_links":{"self":[{"href":"https:\/\/atg.md\/ro\/wp-json\/wp\/v2\/product\/7232"}],"collection":[{"href":"https:\/\/atg.md\/ro\/wp-json\/wp\/v2\/product"}],"about":[{"href":"https:\/\/atg.md\/ro\/wp-json\/wp\/v2\/types\/product"}],"wp:featuredmedia":[{"embeddable":true,"href":"https:\/\/atg.md\/ro\/wp-json\/wp\/v2\/media\/7233"}],"wp:attachment":[{"href":"https:\/\/atg.md\/ro\/wp-json\/wp\/v2\/media?parent=7232"}],"wp:term":[{"taxonomy":"product_cat","embeddable":true,"href":"https:\/\/atg.md\/ro\/wp-json\/wp\/v2\/product_cat?post=7232"},{"taxonomy":"product_tag","embeddable":true,"href":"https:\/\/atg.md\/ro\/wp-json\/wp\/v2\/product_tag?post=7232"}],"curies":[{"name":"wp","href":"https:\/\/api.w.org\/{rel}","templated":true}]}}