{"id":7216,"date":"2021-03-30T09:08:43","date_gmt":"2021-03-30T09:08:43","guid":{"rendered":"http:\/\/atg.md\/product\/c0545\/"},"modified":"2024-07-05T07:03:31","modified_gmt":"2024-07-05T07:03:31","slug":"c0545","status":"publish","type":"product","link":"https:\/\/atg.md\/ro\/catalog\/autoclipsuri\/figurnye\/c0545\/","title":{"rendered":"C0545"},"content":{"rendered":"<p><strong>Modele:<\/strong><\/p>\n<ul>\n<li>Infiniti G20, P10<\/li>\n<li>Infiniti G35, V35<\/li>\n<li>Infiniti J30, JPY32<\/li>\n<li>Infiniti M30, F31<\/li>\n<li>Infiniti M35, Y50<\/li>\n<li>Infiniti M45, Y50<\/li>\n<li>Infiniti QX4, JR50<\/li>\n<li>Nissan 200SX, B14U, S14<\/li>\n<li>Nissan 240SX, S14<\/li>\n<li>Nissan AD, HY10, MVFY10, MVY10, VB11, VEGY10,<br \/>\nVENY10, VENY11, VEY10, VEY11, VFGY10, VFNY10, VFY10, VFY11, VGY11, VHB11,<br \/>\nVHNY11, VSB11, VSGY10, VSNY10, VSY10, VY10, VY11, WEY10, WFGY10, WFNY10, WFY10,<br \/>\nWFY11, WHNY11, WHY11, WPY11, WRY11, WSY10, WY10, Y10, Y11<\/li>\n<li>Nissan Almera, N15<\/li>\n<li>Nissan Ambulance, ALE50, ALWE50, ATE50, ATWE50,<br \/>\nFLGE50, FLWGE50, FPGE50, FPWGE50<\/li>\n<li>Nissan Atlas, H2F23, H4F23, J2F23, K2F23, K4F23,<br \/>\nM2F23, M4F23, M6F23, N2F23, N4F23, N6F23, P2F23, P4F23, P6F23, P8F23, R2F23,<br \/>\nR4F23, R8F23, SQ1F24, SQ2F24, SZ1F24, SZ2F24, SZ4F24, SZ5F24, TZ2F24, TZ3F24<\/li>\n<li>Nissan Auster, PT11, PT12, T11, T12<\/li>\n<li>Nissan Avenir, PNW10, PNW11, PW10, PW11, RNW11,<br \/>\nRW11, SW10, SW11, VENW10, VEW10, VSW10, W10, W11<\/li>\n<li>Nissan Bassara, JHU30, JNU30, JTNU30, JTU30,<br \/>\nJU30, JVNU30, JVU30<\/li>\n<li>Nissan Bluebird, ENU12, ENU13, EU11, EU12, EU13,<br \/>\nHAU12, HNU12, HNU13, HU12, HU13, PU11, PU13, RNU12, RU11, RU12, SNU13, SU12,<br \/>\nSU13, T12, T72, U11, U12, U13, VEU11, VRU11, WU11, YU11<\/li>\n<li>Nissan Cabstar, F23, F24, F24M<\/li>\n<li>Nissan Caravan, AEGE24, ARE24, ARGE24, ARME24,<br \/>\nARMGE24, CHGE24, CPGE24, CQGE24, CQGE25, CRGE24, CRMGE24, CSGE25, CTGE24,<br \/>\nCWGE24, CWGE25, CWMGE24, CWMGE25, CYGE24, DHGE24, DQGE25, DRGE24, DSGE25,<br \/>\nDTGE24, DWGE24, DWGE25, DWMGE25, DYGE24, FEGE24, FHGE24, FTGE24, KEE24, KHE24,<br \/>\nKHGE24, KRE24, KRGE24, KRME24, KRMGE24, KSE24, KSGE24, QE25, QGE25, SE25,<br \/>\nSGE25, VHE24, VHGE24, VPE24, VPE25, VPGE24, VRE24, VRE25, VRGE24, VRMGE24,<br \/>\nVTE24, VTGE24, VWE24, VWE25, VWGE24, VWME24, VWME25, VWMGE24, VYE24, VYGE24<\/li>\n<li>Nissan Cedric, BJY31, CBJY31, CMJY31, CUY31,<br \/>\nCY31, ENY33, FPAY31, FPY31, HBY33, HY30, HY33, MJY31, MY30, MY33, NY30, PAY31,<br \/>\nPAY32, PBY32, PY30, PY31, PY32, PY33, QJY31, SY31, TY31, UJY31, UY30, UY31,<br \/>\nUY32, UY33, VHY30, VNY30, VUY30, VY30, WHY30, WUY30, WY30, Y30, Y31, Y32, Y33,<br \/>\nYPY30, YPY31, YY31<\/li>\n<li>Nissan Cefiro, A31, CA31, EA31, ECA31, LA31,<br \/>\nLCA31, LNA31, NA31<\/li>\n<li>Nissan Cherry, N12<\/li>\n<li>Nissan Crew, HK30, QK30, SK30, THK30, TSK30,<br \/>\nYHK30<\/li>\n<li>Nissan Datsun Truck, 720, A720, AG720, AGY720,<br \/>\nC720, CG720, DG720, DGY720, DY720, G720, PG720, PGY720, S720, SG720, SGY720<\/li>\n<li>Nissan Datsun, BD22, FMD22, LBD22, LFD22, LPD22,<br \/>\nPD22, QD22, RMD22<\/li>\n<li>Nissan Elgrand, ALE50, ALWE50, APE50, APWE50,<br \/>\nATE50, ATWE50, AVE50, AVWE50, E51, ME51, MNE51, NE51<\/li>\n<li>Nissan Exa, KEN13<\/li>\n<li>Nissan Expert, VENW11, VEW11, VNW11, VW11<\/li>\n<li>Nissan Figaro, FK10<\/li>\n<li>Nissan Fuga, GY50, PNY50, PY50, Y50<\/li>\n<li>Nissan Gazelle, JS12, PS110, S110, S12, US110,<br \/>\nUS12<\/li>\n<li>Nissan Gloria, BJY31, CBJY31, CMJY31, CUY31,<br \/>\nCY31, ENY33, FPAY31, FPY31, HBY33, HY30, HY33, MJY31, MY30, MY33, NY30, PAY31,<br \/>\nPAY32, PBY32, PY30, PY31, PY32, PY33, PY33E, QJY31, TY31, UJY31, UY30, UY31,<br \/>\nUY32, UY33, VHY30, VNY30, VUY30, VY30, WHY30, WUY30, WY30, Y30, Y31, Y32, Y33,<br \/>\nYPY30, YPY31, YY31<\/li>\n<li>Nissan Grand Livina, L10H, L10HH, L10L, L10N,<br \/>\nL10P<\/li>\n<li>Nissan Hardbody, D22S<\/li>\n<li>Nissan Homy, AEGE24, ARE24, ARGE24, ARME24, ARMGE24,<br \/>\nCHGE24, CPGE24, CQGE24, CRGE24, CRMGE24, CTGE24, CWGE24, CWMGE24, CYGE24,<br \/>\nDHGE24, DRGE24, DTGE24, DWGE24, DYGE24, FEGE24, FHGE24, FTGE24, KEE24, KHE24,<br \/>\nKHGE24, KRE24, KRGE24, KRME24, KRMGE24, KSE24, KSGE24, VHE24, VHGE24, VPE24,<br \/>\nVPGE24, VRE24, VRGE24, VRMGE24, VTE24, VTGE24, VWE24, VWGE24, VWME24, VWMGE24,<br \/>\nVYE24, VYGE24<\/li>\n<li>Nissan King Cab, D21, D22, LCD22<\/li>\n<li>Nissan King Van, E24<\/li>\n<li>Nissan Langley, BEN13, BFN13, BFNN13, BHN13,<br \/>\nBHNN13, BSN13, HN12, PN12, SN12<\/li>\n<li>Nissan Largo, NW30, VNW30, VW30, W30<\/li>\n<li>Nissan Laurel Spirit, B11, EB12, FB12, FNB12,<br \/>\nHB11, HB12, SB11, SB12, WB11, WHB11, WSB11<\/li>\n<li>Nissan Laurel, A31, C32, EC33, ECC33, EJC32,<br \/>\nFC33, FJC32, GC32, GC34, GC35, GCC34, GCC35, GNC34, GNC35, HC32, HC33, HC34,<br \/>\nHC35, HCC33, HJC32, SC33, SC34, SJC32<\/li>\n<li>Nissan Leopard, GF31, JENY33, JGBY32, JHBY33,<br \/>\nJHY33, JMY33, JPY32, JPY33, JY33, UF31<\/li>\n<li>Nissan Liberta Villa, BEN13, BFN13, BFNN13,<br \/>\nBHN13, BHNN13, BSN13, HN12, PN12, SN12<\/li>\n<li>Nissan Liberty, PM12, PNM12, RM12, RNM12<\/li>\n<li>Nissan Livina, L10B, L10BB, L10S, L10Z, NL10S,<br \/>\nNL10Z, NTL10L, NTL10N, TL10N<\/li>\n<li>Nissan March, AK11, ANK11, EK10, HK11, K10, K11<\/li>\n<li>Nissan Maxima, A32B, J30, PJ30<\/li>\n<li>Nissan Micra, K10, K11E<\/li>\n<li>Nissan Mistral, KR20, R20<\/li>\n<li>Nissan NP300, D22SS, D22X, LCD22S<\/li>\n<li>Nissan NV350 Caravan, E24, E25, E26, VE24<\/li>\n<li>Nissan NX-Coupe, B13<\/li>\n<li>Nissan Navara, D22S, D22U, LCD22T<\/li>\n<li>Nissan Pao, PK10<\/li>\n<li>Nissan Pathfinder, R50<\/li>\n<li>Nissan Patrol, Y60, Y61<\/li>\n<li>Nissan Pickup, 720, D21<\/li>\n<li><\/ul>\n<p><\/p>","protected":false},"excerpt":{"rendered":"<p><b>OEM:<\/b> 62318-01W00, 6231801W00, 62318-V7000, 62318V7000<\/p>\n<p><b>Dimensiune F:<\/b> 11<br \/><b>Dimensiune H:<\/b> 22.2<br \/><b>Dimensiune T:<\/b> 18.5<\/p>\n","protected":false},"featured_media":7217,"template":"","meta":[],"product_cat":[25,80],"product_tag":[],"bundled_by":[],"bundle_stock_status":"instock","bundle_stock_quantity":null,"bundle_virtual":false,"bundle_layout":"","bundle_add_to_cart_form_location":"","bundle_editable_in_cart":false,"bundle_sold_individually_context":"","bundle_item_grouping":"","bundle_min_size":"","bundle_max_size":"","bundled_items":[],"yoast_head":"<!-- This site is optimized with the Yoast SEO Premium plugin v16.6 (Yoast SEO v20.1) - https:\/\/yoast.com\/wordpress\/plugins\/seo\/ -->\n<title>C0545 - Autoclipsuri, Cre\u021b - atg.md<\/title>\n<meta name=\"robots\" content=\"index, follow, max-snippet:-1, max-image-preview:large, max-video-preview:-1\" \/>\n<link rel=\"canonical\" href=\"https:\/\/atg.md\/ro\/catalog\/autoclipsuri\/figurnye\/c0545\/\" \/>\n<meta property=\"og:locale\" content=\"ro_RO\" \/>\n<meta property=\"og:type\" content=\"article\" \/>\n<meta property=\"og:title\" content=\"C0545 - Autoclipsuri, Cre\u021b - atg.md\" \/>\n<meta property=\"og:description\" content=\"OEM: 62318-01W00, 6231801W00, 62318-V7000, 62318V7000Dimensiune F: 11Dimensiune H: 22.2Dimensiune T: 18.5\" \/>\n<meta property=\"og:url\" content=\"https:\/\/atg.md\/ro\/wp-json\/wp\/v2\/product\/7216\" \/>\n<meta property=\"og:site_name\" content=\"atg.md\" \/>\n<meta property=\"article:modified_time\" content=\"2024-07-05T07:03:31+00:00\" \/>\n<meta property=\"og:image\" content=\"https:\/\/atg.md\/wp-content\/uploads\/2021\/03\/c0545.jpg\" \/>\n\t<meta property=\"og:image:width\" content=\"600\" \/>\n\t<meta property=\"og:image:height\" content=\"600\" \/>\n\t<meta property=\"og:image:type\" content=\"image\/jpeg\" \/>\n<meta name=\"twitter:card\" content=\"summary_large_image\" \/>\n<meta name=\"twitter:label1\" content=\"Pre\u021b\" \/>\n\t<meta name=\"twitter:data1\" content=\"6.00&nbsp;MDL\" \/>\n\t<meta name=\"twitter:label2\" content=\"Availability\" \/>\n\t<meta name=\"twitter:data2\" content=\"In stock\" \/>\n<script type=\"application\/ld+json\" class=\"yoast-schema-graph\">{\"@context\":\"https:\/\/schema.org\",\"@graph\":[{\"@type\":\"WebPage\",\"@id\":\"https:\/\/atg.md\/ro\/catalog\/autoclipsuri\/figurnye\/c0545\/\",\"url\":\"https:\/\/atg.md\/ro\/catalog\/autoclipsuri\/figurnye\/c0545\/\",\"name\":\"C0545 - Autoclipsuri, Cre\u021b - atg.md\",\"isPartOf\":{\"@id\":\"https:\/\/atg.md\/ro\/#website\"},\"datePublished\":\"2021-03-30T09:08:43+00:00\",\"dateModified\":\"2024-07-05T07:03:31+00:00\",\"breadcrumb\":{\"@id\":\"https:\/\/atg.md\/ro\/catalog\/autoclipsuri\/figurnye\/c0545\/#breadcrumb\"},\"inLanguage\":\"ro-RO\",\"potentialAction\":[{\"@type\":\"ReadAction\",\"target\":[[\"https:\/\/atg.md\/ro\/catalog\/autoclipsuri\/figurnye\/c0545\/\"]]}]},{\"@type\":\"BreadcrumbList\",\"@id\":\"https:\/\/atg.md\/ro\/catalog\/autoclipsuri\/figurnye\/c0545\/#breadcrumb\",\"itemListElement\":[{\"@type\":\"ListItem\",\"position\":1,\"name\":\"Home\",\"item\":\"https:\/\/atg.md\/ro\/\"},{\"@type\":\"ListItem\",\"position\":2,\"name\":\"\u041a\u0430\u0442\u0430\u043b\u043e\u0433\",\"item\":\"https:\/\/atg.md\/ro\/catalog\/\"},{\"@type\":\"ListItem\",\"position\":3,\"name\":\"C0545\"}]},{\"@type\":\"WebSite\",\"@id\":\"https:\/\/atg.md\/ro\/#website\",\"url\":\"https:\/\/atg.md\/ro\/\",\"name\":\"atg.md\",\"description\":\"V\u00e2nzare de izola\u021bii \u00eempotriva vibra\u021biilor pentru ma\u0219ini, izola\u021bie termic\u0103, izolare fonic\u0103 de la cei mai buni produc\u0103tori, autoclipsuri, elemente de fixare auto. Cump\u0103ra\u021bi \u00een Moldova, Chi\u0219in\u0103u\",\"publisher\":{\"@id\":\"https:\/\/atg.md\/ro\/#organization\"},\"potentialAction\":[{\"@type\":\"SearchAction\",\"target\":{\"@type\":\"EntryPoint\",\"urlTemplate\":\"https:\/\/atg.md\/ro\/?s={search_term_string}\"},\"query-input\":\"required name=search_term_string\"}],\"inLanguage\":\"ro-RO\"},{\"@type\":[\"Organization\",\"Place\",\"AutoPartsStore\"],\"@id\":\"https:\/\/atg.md\/ro\/#organization\",\"name\":\"S.C. AUTOTOM GRUP S.R.L.\",\"url\":\"https:\/\/atg.md\/ro\/\",\"logo\":{\"@type\":\"ImageObject\",\"inLanguage\":\"ro-RO\",\"@id\":\"https:\/\/atg.md\/ro\/#\/schema\/logo\/image\/\",\"url\":\"https:\/\/i2.wp.com\/atg.md\/wp-content\/uploads\/2021\/05\/atg_logo_main.png?fit=656%2C569&ssl=1\",\"contentUrl\":\"https:\/\/i2.wp.com\/atg.md\/wp-content\/uploads\/2021\/05\/atg_logo_main.png?fit=656%2C569&ssl=1\",\"width\":656,\"height\":569,\"caption\":\"S.C. AUTOTOM GRUP S.R.L.\"},\"image\":{\"@id\":\"https:\/\/atg.md\/ro\/#\/schema\/logo\/image\/\"},\"location\":{\"@id\":\"https:\/\/atg.md\/ro\/catalog\/autoclipsuri\/figurnye\/c0545\/#local-place\"},\"address\":{\"@id\":\"https:\/\/atg.md\/ro\/catalog\/autoclipsuri\/figurnye\/c0545\/#local-place-address\"},\"email\":\"atgtvv@gmail.com\",\"telephone\":\"+37369644446\",\"areaServed\":\"Moldova\"},{\"@type\":\"Place\",\"@id\":\"https:\/\/atg.md\/ro\/catalog\/autoclipsuri\/figurnye\/c0545\/#local-place\",\"address\":{\"@type\":\"PostalAddress\",\"@id\":\"https:\/\/atg.md\/ro\/catalog\/autoclipsuri\/figurnye\/c0545\/#local-place-address\",\"streetAddress\":\"str. Alba-Iulia 77\/20\",\"addressLocality\":\"Chisinau\",\"postalCode\":\"2043\",\"addressRegion\":\"mun. Chisinau\",\"addressCountry\":\"MD\"},\"geo\":{\"@type\":\"GeoCoordinates\",\"latitude\":\"47.0376\",\"longitude\":\"28.76899\"},\"openingHoursSpecification\":[{\"@type\":\"OpeningHoursSpecification\",\"dayOfWeek\":[\"Monday\",\"Tuesday\",\"Wednesday\",\"Thursday\",\"Friday\"],\"opens\":\"09:00\",\"closes\":\"18:00\"},{\"@type\":\"OpeningHoursSpecification\",\"dayOfWeek\":[\"Saturday\"],\"opens\":\"09:00\",\"closes\":\"14:00\"},{\"@type\":\"OpeningHoursSpecification\",\"dayOfWeek\":[\"Sunday\"],\"opens\":\"00:00\",\"closes\":\"00:00\"}],\"telephone\":\"+37369644446\"}]}<\/script>\n<meta name=\"geo.placename\" content=\"Chisinau\" \/>\n<meta name=\"geo.position\" content=\"47.0376;28.76899\" \/>\n<meta name=\"geo.region\" content=\"Moldova\" \/>\n<!-- \/ Yoast SEO Premium plugin. -->","yoast_head_json":{"title":"C0545 - Autoclipsuri, Cre\u021b - atg.md","robots":{"index":"index","follow":"follow","max-snippet":"max-snippet:-1","max-image-preview":"max-image-preview:large","max-video-preview":"max-video-preview:-1"},"canonical":"https:\/\/atg.md\/ro\/catalog\/autoclipsuri\/figurnye\/c0545\/","og_locale":"ro_RO","og_type":"article","og_title":"C0545 - Autoclipsuri, Cre\u021b - atg.md","og_description":"OEM: 62318-01W00, 6231801W00, 62318-V7000, 62318V7000Dimensiune F: 11Dimensiune H: 22.2Dimensiune T: 18.5","og_url":"https:\/\/atg.md\/ro\/wp-json\/wp\/v2\/product\/7216","og_site_name":"atg.md","article_modified_time":"2024-07-05T07:03:31+00:00","og_image":[{"width":600,"height":600,"url":"https:\/\/atg.md\/wp-content\/uploads\/2021\/03\/c0545.jpg","type":"image\/jpeg"}],"twitter_card":"summary_large_image","twitter_misc":{"Pre\u021b":"6.00&nbsp;MDL","Availability":"In stock"},"schema":{"@context":"https:\/\/schema.org","@graph":[{"@type":"WebPage","@id":"https:\/\/atg.md\/ro\/catalog\/autoclipsuri\/figurnye\/c0545\/","url":"https:\/\/atg.md\/ro\/catalog\/autoclipsuri\/figurnye\/c0545\/","name":"C0545 - Autoclipsuri, Cre\u021b - atg.md","isPartOf":{"@id":"https:\/\/atg.md\/ro\/#website"},"datePublished":"2021-03-30T09:08:43+00:00","dateModified":"2024-07-05T07:03:31+00:00","breadcrumb":{"@id":"https:\/\/atg.md\/ro\/catalog\/autoclipsuri\/figurnye\/c0545\/#breadcrumb"},"inLanguage":"ro-RO","potentialAction":[{"@type":"ReadAction","target":[["https:\/\/atg.md\/ro\/catalog\/autoclipsuri\/figurnye\/c0545\/"]]}]},{"@type":"BreadcrumbList","@id":"https:\/\/atg.md\/ro\/catalog\/autoclipsuri\/figurnye\/c0545\/#breadcrumb","itemListElement":[{"@type":"ListItem","position":1,"name":"Home","item":"https:\/\/atg.md\/ro\/"},{"@type":"ListItem","position":2,"name":"\u041a\u0430\u0442\u0430\u043b\u043e\u0433","item":"https:\/\/atg.md\/ro\/catalog\/"},{"@type":"ListItem","position":3,"name":"C0545"}]},{"@type":"WebSite","@id":"https:\/\/atg.md\/ro\/#website","url":"https:\/\/atg.md\/ro\/","name":"atg.md","description":"V\u00e2nzare de izola\u021bii \u00eempotriva vibra\u021biilor pentru ma\u0219ini, izola\u021bie termic\u0103, izolare fonic\u0103 de la cei mai buni produc\u0103tori, autoclipsuri, elemente de fixare auto. Cump\u0103ra\u021bi \u00een Moldova, Chi\u0219in\u0103u","publisher":{"@id":"https:\/\/atg.md\/ro\/#organization"},"potentialAction":[{"@type":"SearchAction","target":{"@type":"EntryPoint","urlTemplate":"https:\/\/atg.md\/ro\/?s={search_term_string}"},"query-input":"required name=search_term_string"}],"inLanguage":"ro-RO"},{"@type":["Organization","Place","AutoPartsStore"],"@id":"https:\/\/atg.md\/ro\/#organization","name":"S.C. AUTOTOM GRUP S.R.L.","url":"https:\/\/atg.md\/ro\/","logo":{"@type":"ImageObject","inLanguage":"ro-RO","@id":"https:\/\/atg.md\/ro\/#\/schema\/logo\/image\/","url":"https:\/\/i2.wp.com\/atg.md\/wp-content\/uploads\/2021\/05\/atg_logo_main.png?fit=656%2C569&ssl=1","contentUrl":"https:\/\/i2.wp.com\/atg.md\/wp-content\/uploads\/2021\/05\/atg_logo_main.png?fit=656%2C569&ssl=1","width":656,"height":569,"caption":"S.C. AUTOTOM GRUP S.R.L."},"image":{"@id":"https:\/\/atg.md\/ro\/#\/schema\/logo\/image\/"},"location":{"@id":"https:\/\/atg.md\/ro\/catalog\/autoclipsuri\/figurnye\/c0545\/#local-place"},"address":{"@id":"https:\/\/atg.md\/ro\/catalog\/autoclipsuri\/figurnye\/c0545\/#local-place-address"},"email":"atgtvv@gmail.com","telephone":"+37369644446","areaServed":"Moldova"},{"@type":"Place","@id":"https:\/\/atg.md\/ro\/catalog\/autoclipsuri\/figurnye\/c0545\/#local-place","address":{"@type":"PostalAddress","@id":"https:\/\/atg.md\/ro\/catalog\/autoclipsuri\/figurnye\/c0545\/#local-place-address","streetAddress":"str. Alba-Iulia 77\/20","addressLocality":"Chisinau","postalCode":"2043","addressRegion":"mun. Chisinau","addressCountry":"MD"},"geo":{"@type":"GeoCoordinates","latitude":"47.0376","longitude":"28.76899"},"openingHoursSpecification":[{"@type":"OpeningHoursSpecification","dayOfWeek":["Monday","Tuesday","Wednesday","Thursday","Friday"],"opens":"09:00","closes":"18:00"},{"@type":"OpeningHoursSpecification","dayOfWeek":["Saturday"],"opens":"09:00","closes":"14:00"},{"@type":"OpeningHoursSpecification","dayOfWeek":["Sunday"],"opens":"00:00","closes":"00:00"}],"telephone":"+37369644446"}]}},"_links":{"self":[{"href":"https:\/\/atg.md\/ro\/wp-json\/wp\/v2\/product\/7216"}],"collection":[{"href":"https:\/\/atg.md\/ro\/wp-json\/wp\/v2\/product"}],"about":[{"href":"https:\/\/atg.md\/ro\/wp-json\/wp\/v2\/types\/product"}],"wp:featuredmedia":[{"embeddable":true,"href":"https:\/\/atg.md\/ro\/wp-json\/wp\/v2\/media\/7217"}],"wp:attachment":[{"href":"https:\/\/atg.md\/ro\/wp-json\/wp\/v2\/media?parent=7216"}],"wp:term":[{"taxonomy":"product_cat","embeddable":true,"href":"https:\/\/atg.md\/ro\/wp-json\/wp\/v2\/product_cat?post=7216"},{"taxonomy":"product_tag","embeddable":true,"href":"https:\/\/atg.md\/ro\/wp-json\/wp\/v2\/product_tag?post=7216"}],"curies":[{"name":"wp","href":"https:\/\/api.w.org\/{rel}","templated":true}]}}