{"id":7210,"date":"2021-03-30T09:08:30","date_gmt":"2021-03-30T09:08:30","guid":{"rendered":"http:\/\/atg.md\/product\/c0541\/"},"modified":"2024-07-05T07:03:30","modified_gmt":"2024-07-05T07:03:30","slug":"c0541","status":"publish","type":"product","link":"https:\/\/atg.md\/ro\/catalog\/autoclipsuri\/s-nazhimnym-shtyrkom-v-potaj\/c0541\/","title":{"rendered":"C0541"},"content":{"rendered":"<p><strong>Modele:<\/strong><\/p>\n<ul>\n<li>Honda CR-X, AS<\/li>\n<li>Honda Accord<\/li>\n<li>Honda City<\/li>\n<li>Honda Civic<\/li>\n<li>Honda CR-V<\/li>\n<li>Honda FR-V<\/li>\n<li>Honda Jazz<\/li>\n<li>Honda Legend<\/li>\n<li>Infiniti G20, P10<\/li>\n<li>Infiniti I30, A32, CA33<\/li>\n<li>Infiniti I35, CA33<\/li>\n<li>Infiniti J30, JPY32<\/li>\n<li>Infiniti M30, F31<\/li>\n<li>Infiniti M35, G50, HG50<\/li>\n<li>Infiniti Q45, FGY33, G50<\/li>\n<li>Infiniti QX4, JR50<\/li>\n<li>Nissan 100NX, B13<\/li>\n<li>Nissan 180SX, KRPS13, RPS13, RS13<\/li>\n<li>Nissan 200SX, B14U, S13, S14<\/li>\n<li>Nissan 240SX, S14<\/li>\n<li>Nissan 300ZX, Z32<\/li>\n<li>Nissan AD, HY10, MVFY10, MVY10, VEGY10, VENY10,<br \/>\nVEY10, VFGY10, VFNY10, VFY10, VSGY10, VSNY10, VSY10, VY10, WEY10, WFGY10,<br \/>\nWFNY10, WFY10, WSY10, WY10, Y10<\/li>\n<li>Nissan Almera, N15, N16, N16E, V10M<\/li>\n<li>Nissan Altima, L30<\/li>\n<li>Nissan Auster, PT12, T12<\/li>\n<li>Nissan Avenir, PNW10, PW10, SW10, VENW10, VEW10,<br \/>\nVSW10, W10<\/li>\n<li>Nissan Bluebird Sylphy, FG10, QG10, QNG10, TG10<\/li>\n<li>Nissan Bluebird, ENU12, ENU13, EU11, EU12, EU13,<br \/>\nHAU12, HNU12, HNU13, HU12, HU13, PU11, PU13, RNU12, RU11, RU12, SNU13, SU12,<br \/>\nSU13, T12, U11, U12, U13, YU11<\/li>\n<li>Nissan Cedric, BJY31, CBJY31, CMJY31, CUY31,<br \/>\nCY31, ENY33, FPAY31, FPY31, HBY33, HY33, MJY31, MY33, NJY31, PAY31, PAY32,<br \/>\nPBY32, PY31, PY32, PY33, QJY31, SY31, TNJY31, TUJY31, TY31, UJY31, UY31, UY32,<br \/>\nUY33, Y31, Y32, Y33, YPY31, YY31<\/li>\n<li>Nissan Cefiro, A31, A32, CA31, EA31, ECA31, HA32,<br \/>\nLA31, LCA31, LNA31, NA31, PA32, WA32, WHA32, WPA32<\/li>\n<li>Nissan Cima, FGDY32, FGDY33, FGNY32, FGNY33,<br \/>\nFGY32, FGY33, FHY33, FPY32<\/li>\n<li>Nissan Civilian, ACW41, AHW41, AJW41, AVW41,<br \/>\nBCW41, BGW40, BHW41, BJW41, BVW41, BW40, DCW41, DHW41, DJW41, DVW41, FGW40,<br \/>\nFW40, MGW40, MW40, RAW40, RGW40, RW40, RYW40, UW40, W41<\/li>\n<li>Nissan Crew, HK30, QK30, SK30, THK30, TSK30,<br \/>\nYHK30<\/li>\n<li>Nissan Cube, ANZ10, AZ10, Z10<\/li>\n<li>Nissan Datsun Truck, AD21, AGD21, AMD21, BD21,<br \/>\nBGD21, BMD21, CD21, CGD21, D21, DD21, DMD21, DYD21, FD21, FGD21, FMD21, FYD21,<br \/>\nGD21, PD21, PGD21, PMD21, QD21, QGD21, QMD21, QYD21<\/li>\n<li>Nissan Exa, KEN13<\/li>\n<li>Nissan Gazelle, JS12, S12, US12<\/li>\n<li>Nissan Gloria, BJY31, CBJY31, CMJY31, CUY31,<br \/>\nCY31, ENY33, FPAY31, FPY31, HBY33, HY33, MJY31, MY33, NJY31, PAY31, PAY32,<br \/>\nPBY32, PY31, PY32, PY33, PY33E, QJY31, TNJY31, TUJY31, TY31, UJY31, UY31, UY32,<br \/>\nUY33, Y31, Y32, Y33, YPY31, YY31<\/li>\n<li>Nissan Hypermini, EA0<\/li>\n<li>Nissan King Cab, D21<\/li>\n<li>Nissan Largo, NW30, VNW30, VW30, W30<\/li>\n<li>Nissan Laurel Spirit, EB12, FB12, FNB12, HB12,<br \/>\nSB12<\/li>\n<li>Nissan Laurel, A31, C32, EC33, ECC33, EJC32,<br \/>\nFC33, FJC32, GC32, GC34, GC35, GCC34, GCC35, GNC34, GNC35, HC32, HC33, HC34,<br \/>\nHC35, HCC33, HJC32, SC33, SC34, SC35, SJC32<\/li>\n<li>Nissan Leopard, GF31, JGBY32, JPY32, UF31<\/li>\n<li>Nissan Lucino, B14, EB14, FB14, FNB14, HB14,<br \/>\nJB14, SB14, SNB14<\/li>\n<li>Nissan March Box, WAK11, WK11<\/li>\n<li>Nissan March, AK11, ANK11, FHK11, HK11, K11<\/li>\n<li>Nissan Maxima, A32, A32B, A33B, A34, J30, PJ30<\/li>\n<li>Nissan Micra, K11E<\/li>\n<li>Nissan Mistral, KR20, R20<\/li>\n<li>Nissan Murano, CZ51, PNZ51, TNZ51, Z51, Z51R,<br \/>\nZ51Z<\/li>\n<li>Nissan NX-Coupe, B13<\/li>\n<li>Nissan Navara, D22U<\/li>\n<li>Nissan Pathfinder, R50<\/li>\n<li>Nissan Patrol, Y60<\/li>\n<li>Nissan Pickup, D21, D21U<\/li>\n<li>Nissan Prairie, <\/li>\n<\/ul>\n<p><\/p>","protected":false},"excerpt":{"rendered":"<p><b>OEM:<\/b> 91545-SE0-0030-W, 91545SE00030W, 63848-01G00, 6384801G00, 63848-WA000, 63848WA000, 91059FC010<\/p>\n<p><b>Dimensiune F:<\/b> 8<br \/><b>Dimensiune H:<\/b> 11<br \/><b>Dimensiune T:<\/b> 20<\/p>\n","protected":false},"featured_media":7211,"template":"","meta":[],"product_cat":[25,92],"product_tag":[],"bundled_by":[],"bundle_stock_status":"instock","bundle_stock_quantity":null,"bundle_virtual":false,"bundle_layout":"","bundle_add_to_cart_form_location":"","bundle_editable_in_cart":false,"bundle_sold_individually_context":"","bundle_item_grouping":"","bundle_min_size":"","bundle_max_size":"","bundled_items":[],"yoast_head":"<!-- This site is optimized with the Yoast SEO Premium plugin v16.6 (Yoast SEO v20.1) - https:\/\/yoast.com\/wordpress\/plugins\/seo\/ -->\n<title>C0541 - Autoclipsuri, Cu un ac de \u00eempingere pe b\u0103t\u0103tur\u0103 - atg.md<\/title>\n<meta name=\"robots\" content=\"index, follow, max-snippet:-1, max-image-preview:large, max-video-preview:-1\" \/>\n<link rel=\"canonical\" href=\"https:\/\/atg.md\/ro\/catalog\/autoclipsuri\/s-nazhimnym-shtyrkom-v-potaj\/c0541\/\" \/>\n<meta property=\"og:locale\" content=\"ro_RO\" \/>\n<meta property=\"og:type\" content=\"article\" \/>\n<meta property=\"og:title\" content=\"C0541 - Autoclipsuri, Cu un ac de \u00eempingere pe b\u0103t\u0103tur\u0103 - atg.md\" \/>\n<meta property=\"og:description\" content=\"OEM: 91545-SE0-0030-W, 91545SE00030W, 63848-01G00, 6384801G00, 63848-WA000, 63848WA000, 91059FC010Dimensiune F: 8Dimensiune H: 11Dimensiune T: 20\" \/>\n<meta property=\"og:url\" content=\"https:\/\/atg.md\/ro\/wp-json\/wp\/v2\/product\/7210\" \/>\n<meta property=\"og:site_name\" content=\"atg.md\" \/>\n<meta property=\"article:modified_time\" content=\"2024-07-05T07:03:30+00:00\" \/>\n<meta property=\"og:image\" content=\"https:\/\/atg.md\/wp-content\/uploads\/2021\/03\/c0541.jpg\" \/>\n\t<meta property=\"og:image:width\" content=\"600\" \/>\n\t<meta property=\"og:image:height\" content=\"600\" \/>\n\t<meta property=\"og:image:type\" content=\"image\/jpeg\" \/>\n<meta name=\"twitter:card\" content=\"summary_large_image\" \/>\n<meta name=\"twitter:label1\" content=\"Pre\u021b\" \/>\n\t<meta name=\"twitter:data1\" content=\"6.00&nbsp;MDL\" \/>\n\t<meta name=\"twitter:label2\" content=\"Availability\" \/>\n\t<meta name=\"twitter:data2\" content=\"In stock\" \/>\n<script type=\"application\/ld+json\" class=\"yoast-schema-graph\">{\"@context\":\"https:\/\/schema.org\",\"@graph\":[{\"@type\":\"WebPage\",\"@id\":\"https:\/\/atg.md\/ro\/catalog\/autoclipsuri\/s-nazhimnym-shtyrkom-v-potaj\/c0541\/\",\"url\":\"https:\/\/atg.md\/ro\/catalog\/autoclipsuri\/s-nazhimnym-shtyrkom-v-potaj\/c0541\/\",\"name\":\"C0541 - Autoclipsuri, Cu un ac de \u00eempingere pe b\u0103t\u0103tur\u0103 - atg.md\",\"isPartOf\":{\"@id\":\"https:\/\/atg.md\/ro\/#website\"},\"datePublished\":\"2021-03-30T09:08:30+00:00\",\"dateModified\":\"2024-07-05T07:03:30+00:00\",\"breadcrumb\":{\"@id\":\"https:\/\/atg.md\/ro\/catalog\/autoclipsuri\/s-nazhimnym-shtyrkom-v-potaj\/c0541\/#breadcrumb\"},\"inLanguage\":\"ro-RO\",\"potentialAction\":[{\"@type\":\"ReadAction\",\"target\":[[\"https:\/\/atg.md\/ro\/catalog\/autoclipsuri\/s-nazhimnym-shtyrkom-v-potaj\/c0541\/\"]]}]},{\"@type\":\"BreadcrumbList\",\"@id\":\"https:\/\/atg.md\/ro\/catalog\/autoclipsuri\/s-nazhimnym-shtyrkom-v-potaj\/c0541\/#breadcrumb\",\"itemListElement\":[{\"@type\":\"ListItem\",\"position\":1,\"name\":\"Home\",\"item\":\"https:\/\/atg.md\/ro\/\"},{\"@type\":\"ListItem\",\"position\":2,\"name\":\"\u041a\u0430\u0442\u0430\u043b\u043e\u0433\",\"item\":\"https:\/\/atg.md\/ro\/catalog\/\"},{\"@type\":\"ListItem\",\"position\":3,\"name\":\"C0541\"}]},{\"@type\":\"WebSite\",\"@id\":\"https:\/\/atg.md\/ro\/#website\",\"url\":\"https:\/\/atg.md\/ro\/\",\"name\":\"atg.md\",\"description\":\"V\u00e2nzare de izola\u021bii \u00eempotriva vibra\u021biilor pentru ma\u0219ini, izola\u021bie termic\u0103, izolare fonic\u0103 de la cei mai buni produc\u0103tori, autoclipsuri, elemente de fixare auto. Cump\u0103ra\u021bi \u00een Moldova, Chi\u0219in\u0103u\",\"publisher\":{\"@id\":\"https:\/\/atg.md\/ro\/#organization\"},\"potentialAction\":[{\"@type\":\"SearchAction\",\"target\":{\"@type\":\"EntryPoint\",\"urlTemplate\":\"https:\/\/atg.md\/ro\/?s={search_term_string}\"},\"query-input\":\"required name=search_term_string\"}],\"inLanguage\":\"ro-RO\"},{\"@type\":[\"Organization\",\"Place\",\"AutoPartsStore\"],\"@id\":\"https:\/\/atg.md\/ro\/#organization\",\"name\":\"S.C. AUTOTOM GRUP S.R.L.\",\"url\":\"https:\/\/atg.md\/ro\/\",\"logo\":{\"@type\":\"ImageObject\",\"inLanguage\":\"ro-RO\",\"@id\":\"https:\/\/atg.md\/ro\/#\/schema\/logo\/image\/\",\"url\":\"https:\/\/i2.wp.com\/atg.md\/wp-content\/uploads\/2021\/05\/atg_logo_main.png?fit=656%2C569&ssl=1\",\"contentUrl\":\"https:\/\/i2.wp.com\/atg.md\/wp-content\/uploads\/2021\/05\/atg_logo_main.png?fit=656%2C569&ssl=1\",\"width\":656,\"height\":569,\"caption\":\"S.C. AUTOTOM GRUP S.R.L.\"},\"image\":{\"@id\":\"https:\/\/atg.md\/ro\/#\/schema\/logo\/image\/\"},\"location\":{\"@id\":\"https:\/\/atg.md\/ro\/catalog\/autoclipsuri\/s-nazhimnym-shtyrkom-v-potaj\/c0541\/#local-place\"},\"address\":{\"@id\":\"https:\/\/atg.md\/ro\/catalog\/autoclipsuri\/s-nazhimnym-shtyrkom-v-potaj\/c0541\/#local-place-address\"},\"email\":\"atgtvv@gmail.com\",\"telephone\":\"+37369644446\",\"areaServed\":\"Moldova\"},{\"@type\":\"Place\",\"@id\":\"https:\/\/atg.md\/ro\/catalog\/autoclipsuri\/s-nazhimnym-shtyrkom-v-potaj\/c0541\/#local-place\",\"address\":{\"@type\":\"PostalAddress\",\"@id\":\"https:\/\/atg.md\/ro\/catalog\/autoclipsuri\/s-nazhimnym-shtyrkom-v-potaj\/c0541\/#local-place-address\",\"streetAddress\":\"str. Alba-Iulia 77\/20\",\"addressLocality\":\"Chisinau\",\"postalCode\":\"2043\",\"addressRegion\":\"mun. Chisinau\",\"addressCountry\":\"MD\"},\"geo\":{\"@type\":\"GeoCoordinates\",\"latitude\":\"47.0376\",\"longitude\":\"28.76899\"},\"openingHoursSpecification\":[{\"@type\":\"OpeningHoursSpecification\",\"dayOfWeek\":[\"Monday\",\"Tuesday\",\"Wednesday\",\"Thursday\",\"Friday\"],\"opens\":\"09:00\",\"closes\":\"18:00\"},{\"@type\":\"OpeningHoursSpecification\",\"dayOfWeek\":[\"Saturday\"],\"opens\":\"09:00\",\"closes\":\"14:00\"},{\"@type\":\"OpeningHoursSpecification\",\"dayOfWeek\":[\"Sunday\"],\"opens\":\"00:00\",\"closes\":\"00:00\"}],\"telephone\":\"+37369644446\"}]}<\/script>\n<meta name=\"geo.placename\" content=\"Chisinau\" \/>\n<meta name=\"geo.position\" content=\"47.0376;28.76899\" \/>\n<meta name=\"geo.region\" content=\"Moldova\" \/>\n<!-- \/ Yoast SEO Premium plugin. -->","yoast_head_json":{"title":"C0541 - Autoclipsuri, Cu un ac de \u00eempingere pe b\u0103t\u0103tur\u0103 - atg.md","robots":{"index":"index","follow":"follow","max-snippet":"max-snippet:-1","max-image-preview":"max-image-preview:large","max-video-preview":"max-video-preview:-1"},"canonical":"https:\/\/atg.md\/ro\/catalog\/autoclipsuri\/s-nazhimnym-shtyrkom-v-potaj\/c0541\/","og_locale":"ro_RO","og_type":"article","og_title":"C0541 - Autoclipsuri, Cu un ac de \u00eempingere pe b\u0103t\u0103tur\u0103 - atg.md","og_description":"OEM: 91545-SE0-0030-W, 91545SE00030W, 63848-01G00, 6384801G00, 63848-WA000, 63848WA000, 91059FC010Dimensiune F: 8Dimensiune H: 11Dimensiune T: 20","og_url":"https:\/\/atg.md\/ro\/wp-json\/wp\/v2\/product\/7210","og_site_name":"atg.md","article_modified_time":"2024-07-05T07:03:30+00:00","og_image":[{"width":600,"height":600,"url":"https:\/\/atg.md\/wp-content\/uploads\/2021\/03\/c0541.jpg","type":"image\/jpeg"}],"twitter_card":"summary_large_image","twitter_misc":{"Pre\u021b":"6.00&nbsp;MDL","Availability":"In stock"},"schema":{"@context":"https:\/\/schema.org","@graph":[{"@type":"WebPage","@id":"https:\/\/atg.md\/ro\/catalog\/autoclipsuri\/s-nazhimnym-shtyrkom-v-potaj\/c0541\/","url":"https:\/\/atg.md\/ro\/catalog\/autoclipsuri\/s-nazhimnym-shtyrkom-v-potaj\/c0541\/","name":"C0541 - Autoclipsuri, Cu un ac de \u00eempingere pe b\u0103t\u0103tur\u0103 - atg.md","isPartOf":{"@id":"https:\/\/atg.md\/ro\/#website"},"datePublished":"2021-03-30T09:08:30+00:00","dateModified":"2024-07-05T07:03:30+00:00","breadcrumb":{"@id":"https:\/\/atg.md\/ro\/catalog\/autoclipsuri\/s-nazhimnym-shtyrkom-v-potaj\/c0541\/#breadcrumb"},"inLanguage":"ro-RO","potentialAction":[{"@type":"ReadAction","target":[["https:\/\/atg.md\/ro\/catalog\/autoclipsuri\/s-nazhimnym-shtyrkom-v-potaj\/c0541\/"]]}]},{"@type":"BreadcrumbList","@id":"https:\/\/atg.md\/ro\/catalog\/autoclipsuri\/s-nazhimnym-shtyrkom-v-potaj\/c0541\/#breadcrumb","itemListElement":[{"@type":"ListItem","position":1,"name":"Home","item":"https:\/\/atg.md\/ro\/"},{"@type":"ListItem","position":2,"name":"\u041a\u0430\u0442\u0430\u043b\u043e\u0433","item":"https:\/\/atg.md\/ro\/catalog\/"},{"@type":"ListItem","position":3,"name":"C0541"}]},{"@type":"WebSite","@id":"https:\/\/atg.md\/ro\/#website","url":"https:\/\/atg.md\/ro\/","name":"atg.md","description":"V\u00e2nzare de izola\u021bii \u00eempotriva vibra\u021biilor pentru ma\u0219ini, izola\u021bie termic\u0103, izolare fonic\u0103 de la cei mai buni produc\u0103tori, autoclipsuri, elemente de fixare auto. Cump\u0103ra\u021bi \u00een Moldova, Chi\u0219in\u0103u","publisher":{"@id":"https:\/\/atg.md\/ro\/#organization"},"potentialAction":[{"@type":"SearchAction","target":{"@type":"EntryPoint","urlTemplate":"https:\/\/atg.md\/ro\/?s={search_term_string}"},"query-input":"required name=search_term_string"}],"inLanguage":"ro-RO"},{"@type":["Organization","Place","AutoPartsStore"],"@id":"https:\/\/atg.md\/ro\/#organization","name":"S.C. AUTOTOM GRUP S.R.L.","url":"https:\/\/atg.md\/ro\/","logo":{"@type":"ImageObject","inLanguage":"ro-RO","@id":"https:\/\/atg.md\/ro\/#\/schema\/logo\/image\/","url":"https:\/\/i2.wp.com\/atg.md\/wp-content\/uploads\/2021\/05\/atg_logo_main.png?fit=656%2C569&ssl=1","contentUrl":"https:\/\/i2.wp.com\/atg.md\/wp-content\/uploads\/2021\/05\/atg_logo_main.png?fit=656%2C569&ssl=1","width":656,"height":569,"caption":"S.C. AUTOTOM GRUP S.R.L."},"image":{"@id":"https:\/\/atg.md\/ro\/#\/schema\/logo\/image\/"},"location":{"@id":"https:\/\/atg.md\/ro\/catalog\/autoclipsuri\/s-nazhimnym-shtyrkom-v-potaj\/c0541\/#local-place"},"address":{"@id":"https:\/\/atg.md\/ro\/catalog\/autoclipsuri\/s-nazhimnym-shtyrkom-v-potaj\/c0541\/#local-place-address"},"email":"atgtvv@gmail.com","telephone":"+37369644446","areaServed":"Moldova"},{"@type":"Place","@id":"https:\/\/atg.md\/ro\/catalog\/autoclipsuri\/s-nazhimnym-shtyrkom-v-potaj\/c0541\/#local-place","address":{"@type":"PostalAddress","@id":"https:\/\/atg.md\/ro\/catalog\/autoclipsuri\/s-nazhimnym-shtyrkom-v-potaj\/c0541\/#local-place-address","streetAddress":"str. Alba-Iulia 77\/20","addressLocality":"Chisinau","postalCode":"2043","addressRegion":"mun. Chisinau","addressCountry":"MD"},"geo":{"@type":"GeoCoordinates","latitude":"47.0376","longitude":"28.76899"},"openingHoursSpecification":[{"@type":"OpeningHoursSpecification","dayOfWeek":["Monday","Tuesday","Wednesday","Thursday","Friday"],"opens":"09:00","closes":"18:00"},{"@type":"OpeningHoursSpecification","dayOfWeek":["Saturday"],"opens":"09:00","closes":"14:00"},{"@type":"OpeningHoursSpecification","dayOfWeek":["Sunday"],"opens":"00:00","closes":"00:00"}],"telephone":"+37369644446"}]}},"_links":{"self":[{"href":"https:\/\/atg.md\/ro\/wp-json\/wp\/v2\/product\/7210"}],"collection":[{"href":"https:\/\/atg.md\/ro\/wp-json\/wp\/v2\/product"}],"about":[{"href":"https:\/\/atg.md\/ro\/wp-json\/wp\/v2\/types\/product"}],"wp:featuredmedia":[{"embeddable":true,"href":"https:\/\/atg.md\/ro\/wp-json\/wp\/v2\/media\/7211"}],"wp:attachment":[{"href":"https:\/\/atg.md\/ro\/wp-json\/wp\/v2\/media?parent=7210"}],"wp:term":[{"taxonomy":"product_cat","embeddable":true,"href":"https:\/\/atg.md\/ro\/wp-json\/wp\/v2\/product_cat?post=7210"},{"taxonomy":"product_tag","embeddable":true,"href":"https:\/\/atg.md\/ro\/wp-json\/wp\/v2\/product_tag?post=7210"}],"curies":[{"name":"wp","href":"https:\/\/api.w.org\/{rel}","templated":true}]}}