{"id":7198,"date":"2021-03-30T09:08:30","date_gmt":"2021-03-30T09:08:30","guid":{"rendered":"http:\/\/atg.md\/product\/c0534\/"},"modified":"2024-07-05T07:03:28","modified_gmt":"2024-07-05T07:03:28","slug":"c0534","status":"publish","type":"product","link":"https:\/\/atg.md\/ro\/catalog\/autoclipsuri\/dvernye\/c0534\/","title":{"rendered":"C0534"},"content":{"rendered":"<p><strong>Modele:<\/strong><\/p>\n<ul>\n<li>Chevrolet Spark<\/li>\n<li>Lexus IS200, GXE10, JCE10<\/li>\n<li>Lexus IS300, GXE10, JCE10<\/li>\n<li>Lexus SC300, JZZ31, UZZ30<\/li>\n<li>Lexus SC400, JZZ31, UZZ30<\/li>\n<li>Toyota 4Runner, KZN185, RZN180, RZN185, VZN180,<br \/>\nVZN185<\/li>\n<li>Toyota Altezza, GXE10, GXE10W, SXE10<\/li>\n<li>Toyota Caldina, AT191, AT191G, CT190, CT190G,<br \/>\nCT196, CT196V, CT197, CT197V, CT198, CT198V, CT199, CT199V, ET196, ET196V,<br \/>\nST190, ST190G, ST191, ST191G, ST195, ST195G, ST198, ST198V<\/li>\n<li>Toyota Carina E, AT190, AT190L, AT191, AT191L,<br \/>\nCT190, CT190L, ST191, ST191L<\/li>\n<li>Toyota Chaser, GX81, JZX81, LX80, MX83, SX80,<br \/>\nYX80<\/li>\n<li>Toyota Comfort, LXS10, LXS12, YXS10<\/li>\n<li>Toyota Corolla, AE100, AE100G, AE101, AE101G,<br \/>\nAE102, AE103, AE104, AE104G, AE109, AE109V, CE100, CE100G, CE101, CE101G,<br \/>\nCE102, CE102G, CE104, CE105, CE105V, CE106, CE106V, CE107, CE107V, CE108,<br \/>\nCE108G, CE109, CE109V, EE100, EE101, EE102, EE102V, EE103, EE103V, EE104,<br \/>\nEE104G, EE105, EE106, EE106V, EE107, EE107V, EE108, EE108G<\/li>\n<li>Toyota Corona, AT190, CT190, CT195, ST190, ST191,<br \/>\nST195<\/li>\n<li>Toyota Cressida, GX81, LX80, MX81, MX83, RX80,<br \/>\nRX81<\/li>\n<li>Toyota Cresta, GX81, JZX81, LX80, MX83, SX80,<br \/>\nYX80<\/li>\n<li>Toyota Crown Majesta, GS151, JZS151, JZS153,<br \/>\nJZS155, JZS157, LS151, UZS151, UZS155, UZS157<\/li>\n<li>Toyota Crown, GS151, GS151H, GXS10, JZS151,<br \/>\nJZS153, JZS155, JZS157, LS151, LS151H, LXS10, LXS11, LXS12, SXS11, SXS13,<br \/>\nTSS10, TSS10H, TSS11, TSS13, UZS151, UZS155, UZS157, YXS10, YXS10H, YXS11<\/li>\n<li>Toyota Dyna, BU301, BU306, BU346, BZU300, BZU340,<br \/>\nBZU600, KDY220, KDY221, KDY230, KDY231, KDY240, KDY241, KDY270, KDY271, KDY280,<br \/>\nKDY281, KDY290, LY220, LY230, LY240, LY270, LY280, LY290, RZU300, RZU301,<br \/>\nRZU340, RZY220, RZY230, RZY231, RZY281, TRC600, TRU300, TRU340, TRU600, TRY220,<br \/>\nTRY230, TRY231, TRY281, XZC600, XZC605, XZC610, XZC630, XZC645, XZC655, XZC675,<br \/>\nXZU300, XZU301, XZU302, XZU304, XZU305, XZU306, XZU307, XZU308, XZU311, XZU312,<br \/>\nXZU314, XZU320, XZU321, XZU322, XZU324, XZU330, XZU331, XZU334, XZU336, XZU337,<br \/>\nXZU338, XZU340, XZU341, XZU342, XZU344, XZU346, XZU347, XZU348, XZU350, XZU351,<br \/>\nXZU352, XZU354, XZU362, XZU368, XZU371, XZU372, XZU378, XZU382, XZU388, XZU412,<br \/>\nXZU508, XZU600, XZU605, XZU610, XZU620, XZU630, XZU640, XZU645, XZU650, XZU655,<br \/>\nXZU675, XZU685, XZU695<\/li>\n<li>Toyota Estima, TCR10, TCR10W, TCR11, TCR11W<\/li>\n<li>Toyota Grand Hiace, KCH10, KCH10W, KCH12, KCH16,<br \/>\nKCH16W, RCH11, VCH10, VCH10W, VCH16, VCH16W<\/li>\n<li>Toyota Granvia, KCH10, KCH10W, KCH12, KCH16,<br \/>\nKCH16W, RCH11, RCH11W, VCH10, VCH10W, VCH16, VCH16W<\/li>\n<li>Toyota Hiace, KLH12, KLH18, KLH22, KLH28, KZH100,<br \/>\nKZH100G, KZH106, KZH106G, KZH106W, KZH110, KZH110G, KZH116, KZH116G, KZH120,<br \/>\nKZH120G, KZH132, KZH132V, KZH138, KZH138V, LH100, LH100G, LH102, LH102V, LH103,<br \/>\nLH103V, LH104, LH105, LH108, LH109, LH109V, LH110, LH110G, LH112, LH113,<br \/>\nLH113K, LH113V, LH114, LH115, LH117, LH117G, LH118, LH119, LH119V, LH120,<br \/>\nLH120G, LH123, LH123V, LH125, LH129, LH129V, LH140, LH140G, LH154, LH162,<br \/>\nLH162V, LH164, LH166, LH168, LH168V, LH172, LH172K, LH172V, LH174, LH176,<br \/>\nLH178, LH178V, LH182, LH182K, LH184, LH186, LH188, LH188K, LXH12, LXH18, LXH22,<br \/>\nLXH28, RCH12, RCH13, RCH18, RCH19, RCH22, RCH23, RCH28, RCH29, RZH100, RZH100G,<br \/>\nRZH101, RZH101G, RZH102, RZH102V, RZH103, RZH104, RZH105, RZH109, RZH110,<br \/>\nRZH110G, RZH111, RZH111G, RZH112, RZH112K, RZH112V, RZH113, RZH114, RZH115,<br \/>\nRZH119, RZH122, RZH122V, RZH124, RZH125, RZH133, RZH135, RZH153, RZH155,<br \/>\nRZH182, RZH182K, RZH183, RZH183K, TRH102, TRH102V, TRH112, TRH112K, TRH112V,<br \/>\nTRH122, TRH122K, TRH124, TRH124B<\/li>\n<li>Toyota Hilux Surf, KZN185, KZN185G, KZN185W,<br \/>\nRZN185, RZN185W, VZN185, VZN185W<\/li>\n<li>Toyota Lite Ace Truck, CM65, KM51, YM60<\/li>\n<li>Toyota Lite Ace, CM30, CM30G, CM40, CM40G, CM65,<br \/>\nCR21, CR21G, CR22, CR22G, CR27, CR27V, CR28, CR29, CR29G, KM51, KM70, KM75,<br \/>\nKM80, KM85, KR21, KR27, KR27V, KR28, YM30, YM30G, YM40, YM40G, YM60, YR21,<br \/>\nYR21G, YR22, YR25, YR25V, YR29, YR39<\/li>\n<li>Toyota Mark II, GX81, JZX81, LX80, LX80Q, MX83,<br \/>\nSX80, YX80<\/li>\n<li>Toyota Previa, TCR10, TCR11, TCR20, TCR21<\/li>\n<li>Toyota Regius Ace, KZH100, KZH106, KZH110,<br \/>\nKZH116, KZH120, KZH126, KZH132, KZH138, LH100, LH102, LH103, LH107, LH109,<br \/>\nLH110, LH113, LH115, LH117, LH119, LH120, LH123, LH125, LH129, LH140, LH162,<br \/>\nLH162V, LH168, LH168V, LH172, LH172K, LH172V, LH178, LH178V, LH182, LH182K,<br \/>\nLH184, LH186, LH188, LH188K, RZH100, RZH101, RZH102, RZH102V, RZH110, RZH111,<br \/>\nRZH112, RZH112K, RZH112V, RZH122, RZH124, RZH125, RZH133, RZH182, RZH182K,<br \/>\nRZH183, RZH183K, TRH102, TRH102V, TRH112, TRH112K, TRH112V, TRH122, TRH122K,<br \/>\nTRH124<\/li>\n<li>Toyota Regius, KCH40, KCH40W, KCH46, KCH46W,<br \/>\nLXH43, LXH49, RCH41, RCH41W, RCH42, RCH47, RCH47W<\/li>\n<li>Toyota Soarer, JZZ30, JZZ31<\/li>\n<li>Toyota Soluna, AL50<\/li>\n<li>Toyota Sprinter, AE100, AE101, AE104, AE109,<br \/>\nCE100, CE102, CE102G, CE104, CE105, CE106, CE107, CE108, CE108G, CE109, EE101,<br \/>\nEE102, EE103, EE104, EE104G, EE106, EE107, EE108, EE108G<\/li>\n<li>Toyota Starlet, EP80, EP81, EP82, NP80<\/li>\n<li>Toyota Tercel, AL50<\/li>\n<li>Toyota Touring Hiace, KCH40, KCH40W, KCH46,<br \/>\nKCH46W, LXH43, LXH49, RCH41, RCH41W, RCH42, RCH47, RCH47W<\/li>\n<li>Toyota Town Ace Truck, CM65, KM51, YM60<\/li>\n<li>Toyota Town Ace, CM30, CM40, CM65, CR21, CR21G,<br \/>\nCR22, CR22G, CR27, CR27V, CR28, CR28G, CR29, KM51, KM70, KM75, KM80, KM85,<br \/>\nKR27, KR27V, YM30, YM40, YM60, YR21, YR21G, YR25, YR25V<\/li>\n<li>Toyota<br \/>\nToyoAce, BU301, BU306, BU346, BZU300, BZU340, BZU600, KDY220, KDY221,<br \/>\nKDY230, KDY231, KDY240, KDY241, KDY270, KDY271, KDY280, KDY281, KDY290, LY220,<br \/>\nLY230, LY240, LY270, LY280, LY290, RZU300, RZU301, RZU340, RZY220, RZY230,<br \/>\nRZY231, RZY281, TRC600, TRU300, TRU340, TRU600, TRY220, TRY230, TRY231, TRY281,<br \/>\nXZC600, XZC605, XZC610, XZC630, XZC645, XZC655, XZC675, XZU300, XZU301, XZU302,<br \/>\nXZU304, XZU305, XZU306, XZU307, XZU308, XZU311, XZU312, XZU314, XZU320, XZU321,<br \/>\nXZU322, XZU324, XZU330, XZU331, XZU334, XZU336, XZU337, XZU338, XZU340, XZU341,<br \/>\nXZU342, XZU344, XZU346, XZU347, XZU348, XZU350, XZU351, XZU352, XZU354, XZU362,<br \/>\nXZU368, XZU371, XZU372, XZU378, XZU382, XZU388, XZU412, XZU508, XZU600, XZU605,<br \/>\nXZU610, XZU620, XZU630, XZU640, XZU645, XZU650, XZU655, XZU675, XZU685, XZU695<\/li>\n<\/ul>\n<p><\/p>","protected":false},"excerpt":{"rendered":"<p><b>OEM:<\/b> 67771-02030, 6777102030, 67771-22040, 6777122040, 67771-43010, 6777143010, 67771-43010, 6777143010, 67771-26010, 6777126010<\/p>\n<p><b>Dimensiune F:<\/b> 9<br \/><b>Dimensiune H:<\/b> 21<br \/><b>Dimensiune T:<\/b> 18<\/p>\n","protected":false},"featured_media":7199,"template":"","meta":[],"product_cat":[25,76],"product_tag":[],"bundled_by":[],"bundle_stock_status":"instock","bundle_stock_quantity":null,"bundle_virtual":false,"bundle_layout":"","bundle_add_to_cart_form_location":"","bundle_editable_in_cart":false,"bundle_sold_individually_context":"","bundle_item_grouping":"","bundle_min_size":"","bundle_max_size":"","bundled_items":[],"yoast_head":"<!-- This site is optimized with the Yoast SEO Premium plugin v16.6 (Yoast SEO v20.1) - https:\/\/yoast.com\/wordpress\/plugins\/seo\/ -->\n<title>C0534 - Autoclipsuri, Autoclipsuri pentru u\u0219\u0103 - atg.md<\/title>\n<meta name=\"robots\" content=\"index, follow, max-snippet:-1, max-image-preview:large, max-video-preview:-1\" \/>\n<link rel=\"canonical\" href=\"https:\/\/atg.md\/ro\/catalog\/autoclipsuri\/dvernye\/c0534\/\" \/>\n<meta property=\"og:locale\" content=\"ro_RO\" \/>\n<meta property=\"og:type\" content=\"article\" \/>\n<meta property=\"og:title\" content=\"C0534 - Autoclipsuri, Autoclipsuri pentru u\u0219\u0103 - atg.md\" \/>\n<meta property=\"og:description\" content=\"OEM: 67771-02030, 6777102030, 67771-22040, 6777122040, 67771-43010, 6777143010, 67771-43010, 6777143010, 67771-26010, 6777126010Dimensiune F: 9Dimensiune H: 21Dimensiune T: 18\" \/>\n<meta property=\"og:url\" content=\"https:\/\/atg.md\/ro\/wp-json\/wp\/v2\/product\/7198\" \/>\n<meta property=\"og:site_name\" content=\"atg.md\" \/>\n<meta property=\"article:modified_time\" content=\"2024-07-05T07:03:28+00:00\" \/>\n<meta property=\"og:image\" content=\"https:\/\/atg.md\/wp-content\/uploads\/2021\/03\/c0534.jpg\" \/>\n\t<meta property=\"og:image:width\" content=\"600\" \/>\n\t<meta property=\"og:image:height\" content=\"600\" \/>\n\t<meta property=\"og:image:type\" content=\"image\/jpeg\" \/>\n<meta name=\"twitter:card\" content=\"summary_large_image\" \/>\n<meta name=\"twitter:label1\" content=\"Pre\u021b\" \/>\n\t<meta name=\"twitter:data1\" content=\"5.00&nbsp;MDL\" \/>\n\t<meta name=\"twitter:label2\" content=\"Availability\" \/>\n\t<meta name=\"twitter:data2\" content=\"In stock\" \/>\n<script type=\"application\/ld+json\" class=\"yoast-schema-graph\">{\"@context\":\"https:\/\/schema.org\",\"@graph\":[{\"@type\":\"WebPage\",\"@id\":\"https:\/\/atg.md\/ro\/catalog\/autoclipsuri\/dvernye\/c0534\/\",\"url\":\"https:\/\/atg.md\/ro\/catalog\/autoclipsuri\/dvernye\/c0534\/\",\"name\":\"C0534 - Autoclipsuri, Autoclipsuri pentru u\u0219\u0103 - atg.md\",\"isPartOf\":{\"@id\":\"https:\/\/atg.md\/ro\/#website\"},\"datePublished\":\"2021-03-30T09:08:30+00:00\",\"dateModified\":\"2024-07-05T07:03:28+00:00\",\"breadcrumb\":{\"@id\":\"https:\/\/atg.md\/ro\/catalog\/autoclipsuri\/dvernye\/c0534\/#breadcrumb\"},\"inLanguage\":\"ro-RO\",\"potentialAction\":[{\"@type\":\"ReadAction\",\"target\":[[\"https:\/\/atg.md\/ro\/catalog\/autoclipsuri\/dvernye\/c0534\/\"]]}]},{\"@type\":\"BreadcrumbList\",\"@id\":\"https:\/\/atg.md\/ro\/catalog\/autoclipsuri\/dvernye\/c0534\/#breadcrumb\",\"itemListElement\":[{\"@type\":\"ListItem\",\"position\":1,\"name\":\"Home\",\"item\":\"https:\/\/atg.md\/ro\/\"},{\"@type\":\"ListItem\",\"position\":2,\"name\":\"\u041a\u0430\u0442\u0430\u043b\u043e\u0433\",\"item\":\"https:\/\/atg.md\/ro\/catalog\/\"},{\"@type\":\"ListItem\",\"position\":3,\"name\":\"C0534\"}]},{\"@type\":\"WebSite\",\"@id\":\"https:\/\/atg.md\/ro\/#website\",\"url\":\"https:\/\/atg.md\/ro\/\",\"name\":\"atg.md\",\"description\":\"V\u00e2nzare de izola\u021bii \u00eempotriva vibra\u021biilor pentru ma\u0219ini, izola\u021bie termic\u0103, izolare fonic\u0103 de la cei mai buni produc\u0103tori, autoclipsuri, elemente de fixare auto. Cump\u0103ra\u021bi \u00een Moldova, Chi\u0219in\u0103u\",\"publisher\":{\"@id\":\"https:\/\/atg.md\/ro\/#organization\"},\"potentialAction\":[{\"@type\":\"SearchAction\",\"target\":{\"@type\":\"EntryPoint\",\"urlTemplate\":\"https:\/\/atg.md\/ro\/?s={search_term_string}\"},\"query-input\":\"required name=search_term_string\"}],\"inLanguage\":\"ro-RO\"},{\"@type\":[\"Organization\",\"Place\",\"AutoPartsStore\"],\"@id\":\"https:\/\/atg.md\/ro\/#organization\",\"name\":\"S.C. AUTOTOM GRUP S.R.L.\",\"url\":\"https:\/\/atg.md\/ro\/\",\"logo\":{\"@type\":\"ImageObject\",\"inLanguage\":\"ro-RO\",\"@id\":\"https:\/\/atg.md\/ro\/#\/schema\/logo\/image\/\",\"url\":\"https:\/\/i2.wp.com\/atg.md\/wp-content\/uploads\/2021\/05\/atg_logo_main.png?fit=656%2C569&ssl=1\",\"contentUrl\":\"https:\/\/i2.wp.com\/atg.md\/wp-content\/uploads\/2021\/05\/atg_logo_main.png?fit=656%2C569&ssl=1\",\"width\":656,\"height\":569,\"caption\":\"S.C. AUTOTOM GRUP S.R.L.\"},\"image\":{\"@id\":\"https:\/\/atg.md\/ro\/#\/schema\/logo\/image\/\"},\"location\":{\"@id\":\"https:\/\/atg.md\/ro\/catalog\/autoclipsuri\/dvernye\/c0534\/#local-place\"},\"address\":{\"@id\":\"https:\/\/atg.md\/ro\/catalog\/autoclipsuri\/dvernye\/c0534\/#local-place-address\"},\"email\":\"atgtvv@gmail.com\",\"telephone\":\"+37369644446\",\"areaServed\":\"Moldova\"},{\"@type\":\"Place\",\"@id\":\"https:\/\/atg.md\/ro\/catalog\/autoclipsuri\/dvernye\/c0534\/#local-place\",\"address\":{\"@type\":\"PostalAddress\",\"@id\":\"https:\/\/atg.md\/ro\/catalog\/autoclipsuri\/dvernye\/c0534\/#local-place-address\",\"streetAddress\":\"str. Alba-Iulia 77\/20\",\"addressLocality\":\"Chisinau\",\"postalCode\":\"2043\",\"addressRegion\":\"mun. Chisinau\",\"addressCountry\":\"MD\"},\"geo\":{\"@type\":\"GeoCoordinates\",\"latitude\":\"47.0376\",\"longitude\":\"28.76899\"},\"openingHoursSpecification\":[{\"@type\":\"OpeningHoursSpecification\",\"dayOfWeek\":[\"Monday\",\"Tuesday\",\"Wednesday\",\"Thursday\",\"Friday\"],\"opens\":\"09:00\",\"closes\":\"18:00\"},{\"@type\":\"OpeningHoursSpecification\",\"dayOfWeek\":[\"Saturday\"],\"opens\":\"09:00\",\"closes\":\"14:00\"},{\"@type\":\"OpeningHoursSpecification\",\"dayOfWeek\":[\"Sunday\"],\"opens\":\"00:00\",\"closes\":\"00:00\"}],\"telephone\":\"+37369644446\"}]}<\/script>\n<meta name=\"geo.placename\" content=\"Chisinau\" \/>\n<meta name=\"geo.position\" content=\"47.0376;28.76899\" \/>\n<meta name=\"geo.region\" content=\"Moldova\" \/>\n<!-- \/ Yoast SEO Premium plugin. -->","yoast_head_json":{"title":"C0534 - Autoclipsuri, Autoclipsuri pentru u\u0219\u0103 - atg.md","robots":{"index":"index","follow":"follow","max-snippet":"max-snippet:-1","max-image-preview":"max-image-preview:large","max-video-preview":"max-video-preview:-1"},"canonical":"https:\/\/atg.md\/ro\/catalog\/autoclipsuri\/dvernye\/c0534\/","og_locale":"ro_RO","og_type":"article","og_title":"C0534 - Autoclipsuri, Autoclipsuri pentru u\u0219\u0103 - atg.md","og_description":"OEM: 67771-02030, 6777102030, 67771-22040, 6777122040, 67771-43010, 6777143010, 67771-43010, 6777143010, 67771-26010, 6777126010Dimensiune F: 9Dimensiune H: 21Dimensiune T: 18","og_url":"https:\/\/atg.md\/ro\/wp-json\/wp\/v2\/product\/7198","og_site_name":"atg.md","article_modified_time":"2024-07-05T07:03:28+00:00","og_image":[{"width":600,"height":600,"url":"https:\/\/atg.md\/wp-content\/uploads\/2021\/03\/c0534.jpg","type":"image\/jpeg"}],"twitter_card":"summary_large_image","twitter_misc":{"Pre\u021b":"5.00&nbsp;MDL","Availability":"In stock"},"schema":{"@context":"https:\/\/schema.org","@graph":[{"@type":"WebPage","@id":"https:\/\/atg.md\/ro\/catalog\/autoclipsuri\/dvernye\/c0534\/","url":"https:\/\/atg.md\/ro\/catalog\/autoclipsuri\/dvernye\/c0534\/","name":"C0534 - Autoclipsuri, Autoclipsuri pentru u\u0219\u0103 - atg.md","isPartOf":{"@id":"https:\/\/atg.md\/ro\/#website"},"datePublished":"2021-03-30T09:08:30+00:00","dateModified":"2024-07-05T07:03:28+00:00","breadcrumb":{"@id":"https:\/\/atg.md\/ro\/catalog\/autoclipsuri\/dvernye\/c0534\/#breadcrumb"},"inLanguage":"ro-RO","potentialAction":[{"@type":"ReadAction","target":[["https:\/\/atg.md\/ro\/catalog\/autoclipsuri\/dvernye\/c0534\/"]]}]},{"@type":"BreadcrumbList","@id":"https:\/\/atg.md\/ro\/catalog\/autoclipsuri\/dvernye\/c0534\/#breadcrumb","itemListElement":[{"@type":"ListItem","position":1,"name":"Home","item":"https:\/\/atg.md\/ro\/"},{"@type":"ListItem","position":2,"name":"\u041a\u0430\u0442\u0430\u043b\u043e\u0433","item":"https:\/\/atg.md\/ro\/catalog\/"},{"@type":"ListItem","position":3,"name":"C0534"}]},{"@type":"WebSite","@id":"https:\/\/atg.md\/ro\/#website","url":"https:\/\/atg.md\/ro\/","name":"atg.md","description":"V\u00e2nzare de izola\u021bii \u00eempotriva vibra\u021biilor pentru ma\u0219ini, izola\u021bie termic\u0103, izolare fonic\u0103 de la cei mai buni produc\u0103tori, autoclipsuri, elemente de fixare auto. Cump\u0103ra\u021bi \u00een Moldova, Chi\u0219in\u0103u","publisher":{"@id":"https:\/\/atg.md\/ro\/#organization"},"potentialAction":[{"@type":"SearchAction","target":{"@type":"EntryPoint","urlTemplate":"https:\/\/atg.md\/ro\/?s={search_term_string}"},"query-input":"required name=search_term_string"}],"inLanguage":"ro-RO"},{"@type":["Organization","Place","AutoPartsStore"],"@id":"https:\/\/atg.md\/ro\/#organization","name":"S.C. AUTOTOM GRUP S.R.L.","url":"https:\/\/atg.md\/ro\/","logo":{"@type":"ImageObject","inLanguage":"ro-RO","@id":"https:\/\/atg.md\/ro\/#\/schema\/logo\/image\/","url":"https:\/\/i2.wp.com\/atg.md\/wp-content\/uploads\/2021\/05\/atg_logo_main.png?fit=656%2C569&ssl=1","contentUrl":"https:\/\/i2.wp.com\/atg.md\/wp-content\/uploads\/2021\/05\/atg_logo_main.png?fit=656%2C569&ssl=1","width":656,"height":569,"caption":"S.C. AUTOTOM GRUP S.R.L."},"image":{"@id":"https:\/\/atg.md\/ro\/#\/schema\/logo\/image\/"},"location":{"@id":"https:\/\/atg.md\/ro\/catalog\/autoclipsuri\/dvernye\/c0534\/#local-place"},"address":{"@id":"https:\/\/atg.md\/ro\/catalog\/autoclipsuri\/dvernye\/c0534\/#local-place-address"},"email":"atgtvv@gmail.com","telephone":"+37369644446","areaServed":"Moldova"},{"@type":"Place","@id":"https:\/\/atg.md\/ro\/catalog\/autoclipsuri\/dvernye\/c0534\/#local-place","address":{"@type":"PostalAddress","@id":"https:\/\/atg.md\/ro\/catalog\/autoclipsuri\/dvernye\/c0534\/#local-place-address","streetAddress":"str. Alba-Iulia 77\/20","addressLocality":"Chisinau","postalCode":"2043","addressRegion":"mun. Chisinau","addressCountry":"MD"},"geo":{"@type":"GeoCoordinates","latitude":"47.0376","longitude":"28.76899"},"openingHoursSpecification":[{"@type":"OpeningHoursSpecification","dayOfWeek":["Monday","Tuesday","Wednesday","Thursday","Friday"],"opens":"09:00","closes":"18:00"},{"@type":"OpeningHoursSpecification","dayOfWeek":["Saturday"],"opens":"09:00","closes":"14:00"},{"@type":"OpeningHoursSpecification","dayOfWeek":["Sunday"],"opens":"00:00","closes":"00:00"}],"telephone":"+37369644446"}]}},"_links":{"self":[{"href":"https:\/\/atg.md\/ro\/wp-json\/wp\/v2\/product\/7198"}],"collection":[{"href":"https:\/\/atg.md\/ro\/wp-json\/wp\/v2\/product"}],"about":[{"href":"https:\/\/atg.md\/ro\/wp-json\/wp\/v2\/types\/product"}],"wp:featuredmedia":[{"embeddable":true,"href":"https:\/\/atg.md\/ro\/wp-json\/wp\/v2\/media\/7199"}],"wp:attachment":[{"href":"https:\/\/atg.md\/ro\/wp-json\/wp\/v2\/media?parent=7198"}],"wp:term":[{"taxonomy":"product_cat","embeddable":true,"href":"https:\/\/atg.md\/ro\/wp-json\/wp\/v2\/product_cat?post=7198"},{"taxonomy":"product_tag","embeddable":true,"href":"https:\/\/atg.md\/ro\/wp-json\/wp\/v2\/product_tag?post=7198"}],"curies":[{"name":"wp","href":"https:\/\/api.w.org\/{rel}","templated":true}]}}