{"id":7170,"date":"2021-03-30T09:08:16","date_gmt":"2021-03-30T09:08:16","guid":{"rendered":"http:\/\/atg.md\/product\/c0503\/"},"modified":"2024-07-05T07:03:23","modified_gmt":"2024-07-05T07:03:23","slug":"c0503","status":"publish","type":"product","link":"https:\/\/atg.md\/ro\/catalog\/autoclipsuri\/ershi\/c0503\/","title":{"rendered":"C0503"},"content":{"rendered":"<p><strong>Modele:<\/strong><\/p>\n<ul>\n<li>Ford Escape, EP3WF, EPEWF, EPFWF, R3<\/li>\n<li>Ford<br \/>\nFestiva, DW3WF, DW5WF<\/li>\n<li>Ford<br \/>\nIxion, CP8WF<\/li>\n<li>Ford<br \/>\nLaser, BG3PF, BG5PF, BG6PF, BG6RF, BG7PF, BG8PF, BG8RF, BHA3PF, BHA5PF,<br \/>\nBHA5SF, BHA6RF, BHA7PF, BHA7RF, BHA8PF, BHA8SF, BHALPF, BHALSF, BJ3PF, BJ5PF,<br \/>\nBJ5WF, BJ8WF, BJEPF<\/li>\n<li>Ford<br \/>\nProbe, PA<\/li>\n<li>Ford<br \/>\nTelstar, GE5PF, GE8PF, GEEPF, GEFPF, GESRF, GF8PF, GFEPF, GFERF, GFFPF,<br \/>\nGV8WF, GVERF, GVEWF, GVFRF, GVFWF, GW5RF, GW8WF, GWERF, GWEWF, GWFWF<\/li>\n<li>Mazda<br \/>\n323, BA, BJ<\/li>\n<li>Mazda<br \/>\n323F, BA<\/li>\n<li>Mazda<br \/>\n626, GE, GF, GW<\/li>\n<li>Mazda<br \/>\nAtenza, GG3P, GG3S, GGEP, GGES, GY3W, GYEW<\/li>\n<li>Mazda<br \/>\nAutozam Clef, GE5PA, GEEPA, GESRA<\/li>\n<li>Mazda<br \/>\nAxela, BK3P, BK5P, BKEP<\/li>\n<li>Mazda<br \/>\nB-Series, UF, UN<\/li>\n<li>Mazda<br \/>\nBT-50, UN, UN8F1<\/li>\n<li>Mazda Bongo<br \/>\nBrawny, SD, SD29M, SD29T, SD2AM, SD2AT, SD59M, SD59T, SD5AM, SD5AT, SD89T,<br \/>\nSDEAT, SK24L, SK24T, SK26L, SK26T, SK54L, SK54T, SK54V, SK56L, SK56M, SK56T,<br \/>\nSK56V, SK5HM, SK5HV, SKE4T, SKE6T, SKE6V, SR, SR29V, SR2AM, SR2AV, SR59V,<br \/>\nSR5AM, SR5AV, SR89V, SRE9V, SRE9W, SREAM, SREAV, SRF9W, SRS9V, SRSAV<\/li>\n<li>Mazda<br \/>\nBongo, SK22L, SK22M, SK22T, SK22V, SK82L, SK82M, SK82T, SK82V, SKF2L,<br \/>\nSKF2M, SKF2T, SKF2V<\/li>\n<li>Mazda<br \/>\nCX-7, ER, ER19, ER3P<\/li>\n<li>Mazda<br \/>\nCapella, GF8P, GFEP, GFER, GFFP, GV8W, GVER, GVEW, GVFR, GVFW, GW5R, GW8W,<br \/>\nGWER, GWEW, GWFW<\/li>\n<li>Mazda<br \/>\nCronos, GE5P, GE8P, GEEP, GEFP, GESR<\/li>\n<li>Mazda<br \/>\nDemio, DW, DW3W, DW5W, DY3R, DY3W, DY5R, DY5W<\/li>\n<li>Mazda Efini<br \/>\nMS-8, MB5A, MB5P, MBEP<\/li>\n<li>Mazda Eunos<br \/>\n100, BG5PE, BG8PE<\/li>\n<li>Mazda Eunos<br \/>\n500, CA8P, CA8PE, CAEP, CAEPE, CAPP<\/li>\n<li>Mazda Eunos<br \/>\n800, TA3A, TA3P, TA3Y, TA3Z, TA5A, TA5P, TA5Y, TA5Z<\/li>\n<li>Mazda Eunos<br \/>\nCosmo, EC5S, EC5SA, EC8S, JC3S, JC3SE, JCES, JCESE<\/li>\n<li>Mazda<br \/>\nFamilia, BF3V, BF5V, BF5W, BF6M, BF7V, BG3P, BG3S, BG5P, BG5S, BG6P, BG6R,<br \/>\nBG6S, BG6Z, BG7P, BG8P, BG8R, BG8RA, BG8S, BG8Z, BHA3P, BHA3S, BHA5P, BHA5S,<br \/>\nBHA6R, BHA7P, BHA7R, BHA8P, BHA8S, BHALP, BHALS, BJ3P, BJ5P, BJ5W, BJ8W, BJEP,<br \/>\nBJFP, BJFW, BW3W, BW5W, BW7W, BWMR, YR46U15, YR46U35, ZR16U65, ZR16U85, ZR16UX5<\/li>\n<li>Mazda<br \/>\nLantis, CBA8P, CBAEP<\/li>\n<li>Mazda<br \/>\nLuce, LA4MV, LA4SV, TA3A<\/li>\n<li>Mazda<br \/>\nMPV, GE5P, GE8P, GEEP, GEFP, GESR, LV, LV5W, LVEW, LVEWE, LVLR, LVLW, LW,<br \/>\nLW3W, LW5W, LWEW, LWFW, LY3P<\/li>\n<li>Mazda<br \/>\nMX-5, NB, NB6C, NC, NCEC<\/li>\n<li>Mazda<br \/>\nMX-6, GE, GE5B, GE5S, GEEB, GEES<\/li>\n<li>Mazda<br \/>\nMazda3, BK<\/li>\n<li>Mazda<br \/>\nMazda5, CR<\/li>\n<li>Mazda Mazda6<br \/>\nMPS, GG<\/li>\n<li>Mazda<br \/>\nMazda6, GG, GY<\/li>\n<li>Mazda<br \/>\nMillenia, TA3A, TA3P, TA5A, TA5P, TAFP<\/li>\n<li>Mazda<br \/>\nPremacy, CP, CP19P, CP19S, CP8W, CPEW, CR3W, CREW<\/li>\n<li>Mazda<br \/>\nProceed, UF66M, UV56R, UV66R, UVL6R<\/li>\n<li>Mazda<br \/>\nRX-7, FD, FD3S<\/li>\n<li>Mazda<br \/>\nRX-8, SE, SE3P<\/li>\n<li>Mazda<br \/>\nRoadster, NB6C, NB8C, NCEC<\/li>\n<li>Mazda<br \/>\nSavanna RX-7, FD3S, SA22C<\/li>\n<li>Mazda<br \/>\nSentia, HEEA, HEEP<\/li>\n<li>Mazda<br \/>\nTitan, SY54L, SY54T, SY56L, SY56T, SYE4T, SYE6T, SYF4L, SYF4T, SYF6L,<br \/>\nSYF6T, WH33F, WH33G, WH35D, WH35H, WH35T, WH38H, WH3HD, WH3HH, WH63F, WH63G,<br \/>\nWH63H, WH65D, WH65G, WH65H, WH65T, WH68G, WH68H, WH68K, WH69G, WH69H, WH6HD,<br \/>\nWH6HH, WHF3F, WHF3G, WHF5D, WHF5G, WHF5T, WHS5T<\/li>\n<li>Mazda<br \/>\nTraining Car, BHA7P, BHALP, BJ5P, GF8P<\/li>\n<li>Mazda<br \/>\nTribute, EP3W, EPEW, EPFW<\/li>\n<li>Mazda<br \/>\nVerisa, DC5R, DC5W<\/li>\n<li>Mazda Xedos<br \/>\n6, CA<\/li>\n<li>Mazda Xedos<br \/>\n9, TA<\/li>\n<\/ul>\n<p><\/p>","protected":false},"excerpt":{"rendered":"<p><b>OEM:<\/b> G030-68-885-38, G0306888538, F22Z-16774-A, F22Z16774A, GA2A-56694, GA2A56694<\/p>\n<p><b>Dimensiune F:<\/b> 6<br \/><b>Dimensiune H:<\/b> 10<br \/><b>Dimensiune T:<\/b> 20<\/p>\n","protected":false},"featured_media":7171,"template":"","meta":[],"product_cat":[25,26],"product_tag":[],"bundled_by":[],"bundle_stock_status":"instock","bundle_stock_quantity":null,"bundle_virtual":false,"bundle_layout":"","bundle_add_to_cart_form_location":"","bundle_editable_in_cart":false,"bundle_sold_individually_context":"","bundle_item_grouping":"","bundle_min_size":"","bundle_max_size":"","bundled_items":[],"yoast_head":"<!-- This site is optimized with the Yoast SEO Premium plugin v16.6 (Yoast SEO v20.1) - https:\/\/yoast.com\/wordpress\/plugins\/seo\/ -->\n<title>C0503 - Autoclipsuri, Ruffs - atg.md<\/title>\n<meta name=\"robots\" content=\"index, follow, max-snippet:-1, max-image-preview:large, max-video-preview:-1\" \/>\n<link rel=\"canonical\" href=\"https:\/\/atg.md\/ro\/catalog\/autoclipsuri\/ershi\/c0503\/\" \/>\n<meta property=\"og:locale\" content=\"ro_RO\" \/>\n<meta property=\"og:type\" content=\"article\" \/>\n<meta property=\"og:title\" content=\"C0503 - Autoclipsuri, Ruffs - atg.md\" \/>\n<meta property=\"og:description\" content=\"OEM: G030-68-885-38, G0306888538, F22Z-16774-A, F22Z16774A, GA2A-56694, GA2A56694Dimensiune F: 6Dimensiune H: 10Dimensiune T: 20\" \/>\n<meta property=\"og:url\" content=\"https:\/\/atg.md\/ro\/wp-json\/wp\/v2\/product\/7170\" \/>\n<meta property=\"og:site_name\" content=\"atg.md\" \/>\n<meta property=\"article:modified_time\" content=\"2024-07-05T07:03:23+00:00\" \/>\n<meta property=\"og:image\" content=\"https:\/\/atg.md\/wp-content\/uploads\/2021\/03\/c0503.jpg\" \/>\n\t<meta property=\"og:image:width\" content=\"600\" \/>\n\t<meta property=\"og:image:height\" content=\"600\" \/>\n\t<meta property=\"og:image:type\" content=\"image\/jpeg\" \/>\n<meta name=\"twitter:card\" content=\"summary_large_image\" \/>\n<meta name=\"twitter:label1\" content=\"Pre\u021b\" \/>\n\t<meta name=\"twitter:data1\" content=\"4.00&nbsp;MDL\" \/>\n\t<meta name=\"twitter:label2\" content=\"Availability\" \/>\n\t<meta name=\"twitter:data2\" content=\"In stock\" \/>\n<script type=\"application\/ld+json\" class=\"yoast-schema-graph\">{\"@context\":\"https:\/\/schema.org\",\"@graph\":[{\"@type\":\"WebPage\",\"@id\":\"https:\/\/atg.md\/ro\/catalog\/autoclipsuri\/ershi\/c0503\/\",\"url\":\"https:\/\/atg.md\/ro\/catalog\/autoclipsuri\/ershi\/c0503\/\",\"name\":\"C0503 - Autoclipsuri, Ruffs - atg.md\",\"isPartOf\":{\"@id\":\"https:\/\/atg.md\/ro\/#website\"},\"datePublished\":\"2021-03-30T09:08:16+00:00\",\"dateModified\":\"2024-07-05T07:03:23+00:00\",\"breadcrumb\":{\"@id\":\"https:\/\/atg.md\/ro\/catalog\/autoclipsuri\/ershi\/c0503\/#breadcrumb\"},\"inLanguage\":\"ro-RO\",\"potentialAction\":[{\"@type\":\"ReadAction\",\"target\":[[\"https:\/\/atg.md\/ro\/catalog\/autoclipsuri\/ershi\/c0503\/\"]]}]},{\"@type\":\"BreadcrumbList\",\"@id\":\"https:\/\/atg.md\/ro\/catalog\/autoclipsuri\/ershi\/c0503\/#breadcrumb\",\"itemListElement\":[{\"@type\":\"ListItem\",\"position\":1,\"name\":\"Home\",\"item\":\"https:\/\/atg.md\/ro\/\"},{\"@type\":\"ListItem\",\"position\":2,\"name\":\"\u041a\u0430\u0442\u0430\u043b\u043e\u0433\",\"item\":\"https:\/\/atg.md\/ro\/catalog\/\"},{\"@type\":\"ListItem\",\"position\":3,\"name\":\"C0503\"}]},{\"@type\":\"WebSite\",\"@id\":\"https:\/\/atg.md\/ro\/#website\",\"url\":\"https:\/\/atg.md\/ro\/\",\"name\":\"atg.md\",\"description\":\"V\u00e2nzare de izola\u021bii \u00eempotriva vibra\u021biilor pentru ma\u0219ini, izola\u021bie termic\u0103, izolare fonic\u0103 de la cei mai buni produc\u0103tori, autoclipsuri, elemente de fixare auto. Cump\u0103ra\u021bi \u00een Moldova, Chi\u0219in\u0103u\",\"publisher\":{\"@id\":\"https:\/\/atg.md\/ro\/#organization\"},\"potentialAction\":[{\"@type\":\"SearchAction\",\"target\":{\"@type\":\"EntryPoint\",\"urlTemplate\":\"https:\/\/atg.md\/ro\/?s={search_term_string}\"},\"query-input\":\"required name=search_term_string\"}],\"inLanguage\":\"ro-RO\"},{\"@type\":[\"Organization\",\"Place\",\"AutoPartsStore\"],\"@id\":\"https:\/\/atg.md\/ro\/#organization\",\"name\":\"S.C. AUTOTOM GRUP S.R.L.\",\"url\":\"https:\/\/atg.md\/ro\/\",\"logo\":{\"@type\":\"ImageObject\",\"inLanguage\":\"ro-RO\",\"@id\":\"https:\/\/atg.md\/ro\/#\/schema\/logo\/image\/\",\"url\":\"https:\/\/i2.wp.com\/atg.md\/wp-content\/uploads\/2021\/05\/atg_logo_main.png?fit=656%2C569&ssl=1\",\"contentUrl\":\"https:\/\/i2.wp.com\/atg.md\/wp-content\/uploads\/2021\/05\/atg_logo_main.png?fit=656%2C569&ssl=1\",\"width\":656,\"height\":569,\"caption\":\"S.C. AUTOTOM GRUP S.R.L.\"},\"image\":{\"@id\":\"https:\/\/atg.md\/ro\/#\/schema\/logo\/image\/\"},\"location\":{\"@id\":\"https:\/\/atg.md\/ro\/catalog\/autoclipsuri\/ershi\/c0503\/#local-place\"},\"address\":{\"@id\":\"https:\/\/atg.md\/ro\/catalog\/autoclipsuri\/ershi\/c0503\/#local-place-address\"},\"email\":\"atgtvv@gmail.com\",\"telephone\":\"+37369644446\",\"areaServed\":\"Moldova\"},{\"@type\":\"Place\",\"@id\":\"https:\/\/atg.md\/ro\/catalog\/autoclipsuri\/ershi\/c0503\/#local-place\",\"address\":{\"@type\":\"PostalAddress\",\"@id\":\"https:\/\/atg.md\/ro\/catalog\/autoclipsuri\/ershi\/c0503\/#local-place-address\",\"streetAddress\":\"str. Alba-Iulia 77\/20\",\"addressLocality\":\"Chisinau\",\"postalCode\":\"2043\",\"addressRegion\":\"mun. Chisinau\",\"addressCountry\":\"MD\"},\"geo\":{\"@type\":\"GeoCoordinates\",\"latitude\":\"47.0376\",\"longitude\":\"28.76899\"},\"openingHoursSpecification\":[{\"@type\":\"OpeningHoursSpecification\",\"dayOfWeek\":[\"Monday\",\"Tuesday\",\"Wednesday\",\"Thursday\",\"Friday\"],\"opens\":\"09:00\",\"closes\":\"18:00\"},{\"@type\":\"OpeningHoursSpecification\",\"dayOfWeek\":[\"Saturday\"],\"opens\":\"09:00\",\"closes\":\"14:00\"},{\"@type\":\"OpeningHoursSpecification\",\"dayOfWeek\":[\"Sunday\"],\"opens\":\"00:00\",\"closes\":\"00:00\"}],\"telephone\":\"+37369644446\"}]}<\/script>\n<meta name=\"geo.placename\" content=\"Chisinau\" \/>\n<meta name=\"geo.position\" content=\"47.0376;28.76899\" \/>\n<meta name=\"geo.region\" content=\"Moldova\" \/>\n<!-- \/ Yoast SEO Premium plugin. -->","yoast_head_json":{"title":"C0503 - Autoclipsuri, Ruffs - atg.md","robots":{"index":"index","follow":"follow","max-snippet":"max-snippet:-1","max-image-preview":"max-image-preview:large","max-video-preview":"max-video-preview:-1"},"canonical":"https:\/\/atg.md\/ro\/catalog\/autoclipsuri\/ershi\/c0503\/","og_locale":"ro_RO","og_type":"article","og_title":"C0503 - Autoclipsuri, Ruffs - atg.md","og_description":"OEM: G030-68-885-38, G0306888538, F22Z-16774-A, F22Z16774A, GA2A-56694, GA2A56694Dimensiune F: 6Dimensiune H: 10Dimensiune T: 20","og_url":"https:\/\/atg.md\/ro\/wp-json\/wp\/v2\/product\/7170","og_site_name":"atg.md","article_modified_time":"2024-07-05T07:03:23+00:00","og_image":[{"width":600,"height":600,"url":"https:\/\/atg.md\/wp-content\/uploads\/2021\/03\/c0503.jpg","type":"image\/jpeg"}],"twitter_card":"summary_large_image","twitter_misc":{"Pre\u021b":"4.00&nbsp;MDL","Availability":"In stock"},"schema":{"@context":"https:\/\/schema.org","@graph":[{"@type":"WebPage","@id":"https:\/\/atg.md\/ro\/catalog\/autoclipsuri\/ershi\/c0503\/","url":"https:\/\/atg.md\/ro\/catalog\/autoclipsuri\/ershi\/c0503\/","name":"C0503 - Autoclipsuri, Ruffs - atg.md","isPartOf":{"@id":"https:\/\/atg.md\/ro\/#website"},"datePublished":"2021-03-30T09:08:16+00:00","dateModified":"2024-07-05T07:03:23+00:00","breadcrumb":{"@id":"https:\/\/atg.md\/ro\/catalog\/autoclipsuri\/ershi\/c0503\/#breadcrumb"},"inLanguage":"ro-RO","potentialAction":[{"@type":"ReadAction","target":[["https:\/\/atg.md\/ro\/catalog\/autoclipsuri\/ershi\/c0503\/"]]}]},{"@type":"BreadcrumbList","@id":"https:\/\/atg.md\/ro\/catalog\/autoclipsuri\/ershi\/c0503\/#breadcrumb","itemListElement":[{"@type":"ListItem","position":1,"name":"Home","item":"https:\/\/atg.md\/ro\/"},{"@type":"ListItem","position":2,"name":"\u041a\u0430\u0442\u0430\u043b\u043e\u0433","item":"https:\/\/atg.md\/ro\/catalog\/"},{"@type":"ListItem","position":3,"name":"C0503"}]},{"@type":"WebSite","@id":"https:\/\/atg.md\/ro\/#website","url":"https:\/\/atg.md\/ro\/","name":"atg.md","description":"V\u00e2nzare de izola\u021bii \u00eempotriva vibra\u021biilor pentru ma\u0219ini, izola\u021bie termic\u0103, izolare fonic\u0103 de la cei mai buni produc\u0103tori, autoclipsuri, elemente de fixare auto. Cump\u0103ra\u021bi \u00een Moldova, Chi\u0219in\u0103u","publisher":{"@id":"https:\/\/atg.md\/ro\/#organization"},"potentialAction":[{"@type":"SearchAction","target":{"@type":"EntryPoint","urlTemplate":"https:\/\/atg.md\/ro\/?s={search_term_string}"},"query-input":"required name=search_term_string"}],"inLanguage":"ro-RO"},{"@type":["Organization","Place","AutoPartsStore"],"@id":"https:\/\/atg.md\/ro\/#organization","name":"S.C. AUTOTOM GRUP S.R.L.","url":"https:\/\/atg.md\/ro\/","logo":{"@type":"ImageObject","inLanguage":"ro-RO","@id":"https:\/\/atg.md\/ro\/#\/schema\/logo\/image\/","url":"https:\/\/i2.wp.com\/atg.md\/wp-content\/uploads\/2021\/05\/atg_logo_main.png?fit=656%2C569&ssl=1","contentUrl":"https:\/\/i2.wp.com\/atg.md\/wp-content\/uploads\/2021\/05\/atg_logo_main.png?fit=656%2C569&ssl=1","width":656,"height":569,"caption":"S.C. AUTOTOM GRUP S.R.L."},"image":{"@id":"https:\/\/atg.md\/ro\/#\/schema\/logo\/image\/"},"location":{"@id":"https:\/\/atg.md\/ro\/catalog\/autoclipsuri\/ershi\/c0503\/#local-place"},"address":{"@id":"https:\/\/atg.md\/ro\/catalog\/autoclipsuri\/ershi\/c0503\/#local-place-address"},"email":"atgtvv@gmail.com","telephone":"+37369644446","areaServed":"Moldova"},{"@type":"Place","@id":"https:\/\/atg.md\/ro\/catalog\/autoclipsuri\/ershi\/c0503\/#local-place","address":{"@type":"PostalAddress","@id":"https:\/\/atg.md\/ro\/catalog\/autoclipsuri\/ershi\/c0503\/#local-place-address","streetAddress":"str. Alba-Iulia 77\/20","addressLocality":"Chisinau","postalCode":"2043","addressRegion":"mun. Chisinau","addressCountry":"MD"},"geo":{"@type":"GeoCoordinates","latitude":"47.0376","longitude":"28.76899"},"openingHoursSpecification":[{"@type":"OpeningHoursSpecification","dayOfWeek":["Monday","Tuesday","Wednesday","Thursday","Friday"],"opens":"09:00","closes":"18:00"},{"@type":"OpeningHoursSpecification","dayOfWeek":["Saturday"],"opens":"09:00","closes":"14:00"},{"@type":"OpeningHoursSpecification","dayOfWeek":["Sunday"],"opens":"00:00","closes":"00:00"}],"telephone":"+37369644446"}]}},"_links":{"self":[{"href":"https:\/\/atg.md\/ro\/wp-json\/wp\/v2\/product\/7170"}],"collection":[{"href":"https:\/\/atg.md\/ro\/wp-json\/wp\/v2\/product"}],"about":[{"href":"https:\/\/atg.md\/ro\/wp-json\/wp\/v2\/types\/product"}],"wp:featuredmedia":[{"embeddable":true,"href":"https:\/\/atg.md\/ro\/wp-json\/wp\/v2\/media\/7171"}],"wp:attachment":[{"href":"https:\/\/atg.md\/ro\/wp-json\/wp\/v2\/media?parent=7170"}],"wp:term":[{"taxonomy":"product_cat","embeddable":true,"href":"https:\/\/atg.md\/ro\/wp-json\/wp\/v2\/product_cat?post=7170"},{"taxonomy":"product_tag","embeddable":true,"href":"https:\/\/atg.md\/ro\/wp-json\/wp\/v2\/product_tag?post=7170"}],"curies":[{"name":"wp","href":"https:\/\/api.w.org\/{rel}","templated":true}]}}