{"id":7154,"date":"2021-03-30T09:08:16","date_gmt":"2021-03-30T09:08:16","guid":{"rendered":"http:\/\/atg.md\/product\/c0491\/"},"modified":"2024-07-05T07:03:20","modified_gmt":"2024-07-05T07:03:20","slug":"c0491","status":"publish","type":"product","link":"https:\/\/atg.md\/ro\/catalog\/autoclipsuri\/nazhimnye-zaglushki\/c0491\/","title":{"rendered":"C0491"},"content":{"rendered":"<p><strong>Modele:<\/strong><\/p>\n<ul>\n<li>\nInfiniti M30, F31<\/li>\n<li>Nissan<br \/>\n100NX, B13<\/li>\n<li>Nissan<br \/>\n200SX, B14U<\/li>\n<li>Nissan<br \/>\n280ZX, S130<\/li>\n<li>Nissan<br \/>\n300ZX, Z32<\/li>\n<li>Nissan<br \/>\nAD, MVFY10, MVY10, VEGY10, VENY10, VEY10, VFGY10, VFNY10, VFY10, VSGY10,<br \/>\nVSNY10, VSY10, VY10, WEY10, WFGY10, WFNY10, WFY10, WSY10, WY10<\/li>\n<li>Nissan<br \/>\nAlmera, N15<\/li>\n<li>Nissan<br \/>\nAmbulance, ALE50, ALWE50, ATE50, ATWE50, FLGE50, FLWGE50, FPGE50, FPWGE50<\/li>\n<li>Nissan<br \/>\nAuster, PT11, T11<\/li>\n<li>Nissan<br \/>\nAvenir, PNW10, PW10, SW10, VENW10, VEW10, VSW10, W10<\/li>\n<li>Nissan Bluebird, 910,<br \/>\nEJ910, J910, P910, PC910, PJ910, PU11, RJ910, U11, U910, UJ910, VEJ910, VJ910,<br \/>\nVTJ910, WPJ910, WUJ910, Y910, YJ910, YU11<\/li>\n<li>Nissan<br \/>\nCaravan, CQGE25, CWGE25, CWMGE25, DQGE25, DWGE25, DWMGE25, VPE25, VWE25,<br \/>\nVWME25<\/li>\n<li>Nissan<br \/>\nCedric, HY30, MY30, NY30, PY30, UY30, VHY30, VNY30, VUY30, VY30, WHY30,<br \/>\nWUY30, WY30, Y30, YPY30<\/li>\n<li>Nissan<br \/>\nCrew, HK30, SK30, THK30, TSK30, YHK30<\/li>\n<li>Nissan<br \/>\nCube, ANZ10, AZ10, Z10<\/li>\n<li>Nissan<br \/>\nDatsun Truck, 720, A720, AD21, AG720, AGD21, AGY720, AMD21, BD21, BGD21,<br \/>\nBMD21, C720, CD21, CG720, CGD21, D21, DD21, DG720, DGY720, DMD21, DY720, DYD21,<br \/>\nFD21, FGD21, FMD21, FYD21, G720, GD21, PD21, PG720, PGD21, PGY720, PMD21, QD21,<br \/>\nQGD21, QMD21, QYD21, S720, SG720, SGY720<\/li>\n<li>Nissan<br \/>\nDatsun, BD22, FMD22, LBD22, LFD22, LPD22, PD22, RMD22<\/li>\n<li>Nissan<br \/>\nElgrand, ALE50, ALWE50, APE50, APWE50, ATE50, ATWE50, AVE50, AVWE50<\/li>\n<li>Nissan<br \/>\nExa, KEN13<\/li>\n<li>Nissan<br \/>\nGazelle, JS12, PS110, S110, S12, US110, US12<\/li>\n<li>Nissan<br \/>\nGloria, HY30, MY30, NY30, PY30, UY30, VHY30, VNY30, VUY30, VY30, WHY30,<br \/>\nWUY30, WY30, Y30, YPY30<\/li>\n<li>Nissan Grand<br \/>\nLivina, L10H, L10HH, L10L, L10N, L10P<\/li>\n<li>Nissan<br \/>\nHypermini, EA0<\/li>\n<li>Nissan King<br \/>\nCab, D21, D22<\/li>\n<li>Nissan<br \/>\nLangley, BEN13, BFN13, BFNN13, BHN13, BHNN13, BSN13<\/li>\n<li>Nissan<br \/>\nLatio, C11L<\/li>\n<li>Nissan<br \/>\nLaurel Spirit, EB12, FB12, FNB12, HB12, SB12<\/li>\n<li>Nissan<br \/>\nLaurel, C32, EJC31, FJC31, GC35, GNC35, HC31, HC34, HC35, NC31, PJC31,<br \/>\nSC34, SC35, UJC31<\/li>\n<li>Nissan<br \/>\nLeopard, GF31, HF30, JF30, NF30, PF30, UF31<\/li>\n<li>Nissan<br \/>\nLiberta Villa, BEN13, BFN13, BFNN13, BHN13, BHNN13, BSN13<\/li>\n<li>Nissan<br \/>\nLivina, L10B, L10BB, L10S, L11N, L11NN, NL10S, NTL10N, TL10N<\/li>\n<li>Nissan<br \/>\nLucino, B14, EB14, FB14, FNB14, HB14, JB14, SB14, SNB14<\/li>\n<li>Nissan March<br \/>\nBox, WAK11, WK11<\/li>\n<li>Nissan<br \/>\nMarch, AK11, ANK11, EK10, FHK11, HK11, K11<\/li>\n<li>Nissan<br \/>\nMicra, K11E<\/li>\n<li>Nissan<br \/>\nNP300, D22SS<\/li>\n<li>Nissan<br \/>\nNX-Coupe, B13<\/li>\n<li>Nissan<br \/>\nNavara, D22U<\/li>\n<li>Nissan<br \/>\nPatrol, 160, Y60, Y61<\/li>\n<li>Nissan<br \/>\nPickup, 720, D21<\/li>\n<li>Nissan Prairie, BM10,<br \/>\nHNM10, PM10, VBM10<\/li>\n<li>Nissan<br \/>\nPresea, HR10, HR11, PR10, PR11, R10, R11<\/li>\n<li>Nissan<br \/>\nPulsar, EN13, EN14, EN15, FN13, FN14, FN15, FNN13, FNN14, FNN15, HN13,<br \/>\nHN14, HN15, HNN13, HNN15, JN15, N13, N14, N15, RNN14, SN13, SN14, SN15, SNN15<\/li>\n<li>Nissan Rasheen, RFNB14,<br \/>\nRHNB14, RKNB14<\/li>\n<li>Nissan<br \/>\nSafari, BRG161, FG161, FGY60, R160, R161, RG160, RG161, VRGY60, VRGY61,<br \/>\nVRY60, WFGY61, WGY60, WGY61, WRGY60, WRGY61, WRY60, WTY61, WYY60, WYY61, Y61<\/li>\n<li>Nissan<br \/>\nSentra, B13, B13X, B13XX, B14, B14U, B14X<\/li>\n<li>Nissan<br \/>\nSerena, C24, PC24, PNC24, RC24, TC24, TNC24, VC24, VNC24<\/li>\n<li>Nissan<br \/>\nSilvia, JS12, PS110, S110, S12, S15, US110, US12<\/li>\n<li>Nissan<br \/>\nSkyline, BCNR33, BNR32, BNR34, DR30, ECR32, ECR33, ENR33, ENR34, ER32,<br \/>\nER33, ER34, FJR30, FJR31, HCR32, HNR32, HR30, HR31, HR32, HR33, HR34, PJR30, R33,<br \/>\nSR31, UJR30, WFJR31, WHJR31, YHR32<\/li>\n<li>Nissan<br \/>\nStanza, PT11, T11<\/li>\n<li>Nissan Sunny<br \/>\nCalifornia, WEY10, WFGY10, WFNY10, WFY10, WHNY10, WHY10<\/li>\n<li>Nissan<br \/>\nSunny, B12, B13, B14, EB12, EB13, EB14, FB12, FB13, FB14, FNB12, FNB13,<br \/>\nFNB14, HB12, HB13, HB14, HNB12, HNB13, JB14, N13, N14, SB12, SB13, SB14, SNB13,<br \/>\nSNB14, WFB12, WFNB12, WHB12, WHNB12, WSB12<\/li>\n<li>Nissan<br \/>\nTR-X, HF30, JF30, NF30, PF30<\/li>\n<li>Nissan<br \/>\nTerrano, LR50, LUR50, PR50, RR50, TR50, WD21<\/li>\n<li>Nissan Tiida<br \/>\nLatio, C11T, SC11<\/li>\n<li>Nissan<br \/>\nTiida, C11, C11T, C11X, SC11T, SC11X<\/li>\n<li>Nissan<br \/>\nUrvan, E23<\/li>\n<li>Nissan<br \/>\nViolet, PT11, T11<\/li>\n<li>Nissan<br \/>\nWingroad, WEY10, WFGY10, WFNY10, WFY10, WHNY10, WHY10<\/li>\n<li>Nissan<br \/>\nXterra, WD22<\/li>\n<\/ul>\n<p><\/p>","protected":false},"excerpt":{"rendered":"<p><b>OEM:<\/b> 01553-0040015530040909120025, 90504-S7S-013, 90504S7S013<\/p>\n<p><b>Dimensiune F:<\/b> 6<br \/><b>Dimensiune H:<\/b> 15<br \/><b>Dimensiune T:<\/b> 11<\/p>\n","protected":false},"featured_media":7155,"template":"","meta":[],"product_cat":[25,53],"product_tag":[],"bundled_by":[],"bundle_stock_status":"instock","bundle_stock_quantity":null,"bundle_virtual":false,"bundle_layout":"","bundle_add_to_cart_form_location":"","bundle_editable_in_cart":false,"bundle_sold_individually_context":"","bundle_item_grouping":"","bundle_min_size":"","bundle_max_size":"","bundled_items":[],"yoast_head":"<!-- This site is optimized with the Yoast SEO Premium plugin v16.6 (Yoast SEO v20.1) - https:\/\/yoast.com\/wordpress\/plugins\/seo\/ -->\n<title>C0491 - Autoclipsuri, Dopuri de presiune - atg.md<\/title>\n<meta name=\"robots\" content=\"index, follow, max-snippet:-1, max-image-preview:large, max-video-preview:-1\" \/>\n<link rel=\"canonical\" href=\"https:\/\/atg.md\/ro\/catalog\/autoclipsuri\/nazhimnye-zaglushki\/c0491\/\" \/>\n<meta property=\"og:locale\" content=\"ro_RO\" \/>\n<meta property=\"og:type\" content=\"article\" \/>\n<meta property=\"og:title\" content=\"C0491 - Autoclipsuri, Dopuri de presiune - atg.md\" \/>\n<meta property=\"og:description\" content=\"OEM: 01553-0040015530040909120025, 90504-S7S-013, 90504S7S013Dimensiune F: 6Dimensiune H: 15Dimensiune T: 11\" \/>\n<meta property=\"og:url\" content=\"https:\/\/atg.md\/ro\/wp-json\/wp\/v2\/product\/7154\" \/>\n<meta property=\"og:site_name\" content=\"atg.md\" \/>\n<meta property=\"article:modified_time\" content=\"2024-07-05T07:03:20+00:00\" \/>\n<meta property=\"og:image\" content=\"https:\/\/atg.md\/wp-content\/uploads\/2021\/03\/c0491.jpg\" \/>\n\t<meta property=\"og:image:width\" content=\"600\" \/>\n\t<meta property=\"og:image:height\" content=\"600\" \/>\n\t<meta property=\"og:image:type\" content=\"image\/jpeg\" \/>\n<meta name=\"twitter:card\" content=\"summary_large_image\" \/>\n<meta name=\"twitter:label1\" content=\"Pre\u021b\" \/>\n\t<meta name=\"twitter:data1\" content=\"4.00&nbsp;MDL\" \/>\n\t<meta name=\"twitter:label2\" content=\"Availability\" \/>\n\t<meta name=\"twitter:data2\" content=\"In stock\" \/>\n<script type=\"application\/ld+json\" class=\"yoast-schema-graph\">{\"@context\":\"https:\/\/schema.org\",\"@graph\":[{\"@type\":\"WebPage\",\"@id\":\"https:\/\/atg.md\/ro\/catalog\/autoclipsuri\/nazhimnye-zaglushki\/c0491\/\",\"url\":\"https:\/\/atg.md\/ro\/catalog\/autoclipsuri\/nazhimnye-zaglushki\/c0491\/\",\"name\":\"C0491 - Autoclipsuri, Dopuri de presiune - atg.md\",\"isPartOf\":{\"@id\":\"https:\/\/atg.md\/ro\/#website\"},\"datePublished\":\"2021-03-30T09:08:16+00:00\",\"dateModified\":\"2024-07-05T07:03:20+00:00\",\"breadcrumb\":{\"@id\":\"https:\/\/atg.md\/ro\/catalog\/autoclipsuri\/nazhimnye-zaglushki\/c0491\/#breadcrumb\"},\"inLanguage\":\"ro-RO\",\"potentialAction\":[{\"@type\":\"ReadAction\",\"target\":[[\"https:\/\/atg.md\/ro\/catalog\/autoclipsuri\/nazhimnye-zaglushki\/c0491\/\"]]}]},{\"@type\":\"BreadcrumbList\",\"@id\":\"https:\/\/atg.md\/ro\/catalog\/autoclipsuri\/nazhimnye-zaglushki\/c0491\/#breadcrumb\",\"itemListElement\":[{\"@type\":\"ListItem\",\"position\":1,\"name\":\"Home\",\"item\":\"https:\/\/atg.md\/ro\/\"},{\"@type\":\"ListItem\",\"position\":2,\"name\":\"\u041a\u0430\u0442\u0430\u043b\u043e\u0433\",\"item\":\"https:\/\/atg.md\/ro\/catalog\/\"},{\"@type\":\"ListItem\",\"position\":3,\"name\":\"C0491\"}]},{\"@type\":\"WebSite\",\"@id\":\"https:\/\/atg.md\/ro\/#website\",\"url\":\"https:\/\/atg.md\/ro\/\",\"name\":\"atg.md\",\"description\":\"V\u00e2nzare de izola\u021bii \u00eempotriva vibra\u021biilor pentru ma\u0219ini, izola\u021bie termic\u0103, izolare fonic\u0103 de la cei mai buni produc\u0103tori, autoclipsuri, elemente de fixare auto. Cump\u0103ra\u021bi \u00een Moldova, Chi\u0219in\u0103u\",\"publisher\":{\"@id\":\"https:\/\/atg.md\/ro\/#organization\"},\"potentialAction\":[{\"@type\":\"SearchAction\",\"target\":{\"@type\":\"EntryPoint\",\"urlTemplate\":\"https:\/\/atg.md\/ro\/?s={search_term_string}\"},\"query-input\":\"required name=search_term_string\"}],\"inLanguage\":\"ro-RO\"},{\"@type\":[\"Organization\",\"Place\",\"AutoPartsStore\"],\"@id\":\"https:\/\/atg.md\/ro\/#organization\",\"name\":\"S.C. AUTOTOM GRUP S.R.L.\",\"url\":\"https:\/\/atg.md\/ro\/\",\"logo\":{\"@type\":\"ImageObject\",\"inLanguage\":\"ro-RO\",\"@id\":\"https:\/\/atg.md\/ro\/#\/schema\/logo\/image\/\",\"url\":\"https:\/\/i2.wp.com\/atg.md\/wp-content\/uploads\/2021\/05\/atg_logo_main.png?fit=656%2C569&ssl=1\",\"contentUrl\":\"https:\/\/i2.wp.com\/atg.md\/wp-content\/uploads\/2021\/05\/atg_logo_main.png?fit=656%2C569&ssl=1\",\"width\":656,\"height\":569,\"caption\":\"S.C. AUTOTOM GRUP S.R.L.\"},\"image\":{\"@id\":\"https:\/\/atg.md\/ro\/#\/schema\/logo\/image\/\"},\"location\":{\"@id\":\"https:\/\/atg.md\/ro\/catalog\/autoclipsuri\/nazhimnye-zaglushki\/c0491\/#local-place\"},\"address\":{\"@id\":\"https:\/\/atg.md\/ro\/catalog\/autoclipsuri\/nazhimnye-zaglushki\/c0491\/#local-place-address\"},\"email\":\"atgtvv@gmail.com\",\"telephone\":\"+37369644446\",\"areaServed\":\"Moldova\"},{\"@type\":\"Place\",\"@id\":\"https:\/\/atg.md\/ro\/catalog\/autoclipsuri\/nazhimnye-zaglushki\/c0491\/#local-place\",\"address\":{\"@type\":\"PostalAddress\",\"@id\":\"https:\/\/atg.md\/ro\/catalog\/autoclipsuri\/nazhimnye-zaglushki\/c0491\/#local-place-address\",\"streetAddress\":\"str. Alba-Iulia 77\/20\",\"addressLocality\":\"Chisinau\",\"postalCode\":\"2043\",\"addressRegion\":\"mun. Chisinau\",\"addressCountry\":\"MD\"},\"geo\":{\"@type\":\"GeoCoordinates\",\"latitude\":\"47.0376\",\"longitude\":\"28.76899\"},\"openingHoursSpecification\":[{\"@type\":\"OpeningHoursSpecification\",\"dayOfWeek\":[\"Monday\",\"Tuesday\",\"Wednesday\",\"Thursday\",\"Friday\"],\"opens\":\"09:00\",\"closes\":\"18:00\"},{\"@type\":\"OpeningHoursSpecification\",\"dayOfWeek\":[\"Saturday\"],\"opens\":\"09:00\",\"closes\":\"14:00\"},{\"@type\":\"OpeningHoursSpecification\",\"dayOfWeek\":[\"Sunday\"],\"opens\":\"00:00\",\"closes\":\"00:00\"}],\"telephone\":\"+37369644446\"}]}<\/script>\n<meta name=\"geo.placename\" content=\"Chisinau\" \/>\n<meta name=\"geo.position\" content=\"47.0376;28.76899\" \/>\n<meta name=\"geo.region\" content=\"Moldova\" \/>\n<!-- \/ Yoast SEO Premium plugin. -->","yoast_head_json":{"title":"C0491 - Autoclipsuri, Dopuri de presiune - atg.md","robots":{"index":"index","follow":"follow","max-snippet":"max-snippet:-1","max-image-preview":"max-image-preview:large","max-video-preview":"max-video-preview:-1"},"canonical":"https:\/\/atg.md\/ro\/catalog\/autoclipsuri\/nazhimnye-zaglushki\/c0491\/","og_locale":"ro_RO","og_type":"article","og_title":"C0491 - Autoclipsuri, Dopuri de presiune - atg.md","og_description":"OEM: 01553-0040015530040909120025, 90504-S7S-013, 90504S7S013Dimensiune F: 6Dimensiune H: 15Dimensiune T: 11","og_url":"https:\/\/atg.md\/ro\/wp-json\/wp\/v2\/product\/7154","og_site_name":"atg.md","article_modified_time":"2024-07-05T07:03:20+00:00","og_image":[{"width":600,"height":600,"url":"https:\/\/atg.md\/wp-content\/uploads\/2021\/03\/c0491.jpg","type":"image\/jpeg"}],"twitter_card":"summary_large_image","twitter_misc":{"Pre\u021b":"4.00&nbsp;MDL","Availability":"In stock"},"schema":{"@context":"https:\/\/schema.org","@graph":[{"@type":"WebPage","@id":"https:\/\/atg.md\/ro\/catalog\/autoclipsuri\/nazhimnye-zaglushki\/c0491\/","url":"https:\/\/atg.md\/ro\/catalog\/autoclipsuri\/nazhimnye-zaglushki\/c0491\/","name":"C0491 - Autoclipsuri, Dopuri de presiune - atg.md","isPartOf":{"@id":"https:\/\/atg.md\/ro\/#website"},"datePublished":"2021-03-30T09:08:16+00:00","dateModified":"2024-07-05T07:03:20+00:00","breadcrumb":{"@id":"https:\/\/atg.md\/ro\/catalog\/autoclipsuri\/nazhimnye-zaglushki\/c0491\/#breadcrumb"},"inLanguage":"ro-RO","potentialAction":[{"@type":"ReadAction","target":[["https:\/\/atg.md\/ro\/catalog\/autoclipsuri\/nazhimnye-zaglushki\/c0491\/"]]}]},{"@type":"BreadcrumbList","@id":"https:\/\/atg.md\/ro\/catalog\/autoclipsuri\/nazhimnye-zaglushki\/c0491\/#breadcrumb","itemListElement":[{"@type":"ListItem","position":1,"name":"Home","item":"https:\/\/atg.md\/ro\/"},{"@type":"ListItem","position":2,"name":"\u041a\u0430\u0442\u0430\u043b\u043e\u0433","item":"https:\/\/atg.md\/ro\/catalog\/"},{"@type":"ListItem","position":3,"name":"C0491"}]},{"@type":"WebSite","@id":"https:\/\/atg.md\/ro\/#website","url":"https:\/\/atg.md\/ro\/","name":"atg.md","description":"V\u00e2nzare de izola\u021bii \u00eempotriva vibra\u021biilor pentru ma\u0219ini, izola\u021bie termic\u0103, izolare fonic\u0103 de la cei mai buni produc\u0103tori, autoclipsuri, elemente de fixare auto. Cump\u0103ra\u021bi \u00een Moldova, Chi\u0219in\u0103u","publisher":{"@id":"https:\/\/atg.md\/ro\/#organization"},"potentialAction":[{"@type":"SearchAction","target":{"@type":"EntryPoint","urlTemplate":"https:\/\/atg.md\/ro\/?s={search_term_string}"},"query-input":"required name=search_term_string"}],"inLanguage":"ro-RO"},{"@type":["Organization","Place","AutoPartsStore"],"@id":"https:\/\/atg.md\/ro\/#organization","name":"S.C. AUTOTOM GRUP S.R.L.","url":"https:\/\/atg.md\/ro\/","logo":{"@type":"ImageObject","inLanguage":"ro-RO","@id":"https:\/\/atg.md\/ro\/#\/schema\/logo\/image\/","url":"https:\/\/i2.wp.com\/atg.md\/wp-content\/uploads\/2021\/05\/atg_logo_main.png?fit=656%2C569&ssl=1","contentUrl":"https:\/\/i2.wp.com\/atg.md\/wp-content\/uploads\/2021\/05\/atg_logo_main.png?fit=656%2C569&ssl=1","width":656,"height":569,"caption":"S.C. AUTOTOM GRUP S.R.L."},"image":{"@id":"https:\/\/atg.md\/ro\/#\/schema\/logo\/image\/"},"location":{"@id":"https:\/\/atg.md\/ro\/catalog\/autoclipsuri\/nazhimnye-zaglushki\/c0491\/#local-place"},"address":{"@id":"https:\/\/atg.md\/ro\/catalog\/autoclipsuri\/nazhimnye-zaglushki\/c0491\/#local-place-address"},"email":"atgtvv@gmail.com","telephone":"+37369644446","areaServed":"Moldova"},{"@type":"Place","@id":"https:\/\/atg.md\/ro\/catalog\/autoclipsuri\/nazhimnye-zaglushki\/c0491\/#local-place","address":{"@type":"PostalAddress","@id":"https:\/\/atg.md\/ro\/catalog\/autoclipsuri\/nazhimnye-zaglushki\/c0491\/#local-place-address","streetAddress":"str. Alba-Iulia 77\/20","addressLocality":"Chisinau","postalCode":"2043","addressRegion":"mun. Chisinau","addressCountry":"MD"},"geo":{"@type":"GeoCoordinates","latitude":"47.0376","longitude":"28.76899"},"openingHoursSpecification":[{"@type":"OpeningHoursSpecification","dayOfWeek":["Monday","Tuesday","Wednesday","Thursday","Friday"],"opens":"09:00","closes":"18:00"},{"@type":"OpeningHoursSpecification","dayOfWeek":["Saturday"],"opens":"09:00","closes":"14:00"},{"@type":"OpeningHoursSpecification","dayOfWeek":["Sunday"],"opens":"00:00","closes":"00:00"}],"telephone":"+37369644446"}]}},"_links":{"self":[{"href":"https:\/\/atg.md\/ro\/wp-json\/wp\/v2\/product\/7154"}],"collection":[{"href":"https:\/\/atg.md\/ro\/wp-json\/wp\/v2\/product"}],"about":[{"href":"https:\/\/atg.md\/ro\/wp-json\/wp\/v2\/types\/product"}],"wp:featuredmedia":[{"embeddable":true,"href":"https:\/\/atg.md\/ro\/wp-json\/wp\/v2\/media\/7155"}],"wp:attachment":[{"href":"https:\/\/atg.md\/ro\/wp-json\/wp\/v2\/media?parent=7154"}],"wp:term":[{"taxonomy":"product_cat","embeddable":true,"href":"https:\/\/atg.md\/ro\/wp-json\/wp\/v2\/product_cat?post=7154"},{"taxonomy":"product_tag","embeddable":true,"href":"https:\/\/atg.md\/ro\/wp-json\/wp\/v2\/product_tag?post=7154"}],"curies":[{"name":"wp","href":"https:\/\/api.w.org\/{rel}","templated":true}]}}