{"id":7150,"date":"2021-03-30T09:08:16","date_gmt":"2021-03-30T09:08:16","guid":{"rendered":"http:\/\/atg.md\/product\/c0489\/"},"modified":"2024-07-05T07:03:19","modified_gmt":"2024-07-05T07:03:19","slug":"c0489","status":"publish","type":"product","link":"https:\/\/atg.md\/ro\/catalog\/autoclipsuri\/nazhimnye-zaglushki\/c0489\/","title":{"rendered":"C0489"},"content":{"rendered":"<p><strong>Modele:<\/strong><\/p>\n<ul>\n<li>Mitsubishi Bravo, U42T, U42TP<\/li>\n<li>Mitsubishi Debonair, S11A, S12A, S12AG<\/li>\n<li>Mitsubishi Diamante, F31A, F31AK, F34A, F36A,<br \/>\nF36W, F38A, F41A, F46A, F47A<\/li>\n<li>Mitsubishi Eclipse, D21A, D22A, D27A<\/li>\n<li>Mitsubishi Eterna, E12A, E13A, E14A, E15A, E16A,<br \/>\nE17A, E18A<\/li>\n<li>Mitsubishi GTO, Z11A, Z16A<\/li>\n<li>Mitsubishi Galant, E11A, E12A, E12AR, E13A, E14A,<br \/>\nE14AR, E15A, E15AK, E16A, E17A, E18A, E19A<\/li>\n<li>Mitsubishi Grandis, NA4W, NA8W<\/li>\n<li>Mitsubishi L200, K01T, K02T, K03T, K04T, K05T,<br \/>\nK11T, K12T, K13T, K14T, K15T, K22T, K23T, K24T, K25T, K26T, K32T, K33T, K34T,<br \/>\nK35T, K36T<\/li>\n<li>Mitsubishi Lancer, C12A, C12AS<\/li>\n<li>Mitsubishi Mirage, C12A<\/li>\n<li>Mitsubishi Montero, L042G, L043G, L044G, L047G,<br \/>\nL048G, L049G, L141G, L144G, L146G, L149G, V21C, V21W, V23C, V23W, V24C, V24W,<br \/>\nV25W, V26W, V63W, V64W, V65W, V66W, V67W, V68W, V73W, V74W, V75W, V76W, V77W,<br \/>\nV78W, V83W, V85W, V86W, V87W, V88W, V93W, V95W, V96W, V97W, V98V, V98W<\/li>\n<li>Mitsubishi Pajero Mini, H56A<\/li>\n<li>Mitsubishi Pajero, L041G, L042G, L043G, L044G,<br \/>\nL044GV, L046G, L047G, L048G, L049G, L049GV, L049GW, L141G, L141GW, L144G,<br \/>\nL144GW, L144GWG, L146G, L146GW, L146GWG, L149G, L149GW, L149GWG, V21C, V21W,<br \/>\nV23C, V23W, V24C, V24W, V24WG, V25C, V25W, V26C, V26W, V26WG, V55W, V63W, V64W,<br \/>\nV65W, V66W, V67W, V68W, V73W, V74W, V75W, V76W, V77W, V78W, V83W, V85W, V86W,<br \/>\nV87W, V88W, V93W, V95W, V96W, V97W, V98V, V98W<\/li>\n<li>Mitsubishi Sapporo, E16A<\/li>\n<li>Mitsubishi Sigma, F36A, F38A<\/li>\n<li>Mitsubishi Starion, A182A, A183A, A184A, A187A<\/li>\n<li>Mitsubishi Strada, K34T<\/li>\n<li>Infiniti Q50, V37<\/li>\n<li>Infiniti Q50L, V37Z<\/li>\n<li>Nissan 180SX, KRPS13, RPS13, RS13<\/li>\n<li>Nissan 200SX, S13<\/li>\n<li>Nissan 370Z, Z34<\/li>\n<li>Nissan Elgrand, ALE50, ALWE50, APE50, APWE50,<br \/>\nATE50, ATWE50, AVE50, AVWE50<\/li>\n<li>Nissan Fairlady Z, Z34<\/li>\n<li>Nissan King Cab, D21<\/li>\n<li>Nissan Leaf, ZE0<\/li>\n<li>Nissan NV200, M20, M20F, M20FF, M20K, M20KK,<br \/>\nM20M, M20N, M20NN<\/li>\n<li>Nissan NV350 Caravan, E26<\/li>\n<li>Nissan Note, E12E, E12T<\/li>\n<li>Nissan Patrol, 160<\/li>\n<li>Nissan Pickup, D21<\/li>\n<li>Nissan Primera, FHP10, HNP10, HP10, P10, P10E<\/li>\n<li>Nissan Pulsar, C12T, C13M<\/li>\n<li>Nissan Serena, C26L, C26LL, C26N, C26NN<\/li>\n<li>Nissan Skyline, BCNR33, ECR33, ENR33, ER33, HR33,<br \/>\nR33<\/li>\n<li>Nissan Tiida, C12T, C12W, C12WW, C13R<\/li>\n<li>Nissan e-NV200, ME0M<\/li>\n<\/ul>\n<p><\/p>","protected":false},"excerpt":{"rendered":"<p><b>OEM:<\/b> 9926-40-543A, 992640543A, 01553-0029015530029MS470073<\/p>\n<p><b>Dimensiune F:<\/b> 7<br \/><b>Dimensiune H:<\/b> 16<br \/><b>Dimensiune T:<\/b> 11<\/p>\n","protected":false},"featured_media":7151,"template":"","meta":[],"product_cat":[25,53],"product_tag":[],"bundled_by":[],"bundle_stock_status":"instock","bundle_stock_quantity":null,"bundle_virtual":false,"bundle_layout":"","bundle_add_to_cart_form_location":"","bundle_editable_in_cart":false,"bundle_sold_individually_context":"","bundle_item_grouping":"","bundle_min_size":"","bundle_max_size":"","bundled_items":[],"yoast_head":"<!-- This site is optimized with the Yoast SEO Premium plugin v16.6 (Yoast SEO v20.1) - https:\/\/yoast.com\/wordpress\/plugins\/seo\/ -->\n<title>C0489 - Autoclipsuri, Dopuri de presiune - atg.md<\/title>\n<meta name=\"robots\" content=\"index, follow, max-snippet:-1, max-image-preview:large, max-video-preview:-1\" \/>\n<link rel=\"canonical\" href=\"https:\/\/atg.md\/ro\/catalog\/autoclipsuri\/nazhimnye-zaglushki\/c0489\/\" \/>\n<meta property=\"og:locale\" content=\"ro_RO\" \/>\n<meta property=\"og:type\" content=\"article\" \/>\n<meta property=\"og:title\" content=\"C0489 - Autoclipsuri, Dopuri de presiune - atg.md\" \/>\n<meta property=\"og:description\" content=\"OEM: 9926-40-543A, 992640543A, 01553-0029015530029MS470073Dimensiune F: 7Dimensiune H: 16Dimensiune T: 11\" \/>\n<meta property=\"og:url\" content=\"https:\/\/atg.md\/ro\/wp-json\/wp\/v2\/product\/7150\" \/>\n<meta property=\"og:site_name\" content=\"atg.md\" \/>\n<meta property=\"article:modified_time\" content=\"2024-07-05T07:03:19+00:00\" \/>\n<meta property=\"og:image\" content=\"https:\/\/atg.md\/wp-content\/uploads\/2021\/03\/c0489.jpg\" \/>\n\t<meta property=\"og:image:width\" content=\"600\" \/>\n\t<meta property=\"og:image:height\" content=\"600\" \/>\n\t<meta property=\"og:image:type\" content=\"image\/jpeg\" \/>\n<meta name=\"twitter:card\" content=\"summary_large_image\" \/>\n<meta name=\"twitter:label1\" content=\"Pre\u021b\" \/>\n\t<meta name=\"twitter:data1\" content=\"4.00&nbsp;MDL\" \/>\n\t<meta name=\"twitter:label2\" content=\"Availability\" \/>\n\t<meta name=\"twitter:data2\" content=\"In stock\" \/>\n<script type=\"application\/ld+json\" class=\"yoast-schema-graph\">{\"@context\":\"https:\/\/schema.org\",\"@graph\":[{\"@type\":\"WebPage\",\"@id\":\"https:\/\/atg.md\/ro\/catalog\/autoclipsuri\/nazhimnye-zaglushki\/c0489\/\",\"url\":\"https:\/\/atg.md\/ro\/catalog\/autoclipsuri\/nazhimnye-zaglushki\/c0489\/\",\"name\":\"C0489 - Autoclipsuri, Dopuri de presiune - atg.md\",\"isPartOf\":{\"@id\":\"https:\/\/atg.md\/ro\/#website\"},\"datePublished\":\"2021-03-30T09:08:16+00:00\",\"dateModified\":\"2024-07-05T07:03:19+00:00\",\"breadcrumb\":{\"@id\":\"https:\/\/atg.md\/ro\/catalog\/autoclipsuri\/nazhimnye-zaglushki\/c0489\/#breadcrumb\"},\"inLanguage\":\"ro-RO\",\"potentialAction\":[{\"@type\":\"ReadAction\",\"target\":[[\"https:\/\/atg.md\/ro\/catalog\/autoclipsuri\/nazhimnye-zaglushki\/c0489\/\"]]}]},{\"@type\":\"BreadcrumbList\",\"@id\":\"https:\/\/atg.md\/ro\/catalog\/autoclipsuri\/nazhimnye-zaglushki\/c0489\/#breadcrumb\",\"itemListElement\":[{\"@type\":\"ListItem\",\"position\":1,\"name\":\"Home\",\"item\":\"https:\/\/atg.md\/ro\/\"},{\"@type\":\"ListItem\",\"position\":2,\"name\":\"\u041a\u0430\u0442\u0430\u043b\u043e\u0433\",\"item\":\"https:\/\/atg.md\/ro\/catalog\/\"},{\"@type\":\"ListItem\",\"position\":3,\"name\":\"C0489\"}]},{\"@type\":\"WebSite\",\"@id\":\"https:\/\/atg.md\/ro\/#website\",\"url\":\"https:\/\/atg.md\/ro\/\",\"name\":\"atg.md\",\"description\":\"V\u00e2nzare de izola\u021bii \u00eempotriva vibra\u021biilor pentru ma\u0219ini, izola\u021bie termic\u0103, izolare fonic\u0103 de la cei mai buni produc\u0103tori, autoclipsuri, elemente de fixare auto. Cump\u0103ra\u021bi \u00een Moldova, Chi\u0219in\u0103u\",\"publisher\":{\"@id\":\"https:\/\/atg.md\/ro\/#organization\"},\"potentialAction\":[{\"@type\":\"SearchAction\",\"target\":{\"@type\":\"EntryPoint\",\"urlTemplate\":\"https:\/\/atg.md\/ro\/?s={search_term_string}\"},\"query-input\":\"required name=search_term_string\"}],\"inLanguage\":\"ro-RO\"},{\"@type\":[\"Organization\",\"Place\",\"AutoPartsStore\"],\"@id\":\"https:\/\/atg.md\/ro\/#organization\",\"name\":\"S.C. AUTOTOM GRUP S.R.L.\",\"url\":\"https:\/\/atg.md\/ro\/\",\"logo\":{\"@type\":\"ImageObject\",\"inLanguage\":\"ro-RO\",\"@id\":\"https:\/\/atg.md\/ro\/#\/schema\/logo\/image\/\",\"url\":\"https:\/\/i2.wp.com\/atg.md\/wp-content\/uploads\/2021\/05\/atg_logo_main.png?fit=656%2C569&ssl=1\",\"contentUrl\":\"https:\/\/i2.wp.com\/atg.md\/wp-content\/uploads\/2021\/05\/atg_logo_main.png?fit=656%2C569&ssl=1\",\"width\":656,\"height\":569,\"caption\":\"S.C. AUTOTOM GRUP S.R.L.\"},\"image\":{\"@id\":\"https:\/\/atg.md\/ro\/#\/schema\/logo\/image\/\"},\"location\":{\"@id\":\"https:\/\/atg.md\/ro\/catalog\/autoclipsuri\/nazhimnye-zaglushki\/c0489\/#local-place\"},\"address\":{\"@id\":\"https:\/\/atg.md\/ro\/catalog\/autoclipsuri\/nazhimnye-zaglushki\/c0489\/#local-place-address\"},\"email\":\"atgtvv@gmail.com\",\"telephone\":\"+37369644446\",\"areaServed\":\"Moldova\"},{\"@type\":\"Place\",\"@id\":\"https:\/\/atg.md\/ro\/catalog\/autoclipsuri\/nazhimnye-zaglushki\/c0489\/#local-place\",\"address\":{\"@type\":\"PostalAddress\",\"@id\":\"https:\/\/atg.md\/ro\/catalog\/autoclipsuri\/nazhimnye-zaglushki\/c0489\/#local-place-address\",\"streetAddress\":\"str. Alba-Iulia 77\/20\",\"addressLocality\":\"Chisinau\",\"postalCode\":\"2043\",\"addressRegion\":\"mun. Chisinau\",\"addressCountry\":\"MD\"},\"geo\":{\"@type\":\"GeoCoordinates\",\"latitude\":\"47.0376\",\"longitude\":\"28.76899\"},\"openingHoursSpecification\":[{\"@type\":\"OpeningHoursSpecification\",\"dayOfWeek\":[\"Monday\",\"Tuesday\",\"Wednesday\",\"Thursday\",\"Friday\"],\"opens\":\"09:00\",\"closes\":\"18:00\"},{\"@type\":\"OpeningHoursSpecification\",\"dayOfWeek\":[\"Saturday\"],\"opens\":\"09:00\",\"closes\":\"14:00\"},{\"@type\":\"OpeningHoursSpecification\",\"dayOfWeek\":[\"Sunday\"],\"opens\":\"00:00\",\"closes\":\"00:00\"}],\"telephone\":\"+37369644446\"}]}<\/script>\n<meta name=\"geo.placename\" content=\"Chisinau\" \/>\n<meta name=\"geo.position\" content=\"47.0376;28.76899\" \/>\n<meta name=\"geo.region\" content=\"Moldova\" \/>\n<!-- \/ Yoast SEO Premium plugin. -->","yoast_head_json":{"title":"C0489 - Autoclipsuri, Dopuri de presiune - atg.md","robots":{"index":"index","follow":"follow","max-snippet":"max-snippet:-1","max-image-preview":"max-image-preview:large","max-video-preview":"max-video-preview:-1"},"canonical":"https:\/\/atg.md\/ro\/catalog\/autoclipsuri\/nazhimnye-zaglushki\/c0489\/","og_locale":"ro_RO","og_type":"article","og_title":"C0489 - Autoclipsuri, Dopuri de presiune - atg.md","og_description":"OEM: 9926-40-543A, 992640543A, 01553-0029015530029MS470073Dimensiune F: 7Dimensiune H: 16Dimensiune T: 11","og_url":"https:\/\/atg.md\/ro\/wp-json\/wp\/v2\/product\/7150","og_site_name":"atg.md","article_modified_time":"2024-07-05T07:03:19+00:00","og_image":[{"width":600,"height":600,"url":"https:\/\/atg.md\/wp-content\/uploads\/2021\/03\/c0489.jpg","type":"image\/jpeg"}],"twitter_card":"summary_large_image","twitter_misc":{"Pre\u021b":"4.00&nbsp;MDL","Availability":"In stock"},"schema":{"@context":"https:\/\/schema.org","@graph":[{"@type":"WebPage","@id":"https:\/\/atg.md\/ro\/catalog\/autoclipsuri\/nazhimnye-zaglushki\/c0489\/","url":"https:\/\/atg.md\/ro\/catalog\/autoclipsuri\/nazhimnye-zaglushki\/c0489\/","name":"C0489 - Autoclipsuri, Dopuri de presiune - atg.md","isPartOf":{"@id":"https:\/\/atg.md\/ro\/#website"},"datePublished":"2021-03-30T09:08:16+00:00","dateModified":"2024-07-05T07:03:19+00:00","breadcrumb":{"@id":"https:\/\/atg.md\/ro\/catalog\/autoclipsuri\/nazhimnye-zaglushki\/c0489\/#breadcrumb"},"inLanguage":"ro-RO","potentialAction":[{"@type":"ReadAction","target":[["https:\/\/atg.md\/ro\/catalog\/autoclipsuri\/nazhimnye-zaglushki\/c0489\/"]]}]},{"@type":"BreadcrumbList","@id":"https:\/\/atg.md\/ro\/catalog\/autoclipsuri\/nazhimnye-zaglushki\/c0489\/#breadcrumb","itemListElement":[{"@type":"ListItem","position":1,"name":"Home","item":"https:\/\/atg.md\/ro\/"},{"@type":"ListItem","position":2,"name":"\u041a\u0430\u0442\u0430\u043b\u043e\u0433","item":"https:\/\/atg.md\/ro\/catalog\/"},{"@type":"ListItem","position":3,"name":"C0489"}]},{"@type":"WebSite","@id":"https:\/\/atg.md\/ro\/#website","url":"https:\/\/atg.md\/ro\/","name":"atg.md","description":"V\u00e2nzare de izola\u021bii \u00eempotriva vibra\u021biilor pentru ma\u0219ini, izola\u021bie termic\u0103, izolare fonic\u0103 de la cei mai buni produc\u0103tori, autoclipsuri, elemente de fixare auto. Cump\u0103ra\u021bi \u00een Moldova, Chi\u0219in\u0103u","publisher":{"@id":"https:\/\/atg.md\/ro\/#organization"},"potentialAction":[{"@type":"SearchAction","target":{"@type":"EntryPoint","urlTemplate":"https:\/\/atg.md\/ro\/?s={search_term_string}"},"query-input":"required name=search_term_string"}],"inLanguage":"ro-RO"},{"@type":["Organization","Place","AutoPartsStore"],"@id":"https:\/\/atg.md\/ro\/#organization","name":"S.C. AUTOTOM GRUP S.R.L.","url":"https:\/\/atg.md\/ro\/","logo":{"@type":"ImageObject","inLanguage":"ro-RO","@id":"https:\/\/atg.md\/ro\/#\/schema\/logo\/image\/","url":"https:\/\/i2.wp.com\/atg.md\/wp-content\/uploads\/2021\/05\/atg_logo_main.png?fit=656%2C569&ssl=1","contentUrl":"https:\/\/i2.wp.com\/atg.md\/wp-content\/uploads\/2021\/05\/atg_logo_main.png?fit=656%2C569&ssl=1","width":656,"height":569,"caption":"S.C. AUTOTOM GRUP S.R.L."},"image":{"@id":"https:\/\/atg.md\/ro\/#\/schema\/logo\/image\/"},"location":{"@id":"https:\/\/atg.md\/ro\/catalog\/autoclipsuri\/nazhimnye-zaglushki\/c0489\/#local-place"},"address":{"@id":"https:\/\/atg.md\/ro\/catalog\/autoclipsuri\/nazhimnye-zaglushki\/c0489\/#local-place-address"},"email":"atgtvv@gmail.com","telephone":"+37369644446","areaServed":"Moldova"},{"@type":"Place","@id":"https:\/\/atg.md\/ro\/catalog\/autoclipsuri\/nazhimnye-zaglushki\/c0489\/#local-place","address":{"@type":"PostalAddress","@id":"https:\/\/atg.md\/ro\/catalog\/autoclipsuri\/nazhimnye-zaglushki\/c0489\/#local-place-address","streetAddress":"str. Alba-Iulia 77\/20","addressLocality":"Chisinau","postalCode":"2043","addressRegion":"mun. Chisinau","addressCountry":"MD"},"geo":{"@type":"GeoCoordinates","latitude":"47.0376","longitude":"28.76899"},"openingHoursSpecification":[{"@type":"OpeningHoursSpecification","dayOfWeek":["Monday","Tuesday","Wednesday","Thursday","Friday"],"opens":"09:00","closes":"18:00"},{"@type":"OpeningHoursSpecification","dayOfWeek":["Saturday"],"opens":"09:00","closes":"14:00"},{"@type":"OpeningHoursSpecification","dayOfWeek":["Sunday"],"opens":"00:00","closes":"00:00"}],"telephone":"+37369644446"}]}},"_links":{"self":[{"href":"https:\/\/atg.md\/ro\/wp-json\/wp\/v2\/product\/7150"}],"collection":[{"href":"https:\/\/atg.md\/ro\/wp-json\/wp\/v2\/product"}],"about":[{"href":"https:\/\/atg.md\/ro\/wp-json\/wp\/v2\/types\/product"}],"wp:featuredmedia":[{"embeddable":true,"href":"https:\/\/atg.md\/ro\/wp-json\/wp\/v2\/media\/7151"}],"wp:attachment":[{"href":"https:\/\/atg.md\/ro\/wp-json\/wp\/v2\/media?parent=7150"}],"wp:term":[{"taxonomy":"product_cat","embeddable":true,"href":"https:\/\/atg.md\/ro\/wp-json\/wp\/v2\/product_cat?post=7150"},{"taxonomy":"product_tag","embeddable":true,"href":"https:\/\/atg.md\/ro\/wp-json\/wp\/v2\/product_tag?post=7150"}],"curies":[{"name":"wp","href":"https:\/\/api.w.org\/{rel}","templated":true}]}}