{"id":7142,"date":"2021-03-30T09:08:16","date_gmt":"2021-03-30T09:08:16","guid":{"rendered":"http:\/\/atg.md\/product\/c0484\/"},"modified":"2024-07-05T07:03:18","modified_gmt":"2024-07-05T07:03:18","slug":"c0484","status":"publish","type":"product","link":"https:\/\/atg.md\/ro\/catalog\/autoclipsuri\/nazhimnye-zaglushki\/c0484\/","title":{"rendered":"C0484"},"content":{"rendered":"<p><strong>Modele:<\/strong><\/p>\n<ul>\n<li>Infiniti I30, A32, CA33<\/li>\n<li>Infiniti I35, CA33<\/li>\n<li>Infiniti J30, JPY32<\/li>\n<li>Infiniti M30, F31<\/li>\n<li>Infiniti M35, G50, HG50<\/li>\n<li>Infiniti M45, Y34<\/li>\n<li>Infiniti Q45, F50, FGY33, G50<\/li>\n<li>Mitsubishi Bravo, U42V<\/li>\n<li>Mitsubishi Chariot<br \/>\nGrandis, N84W<\/li>\n<li>Mitsubishi Chariot, N48W<\/li>\n<li>Mitsubishi Colt Plus, Z21A,<br \/>\nZ22A, Z23A, Z24A, Z25A, Z26A, Z27A, Z27AG, Z28A<\/li>\n<li>Mitsubishi Colt, CA1A, CA2A,<br \/>\nCA4A, CA5A, CB1A, CB2A, CB3A, CB4A, CB5A, CB8A, CC4A, CD4A, CJ1A, CJ2A, CJ4A,<br \/>\nCJ5A, CK1A, CK2A, CK4A, CK5A, CN9A, CP9A, Z21A, Z22A, Z23A, Z24A, Z25A, Z26A,<br \/>\nZ27A, Z27AG, Z28A<\/li>\n<li>Mitsubishi Debonair, S22A,<br \/>\nS26A, S27A<\/li>\n<li>Mitsubishi Dingo, CQ1A, CQ2A,<br \/>\nCQ5A<\/li>\n<li>Mitsubishi Dion, CR5W, CR6W,<br \/>\nCR9W<\/li>\n<li>Mitsubishi Eterna, E12A, E13A,<br \/>\nE14A, E15A, E16A, E17A, E18A<\/li>\n<li>Mitsubishi FTO, DE2A, DE3A<\/li>\n<li>Mitsubishi GTO, Z11A, Z15A,<br \/>\nZ16A<\/li>\n<li>Mitsubishi Galant, E11A, E12A,<br \/>\nE12AR, E13A, E14A, E14AR, E15A, E15AK, E16A, E17A, E18A<\/li>\n<li>Mitsubishi L200, K01T, K02T,<br \/>\nK03T, K04T, K11T, K12T, K13T, K14T, K15T, K22T, K24T, K32T, K34T, K35T, K62T,<br \/>\nK64T, K65T, K66T, K67T, K72T, K74T, K75T, K76T, K77T, KA4T, KA5T, KB4T, KB5T,<br \/>\nKB7T, KB8T, KB9T, KJ3T, KJ4T, KK3T, KK4T, KL1T, KL3T, KL4T<\/li>\n<li>Mitsubishi Lancer Cedia, CT9A,<br \/>\nCT9W<\/li>\n<li>Mitsubishi Lancer, CA1A, CA2A,<br \/>\nCA3A, CA4A, CA5A, CB1A, CB1W, CB2A, CB2W, CB3A, CB4A, CB4W, CB5A, CB5AR, CB5W,<br \/>\nCB6A, CB7A, CB8A, CB8AR, CB8W, CC3A, CC4A, CD3A, CD4W, CD5A, CD7A, CD8A, CD9A,<br \/>\nCE9A, CJ1A, CJ2A, CJ4A, CK1A, CK2A, CK4A, CK5AR, CK6A, CK8A, CK8AR, CL2A, CM2A,<br \/>\nCM5A, CM8A, CN9A, CP9A, CT9A, CT9W<\/li>\n<li>Mitsubishi Libero, CB1V, CB2V,<br \/>\nCB2W, CB4W, CB5W, CB8V, CB8W, CD2V, CD5W, CD8V, CD8W<\/li>\n<li>Mitsubishi Mirage, CA1A, CA2A,<br \/>\nCA3A, CA4A, CA5A, CB1A, CB2A, CB3A, CB4A, CB5A, CB5AR, CB6A, CB7A, CB8A, CB8AR,<br \/>\nCC3A, CC4A, CD3A, CD5A, CD7A, CD8A, CD9A, CE9A, CJ1A, CJ2A, CJ4A, CJ5A, CK1A,<br \/>\nCK2A, CK4A, CK5A, CK5AR, CK6A, CK8A, CK8AR, CL2A, CM2A, CM5A, CM8A, CN9A, CP9A,<br \/>\nCQ1A, CQ2A, CQ5A<\/li>\n<li>Mitsubishi Montero Sport, K85W,<br \/>\nK86W, K89W, K94W, K96W, K99W<\/li>\n<li>Mitsubishi Montero, V21C, V21W,<br \/>\nV41W, V63W, V64W, V65W, V66W, V67W, V68W, V73W, V74W, V75W, V76W, V77W, V78W,<br \/>\nV83W, V85W, V86W, V87W, V88V, V88W, V93W, V95W, V96W, V97W, V98V, V98W<\/li>\n<li>Mitsubishi Nativa, K86W, K94W,<br \/>\nK96W, K97W, K99W<\/li>\n<li>Mitsubishi Pajero Sport, K86W,<br \/>\nK96W, K97W<\/li>\n<li>Mitsubishi Pajero, K94W, K96W,<br \/>\nV21C, V21W, V41W, V63W, V64W, V65W, V66W, V67W, V68W, V73W, V74W, V75W, V76W,<br \/>\nV77W, V78W, V83W, V85W, V86W, V87W, V88V, V88W, V93W, V95W, V96W, V97W, V98V,<br \/>\nV98W<\/li>\n<li>Mitsubishi Sapporo, E16A<\/li>\n<li>Mitsubishi Strada, KJ3T, KJ4T,<br \/>\nKK3T, KL1T, KL3T, KL4T<\/li>\n<li>Mitsubishi Triton, KJ3T, KJ4T,<br \/>\nKK3T, KL1T, KL3T, KL4T<\/li>\n<li>Nissan 200SX, S13, S14<\/li>\n<li>Nissan 240SX, S14<\/li>\n<li>Nissan 280ZX, S130<\/li>\n<li>Nissan 300ZX, Z31, Z32<\/li>\n<li>Nissan Almera, N15, N16, N16E<\/li>\n<li>Nissan Atlas, AF22, AGF22,<br \/>\nAMF22, BF22, BGF22, EF22, EGF22, H41, J2F23, K2F23, K4F23, M2F23, M4F23, M6F23,<br \/>\nP2F23, P4F23, P6F23, P8F23, PF22, PGF22, TF22, TGF22, UF22, UGF22, WF22, WGF22,<br \/>\nYF22, YGF22<\/li>\n<li>Nissan Auster, PT11, PT12, T11<\/li>\n<li>Nissan Bluebird Sylphy, FG10,<br \/>\nQG10, QNG10, TG10<\/li>\n<li>Nissan Bluebird, 910, ENU13,<br \/>\nEU11, EU13, HNU13, HU13, J910, P910, PJ910, PU11, PU13, RU11, SNU13, SU13, T12,<br \/>\nT72, U11, U13, VEU11, VRU11, WU11, Y910, YU11<\/li>\n<li>Nissan Cabstar, F22, F23<\/li>\n<li>Nissan Cedric, BJY31, CBJY31,<br \/>\nCMJY31, CUY31, CY31, ENY33, ENY34, FPAY31, FPY31, HBY33, HY30, HY33, HY34,<br \/>\nMJY31, MY30, MY33, MY34, NJY31, NY30, PAY31, PAY32, PBY32, PY30, PY31, PY32,<br \/>\nPY33, QJY31, SY31, TNJY31, TUJY31, TY31, UJY31, UY30, UY31, UY32, UY33, VHY30,<br \/>\nVNY30, VUY30, VY30, WHY30, WUY30, WY30, Y30, Y31, Y32, Y33, Y34, YPY30, YPY31,<br \/>\nYY31<\/li>\n<li>Nissan Cefiro, A31, A32, A33,<br \/>\nCA31, EA31, ECA31, HA32, LA31, LCA31, LNA31, NA31, PA32, PA33, WA32, WHA32,<br \/>\nWPA32<\/li>\n<li>Nissan Cima, FGDY32, FGDY33,<br \/>\nFGNY32, FGNY33, FGY32, FGY33, FHY33, FPY32, GF50, GNF50, HF50<\/li>\n<li>Nissan Civilian, ACW41, AHW41,<br \/>\nAJW41, AVW41, BCW41, BGW40, BHW41, BJW41, BVW41, BW40, DCW41, DHW41, DJW41,<br \/>\nDVW41, FGW40, FW40, MGW40, MW40, RAW40, RGW40, RW40, RYW40, UW40, VUSW40, W41<\/li>\n<li>Nissan Crew, HK30, QK30, SK30,<br \/>\nTHK30, TSK30, YHK30<\/li>\n<li>Nissan Fairlady Z, GZ31, HGZ31,<br \/>\nHZ31, PGZ31, PZ31, Z31<\/li>\n<li>Nissan Figaro, FK10<\/li>\n<li>Nissan Gazelle, PS110, S110,<br \/>\nUS110<\/li>\n<li>Nissan Gloria, BJY31, CBJY31,<br \/>\nCMJY31, CUY31, CY31, ENY33, ENY34, FPAY31, FPY31, HBY33, HY30, HY33, HY34,<br \/>\nMJY31, MY30, MY33, MY34, NJY31, NY30, PAY31, PAY32, PBY32, PY30, PY31, PY32,<br \/>\nPY33, PY33E, QJY31, TNJY31, TUJY31, TY31, UJY31, UY30, UY31, UY32, UY33, VHY30,<br \/>\nVNY30, VUY30, VY30, WHY30, WUY30, WY30, Y30, Y31, Y32, Y33, Y34, YPY30, YPY31,<br \/>\nYY31<\/li>\n<li>Nissan Laurel Spirit, EB12,<br \/>\nFB12, FNB12, HB12, SB12<\/li>\n<li>Nissan Laurel, A31, C32, EC33,<br \/>\nECC33, EJC31, EJC32, FC33, FJC31, FJC32, GC32, HC31, HC32, HC33, HC34, HCC33,<br \/>\nHJC32, NC31, PJC31, SC33, SC34, SJC32, UJC31<\/li>\n<li>Nissan Leopard, GF31, HF30,<br \/>\nJENY33, JF30, JGBY32, JHBY33, JHY33, JMY33, JPY32, JPY33, JY33, NF30, PF30,<br \/>\nUF31<\/li>\n<li>Nissan March, AK11, ANK11,<br \/>\nFHK11, HK11, K11<\/li>\n<li>Nissan Maxima, A32, A32B, A33B,<br \/>\nCA33, J30, PJ30<\/li>\n<li>Nissan NX-Coupe, B13<\/li>\n<li>Nissan Prairie, BM10, HNM10,<br \/>\nM10, PM10, VBM10<\/li>\n<li>Nissan Presage, VNU30, VU30<\/li>\n<li>Nissan Presea, HR10, PR10, R10,<br \/>\nR11<\/li>\n<li>Nissan President, JG50, JHG50,<br \/>\nPG50, PGF50, PHG50<\/li>\n<li>Nissan Pulsar, N16, RNN14<\/li>\n<li>Nissan R&#8217;nessa, N30, NN30,<br \/>\nPNN30<\/li>\n<li>Nissan Sentra, B13, B13X, B13XX<\/li>\n<li>Nissan Silvia, CS14, KPS13,<br \/>\nPS110, PS13, S110, S14, S15, US110<\/li>\n<li>Nissan Skyline, BCNR33, BNR32,<br \/>\nDR30, ECR32, ECR33, ENR33, ER32, ER33, FJR30, FR32, HCR32, HNR32, HR30, HR31,<br \/>\nHR32, HR33, PJR30, R33, UJR30, YHR32<\/li>\n<li>Nissan Stagea, WGC34, WGNC34,<br \/>\nWHC34<\/li>\n<li>Nissan Stanza, PT11, PT12, T11<\/li>\n<li>Nissan Sunny Truck<\/li>\n<li>Nissan Sunny, B12, B13, EB12,<br \/>\nEB13, FB12, FB13, FNB13, G10, HB12, HB13, HNB13, N14, SB13, SNB13<\/li>\n<li>Nissan TR-X, HF30, JF30, NF30,<br \/>\nPF30<\/li>\n<li>Nissan Urvan, E23 <\/li>\n<li>Nissan<br \/>\nViolet, PT11, T11<\/li>\n<\/ul>\n<p><\/p>","protected":false},"excerpt":{"rendered":"<p><b>OEM:<\/b> 66435-648-0000, 664356480000, MS470075, TQ69105, 01553-006701553-04083, 0155304083, 66919-H10066919H1001<\/p>\n<p><b>Dimensiune F:<\/b> 6<br \/><b>Dimensiune H:<\/b> 14<br \/><b>Dimensiune T:<\/b> 11<\/p>\n","protected":false},"featured_media":7143,"template":"","meta":[],"product_cat":[25,53],"product_tag":[],"bundled_by":[],"bundle_stock_status":"instock","bundle_stock_quantity":null,"bundle_virtual":false,"bundle_layout":"","bundle_add_to_cart_form_location":"","bundle_editable_in_cart":false,"bundle_sold_individually_context":"","bundle_item_grouping":"","bundle_min_size":"","bundle_max_size":"","bundled_items":[],"yoast_head":"<!-- This site is optimized with the Yoast SEO Premium plugin v16.6 (Yoast SEO v20.1) - https:\/\/yoast.com\/wordpress\/plugins\/seo\/ -->\n<title>C0484 - Autoclipsuri, Dopuri de presiune - atg.md<\/title>\n<meta name=\"robots\" content=\"index, follow, max-snippet:-1, max-image-preview:large, max-video-preview:-1\" \/>\n<link rel=\"canonical\" href=\"https:\/\/atg.md\/ro\/catalog\/autoclipsuri\/nazhimnye-zaglushki\/c0484\/\" \/>\n<meta property=\"og:locale\" content=\"ro_RO\" \/>\n<meta property=\"og:type\" content=\"article\" \/>\n<meta property=\"og:title\" content=\"C0484 - Autoclipsuri, Dopuri de presiune - atg.md\" \/>\n<meta property=\"og:description\" content=\"OEM: 66435-648-0000, 664356480000, MS470075, TQ69105, 01553-006701553-04083, 0155304083, 66919-H10066919H1001Dimensiune F: 6Dimensiune H: 14Dimensiune T: 11\" \/>\n<meta property=\"og:url\" content=\"https:\/\/atg.md\/ro\/wp-json\/wp\/v2\/product\/7142\" \/>\n<meta property=\"og:site_name\" content=\"atg.md\" \/>\n<meta property=\"article:modified_time\" content=\"2024-07-05T07:03:18+00:00\" \/>\n<meta property=\"og:image\" content=\"https:\/\/atg.md\/wp-content\/uploads\/2021\/03\/c0484.jpg\" \/>\n\t<meta property=\"og:image:width\" content=\"600\" \/>\n\t<meta property=\"og:image:height\" content=\"600\" \/>\n\t<meta property=\"og:image:type\" content=\"image\/jpeg\" \/>\n<meta name=\"twitter:card\" content=\"summary_large_image\" \/>\n<meta name=\"twitter:label1\" content=\"Pre\u021b\" \/>\n\t<meta name=\"twitter:data1\" content=\"4.00&nbsp;MDL\" \/>\n\t<meta name=\"twitter:label2\" content=\"Availability\" \/>\n\t<meta name=\"twitter:data2\" content=\"In stock\" \/>\n<script type=\"application\/ld+json\" class=\"yoast-schema-graph\">{\"@context\":\"https:\/\/schema.org\",\"@graph\":[{\"@type\":\"WebPage\",\"@id\":\"https:\/\/atg.md\/ro\/catalog\/autoclipsuri\/nazhimnye-zaglushki\/c0484\/\",\"url\":\"https:\/\/atg.md\/ro\/catalog\/autoclipsuri\/nazhimnye-zaglushki\/c0484\/\",\"name\":\"C0484 - Autoclipsuri, Dopuri de presiune - atg.md\",\"isPartOf\":{\"@id\":\"https:\/\/atg.md\/ro\/#website\"},\"datePublished\":\"2021-03-30T09:08:16+00:00\",\"dateModified\":\"2024-07-05T07:03:18+00:00\",\"breadcrumb\":{\"@id\":\"https:\/\/atg.md\/ro\/catalog\/autoclipsuri\/nazhimnye-zaglushki\/c0484\/#breadcrumb\"},\"inLanguage\":\"ro-RO\",\"potentialAction\":[{\"@type\":\"ReadAction\",\"target\":[[\"https:\/\/atg.md\/ro\/catalog\/autoclipsuri\/nazhimnye-zaglushki\/c0484\/\"]]}]},{\"@type\":\"BreadcrumbList\",\"@id\":\"https:\/\/atg.md\/ro\/catalog\/autoclipsuri\/nazhimnye-zaglushki\/c0484\/#breadcrumb\",\"itemListElement\":[{\"@type\":\"ListItem\",\"position\":1,\"name\":\"Home\",\"item\":\"https:\/\/atg.md\/ro\/\"},{\"@type\":\"ListItem\",\"position\":2,\"name\":\"\u041a\u0430\u0442\u0430\u043b\u043e\u0433\",\"item\":\"https:\/\/atg.md\/ro\/catalog\/\"},{\"@type\":\"ListItem\",\"position\":3,\"name\":\"C0484\"}]},{\"@type\":\"WebSite\",\"@id\":\"https:\/\/atg.md\/ro\/#website\",\"url\":\"https:\/\/atg.md\/ro\/\",\"name\":\"atg.md\",\"description\":\"V\u00e2nzare de izola\u021bii \u00eempotriva vibra\u021biilor pentru ma\u0219ini, izola\u021bie termic\u0103, izolare fonic\u0103 de la cei mai buni produc\u0103tori, autoclipsuri, elemente de fixare auto. Cump\u0103ra\u021bi \u00een Moldova, Chi\u0219in\u0103u\",\"publisher\":{\"@id\":\"https:\/\/atg.md\/ro\/#organization\"},\"potentialAction\":[{\"@type\":\"SearchAction\",\"target\":{\"@type\":\"EntryPoint\",\"urlTemplate\":\"https:\/\/atg.md\/ro\/?s={search_term_string}\"},\"query-input\":\"required name=search_term_string\"}],\"inLanguage\":\"ro-RO\"},{\"@type\":[\"Organization\",\"Place\",\"AutoPartsStore\"],\"@id\":\"https:\/\/atg.md\/ro\/#organization\",\"name\":\"S.C. AUTOTOM GRUP S.R.L.\",\"url\":\"https:\/\/atg.md\/ro\/\",\"logo\":{\"@type\":\"ImageObject\",\"inLanguage\":\"ro-RO\",\"@id\":\"https:\/\/atg.md\/ro\/#\/schema\/logo\/image\/\",\"url\":\"https:\/\/i2.wp.com\/atg.md\/wp-content\/uploads\/2021\/05\/atg_logo_main.png?fit=656%2C569&ssl=1\",\"contentUrl\":\"https:\/\/i2.wp.com\/atg.md\/wp-content\/uploads\/2021\/05\/atg_logo_main.png?fit=656%2C569&ssl=1\",\"width\":656,\"height\":569,\"caption\":\"S.C. AUTOTOM GRUP S.R.L.\"},\"image\":{\"@id\":\"https:\/\/atg.md\/ro\/#\/schema\/logo\/image\/\"},\"location\":{\"@id\":\"https:\/\/atg.md\/ro\/catalog\/autoclipsuri\/nazhimnye-zaglushki\/c0484\/#local-place\"},\"address\":{\"@id\":\"https:\/\/atg.md\/ro\/catalog\/autoclipsuri\/nazhimnye-zaglushki\/c0484\/#local-place-address\"},\"email\":\"atgtvv@gmail.com\",\"telephone\":\"+37369644446\",\"areaServed\":\"Moldova\"},{\"@type\":\"Place\",\"@id\":\"https:\/\/atg.md\/ro\/catalog\/autoclipsuri\/nazhimnye-zaglushki\/c0484\/#local-place\",\"address\":{\"@type\":\"PostalAddress\",\"@id\":\"https:\/\/atg.md\/ro\/catalog\/autoclipsuri\/nazhimnye-zaglushki\/c0484\/#local-place-address\",\"streetAddress\":\"str. Alba-Iulia 77\/20\",\"addressLocality\":\"Chisinau\",\"postalCode\":\"2043\",\"addressRegion\":\"mun. Chisinau\",\"addressCountry\":\"MD\"},\"geo\":{\"@type\":\"GeoCoordinates\",\"latitude\":\"47.0376\",\"longitude\":\"28.76899\"},\"openingHoursSpecification\":[{\"@type\":\"OpeningHoursSpecification\",\"dayOfWeek\":[\"Monday\",\"Tuesday\",\"Wednesday\",\"Thursday\",\"Friday\"],\"opens\":\"09:00\",\"closes\":\"18:00\"},{\"@type\":\"OpeningHoursSpecification\",\"dayOfWeek\":[\"Saturday\"],\"opens\":\"09:00\",\"closes\":\"14:00\"},{\"@type\":\"OpeningHoursSpecification\",\"dayOfWeek\":[\"Sunday\"],\"opens\":\"00:00\",\"closes\":\"00:00\"}],\"telephone\":\"+37369644446\"}]}<\/script>\n<meta name=\"geo.placename\" content=\"Chisinau\" \/>\n<meta name=\"geo.position\" content=\"47.0376;28.76899\" \/>\n<meta name=\"geo.region\" content=\"Moldova\" \/>\n<!-- \/ Yoast SEO Premium plugin. -->","yoast_head_json":{"title":"C0484 - Autoclipsuri, Dopuri de presiune - atg.md","robots":{"index":"index","follow":"follow","max-snippet":"max-snippet:-1","max-image-preview":"max-image-preview:large","max-video-preview":"max-video-preview:-1"},"canonical":"https:\/\/atg.md\/ro\/catalog\/autoclipsuri\/nazhimnye-zaglushki\/c0484\/","og_locale":"ro_RO","og_type":"article","og_title":"C0484 - Autoclipsuri, Dopuri de presiune - atg.md","og_description":"OEM: 66435-648-0000, 664356480000, MS470075, TQ69105, 01553-006701553-04083, 0155304083, 66919-H10066919H1001Dimensiune F: 6Dimensiune H: 14Dimensiune T: 11","og_url":"https:\/\/atg.md\/ro\/wp-json\/wp\/v2\/product\/7142","og_site_name":"atg.md","article_modified_time":"2024-07-05T07:03:18+00:00","og_image":[{"width":600,"height":600,"url":"https:\/\/atg.md\/wp-content\/uploads\/2021\/03\/c0484.jpg","type":"image\/jpeg"}],"twitter_card":"summary_large_image","twitter_misc":{"Pre\u021b":"4.00&nbsp;MDL","Availability":"In stock"},"schema":{"@context":"https:\/\/schema.org","@graph":[{"@type":"WebPage","@id":"https:\/\/atg.md\/ro\/catalog\/autoclipsuri\/nazhimnye-zaglushki\/c0484\/","url":"https:\/\/atg.md\/ro\/catalog\/autoclipsuri\/nazhimnye-zaglushki\/c0484\/","name":"C0484 - Autoclipsuri, Dopuri de presiune - atg.md","isPartOf":{"@id":"https:\/\/atg.md\/ro\/#website"},"datePublished":"2021-03-30T09:08:16+00:00","dateModified":"2024-07-05T07:03:18+00:00","breadcrumb":{"@id":"https:\/\/atg.md\/ro\/catalog\/autoclipsuri\/nazhimnye-zaglushki\/c0484\/#breadcrumb"},"inLanguage":"ro-RO","potentialAction":[{"@type":"ReadAction","target":[["https:\/\/atg.md\/ro\/catalog\/autoclipsuri\/nazhimnye-zaglushki\/c0484\/"]]}]},{"@type":"BreadcrumbList","@id":"https:\/\/atg.md\/ro\/catalog\/autoclipsuri\/nazhimnye-zaglushki\/c0484\/#breadcrumb","itemListElement":[{"@type":"ListItem","position":1,"name":"Home","item":"https:\/\/atg.md\/ro\/"},{"@type":"ListItem","position":2,"name":"\u041a\u0430\u0442\u0430\u043b\u043e\u0433","item":"https:\/\/atg.md\/ro\/catalog\/"},{"@type":"ListItem","position":3,"name":"C0484"}]},{"@type":"WebSite","@id":"https:\/\/atg.md\/ro\/#website","url":"https:\/\/atg.md\/ro\/","name":"atg.md","description":"V\u00e2nzare de izola\u021bii \u00eempotriva vibra\u021biilor pentru ma\u0219ini, izola\u021bie termic\u0103, izolare fonic\u0103 de la cei mai buni produc\u0103tori, autoclipsuri, elemente de fixare auto. Cump\u0103ra\u021bi \u00een Moldova, Chi\u0219in\u0103u","publisher":{"@id":"https:\/\/atg.md\/ro\/#organization"},"potentialAction":[{"@type":"SearchAction","target":{"@type":"EntryPoint","urlTemplate":"https:\/\/atg.md\/ro\/?s={search_term_string}"},"query-input":"required name=search_term_string"}],"inLanguage":"ro-RO"},{"@type":["Organization","Place","AutoPartsStore"],"@id":"https:\/\/atg.md\/ro\/#organization","name":"S.C. AUTOTOM GRUP S.R.L.","url":"https:\/\/atg.md\/ro\/","logo":{"@type":"ImageObject","inLanguage":"ro-RO","@id":"https:\/\/atg.md\/ro\/#\/schema\/logo\/image\/","url":"https:\/\/i2.wp.com\/atg.md\/wp-content\/uploads\/2021\/05\/atg_logo_main.png?fit=656%2C569&ssl=1","contentUrl":"https:\/\/i2.wp.com\/atg.md\/wp-content\/uploads\/2021\/05\/atg_logo_main.png?fit=656%2C569&ssl=1","width":656,"height":569,"caption":"S.C. AUTOTOM GRUP S.R.L."},"image":{"@id":"https:\/\/atg.md\/ro\/#\/schema\/logo\/image\/"},"location":{"@id":"https:\/\/atg.md\/ro\/catalog\/autoclipsuri\/nazhimnye-zaglushki\/c0484\/#local-place"},"address":{"@id":"https:\/\/atg.md\/ro\/catalog\/autoclipsuri\/nazhimnye-zaglushki\/c0484\/#local-place-address"},"email":"atgtvv@gmail.com","telephone":"+37369644446","areaServed":"Moldova"},{"@type":"Place","@id":"https:\/\/atg.md\/ro\/catalog\/autoclipsuri\/nazhimnye-zaglushki\/c0484\/#local-place","address":{"@type":"PostalAddress","@id":"https:\/\/atg.md\/ro\/catalog\/autoclipsuri\/nazhimnye-zaglushki\/c0484\/#local-place-address","streetAddress":"str. Alba-Iulia 77\/20","addressLocality":"Chisinau","postalCode":"2043","addressRegion":"mun. Chisinau","addressCountry":"MD"},"geo":{"@type":"GeoCoordinates","latitude":"47.0376","longitude":"28.76899"},"openingHoursSpecification":[{"@type":"OpeningHoursSpecification","dayOfWeek":["Monday","Tuesday","Wednesday","Thursday","Friday"],"opens":"09:00","closes":"18:00"},{"@type":"OpeningHoursSpecification","dayOfWeek":["Saturday"],"opens":"09:00","closes":"14:00"},{"@type":"OpeningHoursSpecification","dayOfWeek":["Sunday"],"opens":"00:00","closes":"00:00"}],"telephone":"+37369644446"}]}},"_links":{"self":[{"href":"https:\/\/atg.md\/ro\/wp-json\/wp\/v2\/product\/7142"}],"collection":[{"href":"https:\/\/atg.md\/ro\/wp-json\/wp\/v2\/product"}],"about":[{"href":"https:\/\/atg.md\/ro\/wp-json\/wp\/v2\/types\/product"}],"wp:featuredmedia":[{"embeddable":true,"href":"https:\/\/atg.md\/ro\/wp-json\/wp\/v2\/media\/7143"}],"wp:attachment":[{"href":"https:\/\/atg.md\/ro\/wp-json\/wp\/v2\/media?parent=7142"}],"wp:term":[{"taxonomy":"product_cat","embeddable":true,"href":"https:\/\/atg.md\/ro\/wp-json\/wp\/v2\/product_cat?post=7142"},{"taxonomy":"product_tag","embeddable":true,"href":"https:\/\/atg.md\/ro\/wp-json\/wp\/v2\/product_tag?post=7142"}],"curies":[{"name":"wp","href":"https:\/\/api.w.org\/{rel}","templated":true}]}}