{"id":7136,"date":"2021-03-30T09:08:16","date_gmt":"2021-03-30T09:08:16","guid":{"rendered":"http:\/\/atg.md\/product\/c0481\/"},"modified":"2024-07-05T07:03:16","modified_gmt":"2024-07-05T07:03:16","slug":"c0481","status":"publish","type":"product","link":"https:\/\/atg.md\/ro\/catalog\/autoclipsuri\/vstavki\/c0481\/","title":{"rendered":"C0481"},"content":{"rendered":"<p><strong>Modele:<\/strong><\/p>\n<ul>\n<li>Lexus ES250, VZV21<\/li>\n<li>Lexus ES300, MCV10, MCV20,<br \/>\nMCV30, MCV31, VCV10<\/li>\n<li>Lexus ES330, MCV30, MCV31<\/li>\n<li>Lexus ES350, GSV40<\/li>\n<li>Lexus GS300, GRS190, GRS191,<br \/>\nGRS195, GRS196, URS190, UZS190<\/li>\n<li>Lexus GS430, GRS190, GRS191,<br \/>\nGRS195, GRS196, URS190, UZS190<\/li>\n<li>Lexus GS450h, GWS191<\/li>\n<li>Lexus GS460, GRS190, GRS191,<br \/>\nGRS195, GRS196, URS190, UZS190<\/li>\n<li>Lexus GX470, UZJ120<\/li>\n<li>Lexus IS F, USE20<\/li>\n<li>Lexus IS200, GXE10, JCE10<\/li>\n<li>Lexus IS220d, ALE20, GSE20<\/li>\n<li>Lexus IS250, ALE20, GSE20,<br \/>\nGSE21, GSE25<\/li>\n<li>Lexus IS300, GSE22, GXE10,<br \/>\nJCE10<\/li>\n<li>Lexus LS430, UCF30<\/li>\n<li>Lexus LS460, USF40, USF41<\/li>\n<li>Lexus LS460L, USF40, USF41<\/li>\n<li>Lexus LS600h, UVF45, UVF46<\/li>\n<li>Lexus LS600hL, UVF45, UVF46<\/li>\n<li>Lexus RX300, GSU35, MCU10,<br \/>\nMCU15, MCU35, MCU38<\/li>\n<li>Lexus RX330, GSU30, GSU35,<br \/>\nMCU33, MCU35, MCU38<\/li>\n<li>Lexus RX400h, MHU33, MHU38<\/li>\n<li>Lexus SC430, UZZ40<\/li>\n<li>Subaru Impreza, GD9, GDA, GDB,<br \/>\nGF1, GF3, GF4, GF6, GF8, GF8LD, GFA, GG2, GG3, GG9, GGA, GGB<\/li>\n<li>Toyota 4Runner, GRN210, GRN215,<br \/>\nKZN205, KZN215, LN106, LN107, LN111, LN130, LN135, LN205, RN101, RN105, RN106,<br \/>\nRN110, RN120, RN121, RN130, RN131, RN135, RN80, RN85, RN90, UZN210, UZN215,<br \/>\nVZN100, VZN105, VZN110, VZN120, VZN130, VZN131, VZN85, VZN90, VZN95, YN106,<br \/>\nYN130, YN135<\/li>\n<li>Toyota Allex, NZE121, NZE124,<br \/>\nZZE122, ZZE123, ZZE124<\/li>\n<li>Toyota Allion, AZT240, NZT240,<br \/>\nNZT260, ZRT260, ZRT261, ZRT265, ZZT240, ZZT245<\/li>\n<li>Toyota Alphard, ANH10, ANH10W,<br \/>\nANH15, ANH15W, ATH10, ATH10W, MNH10, MNH10W, MNH15, MNH15W<\/li>\n<li>Toyota Altezza, GXE10, GXE10W,<br \/>\nGXE15, GXE15W, JCE10, JCE10W, JCE15, JCE15W, SXE10<\/li>\n<li>Toyota Aqua, NHP10, NHP10H<\/li>\n<li>Toyota Aristo, JZS147, JZS147E,<br \/>\nUZS143, UZS143E<\/li>\n<li>Toyota Aurion, ACV40, GSV40<\/li>\n<li>Toyota Avalon, GSX30, MCX10,<br \/>\nMCX20<\/li>\n<li>Toyota Avensis, ADT250, ADT251,<br \/>\nAT220, AT220L, AT221, AZT220, AZT250, AZT250L, AZT250W, AZT251, AZT251L,<br \/>\nAZT251W, AZT255, AZT255W, CDT220, CDT250, CT220, ST220, ST220L, ZZT220,<br \/>\nZZT220L, ZZT221, ZZT250, ZZT251, ZZT251L<\/li>\n<li>Toyota Aygo, KGB10, WNB10<\/li>\n<li>Toyota Brevis, JCG10, JCG11,<br \/>\nJCG15<\/li>\n<li>Toyota Caldina, AT191, AT191G,<br \/>\nAT211, AT211G, AZT241, AZT241W, AZT246, AZT246W, CT190, CT190G, CT196, CT196V,<br \/>\nCT197, CT197V, CT198, CT198V, CT199, CT199V, CT216, CT216G, ET196, ET196V,<br \/>\nST190, ST190G, ST191, ST191G, ST195, ST195G, ST198, ST198V, ST210, ST210G,<br \/>\nST215, ST215G, ST215W, ST246, ST246W, ZZT241, ZZT241W<\/li>\n<li>Toyota Camry Gracia, MCV21,<br \/>\nMCV21W, MCV25, MCV25W, SXV20, SXV20W, SXV25, SXV25W<\/li>\n<li>Toyota Camry, ACV30, ACV30L,<br \/>\nACV31, ACV35, ACV36, ACV40, ACV41, ACV45, AHV40, AVV50, CV10, CV11, CV20, CV40,<br \/>\nCV43, GSV40, MCV10, MCV20, MCV30, MCV30L, MCV31, MCV36, SV10, SV11, SV12, SV20,<br \/>\nSV21, SV22, SV25, SV40, SV41, SV42, SV43, SXV10, SXV11, SXV20, SXV23, VCV10,<br \/>\nVZV20, VZV21<\/li>\n<li>Toyota Carina E, AT190, AT190L,<br \/>\nAT191, AT191L, CT190, CT190L, ST191, ST191L<\/li>\n<li>Toyota Carina ED, ST160, ST162,<br \/>\nST163, ST180, ST181, ST182, ST183, ST200, ST201, ST202, ST203, ST205<\/li>\n<li>Toyota Carina II, AT171, AT177,<br \/>\nCT170, CT177, ST171<\/li>\n<li>Toyota Carina, AA60, AA63,<br \/>\nAT150, AT151, AT170, AT170G, AT171, AT175, AT190, AT191, AT192, AT210, AT211,<br \/>\nAT212, CA60, CA67, CT150, CT170, CT170G, CT176, CT190, CT195, CT210, CT211,<br \/>\nCT215, CT216, ET176, KA67, RA63, SA60, SA60G, ST150, ST170, ST170G, ST190,<br \/>\nST195, ST215, TA40, TA47, TA60, TA61, TA62, TA63, TA67, TA67V<\/li>\n<li>Toyota Celica, AA63, AT160,<br \/>\nAT180, AT200, GA61, MA46, MA47, MA61, MA63, RA40, RA42, RA43, RA60, RA61, RA63,<br \/>\nRA64, RA65, SA60, SA63, ST160, ST161, ST162, ST162C, ST163, ST165, ST182,<br \/>\nST183, ST183C, ST184, ST185, ST202, ST202C, ST203, ST204, ST205, TA40, TA60,<br \/>\nTA61, TA63, TA64, ZZT230, ZZT231<\/li>\n<li>Toyota Celsior, UCF30, UCF31<\/li>\n<li>Toyota Century, GZG50<\/li>\n<li>Toyota Chaser, GX100, GX105,<br \/>\nGX71, GX81, GX90, JZX100, JZX101, JZX105, JZX81, JZX90, JZX91, JZX93, LX100,<br \/>\nLX70, LX80, LX90, MX71, MX83, SX100, SX70, SX80, SX90, YX70, YX72, YX80<\/li>\n<li>Toyota Coaster, BB40, BB40R,<br \/>\nBB42, BB43, BB46, BB50, BB53, BB54, BB55, BB58, BB59, BZB40, BZB50, HDB50,<br \/>\nHDB51, HZB40, HZB41, HZB46, HZB50, HZB50L, HZB50R, HZB56, RZB40, RZB50, RZB53,<br \/>\nRZB54, TRB40, TRB50, TRB53, XZB40, XZB46, XZB50, XZB53, XZB59<\/li>\n<li>Toyota Corolla Axio, NKE165,<br \/>\nNRE160, NZE141, NZE144, NZE161, NZE164, ZRE142, ZRE144, ZRE162<\/li>\n<li>Toyota Corolla Ceres, AE100,<br \/>\nAE101<\/li>\n<li>Toyota Corolla FX, AE82<\/li>\n<li>Toyota Corolla Fielder, CE121,<br \/>\nCE121G, NKE165, NKE165G, NRE160, NZE120, NZE121, NZE121G, NZE124, NZE124G,<br \/>\nNZE141, NZE141G, NZE144, NZE144G, NZE161, NZE161G, NZE164, NZE164G, ZRE142,<br \/>\nZRE142G, ZRE144, ZRE144G, ZRE162, ZRE162G, ZZE122, ZZE122G, ZZE123, ZZE123G,<br \/>\nZZE124, ZZE124G<\/li>\n<li>Toyota Corolla II, AL20, AL21,<br \/>\nEL30, EL31, NL30<\/li>\n<li>Toyota Corolla Levin, AE100,<br \/>\nAE101, AE110, AE111, AE85, AE86, AE91, AE92<\/li>\n<li>Toyota Corolla Runx, NZE121,<br \/>\nNZE124, ZZE122, ZZE123, ZZE124<\/li>\n<li><\/ul>\n<p><\/p>","protected":false},"excerpt":{"rendered":"<p><b>OEM:<\/b> 90189-06006, 9018906006, 909300052, 94019FA050<\/p>\n<p><b>Dimensiune F:<\/b> 9<br \/><b>Dimensiune H:<\/b> 11<br \/><b>Dimensiune T:<\/b> 17<\/p>\n","protected":false},"featured_media":7137,"template":"","meta":[],"product_cat":[25,105],"product_tag":[],"bundled_by":[],"bundle_stock_status":"instock","bundle_stock_quantity":null,"bundle_virtual":false,"bundle_layout":"","bundle_add_to_cart_form_location":"","bundle_editable_in_cart":false,"bundle_sold_individually_context":"","bundle_item_grouping":"","bundle_min_size":"","bundle_max_size":"","bundled_items":[],"yoast_head":"<!-- This site is optimized with the Yoast SEO Premium plugin v16.6 (Yoast SEO v20.1) - https:\/\/yoast.com\/wordpress\/plugins\/seo\/ -->\n<title>C0481 - Autoclipsuri, Inserturi - atg.md<\/title>\n<meta name=\"robots\" content=\"index, follow, max-snippet:-1, max-image-preview:large, max-video-preview:-1\" \/>\n<link rel=\"canonical\" href=\"https:\/\/atg.md\/ro\/catalog\/autoclipsuri\/vstavki\/c0481\/\" \/>\n<meta property=\"og:locale\" content=\"ro_RO\" \/>\n<meta property=\"og:type\" content=\"article\" \/>\n<meta property=\"og:title\" content=\"C0481 - Autoclipsuri, Inserturi - atg.md\" \/>\n<meta property=\"og:description\" content=\"OEM: 90189-06006, 9018906006, 909300052, 94019FA050Dimensiune F: 9Dimensiune H: 11Dimensiune T: 17\" \/>\n<meta property=\"og:url\" content=\"https:\/\/atg.md\/ro\/wp-json\/wp\/v2\/product\/7136\" \/>\n<meta property=\"og:site_name\" content=\"atg.md\" \/>\n<meta property=\"article:modified_time\" content=\"2024-07-05T07:03:16+00:00\" \/>\n<meta property=\"og:image\" content=\"https:\/\/atg.md\/wp-content\/uploads\/2021\/03\/c0481.jpg\" \/>\n\t<meta property=\"og:image:width\" content=\"600\" \/>\n\t<meta property=\"og:image:height\" content=\"600\" \/>\n\t<meta property=\"og:image:type\" content=\"image\/jpeg\" \/>\n<meta name=\"twitter:card\" content=\"summary_large_image\" \/>\n<meta name=\"twitter:label1\" content=\"Pre\u021b\" \/>\n\t<meta name=\"twitter:data1\" content=\"5.00&nbsp;MDL\" \/>\n\t<meta name=\"twitter:label2\" content=\"Availability\" \/>\n\t<meta name=\"twitter:data2\" content=\"In stock\" \/>\n<script type=\"application\/ld+json\" class=\"yoast-schema-graph\">{\"@context\":\"https:\/\/schema.org\",\"@graph\":[{\"@type\":\"WebPage\",\"@id\":\"https:\/\/atg.md\/ro\/catalog\/autoclipsuri\/vstavki\/c0481\/\",\"url\":\"https:\/\/atg.md\/ro\/catalog\/autoclipsuri\/vstavki\/c0481\/\",\"name\":\"C0481 - Autoclipsuri, Inserturi - atg.md\",\"isPartOf\":{\"@id\":\"https:\/\/atg.md\/ro\/#website\"},\"datePublished\":\"2021-03-30T09:08:16+00:00\",\"dateModified\":\"2024-07-05T07:03:16+00:00\",\"breadcrumb\":{\"@id\":\"https:\/\/atg.md\/ro\/catalog\/autoclipsuri\/vstavki\/c0481\/#breadcrumb\"},\"inLanguage\":\"ro-RO\",\"potentialAction\":[{\"@type\":\"ReadAction\",\"target\":[[\"https:\/\/atg.md\/ro\/catalog\/autoclipsuri\/vstavki\/c0481\/\"]]}]},{\"@type\":\"BreadcrumbList\",\"@id\":\"https:\/\/atg.md\/ro\/catalog\/autoclipsuri\/vstavki\/c0481\/#breadcrumb\",\"itemListElement\":[{\"@type\":\"ListItem\",\"position\":1,\"name\":\"Home\",\"item\":\"https:\/\/atg.md\/ro\/\"},{\"@type\":\"ListItem\",\"position\":2,\"name\":\"\u041a\u0430\u0442\u0430\u043b\u043e\u0433\",\"item\":\"https:\/\/atg.md\/ro\/catalog\/\"},{\"@type\":\"ListItem\",\"position\":3,\"name\":\"C0481\"}]},{\"@type\":\"WebSite\",\"@id\":\"https:\/\/atg.md\/ro\/#website\",\"url\":\"https:\/\/atg.md\/ro\/\",\"name\":\"atg.md\",\"description\":\"V\u00e2nzare de izola\u021bii \u00eempotriva vibra\u021biilor pentru ma\u0219ini, izola\u021bie termic\u0103, izolare fonic\u0103 de la cei mai buni produc\u0103tori, autoclipsuri, elemente de fixare auto. Cump\u0103ra\u021bi \u00een Moldova, Chi\u0219in\u0103u\",\"publisher\":{\"@id\":\"https:\/\/atg.md\/ro\/#organization\"},\"potentialAction\":[{\"@type\":\"SearchAction\",\"target\":{\"@type\":\"EntryPoint\",\"urlTemplate\":\"https:\/\/atg.md\/ro\/?s={search_term_string}\"},\"query-input\":\"required name=search_term_string\"}],\"inLanguage\":\"ro-RO\"},{\"@type\":[\"Organization\",\"Place\",\"AutoPartsStore\"],\"@id\":\"https:\/\/atg.md\/ro\/#organization\",\"name\":\"S.C. AUTOTOM GRUP S.R.L.\",\"url\":\"https:\/\/atg.md\/ro\/\",\"logo\":{\"@type\":\"ImageObject\",\"inLanguage\":\"ro-RO\",\"@id\":\"https:\/\/atg.md\/ro\/#\/schema\/logo\/image\/\",\"url\":\"https:\/\/i2.wp.com\/atg.md\/wp-content\/uploads\/2021\/05\/atg_logo_main.png?fit=656%2C569&ssl=1\",\"contentUrl\":\"https:\/\/i2.wp.com\/atg.md\/wp-content\/uploads\/2021\/05\/atg_logo_main.png?fit=656%2C569&ssl=1\",\"width\":656,\"height\":569,\"caption\":\"S.C. AUTOTOM GRUP S.R.L.\"},\"image\":{\"@id\":\"https:\/\/atg.md\/ro\/#\/schema\/logo\/image\/\"},\"location\":{\"@id\":\"https:\/\/atg.md\/ro\/catalog\/autoclipsuri\/vstavki\/c0481\/#local-place\"},\"address\":{\"@id\":\"https:\/\/atg.md\/ro\/catalog\/autoclipsuri\/vstavki\/c0481\/#local-place-address\"},\"email\":\"atgtvv@gmail.com\",\"telephone\":\"+37369644446\",\"areaServed\":\"Moldova\"},{\"@type\":\"Place\",\"@id\":\"https:\/\/atg.md\/ro\/catalog\/autoclipsuri\/vstavki\/c0481\/#local-place\",\"address\":{\"@type\":\"PostalAddress\",\"@id\":\"https:\/\/atg.md\/ro\/catalog\/autoclipsuri\/vstavki\/c0481\/#local-place-address\",\"streetAddress\":\"str. Alba-Iulia 77\/20\",\"addressLocality\":\"Chisinau\",\"postalCode\":\"2043\",\"addressRegion\":\"mun. Chisinau\",\"addressCountry\":\"MD\"},\"geo\":{\"@type\":\"GeoCoordinates\",\"latitude\":\"47.0376\",\"longitude\":\"28.76899\"},\"openingHoursSpecification\":[{\"@type\":\"OpeningHoursSpecification\",\"dayOfWeek\":[\"Monday\",\"Tuesday\",\"Wednesday\",\"Thursday\",\"Friday\"],\"opens\":\"09:00\",\"closes\":\"18:00\"},{\"@type\":\"OpeningHoursSpecification\",\"dayOfWeek\":[\"Saturday\"],\"opens\":\"09:00\",\"closes\":\"14:00\"},{\"@type\":\"OpeningHoursSpecification\",\"dayOfWeek\":[\"Sunday\"],\"opens\":\"00:00\",\"closes\":\"00:00\"}],\"telephone\":\"+37369644446\"}]}<\/script>\n<meta name=\"geo.placename\" content=\"Chisinau\" \/>\n<meta name=\"geo.position\" content=\"47.0376;28.76899\" \/>\n<meta name=\"geo.region\" content=\"Moldova\" \/>\n<!-- \/ Yoast SEO Premium plugin. -->","yoast_head_json":{"title":"C0481 - Autoclipsuri, Inserturi - atg.md","robots":{"index":"index","follow":"follow","max-snippet":"max-snippet:-1","max-image-preview":"max-image-preview:large","max-video-preview":"max-video-preview:-1"},"canonical":"https:\/\/atg.md\/ro\/catalog\/autoclipsuri\/vstavki\/c0481\/","og_locale":"ro_RO","og_type":"article","og_title":"C0481 - Autoclipsuri, Inserturi - atg.md","og_description":"OEM: 90189-06006, 9018906006, 909300052, 94019FA050Dimensiune F: 9Dimensiune H: 11Dimensiune T: 17","og_url":"https:\/\/atg.md\/ro\/wp-json\/wp\/v2\/product\/7136","og_site_name":"atg.md","article_modified_time":"2024-07-05T07:03:16+00:00","og_image":[{"width":600,"height":600,"url":"https:\/\/atg.md\/wp-content\/uploads\/2021\/03\/c0481.jpg","type":"image\/jpeg"}],"twitter_card":"summary_large_image","twitter_misc":{"Pre\u021b":"5.00&nbsp;MDL","Availability":"In stock"},"schema":{"@context":"https:\/\/schema.org","@graph":[{"@type":"WebPage","@id":"https:\/\/atg.md\/ro\/catalog\/autoclipsuri\/vstavki\/c0481\/","url":"https:\/\/atg.md\/ro\/catalog\/autoclipsuri\/vstavki\/c0481\/","name":"C0481 - Autoclipsuri, Inserturi - atg.md","isPartOf":{"@id":"https:\/\/atg.md\/ro\/#website"},"datePublished":"2021-03-30T09:08:16+00:00","dateModified":"2024-07-05T07:03:16+00:00","breadcrumb":{"@id":"https:\/\/atg.md\/ro\/catalog\/autoclipsuri\/vstavki\/c0481\/#breadcrumb"},"inLanguage":"ro-RO","potentialAction":[{"@type":"ReadAction","target":[["https:\/\/atg.md\/ro\/catalog\/autoclipsuri\/vstavki\/c0481\/"]]}]},{"@type":"BreadcrumbList","@id":"https:\/\/atg.md\/ro\/catalog\/autoclipsuri\/vstavki\/c0481\/#breadcrumb","itemListElement":[{"@type":"ListItem","position":1,"name":"Home","item":"https:\/\/atg.md\/ro\/"},{"@type":"ListItem","position":2,"name":"\u041a\u0430\u0442\u0430\u043b\u043e\u0433","item":"https:\/\/atg.md\/ro\/catalog\/"},{"@type":"ListItem","position":3,"name":"C0481"}]},{"@type":"WebSite","@id":"https:\/\/atg.md\/ro\/#website","url":"https:\/\/atg.md\/ro\/","name":"atg.md","description":"V\u00e2nzare de izola\u021bii \u00eempotriva vibra\u021biilor pentru ma\u0219ini, izola\u021bie termic\u0103, izolare fonic\u0103 de la cei mai buni produc\u0103tori, autoclipsuri, elemente de fixare auto. Cump\u0103ra\u021bi \u00een Moldova, Chi\u0219in\u0103u","publisher":{"@id":"https:\/\/atg.md\/ro\/#organization"},"potentialAction":[{"@type":"SearchAction","target":{"@type":"EntryPoint","urlTemplate":"https:\/\/atg.md\/ro\/?s={search_term_string}"},"query-input":"required name=search_term_string"}],"inLanguage":"ro-RO"},{"@type":["Organization","Place","AutoPartsStore"],"@id":"https:\/\/atg.md\/ro\/#organization","name":"S.C. AUTOTOM GRUP S.R.L.","url":"https:\/\/atg.md\/ro\/","logo":{"@type":"ImageObject","inLanguage":"ro-RO","@id":"https:\/\/atg.md\/ro\/#\/schema\/logo\/image\/","url":"https:\/\/i2.wp.com\/atg.md\/wp-content\/uploads\/2021\/05\/atg_logo_main.png?fit=656%2C569&ssl=1","contentUrl":"https:\/\/i2.wp.com\/atg.md\/wp-content\/uploads\/2021\/05\/atg_logo_main.png?fit=656%2C569&ssl=1","width":656,"height":569,"caption":"S.C. AUTOTOM GRUP S.R.L."},"image":{"@id":"https:\/\/atg.md\/ro\/#\/schema\/logo\/image\/"},"location":{"@id":"https:\/\/atg.md\/ro\/catalog\/autoclipsuri\/vstavki\/c0481\/#local-place"},"address":{"@id":"https:\/\/atg.md\/ro\/catalog\/autoclipsuri\/vstavki\/c0481\/#local-place-address"},"email":"atgtvv@gmail.com","telephone":"+37369644446","areaServed":"Moldova"},{"@type":"Place","@id":"https:\/\/atg.md\/ro\/catalog\/autoclipsuri\/vstavki\/c0481\/#local-place","address":{"@type":"PostalAddress","@id":"https:\/\/atg.md\/ro\/catalog\/autoclipsuri\/vstavki\/c0481\/#local-place-address","streetAddress":"str. Alba-Iulia 77\/20","addressLocality":"Chisinau","postalCode":"2043","addressRegion":"mun. Chisinau","addressCountry":"MD"},"geo":{"@type":"GeoCoordinates","latitude":"47.0376","longitude":"28.76899"},"openingHoursSpecification":[{"@type":"OpeningHoursSpecification","dayOfWeek":["Monday","Tuesday","Wednesday","Thursday","Friday"],"opens":"09:00","closes":"18:00"},{"@type":"OpeningHoursSpecification","dayOfWeek":["Saturday"],"opens":"09:00","closes":"14:00"},{"@type":"OpeningHoursSpecification","dayOfWeek":["Sunday"],"opens":"00:00","closes":"00:00"}],"telephone":"+37369644446"}]}},"_links":{"self":[{"href":"https:\/\/atg.md\/ro\/wp-json\/wp\/v2\/product\/7136"}],"collection":[{"href":"https:\/\/atg.md\/ro\/wp-json\/wp\/v2\/product"}],"about":[{"href":"https:\/\/atg.md\/ro\/wp-json\/wp\/v2\/types\/product"}],"wp:featuredmedia":[{"embeddable":true,"href":"https:\/\/atg.md\/ro\/wp-json\/wp\/v2\/media\/7137"}],"wp:attachment":[{"href":"https:\/\/atg.md\/ro\/wp-json\/wp\/v2\/media?parent=7136"}],"wp:term":[{"taxonomy":"product_cat","embeddable":true,"href":"https:\/\/atg.md\/ro\/wp-json\/wp\/v2\/product_cat?post=7136"},{"taxonomy":"product_tag","embeddable":true,"href":"https:\/\/atg.md\/ro\/wp-json\/wp\/v2\/product_tag?post=7136"}],"curies":[{"name":"wp","href":"https:\/\/api.w.org\/{rel}","templated":true}]}}