{"id":7022,"date":"2021-03-30T09:07:38","date_gmt":"2021-03-30T09:07:38","guid":{"rendered":"http:\/\/atg.md\/product\/c0392\/"},"modified":"2024-07-05T07:02:51","modified_gmt":"2024-07-05T07:02:51","slug":"c0392","status":"publish","type":"product","link":"https:\/\/atg.md\/ro\/catalog\/autoclipsuri\/dvernye\/c0392\/","title":{"rendered":"C0392"},"content":{"rendered":"<p><strong>Modele:<\/strong><\/p>\n<ul>\n<li>Lexus ES350, ACV40, GSV40<\/li>\n<li>Lexus IS200, GXE10<\/li>\n<li>Lexus IS300, GXE10, JCE10<\/li>\n<li>Lexus RX300, MCU10, MCU15<\/li>\n<li>Mitsubishi Aspire, EA1A, EC5A<\/li>\n<li>Mitsubishi Emeraude, E52A, E53A, E54A, E57A, E64A, E72A, E74A, E77A, E84A<\/li>\n<li>Mitsubishi Eterna, E52A, E53A, E54A, E57A, E64A, E72A, E74A, E77A, E84A<\/li>\n<li>Mitsubishi Galant, E52A, E53A, E54A, E55A, E56A, E57A, E64A, E72A, E74A, E75A, E77A, E84A, E88A, EA1A, EC5A<\/li>\n<li>Mitsubishi Legnum, EA1W, EA4W, EA5W, EC4W, EC5W<\/li>\n<li>Toyota 4Runner, LN51, LN56, LN65, LN66, RN50, RN55, RN60, RN61, RN65, RN66, RN70, RN75, VZN61, VZN66<\/li>\n<li>Toyota Altezza, GXE10, GXE10W, SXE10<\/li>\n<li>Toyota Brevis, JCG10, JCG11, JCG15<\/li>\n<li>Toyota Camry, CV10, SV10, SV11<\/li>\n<li>Toyota Carina ED, ST160, ST162, ST163, ST180, ST181, ST182, ST183<\/li>\n<li>Toyota Carina, AA60, AA63, AT150, AT160, CA60, CA67, CT150, KA67, RA63, SA60, SA60G, ST150, ST162, TA60, TA61, TA62, TA63, TA67, TA67V<\/li>\n<li>Toyota Celica, AA63, AT160, AT180, GA61, MA61, MA63, RA60, RA61, RA63, RA64, RA65, SA60, SA63, ST160, ST161, ST162, ST163, ST165, ST182, ST183, ST183C, ST184, ST185, TA60, TA61, TA63, TA64<\/li>\n<li>Toyota Chaser, GX60, GX61, GX71, LX60, LX65, LX70, MX61, MX71, RX60, RX63, SX60, SX70, TX60, YX70, YX72<\/li>\n<li>Toyota Coaster, BB20, BB21, BB22, BB23, BB24, BB26, BB30, BB32, BB40, BB40R, BB42, BB43, BB46, BB50, BB55, BB58, BB59, BZB40, BZB50, FB30, HB30, HB31, HB32, HB36, HDB20, HDB30, HDB50, HDB51, HZB30, HZB31, HZB36, HZB40, HZB41, HZB46, HZB50, HZB50L, HZB50R, HZB56, RB20, RB26, RZB40, RZB50, TRB40, TRB50, XZB40, XZB46, XZB50, XZB59<\/li>\n<li>Toyota Comfort, YXS10<\/li>\n<li>Toyota Corolla Ceres, AE100, AE101<\/li>\n<li>Toyota Corolla FX, AE82<\/li>\n<li>Toyota Corolla Fielder, NZE121, NZE121G, NZE124, NZE124G, ZZE122, ZZE122G, ZZE123, ZZE123G, ZZE124, ZZE124G<\/li>\n<li>Toyota Corolla II, AL20, AL21<\/li>\n<li>Toyota Corolla Levin, AE100, AE101, AE85, AE86<\/li>\n<li>Toyota Corolla, AE101, AE101G, AE70, AE71, AE80, AE81, AE82, AE86, CE70, CE71, CE71V, CE72, CE80, EE80, KE30, KE35, KE36, KE38, KE50, KE55, KE70, KE71, KE71V, KE72, KE72V, KE73, KE73G, KE74, TE31, TE37, TE38, TE47, TE51, TE70, TE71, TE72, TE73, TE73V, TE74, TE74V<\/li>\n<li>Toyota Corona Exiv, ST180, ST181, ST182, ST183<\/li>\n<li>Toyota Corona, AT140, AT141, AT150, AT160, CT140, CT141, CT147, CT150, KT147, RT140, RT141, ST140, ST141, ST150, ST160, ST162, ST163, TT140, TT141, TT142, TT147, YT140<\/li>\n<li>Toyota Corsa, AL20, AL21, AL25<\/li>\n<li>Toyota Cressida, GX60, GX61, GX71, GX81, LX60, LX70, LX71, MX62, MX63, MX72, MX73, MX75, MX81, MX83, RX60, RX62, RX70, RX71, RX72, RX73, RX80, RX81, TX62, YX70, YX72<\/li>\n<li>Toyota Cresta, GX50, GX51, GX71, LX60, LX70, MX51, MX71, SX60, SX70, TX50<\/li>\n<li>Toyota Crown Majesta, GRS180, GRS181, GRS182, GRS183, GRS184, GS141, GS151, GS171, JKS175, JZS141, JZS143, JZS145, JZS147, JZS149, JZS151, JZS153, JZS155, JZS157, JZS171, JZS173, JZS175, JZS177, JZS179, LS141, LS151, UZS141, UZS143, UZS145, UZS147, UZS151, UZS155, UZS157, UZS171, UZS173, UZS175, UZS186, UZS187<\/li>\n<li>Toyota Crown, GBS12, GRS180, GRS181, GRS182, GRS183, GRS184, GRS188, GS110, GS117, GS120, GS120G, GS121, GS126, GS126V, GS130, GS130G, GS130W, GS131, GS131H, GS136, GS141, GS151, GS151H, GS171, GS171W, GXS10, GXS12, JKS175, JZS130, JZS130G, JZS131, JZS133, JZS135, JZS141, JZS143, JZS145, JZS147, JZS149, JZS151, JZS153, JZS155, JZS157, JZS171, JZS171W, JZS173, JZS173W, JZS175, JZS175W, JZS177, JZS179, LS110, LS110G, LS111, LS117, LS120, LS120G, LS126, LS126V, LS130, LS130G, LS130W, LS131, LS131H, LS136, LS141, LS151, LS151H, MS110, MS111, MS112, MS117, MS120, MS122, MS123, MS125, MS130, MS132, MS133, MS135, MS137, MS137X, RS110, TSS10, TSS10H, UZS131, UZS141, UZS143, UZS145, UZS147, UZS151, UZS155, UZS157, UZS171, UZS173, UZS175, UZS186, UZS187, YS120, YS130, YS132, YXS10, YXS10H<\/li>\n<li>Toyota Deliboy, CXC10, KXC10<\/li>\n<li>Toyota Dyna, BU100, BU101, BU102, BU105, BU107, BU110, BU111, BU112, BU120, BU122, BU132, BU137, BU140, BU141, BU142, BU145, BU147, BU162, BU172, BU182, BU202, BU211, BU212, BU221, BU222, BU297, BU60, BU61, BU62, BU64, BU65, BU66, BU67, BU68, BU70, BU72, BU73, BU74, BU75, BU76, BU78, BU79, BU80, BU81, BU82, BU83, BU84, BU85, BU87, BU88, BU89, BU90, BU91, BU92, BU93, BU94, BU95, BU96, BU98, LH80, LY100, LY101, LY111, LY121, LY131, LY151, LY161, LY201, LY211, LY50, LY51, LY60, LY61, RU85, RZU100, RZU140, WU75, WU85, WU90, WU93, WU95, XZU130, XZU140, YH81, YU210, YU60, YU61, YU62, YU63, YU70, YU71, YU81, YU82, YU85, YY100, YY101, YY121, YY131, YY201, YY211, YY51, YY52, YY61<\/li>\n<li>Toyota Estima Emina, CXR10, CXR10G, CXR11, CXR11G, TCR10, TCR10G, TCR11, TCR11G<\/li>\n<li>Toyota Estima Lucida, CXR10, CXR10G, CXR11, CXR11G, TCR10, TCR10G, TCR11, TCR11G<\/li>\n<li>Toyota Estima, TCR10, TCR10W, TCR11, TCR11W, TCR21, TCR21W<\/li>\n<li>Toyota Harrier, ACU10, ACU10W, ACU15, ACU15W, MCU10, MCU10W, MCU15, MCU15W, SXU10, SXU10W, SXU15, SXU15W<\/li>\n<li>Toyota Hiace, LH100, LH100G, LH102, LH102V, LH103, LH103V, LH104, LH105, LH107, LH107G, LH107W, LH108, LH109, LH109V, LH110, LH110G, LH112, LH113, LH113K, LH113V, LH114, LH115, LH118, LH119, LH119V, LH120, LH120G, LH123, LH123V, LH125, LH129, LH129V, LH50G, LH50V, LH51G, LH51V, LH56V, LH61V, LH61VH, LH66V, LH80, LH85, LH90, LH95, LY101, LY111, LY151, LY161, RZH100, RZH100G, RZH101, RZH101G, RZH102, RZH102V, RZH103, RZH104, RZH105, RZH109, RZH110, RZH110G, RZH112, RZH112K, RZH112V, RZH113, RZH114, RZH115, RZH119, RZH122, RZH122V, RZH124, RZH125, RZH155, YH50V, YH51G, YH51V, YH52V, YH56V, YH57G, YH61B, YH61V, YH61VH, YH66V, YH81, YY101<\/li>\n<li>Toyota Hilux, LN50, LN51, LN55, LN56, LN57, LN60, LN61, LN65, LN67, RN50, RN55, RN58, RN61, RN67, YN50, YN51, YN52, YN55, YN56, YN57, YN58, YN60, YN61, YN61G, YN61V, YN62, YN63, YN65, YN67<\/li>\n<li>Toyota Land Cruiser Prado, BJ41, BJ42, BJ44, BJ46, BJ70, BJ71, BJ73, BJ74, FJ75, LJ71, LJ71G, PZJ70<\/li>\n<li>Toyota Land Cruiser, BJ40, BJ42, BJ43, BJ45, BJ46, BJ60, BJ61, BJ61V, BJ70, BJ70V, BJ71, BJ71V, BJ73, BJ73V, BJ74, BJ74V, BJ75, FJ40, FJ43, FJ45, FJ60, FJ61, FJ61V, FJ62, FJ62G, FJ62V, FJ70, FJ73, FJ75, FZJ100, FZJ105, FZJ70, FZJ71, FZJ73, FZJ74, FZJ75, FZJ76, FZJ78, FZJ79, HDJ100, HDJ100L, HDJ101, HDJ101K, HJ47, HJ60, HJ60V, HJ61, HJ61V, HJ75, HZJ105, HZJ105L, HZJ70, HZJ70V, HZJ71, HZJ71V, HZJ73, HZJ73HV, HZJ73V, HZJ74, HZJ74K, HZJ74V, HZJ75, LJ70, LJ71, LJ72, LJ73, LJ77, PZJ70, PZJ70V, PZJ73, PZJ75, RJ70, RJ73, UZJ100, UZJ100L, UZJ100W<\/li>\n<li>Toyota Lite Ace, CM30, CM30G, CM31, CM31V, CM35, CM36, CM36V, CM40, CM40G, CR21, CR21G, CR22, CR22G, CR27, CR27V, CR28, CR29, CR29G, KM30, KM30G, KM31, KM31V, KM35, KM35V, KM36, KM36V, KM37, KR21, KR27, KR27V, KR28, YM30, YM30G, YM31, YM35, YM40, YM40G, YM41, YR21, YR21G, YR22, YR25, YR25V, YR29, YR31, YR39<\/li>\n<li>Toyota Mark II Wagon Blit, GX110, GX110W, GX115, GX115W, JZX110, JZX110W, JZX115, JZX115W<\/li>\n<li>Toyota Mark II, GX100, GX105, GX60, GX60G, GX61, GX70, GX70G, GX71, GX81, GX90, JZX100, JZX101, JZX105, JZX81, JZX90, JZX90E, JZX91, JZX91E, JZX93, LX100, LX60, LX65, LX67, LX70, LX76, LX80, LX80Q, LX90, LX90Y, MX60, MX61, MX63, MX71, MX83, RX60, RX63, SX60, SX70, SX80, SX90, TX60, TX67, YX70, YX72, YX76, YX78, YX80<\/li>\n<li>Toyota Mark X, GRX120, GRX121, GRX122, GRX125<\/li>\n<li>Toyota Master Ace Surf, CR21, CR21G, CR26, CR27, CR28, CR28G, CR30, CR30G, KR26, YR20, YR20G, YR21, YR21G, YR26, YR28, YR28G, YR30, YR30G<\/li>\n<li>Toyota Model-F, CR21, YR20, YR21, YR22, YR31<\/li>\n<li>Toyota Previa, TCR10, TCR11, TCR20, TCR21<\/li>\n<li>Toyota Progres, JCG10, JCG11, JCG15<\/li>\n<li>Toyota Regius Ace, LH100, LH102, LH107, LH109, LH110, LH113, LH115, LH119, LH120, LH123, LH125, LH129, RZH100, RZH101, RZH102, RZH102V, RZH110, RZH112, RZH112K, RZH112V, RZH122, RZH124<\/li>\n<li>Toyota Reiz, GRX121, GRX122<\/li>\n<li>Toyota Sprinter Carib, AL25, AL25G<\/li>\n<li>Toyota Sprinter Marino, AE100, AE101<\/li>\n<li>Toyota Sprinter Trueno, AE100, AE101, AE85, AE86, KE30, KE35, KE36, KE38, KE50, KE55, TE31, TE37, TE47, TE51<\/li>\n<li>Toyota Sprinter, AE70, AE80, AE81, AE82, CE70, CE80, EE80, KE70, TE70, TE71<\/li>\n<li>Toyota Starlet, EP70, EP71<\/li>\n<li>Toyota Supra, GA70, GA70H, JZA70, MA70<\/li>\n<li>Toyota Tercel, AL20, AL21, AL25<\/li>\n<li>Toyota Town Ace, CM30, CM31, CM35, CM36, CM40, CR21, CR21G, CR22, CR22G, CR26, CR27, CR27V, CR28, CR28G, CR29, CR30, CR30G, KM30, KM31, KM35, KM36, KR26, KR26V, KR27, KR27V, YM30, YM31, YM40, YR20, YR20G, YR21, YR21G, YR25, YR25V, YR26, YR28, YR28G, YR30, YR30G<\/li>\n<li>Toyota ToyoAce, BU100, BU102, BU105, BU107, BU112, BU120, BU122, BU132, BU137, BU140, BU142, BU145, BU147, BU162, BU172, BU182, BU202, BU212, BU222, BU297, BU60, BU61, BU62, BU64, BU66, BU67, BU68, BU70, BU72, BU73, BU74, BU78, BU80, BU81, BU82, BU83, BU84, BU85, BU87, BU88, BU90, BU91, BU93, BU94, BU95, BU96, BU98, LY101, LY111, LY121, LY131, LY151, LY161, LY201, LY211, LY50, LY51, LY60, LY61, RZU100, RZU140, WU75, WU85, WU90, WU93, WU95, XZU130, XZU140, YU60, YU61, YU70, YY101, YY121, YY131, YY201, YY211, YY51, YY52, YY61<\/li>\n<li>Toyota Van, YR21, YR22, YR27, YR29, YR31, YR32<\/li>\n<li>Toyota Vista, SV10<\/li>\n<\/ul>\n<p><\/p>","protected":false},"excerpt":{"rendered":"<p><b>OEM:<\/b> 67771-22010, 6777122010, 67771-16020, 6777116020<\/p>\n<p><b>Dimensiune F:<\/b> 8<br \/><b>Dimensiune H:<\/b> 21<br \/><b>Dimensiune T:<\/b> 18<\/p>\n","protected":false},"featured_media":7023,"template":"","meta":[],"product_cat":[25,76],"product_tag":[],"bundled_by":[],"bundle_stock_status":"instock","bundle_stock_quantity":null,"bundle_virtual":false,"bundle_layout":"","bundle_add_to_cart_form_location":"","bundle_editable_in_cart":false,"bundle_sold_individually_context":"","bundle_item_grouping":"","bundle_min_size":"","bundle_max_size":"","bundled_items":[],"yoast_head":"<!-- This site is optimized with the Yoast SEO Premium plugin v16.6 (Yoast SEO v20.1) - https:\/\/yoast.com\/wordpress\/plugins\/seo\/ -->\n<title>C0392 - Autoclipsuri, Autoclipsuri pentru u\u0219\u0103 - atg.md<\/title>\n<meta name=\"robots\" content=\"index, follow, max-snippet:-1, max-image-preview:large, max-video-preview:-1\" \/>\n<link rel=\"canonical\" href=\"https:\/\/atg.md\/ro\/catalog\/autoclipsuri\/dvernye\/c0392\/\" \/>\n<meta property=\"og:locale\" content=\"ro_RO\" \/>\n<meta property=\"og:type\" content=\"article\" \/>\n<meta property=\"og:title\" content=\"C0392 - Autoclipsuri, Autoclipsuri pentru u\u0219\u0103 - atg.md\" \/>\n<meta property=\"og:description\" content=\"OEM: 67771-22010, 6777122010, 67771-16020, 6777116020Dimensiune F: 8Dimensiune H: 21Dimensiune T: 18\" \/>\n<meta property=\"og:url\" content=\"https:\/\/atg.md\/ro\/wp-json\/wp\/v2\/product\/7022\" \/>\n<meta property=\"og:site_name\" content=\"atg.md\" \/>\n<meta property=\"article:modified_time\" content=\"2024-07-05T07:02:51+00:00\" \/>\n<meta property=\"og:image\" content=\"https:\/\/atg.md\/wp-content\/uploads\/2021\/03\/c0392.jpg\" \/>\n\t<meta property=\"og:image:width\" content=\"600\" \/>\n\t<meta property=\"og:image:height\" content=\"600\" \/>\n\t<meta property=\"og:image:type\" content=\"image\/jpeg\" \/>\n<meta name=\"twitter:card\" content=\"summary_large_image\" \/>\n<meta name=\"twitter:label1\" content=\"Pre\u021b\" \/>\n\t<meta name=\"twitter:data1\" content=\"6.00&nbsp;MDL\" \/>\n\t<meta name=\"twitter:label2\" content=\"Availability\" \/>\n\t<meta name=\"twitter:data2\" content=\"In stock\" \/>\n<script type=\"application\/ld+json\" class=\"yoast-schema-graph\">{\"@context\":\"https:\/\/schema.org\",\"@graph\":[{\"@type\":\"WebPage\",\"@id\":\"https:\/\/atg.md\/ro\/catalog\/autoclipsuri\/dvernye\/c0392\/\",\"url\":\"https:\/\/atg.md\/ro\/catalog\/autoclipsuri\/dvernye\/c0392\/\",\"name\":\"C0392 - Autoclipsuri, Autoclipsuri pentru u\u0219\u0103 - atg.md\",\"isPartOf\":{\"@id\":\"https:\/\/atg.md\/ro\/#website\"},\"datePublished\":\"2021-03-30T09:07:38+00:00\",\"dateModified\":\"2024-07-05T07:02:51+00:00\",\"breadcrumb\":{\"@id\":\"https:\/\/atg.md\/ro\/catalog\/autoclipsuri\/dvernye\/c0392\/#breadcrumb\"},\"inLanguage\":\"ro-RO\",\"potentialAction\":[{\"@type\":\"ReadAction\",\"target\":[[\"https:\/\/atg.md\/ro\/catalog\/autoclipsuri\/dvernye\/c0392\/\"]]}]},{\"@type\":\"BreadcrumbList\",\"@id\":\"https:\/\/atg.md\/ro\/catalog\/autoclipsuri\/dvernye\/c0392\/#breadcrumb\",\"itemListElement\":[{\"@type\":\"ListItem\",\"position\":1,\"name\":\"Home\",\"item\":\"https:\/\/atg.md\/ro\/\"},{\"@type\":\"ListItem\",\"position\":2,\"name\":\"\u041a\u0430\u0442\u0430\u043b\u043e\u0433\",\"item\":\"https:\/\/atg.md\/ro\/catalog\/\"},{\"@type\":\"ListItem\",\"position\":3,\"name\":\"C0392\"}]},{\"@type\":\"WebSite\",\"@id\":\"https:\/\/atg.md\/ro\/#website\",\"url\":\"https:\/\/atg.md\/ro\/\",\"name\":\"atg.md\",\"description\":\"V\u00e2nzare de izola\u021bii \u00eempotriva vibra\u021biilor pentru ma\u0219ini, izola\u021bie termic\u0103, izolare fonic\u0103 de la cei mai buni produc\u0103tori, autoclipsuri, elemente de fixare auto. Cump\u0103ra\u021bi \u00een Moldova, Chi\u0219in\u0103u\",\"publisher\":{\"@id\":\"https:\/\/atg.md\/ro\/#organization\"},\"potentialAction\":[{\"@type\":\"SearchAction\",\"target\":{\"@type\":\"EntryPoint\",\"urlTemplate\":\"https:\/\/atg.md\/ro\/?s={search_term_string}\"},\"query-input\":\"required name=search_term_string\"}],\"inLanguage\":\"ro-RO\"},{\"@type\":[\"Organization\",\"Place\",\"AutoPartsStore\"],\"@id\":\"https:\/\/atg.md\/ro\/#organization\",\"name\":\"S.C. AUTOTOM GRUP S.R.L.\",\"url\":\"https:\/\/atg.md\/ro\/\",\"logo\":{\"@type\":\"ImageObject\",\"inLanguage\":\"ro-RO\",\"@id\":\"https:\/\/atg.md\/ro\/#\/schema\/logo\/image\/\",\"url\":\"https:\/\/i2.wp.com\/atg.md\/wp-content\/uploads\/2021\/05\/atg_logo_main.png?fit=656%2C569&ssl=1\",\"contentUrl\":\"https:\/\/i2.wp.com\/atg.md\/wp-content\/uploads\/2021\/05\/atg_logo_main.png?fit=656%2C569&ssl=1\",\"width\":656,\"height\":569,\"caption\":\"S.C. AUTOTOM GRUP S.R.L.\"},\"image\":{\"@id\":\"https:\/\/atg.md\/ro\/#\/schema\/logo\/image\/\"},\"location\":{\"@id\":\"https:\/\/atg.md\/ro\/catalog\/autoclipsuri\/dvernye\/c0392\/#local-place\"},\"address\":{\"@id\":\"https:\/\/atg.md\/ro\/catalog\/autoclipsuri\/dvernye\/c0392\/#local-place-address\"},\"email\":\"atgtvv@gmail.com\",\"telephone\":\"+37369644446\",\"areaServed\":\"Moldova\"},{\"@type\":\"Place\",\"@id\":\"https:\/\/atg.md\/ro\/catalog\/autoclipsuri\/dvernye\/c0392\/#local-place\",\"address\":{\"@type\":\"PostalAddress\",\"@id\":\"https:\/\/atg.md\/ro\/catalog\/autoclipsuri\/dvernye\/c0392\/#local-place-address\",\"streetAddress\":\"str. Alba-Iulia 77\/20\",\"addressLocality\":\"Chisinau\",\"postalCode\":\"2043\",\"addressRegion\":\"mun. Chisinau\",\"addressCountry\":\"MD\"},\"geo\":{\"@type\":\"GeoCoordinates\",\"latitude\":\"47.0376\",\"longitude\":\"28.76899\"},\"openingHoursSpecification\":[{\"@type\":\"OpeningHoursSpecification\",\"dayOfWeek\":[\"Monday\",\"Tuesday\",\"Wednesday\",\"Thursday\",\"Friday\"],\"opens\":\"09:00\",\"closes\":\"18:00\"},{\"@type\":\"OpeningHoursSpecification\",\"dayOfWeek\":[\"Saturday\"],\"opens\":\"09:00\",\"closes\":\"14:00\"},{\"@type\":\"OpeningHoursSpecification\",\"dayOfWeek\":[\"Sunday\"],\"opens\":\"00:00\",\"closes\":\"00:00\"}],\"telephone\":\"+37369644446\"}]}<\/script>\n<meta name=\"geo.placename\" content=\"Chisinau\" \/>\n<meta name=\"geo.position\" content=\"47.0376;28.76899\" \/>\n<meta name=\"geo.region\" content=\"Moldova\" \/>\n<!-- \/ Yoast SEO Premium plugin. -->","yoast_head_json":{"title":"C0392 - Autoclipsuri, Autoclipsuri pentru u\u0219\u0103 - atg.md","robots":{"index":"index","follow":"follow","max-snippet":"max-snippet:-1","max-image-preview":"max-image-preview:large","max-video-preview":"max-video-preview:-1"},"canonical":"https:\/\/atg.md\/ro\/catalog\/autoclipsuri\/dvernye\/c0392\/","og_locale":"ro_RO","og_type":"article","og_title":"C0392 - Autoclipsuri, Autoclipsuri pentru u\u0219\u0103 - atg.md","og_description":"OEM: 67771-22010, 6777122010, 67771-16020, 6777116020Dimensiune F: 8Dimensiune H: 21Dimensiune T: 18","og_url":"https:\/\/atg.md\/ro\/wp-json\/wp\/v2\/product\/7022","og_site_name":"atg.md","article_modified_time":"2024-07-05T07:02:51+00:00","og_image":[{"width":600,"height":600,"url":"https:\/\/atg.md\/wp-content\/uploads\/2021\/03\/c0392.jpg","type":"image\/jpeg"}],"twitter_card":"summary_large_image","twitter_misc":{"Pre\u021b":"6.00&nbsp;MDL","Availability":"In stock"},"schema":{"@context":"https:\/\/schema.org","@graph":[{"@type":"WebPage","@id":"https:\/\/atg.md\/ro\/catalog\/autoclipsuri\/dvernye\/c0392\/","url":"https:\/\/atg.md\/ro\/catalog\/autoclipsuri\/dvernye\/c0392\/","name":"C0392 - Autoclipsuri, Autoclipsuri pentru u\u0219\u0103 - atg.md","isPartOf":{"@id":"https:\/\/atg.md\/ro\/#website"},"datePublished":"2021-03-30T09:07:38+00:00","dateModified":"2024-07-05T07:02:51+00:00","breadcrumb":{"@id":"https:\/\/atg.md\/ro\/catalog\/autoclipsuri\/dvernye\/c0392\/#breadcrumb"},"inLanguage":"ro-RO","potentialAction":[{"@type":"ReadAction","target":[["https:\/\/atg.md\/ro\/catalog\/autoclipsuri\/dvernye\/c0392\/"]]}]},{"@type":"BreadcrumbList","@id":"https:\/\/atg.md\/ro\/catalog\/autoclipsuri\/dvernye\/c0392\/#breadcrumb","itemListElement":[{"@type":"ListItem","position":1,"name":"Home","item":"https:\/\/atg.md\/ro\/"},{"@type":"ListItem","position":2,"name":"\u041a\u0430\u0442\u0430\u043b\u043e\u0433","item":"https:\/\/atg.md\/ro\/catalog\/"},{"@type":"ListItem","position":3,"name":"C0392"}]},{"@type":"WebSite","@id":"https:\/\/atg.md\/ro\/#website","url":"https:\/\/atg.md\/ro\/","name":"atg.md","description":"V\u00e2nzare de izola\u021bii \u00eempotriva vibra\u021biilor pentru ma\u0219ini, izola\u021bie termic\u0103, izolare fonic\u0103 de la cei mai buni produc\u0103tori, autoclipsuri, elemente de fixare auto. Cump\u0103ra\u021bi \u00een Moldova, Chi\u0219in\u0103u","publisher":{"@id":"https:\/\/atg.md\/ro\/#organization"},"potentialAction":[{"@type":"SearchAction","target":{"@type":"EntryPoint","urlTemplate":"https:\/\/atg.md\/ro\/?s={search_term_string}"},"query-input":"required name=search_term_string"}],"inLanguage":"ro-RO"},{"@type":["Organization","Place","AutoPartsStore"],"@id":"https:\/\/atg.md\/ro\/#organization","name":"S.C. AUTOTOM GRUP S.R.L.","url":"https:\/\/atg.md\/ro\/","logo":{"@type":"ImageObject","inLanguage":"ro-RO","@id":"https:\/\/atg.md\/ro\/#\/schema\/logo\/image\/","url":"https:\/\/i2.wp.com\/atg.md\/wp-content\/uploads\/2021\/05\/atg_logo_main.png?fit=656%2C569&ssl=1","contentUrl":"https:\/\/i2.wp.com\/atg.md\/wp-content\/uploads\/2021\/05\/atg_logo_main.png?fit=656%2C569&ssl=1","width":656,"height":569,"caption":"S.C. AUTOTOM GRUP S.R.L."},"image":{"@id":"https:\/\/atg.md\/ro\/#\/schema\/logo\/image\/"},"location":{"@id":"https:\/\/atg.md\/ro\/catalog\/autoclipsuri\/dvernye\/c0392\/#local-place"},"address":{"@id":"https:\/\/atg.md\/ro\/catalog\/autoclipsuri\/dvernye\/c0392\/#local-place-address"},"email":"atgtvv@gmail.com","telephone":"+37369644446","areaServed":"Moldova"},{"@type":"Place","@id":"https:\/\/atg.md\/ro\/catalog\/autoclipsuri\/dvernye\/c0392\/#local-place","address":{"@type":"PostalAddress","@id":"https:\/\/atg.md\/ro\/catalog\/autoclipsuri\/dvernye\/c0392\/#local-place-address","streetAddress":"str. Alba-Iulia 77\/20","addressLocality":"Chisinau","postalCode":"2043","addressRegion":"mun. Chisinau","addressCountry":"MD"},"geo":{"@type":"GeoCoordinates","latitude":"47.0376","longitude":"28.76899"},"openingHoursSpecification":[{"@type":"OpeningHoursSpecification","dayOfWeek":["Monday","Tuesday","Wednesday","Thursday","Friday"],"opens":"09:00","closes":"18:00"},{"@type":"OpeningHoursSpecification","dayOfWeek":["Saturday"],"opens":"09:00","closes":"14:00"},{"@type":"OpeningHoursSpecification","dayOfWeek":["Sunday"],"opens":"00:00","closes":"00:00"}],"telephone":"+37369644446"}]}},"_links":{"self":[{"href":"https:\/\/atg.md\/ro\/wp-json\/wp\/v2\/product\/7022"}],"collection":[{"href":"https:\/\/atg.md\/ro\/wp-json\/wp\/v2\/product"}],"about":[{"href":"https:\/\/atg.md\/ro\/wp-json\/wp\/v2\/types\/product"}],"wp:featuredmedia":[{"embeddable":true,"href":"https:\/\/atg.md\/ro\/wp-json\/wp\/v2\/media\/7023"}],"wp:attachment":[{"href":"https:\/\/atg.md\/ro\/wp-json\/wp\/v2\/media?parent=7022"}],"wp:term":[{"taxonomy":"product_cat","embeddable":true,"href":"https:\/\/atg.md\/ro\/wp-json\/wp\/v2\/product_cat?post=7022"},{"taxonomy":"product_tag","embeddable":true,"href":"https:\/\/atg.md\/ro\/wp-json\/wp\/v2\/product_tag?post=7022"}],"curies":[{"name":"wp","href":"https:\/\/api.w.org\/{rel}","templated":true}]}}