{"id":6988,"date":"2021-03-30T09:07:24","date_gmt":"2021-03-30T09:07:24","guid":{"rendered":"http:\/\/atg.md\/product\/c0369\/"},"modified":"2024-07-05T07:02:45","modified_gmt":"2024-07-05T07:02:45","slug":"c0369","status":"publish","type":"product","link":"https:\/\/atg.md\/ro\/catalog\/autoclipsuri\/dvernye\/c0369\/","title":{"rendered":"C0369"},"content":{"rendered":"<p><strong>Modele:<\/strong><\/p>\n<ul>\n<li>Mitsubishi Attrage, A13A<\/li>\n<li>Mitsubishi Bravo, U42V<\/li>\n<li>Mitsubishi Carisma, DA1A, DA2A, DA4A, DA5A, DA6A<\/li>\n<li>Mitsubishi Challenger, K94W, K94WG, K96W, K97WG, K99W<\/li>\n<li>Mitsubishi Chariot Grandis, N84W, N86W, N94W, N96W<\/li>\n<li>Mitsubishi Chariot, N83W, N84W, N94W<\/li>\n<li>Mitsubishi Delica, PA3V, PA3W, PA4W, PA5V, PA5W, PB3V, PB4V, PB4W, PB5V, PB5W, PB6W, PC3W, PC4W, PC5W, PD3W, PD4V, PD4W, PD5V, PD5W, PD6W, PD8W, PE8W, PF6W, PF8W<\/li>\n<li>Mitsubishi Diamante, F31A, F31AK, F34A, F36A, F36W, F38A, F41A, F46A, F47A<\/li>\n<li>Mitsubishi Dingo, CQ1A, CQ2A, CQ5A<\/li>\n<li>Mitsubishi Dion, CR5W, CR6W, CR9W<\/li>\n<li>Mitsubishi Eclipse, D31A, D32A, D33A, D38A, D39A, DK2A, DK4A<\/li>\n<li>Mitsubishi Emeraude, E52A, E53A, E54A, E57A, E64A, E72A, E74A, E77A, E84A<\/li>\n<li>Mitsubishi Eterna, E52A, E53A, E54A, E57A, E64A, E72A, E74A, E77A, E84A<\/li>\n<li>Mitsubishi Galant, DJ1A, DJ3A, DJ5A, DM1A, E52A, E53A, E54A, E55A, E56A, E57A, E64A, E72A, E74A, E75A, E77A, E84A, E88A<\/li>\n<li>Mitsubishi L200, K62T, K64T, K65T, K66T, K67T, K72T, K74T, K75T, K76T, K77T<\/li>\n<li>Mitsubishi L400, PA3V, PA3W, PA4W, PA5V, PA5W, PB3V, PB4V, PB5V, PC3W, PC5W, PD3W, PD4V, PD4W, PD5V, PD5W<\/li>\n<li>Mitsubishi Lancer Cedia, CS2A, CS2V, CS2W, CS5A, CS5AR, CS5AZ, CS5W, CS6A, CT9A, CT9W<\/li>\n<li>Mitsubishi Lancer, CS1A, CS2A, CS2V, CS2W, CS3A, CS3W, CS5A, CS5AR, CS5AZ, CS5W, CS6A, CS6W, CS7A, CS7W, CS9A, CS9W, CT9A, CT9W<\/li>\n<li>Mitsubishi Minica Toppo, H31A, H32V, H36A, H37V<\/li>\n<li>Mitsubishi Minica, H21A, H21V, H21VW, H22A, H22V, H22VW, H26A, H26V, H27A, H27V, H27VW, H31A, H36A, H42A, H47A<\/li>\n<li>Mitsubishi Mirage, A03A, A05A, A13A, CQ1A, CQ2A, CQ5A<\/li>\n<li>Mitsubishi Montero Sport, K85W, K86W, K89W, K94W, K96W, K97WG, K99W<\/li>\n<li>Mitsubishi Nativa, K86W, K94W, K96W, K97W, K99W<\/li>\n<li>Mitsubishi Pajero Pinin, H66W<\/li>\n<li>Mitsubishi Pajero Sport, K86W, K96W, K97W<\/li>\n<li>Mitsubishi Pajero, K94W, K96W<\/li>\n<li>Mitsubishi RVR, N21WG, N23WG, N28WG, N61W, N63W, N64W, N64WG, N71W, N73WG, N74WG<\/li>\n<li>Mitsubishi Sigma, F36A, F38A<\/li>\n<li>Mitsubishi Strada, K74T<\/li>\n<li>Mitsubishi Toppo BJ Wide, H41A, H42A, H42V, H46A, H47A, H47V<\/li>\n<li>Mitsubishi Toppo BJ, H41A, H42A, H42V, H46A, H47A, H47V<\/li>\n<li>Mitsubishi eK-Wagon, H81W, H82W<\/li>\n<li>Mitsubishi ek Custom, H81W, H82W<\/li>\n<li>Mitsubishi Aspire, EA1A, EA3A, EC1A, EC3A, EC5A<\/li>\n<li>Mitsubishi Bravo, U41V, U42V, U43V, U44V<\/li>\n<li>Mitsubishi Carisma, DA1A, DA2A, DA4A, DA5A, DA6A<\/li>\n<li>Mitsubishi Challenger, K94W, K94WG, K96W, K97WG, K99W<\/li>\n<li>Mitsubishi Colt, CA1A, CB1A, CB8A<\/li>\n<li>Mitsubishi Debonair, S22A, S26A, S27A<\/li>\n<li>Mitsubishi Delica, PA3V, PA3W, PA4W, PA5V, PA5W, PB3V, PB4V, PB4W, PB5V, PB5W, PB6W, PC3W, PC4W, PC5W, PD3W, PD4V, PD4W, PD5V, PD5W, PD6W, PD8W, PE8W, PF6W, PF8W<\/li>\n<li>Mitsubishi Diamante, F31A, F31AK, F36A, F36W, F38A, F41A, F46A, F47A<\/li>\n<li>Mitsubishi Dingo, CQ1A, CQ2A, CQ5A<\/li>\n<li>Mitsubishi Dion, CR9W<\/li>\n<li>Mitsubishi Emeraude, E54A, E74A<\/li>\n<li>Mitsubishi Eterna, E54A, E74A<\/li>\n<li>Mitsubishi Galant, E52A, E54A, E55A, E57A, E64A, E74A, E75A, E88A, EA1A, EA2A, EA2W, EA3A, EA3W, EA4A, EA5A, EA5W, EA6A, EA6W, EA8A, EC1A, EC3A, EC5A<\/li>\n<li>Mitsubishi L200, K57T, K62T, K64T, K65T, K66T, K67T, K72T, K74T, K75T, K76T, K77T<\/li>\n<li>Mitsubishi L400, PA3V, PA3W, PA4W, PA5V, PA5W, PB3V, PB4V, PB5V, PC3W, PC5W, PD3W, PD4V, PD4W, PD5V, PD5W<\/li>\n<li>Mitsubishi Lancer, CA1A, CA2A, CA3A, CB1A, CB1W, CB2A, CB2W, CB3A, CB4A, CB4W, CB5AR, CB5W, CB6A, CB7A, CB8A, CB8AR, CB8W, CD3A, CD4W, CD5A, CD7A, CD8A<\/li>\n<li>Mitsubishi Legnum, EA1W, EA3W, EA4W, EA5W, EC1W, EC3W, EC4W, EC5W<\/li>\n<li>Mitsubishi Libero, CB1V, CB2V, CB2W, CB4W, CB5W, CB8V, CB8W, CD2V, CD5W, CD8V, CD8W<\/li>\n<li>Mitsubishi Minica Toppo, H31A, H32A, H32V, H36A, H37V<\/li>\n<li>Mitsubishi Minica, H21A, H21V, H21VW, H22A, H22V, H22VW, H26A, H26V, H27A, H27V, H27VW, H31A, H32A, H32V, H36A, H37A, H37V<\/li>\n<li>Mitsubishi Minicab, U41V, U42V, U43V, U44V, U65W, U66W<\/li>\n<li>Mitsubishi Mirage, CA1A, CA2A, CA3A, CB1A, CB2A, CB3A, CB4A, CB5AR, CB6A, CB7A, CB8A, CB8AR, CD3A, CD5A, CD7A, CD8A, CQ1A, CQ2A, CQ5A<\/li>\n<li>Mitsubishi Montero Sport, K85W, K86W, K89W, K94W, K96W, K97WG, K99W<\/li>\n<li>Mitsubishi Montero, V12C, V12V, V12W, V14C, V14V, V21C, V21W, V23C, V23W, V24C, V24W, V25W, V26W, V32V, V32W, V34V, V41W, V43W, V44W, V45W, V46W, V63W, V64W, V65W, V66W, V67W, V68W, V73W, V74W, V75W, V76W, V77W, V78W<\/li>\n<li>Mitsubishi Nativa, K86W, K94W, K96W, K97W, K99W<\/li>\n<li>Mitsubishi Pajero Mini, H51A, H56A<\/li>\n<li>Mitsubishi Pajero Pinin, H66W, H67W<\/li>\n<li>Mitsubishi Pajero Sport, K86W, K96W, K97W<\/li>\n<li>Mitsubishi Pajero, K94W, K96W, V12C, V12V, V12W, V14C, V14V, V21C, V21W, V23C, V23W, V24C, V24V, V24W, V24WG, V25C, V25W, V26C, V26W, V26WG, V32V, V32W, V33W, V34V, V41W, V43W, V44W, V44WG, V45W, V46V, V46W, V46WG, V47WG, V63W, V64W, V65W, V66W, V67W, V68W, V73W, V74W, V75W, V76W, V77W, V78W<\/li>\n<li>Mitsubishi RVR, N13W, N23W, N23WG, N61W, N71W<\/li>\n<li>Mitsubishi Sigma, F36A, F38A<\/li>\n<li>Mitsubishi Space Star, DG1A, DG3A, DG4A, DG5A<\/li>\n<li>Mitsubishi Strada, K74T<\/li>\n<li>Mitsubishi Town Box Wide, U65W, U66W<\/li>\n<li>Mitsubishi Town Box, U65W, U66W<\/li>\n<\/ul>\n<p><\/p>","protected":false},"excerpt":{"rendered":"<p><b>OEM:<\/b> M696120<\/p>\n<p><b>Dimensiune F:<\/b> 9<br \/><b>Dimensiune H:<\/b> 17<br \/><b>Dimensiune T:<\/b> 16<\/p>\n","protected":false},"featured_media":6989,"template":"","meta":[],"product_cat":[25,76],"product_tag":[],"bundled_by":[],"bundle_stock_status":"instock","bundle_stock_quantity":null,"bundle_virtual":false,"bundle_layout":"","bundle_add_to_cart_form_location":"","bundle_editable_in_cart":false,"bundle_sold_individually_context":"","bundle_item_grouping":"","bundle_min_size":"","bundle_max_size":"","bundled_items":[],"yoast_head":"<!-- This site is optimized with the Yoast SEO Premium plugin v16.6 (Yoast SEO v20.1) - https:\/\/yoast.com\/wordpress\/plugins\/seo\/ -->\n<title>C0369 - Autoclipsuri, Autoclipsuri pentru u\u0219\u0103 - atg.md<\/title>\n<meta name=\"robots\" content=\"index, follow, max-snippet:-1, max-image-preview:large, max-video-preview:-1\" \/>\n<link rel=\"canonical\" href=\"https:\/\/atg.md\/ro\/catalog\/autoclipsuri\/dvernye\/c0369\/\" \/>\n<meta property=\"og:locale\" content=\"ro_RO\" \/>\n<meta property=\"og:type\" content=\"article\" \/>\n<meta property=\"og:title\" content=\"C0369 - Autoclipsuri, Autoclipsuri pentru u\u0219\u0103 - atg.md\" \/>\n<meta property=\"og:description\" content=\"OEM: M696120Dimensiune F: 9Dimensiune H: 17Dimensiune T: 16\" \/>\n<meta property=\"og:url\" content=\"https:\/\/atg.md\/ro\/wp-json\/wp\/v2\/product\/6988\" \/>\n<meta property=\"og:site_name\" content=\"atg.md\" \/>\n<meta property=\"article:modified_time\" content=\"2024-07-05T07:02:45+00:00\" \/>\n<meta property=\"og:image\" content=\"https:\/\/atg.md\/wp-content\/uploads\/2021\/03\/c0369.jpg\" \/>\n\t<meta property=\"og:image:width\" content=\"600\" \/>\n\t<meta property=\"og:image:height\" content=\"600\" \/>\n\t<meta property=\"og:image:type\" content=\"image\/jpeg\" \/>\n<meta name=\"twitter:card\" content=\"summary_large_image\" \/>\n<meta name=\"twitter:label1\" content=\"Pre\u021b\" \/>\n\t<meta name=\"twitter:data1\" content=\"6.00&nbsp;MDL\" \/>\n\t<meta name=\"twitter:label2\" content=\"Availability\" \/>\n\t<meta name=\"twitter:data2\" content=\"In stock\" \/>\n<script type=\"application\/ld+json\" class=\"yoast-schema-graph\">{\"@context\":\"https:\/\/schema.org\",\"@graph\":[{\"@type\":\"WebPage\",\"@id\":\"https:\/\/atg.md\/ro\/catalog\/autoclipsuri\/dvernye\/c0369\/\",\"url\":\"https:\/\/atg.md\/ro\/catalog\/autoclipsuri\/dvernye\/c0369\/\",\"name\":\"C0369 - Autoclipsuri, Autoclipsuri pentru u\u0219\u0103 - atg.md\",\"isPartOf\":{\"@id\":\"https:\/\/atg.md\/ro\/#website\"},\"datePublished\":\"2021-03-30T09:07:24+00:00\",\"dateModified\":\"2024-07-05T07:02:45+00:00\",\"breadcrumb\":{\"@id\":\"https:\/\/atg.md\/ro\/catalog\/autoclipsuri\/dvernye\/c0369\/#breadcrumb\"},\"inLanguage\":\"ro-RO\",\"potentialAction\":[{\"@type\":\"ReadAction\",\"target\":[[\"https:\/\/atg.md\/ro\/catalog\/autoclipsuri\/dvernye\/c0369\/\"]]}]},{\"@type\":\"BreadcrumbList\",\"@id\":\"https:\/\/atg.md\/ro\/catalog\/autoclipsuri\/dvernye\/c0369\/#breadcrumb\",\"itemListElement\":[{\"@type\":\"ListItem\",\"position\":1,\"name\":\"Home\",\"item\":\"https:\/\/atg.md\/ro\/\"},{\"@type\":\"ListItem\",\"position\":2,\"name\":\"\u041a\u0430\u0442\u0430\u043b\u043e\u0433\",\"item\":\"https:\/\/atg.md\/ro\/catalog\/\"},{\"@type\":\"ListItem\",\"position\":3,\"name\":\"C0369\"}]},{\"@type\":\"WebSite\",\"@id\":\"https:\/\/atg.md\/ro\/#website\",\"url\":\"https:\/\/atg.md\/ro\/\",\"name\":\"atg.md\",\"description\":\"V\u00e2nzare de izola\u021bii \u00eempotriva vibra\u021biilor pentru ma\u0219ini, izola\u021bie termic\u0103, izolare fonic\u0103 de la cei mai buni produc\u0103tori, autoclipsuri, elemente de fixare auto. Cump\u0103ra\u021bi \u00een Moldova, Chi\u0219in\u0103u\",\"publisher\":{\"@id\":\"https:\/\/atg.md\/ro\/#organization\"},\"potentialAction\":[{\"@type\":\"SearchAction\",\"target\":{\"@type\":\"EntryPoint\",\"urlTemplate\":\"https:\/\/atg.md\/ro\/?s={search_term_string}\"},\"query-input\":\"required name=search_term_string\"}],\"inLanguage\":\"ro-RO\"},{\"@type\":[\"Organization\",\"Place\",\"AutoPartsStore\"],\"@id\":\"https:\/\/atg.md\/ro\/#organization\",\"name\":\"S.C. AUTOTOM GRUP S.R.L.\",\"url\":\"https:\/\/atg.md\/ro\/\",\"logo\":{\"@type\":\"ImageObject\",\"inLanguage\":\"ro-RO\",\"@id\":\"https:\/\/atg.md\/ro\/#\/schema\/logo\/image\/\",\"url\":\"https:\/\/i2.wp.com\/atg.md\/wp-content\/uploads\/2021\/05\/atg_logo_main.png?fit=656%2C569&ssl=1\",\"contentUrl\":\"https:\/\/i2.wp.com\/atg.md\/wp-content\/uploads\/2021\/05\/atg_logo_main.png?fit=656%2C569&ssl=1\",\"width\":656,\"height\":569,\"caption\":\"S.C. AUTOTOM GRUP S.R.L.\"},\"image\":{\"@id\":\"https:\/\/atg.md\/ro\/#\/schema\/logo\/image\/\"},\"location\":{\"@id\":\"https:\/\/atg.md\/ro\/catalog\/autoclipsuri\/dvernye\/c0369\/#local-place\"},\"address\":{\"@id\":\"https:\/\/atg.md\/ro\/catalog\/autoclipsuri\/dvernye\/c0369\/#local-place-address\"},\"email\":\"atgtvv@gmail.com\",\"telephone\":\"+37369644446\",\"areaServed\":\"Moldova\"},{\"@type\":\"Place\",\"@id\":\"https:\/\/atg.md\/ro\/catalog\/autoclipsuri\/dvernye\/c0369\/#local-place\",\"address\":{\"@type\":\"PostalAddress\",\"@id\":\"https:\/\/atg.md\/ro\/catalog\/autoclipsuri\/dvernye\/c0369\/#local-place-address\",\"streetAddress\":\"str. Alba-Iulia 77\/20\",\"addressLocality\":\"Chisinau\",\"postalCode\":\"2043\",\"addressRegion\":\"mun. Chisinau\",\"addressCountry\":\"MD\"},\"geo\":{\"@type\":\"GeoCoordinates\",\"latitude\":\"47.0376\",\"longitude\":\"28.76899\"},\"openingHoursSpecification\":[{\"@type\":\"OpeningHoursSpecification\",\"dayOfWeek\":[\"Monday\",\"Tuesday\",\"Wednesday\",\"Thursday\",\"Friday\"],\"opens\":\"09:00\",\"closes\":\"18:00\"},{\"@type\":\"OpeningHoursSpecification\",\"dayOfWeek\":[\"Saturday\"],\"opens\":\"09:00\",\"closes\":\"14:00\"},{\"@type\":\"OpeningHoursSpecification\",\"dayOfWeek\":[\"Sunday\"],\"opens\":\"00:00\",\"closes\":\"00:00\"}],\"telephone\":\"+37369644446\"}]}<\/script>\n<meta name=\"geo.placename\" content=\"Chisinau\" \/>\n<meta name=\"geo.position\" content=\"47.0376;28.76899\" \/>\n<meta name=\"geo.region\" content=\"Moldova\" \/>\n<!-- \/ Yoast SEO Premium plugin. -->","yoast_head_json":{"title":"C0369 - Autoclipsuri, Autoclipsuri pentru u\u0219\u0103 - atg.md","robots":{"index":"index","follow":"follow","max-snippet":"max-snippet:-1","max-image-preview":"max-image-preview:large","max-video-preview":"max-video-preview:-1"},"canonical":"https:\/\/atg.md\/ro\/catalog\/autoclipsuri\/dvernye\/c0369\/","og_locale":"ro_RO","og_type":"article","og_title":"C0369 - Autoclipsuri, Autoclipsuri pentru u\u0219\u0103 - atg.md","og_description":"OEM: M696120Dimensiune F: 9Dimensiune H: 17Dimensiune T: 16","og_url":"https:\/\/atg.md\/ro\/wp-json\/wp\/v2\/product\/6988","og_site_name":"atg.md","article_modified_time":"2024-07-05T07:02:45+00:00","og_image":[{"width":600,"height":600,"url":"https:\/\/atg.md\/wp-content\/uploads\/2021\/03\/c0369.jpg","type":"image\/jpeg"}],"twitter_card":"summary_large_image","twitter_misc":{"Pre\u021b":"6.00&nbsp;MDL","Availability":"In stock"},"schema":{"@context":"https:\/\/schema.org","@graph":[{"@type":"WebPage","@id":"https:\/\/atg.md\/ro\/catalog\/autoclipsuri\/dvernye\/c0369\/","url":"https:\/\/atg.md\/ro\/catalog\/autoclipsuri\/dvernye\/c0369\/","name":"C0369 - Autoclipsuri, Autoclipsuri pentru u\u0219\u0103 - atg.md","isPartOf":{"@id":"https:\/\/atg.md\/ro\/#website"},"datePublished":"2021-03-30T09:07:24+00:00","dateModified":"2024-07-05T07:02:45+00:00","breadcrumb":{"@id":"https:\/\/atg.md\/ro\/catalog\/autoclipsuri\/dvernye\/c0369\/#breadcrumb"},"inLanguage":"ro-RO","potentialAction":[{"@type":"ReadAction","target":[["https:\/\/atg.md\/ro\/catalog\/autoclipsuri\/dvernye\/c0369\/"]]}]},{"@type":"BreadcrumbList","@id":"https:\/\/atg.md\/ro\/catalog\/autoclipsuri\/dvernye\/c0369\/#breadcrumb","itemListElement":[{"@type":"ListItem","position":1,"name":"Home","item":"https:\/\/atg.md\/ro\/"},{"@type":"ListItem","position":2,"name":"\u041a\u0430\u0442\u0430\u043b\u043e\u0433","item":"https:\/\/atg.md\/ro\/catalog\/"},{"@type":"ListItem","position":3,"name":"C0369"}]},{"@type":"WebSite","@id":"https:\/\/atg.md\/ro\/#website","url":"https:\/\/atg.md\/ro\/","name":"atg.md","description":"V\u00e2nzare de izola\u021bii \u00eempotriva vibra\u021biilor pentru ma\u0219ini, izola\u021bie termic\u0103, izolare fonic\u0103 de la cei mai buni produc\u0103tori, autoclipsuri, elemente de fixare auto. Cump\u0103ra\u021bi \u00een Moldova, Chi\u0219in\u0103u","publisher":{"@id":"https:\/\/atg.md\/ro\/#organization"},"potentialAction":[{"@type":"SearchAction","target":{"@type":"EntryPoint","urlTemplate":"https:\/\/atg.md\/ro\/?s={search_term_string}"},"query-input":"required name=search_term_string"}],"inLanguage":"ro-RO"},{"@type":["Organization","Place","AutoPartsStore"],"@id":"https:\/\/atg.md\/ro\/#organization","name":"S.C. AUTOTOM GRUP S.R.L.","url":"https:\/\/atg.md\/ro\/","logo":{"@type":"ImageObject","inLanguage":"ro-RO","@id":"https:\/\/atg.md\/ro\/#\/schema\/logo\/image\/","url":"https:\/\/i2.wp.com\/atg.md\/wp-content\/uploads\/2021\/05\/atg_logo_main.png?fit=656%2C569&ssl=1","contentUrl":"https:\/\/i2.wp.com\/atg.md\/wp-content\/uploads\/2021\/05\/atg_logo_main.png?fit=656%2C569&ssl=1","width":656,"height":569,"caption":"S.C. AUTOTOM GRUP S.R.L."},"image":{"@id":"https:\/\/atg.md\/ro\/#\/schema\/logo\/image\/"},"location":{"@id":"https:\/\/atg.md\/ro\/catalog\/autoclipsuri\/dvernye\/c0369\/#local-place"},"address":{"@id":"https:\/\/atg.md\/ro\/catalog\/autoclipsuri\/dvernye\/c0369\/#local-place-address"},"email":"atgtvv@gmail.com","telephone":"+37369644446","areaServed":"Moldova"},{"@type":"Place","@id":"https:\/\/atg.md\/ro\/catalog\/autoclipsuri\/dvernye\/c0369\/#local-place","address":{"@type":"PostalAddress","@id":"https:\/\/atg.md\/ro\/catalog\/autoclipsuri\/dvernye\/c0369\/#local-place-address","streetAddress":"str. Alba-Iulia 77\/20","addressLocality":"Chisinau","postalCode":"2043","addressRegion":"mun. Chisinau","addressCountry":"MD"},"geo":{"@type":"GeoCoordinates","latitude":"47.0376","longitude":"28.76899"},"openingHoursSpecification":[{"@type":"OpeningHoursSpecification","dayOfWeek":["Monday","Tuesday","Wednesday","Thursday","Friday"],"opens":"09:00","closes":"18:00"},{"@type":"OpeningHoursSpecification","dayOfWeek":["Saturday"],"opens":"09:00","closes":"14:00"},{"@type":"OpeningHoursSpecification","dayOfWeek":["Sunday"],"opens":"00:00","closes":"00:00"}],"telephone":"+37369644446"}]}},"_links":{"self":[{"href":"https:\/\/atg.md\/ro\/wp-json\/wp\/v2\/product\/6988"}],"collection":[{"href":"https:\/\/atg.md\/ro\/wp-json\/wp\/v2\/product"}],"about":[{"href":"https:\/\/atg.md\/ro\/wp-json\/wp\/v2\/types\/product"}],"wp:featuredmedia":[{"embeddable":true,"href":"https:\/\/atg.md\/ro\/wp-json\/wp\/v2\/media\/6989"}],"wp:attachment":[{"href":"https:\/\/atg.md\/ro\/wp-json\/wp\/v2\/media?parent=6988"}],"wp:term":[{"taxonomy":"product_cat","embeddable":true,"href":"https:\/\/atg.md\/ro\/wp-json\/wp\/v2\/product_cat?post=6988"},{"taxonomy":"product_tag","embeddable":true,"href":"https:\/\/atg.md\/ro\/wp-json\/wp\/v2\/product_tag?post=6988"}],"curies":[{"name":"wp","href":"https:\/\/api.w.org\/{rel}","templated":true}]}}