{"id":6984,"date":"2021-03-30T09:07:24","date_gmt":"2021-03-30T09:07:24","guid":{"rendered":"http:\/\/atg.md\/product\/c0366\/"},"modified":"2024-07-05T07:02:44","modified_gmt":"2024-07-05T07:02:44","slug":"c0366","status":"publish","type":"product","link":"https:\/\/atg.md\/ro\/catalog\/autoclipsuri\/zazhim\/c0366\/","title":{"rendered":"C0366"},"content":{"rendered":"<p><strong>Modele:<\/strong><\/p>\n<ul>\n<li>Lexus GS300, GRS190, GRS191, GRS195, GRS196, JZS147, JZS160, URS190, UZS160, UZS161, UZS190<\/li>\n<li>Lexus GS400, JZS160, UZS160, UZS161<\/li>\n<li>Lexus GS430, GRS190, GRS191, GRS195, GRS196, JZS160, URS190, UZS160, UZS161, UZS190<\/li>\n<li>Lexus GS450h, GWS191<\/li>\n<li>Lexus GS460, GRS190, GRS191, GRS195, GRS196, URS190, UZS190<\/li>\n<li>Lexus IS F, USE20<\/li>\n<li>Lexus IS200, GXE10, JCE10<\/li>\n<li>Lexus IS220d, ALE20, GSE20<\/li>\n<li>Lexus IS250, ALE20, GSE20, GSE21, GSE25<\/li>\n<li>Lexus IS300, GSE22, GXE10, JCE10<\/li>\n<li>Lexus LS400, UCF10, UCF20<\/li>\n<li>Lexus LS430, UCF30<\/li>\n<li>Lexus LS460, USF40, USF41<\/li>\n<li>Lexus LS460L, USF40, USF41<\/li>\n<li>Lexus LS600h, UVF45, UVF46<\/li>\n<li>Lexus LS600hL, UVF45, UVF46<\/li>\n<li>Lexus RX300, MCU10, MCU15<\/li>\n<li>Lexus SC300, JZZ31, UZZ30<\/li>\n<li>Lexus SC400, JZZ31, UZZ30<\/li>\n<li>Lexus SC430, UZZ40<\/li>\n<li>Toyota Altezza, GXE10, GXE10W, GXE15, GXE15W, JCE10, JCE10W, JCE15, JCE15W, SXE10<\/li>\n<li>Toyota Aristo, JZS147, JZS147E, JZS160, JZS161, UZS143, UZS143E<\/li>\n<li>Toyota Aurion, ACV40, GSV40<\/li>\n<li>Toyota Brevis, JCG10, JCG11, JCG15<\/li>\n<li>Toyota Camry, ACV40, ACV41, ACV45, AHV40, GSV40<\/li>\n<li>Toyota Celica, ZZT230, ZZT231<\/li>\n<li>Toyota Celsior, UCF10, UCF11, UCF20, UCF21, UCF30, UCF31<\/li>\n<li>Toyota Corolla Ceres, AE100, AE101<\/li>\n<li>Toyota Corolla Levin, AE100, AE101<\/li>\n<li>Toyota Cressida, GX81, LX80, MX81, MX83, RX80, RX81<\/li>\n<li>Toyota Crown Majesta, GRS180, GRS181, GRS182, GRS183, GRS184, GS141, GS151, GS171, JKS175, JZS141, JZS143, JZS145, JZS147, JZS149, JZS151, JZS153, JZS155, JZS157, JZS171, JZS173, JZS175, JZS177, JZS179, LS141, LS151, URS206, UZS141, UZS143, UZS145, UZS147, UZS151, UZS155, UZS157, UZS171, UZS173, UZS175, UZS186, UZS187, UZS207<\/li>\n<li>Toyota Crown, AWS210, GRS180, GRS181, GRS182, GRS183, GRS184, GRS188, GRS200, GRS201, GRS202, GRS203, GRS204, GRS210, GRS211, GRS214, GS130, GS130G, GS130W, GS131, GS131H, GS136, GS141, GS151, GS151H, GS171, GS171W, GWS204, GWS214, JKS175, JZS130, JZS130G, JZS131, JZS133, JZS135, JZS141, JZS143, JZS145, JZS147, JZS149, JZS151, JZS153, JZS155, JZS157, JZS171, JZS171W, JZS173, JZS173W, JZS175, JZS175W, JZS177, JZS179, LS130, LS130G, LS130W, LS131, LS131H, LS136, LS141, LS151, LS151H, UZS141, UZS143, UZS145, UZS147, UZS151, UZS155, UZS157, UZS171, UZS173, UZS175, UZS186, UZS187, YS130, YS132<\/li>\n<li>Toyota Harrier, ACU10, ACU10W, ACU15, ACU15W, MCU10, MCU10W, MCU15, MCU15W, SXU10, SXU10W, SXU15, SXU15W<\/li>\n<li>Toyota Mark II, GX81, JZX81, LX80, LX80Q, MX83, SX80, YX80<\/li>\n<li>Toyota Mark X, GRX120, GRX121, GRX125, GRX130, GRX133, GRX135<\/li>\n<li>Toyota Origin, JCG17<\/li>\n<li>Toyota Progres, JCG10, JCG11, JCG15<\/li>\n<li>Toyota Raum, NCZ20, NCZ25<\/li>\n<li>Toyota Reiz, GRX121, GRX122<\/li>\n<li>Toyota Soarer, JZZ30, JZZ31, UZZ30, UZZ31, UZZ32, UZZ40<\/li>\n<li>Toyota Sprinter Marino, AE100, AE101<\/li>\n<li>Toyota Sprinter Trueno, AE100, AE101<\/li>\n<li>Toyota Supra, JZA80<\/li>\n<li>Toyota WiLL Cypha, NCP70, NCP75<\/li>\n<li>Toyota WiLL Vi, NCP19<\/li>\n<li><\/ul>\n<p><\/p>","protected":false},"excerpt":{"rendered":"<p><b>OEM:<\/b> 90179-05060, 9017905060<\/p>\n<p><b>Dimensiune F:<\/b> 18<br \/><b>Dimensiune H:<\/b> 13<br \/><b>Dimensiune T:<\/b> 27<\/p>\n","protected":false},"featured_media":6985,"template":"","meta":[],"product_cat":[25,134],"product_tag":[],"bundled_by":[],"bundle_stock_status":"instock","bundle_stock_quantity":null,"bundle_virtual":false,"bundle_layout":"","bundle_add_to_cart_form_location":"","bundle_editable_in_cart":false,"bundle_sold_individually_context":"","bundle_item_grouping":"","bundle_min_size":"","bundle_max_size":"","bundled_items":[],"yoast_head":"<!-- This site is optimized with the Yoast SEO Premium plugin v16.6 (Yoast SEO v20.1) - https:\/\/yoast.com\/wordpress\/plugins\/seo\/ -->\n<title>C0366 - Autoclipsuri, Clem\u0103 - atg.md<\/title>\n<meta name=\"robots\" content=\"index, follow, max-snippet:-1, max-image-preview:large, max-video-preview:-1\" \/>\n<link rel=\"canonical\" href=\"https:\/\/atg.md\/ro\/catalog\/autoclipsuri\/zazhim\/c0366\/\" \/>\n<meta property=\"og:locale\" content=\"ro_RO\" \/>\n<meta property=\"og:type\" content=\"article\" \/>\n<meta property=\"og:title\" content=\"C0366 - Autoclipsuri, Clem\u0103 - atg.md\" \/>\n<meta property=\"og:description\" content=\"OEM: 90179-05060, 9017905060Dimensiune F: 18Dimensiune H: 13Dimensiune T: 27\" \/>\n<meta property=\"og:url\" content=\"https:\/\/atg.md\/ro\/wp-json\/wp\/v2\/product\/6984\" \/>\n<meta property=\"og:site_name\" content=\"atg.md\" \/>\n<meta property=\"article:modified_time\" content=\"2024-07-05T07:02:44+00:00\" \/>\n<meta property=\"og:image\" content=\"https:\/\/atg.md\/wp-content\/uploads\/2021\/03\/c0366.jpg\" \/>\n\t<meta property=\"og:image:width\" content=\"600\" \/>\n\t<meta property=\"og:image:height\" content=\"600\" \/>\n\t<meta property=\"og:image:type\" content=\"image\/jpeg\" \/>\n<meta name=\"twitter:card\" content=\"summary_large_image\" \/>\n<meta name=\"twitter:label1\" content=\"Pre\u021b\" \/>\n\t<meta name=\"twitter:data1\" content=\"6.00&nbsp;MDL\" \/>\n\t<meta name=\"twitter:label2\" content=\"Availability\" \/>\n\t<meta name=\"twitter:data2\" content=\"In stock\" \/>\n<script type=\"application\/ld+json\" class=\"yoast-schema-graph\">{\"@context\":\"https:\/\/schema.org\",\"@graph\":[{\"@type\":\"WebPage\",\"@id\":\"https:\/\/atg.md\/ro\/catalog\/autoclipsuri\/zazhim\/c0366\/\",\"url\":\"https:\/\/atg.md\/ro\/catalog\/autoclipsuri\/zazhim\/c0366\/\",\"name\":\"C0366 - Autoclipsuri, Clem\u0103 - atg.md\",\"isPartOf\":{\"@id\":\"https:\/\/atg.md\/ro\/#website\"},\"datePublished\":\"2021-03-30T09:07:24+00:00\",\"dateModified\":\"2024-07-05T07:02:44+00:00\",\"breadcrumb\":{\"@id\":\"https:\/\/atg.md\/ro\/catalog\/autoclipsuri\/zazhim\/c0366\/#breadcrumb\"},\"inLanguage\":\"ro-RO\",\"potentialAction\":[{\"@type\":\"ReadAction\",\"target\":[[\"https:\/\/atg.md\/ro\/catalog\/autoclipsuri\/zazhim\/c0366\/\"]]}]},{\"@type\":\"BreadcrumbList\",\"@id\":\"https:\/\/atg.md\/ro\/catalog\/autoclipsuri\/zazhim\/c0366\/#breadcrumb\",\"itemListElement\":[{\"@type\":\"ListItem\",\"position\":1,\"name\":\"Home\",\"item\":\"https:\/\/atg.md\/ro\/\"},{\"@type\":\"ListItem\",\"position\":2,\"name\":\"\u041a\u0430\u0442\u0430\u043b\u043e\u0433\",\"item\":\"https:\/\/atg.md\/ro\/catalog\/\"},{\"@type\":\"ListItem\",\"position\":3,\"name\":\"C0366\"}]},{\"@type\":\"WebSite\",\"@id\":\"https:\/\/atg.md\/ro\/#website\",\"url\":\"https:\/\/atg.md\/ro\/\",\"name\":\"atg.md\",\"description\":\"V\u00e2nzare de izola\u021bii \u00eempotriva vibra\u021biilor pentru ma\u0219ini, izola\u021bie termic\u0103, izolare fonic\u0103 de la cei mai buni produc\u0103tori, autoclipsuri, elemente de fixare auto. Cump\u0103ra\u021bi \u00een Moldova, Chi\u0219in\u0103u\",\"publisher\":{\"@id\":\"https:\/\/atg.md\/ro\/#organization\"},\"potentialAction\":[{\"@type\":\"SearchAction\",\"target\":{\"@type\":\"EntryPoint\",\"urlTemplate\":\"https:\/\/atg.md\/ro\/?s={search_term_string}\"},\"query-input\":\"required name=search_term_string\"}],\"inLanguage\":\"ro-RO\"},{\"@type\":[\"Organization\",\"Place\",\"AutoPartsStore\"],\"@id\":\"https:\/\/atg.md\/ro\/#organization\",\"name\":\"S.C. AUTOTOM GRUP S.R.L.\",\"url\":\"https:\/\/atg.md\/ro\/\",\"logo\":{\"@type\":\"ImageObject\",\"inLanguage\":\"ro-RO\",\"@id\":\"https:\/\/atg.md\/ro\/#\/schema\/logo\/image\/\",\"url\":\"https:\/\/i2.wp.com\/atg.md\/wp-content\/uploads\/2021\/05\/atg_logo_main.png?fit=656%2C569&ssl=1\",\"contentUrl\":\"https:\/\/i2.wp.com\/atg.md\/wp-content\/uploads\/2021\/05\/atg_logo_main.png?fit=656%2C569&ssl=1\",\"width\":656,\"height\":569,\"caption\":\"S.C. AUTOTOM GRUP S.R.L.\"},\"image\":{\"@id\":\"https:\/\/atg.md\/ro\/#\/schema\/logo\/image\/\"},\"location\":{\"@id\":\"https:\/\/atg.md\/ro\/catalog\/autoclipsuri\/zazhim\/c0366\/#local-place\"},\"address\":{\"@id\":\"https:\/\/atg.md\/ro\/catalog\/autoclipsuri\/zazhim\/c0366\/#local-place-address\"},\"email\":\"atgtvv@gmail.com\",\"telephone\":\"+37369644446\",\"areaServed\":\"Moldova\"},{\"@type\":\"Place\",\"@id\":\"https:\/\/atg.md\/ro\/catalog\/autoclipsuri\/zazhim\/c0366\/#local-place\",\"address\":{\"@type\":\"PostalAddress\",\"@id\":\"https:\/\/atg.md\/ro\/catalog\/autoclipsuri\/zazhim\/c0366\/#local-place-address\",\"streetAddress\":\"str. Alba-Iulia 77\/20\",\"addressLocality\":\"Chisinau\",\"postalCode\":\"2043\",\"addressRegion\":\"mun. Chisinau\",\"addressCountry\":\"MD\"},\"geo\":{\"@type\":\"GeoCoordinates\",\"latitude\":\"47.0376\",\"longitude\":\"28.76899\"},\"openingHoursSpecification\":[{\"@type\":\"OpeningHoursSpecification\",\"dayOfWeek\":[\"Monday\",\"Tuesday\",\"Wednesday\",\"Thursday\",\"Friday\"],\"opens\":\"09:00\",\"closes\":\"18:00\"},{\"@type\":\"OpeningHoursSpecification\",\"dayOfWeek\":[\"Saturday\"],\"opens\":\"09:00\",\"closes\":\"14:00\"},{\"@type\":\"OpeningHoursSpecification\",\"dayOfWeek\":[\"Sunday\"],\"opens\":\"00:00\",\"closes\":\"00:00\"}],\"telephone\":\"+37369644446\"}]}<\/script>\n<meta name=\"geo.placename\" content=\"Chisinau\" \/>\n<meta name=\"geo.position\" content=\"47.0376;28.76899\" \/>\n<meta name=\"geo.region\" content=\"Moldova\" \/>\n<!-- \/ Yoast SEO Premium plugin. -->","yoast_head_json":{"title":"C0366 - Autoclipsuri, Clem\u0103 - atg.md","robots":{"index":"index","follow":"follow","max-snippet":"max-snippet:-1","max-image-preview":"max-image-preview:large","max-video-preview":"max-video-preview:-1"},"canonical":"https:\/\/atg.md\/ro\/catalog\/autoclipsuri\/zazhim\/c0366\/","og_locale":"ro_RO","og_type":"article","og_title":"C0366 - Autoclipsuri, Clem\u0103 - atg.md","og_description":"OEM: 90179-05060, 9017905060Dimensiune F: 18Dimensiune H: 13Dimensiune T: 27","og_url":"https:\/\/atg.md\/ro\/wp-json\/wp\/v2\/product\/6984","og_site_name":"atg.md","article_modified_time":"2024-07-05T07:02:44+00:00","og_image":[{"width":600,"height":600,"url":"https:\/\/atg.md\/wp-content\/uploads\/2021\/03\/c0366.jpg","type":"image\/jpeg"}],"twitter_card":"summary_large_image","twitter_misc":{"Pre\u021b":"6.00&nbsp;MDL","Availability":"In stock"},"schema":{"@context":"https:\/\/schema.org","@graph":[{"@type":"WebPage","@id":"https:\/\/atg.md\/ro\/catalog\/autoclipsuri\/zazhim\/c0366\/","url":"https:\/\/atg.md\/ro\/catalog\/autoclipsuri\/zazhim\/c0366\/","name":"C0366 - Autoclipsuri, Clem\u0103 - atg.md","isPartOf":{"@id":"https:\/\/atg.md\/ro\/#website"},"datePublished":"2021-03-30T09:07:24+00:00","dateModified":"2024-07-05T07:02:44+00:00","breadcrumb":{"@id":"https:\/\/atg.md\/ro\/catalog\/autoclipsuri\/zazhim\/c0366\/#breadcrumb"},"inLanguage":"ro-RO","potentialAction":[{"@type":"ReadAction","target":[["https:\/\/atg.md\/ro\/catalog\/autoclipsuri\/zazhim\/c0366\/"]]}]},{"@type":"BreadcrumbList","@id":"https:\/\/atg.md\/ro\/catalog\/autoclipsuri\/zazhim\/c0366\/#breadcrumb","itemListElement":[{"@type":"ListItem","position":1,"name":"Home","item":"https:\/\/atg.md\/ro\/"},{"@type":"ListItem","position":2,"name":"\u041a\u0430\u0442\u0430\u043b\u043e\u0433","item":"https:\/\/atg.md\/ro\/catalog\/"},{"@type":"ListItem","position":3,"name":"C0366"}]},{"@type":"WebSite","@id":"https:\/\/atg.md\/ro\/#website","url":"https:\/\/atg.md\/ro\/","name":"atg.md","description":"V\u00e2nzare de izola\u021bii \u00eempotriva vibra\u021biilor pentru ma\u0219ini, izola\u021bie termic\u0103, izolare fonic\u0103 de la cei mai buni produc\u0103tori, autoclipsuri, elemente de fixare auto. Cump\u0103ra\u021bi \u00een Moldova, Chi\u0219in\u0103u","publisher":{"@id":"https:\/\/atg.md\/ro\/#organization"},"potentialAction":[{"@type":"SearchAction","target":{"@type":"EntryPoint","urlTemplate":"https:\/\/atg.md\/ro\/?s={search_term_string}"},"query-input":"required name=search_term_string"}],"inLanguage":"ro-RO"},{"@type":["Organization","Place","AutoPartsStore"],"@id":"https:\/\/atg.md\/ro\/#organization","name":"S.C. AUTOTOM GRUP S.R.L.","url":"https:\/\/atg.md\/ro\/","logo":{"@type":"ImageObject","inLanguage":"ro-RO","@id":"https:\/\/atg.md\/ro\/#\/schema\/logo\/image\/","url":"https:\/\/i2.wp.com\/atg.md\/wp-content\/uploads\/2021\/05\/atg_logo_main.png?fit=656%2C569&ssl=1","contentUrl":"https:\/\/i2.wp.com\/atg.md\/wp-content\/uploads\/2021\/05\/atg_logo_main.png?fit=656%2C569&ssl=1","width":656,"height":569,"caption":"S.C. AUTOTOM GRUP S.R.L."},"image":{"@id":"https:\/\/atg.md\/ro\/#\/schema\/logo\/image\/"},"location":{"@id":"https:\/\/atg.md\/ro\/catalog\/autoclipsuri\/zazhim\/c0366\/#local-place"},"address":{"@id":"https:\/\/atg.md\/ro\/catalog\/autoclipsuri\/zazhim\/c0366\/#local-place-address"},"email":"atgtvv@gmail.com","telephone":"+37369644446","areaServed":"Moldova"},{"@type":"Place","@id":"https:\/\/atg.md\/ro\/catalog\/autoclipsuri\/zazhim\/c0366\/#local-place","address":{"@type":"PostalAddress","@id":"https:\/\/atg.md\/ro\/catalog\/autoclipsuri\/zazhim\/c0366\/#local-place-address","streetAddress":"str. Alba-Iulia 77\/20","addressLocality":"Chisinau","postalCode":"2043","addressRegion":"mun. Chisinau","addressCountry":"MD"},"geo":{"@type":"GeoCoordinates","latitude":"47.0376","longitude":"28.76899"},"openingHoursSpecification":[{"@type":"OpeningHoursSpecification","dayOfWeek":["Monday","Tuesday","Wednesday","Thursday","Friday"],"opens":"09:00","closes":"18:00"},{"@type":"OpeningHoursSpecification","dayOfWeek":["Saturday"],"opens":"09:00","closes":"14:00"},{"@type":"OpeningHoursSpecification","dayOfWeek":["Sunday"],"opens":"00:00","closes":"00:00"}],"telephone":"+37369644446"}]}},"_links":{"self":[{"href":"https:\/\/atg.md\/ro\/wp-json\/wp\/v2\/product\/6984"}],"collection":[{"href":"https:\/\/atg.md\/ro\/wp-json\/wp\/v2\/product"}],"about":[{"href":"https:\/\/atg.md\/ro\/wp-json\/wp\/v2\/types\/product"}],"wp:featuredmedia":[{"embeddable":true,"href":"https:\/\/atg.md\/ro\/wp-json\/wp\/v2\/media\/6985"}],"wp:attachment":[{"href":"https:\/\/atg.md\/ro\/wp-json\/wp\/v2\/media?parent=6984"}],"wp:term":[{"taxonomy":"product_cat","embeddable":true,"href":"https:\/\/atg.md\/ro\/wp-json\/wp\/v2\/product_cat?post=6984"},{"taxonomy":"product_tag","embeddable":true,"href":"https:\/\/atg.md\/ro\/wp-json\/wp\/v2\/product_tag?post=6984"}],"curies":[{"name":"wp","href":"https:\/\/api.w.org\/{rel}","templated":true}]}}