{"id":6960,"date":"2021-03-30T09:07:13","date_gmt":"2021-03-30T09:07:13","guid":{"rendered":"http:\/\/atg.md\/product\/c0350\/"},"modified":"2024-07-05T07:02:39","modified_gmt":"2024-07-05T07:02:39","slug":"c0350","status":"publish","type":"product","link":"https:\/\/atg.md\/ro\/catalog\/autoclipsuri\/tyaga-dveri\/c0350\/","title":{"rendered":"C0350"},"content":{"rendered":"<p><strong>Modele:<\/strong><\/p>\n<ul>\n<li>Lexus ES250, VZV21<\/li>\n<li>Lexus ES300, MCV10, VCV10<\/li>\n<li>Lexus IS200, GXE10, JCE10<\/li>\n<li>Lexus IS300, GXE10, JCE10<\/li>\n<li>Lexus LS430, UCF30<\/li>\n<li>Lexus RX300, MCU10, MCU15<\/li>\n<li>Lexus SC430, UZZ40<\/li>\n<li>Toyota Altezza, GXE10, GXE10W, GXE15, GXE15W, JCE10, JCE10W, JCE15, JCE15W, SXE10<\/li>\n<li>Toyota Brevis, JCG10, JCG11, JCG15<\/li>\n<li>Toyota Camry, CV20, CV30, CV40, CV43, MCV10, SV20, SV21, SV22, SV25, SV30, SV32, SV33, SV35, SV40, SV41, SV42, SV43, SXV10, SXV11, VCV10, VZV20, VZV21, VZV30, VZV31, VZV32, VZV33<\/li>\n<li>Toyota Celsior, UCF30, UCF31<\/li>\n<li>Toyota Century, GZG50<\/li>\n<li>Toyota Chaser, GX81, GX90, JZX81, JZX90, JZX91, JZX93, LX80, LX90, MX83, SX80, SX90, YX80<\/li>\n<li>Toyota Comfort, LXS10, LXS12, YXS10<\/li>\n<li>Toyota Corolla II, EL30, EL31, EL41, EL43, EL45, NL30, NL40<\/li>\n<li>Toyota Corolla, AE80, AE82, CE80, EE80<\/li>\n<li>Toyota Corsa, EL30, EL31, EL41, EL43, EL45, NL30, NL40<\/li>\n<li>Toyota Cressida, GX71, GX81, LX80, MX75, MX81, MX83, RX72, RX73, RX80, RX81, YX72<\/li>\n<li>Toyota Cresta, GX81, GX90, JZX81, JZX90, JZX91, JZX93, LX80, LX90, MX83, SX80, SX90, YX80<\/li>\n<li>Toyota Crown Majesta, GS151, JZS151, JZS153, JZS155, JZS157, LS151, UZS151, UZS155, UZS157<\/li>\n<li>Toyota Crown, GBS12, GS130, GS130G, GS130W, GS131, GS131H, GS136, GS151, GS151H, GXS10, GXS12, JZS130, JZS130G, JZS131, JZS133, JZS135, JZS151, JZS153, JZS155, JZS157, LS130, LS130G, LS130W, LS131, LS131H, LS136, LS151, LS151H, LXS10, LXS11, LXS12, MS130, MS132, MS133, MS135, MS137, MS137X, SXS11, SXS13, TSS10, TSS10H, TSS11, TSS13, UZS131, UZS151, UZS155, UZS157, YS130, YS132, YXS10, YXS10H, YXS11<\/li>\n<li>Toyota Cynos, EL44<\/li>\n<li>Toyota Dyna, BU300, BU301, BU303, BU306, BU340, BU343, BU346, BU400, BU410, BU420, BU430, BZU300, BZU340, BZU410, BZU600, KDY220, KDY221, KDY230, KDY231, KDY240, KDY241, KDY250, KDY251, KDY260, KDY261, KDY270, KDY271, KDY280, KDY281, KDY290, LY220, LY225, LY230, LY235, LY240, LY270, LY280, LY290, RZU300, RZU301, RZU340, RZY220, RZY230, RZY231, RZY281, TRC600, TRU300, TRU340, TRU500, TRU600, TRY220, TRY230, TRY231, TRY281, WU300, WU302, WU340, WU342, WU410, WU412, WU420, WU422, WU600, WU650, WU700, WU710, WU720, XKC605, XKC645, XKC655, XKU304, XKU308, XKU338, XKU344, XKU348, XKU414, XKU424, XKU508, XKU600, XKU605, XKU640, XKU645, XKU650, XKU655, XKU700, XKU710, XKU720, XZC600, XZC605, XZC610, XZC630, XZC645, XZC655, XZC675, XZC710, XZU300, XZU301, XZU302, XZU304, XZU305, XZU306, XZU307, XZU308, XZU311, XZU312, XZU314, XZU320, XZU321, XZU322, XZU324, XZU327, XZU330, XZU331, XZU334, XZU336, XZU337, XZU338, XZU340, XZU341, XZU342, XZU344, XZU345, XZU346, XZU347, XZU348, XZU350, XZU351, XZU352, XZU354, XZU362, XZU368, XZU371, XZU372, XZU378, XZU382, XZU388, XZU400, XZU401, XZU402, XZU404, XZU410, XZU411, XZU412, XZU413, XZU414, XZU415, XZU417, XZU419, XZU420, XZU421, XZU422, XZU423, XZU424, XZU425, XZU427, XZU429, XZU430, XZU433, XZU434, XZU435, XZU439, XZU454, XZU488, XZU504, XZU508, XZU524, XZU538, XZU548, XZU554, XZU568, XZU600, XZU605, XZU610, XZU620, XZU630, XZU640, XZU645, XZU650, XZU655, XZU675, XZU685, XZU695, XZU700, XZU710, XZU720, XZU730, XZU775<\/li>\n<li>Toyota Estima Emina, CXR10, CXR10G, CXR11, CXR11G, CXR20, CXR20G, CXR21, CXR21G, TCR10, TCR10G, TCR11, TCR11G, TCR20, TCR20G, TCR21, TCR21G<\/li>\n<li>Toyota Estima Lucida, CXR10, CXR10G, CXR11, CXR11G, CXR20, CXR20G, CXR21, CXR21G, TCR10, TCR10G, TCR11, TCR11G, TCR20, TCR20G, TCR21, TCR21G<\/li>\n<li>Toyota Estima, ACR30, ACR30W, ACR40, ACR40W, AHR10, AHR10W, MCR30, MCR30W, MCR40, MCR40W, TCR10, TCR10W, TCR11, TCR11W, TCR20, TCR20W, TCR21, TCR21W<\/li>\n<li>Toyota Harrier, ACU10, ACU10W, ACU15, ACU15W, MCU10, MCU10W, MCU15, MCU15W, SXU10, SXU10W, SXU15, SXU15W<\/li>\n<li>Toyota Mark II, GX70, GX70G, GX81, GX90, JZX81, JZX90, JZX90E, JZX91, JZX91E, JZX93, LX76, LX80, LX80Q, LX90, LX90Y, MX83, SX80, SX90, YX76, YX78, YX80<\/li>\n<li>Toyota Origin, JCG17<\/li>\n<li>Toyota Paseo, EL44<\/li>\n<li>Toyota Previa, ACR30, CLR30, TCR10, TCR11, TCR20, TCR21<\/li>\n<li>Toyota Progres, JCG10, JCG11, JCG15<\/li>\n<li>Toyota Raum, EXZ10, EXZ15<\/li>\n<li>Toyota Scepter, SXV10, SXV15, SXV15W, VCV10, VCV15, VCV15W<\/li>\n<li>Toyota Sera, EXY10<\/li>\n<li>Toyota Soarer, GZ20, JZZ30, JZZ31, MZ20, MZ21, UZZ30, UZZ31, UZZ32, UZZ40<\/li>\n<li>Toyota Supra, GA70, GA70H, JZA70, MA70<\/li>\n<li>Toyota T100, RCK10, VCK10, VCK11, VCK20, VCK21<\/li>\n<li>Toyota Tacoma, RZN140, RZN150, RZN161, RZN171, RZN191, RZN196, VZN150, VZN160, VZN170, VZN195<\/li>\n<li>Toyota Tarago, ACR30, CLR30<\/li>\n<li>Toyota Tercel, EL30, EL31, EL40, EL41, EL42, EL43, EL45, NL30, NL40<\/li>\n<li>Toyota ToyoAce, BU301, BU306, BU346, BU400, BU410, BU420, BU430, BZU300, BZU340, BZU410, BZU600, KDY220, KDY221, KDY230, KDY231, KDY240, KDY241, KDY270, KDY271, KDY280, KDY281, KDY290, LY220, LY230, LY240, LY270, LY280, LY290, RZU300, RZU301, RZU340, RZY220, RZY230, RZY231, RZY281, TRC600, TRU300, TRU340, TRU500, TRU600, TRY220, TRY230, TRY231, TRY281, XKC605, XKC645, XKC655, XKU304, XKU308, XKU338, XKU344, XKU348, XKU414, XKU424, XKU508, XKU600, XKU605, XKU640, XKU645, XKU650, XKU655, XKU700, XKU710, XKU720, XZC600, XZC605, XZC610, XZC630, XZC645, XZC655, XZC675, XZC710, XZU300, XZU301, XZU302, XZU304, XZU305, XZU306, XZU307, XZU308, XZU311, XZU312, XZU314, XZU320, XZU321, XZU322, XZU324, XZU330, XZU331, XZU334, XZU336, XZU337, XZU338, XZU340, XZU341, XZU342, XZU344, XZU346, XZU347, XZU348, XZU350, XZU351, XZU352, XZU354, XZU362, XZU368, XZU371, XZU372, XZU378, XZU382, XZU388, XZU400, XZU401, XZU402, XZU404, XZU410, XZU411, XZU412, XZU413, XZU414, XZU415, XZU420, XZU421, XZU423, XZU424, XZU430, XZU433, XZU434, XZU454, XZU488, XZU504, XZU508, XZU524, XZU538, XZU548, XZU554, XZU568, XZU600, XZU605, XZU610, XZU620, XZU630, XZU640, XZU645, XZU650, XZU655, XZU675, XZU685, XZU695, XZU700, XZU710, XZU720, XZU730, XZU775<\/li>\n<li>Toyota Vista, CV20, CV30, CV40, CV43, SV20, SV21, SV22, SV25, SV30, SV32, SV33, SV35, SV40, SV41, SV42, SV43, VZV20, VZV30, VZV31, VZV32, VZV33<\/li>\n<li>Toyota Windom, VCV10, VCV11<\/li>\n<\/ul>\n<p><\/p>","protected":false},"excerpt":{"rendered":"<p><b>OEM:<\/b> 69293-12060, 6929312060<\/p>\n<p><b>Dimensiune F:<\/b> 8.4<br \/><b>Dimensiune H:<\/b> 5.8<br \/><b>Dimensiune T:<\/b> 23.2<\/p>\n","protected":false},"featured_media":6961,"template":"","meta":[],"product_cat":[25,215],"product_tag":[],"bundled_by":[],"bundle_stock_status":"instock","bundle_stock_quantity":null,"bundle_virtual":false,"bundle_layout":"","bundle_add_to_cart_form_location":"","bundle_editable_in_cart":false,"bundle_sold_individually_context":"","bundle_item_grouping":"","bundle_min_size":"","bundle_max_size":"","bundled_items":[],"yoast_head":"<!-- This site is optimized with the Yoast SEO Premium plugin v16.6 (Yoast SEO v20.1) - https:\/\/yoast.com\/wordpress\/plugins\/seo\/ -->\n<title>C0350 - Autoclipsuri, Tr\u0103g\u00e2nd de u\u0219\u0103 - atg.md<\/title>\n<meta name=\"robots\" content=\"index, follow, max-snippet:-1, max-image-preview:large, max-video-preview:-1\" \/>\n<link rel=\"canonical\" href=\"https:\/\/atg.md\/ro\/catalog\/autoclipsuri\/tyaga-dveri\/c0350\/\" \/>\n<meta property=\"og:locale\" content=\"ro_RO\" \/>\n<meta property=\"og:type\" content=\"article\" \/>\n<meta property=\"og:title\" content=\"C0350 - Autoclipsuri, Tr\u0103g\u00e2nd de u\u0219\u0103 - atg.md\" \/>\n<meta property=\"og:description\" content=\"OEM: 69293-12060, 6929312060Dimensiune F: 8.4Dimensiune H: 5.8Dimensiune T: 23.2\" \/>\n<meta property=\"og:url\" content=\"https:\/\/atg.md\/ro\/wp-json\/wp\/v2\/product\/6960\" \/>\n<meta property=\"og:site_name\" content=\"atg.md\" \/>\n<meta property=\"article:modified_time\" content=\"2024-07-05T07:02:39+00:00\" \/>\n<meta property=\"og:image\" content=\"https:\/\/atg.md\/wp-content\/uploads\/2021\/03\/c0350.jpg\" \/>\n\t<meta property=\"og:image:width\" content=\"600\" \/>\n\t<meta property=\"og:image:height\" content=\"600\" \/>\n\t<meta property=\"og:image:type\" content=\"image\/jpeg\" \/>\n<meta name=\"twitter:card\" content=\"summary_large_image\" \/>\n<meta name=\"twitter:label1\" content=\"Pre\u021b\" \/>\n\t<meta name=\"twitter:data1\" content=\"6.00&nbsp;MDL\" \/>\n\t<meta name=\"twitter:label2\" content=\"Availability\" \/>\n\t<meta name=\"twitter:data2\" content=\"In stock\" \/>\n<script type=\"application\/ld+json\" class=\"yoast-schema-graph\">{\"@context\":\"https:\/\/schema.org\",\"@graph\":[{\"@type\":\"WebPage\",\"@id\":\"https:\/\/atg.md\/ro\/catalog\/autoclipsuri\/tyaga-dveri\/c0350\/\",\"url\":\"https:\/\/atg.md\/ro\/catalog\/autoclipsuri\/tyaga-dveri\/c0350\/\",\"name\":\"C0350 - Autoclipsuri, Tr\u0103g\u00e2nd de u\u0219\u0103 - atg.md\",\"isPartOf\":{\"@id\":\"https:\/\/atg.md\/ro\/#website\"},\"datePublished\":\"2021-03-30T09:07:13+00:00\",\"dateModified\":\"2024-07-05T07:02:39+00:00\",\"breadcrumb\":{\"@id\":\"https:\/\/atg.md\/ro\/catalog\/autoclipsuri\/tyaga-dveri\/c0350\/#breadcrumb\"},\"inLanguage\":\"ro-RO\",\"potentialAction\":[{\"@type\":\"ReadAction\",\"target\":[[\"https:\/\/atg.md\/ro\/catalog\/autoclipsuri\/tyaga-dveri\/c0350\/\"]]}]},{\"@type\":\"BreadcrumbList\",\"@id\":\"https:\/\/atg.md\/ro\/catalog\/autoclipsuri\/tyaga-dveri\/c0350\/#breadcrumb\",\"itemListElement\":[{\"@type\":\"ListItem\",\"position\":1,\"name\":\"Home\",\"item\":\"https:\/\/atg.md\/ro\/\"},{\"@type\":\"ListItem\",\"position\":2,\"name\":\"\u041a\u0430\u0442\u0430\u043b\u043e\u0433\",\"item\":\"https:\/\/atg.md\/ro\/catalog\/\"},{\"@type\":\"ListItem\",\"position\":3,\"name\":\"C0350\"}]},{\"@type\":\"WebSite\",\"@id\":\"https:\/\/atg.md\/ro\/#website\",\"url\":\"https:\/\/atg.md\/ro\/\",\"name\":\"atg.md\",\"description\":\"V\u00e2nzare de izola\u021bii \u00eempotriva vibra\u021biilor pentru ma\u0219ini, izola\u021bie termic\u0103, izolare fonic\u0103 de la cei mai buni produc\u0103tori, autoclipsuri, elemente de fixare auto. Cump\u0103ra\u021bi \u00een Moldova, Chi\u0219in\u0103u\",\"publisher\":{\"@id\":\"https:\/\/atg.md\/ro\/#organization\"},\"potentialAction\":[{\"@type\":\"SearchAction\",\"target\":{\"@type\":\"EntryPoint\",\"urlTemplate\":\"https:\/\/atg.md\/ro\/?s={search_term_string}\"},\"query-input\":\"required name=search_term_string\"}],\"inLanguage\":\"ro-RO\"},{\"@type\":[\"Organization\",\"Place\",\"AutoPartsStore\"],\"@id\":\"https:\/\/atg.md\/ro\/#organization\",\"name\":\"S.C. AUTOTOM GRUP S.R.L.\",\"url\":\"https:\/\/atg.md\/ro\/\",\"logo\":{\"@type\":\"ImageObject\",\"inLanguage\":\"ro-RO\",\"@id\":\"https:\/\/atg.md\/ro\/#\/schema\/logo\/image\/\",\"url\":\"https:\/\/i2.wp.com\/atg.md\/wp-content\/uploads\/2021\/05\/atg_logo_main.png?fit=656%2C569&ssl=1\",\"contentUrl\":\"https:\/\/i2.wp.com\/atg.md\/wp-content\/uploads\/2021\/05\/atg_logo_main.png?fit=656%2C569&ssl=1\",\"width\":656,\"height\":569,\"caption\":\"S.C. AUTOTOM GRUP S.R.L.\"},\"image\":{\"@id\":\"https:\/\/atg.md\/ro\/#\/schema\/logo\/image\/\"},\"location\":{\"@id\":\"https:\/\/atg.md\/ro\/catalog\/autoclipsuri\/tyaga-dveri\/c0350\/#local-place\"},\"address\":{\"@id\":\"https:\/\/atg.md\/ro\/catalog\/autoclipsuri\/tyaga-dveri\/c0350\/#local-place-address\"},\"email\":\"atgtvv@gmail.com\",\"telephone\":\"+37369644446\",\"areaServed\":\"Moldova\"},{\"@type\":\"Place\",\"@id\":\"https:\/\/atg.md\/ro\/catalog\/autoclipsuri\/tyaga-dveri\/c0350\/#local-place\",\"address\":{\"@type\":\"PostalAddress\",\"@id\":\"https:\/\/atg.md\/ro\/catalog\/autoclipsuri\/tyaga-dveri\/c0350\/#local-place-address\",\"streetAddress\":\"str. Alba-Iulia 77\/20\",\"addressLocality\":\"Chisinau\",\"postalCode\":\"2043\",\"addressRegion\":\"mun. Chisinau\",\"addressCountry\":\"MD\"},\"geo\":{\"@type\":\"GeoCoordinates\",\"latitude\":\"47.0376\",\"longitude\":\"28.76899\"},\"openingHoursSpecification\":[{\"@type\":\"OpeningHoursSpecification\",\"dayOfWeek\":[\"Monday\",\"Tuesday\",\"Wednesday\",\"Thursday\",\"Friday\"],\"opens\":\"09:00\",\"closes\":\"18:00\"},{\"@type\":\"OpeningHoursSpecification\",\"dayOfWeek\":[\"Saturday\"],\"opens\":\"09:00\",\"closes\":\"14:00\"},{\"@type\":\"OpeningHoursSpecification\",\"dayOfWeek\":[\"Sunday\"],\"opens\":\"00:00\",\"closes\":\"00:00\"}],\"telephone\":\"+37369644446\"}]}<\/script>\n<meta name=\"geo.placename\" content=\"Chisinau\" \/>\n<meta name=\"geo.position\" content=\"47.0376;28.76899\" \/>\n<meta name=\"geo.region\" content=\"Moldova\" \/>\n<!-- \/ Yoast SEO Premium plugin. -->","yoast_head_json":{"title":"C0350 - Autoclipsuri, Tr\u0103g\u00e2nd de u\u0219\u0103 - atg.md","robots":{"index":"index","follow":"follow","max-snippet":"max-snippet:-1","max-image-preview":"max-image-preview:large","max-video-preview":"max-video-preview:-1"},"canonical":"https:\/\/atg.md\/ro\/catalog\/autoclipsuri\/tyaga-dveri\/c0350\/","og_locale":"ro_RO","og_type":"article","og_title":"C0350 - Autoclipsuri, Tr\u0103g\u00e2nd de u\u0219\u0103 - atg.md","og_description":"OEM: 69293-12060, 6929312060Dimensiune F: 8.4Dimensiune H: 5.8Dimensiune T: 23.2","og_url":"https:\/\/atg.md\/ro\/wp-json\/wp\/v2\/product\/6960","og_site_name":"atg.md","article_modified_time":"2024-07-05T07:02:39+00:00","og_image":[{"width":600,"height":600,"url":"https:\/\/atg.md\/wp-content\/uploads\/2021\/03\/c0350.jpg","type":"image\/jpeg"}],"twitter_card":"summary_large_image","twitter_misc":{"Pre\u021b":"6.00&nbsp;MDL","Availability":"In stock"},"schema":{"@context":"https:\/\/schema.org","@graph":[{"@type":"WebPage","@id":"https:\/\/atg.md\/ro\/catalog\/autoclipsuri\/tyaga-dveri\/c0350\/","url":"https:\/\/atg.md\/ro\/catalog\/autoclipsuri\/tyaga-dveri\/c0350\/","name":"C0350 - Autoclipsuri, Tr\u0103g\u00e2nd de u\u0219\u0103 - atg.md","isPartOf":{"@id":"https:\/\/atg.md\/ro\/#website"},"datePublished":"2021-03-30T09:07:13+00:00","dateModified":"2024-07-05T07:02:39+00:00","breadcrumb":{"@id":"https:\/\/atg.md\/ro\/catalog\/autoclipsuri\/tyaga-dveri\/c0350\/#breadcrumb"},"inLanguage":"ro-RO","potentialAction":[{"@type":"ReadAction","target":[["https:\/\/atg.md\/ro\/catalog\/autoclipsuri\/tyaga-dveri\/c0350\/"]]}]},{"@type":"BreadcrumbList","@id":"https:\/\/atg.md\/ro\/catalog\/autoclipsuri\/tyaga-dveri\/c0350\/#breadcrumb","itemListElement":[{"@type":"ListItem","position":1,"name":"Home","item":"https:\/\/atg.md\/ro\/"},{"@type":"ListItem","position":2,"name":"\u041a\u0430\u0442\u0430\u043b\u043e\u0433","item":"https:\/\/atg.md\/ro\/catalog\/"},{"@type":"ListItem","position":3,"name":"C0350"}]},{"@type":"WebSite","@id":"https:\/\/atg.md\/ro\/#website","url":"https:\/\/atg.md\/ro\/","name":"atg.md","description":"V\u00e2nzare de izola\u021bii \u00eempotriva vibra\u021biilor pentru ma\u0219ini, izola\u021bie termic\u0103, izolare fonic\u0103 de la cei mai buni produc\u0103tori, autoclipsuri, elemente de fixare auto. Cump\u0103ra\u021bi \u00een Moldova, Chi\u0219in\u0103u","publisher":{"@id":"https:\/\/atg.md\/ro\/#organization"},"potentialAction":[{"@type":"SearchAction","target":{"@type":"EntryPoint","urlTemplate":"https:\/\/atg.md\/ro\/?s={search_term_string}"},"query-input":"required name=search_term_string"}],"inLanguage":"ro-RO"},{"@type":["Organization","Place","AutoPartsStore"],"@id":"https:\/\/atg.md\/ro\/#organization","name":"S.C. AUTOTOM GRUP S.R.L.","url":"https:\/\/atg.md\/ro\/","logo":{"@type":"ImageObject","inLanguage":"ro-RO","@id":"https:\/\/atg.md\/ro\/#\/schema\/logo\/image\/","url":"https:\/\/i2.wp.com\/atg.md\/wp-content\/uploads\/2021\/05\/atg_logo_main.png?fit=656%2C569&ssl=1","contentUrl":"https:\/\/i2.wp.com\/atg.md\/wp-content\/uploads\/2021\/05\/atg_logo_main.png?fit=656%2C569&ssl=1","width":656,"height":569,"caption":"S.C. AUTOTOM GRUP S.R.L."},"image":{"@id":"https:\/\/atg.md\/ro\/#\/schema\/logo\/image\/"},"location":{"@id":"https:\/\/atg.md\/ro\/catalog\/autoclipsuri\/tyaga-dveri\/c0350\/#local-place"},"address":{"@id":"https:\/\/atg.md\/ro\/catalog\/autoclipsuri\/tyaga-dveri\/c0350\/#local-place-address"},"email":"atgtvv@gmail.com","telephone":"+37369644446","areaServed":"Moldova"},{"@type":"Place","@id":"https:\/\/atg.md\/ro\/catalog\/autoclipsuri\/tyaga-dveri\/c0350\/#local-place","address":{"@type":"PostalAddress","@id":"https:\/\/atg.md\/ro\/catalog\/autoclipsuri\/tyaga-dveri\/c0350\/#local-place-address","streetAddress":"str. Alba-Iulia 77\/20","addressLocality":"Chisinau","postalCode":"2043","addressRegion":"mun. Chisinau","addressCountry":"MD"},"geo":{"@type":"GeoCoordinates","latitude":"47.0376","longitude":"28.76899"},"openingHoursSpecification":[{"@type":"OpeningHoursSpecification","dayOfWeek":["Monday","Tuesday","Wednesday","Thursday","Friday"],"opens":"09:00","closes":"18:00"},{"@type":"OpeningHoursSpecification","dayOfWeek":["Saturday"],"opens":"09:00","closes":"14:00"},{"@type":"OpeningHoursSpecification","dayOfWeek":["Sunday"],"opens":"00:00","closes":"00:00"}],"telephone":"+37369644446"}]}},"_links":{"self":[{"href":"https:\/\/atg.md\/ro\/wp-json\/wp\/v2\/product\/6960"}],"collection":[{"href":"https:\/\/atg.md\/ro\/wp-json\/wp\/v2\/product"}],"about":[{"href":"https:\/\/atg.md\/ro\/wp-json\/wp\/v2\/types\/product"}],"wp:featuredmedia":[{"embeddable":true,"href":"https:\/\/atg.md\/ro\/wp-json\/wp\/v2\/media\/6961"}],"wp:attachment":[{"href":"https:\/\/atg.md\/ro\/wp-json\/wp\/v2\/media?parent=6960"}],"wp:term":[{"taxonomy":"product_cat","embeddable":true,"href":"https:\/\/atg.md\/ro\/wp-json\/wp\/v2\/product_cat?post=6960"},{"taxonomy":"product_tag","embeddable":true,"href":"https:\/\/atg.md\/ro\/wp-json\/wp\/v2\/product_tag?post=6960"}],"curies":[{"name":"wp","href":"https:\/\/api.w.org\/{rel}","templated":true}]}}