{"id":6916,"date":"2021-03-30T09:06:59","date_gmt":"2021-03-30T09:06:59","guid":{"rendered":"http:\/\/atg.md\/product\/c0317\/"},"modified":"2024-07-05T07:02:32","modified_gmt":"2024-07-05T07:02:32","slug":"c0317","status":"publish","type":"product","link":"https:\/\/atg.md\/ro\/catalog\/autoclipsuri\/vstavki\/c0317\/","title":{"rendered":"C0317"},"content":{"rendered":"<p><strong>Modele:<\/strong><\/p>\n<ul>\n<li>Infiniti G25<\/li>\n<li>Infiniti G35<\/li>\n<li>Infiniti G37<\/li>\n<li>Infiniti M35 Hybrid<\/li>\n<li>Infiniti M35, G50, HG50<\/li>\n<li>Infiniti M45<\/li>\n<li>Lexus LS400, UCF10<\/li>\n<li>Lexus LX450, FZJ80<\/li>\n<li>Lexus SC300, JZZ31, UZZ30<\/li>\n<li>Lexus SC400, JZZ31, UZZ30<\/li>\n<li>Mitsubishi 1\/2T Truck, V16B<\/li>\n<li>Mitsubishi Airtrek, CU2W, CU4W, CU5W<\/li>\n<li>Mitsubishi Aspire, EA1A, EA3A, EA7A, EC1A, EC3A, EC5A, EC7A<\/li>\n<li>Mitsubishi Bravo, U41T, U41TP, U41V, U42T, U42TP, U42V, U43V, U44V<\/li>\n<li>Mitsubishi Challenger, K94W, K94WG, K96W, K97WG, K99W<\/li>\n<li>Mitsubishi Chariot Grandis, N84W, N86W, N94W, N96W<\/li>\n<li>Mitsubishi Chariot, D02W, D03W, D05W, D08W, D09W, N33W, N34W, N38W,<br \/>\nN43W, N44W, N48W<\/li>\n<li>Mitsubishi Colt, Z21A, Z22A, Z23A, Z23W, Z24A, Z24W, Z25A, Z26A, Z27A,<br \/>\nZ27AG, Z27W, Z27WG, Z28A<\/li>\n<li>Mitsubishi Debonair, S11A, S12A, S12AG, S22A, S26A, S27A<\/li>\n<li>Mitsubishi Delica, CV5W, L036P, L039G, L039P, L063P, L069P, P01V,<br \/>\nP02V, P03V, P03W, P04W, P05V, P05W, P06V, P07V, P12V, P13V, P15V, P15W, P17V,<br \/>\nP23V, P23W, P24W, P25T, P25V, P25W, P27V, P35W, P45V, PA3V, PA4W, PA5V, PA5W,<br \/>\nPB4W, PB5V, PB5W, PB6W, PC4W, PC5W, PD4W, PD5V, PD6W, PD8W, PE8W, PF6W, PF8W<\/li>\n<li>Mitsubishi Diamante, F07W, F11A, F12A, F13A, F15A, F17A, F25A, F27A,<br \/>\nF31A, F31AK, F34A, F36A, F36W, F41A, F46A, F47A<\/li>\n<li>Mitsubishi Dignity, S43A<\/li>\n<li>Mitsubishi Dingo, CQ1A, CQ2A, CQ5A<\/li>\n<li>Mitsubishi Dion, CR5W, CR6W, CR9W<\/li>\n<li>Mitsubishi Eclipse, D22A, D27A, D32A, D38A<\/li>\n<li>Mitsubishi Emeraude, E52A, E53A, E54A, E57A, E64A, E72A, E74A, E77A,<br \/>\nE84A<\/li>\n<li>Mitsubishi Eterna, E12A, E13A, E14A, E15A, E17A, E18A, E32A, E33A,<br \/>\nE34A, E35A, E37A, E39A, E52A, E53A, E54A, E57A, E64A, E72A, E74A, E77A, E84A<\/li>\n<li>Mitsubishi FTO, DE2A, DE3A<\/li>\n<li>Mitsubishi GTO, Z16A<\/li>\n<li>Mitsubishi Galant Fortis, CZ4A<\/li>\n<li>Mitsubishi Galant, E11A, E12A, E13A, E14A, E15A, E15AK, E17A, E18A,<br \/>\nE19A, E31A, E32A, E33A, E34A, E35A, E37A, E38A, E39A, E52A, E53A, E54A, E57A,<br \/>\nE64A, E72A, E74A, E77A, E84A, EA1A, EA3A, EA7A, EC1A, EC3A, EC5A, EC7A<\/li>\n<li>Mitsubishi Grandis, NA4W<\/li>\n<li>Mitsubishi Lancer Cedia, CS2A, CS2V, CS2W, CS5A, CS5W, CS6A, CT9A,<br \/>\nCT9W<\/li>\n<li>Mitsubishi Lancer Evolution, CZ4A<\/li>\n<li>Mitsubishi Lancer, C11A, C11V, C12A, C12AS, C12V, C12W, C13A, C14A,<br \/>\nC14AS, C14V, C14W, C18A, C32V, C34V, C34W, C37W, C61A, C62A, C63A, C64A, C72A,<br \/>\nC73A, C74A, CA1A, CA2A, CA3A, CA4A, CB1A, CB2A, CB3A, CB4A, CB6A, CB7A, CB8A,<br \/>\nCC3A, CC4A, CD3A, CD5A, CD7A, CD8A, CD9A, CE9A, CJ1A, CJ2A, CJ4A, CK1A, CK2A,<br \/>\nCK4A, CK6A, CK8A, CL2A, CM2A, CM5A, CM8A, CN9A, CP9A, CS2A, CS2V, CS2W, CS5A,<br \/>\nCS5W, CS6A, CT9A, CT9W<\/li>\n<li>Mitsubishi Legnum, EA1W, EA3W, EA4W, EA5W, EA7W, EC1W, EC3W, EC4W,<br \/>\nEC5W, EC7W<\/li>\n<li>Mitsubishi Libero, CB1V, CB2V, CB2W, CB4W, CB5W, CB8V, CB8W, CD2V,<br \/>\nCD5W, CD8V, CD8W<\/li>\n<li>Mitsubishi MS<\/li>\n<li>Mitsubishi Minica Toppo, H22A, H22V, H27A, H27V, H31A, H32A, H32V,<br \/>\nH36A, H37V<\/li>\n<li>Mitsubishi Minica, H11A, H11V, H12V, H14A, H14V, H15A, H15V, H21A,<br \/>\nH21V, H21VW, H22A, H22V, H22VW, H26A, H26V, H27A, H27V, H27VW, H31A, H32A,<br \/>\nH32V, H36A, H37A, H37V, H42A, H42V, H44A, H47A, H47V<\/li>\n<li>Mitsubishi Minicab, U11T, U11TP, U11V, U12T, U12V, U14T, U14TG, U14TP,<br \/>\nU14V, U14VG, U15T, U15TG, U15V, U15VG, U18T, U18TP, U18V, U19T, U19V, U41T,<br \/>\nU41TP, U41V, U42T, U42TP, U42V, U43V, U44V, U61T, U61TP, U61V, U61W, U62T,<br \/>\nU62TP, U62V, U62W, U63W, U64W<\/li>\n<li>Mitsubishi Mirage, C11A, C11V, C12A, C12V, C12W, C13A, C14A, C14V,<br \/>\nC14W, C18A, C32V, C34V, C34W, C37W, C51A, C52A, C53A, C61A, C62A, C63A, C64A,<br \/>\nC72A, C73A, C74A, C82A, C83A, CA1A, CA2A, CA3A, CA4A, CB1A, CB2A, CB3A, CB4A,<br \/>\nCB6A, CB7A, CB8A, CC3A, CC4A, CD3A, CD5A, CD7A, CD8A, CD9A, CE9A, CJ1A, CJ2A,<br \/>\nCJ4A, CK1A, CK2A, CK4A, CK6A, CK8A, CL2A, CM2A, CM5A, CM8A, CN9A, CP9A<\/li>\n<li>Mitsubishi Outlander, CW5W, CW6W<\/li>\n<li>Mitsubishi Pajero Junior, H57A<\/li>\n<li>Mitsubishi Pajero Mini, H51A, H53A, H56A, H58A<\/li>\n<li>Mitsubishi Pajero iO, H61W, H62W, H66W, H67W, H71W, H72W, H76W, H77W<\/li>\n<li>Mitsubishi Pajero, L041G, L043G, L044G, L044GV, L046G, L048G, L049G,<br \/>\nL049GV, L141G, L141GW, L144G, L144GW, L144GWG, L146G, L146GW, L146GWG, L149G,<br \/>\nL149GW, L149GWG, V14V, V21W, V23C, V23W, V24C, V24V, V24W, V24WG, V25C, V25W,<br \/>\nV26C, V26W, V26WG, V34V, V43W, V44W, V44WG, V45W, V46V, V46W, V46WG, V47WG,<br \/>\nV55W, V63W, V65W, V68W, V73W, V75W, V77W, V78W, V83W, V87W, V93W, V97W<\/li>\n<li>Mitsubishi Proudia, S43A<\/li>\n<li>Mitsubishi RVR, N11W, N13W, N21W, N21WG, N23W, N23WG, N28W, N28WG,<br \/>\nN61W, N64WG, N71W, N73WG, N74WG<\/li>\n<li>Mitsubishi Sigma, F11A, F12A, F13A, F13AK, F15A, F17A, F25A, F27A<\/li>\n<li>Mitsubishi Starion, A182A, A183A, A184A, A187A<\/li>\n<li>Mitsubishi Strada, K34T, K74T<\/li>\n<li>Mitsubishi Toppo BJ Wide, H41A, H42A, H42V, H43A, H46A, H47A, H47V,<br \/>\nH48A<\/li>\n<li>Mitsubishi Toppo BJ, H41A, H42A, H42V, H43A, H46A, H47A, H47V, H48A<\/li>\n<li>Mitsubishi Town Box Wide, U61T, U61TP, U61V, U61W, U62T, U62TP, U62V,<br \/>\nU62W, U63W, U64W<\/li>\n<li>Mitsubishi Town Box, U61T, U61TP, U61V, U61W, U62T, U62TP, U62V, U62W,<br \/>\nU63W, U64W<\/li>\n<li>Mitsubishi Triton, KB9T<\/li>\n<li>Mitsubishi eK-Wagon, H81W, H82W<\/li>\n<li>Mitsubishi i, HA1W<\/li>\n<li>Nissan 100NX, B13<\/li>\n<li>Nissan 180SX, KRPS13, RPS13, RS13<\/li>\n<li>Nissan 200SX, S13, S14<\/li>\n<li>Nissan 300ZX, Z32<\/li>\n<li>Nissan 350Z, Z33<\/li>\n<li>Nissan 370Z, Z34<\/li>\n<li>Nissan AD, MVFY10, MVY10, VAY12, VEGY10, VENY10, VENY11, VEY10, VEY11,<br \/>\nVFGY10, VFNY10, VFY10, VFY11, VGY11, VHNY11, VJY12, VSGY10, VSNY10, VSY10,<br \/>\nVY10, VY11, VY12, VZNY12, WEY10, WFGY10, WFNY10, WFY10, WFY11, WHNY11, WHY11,<br \/>\nWPY11, WRY11, WSY10, WY10<\/li>\n<li>Nissan Almera, N15, N16, N16E<\/li>\n<li>Nissan Ambulance, ALE50, ALWE50, ATE50, ATWE50, FLGE50, FLWGE50,<br \/>\nFPGE50, FPWGE50<\/li>\n<li>Nissan Auster, PT12, T12<\/li>\n<li>Nissan Avenir, PNW10, PNW11, PW10, PW11, RNW11, RW11, SW10, SW11,<br \/>\nVENW10, VEW10, VSW10, W10, W11<\/li>\n<li>Nissan BE-1, BK10<\/li>\n<li>Nissan Bluebird Sylphy, FG10, G11, KG11, NG11, QG10, QNG10, TG10<\/li>\n<li><\/ul>\n<p><\/p>","protected":false},"excerpt":{"rendered":"<p><b>OEM:<\/b> 380370, TQ398062698-V7000, 62698V7000, 90668-SA5-003, 90668SA5003, MS480005, MS480003<\/p>\n<p><b>Dimensiune F:<\/b> 8.3<br \/><b>Dimensiune H:<\/b> 10<br \/><b>Dimensiune T:<\/b> 15<\/p>\n","protected":false},"featured_media":6917,"template":"","meta":[],"product_cat":[25,105],"product_tag":[],"bundled_by":[],"bundle_stock_status":"instock","bundle_stock_quantity":null,"bundle_virtual":false,"bundle_layout":"","bundle_add_to_cart_form_location":"","bundle_editable_in_cart":false,"bundle_sold_individually_context":"","bundle_item_grouping":"","bundle_min_size":"","bundle_max_size":"","bundled_items":[],"yoast_head":"<!-- This site is optimized with the Yoast SEO Premium plugin v16.6 (Yoast SEO v20.1) - https:\/\/yoast.com\/wordpress\/plugins\/seo\/ -->\n<title>C0317 - Autoclipsuri, Inserturi - atg.md<\/title>\n<meta name=\"robots\" content=\"index, follow, max-snippet:-1, max-image-preview:large, max-video-preview:-1\" \/>\n<link rel=\"canonical\" href=\"https:\/\/atg.md\/ro\/catalog\/autoclipsuri\/vstavki\/c0317\/\" \/>\n<meta property=\"og:locale\" content=\"ro_RO\" \/>\n<meta property=\"og:type\" content=\"article\" \/>\n<meta property=\"og:title\" content=\"C0317 - Autoclipsuri, Inserturi - atg.md\" \/>\n<meta property=\"og:description\" content=\"OEM: 380370, TQ398062698-V7000, 62698V7000, 90668-SA5-003, 90668SA5003, MS480005, MS480003Dimensiune F: 8.3Dimensiune H: 10Dimensiune T: 15\" \/>\n<meta property=\"og:url\" content=\"https:\/\/atg.md\/ro\/wp-json\/wp\/v2\/product\/6916\" \/>\n<meta property=\"og:site_name\" content=\"atg.md\" \/>\n<meta property=\"article:modified_time\" content=\"2024-07-05T07:02:32+00:00\" \/>\n<meta property=\"og:image\" content=\"https:\/\/atg.md\/wp-content\/uploads\/2021\/03\/c0317.jpg\" \/>\n\t<meta property=\"og:image:width\" content=\"600\" \/>\n\t<meta property=\"og:image:height\" content=\"600\" \/>\n\t<meta property=\"og:image:type\" content=\"image\/jpeg\" \/>\n<meta name=\"twitter:card\" content=\"summary_large_image\" \/>\n<meta name=\"twitter:label1\" content=\"Pre\u021b\" \/>\n\t<meta name=\"twitter:data1\" content=\"5.00&nbsp;MDL\" \/>\n\t<meta name=\"twitter:label2\" content=\"Availability\" \/>\n\t<meta name=\"twitter:data2\" content=\"In stock\" \/>\n<script type=\"application\/ld+json\" class=\"yoast-schema-graph\">{\"@context\":\"https:\/\/schema.org\",\"@graph\":[{\"@type\":\"WebPage\",\"@id\":\"https:\/\/atg.md\/ro\/catalog\/autoclipsuri\/vstavki\/c0317\/\",\"url\":\"https:\/\/atg.md\/ro\/catalog\/autoclipsuri\/vstavki\/c0317\/\",\"name\":\"C0317 - Autoclipsuri, Inserturi - atg.md\",\"isPartOf\":{\"@id\":\"https:\/\/atg.md\/ro\/#website\"},\"datePublished\":\"2021-03-30T09:06:59+00:00\",\"dateModified\":\"2024-07-05T07:02:32+00:00\",\"breadcrumb\":{\"@id\":\"https:\/\/atg.md\/ro\/catalog\/autoclipsuri\/vstavki\/c0317\/#breadcrumb\"},\"inLanguage\":\"ro-RO\",\"potentialAction\":[{\"@type\":\"ReadAction\",\"target\":[[\"https:\/\/atg.md\/ro\/catalog\/autoclipsuri\/vstavki\/c0317\/\"]]}]},{\"@type\":\"BreadcrumbList\",\"@id\":\"https:\/\/atg.md\/ro\/catalog\/autoclipsuri\/vstavki\/c0317\/#breadcrumb\",\"itemListElement\":[{\"@type\":\"ListItem\",\"position\":1,\"name\":\"Home\",\"item\":\"https:\/\/atg.md\/ro\/\"},{\"@type\":\"ListItem\",\"position\":2,\"name\":\"\u041a\u0430\u0442\u0430\u043b\u043e\u0433\",\"item\":\"https:\/\/atg.md\/ro\/catalog\/\"},{\"@type\":\"ListItem\",\"position\":3,\"name\":\"C0317\"}]},{\"@type\":\"WebSite\",\"@id\":\"https:\/\/atg.md\/ro\/#website\",\"url\":\"https:\/\/atg.md\/ro\/\",\"name\":\"atg.md\",\"description\":\"V\u00e2nzare de izola\u021bii \u00eempotriva vibra\u021biilor pentru ma\u0219ini, izola\u021bie termic\u0103, izolare fonic\u0103 de la cei mai buni produc\u0103tori, autoclipsuri, elemente de fixare auto. Cump\u0103ra\u021bi \u00een Moldova, Chi\u0219in\u0103u\",\"publisher\":{\"@id\":\"https:\/\/atg.md\/ro\/#organization\"},\"potentialAction\":[{\"@type\":\"SearchAction\",\"target\":{\"@type\":\"EntryPoint\",\"urlTemplate\":\"https:\/\/atg.md\/ro\/?s={search_term_string}\"},\"query-input\":\"required name=search_term_string\"}],\"inLanguage\":\"ro-RO\"},{\"@type\":[\"Organization\",\"Place\",\"AutoPartsStore\"],\"@id\":\"https:\/\/atg.md\/ro\/#organization\",\"name\":\"S.C. AUTOTOM GRUP S.R.L.\",\"url\":\"https:\/\/atg.md\/ro\/\",\"logo\":{\"@type\":\"ImageObject\",\"inLanguage\":\"ro-RO\",\"@id\":\"https:\/\/atg.md\/ro\/#\/schema\/logo\/image\/\",\"url\":\"https:\/\/i2.wp.com\/atg.md\/wp-content\/uploads\/2021\/05\/atg_logo_main.png?fit=656%2C569&ssl=1\",\"contentUrl\":\"https:\/\/i2.wp.com\/atg.md\/wp-content\/uploads\/2021\/05\/atg_logo_main.png?fit=656%2C569&ssl=1\",\"width\":656,\"height\":569,\"caption\":\"S.C. AUTOTOM GRUP S.R.L.\"},\"image\":{\"@id\":\"https:\/\/atg.md\/ro\/#\/schema\/logo\/image\/\"},\"location\":{\"@id\":\"https:\/\/atg.md\/ro\/catalog\/autoclipsuri\/vstavki\/c0317\/#local-place\"},\"address\":{\"@id\":\"https:\/\/atg.md\/ro\/catalog\/autoclipsuri\/vstavki\/c0317\/#local-place-address\"},\"email\":\"atgtvv@gmail.com\",\"telephone\":\"+37369644446\",\"areaServed\":\"Moldova\"},{\"@type\":\"Place\",\"@id\":\"https:\/\/atg.md\/ro\/catalog\/autoclipsuri\/vstavki\/c0317\/#local-place\",\"address\":{\"@type\":\"PostalAddress\",\"@id\":\"https:\/\/atg.md\/ro\/catalog\/autoclipsuri\/vstavki\/c0317\/#local-place-address\",\"streetAddress\":\"str. Alba-Iulia 77\/20\",\"addressLocality\":\"Chisinau\",\"postalCode\":\"2043\",\"addressRegion\":\"mun. Chisinau\",\"addressCountry\":\"MD\"},\"geo\":{\"@type\":\"GeoCoordinates\",\"latitude\":\"47.0376\",\"longitude\":\"28.76899\"},\"openingHoursSpecification\":[{\"@type\":\"OpeningHoursSpecification\",\"dayOfWeek\":[\"Monday\",\"Tuesday\",\"Wednesday\",\"Thursday\",\"Friday\"],\"opens\":\"09:00\",\"closes\":\"18:00\"},{\"@type\":\"OpeningHoursSpecification\",\"dayOfWeek\":[\"Saturday\"],\"opens\":\"09:00\",\"closes\":\"14:00\"},{\"@type\":\"OpeningHoursSpecification\",\"dayOfWeek\":[\"Sunday\"],\"opens\":\"00:00\",\"closes\":\"00:00\"}],\"telephone\":\"+37369644446\"}]}<\/script>\n<meta name=\"geo.placename\" content=\"Chisinau\" \/>\n<meta name=\"geo.position\" content=\"47.0376;28.76899\" \/>\n<meta name=\"geo.region\" content=\"Moldova\" \/>\n<!-- \/ Yoast SEO Premium plugin. -->","yoast_head_json":{"title":"C0317 - Autoclipsuri, Inserturi - atg.md","robots":{"index":"index","follow":"follow","max-snippet":"max-snippet:-1","max-image-preview":"max-image-preview:large","max-video-preview":"max-video-preview:-1"},"canonical":"https:\/\/atg.md\/ro\/catalog\/autoclipsuri\/vstavki\/c0317\/","og_locale":"ro_RO","og_type":"article","og_title":"C0317 - Autoclipsuri, Inserturi - atg.md","og_description":"OEM: 380370, TQ398062698-V7000, 62698V7000, 90668-SA5-003, 90668SA5003, MS480005, MS480003Dimensiune F: 8.3Dimensiune H: 10Dimensiune T: 15","og_url":"https:\/\/atg.md\/ro\/wp-json\/wp\/v2\/product\/6916","og_site_name":"atg.md","article_modified_time":"2024-07-05T07:02:32+00:00","og_image":[{"width":600,"height":600,"url":"https:\/\/atg.md\/wp-content\/uploads\/2021\/03\/c0317.jpg","type":"image\/jpeg"}],"twitter_card":"summary_large_image","twitter_misc":{"Pre\u021b":"5.00&nbsp;MDL","Availability":"In stock"},"schema":{"@context":"https:\/\/schema.org","@graph":[{"@type":"WebPage","@id":"https:\/\/atg.md\/ro\/catalog\/autoclipsuri\/vstavki\/c0317\/","url":"https:\/\/atg.md\/ro\/catalog\/autoclipsuri\/vstavki\/c0317\/","name":"C0317 - Autoclipsuri, Inserturi - atg.md","isPartOf":{"@id":"https:\/\/atg.md\/ro\/#website"},"datePublished":"2021-03-30T09:06:59+00:00","dateModified":"2024-07-05T07:02:32+00:00","breadcrumb":{"@id":"https:\/\/atg.md\/ro\/catalog\/autoclipsuri\/vstavki\/c0317\/#breadcrumb"},"inLanguage":"ro-RO","potentialAction":[{"@type":"ReadAction","target":[["https:\/\/atg.md\/ro\/catalog\/autoclipsuri\/vstavki\/c0317\/"]]}]},{"@type":"BreadcrumbList","@id":"https:\/\/atg.md\/ro\/catalog\/autoclipsuri\/vstavki\/c0317\/#breadcrumb","itemListElement":[{"@type":"ListItem","position":1,"name":"Home","item":"https:\/\/atg.md\/ro\/"},{"@type":"ListItem","position":2,"name":"\u041a\u0430\u0442\u0430\u043b\u043e\u0433","item":"https:\/\/atg.md\/ro\/catalog\/"},{"@type":"ListItem","position":3,"name":"C0317"}]},{"@type":"WebSite","@id":"https:\/\/atg.md\/ro\/#website","url":"https:\/\/atg.md\/ro\/","name":"atg.md","description":"V\u00e2nzare de izola\u021bii \u00eempotriva vibra\u021biilor pentru ma\u0219ini, izola\u021bie termic\u0103, izolare fonic\u0103 de la cei mai buni produc\u0103tori, autoclipsuri, elemente de fixare auto. Cump\u0103ra\u021bi \u00een Moldova, Chi\u0219in\u0103u","publisher":{"@id":"https:\/\/atg.md\/ro\/#organization"},"potentialAction":[{"@type":"SearchAction","target":{"@type":"EntryPoint","urlTemplate":"https:\/\/atg.md\/ro\/?s={search_term_string}"},"query-input":"required name=search_term_string"}],"inLanguage":"ro-RO"},{"@type":["Organization","Place","AutoPartsStore"],"@id":"https:\/\/atg.md\/ro\/#organization","name":"S.C. AUTOTOM GRUP S.R.L.","url":"https:\/\/atg.md\/ro\/","logo":{"@type":"ImageObject","inLanguage":"ro-RO","@id":"https:\/\/atg.md\/ro\/#\/schema\/logo\/image\/","url":"https:\/\/i2.wp.com\/atg.md\/wp-content\/uploads\/2021\/05\/atg_logo_main.png?fit=656%2C569&ssl=1","contentUrl":"https:\/\/i2.wp.com\/atg.md\/wp-content\/uploads\/2021\/05\/atg_logo_main.png?fit=656%2C569&ssl=1","width":656,"height":569,"caption":"S.C. AUTOTOM GRUP S.R.L."},"image":{"@id":"https:\/\/atg.md\/ro\/#\/schema\/logo\/image\/"},"location":{"@id":"https:\/\/atg.md\/ro\/catalog\/autoclipsuri\/vstavki\/c0317\/#local-place"},"address":{"@id":"https:\/\/atg.md\/ro\/catalog\/autoclipsuri\/vstavki\/c0317\/#local-place-address"},"email":"atgtvv@gmail.com","telephone":"+37369644446","areaServed":"Moldova"},{"@type":"Place","@id":"https:\/\/atg.md\/ro\/catalog\/autoclipsuri\/vstavki\/c0317\/#local-place","address":{"@type":"PostalAddress","@id":"https:\/\/atg.md\/ro\/catalog\/autoclipsuri\/vstavki\/c0317\/#local-place-address","streetAddress":"str. Alba-Iulia 77\/20","addressLocality":"Chisinau","postalCode":"2043","addressRegion":"mun. Chisinau","addressCountry":"MD"},"geo":{"@type":"GeoCoordinates","latitude":"47.0376","longitude":"28.76899"},"openingHoursSpecification":[{"@type":"OpeningHoursSpecification","dayOfWeek":["Monday","Tuesday","Wednesday","Thursday","Friday"],"opens":"09:00","closes":"18:00"},{"@type":"OpeningHoursSpecification","dayOfWeek":["Saturday"],"opens":"09:00","closes":"14:00"},{"@type":"OpeningHoursSpecification","dayOfWeek":["Sunday"],"opens":"00:00","closes":"00:00"}],"telephone":"+37369644446"}]}},"_links":{"self":[{"href":"https:\/\/atg.md\/ro\/wp-json\/wp\/v2\/product\/6916"}],"collection":[{"href":"https:\/\/atg.md\/ro\/wp-json\/wp\/v2\/product"}],"about":[{"href":"https:\/\/atg.md\/ro\/wp-json\/wp\/v2\/types\/product"}],"wp:featuredmedia":[{"embeddable":true,"href":"https:\/\/atg.md\/ro\/wp-json\/wp\/v2\/media\/6917"}],"wp:attachment":[{"href":"https:\/\/atg.md\/ro\/wp-json\/wp\/v2\/media?parent=6916"}],"wp:term":[{"taxonomy":"product_cat","embeddable":true,"href":"https:\/\/atg.md\/ro\/wp-json\/wp\/v2\/product_cat?post=6916"},{"taxonomy":"product_tag","embeddable":true,"href":"https:\/\/atg.md\/ro\/wp-json\/wp\/v2\/product_tag?post=6916"}],"curies":[{"name":"wp","href":"https:\/\/api.w.org\/{rel}","templated":true}]}}