{"id":6889,"date":"2021-03-30T09:06:46","date_gmt":"2021-03-30T09:06:46","guid":{"rendered":"http:\/\/atg.md\/product\/c0299\/"},"modified":"2024-07-05T07:02:26","modified_gmt":"2024-07-05T07:02:26","slug":"c0299","status":"publish","type":"product","link":"https:\/\/atg.md\/ro\/catalog\/autoclipsuri\/pod-palku\/c0299\/","title":{"rendered":"C0299"},"content":{"rendered":"<p><strong>Modele:<\/strong><\/p>\n<ul>\n<li>Acura TL<\/li>\n<li>Honda Accord Aerodeck<\/li>\n<li>Honda Accord Inspire, E-CB5<\/li>\n<li>Honda Accord, E-CB1, E-CB2, E-CB3, E-CB4, E-CB6, E-CB7, E-CB9, E-CD3, E-CD4, E-CD5, E-CD6, E-CD7, E-CD8, E-CE1, E-CF2<\/li>\n<li>Honda Ascot Innova, E-CB3, E-CB4, E-CC4, E-CC5<\/li>\n<li>Honda Ascot, E-CB1, E-CB2, E-CB3, E-CB4, E-CE4, E-CE5<\/li>\n<li>Honda Ballade<\/li>\n<li>Honda Beat, E-PP1<\/li>\n<li>Honda CR-V, E-RD1, GF-RD1, GF-RD2<\/li>\n<li>Honda CR-X del Sol, E-EG1, E-EG2, E-EJ4<\/li>\n<li>Honda CR-X, E-EF6, E-EF7, E-EF8<\/li>\n<li>Honda City<\/li>\n<li>Honda Civic Aerodeck<\/li>\n<li>Honda Civic CRX<\/li>\n<li>Honda Civic Ferio, E-EG7, E-EG8, E-EG9, E-EH1, E-EJ3, E-EK2, E-EK3, E-EK4, E-EK5, E-EK8, GF-EK2, GF-EK3, GF-EK4, GF-EK5<\/li>\n<li>Honda Civic Hybrid, CAA-ES9, DAA-FD3, ZA-ES9<\/li>\n<li>Honda Civic Shuttle, E-EF1, E-EF2, E-EF3, E-EF4, E-EF5<\/li>\n<li>Honda Civic, -EJ7, ABA-FD2, DAA-FD3, DBA-FD1, DBA-FD2, E-EF1, E-EF2, E-EF3, E-EF4, E-EF5, E-EF9, E-EG3, E-EG4, E-EG5, E-EG6, E-EJ1, E-EJ7, E-EK2, E-EK3, E-EK4, E-EK9, GF-EK2, GF-EK3, GF-EK4, GF-EK9, L-EY2, NA-EN1, R-EY2, R-EY4, R-EY5<\/li>\n<li>Honda Concerto, E-MA1, E-MA2, E-MA3<\/li>\n<li>Honda Domani, E-MA4, E-MA5, E-MA6, E-MA7, E-MB3, E-MB4, E-MB5, GF-MB3, GF-MB4, GF-MB5<\/li>\n<li>Honda Elysion, DBA-RR1, DBA-RR2, DBA-RR5, DBA-RR6<\/li>\n<li>Honda HR-V, ABA-GH3, ABA-GH4, GF-GH1, GF-GH2, GF-GH3, GF-GH4, LA-GH1, LA-GH2, LA-GH3, LA-GH4<\/li>\n<li>Honda Insight, AAA-ZE1, HN-ZE1, YA-ZE1<\/li>\n<li>Honda Inspire, E-CC2, E-CC3, E-UA1, E-UA2<\/li>\n<li>Honda Integra SJ, E-EK3, GF-EK3<\/li>\n<li>Honda Integra, ABA-DC5, E-AV, E-DA1, E-DA2, E-DA5, E-DA6, E-DA7, E-DA8, E-DB1, E-DB6, E-DB7, E-DB8, E-DB9, E-DC1, E-DC2, GF-DB6, GF-DB8, GF-DB9, GF-DC1, GF-DC2, LA-DC5<\/li>\n<li>Honda Jazz<\/li>\n<li>Honda Life, CBA-JB5, CBA-JB6, CBA-JB7, CBA-JB8, DBA-JB5, DBA-JB7, GF-JB1, GF-JB2, UA-JB5, UA-JB6, UA-JB7, UA-JB8<\/li>\n<li>Honda Logo, E-GA3, GF-GA3, GF-GA5<\/li>\n<li>Honda NSX, ABA-NA1, ABA-NA2, E-NA1, E-NA2, GH-NA1, GH-NA2, LA-NA1, LA-NA2<\/li>\n<li>Honda Odyssey, E-RA1, E-RA2, E-RA3, E-RA4, E-RA5, GF-RA3, GF-RA4, GF-RA5<\/li>\n<li>Honda Orthia, E-EL1, E-EL2, E-EL3, GF-EL2, GF-EL3<\/li>\n<li>Honda Partner, ABE-EY7, ABE-EY8, GG-EY6, GJ-EY7, GJ-EY8, LB-EY7, LB-EY8, R-EY6, R-EY7, R-EY8, R-EY9<\/li>\n<li>Honda Prelude, E-BB5, E-BB6, E-BB7, E-BB8, GF-BB5, GF-BB6, GF-BB7, GF-BB8<\/li>\n<li>Honda Rafaga, E-CE4, E-CE5<\/li>\n<li>Honda S-MX, E-RH1, E-RH2, GF-RH1, GF-RH2<\/li>\n<li>Honda Saber, E-UA1, E-UA2<\/li>\n<li>Honda Shuttle<\/li>\n<li>Honda Stepwgn, E-RF1, E-RF2, GF-RF1, GF-RF2<\/li>\n<li>Honda Stream, DBA-RN6, DBA-RN7, DBA-RN8, DBA-RN9<\/li>\n<li>Honda Vigor, E-CB5, E-CC2, E-CC3<\/li>\n<li>Honda Z, GF-PA1<\/li>\n<\/ul>\n<p><\/p>","protected":false},"excerpt":{"rendered":"<p><b>OEM:<\/b> 91604-SD2-013, 91604SD2013<\/p>\n<p><b>Dimensiune F:<\/b> 14<br \/><b>Dimensiune H:<\/b> 11<br \/><b>Dimensiune T:<\/b> 20<\/p>\n","protected":false},"featured_media":6890,"template":"","meta":[],"product_cat":[25,140],"product_tag":[],"bundled_by":[],"bundle_stock_status":"instock","bundle_stock_quantity":null,"bundle_virtual":false,"bundle_layout":"","bundle_add_to_cart_form_location":"","bundle_editable_in_cart":false,"bundle_sold_individually_context":"","bundle_item_grouping":"","bundle_min_size":"","bundle_max_size":"","bundled_items":[],"yoast_head":"<!-- This site is optimized with the Yoast SEO Premium plugin v16.6 (Yoast SEO v20.1) - https:\/\/yoast.com\/wordpress\/plugins\/seo\/ -->\n<title>C0299 - Autoclipsuri, Sub \u0219tift - atg.md<\/title>\n<meta name=\"robots\" content=\"index, follow, max-snippet:-1, max-image-preview:large, max-video-preview:-1\" \/>\n<link rel=\"canonical\" href=\"https:\/\/atg.md\/ro\/catalog\/autoclipsuri\/pod-palku\/c0299\/\" \/>\n<meta property=\"og:locale\" content=\"ro_RO\" \/>\n<meta property=\"og:type\" content=\"article\" \/>\n<meta property=\"og:title\" content=\"C0299 - Autoclipsuri, Sub \u0219tift - atg.md\" \/>\n<meta property=\"og:description\" content=\"OEM: 91604-SD2-013, 91604SD2013Dimensiune F: 14Dimensiune H: 11Dimensiune T: 20\" \/>\n<meta property=\"og:url\" content=\"https:\/\/atg.md\/ro\/wp-json\/wp\/v2\/product\/6889\" \/>\n<meta property=\"og:site_name\" content=\"atg.md\" \/>\n<meta property=\"article:modified_time\" content=\"2024-07-05T07:02:26+00:00\" \/>\n<meta property=\"og:image\" content=\"https:\/\/atg.md\/wp-content\/uploads\/2021\/03\/c0299.jpg\" \/>\n\t<meta property=\"og:image:width\" content=\"600\" \/>\n\t<meta property=\"og:image:height\" content=\"600\" \/>\n\t<meta property=\"og:image:type\" content=\"image\/jpeg\" \/>\n<meta name=\"twitter:card\" content=\"summary_large_image\" \/>\n<meta name=\"twitter:label1\" content=\"Pre\u021b\" \/>\n\t<meta name=\"twitter:data1\" content=\"8.00&nbsp;MDL\" \/>\n\t<meta name=\"twitter:label2\" content=\"Availability\" \/>\n\t<meta name=\"twitter:data2\" content=\"In stock\" \/>\n<script type=\"application\/ld+json\" class=\"yoast-schema-graph\">{\"@context\":\"https:\/\/schema.org\",\"@graph\":[{\"@type\":\"WebPage\",\"@id\":\"https:\/\/atg.md\/ro\/catalog\/autoclipsuri\/pod-palku\/c0299\/\",\"url\":\"https:\/\/atg.md\/ro\/catalog\/autoclipsuri\/pod-palku\/c0299\/\",\"name\":\"C0299 - Autoclipsuri, Sub \u0219tift - atg.md\",\"isPartOf\":{\"@id\":\"https:\/\/atg.md\/ro\/#website\"},\"datePublished\":\"2021-03-30T09:06:46+00:00\",\"dateModified\":\"2024-07-05T07:02:26+00:00\",\"breadcrumb\":{\"@id\":\"https:\/\/atg.md\/ro\/catalog\/autoclipsuri\/pod-palku\/c0299\/#breadcrumb\"},\"inLanguage\":\"ro-RO\",\"potentialAction\":[{\"@type\":\"ReadAction\",\"target\":[[\"https:\/\/atg.md\/ro\/catalog\/autoclipsuri\/pod-palku\/c0299\/\"]]}]},{\"@type\":\"BreadcrumbList\",\"@id\":\"https:\/\/atg.md\/ro\/catalog\/autoclipsuri\/pod-palku\/c0299\/#breadcrumb\",\"itemListElement\":[{\"@type\":\"ListItem\",\"position\":1,\"name\":\"Home\",\"item\":\"https:\/\/atg.md\/ro\/\"},{\"@type\":\"ListItem\",\"position\":2,\"name\":\"\u041a\u0430\u0442\u0430\u043b\u043e\u0433\",\"item\":\"https:\/\/atg.md\/ro\/catalog\/\"},{\"@type\":\"ListItem\",\"position\":3,\"name\":\"C0299\"}]},{\"@type\":\"WebSite\",\"@id\":\"https:\/\/atg.md\/ro\/#website\",\"url\":\"https:\/\/atg.md\/ro\/\",\"name\":\"atg.md\",\"description\":\"V\u00e2nzare de izola\u021bii \u00eempotriva vibra\u021biilor pentru ma\u0219ini, izola\u021bie termic\u0103, izolare fonic\u0103 de la cei mai buni produc\u0103tori, autoclipsuri, elemente de fixare auto. Cump\u0103ra\u021bi \u00een Moldova, Chi\u0219in\u0103u\",\"publisher\":{\"@id\":\"https:\/\/atg.md\/ro\/#organization\"},\"potentialAction\":[{\"@type\":\"SearchAction\",\"target\":{\"@type\":\"EntryPoint\",\"urlTemplate\":\"https:\/\/atg.md\/ro\/?s={search_term_string}\"},\"query-input\":\"required name=search_term_string\"}],\"inLanguage\":\"ro-RO\"},{\"@type\":[\"Organization\",\"Place\",\"AutoPartsStore\"],\"@id\":\"https:\/\/atg.md\/ro\/#organization\",\"name\":\"S.C. AUTOTOM GRUP S.R.L.\",\"url\":\"https:\/\/atg.md\/ro\/\",\"logo\":{\"@type\":\"ImageObject\",\"inLanguage\":\"ro-RO\",\"@id\":\"https:\/\/atg.md\/ro\/#\/schema\/logo\/image\/\",\"url\":\"https:\/\/i2.wp.com\/atg.md\/wp-content\/uploads\/2021\/05\/atg_logo_main.png?fit=656%2C569&ssl=1\",\"contentUrl\":\"https:\/\/i2.wp.com\/atg.md\/wp-content\/uploads\/2021\/05\/atg_logo_main.png?fit=656%2C569&ssl=1\",\"width\":656,\"height\":569,\"caption\":\"S.C. AUTOTOM GRUP S.R.L.\"},\"image\":{\"@id\":\"https:\/\/atg.md\/ro\/#\/schema\/logo\/image\/\"},\"location\":{\"@id\":\"https:\/\/atg.md\/ro\/catalog\/autoclipsuri\/pod-palku\/c0299\/#local-place\"},\"address\":{\"@id\":\"https:\/\/atg.md\/ro\/catalog\/autoclipsuri\/pod-palku\/c0299\/#local-place-address\"},\"email\":\"atgtvv@gmail.com\",\"telephone\":\"+37369644446\",\"areaServed\":\"Moldova\"},{\"@type\":\"Place\",\"@id\":\"https:\/\/atg.md\/ro\/catalog\/autoclipsuri\/pod-palku\/c0299\/#local-place\",\"address\":{\"@type\":\"PostalAddress\",\"@id\":\"https:\/\/atg.md\/ro\/catalog\/autoclipsuri\/pod-palku\/c0299\/#local-place-address\",\"streetAddress\":\"str. Alba-Iulia 77\/20\",\"addressLocality\":\"Chisinau\",\"postalCode\":\"2043\",\"addressRegion\":\"mun. Chisinau\",\"addressCountry\":\"MD\"},\"geo\":{\"@type\":\"GeoCoordinates\",\"latitude\":\"47.0376\",\"longitude\":\"28.76899\"},\"openingHoursSpecification\":[{\"@type\":\"OpeningHoursSpecification\",\"dayOfWeek\":[\"Monday\",\"Tuesday\",\"Wednesday\",\"Thursday\",\"Friday\"],\"opens\":\"09:00\",\"closes\":\"18:00\"},{\"@type\":\"OpeningHoursSpecification\",\"dayOfWeek\":[\"Saturday\"],\"opens\":\"09:00\",\"closes\":\"14:00\"},{\"@type\":\"OpeningHoursSpecification\",\"dayOfWeek\":[\"Sunday\"],\"opens\":\"00:00\",\"closes\":\"00:00\"}],\"telephone\":\"+37369644446\"}]}<\/script>\n<meta name=\"geo.placename\" content=\"Chisinau\" \/>\n<meta name=\"geo.position\" content=\"47.0376;28.76899\" \/>\n<meta name=\"geo.region\" content=\"Moldova\" \/>\n<!-- \/ Yoast SEO Premium plugin. -->","yoast_head_json":{"title":"C0299 - Autoclipsuri, Sub \u0219tift - atg.md","robots":{"index":"index","follow":"follow","max-snippet":"max-snippet:-1","max-image-preview":"max-image-preview:large","max-video-preview":"max-video-preview:-1"},"canonical":"https:\/\/atg.md\/ro\/catalog\/autoclipsuri\/pod-palku\/c0299\/","og_locale":"ro_RO","og_type":"article","og_title":"C0299 - Autoclipsuri, Sub \u0219tift - atg.md","og_description":"OEM: 91604-SD2-013, 91604SD2013Dimensiune F: 14Dimensiune H: 11Dimensiune T: 20","og_url":"https:\/\/atg.md\/ro\/wp-json\/wp\/v2\/product\/6889","og_site_name":"atg.md","article_modified_time":"2024-07-05T07:02:26+00:00","og_image":[{"width":600,"height":600,"url":"https:\/\/atg.md\/wp-content\/uploads\/2021\/03\/c0299.jpg","type":"image\/jpeg"}],"twitter_card":"summary_large_image","twitter_misc":{"Pre\u021b":"8.00&nbsp;MDL","Availability":"In stock"},"schema":{"@context":"https:\/\/schema.org","@graph":[{"@type":"WebPage","@id":"https:\/\/atg.md\/ro\/catalog\/autoclipsuri\/pod-palku\/c0299\/","url":"https:\/\/atg.md\/ro\/catalog\/autoclipsuri\/pod-palku\/c0299\/","name":"C0299 - Autoclipsuri, Sub \u0219tift - atg.md","isPartOf":{"@id":"https:\/\/atg.md\/ro\/#website"},"datePublished":"2021-03-30T09:06:46+00:00","dateModified":"2024-07-05T07:02:26+00:00","breadcrumb":{"@id":"https:\/\/atg.md\/ro\/catalog\/autoclipsuri\/pod-palku\/c0299\/#breadcrumb"},"inLanguage":"ro-RO","potentialAction":[{"@type":"ReadAction","target":[["https:\/\/atg.md\/ro\/catalog\/autoclipsuri\/pod-palku\/c0299\/"]]}]},{"@type":"BreadcrumbList","@id":"https:\/\/atg.md\/ro\/catalog\/autoclipsuri\/pod-palku\/c0299\/#breadcrumb","itemListElement":[{"@type":"ListItem","position":1,"name":"Home","item":"https:\/\/atg.md\/ro\/"},{"@type":"ListItem","position":2,"name":"\u041a\u0430\u0442\u0430\u043b\u043e\u0433","item":"https:\/\/atg.md\/ro\/catalog\/"},{"@type":"ListItem","position":3,"name":"C0299"}]},{"@type":"WebSite","@id":"https:\/\/atg.md\/ro\/#website","url":"https:\/\/atg.md\/ro\/","name":"atg.md","description":"V\u00e2nzare de izola\u021bii \u00eempotriva vibra\u021biilor pentru ma\u0219ini, izola\u021bie termic\u0103, izolare fonic\u0103 de la cei mai buni produc\u0103tori, autoclipsuri, elemente de fixare auto. Cump\u0103ra\u021bi \u00een Moldova, Chi\u0219in\u0103u","publisher":{"@id":"https:\/\/atg.md\/ro\/#organization"},"potentialAction":[{"@type":"SearchAction","target":{"@type":"EntryPoint","urlTemplate":"https:\/\/atg.md\/ro\/?s={search_term_string}"},"query-input":"required name=search_term_string"}],"inLanguage":"ro-RO"},{"@type":["Organization","Place","AutoPartsStore"],"@id":"https:\/\/atg.md\/ro\/#organization","name":"S.C. AUTOTOM GRUP S.R.L.","url":"https:\/\/atg.md\/ro\/","logo":{"@type":"ImageObject","inLanguage":"ro-RO","@id":"https:\/\/atg.md\/ro\/#\/schema\/logo\/image\/","url":"https:\/\/i2.wp.com\/atg.md\/wp-content\/uploads\/2021\/05\/atg_logo_main.png?fit=656%2C569&ssl=1","contentUrl":"https:\/\/i2.wp.com\/atg.md\/wp-content\/uploads\/2021\/05\/atg_logo_main.png?fit=656%2C569&ssl=1","width":656,"height":569,"caption":"S.C. AUTOTOM GRUP S.R.L."},"image":{"@id":"https:\/\/atg.md\/ro\/#\/schema\/logo\/image\/"},"location":{"@id":"https:\/\/atg.md\/ro\/catalog\/autoclipsuri\/pod-palku\/c0299\/#local-place"},"address":{"@id":"https:\/\/atg.md\/ro\/catalog\/autoclipsuri\/pod-palku\/c0299\/#local-place-address"},"email":"atgtvv@gmail.com","telephone":"+37369644446","areaServed":"Moldova"},{"@type":"Place","@id":"https:\/\/atg.md\/ro\/catalog\/autoclipsuri\/pod-palku\/c0299\/#local-place","address":{"@type":"PostalAddress","@id":"https:\/\/atg.md\/ro\/catalog\/autoclipsuri\/pod-palku\/c0299\/#local-place-address","streetAddress":"str. Alba-Iulia 77\/20","addressLocality":"Chisinau","postalCode":"2043","addressRegion":"mun. Chisinau","addressCountry":"MD"},"geo":{"@type":"GeoCoordinates","latitude":"47.0376","longitude":"28.76899"},"openingHoursSpecification":[{"@type":"OpeningHoursSpecification","dayOfWeek":["Monday","Tuesday","Wednesday","Thursday","Friday"],"opens":"09:00","closes":"18:00"},{"@type":"OpeningHoursSpecification","dayOfWeek":["Saturday"],"opens":"09:00","closes":"14:00"},{"@type":"OpeningHoursSpecification","dayOfWeek":["Sunday"],"opens":"00:00","closes":"00:00"}],"telephone":"+37369644446"}]}},"_links":{"self":[{"href":"https:\/\/atg.md\/ro\/wp-json\/wp\/v2\/product\/6889"}],"collection":[{"href":"https:\/\/atg.md\/ro\/wp-json\/wp\/v2\/product"}],"about":[{"href":"https:\/\/atg.md\/ro\/wp-json\/wp\/v2\/types\/product"}],"wp:featuredmedia":[{"embeddable":true,"href":"https:\/\/atg.md\/ro\/wp-json\/wp\/v2\/media\/6890"}],"wp:attachment":[{"href":"https:\/\/atg.md\/ro\/wp-json\/wp\/v2\/media?parent=6889"}],"wp:term":[{"taxonomy":"product_cat","embeddable":true,"href":"https:\/\/atg.md\/ro\/wp-json\/wp\/v2\/product_cat?post=6889"},{"taxonomy":"product_tag","embeddable":true,"href":"https:\/\/atg.md\/ro\/wp-json\/wp\/v2\/product_tag?post=6889"}],"curies":[{"name":"wp","href":"https:\/\/api.w.org\/{rel}","templated":true}]}}