{"id":6875,"date":"2021-03-30T09:06:46","date_gmt":"2021-03-30T09:06:46","guid":{"rendered":"http:\/\/atg.md\/product\/c0291\/"},"modified":"2024-07-05T07:02:24","modified_gmt":"2024-07-05T07:02:24","slug":"c0291","status":"publish","type":"product","link":"https:\/\/atg.md\/ro\/catalog\/autoclipsuri\/pod-rezinku\/c0291\/","title":{"rendered":"C0291"},"content":{"rendered":"<p><strong>Modele:<\/strong><\/p>\n<ul>\n<li>Mitsubishi Airtrek, CU2W, CU4W, CU5W<\/li>\n<li>Mitsubishi Aspire, EA1A, EA3A, EA7A, EC1A, EC3A, EC5A, EC7A<\/li>\n<li>Mitsubishi Bravo, U41V, U42V<\/li>\n<li>Mitsubishi Challenger, K94W, K94WG, K96W, K97WG, K99W<\/li>\n<li>Mitsubishi Chariot Grandis, N84W, N86W, N94W, N96W<\/li>\n<li>Mitsubishi Chariot, N33W, N34W, N38W, N43W, N44W, N48W<\/li>\n<li>Mitsubishi Colt, Z21A, Z22A, Z23A, Z23W, Z24A, Z24W, Z25A, Z26A, Z27A, Z27AG, Z27W, Z27WG, Z28A<\/li>\n<li>Mitsubishi Delica, CV5W, PA3V, PA4W, PA5V, PA5W, PB4W, PB5V, PB5W, PB6W, PC4W, PC5W, PD4W, PD5V, PD6W, PD8W, PE8W, PF6W, PF8W<\/li>\n<li>Mitsubishi Diamante, F07W, F11A, F12A, F13A, F15A, F17A, F25A, F27A, F31A, F31AK, F34A, F36A, F36W, F41A, F46A, F47A<\/li>\n<li>Mitsubishi Dingo, CQ1A, CQ2A, CQ5A<\/li>\n<li>Mitsubishi Dion, CR5W, CR6W, CR9W<\/li>\n<li>Mitsubishi Eclipse, D22A, D27A, D32A, D38A<\/li>\n<li>Mitsubishi Emeraude, E52A, E53A, E54A, E57A, E64A, E72A, E74A, E77A, E84A<\/li>\n<li>Mitsubishi Eterna, E32A, E33A, E34A, E35A, E37A, E39A, E52A, E53A, E54A, E57A, E64A, E72A, E74A, E77A, E84A<\/li>\n<li>Mitsubishi FTO, DE3A<\/li>\n<li>Mitsubishi GTO, Z15A, Z16A<\/li>\n<li>Mitsubishi Galant Fortis, CY4A, CZ4A<\/li>\n<li>Mitsubishi Galant, E31A, E32A, E33A, E34A, E35A, E37A, E38A, E39A, E52A, E53A, E54A, E57A, E64A, E72A, E74A, E77A, E84A, EA1A, EA3A, EA7A, EC1A, EC3A, EC5A, EC7A<\/li>\n<li>Mitsubishi Grandis, NA4W<\/li>\n<li>Mitsubishi Lancer Cedia, CS2A, CS2V, CS2W, CS5A, CS5W, CS6A, CT9A, CT9W<\/li>\n<li>Mitsubishi Lancer Evolution, CY4A, CZ4A<\/li>\n<li>Mitsubishi Lancer, C11A, C11V, C12A, C12V, C12W, C14A, C14V, C14W, C18A, C32V, C34V, C34W, C37W, C74A, CA1A, CA2A, CA3A, CA4A, CB1A, CB2A, CB3A, CB4A, CB6A, CB7A, CB8A, CC3A, CC4A, CD3A, CD5A, CD7A, CD8A, CD9A, CE9A, CJ1A, CJ2A, CJ4A, CK1A, CK2A, CK4A, CK6A, CK8A, CL2A, CM2A, CM5A, CM8A, CN9A, CP9A, CS2A, CS2V, CS2W, CS5A, CS5W, CS6A, CT9A, CT9W<\/li>\n<li>Mitsubishi Legnum, EA1W, EA3W, EA4W, EA5W, EA7W, EC1W, EC3W, EC4W, EC5W, EC7W<\/li>\n<li>Mitsubishi Libero, CB1V, CB2V, CB2W, CB4W, CB5W, CB8V, CB8W, CD2V, CD5W, CD8V, CD8W<\/li>\n<li>Mitsubishi Minica Toppo, H31A, H32A, H32V, H36A, H37V<\/li>\n<li>Mitsubishi Minica, H31A, H32A, H32V, H36A, H37A, H37V, H42A, H42V, H47A, H47V<\/li>\n<li>Mitsubishi Mirage, C11A, C11V, C12A, C12V, C12W, C14A, C14V, C14W, C18A, C32V, C34V, C34W, C37W, C51A, C52A, C53A, C61A, C62A, C63A, C64A, C72A, C73A, C74A, C82A, C83A, CA1A, CA2A, CA3A, CA4A, CB1A, CB2A, CB3A, CB4A, CB6A, CB7A, CB8A, CC3A, CC4A, CD3A, CD5A, CD7A, CD8A, CD9A, CE9A, CJ1A, CJ2A, CJ4A, CK1A, CK2A, CK4A, CK6A, CK8A, CL2A, CM2A, CM5A, CM8A, CN9A, CP9A<\/li>\n<li>Mitsubishi Outlander, CW5W, CW6W<\/li>\n<li>Mitsubishi Pajero Junior, H57A<\/li>\n<li>Mitsubishi Pajero Mini, H51A, H56A, H58A<\/li>\n<li>Mitsubishi Pajero iO, H61W, H62W, H66W, H67W, H71W, H72W, H76W, H77W<\/li>\n<li>Mitsubishi Pajero, V63W, V65W, V68W, V73W, V75W, V77W, V78W, V83W, V87W, V93W, V97W<\/li>\n<li>Mitsubishi RVR, N11W, N13W, N21W, N21WG, N23W, N23WG, N28W, N28WG, N61W, N64WG, N71W, N73WG, N74WG<\/li>\n<li>Mitsubishi Sigma, F11A, F12A, F13A, F13AK, F15A, F17A, F25A, F27A<\/li>\n<li>Mitsubishi Strada, K74T<\/li>\n<li>Mitsubishi Toppo BJ Wide, H41A, H42A, H42V, H46A, H47A, H47V<\/li>\n<li>Mitsubishi Toppo BJ, H41A, H42A, H42V, H46A, H47A, H47V<\/li>\n<li>Mitsubishi Triton, KB9T<\/li>\n<li>Mitsubishi eK-Wagon, H81W, H82W<\/li>\n<li>Mitsubishi i, HA1W<\/li>\n<\/ul>\n<p><\/p>","protected":false},"excerpt":{"rendered":"<p><b>OEM:<\/b> MU481027<\/p>\n<p><b>Dimensiune F:<\/b> 7<br \/><b>Dimensiune H:<\/b> 10<br \/><b>Dimensiune T:<\/b> 13<\/p>\n","protected":false},"featured_media":6876,"template":"","meta":[],"product_cat":[25,121],"product_tag":[],"bundled_by":[],"bundle_stock_status":"instock","bundle_stock_quantity":null,"bundle_virtual":false,"bundle_layout":"","bundle_add_to_cart_form_location":"","bundle_editable_in_cart":false,"bundle_sold_individually_context":"","bundle_item_grouping":"","bundle_min_size":"","bundle_max_size":"","bundled_items":[],"yoast_head":"<!-- This site is optimized with the Yoast SEO Premium plugin v16.6 (Yoast SEO v20.1) - https:\/\/yoast.com\/wordpress\/plugins\/seo\/ -->\n<title>C0291 - Autoclipsuri, Sub Elastic - atg.md<\/title>\n<meta name=\"robots\" content=\"index, follow, max-snippet:-1, max-image-preview:large, max-video-preview:-1\" \/>\n<link rel=\"canonical\" href=\"https:\/\/atg.md\/ro\/catalog\/autoclipsuri\/pod-rezinku\/c0291\/\" \/>\n<meta property=\"og:locale\" content=\"ro_RO\" \/>\n<meta property=\"og:type\" content=\"article\" \/>\n<meta property=\"og:title\" content=\"C0291 - Autoclipsuri, Sub Elastic - atg.md\" \/>\n<meta property=\"og:description\" content=\"OEM: MU481027Dimensiune F: 7Dimensiune H: 10Dimensiune T: 13\" \/>\n<meta property=\"og:url\" content=\"https:\/\/atg.md\/ro\/wp-json\/wp\/v2\/product\/6875\" \/>\n<meta property=\"og:site_name\" content=\"atg.md\" \/>\n<meta property=\"article:modified_time\" content=\"2024-07-05T07:02:24+00:00\" \/>\n<meta property=\"og:image\" content=\"https:\/\/atg.md\/wp-content\/uploads\/2021\/03\/c0291.jpg\" \/>\n\t<meta property=\"og:image:width\" content=\"600\" \/>\n\t<meta property=\"og:image:height\" content=\"600\" \/>\n\t<meta property=\"og:image:type\" content=\"image\/jpeg\" \/>\n<meta name=\"twitter:card\" content=\"summary_large_image\" \/>\n<meta name=\"twitter:label1\" content=\"Pre\u021b\" \/>\n\t<meta name=\"twitter:data1\" content=\"4.00&nbsp;MDL\" \/>\n\t<meta name=\"twitter:label2\" content=\"Availability\" \/>\n\t<meta name=\"twitter:data2\" content=\"In stock\" \/>\n<script type=\"application\/ld+json\" class=\"yoast-schema-graph\">{\"@context\":\"https:\/\/schema.org\",\"@graph\":[{\"@type\":\"WebPage\",\"@id\":\"https:\/\/atg.md\/ro\/catalog\/autoclipsuri\/pod-rezinku\/c0291\/\",\"url\":\"https:\/\/atg.md\/ro\/catalog\/autoclipsuri\/pod-rezinku\/c0291\/\",\"name\":\"C0291 - Autoclipsuri, Sub Elastic - atg.md\",\"isPartOf\":{\"@id\":\"https:\/\/atg.md\/ro\/#website\"},\"datePublished\":\"2021-03-30T09:06:46+00:00\",\"dateModified\":\"2024-07-05T07:02:24+00:00\",\"breadcrumb\":{\"@id\":\"https:\/\/atg.md\/ro\/catalog\/autoclipsuri\/pod-rezinku\/c0291\/#breadcrumb\"},\"inLanguage\":\"ro-RO\",\"potentialAction\":[{\"@type\":\"ReadAction\",\"target\":[[\"https:\/\/atg.md\/ro\/catalog\/autoclipsuri\/pod-rezinku\/c0291\/\"]]}]},{\"@type\":\"BreadcrumbList\",\"@id\":\"https:\/\/atg.md\/ro\/catalog\/autoclipsuri\/pod-rezinku\/c0291\/#breadcrumb\",\"itemListElement\":[{\"@type\":\"ListItem\",\"position\":1,\"name\":\"Home\",\"item\":\"https:\/\/atg.md\/ro\/\"},{\"@type\":\"ListItem\",\"position\":2,\"name\":\"\u041a\u0430\u0442\u0430\u043b\u043e\u0433\",\"item\":\"https:\/\/atg.md\/ro\/catalog\/\"},{\"@type\":\"ListItem\",\"position\":3,\"name\":\"C0291\"}]},{\"@type\":\"WebSite\",\"@id\":\"https:\/\/atg.md\/ro\/#website\",\"url\":\"https:\/\/atg.md\/ro\/\",\"name\":\"atg.md\",\"description\":\"V\u00e2nzare de izola\u021bii \u00eempotriva vibra\u021biilor pentru ma\u0219ini, izola\u021bie termic\u0103, izolare fonic\u0103 de la cei mai buni produc\u0103tori, autoclipsuri, elemente de fixare auto. Cump\u0103ra\u021bi \u00een Moldova, Chi\u0219in\u0103u\",\"publisher\":{\"@id\":\"https:\/\/atg.md\/ro\/#organization\"},\"potentialAction\":[{\"@type\":\"SearchAction\",\"target\":{\"@type\":\"EntryPoint\",\"urlTemplate\":\"https:\/\/atg.md\/ro\/?s={search_term_string}\"},\"query-input\":\"required name=search_term_string\"}],\"inLanguage\":\"ro-RO\"},{\"@type\":[\"Organization\",\"Place\",\"AutoPartsStore\"],\"@id\":\"https:\/\/atg.md\/ro\/#organization\",\"name\":\"S.C. AUTOTOM GRUP S.R.L.\",\"url\":\"https:\/\/atg.md\/ro\/\",\"logo\":{\"@type\":\"ImageObject\",\"inLanguage\":\"ro-RO\",\"@id\":\"https:\/\/atg.md\/ro\/#\/schema\/logo\/image\/\",\"url\":\"https:\/\/i2.wp.com\/atg.md\/wp-content\/uploads\/2021\/05\/atg_logo_main.png?fit=656%2C569&ssl=1\",\"contentUrl\":\"https:\/\/i2.wp.com\/atg.md\/wp-content\/uploads\/2021\/05\/atg_logo_main.png?fit=656%2C569&ssl=1\",\"width\":656,\"height\":569,\"caption\":\"S.C. AUTOTOM GRUP S.R.L.\"},\"image\":{\"@id\":\"https:\/\/atg.md\/ro\/#\/schema\/logo\/image\/\"},\"location\":{\"@id\":\"https:\/\/atg.md\/ro\/catalog\/autoclipsuri\/pod-rezinku\/c0291\/#local-place\"},\"address\":{\"@id\":\"https:\/\/atg.md\/ro\/catalog\/autoclipsuri\/pod-rezinku\/c0291\/#local-place-address\"},\"email\":\"atgtvv@gmail.com\",\"telephone\":\"+37369644446\",\"areaServed\":\"Moldova\"},{\"@type\":\"Place\",\"@id\":\"https:\/\/atg.md\/ro\/catalog\/autoclipsuri\/pod-rezinku\/c0291\/#local-place\",\"address\":{\"@type\":\"PostalAddress\",\"@id\":\"https:\/\/atg.md\/ro\/catalog\/autoclipsuri\/pod-rezinku\/c0291\/#local-place-address\",\"streetAddress\":\"str. Alba-Iulia 77\/20\",\"addressLocality\":\"Chisinau\",\"postalCode\":\"2043\",\"addressRegion\":\"mun. Chisinau\",\"addressCountry\":\"MD\"},\"geo\":{\"@type\":\"GeoCoordinates\",\"latitude\":\"47.0376\",\"longitude\":\"28.76899\"},\"openingHoursSpecification\":[{\"@type\":\"OpeningHoursSpecification\",\"dayOfWeek\":[\"Monday\",\"Tuesday\",\"Wednesday\",\"Thursday\",\"Friday\"],\"opens\":\"09:00\",\"closes\":\"18:00\"},{\"@type\":\"OpeningHoursSpecification\",\"dayOfWeek\":[\"Saturday\"],\"opens\":\"09:00\",\"closes\":\"14:00\"},{\"@type\":\"OpeningHoursSpecification\",\"dayOfWeek\":[\"Sunday\"],\"opens\":\"00:00\",\"closes\":\"00:00\"}],\"telephone\":\"+37369644446\"}]}<\/script>\n<meta name=\"geo.placename\" content=\"Chisinau\" \/>\n<meta name=\"geo.position\" content=\"47.0376;28.76899\" \/>\n<meta name=\"geo.region\" content=\"Moldova\" \/>\n<!-- \/ Yoast SEO Premium plugin. -->","yoast_head_json":{"title":"C0291 - Autoclipsuri, Sub Elastic - atg.md","robots":{"index":"index","follow":"follow","max-snippet":"max-snippet:-1","max-image-preview":"max-image-preview:large","max-video-preview":"max-video-preview:-1"},"canonical":"https:\/\/atg.md\/ro\/catalog\/autoclipsuri\/pod-rezinku\/c0291\/","og_locale":"ro_RO","og_type":"article","og_title":"C0291 - Autoclipsuri, Sub Elastic - atg.md","og_description":"OEM: MU481027Dimensiune F: 7Dimensiune H: 10Dimensiune T: 13","og_url":"https:\/\/atg.md\/ro\/wp-json\/wp\/v2\/product\/6875","og_site_name":"atg.md","article_modified_time":"2024-07-05T07:02:24+00:00","og_image":[{"width":600,"height":600,"url":"https:\/\/atg.md\/wp-content\/uploads\/2021\/03\/c0291.jpg","type":"image\/jpeg"}],"twitter_card":"summary_large_image","twitter_misc":{"Pre\u021b":"4.00&nbsp;MDL","Availability":"In stock"},"schema":{"@context":"https:\/\/schema.org","@graph":[{"@type":"WebPage","@id":"https:\/\/atg.md\/ro\/catalog\/autoclipsuri\/pod-rezinku\/c0291\/","url":"https:\/\/atg.md\/ro\/catalog\/autoclipsuri\/pod-rezinku\/c0291\/","name":"C0291 - Autoclipsuri, Sub Elastic - atg.md","isPartOf":{"@id":"https:\/\/atg.md\/ro\/#website"},"datePublished":"2021-03-30T09:06:46+00:00","dateModified":"2024-07-05T07:02:24+00:00","breadcrumb":{"@id":"https:\/\/atg.md\/ro\/catalog\/autoclipsuri\/pod-rezinku\/c0291\/#breadcrumb"},"inLanguage":"ro-RO","potentialAction":[{"@type":"ReadAction","target":[["https:\/\/atg.md\/ro\/catalog\/autoclipsuri\/pod-rezinku\/c0291\/"]]}]},{"@type":"BreadcrumbList","@id":"https:\/\/atg.md\/ro\/catalog\/autoclipsuri\/pod-rezinku\/c0291\/#breadcrumb","itemListElement":[{"@type":"ListItem","position":1,"name":"Home","item":"https:\/\/atg.md\/ro\/"},{"@type":"ListItem","position":2,"name":"\u041a\u0430\u0442\u0430\u043b\u043e\u0433","item":"https:\/\/atg.md\/ro\/catalog\/"},{"@type":"ListItem","position":3,"name":"C0291"}]},{"@type":"WebSite","@id":"https:\/\/atg.md\/ro\/#website","url":"https:\/\/atg.md\/ro\/","name":"atg.md","description":"V\u00e2nzare de izola\u021bii \u00eempotriva vibra\u021biilor pentru ma\u0219ini, izola\u021bie termic\u0103, izolare fonic\u0103 de la cei mai buni produc\u0103tori, autoclipsuri, elemente de fixare auto. Cump\u0103ra\u021bi \u00een Moldova, Chi\u0219in\u0103u","publisher":{"@id":"https:\/\/atg.md\/ro\/#organization"},"potentialAction":[{"@type":"SearchAction","target":{"@type":"EntryPoint","urlTemplate":"https:\/\/atg.md\/ro\/?s={search_term_string}"},"query-input":"required name=search_term_string"}],"inLanguage":"ro-RO"},{"@type":["Organization","Place","AutoPartsStore"],"@id":"https:\/\/atg.md\/ro\/#organization","name":"S.C. AUTOTOM GRUP S.R.L.","url":"https:\/\/atg.md\/ro\/","logo":{"@type":"ImageObject","inLanguage":"ro-RO","@id":"https:\/\/atg.md\/ro\/#\/schema\/logo\/image\/","url":"https:\/\/i2.wp.com\/atg.md\/wp-content\/uploads\/2021\/05\/atg_logo_main.png?fit=656%2C569&ssl=1","contentUrl":"https:\/\/i2.wp.com\/atg.md\/wp-content\/uploads\/2021\/05\/atg_logo_main.png?fit=656%2C569&ssl=1","width":656,"height":569,"caption":"S.C. AUTOTOM GRUP S.R.L."},"image":{"@id":"https:\/\/atg.md\/ro\/#\/schema\/logo\/image\/"},"location":{"@id":"https:\/\/atg.md\/ro\/catalog\/autoclipsuri\/pod-rezinku\/c0291\/#local-place"},"address":{"@id":"https:\/\/atg.md\/ro\/catalog\/autoclipsuri\/pod-rezinku\/c0291\/#local-place-address"},"email":"atgtvv@gmail.com","telephone":"+37369644446","areaServed":"Moldova"},{"@type":"Place","@id":"https:\/\/atg.md\/ro\/catalog\/autoclipsuri\/pod-rezinku\/c0291\/#local-place","address":{"@type":"PostalAddress","@id":"https:\/\/atg.md\/ro\/catalog\/autoclipsuri\/pod-rezinku\/c0291\/#local-place-address","streetAddress":"str. Alba-Iulia 77\/20","addressLocality":"Chisinau","postalCode":"2043","addressRegion":"mun. Chisinau","addressCountry":"MD"},"geo":{"@type":"GeoCoordinates","latitude":"47.0376","longitude":"28.76899"},"openingHoursSpecification":[{"@type":"OpeningHoursSpecification","dayOfWeek":["Monday","Tuesday","Wednesday","Thursday","Friday"],"opens":"09:00","closes":"18:00"},{"@type":"OpeningHoursSpecification","dayOfWeek":["Saturday"],"opens":"09:00","closes":"14:00"},{"@type":"OpeningHoursSpecification","dayOfWeek":["Sunday"],"opens":"00:00","closes":"00:00"}],"telephone":"+37369644446"}]}},"_links":{"self":[{"href":"https:\/\/atg.md\/ro\/wp-json\/wp\/v2\/product\/6875"}],"collection":[{"href":"https:\/\/atg.md\/ro\/wp-json\/wp\/v2\/product"}],"about":[{"href":"https:\/\/atg.md\/ro\/wp-json\/wp\/v2\/types\/product"}],"wp:featuredmedia":[{"embeddable":true,"href":"https:\/\/atg.md\/ro\/wp-json\/wp\/v2\/media\/6876"}],"wp:attachment":[{"href":"https:\/\/atg.md\/ro\/wp-json\/wp\/v2\/media?parent=6875"}],"wp:term":[{"taxonomy":"product_cat","embeddable":true,"href":"https:\/\/atg.md\/ro\/wp-json\/wp\/v2\/product_cat?post=6875"},{"taxonomy":"product_tag","embeddable":true,"href":"https:\/\/atg.md\/ro\/wp-json\/wp\/v2\/product_tag?post=6875"}],"curies":[{"name":"wp","href":"https:\/\/api.w.org\/{rel}","templated":true}]}}