{"id":6867,"date":"2021-03-30T09:06:46","date_gmt":"2021-03-30T09:06:46","guid":{"rendered":"http:\/\/atg.md\/product\/c0286\/"},"modified":"2024-07-05T07:02:23","modified_gmt":"2024-07-05T07:02:23","slug":"c0286","status":"publish","type":"product","link":"https:\/\/atg.md\/ro\/catalog\/autoclipsuri\/vstavki\/c0286\/","title":{"rendered":"C0286"},"content":{"rendered":"<p><strong>Modele:<\/strong><\/p>\n<ul>\n<li>Infiniti EX35<\/li>\n<li>Infiniti EX37<\/li>\n<li>Infiniti FX35<\/li>\n<li>Infiniti FX37<\/li>\n<li>Infiniti FX50<\/li>\n<li>Infiniti G37<\/li>\n<li>Infiniti M35<\/li>\n<li>Infiniti M35 Hybrid<\/li>\n<li>Infiniti QX56<\/li>\n<li>Nissan 100NX, B13<\/li>\n<li>Nissan 180SX, KRPS13, RPS13, RS13<\/li>\n<li>Nissan 200SX, S13, S14<\/li>\n<li>Nissan 300ZX, Z31, Z32<\/li>\n<li>Nissan 350Z, Z33<\/li>\n<li>Nissan 370Z, Z34<\/li>\n<li>Nissan AD, VEGY10, VFGY10, VSGY10, WFGY10, WFY11, WHNY11, WHY11, WPY11, WRY11<\/li>\n<li>Nissan Almera, N15<\/li>\n<li>Nissan Ambulance, ALE50, ALWE50, ATE50, ATWE50, FLGE50, FLWGE50, FPGE50, FPWGE50<\/li>\n<li>Nissan Atlas, AGF22, AH40, BF22, EF22, EGF22, EH40, FGH40, FH40, H2F23, H4F23, J2F23, JGH40, JH40, K2F23, K4F23, M2F23, M4F23, M6F23, MGH40, MH40, N2F23, N4F23, N6F23, P2F23, P4F23, P6F23, P8F23, PF22, PGF22, PH40, R2F23, R4F23, R8F23, RH40, SGH40, SH40, SQ1F24, SQ2F24, SQH40, SZ1F24, SZ2F24, SZ4F24, SZ5F24, TF22, TZ2F24, TZ3F24, UF22, WF22, WGF22, WH40, YF22<\/li>\n<li>Nissan Atleon, LG1, LP2H, LP2S, TK3<\/li>\n<li>Nissan Avenir, PNW10, PNW11, PW10, PW11, RNW11, RW11, SW10, SW11, W10, W11<\/li>\n<li>Nissan Bassara, JHU30, JNU30, JTNU30, JTU30, JU30, JVNU30, JVU30<\/li>\n<li>Nissan Bluebird Sylphy, G11, KG11, NG11<\/li>\n<li>Nissan Bluebird, ENU13, ENU14, EU13, EU14, HNU13, HNU14, HU13, HU14, PU13, QU14, SNU13, SU13, SU14, U11, U13, WU11<\/li>\n<li>Nissan Cabstar, F22, F23, F24M<\/li>\n<li>Nissan Caravan, AEGE24, ARE24, ARGE24, ARME24, ARMGE24, CHGE24, CPGE24, CQGE24, CQGE25, CRGE24, CRMGE24, CSGE25, CTGE24, CWGE24, CWGE25, CWMGE24, CWMGE25, CYGE24, DHGE24, DQGE25, DRGE24, DSGE25, DTGE24, DWGE24, DWGE25, DWMGE25, DYGE24, FEGE24, FHGE24, FTGE24, KEE24, KHE24, KHGE24, KRE24, KRGE24, KRME24, KRMGE24, KSE24, KSGE24, QE25, QGE25, SE25, SGE25, VHE24, VHGE24, VPE24, VPE25, VPGE24, VRE24, VRE25, VRGE24, VRMGE24, VTE24, VTGE24, VWE24, VWE25, VWGE24, VWME24, VWME25, VWMGE24, VYE24, VYGE24<\/li>\n<li>Nissan Cedric, BJY31, CBJY31, CMJY31, CUY31, CY31, ENY33, ENY34, FPAY31, FPY31, HBY33, HY33, HY34, MJY31, MY33, MY34, NJY31, PAY31, PAY32, PBY32, PY31, PY32, PY33, QJY31, TNJY31, TUJY31, TY31, UJY31, UY31, UY32, UY33, VHY30, VNY30, VUY30, VY30, WHY30, WUY30, WY30, Y31, Y32, Y33, Y34, YPY31, YY31<\/li>\n<li>Nissan Cefiro, A31, A32, A33, CA31, EA31, ECA31, HA32, LA31, LCA31, LNA31, NA31, PA32, PA33, WA32, WHA32, WPA32<\/li>\n<li>Nissan Cima, FGDY32, FGDY33, FGNY32, FGNY33, FGY32, FGY33, FHY33, FPY32, GF50, GNF50, HF50<\/li>\n<li>Nissan Condor, AH40, EH40, FGH40, FH40, JGH40, JH40, MGH40, MH40, PH40, RH40, SGH40, SH40, SQH40, WH40<\/li>\n<li>Nissan Crew, HK30, QK30, SK30, THK30, TSK30, YHK30<\/li>\n<li>Nissan Cube, ANZ10, AZ10, BZ11, Z10<\/li>\n<li>Nissan Datsun Truck, AD21, AGD21, AMD21, BD21, BGD21, BMD21, CD21, CGD21, D21, DD21, DMD21, DYD21, FD21, FGD21, FMD21, FYD21, GD21, PD21, PGD21, PMD21, QD21, QGD21, QMD21, QYD21<\/li>\n<li>Nissan Datsun, BD22, FMD22, LBD22, LFD22, LPD22, PD22, QD22, RMD22<\/li>\n<li>Nissan Elgrand, ALE50, ALWE50, APE50, APWE50, ATE50, ATWE50, AVE50, AVWE50<\/li>\n<li>Nissan Expert, VENW11, VEW11, VNW11, VW11<\/li>\n<li>Nissan Fairlady Z, HZ33, Z33, Z34<\/li>\n<li>Nissan Fuga, GY50, PNY50, PY50, Y50<\/li>\n<li>Nissan GT-R, R35<\/li>\n<li>Nissan Gloria, BJY31, CBJY31, CMJY31, CUY31, CY31, ENY33, ENY34, FPAY31, FPY31, HBY33, HY33, HY34, MJY31, MY33, MY34, NJY31, PAY31, PAY32, PBY32, PY31, PY32, PY33, PY33E, QJY31, TNJY31, TUJY31, TY31, UJY31, UY31, UY32, UY33, VHY30, VNY30, VUY30, VY30, WHY30, WUY30, WY30, Y31, Y32, Y33, Y34, YPY31, YY31<\/li>\n<li>Nissan Hardbody, D22S<\/li>\n<li>Nissan Homy, AEGE24, ARE24, ARGE24, ARME24, ARMGE24, CHGE24, CPGE24, CQGE24, CRGE24, CRMGE24, CTGE24, CWGE24, CWMGE24, CYGE24, DHGE24, DRGE24, DTGE24, DWGE24, DYGE24, FEGE24, FHGE24, FTGE24, KEE24, KHE24, KHGE24, KRE24, KRGE24, KRME24, KRMGE24, KSE24, KSGE24, VHE24, VHGE24, VPE24, VPGE24, VRE24, VRGE24, VRMGE24, VTE24, VTGE24, VWE24, VWGE24, VWME24, VWMGE24, VYE24, VYGE24<\/li>\n<li>Nissan Hypermini, EA0<\/li>\n<li>Nissan King Cab, D21, D22, LCD22<\/li>\n<li>Nissan King Van, E24<\/li>\n<li>Nissan Langley, BEN13, BFN13, BFNN13, BHN13, BHNN13, BSN13<\/li>\n<li>Nissan Largo, NW30, VNW30, VW30, W30<\/li>\n<li>Nissan Laurel, C32, EC33, ECC33, EJC31, FC33, FJC31, FJC32, GC34, GC35, GCC34, GCC35, GNC34, GNC35, HC31, HC33, HC34, HC35, HCC33, NC31, PJC31, SC33, SC34, SC35, SJC32, UJC31<\/li>\n<li>Nissan Leopard, GF31, HF30, JENY33, JF30, JGBY32, JHBY33, JHY33, JMY33, JPY32, JPY33, JY33, NF30, PF30, UF31<\/li>\n<li>Nissan Liberta Villa, BEN13, BFN13, BFNN13, BHN13, BHNN13, BSN13<\/li>\n<li>Nissan Liberty, PM12, PNM12, RM12, RNM12<\/li>\n<li>Nissan Lucino, B14, EB14, FB14, FNB14, HB14, JB14, SB14, SNB14<\/li>\n<li>Nissan March Box, WAK11, WK11<\/li>\n<li>Nissan March, AK11, AK12, ANK11, BK12, BNK12, EK10, FHK11, HK11, K10, K11, K12, YK12<\/li>\n<li>Nissan Maxima, A32, CA33, J30, PJ30<\/li>\n<li>Nissan Micra C+C, CK12E, FHZK12<\/li>\n<li>Nissan Micra, K10, K11E, K12E, K13K<\/li>\n<li>Nissan Mistral, KR20, R20<\/li>\n<li>Nissan Murano, PNZ50, PNZ51, PZ50, TNZ51, TZ50, Z50, Z51, Z51R<\/li>\n<li>Nissan NP300, D22SS<\/li>\n<li>Nissan NV200, M20, M20M<\/li>\n<li>Nissan C, D40M<\/li>\n<li>Nissan C, R51M<\/li>\n<li>Nissan Patrol, Y60, Y61, Y62<\/li>\n<li>Nissan Prairie, BM10, HM11, HNM10, HNM11, M10, M11, NM11, PM10, PM11, PM12, PNM11, PNM12, RM12, RNM12, VBM10<\/li>\n<li>Nissan Presage, HU30, NU30, PNU31, PU31, TNU30, TNU31, TU30, TU31, U30, VNU30, VU30<\/li>\n<li>Nissan Presea, HR10, HR11, PR10, PR11, R10, R11<\/li>\n<li>Nissan President, JG50, JHG50, PG50, PGF50, PHG50<\/li>\n<li>Nissan Primera Camino, HNP11, HP11, P11, QP11, WHNP11, WHP11, WP11, WQP11<\/li>\n<li>Nissan Primera, FHP10, FHP11, HNP10, HP10, P10, P10E, P11E, W10, WHP12, WP11E, WRP12, WTNP12, WTP12<\/li>\n<li>Nissan Pulsar, EN13, EN14, EN15, FN13, FN14, FN15, FNN13, FNN14, FNN15, HN13, HN14, HN15, HNN13, HNN15, JN15, N13, N14, RNN14, SN13, SN14, SN15, SNN15<\/li>\n<li>Nissan R&#8217;nessa, N30, NN30, PNN30<\/li>\n<li>Nissan Rasheen, RFNB14, RHNB14, RKNB14<\/li>\n<li>Nissan Safari, FGY60, VRGY60, VRGY61, VRY60, WFGY61, WGY60, WGY61, WRGY60, WRGY61, WRY60, WTY61, WYY60, WYY61<\/li>\n<li>Nissan Serena, C23M, C25, CC25, CNC25, NC25, PC24, PNC24, RC24, TC24, TNC24, VC24, VNC24<\/li>\n<li>Nissan Silvia, CS14, KPS13, PS13, S14, S15<\/li>\n<li>Nissan Skyline, BCNR33, BNR32, BNR34, CKV36, CPV35, ECR32, ECR33, ENR33, ENR34, ER32, ER33, ER34, FR32, HCR32, HNR32, HR31, HR32, HR33, HR34, HV35, NV35, PV35, SR31, V35, VPJR30, VSJR30, WFJR31, WHJR31, YHR32<\/li>\n<li>Nissan Stagea, HM35, M35, NM35, PM35, PNM35, WGC34, WGNC34, WHC34<\/li>\n<li>Nissan Sunny, B12, B13, B14, EB12, EB13, EB14, FB12, FB13, FB14, FNB12, FNB13, FNB14, HB12, HB13, HB14, HNB12, HNB13, JB14, N13, N14, SB12, SB13, SB14, SNB13, SNB14, WFB12, WFNB12, WHB12, WHNB12, WSB12, Y10<\/li>\n<li>Nissan TR-X, HF30, JF30, NF30, PF30<\/li>\n<li>Nissan Terrano II, R20<\/li>\n<li>Nissan Terrano Regulus, JLR50, JLUR50, JRR50, JTR50<\/li>\n<li>Nissan Terrano, LR50, LUR50, PR50, R50, RR50, TR50, WD21<\/li>\n<li>Nissan Tiida Latio, SC11, SJC11, SNC11, SZC11<\/li>\n<li>Nissan Tiida, C11, C11X, JC11, NC11, SC11X<\/li>\n<li>Nissan Urvan, E24<\/li>\n<li>Nissan Vanette Serena, KAJC23, KBC23, KBCC23, KBNC23, KVC23, KVJC23, KVNC23, VAJC23, VVJC23<\/li>\n<li>Nissan Vanette, GC22, KHGC22, KHGNC22, KMC22, KMGC22, KMGNC22, KMJNC22, KPC22, KPJC22, KUC22, KUGC22, KUGNC22, KUJC22, KUJNC22, VJC22, VPGJC22, VPJC22, VUGJC22, VUGJNC22, VUJC22, VUJNBC22, VUJNC22<\/li>\n<li>Nissan Wingroad, JY12, NY12, WFY11, WHNY11, WHY11, WPY11, WRY11, Y12<\/li>\n<li>Nissan X-Trail, DNT31, NT30, NT31, PNT30, T30, T31, T31R, TNT31<\/li>\n<li>Renault Pulse<\/li>\n<\/ul>\n<p><\/p>","protected":false},"excerpt":{"rendered":"<p><b>Dimensiune F:<\/b> 8<br \/><b>Dimensiune H:<\/b> 16<br \/><b>Dimensiune T:<\/b> 16<\/p>\n","protected":false},"featured_media":6868,"template":"","meta":[],"product_cat":[25,105],"product_tag":[],"bundled_by":[],"bundle_stock_status":"instock","bundle_stock_quantity":null,"bundle_virtual":false,"bundle_layout":"","bundle_add_to_cart_form_location":"","bundle_editable_in_cart":false,"bundle_sold_individually_context":"","bundle_item_grouping":"","bundle_min_size":"","bundle_max_size":"","bundled_items":[],"yoast_head":"<!-- This site is optimized with the Yoast SEO Premium plugin v16.6 (Yoast SEO v20.1) - https:\/\/yoast.com\/wordpress\/plugins\/seo\/ -->\n<title>C0286 - Autoclipsuri, Inserturi - atg.md<\/title>\n<meta name=\"robots\" content=\"index, follow, max-snippet:-1, max-image-preview:large, max-video-preview:-1\" \/>\n<link rel=\"canonical\" href=\"https:\/\/atg.md\/ro\/catalog\/autoclipsuri\/vstavki\/c0286\/\" \/>\n<meta property=\"og:locale\" content=\"ro_RO\" \/>\n<meta property=\"og:type\" content=\"article\" \/>\n<meta property=\"og:title\" content=\"C0286 - Autoclipsuri, Inserturi - atg.md\" \/>\n<meta property=\"og:description\" content=\"Dimensiune F: 8Dimensiune H: 16Dimensiune T: 16\" \/>\n<meta property=\"og:url\" content=\"https:\/\/atg.md\/ro\/wp-json\/wp\/v2\/product\/6867\" \/>\n<meta property=\"og:site_name\" content=\"atg.md\" \/>\n<meta property=\"article:modified_time\" content=\"2024-07-05T07:02:23+00:00\" \/>\n<meta property=\"og:image\" content=\"https:\/\/atg.md\/wp-content\/uploads\/2021\/03\/c0286.jpg\" \/>\n\t<meta property=\"og:image:width\" content=\"600\" \/>\n\t<meta property=\"og:image:height\" content=\"600\" \/>\n\t<meta property=\"og:image:type\" content=\"image\/jpeg\" \/>\n<meta name=\"twitter:card\" content=\"summary_large_image\" \/>\n<meta name=\"twitter:label1\" content=\"Pre\u021b\" \/>\n\t<meta name=\"twitter:data1\" content=\"7.00&nbsp;MDL\" \/>\n\t<meta name=\"twitter:label2\" content=\"Availability\" \/>\n\t<meta name=\"twitter:data2\" content=\"In stock\" \/>\n<script type=\"application\/ld+json\" class=\"yoast-schema-graph\">{\"@context\":\"https:\/\/schema.org\",\"@graph\":[{\"@type\":\"WebPage\",\"@id\":\"https:\/\/atg.md\/ro\/catalog\/autoclipsuri\/vstavki\/c0286\/\",\"url\":\"https:\/\/atg.md\/ro\/catalog\/autoclipsuri\/vstavki\/c0286\/\",\"name\":\"C0286 - Autoclipsuri, Inserturi - atg.md\",\"isPartOf\":{\"@id\":\"https:\/\/atg.md\/ro\/#website\"},\"datePublished\":\"2021-03-30T09:06:46+00:00\",\"dateModified\":\"2024-07-05T07:02:23+00:00\",\"breadcrumb\":{\"@id\":\"https:\/\/atg.md\/ro\/catalog\/autoclipsuri\/vstavki\/c0286\/#breadcrumb\"},\"inLanguage\":\"ro-RO\",\"potentialAction\":[{\"@type\":\"ReadAction\",\"target\":[[\"https:\/\/atg.md\/ro\/catalog\/autoclipsuri\/vstavki\/c0286\/\"]]}]},{\"@type\":\"BreadcrumbList\",\"@id\":\"https:\/\/atg.md\/ro\/catalog\/autoclipsuri\/vstavki\/c0286\/#breadcrumb\",\"itemListElement\":[{\"@type\":\"ListItem\",\"position\":1,\"name\":\"Home\",\"item\":\"https:\/\/atg.md\/ro\/\"},{\"@type\":\"ListItem\",\"position\":2,\"name\":\"\u041a\u0430\u0442\u0430\u043b\u043e\u0433\",\"item\":\"https:\/\/atg.md\/ro\/catalog\/\"},{\"@type\":\"ListItem\",\"position\":3,\"name\":\"C0286\"}]},{\"@type\":\"WebSite\",\"@id\":\"https:\/\/atg.md\/ro\/#website\",\"url\":\"https:\/\/atg.md\/ro\/\",\"name\":\"atg.md\",\"description\":\"V\u00e2nzare de izola\u021bii \u00eempotriva vibra\u021biilor pentru ma\u0219ini, izola\u021bie termic\u0103, izolare fonic\u0103 de la cei mai buni produc\u0103tori, autoclipsuri, elemente de fixare auto. Cump\u0103ra\u021bi \u00een Moldova, Chi\u0219in\u0103u\",\"publisher\":{\"@id\":\"https:\/\/atg.md\/ro\/#organization\"},\"potentialAction\":[{\"@type\":\"SearchAction\",\"target\":{\"@type\":\"EntryPoint\",\"urlTemplate\":\"https:\/\/atg.md\/ro\/?s={search_term_string}\"},\"query-input\":\"required name=search_term_string\"}],\"inLanguage\":\"ro-RO\"},{\"@type\":[\"Organization\",\"Place\",\"AutoPartsStore\"],\"@id\":\"https:\/\/atg.md\/ro\/#organization\",\"name\":\"S.C. AUTOTOM GRUP S.R.L.\",\"url\":\"https:\/\/atg.md\/ro\/\",\"logo\":{\"@type\":\"ImageObject\",\"inLanguage\":\"ro-RO\",\"@id\":\"https:\/\/atg.md\/ro\/#\/schema\/logo\/image\/\",\"url\":\"https:\/\/i2.wp.com\/atg.md\/wp-content\/uploads\/2021\/05\/atg_logo_main.png?fit=656%2C569&ssl=1\",\"contentUrl\":\"https:\/\/i2.wp.com\/atg.md\/wp-content\/uploads\/2021\/05\/atg_logo_main.png?fit=656%2C569&ssl=1\",\"width\":656,\"height\":569,\"caption\":\"S.C. AUTOTOM GRUP S.R.L.\"},\"image\":{\"@id\":\"https:\/\/atg.md\/ro\/#\/schema\/logo\/image\/\"},\"location\":{\"@id\":\"https:\/\/atg.md\/ro\/catalog\/autoclipsuri\/vstavki\/c0286\/#local-place\"},\"address\":{\"@id\":\"https:\/\/atg.md\/ro\/catalog\/autoclipsuri\/vstavki\/c0286\/#local-place-address\"},\"email\":\"atgtvv@gmail.com\",\"telephone\":\"+37369644446\",\"areaServed\":\"Moldova\"},{\"@type\":\"Place\",\"@id\":\"https:\/\/atg.md\/ro\/catalog\/autoclipsuri\/vstavki\/c0286\/#local-place\",\"address\":{\"@type\":\"PostalAddress\",\"@id\":\"https:\/\/atg.md\/ro\/catalog\/autoclipsuri\/vstavki\/c0286\/#local-place-address\",\"streetAddress\":\"str. Alba-Iulia 77\/20\",\"addressLocality\":\"Chisinau\",\"postalCode\":\"2043\",\"addressRegion\":\"mun. Chisinau\",\"addressCountry\":\"MD\"},\"geo\":{\"@type\":\"GeoCoordinates\",\"latitude\":\"47.0376\",\"longitude\":\"28.76899\"},\"openingHoursSpecification\":[{\"@type\":\"OpeningHoursSpecification\",\"dayOfWeek\":[\"Monday\",\"Tuesday\",\"Wednesday\",\"Thursday\",\"Friday\"],\"opens\":\"09:00\",\"closes\":\"18:00\"},{\"@type\":\"OpeningHoursSpecification\",\"dayOfWeek\":[\"Saturday\"],\"opens\":\"09:00\",\"closes\":\"14:00\"},{\"@type\":\"OpeningHoursSpecification\",\"dayOfWeek\":[\"Sunday\"],\"opens\":\"00:00\",\"closes\":\"00:00\"}],\"telephone\":\"+37369644446\"}]}<\/script>\n<meta name=\"geo.placename\" content=\"Chisinau\" \/>\n<meta name=\"geo.position\" content=\"47.0376;28.76899\" \/>\n<meta name=\"geo.region\" content=\"Moldova\" \/>\n<!-- \/ Yoast SEO Premium plugin. -->","yoast_head_json":{"title":"C0286 - Autoclipsuri, Inserturi - atg.md","robots":{"index":"index","follow":"follow","max-snippet":"max-snippet:-1","max-image-preview":"max-image-preview:large","max-video-preview":"max-video-preview:-1"},"canonical":"https:\/\/atg.md\/ro\/catalog\/autoclipsuri\/vstavki\/c0286\/","og_locale":"ro_RO","og_type":"article","og_title":"C0286 - Autoclipsuri, Inserturi - atg.md","og_description":"Dimensiune F: 8Dimensiune H: 16Dimensiune T: 16","og_url":"https:\/\/atg.md\/ro\/wp-json\/wp\/v2\/product\/6867","og_site_name":"atg.md","article_modified_time":"2024-07-05T07:02:23+00:00","og_image":[{"width":600,"height":600,"url":"https:\/\/atg.md\/wp-content\/uploads\/2021\/03\/c0286.jpg","type":"image\/jpeg"}],"twitter_card":"summary_large_image","twitter_misc":{"Pre\u021b":"7.00&nbsp;MDL","Availability":"In stock"},"schema":{"@context":"https:\/\/schema.org","@graph":[{"@type":"WebPage","@id":"https:\/\/atg.md\/ro\/catalog\/autoclipsuri\/vstavki\/c0286\/","url":"https:\/\/atg.md\/ro\/catalog\/autoclipsuri\/vstavki\/c0286\/","name":"C0286 - Autoclipsuri, Inserturi - atg.md","isPartOf":{"@id":"https:\/\/atg.md\/ro\/#website"},"datePublished":"2021-03-30T09:06:46+00:00","dateModified":"2024-07-05T07:02:23+00:00","breadcrumb":{"@id":"https:\/\/atg.md\/ro\/catalog\/autoclipsuri\/vstavki\/c0286\/#breadcrumb"},"inLanguage":"ro-RO","potentialAction":[{"@type":"ReadAction","target":[["https:\/\/atg.md\/ro\/catalog\/autoclipsuri\/vstavki\/c0286\/"]]}]},{"@type":"BreadcrumbList","@id":"https:\/\/atg.md\/ro\/catalog\/autoclipsuri\/vstavki\/c0286\/#breadcrumb","itemListElement":[{"@type":"ListItem","position":1,"name":"Home","item":"https:\/\/atg.md\/ro\/"},{"@type":"ListItem","position":2,"name":"\u041a\u0430\u0442\u0430\u043b\u043e\u0433","item":"https:\/\/atg.md\/ro\/catalog\/"},{"@type":"ListItem","position":3,"name":"C0286"}]},{"@type":"WebSite","@id":"https:\/\/atg.md\/ro\/#website","url":"https:\/\/atg.md\/ro\/","name":"atg.md","description":"V\u00e2nzare de izola\u021bii \u00eempotriva vibra\u021biilor pentru ma\u0219ini, izola\u021bie termic\u0103, izolare fonic\u0103 de la cei mai buni produc\u0103tori, autoclipsuri, elemente de fixare auto. Cump\u0103ra\u021bi \u00een Moldova, Chi\u0219in\u0103u","publisher":{"@id":"https:\/\/atg.md\/ro\/#organization"},"potentialAction":[{"@type":"SearchAction","target":{"@type":"EntryPoint","urlTemplate":"https:\/\/atg.md\/ro\/?s={search_term_string}"},"query-input":"required name=search_term_string"}],"inLanguage":"ro-RO"},{"@type":["Organization","Place","AutoPartsStore"],"@id":"https:\/\/atg.md\/ro\/#organization","name":"S.C. AUTOTOM GRUP S.R.L.","url":"https:\/\/atg.md\/ro\/","logo":{"@type":"ImageObject","inLanguage":"ro-RO","@id":"https:\/\/atg.md\/ro\/#\/schema\/logo\/image\/","url":"https:\/\/i2.wp.com\/atg.md\/wp-content\/uploads\/2021\/05\/atg_logo_main.png?fit=656%2C569&ssl=1","contentUrl":"https:\/\/i2.wp.com\/atg.md\/wp-content\/uploads\/2021\/05\/atg_logo_main.png?fit=656%2C569&ssl=1","width":656,"height":569,"caption":"S.C. AUTOTOM GRUP S.R.L."},"image":{"@id":"https:\/\/atg.md\/ro\/#\/schema\/logo\/image\/"},"location":{"@id":"https:\/\/atg.md\/ro\/catalog\/autoclipsuri\/vstavki\/c0286\/#local-place"},"address":{"@id":"https:\/\/atg.md\/ro\/catalog\/autoclipsuri\/vstavki\/c0286\/#local-place-address"},"email":"atgtvv@gmail.com","telephone":"+37369644446","areaServed":"Moldova"},{"@type":"Place","@id":"https:\/\/atg.md\/ro\/catalog\/autoclipsuri\/vstavki\/c0286\/#local-place","address":{"@type":"PostalAddress","@id":"https:\/\/atg.md\/ro\/catalog\/autoclipsuri\/vstavki\/c0286\/#local-place-address","streetAddress":"str. Alba-Iulia 77\/20","addressLocality":"Chisinau","postalCode":"2043","addressRegion":"mun. Chisinau","addressCountry":"MD"},"geo":{"@type":"GeoCoordinates","latitude":"47.0376","longitude":"28.76899"},"openingHoursSpecification":[{"@type":"OpeningHoursSpecification","dayOfWeek":["Monday","Tuesday","Wednesday","Thursday","Friday"],"opens":"09:00","closes":"18:00"},{"@type":"OpeningHoursSpecification","dayOfWeek":["Saturday"],"opens":"09:00","closes":"14:00"},{"@type":"OpeningHoursSpecification","dayOfWeek":["Sunday"],"opens":"00:00","closes":"00:00"}],"telephone":"+37369644446"}]}},"_links":{"self":[{"href":"https:\/\/atg.md\/ro\/wp-json\/wp\/v2\/product\/6867"}],"collection":[{"href":"https:\/\/atg.md\/ro\/wp-json\/wp\/v2\/product"}],"about":[{"href":"https:\/\/atg.md\/ro\/wp-json\/wp\/v2\/types\/product"}],"wp:featuredmedia":[{"embeddable":true,"href":"https:\/\/atg.md\/ro\/wp-json\/wp\/v2\/media\/6868"}],"wp:attachment":[{"href":"https:\/\/atg.md\/ro\/wp-json\/wp\/v2\/media?parent=6867"}],"wp:term":[{"taxonomy":"product_cat","embeddable":true,"href":"https:\/\/atg.md\/ro\/wp-json\/wp\/v2\/product_cat?post=6867"},{"taxonomy":"product_tag","embeddable":true,"href":"https:\/\/atg.md\/ro\/wp-json\/wp\/v2\/product_tag?post=6867"}],"curies":[{"name":"wp","href":"https:\/\/api.w.org\/{rel}","templated":true}]}}