{"id":6863,"date":"2021-03-30T09:06:46","date_gmt":"2021-03-30T09:06:46","guid":{"rendered":"http:\/\/atg.md\/product\/c0284\/"},"modified":"2024-07-05T07:02:21","modified_gmt":"2024-07-05T07:02:21","slug":"c0284","status":"publish","type":"product","link":"https:\/\/atg.md\/ro\/catalog\/autoclipsuri\/nazhimnye-zaglushki\/c0284\/","title":{"rendered":"C0284"},"content":{"rendered":"<p><strong>Modele:<\/strong><\/p>\n<ul>\n<li>Infiniti EX35<\/li>\n<li>Infiniti EX37<\/li>\n<li>Infiniti FX35<\/li>\n<li>Infiniti FX37<\/li>\n<li>Infiniti FX45<\/li>\n<li>Infiniti FX50<\/li>\n<li>Infiniti G25<\/li>\n<li>Infiniti G35<\/li>\n<li>Infiniti G37<\/li>\n<li>Infiniti M35 Hybrid<\/li>\n<li>Infiniti M35, G50, HG50<\/li>\n<li>Infiniti M45<\/li>\n<li>Nissan 180SX, KRPS13, RPS13, RS13<\/li>\n<li>Nissan 200SX, S13, S14<\/li>\n<li>Nissan 300ZX, Z32<\/li>\n<li>Nissan AD, VEGY10, VENY10, VENY11, VEY10, VEY11, VSGY10, VSNY10, VSY10, WEY10, WHNY11, WHY11, WPY11, WRY11<\/li>\n<li>Nissan Almera, N15, N16, N16E<\/li>\n<li>Nissan Ambulance, ALE50, ALWE50, ATE50, ATWE50, FLGE50, FLWGE50, FPGE50, FPWGE50<\/li>\n<li>Nissan Avenir, PNW10, PNW11, PW10, PW11, RNW11, RW11, SW10, SW11, VSW10, W10, W11<\/li>\n<li>Nissan Bassara, JHU30, JNU30, JTNU30, JTU30, JU30, JVNU30, JVU30<\/li>\n<li>Nissan Bluebird Sylphy, G11, KG11, NG11<\/li>\n<li>Nissan Bluebird, HNU13, HU13, PU13, SNU13, SU13<\/li>\n<li>Nissan Cedric, BJY31, CBJY31, CMJY31, CUY31, CY31, ENY33, ENY34, HBY33, HY33, HY34, MJY31, MY33, MY34, PAY31, PAY32, PBY32, PY31, PY32, PY33, QJY31, TY31, UJY31, UY31, UY32, UY33, Y31, Y32, Y33, Y34, YPY31, YY31<\/li>\n<li>Nissan Cefiro, A32, A33, HA32, PA32, PA33, WA32, WHA32, WPA32<\/li>\n<li>Nissan Cima, FGDY32, FGDY33, FGNY32, FGNY33, FGY32, FGY33, FHY33, FPY32, GF50, GNF50, HF50<\/li>\n<li>Nissan Crew, HK30, SK30, TSK30<\/li>\n<li>Nissan Cube Cubic, BGZ11, YGNZ11, YGZ11<\/li>\n<li>Nissan Cube, ANZ10, AZ10, BNZ11, BZ11, YZ11, Z10<\/li>\n<li>Nissan Datsun Truck, BD21, BGD21, BMD21<\/li>\n<li>Nissan Datsun, BD22, LBD22, RMD22<\/li>\n<li>Nissan Elgrand, ALE50, AVE50, AVWE50<\/li>\n<li>Nissan Expert, VENW11, VEW11, VNW11, VW11<\/li>\n<li>Nissan Fuga, GY50, PNY50, PY50, Y50<\/li>\n<li>Nissan GT-R, R35<\/li>\n<li>Nissan Gloria, BJY31, CBJY31, CMJY31, CUY31, CY31, ENY33, ENY34, HBY33, HY33, HY34, MJY31, MY33, MY34, PAY31, PAY32, PBY32, PY31, PY32, PY33, PY33E, QJY31, TY31, UJY31, UY31, UY32, UY33, Y31, Y32, Y33, Y34, YPY31, YY31<\/li>\n<li>Nissan King Cab, D22<\/li>\n<li>Nissan Laurel, GC34, GC35, GCC34, GCC35, GNC34, GNC35, HC34, HC35, SC34, SC35<\/li>\n<li>Nissan Leopard, JENY33, JGBY32, JHBY33, JHY33, JMY33, JPY32, JPY33, JY33<\/li>\n<li>Nissan Liberty, PM12, PNM12, RM12, RNM12<\/li>\n<li>Nissan Lucino, FNB14, JB14, SB14, SNB14<\/li>\n<li>Nissan March Box, WAK11, WK11<\/li>\n<li>Nissan March, AK11, AK12, ANK11, BK12, BNK12, HK11, K11, K12, YK12<\/li>\n<li>Nissan Maxima, A32, CA33<\/li>\n<li>Nissan Micra, K11E<\/li>\n<li>Nissan Murano, PNZ50, PNZ51, PZ50, TNZ51, TZ50, Z50, Z51, Z51R<\/li>\n<li>Nissan Note, E11, E11E, NE11, ZE11<\/li>\n<li>Nissan Patrol, Y60, Y61<\/li>\n<li>Nissan Prairie, HM11, HNM11, M11, NM11, PM11, PM12, PNM11, PNM12, RM12, RNM12<\/li>\n<li>Nissan Presage, HU30, NU30, PNU31, PU31, TNU30, TNU31, TU30, TU31, U30, VNU30, VU30<\/li>\n<li>Nissan Presea, HR11<\/li>\n<li>Nissan President, JG50, JHG50, PG50, PGF50, PHG50<\/li>\n<li>Nissan Primera, HP12, QP12, RP12, TNP12, TP12, W10, WHP12, WRP12, WTNP12, WTP12<\/li>\n<li>Nissan Pulsar, HN15, JN15, SN15, SNN15<\/li>\n<li>Nissan R&#8217;nessa, N30, NN30, PNN30<\/li>\n<li>Nissan Safari, VRGY60, VRGY61, VRY60, WFGY61, WGY60, WGY61, WRGY60, WRGY61, WRY60, WTY61, WYY60, WYY61<\/li>\n<li>Nissan Silvia, CS14, KPS13, PS13, S14<\/li>\n<li>Nissan Skyline, BCNR33, BNR34, CKV36, CPV35, ECR33, ENR33, ENR34, ER33, ER34, HR33, HR34, HV35, KV36, NV35, NV36, PV35, PV36, V35, V36<\/li>\n<li>Nissan Stagea, HM35, M35, NM35, PM35, PNM35, WGC34, WGNC34, WHC34<\/li>\n<li>Nissan Sunny California, WEY10, WHNY10, WHY10<\/li>\n<li>Nissan Sunny, FNB14, FNB15, JB14, JB15, QB15, SB14, SB15, SNB14, Y10<\/li>\n<li>Nissan Teana, J31, J32, J32R, PJ31, PJ32, TNJ31, TNJ32<\/li>\n<li>Nissan Terrano Regulus, JLR50, JLUR50, JRR50, JTR50<\/li>\n<li>Nissan Terrano, LR50, LUR50, PR50, R50, RR50, TR50<\/li>\n<li>Nissan Tiida Latio, SC11, SJC11, SNC11, SZC11<\/li>\n<li>Nissan Tiida, C11, C11X, JC11, NC11, SC11X<\/li>\n<li>Nissan Tino, HV10<\/li>\n<li>Nissan Wingroad, VENY11, VEY11, WEY10, WHNY10, WHNY11, WHY10, WHY11, WPY11, WRY11<\/li>\n<\/ul>\n<p><\/p>","protected":false},"excerpt":{"rendered":"<p><b>OEM:<\/b> 65846-40F00, 6584640F00, 65846-4Z000, 658464Z000<\/p>\n<p><b>Dimensiune F:<\/b> 6<br \/><b>Dimensiune H:<\/b> 11<br \/><b>Dimensiune T:<\/b> 28<\/p>\n","protected":false},"featured_media":6864,"template":"","meta":[],"product_cat":[25,53],"product_tag":[],"bundled_by":[],"bundle_stock_status":"instock","bundle_stock_quantity":null,"bundle_virtual":false,"bundle_layout":"","bundle_add_to_cart_form_location":"","bundle_editable_in_cart":false,"bundle_sold_individually_context":"","bundle_item_grouping":"","bundle_min_size":"","bundle_max_size":"","bundled_items":[],"yoast_head":"<!-- This site is optimized with the Yoast SEO Premium plugin v16.6 (Yoast SEO v20.1) - https:\/\/yoast.com\/wordpress\/plugins\/seo\/ -->\n<title>C0284 - Autoclipsuri, Dopuri de presiune - atg.md<\/title>\n<meta name=\"robots\" content=\"index, follow, max-snippet:-1, max-image-preview:large, max-video-preview:-1\" \/>\n<link rel=\"canonical\" href=\"https:\/\/atg.md\/ro\/catalog\/autoclipsuri\/nazhimnye-zaglushki\/c0284\/\" \/>\n<meta property=\"og:locale\" content=\"ro_RO\" \/>\n<meta property=\"og:type\" content=\"article\" \/>\n<meta property=\"og:title\" content=\"C0284 - Autoclipsuri, Dopuri de presiune - atg.md\" \/>\n<meta property=\"og:description\" content=\"OEM: 65846-40F00, 6584640F00, 65846-4Z000, 658464Z000Dimensiune F: 6Dimensiune H: 11Dimensiune T: 28\" \/>\n<meta property=\"og:url\" content=\"https:\/\/atg.md\/ro\/wp-json\/wp\/v2\/product\/6863\" \/>\n<meta property=\"og:site_name\" content=\"atg.md\" \/>\n<meta property=\"article:modified_time\" content=\"2024-07-05T07:02:21+00:00\" \/>\n<meta property=\"og:image\" content=\"https:\/\/atg.md\/wp-content\/uploads\/2021\/03\/c0284.jpg\" \/>\n\t<meta property=\"og:image:width\" content=\"600\" \/>\n\t<meta property=\"og:image:height\" content=\"600\" \/>\n\t<meta property=\"og:image:type\" content=\"image\/jpeg\" \/>\n<meta name=\"twitter:card\" content=\"summary_large_image\" \/>\n<meta name=\"twitter:label1\" content=\"Pre\u021b\" \/>\n\t<meta name=\"twitter:data1\" content=\"5.00&nbsp;MDL\" \/>\n\t<meta name=\"twitter:label2\" content=\"Availability\" \/>\n\t<meta name=\"twitter:data2\" content=\"In stock\" \/>\n<script type=\"application\/ld+json\" class=\"yoast-schema-graph\">{\"@context\":\"https:\/\/schema.org\",\"@graph\":[{\"@type\":\"WebPage\",\"@id\":\"https:\/\/atg.md\/ro\/catalog\/autoclipsuri\/nazhimnye-zaglushki\/c0284\/\",\"url\":\"https:\/\/atg.md\/ro\/catalog\/autoclipsuri\/nazhimnye-zaglushki\/c0284\/\",\"name\":\"C0284 - Autoclipsuri, Dopuri de presiune - atg.md\",\"isPartOf\":{\"@id\":\"https:\/\/atg.md\/ro\/#website\"},\"datePublished\":\"2021-03-30T09:06:46+00:00\",\"dateModified\":\"2024-07-05T07:02:21+00:00\",\"breadcrumb\":{\"@id\":\"https:\/\/atg.md\/ro\/catalog\/autoclipsuri\/nazhimnye-zaglushki\/c0284\/#breadcrumb\"},\"inLanguage\":\"ro-RO\",\"potentialAction\":[{\"@type\":\"ReadAction\",\"target\":[[\"https:\/\/atg.md\/ro\/catalog\/autoclipsuri\/nazhimnye-zaglushki\/c0284\/\"]]}]},{\"@type\":\"BreadcrumbList\",\"@id\":\"https:\/\/atg.md\/ro\/catalog\/autoclipsuri\/nazhimnye-zaglushki\/c0284\/#breadcrumb\",\"itemListElement\":[{\"@type\":\"ListItem\",\"position\":1,\"name\":\"Home\",\"item\":\"https:\/\/atg.md\/ro\/\"},{\"@type\":\"ListItem\",\"position\":2,\"name\":\"\u041a\u0430\u0442\u0430\u043b\u043e\u0433\",\"item\":\"https:\/\/atg.md\/ro\/catalog\/\"},{\"@type\":\"ListItem\",\"position\":3,\"name\":\"C0284\"}]},{\"@type\":\"WebSite\",\"@id\":\"https:\/\/atg.md\/ro\/#website\",\"url\":\"https:\/\/atg.md\/ro\/\",\"name\":\"atg.md\",\"description\":\"V\u00e2nzare de izola\u021bii \u00eempotriva vibra\u021biilor pentru ma\u0219ini, izola\u021bie termic\u0103, izolare fonic\u0103 de la cei mai buni produc\u0103tori, autoclipsuri, elemente de fixare auto. Cump\u0103ra\u021bi \u00een Moldova, Chi\u0219in\u0103u\",\"publisher\":{\"@id\":\"https:\/\/atg.md\/ro\/#organization\"},\"potentialAction\":[{\"@type\":\"SearchAction\",\"target\":{\"@type\":\"EntryPoint\",\"urlTemplate\":\"https:\/\/atg.md\/ro\/?s={search_term_string}\"},\"query-input\":\"required name=search_term_string\"}],\"inLanguage\":\"ro-RO\"},{\"@type\":[\"Organization\",\"Place\",\"AutoPartsStore\"],\"@id\":\"https:\/\/atg.md\/ro\/#organization\",\"name\":\"S.C. AUTOTOM GRUP S.R.L.\",\"url\":\"https:\/\/atg.md\/ro\/\",\"logo\":{\"@type\":\"ImageObject\",\"inLanguage\":\"ro-RO\",\"@id\":\"https:\/\/atg.md\/ro\/#\/schema\/logo\/image\/\",\"url\":\"https:\/\/i2.wp.com\/atg.md\/wp-content\/uploads\/2021\/05\/atg_logo_main.png?fit=656%2C569&ssl=1\",\"contentUrl\":\"https:\/\/i2.wp.com\/atg.md\/wp-content\/uploads\/2021\/05\/atg_logo_main.png?fit=656%2C569&ssl=1\",\"width\":656,\"height\":569,\"caption\":\"S.C. AUTOTOM GRUP S.R.L.\"},\"image\":{\"@id\":\"https:\/\/atg.md\/ro\/#\/schema\/logo\/image\/\"},\"location\":{\"@id\":\"https:\/\/atg.md\/ro\/catalog\/autoclipsuri\/nazhimnye-zaglushki\/c0284\/#local-place\"},\"address\":{\"@id\":\"https:\/\/atg.md\/ro\/catalog\/autoclipsuri\/nazhimnye-zaglushki\/c0284\/#local-place-address\"},\"email\":\"atgtvv@gmail.com\",\"telephone\":\"+37369644446\",\"areaServed\":\"Moldova\"},{\"@type\":\"Place\",\"@id\":\"https:\/\/atg.md\/ro\/catalog\/autoclipsuri\/nazhimnye-zaglushki\/c0284\/#local-place\",\"address\":{\"@type\":\"PostalAddress\",\"@id\":\"https:\/\/atg.md\/ro\/catalog\/autoclipsuri\/nazhimnye-zaglushki\/c0284\/#local-place-address\",\"streetAddress\":\"str. Alba-Iulia 77\/20\",\"addressLocality\":\"Chisinau\",\"postalCode\":\"2043\",\"addressRegion\":\"mun. Chisinau\",\"addressCountry\":\"MD\"},\"geo\":{\"@type\":\"GeoCoordinates\",\"latitude\":\"47.0376\",\"longitude\":\"28.76899\"},\"openingHoursSpecification\":[{\"@type\":\"OpeningHoursSpecification\",\"dayOfWeek\":[\"Monday\",\"Tuesday\",\"Wednesday\",\"Thursday\",\"Friday\"],\"opens\":\"09:00\",\"closes\":\"18:00\"},{\"@type\":\"OpeningHoursSpecification\",\"dayOfWeek\":[\"Saturday\"],\"opens\":\"09:00\",\"closes\":\"14:00\"},{\"@type\":\"OpeningHoursSpecification\",\"dayOfWeek\":[\"Sunday\"],\"opens\":\"00:00\",\"closes\":\"00:00\"}],\"telephone\":\"+37369644446\"}]}<\/script>\n<meta name=\"geo.placename\" content=\"Chisinau\" \/>\n<meta name=\"geo.position\" content=\"47.0376;28.76899\" \/>\n<meta name=\"geo.region\" content=\"Moldova\" \/>\n<!-- \/ Yoast SEO Premium plugin. -->","yoast_head_json":{"title":"C0284 - Autoclipsuri, Dopuri de presiune - atg.md","robots":{"index":"index","follow":"follow","max-snippet":"max-snippet:-1","max-image-preview":"max-image-preview:large","max-video-preview":"max-video-preview:-1"},"canonical":"https:\/\/atg.md\/ro\/catalog\/autoclipsuri\/nazhimnye-zaglushki\/c0284\/","og_locale":"ro_RO","og_type":"article","og_title":"C0284 - Autoclipsuri, Dopuri de presiune - atg.md","og_description":"OEM: 65846-40F00, 6584640F00, 65846-4Z000, 658464Z000Dimensiune F: 6Dimensiune H: 11Dimensiune T: 28","og_url":"https:\/\/atg.md\/ro\/wp-json\/wp\/v2\/product\/6863","og_site_name":"atg.md","article_modified_time":"2024-07-05T07:02:21+00:00","og_image":[{"width":600,"height":600,"url":"https:\/\/atg.md\/wp-content\/uploads\/2021\/03\/c0284.jpg","type":"image\/jpeg"}],"twitter_card":"summary_large_image","twitter_misc":{"Pre\u021b":"5.00&nbsp;MDL","Availability":"In stock"},"schema":{"@context":"https:\/\/schema.org","@graph":[{"@type":"WebPage","@id":"https:\/\/atg.md\/ro\/catalog\/autoclipsuri\/nazhimnye-zaglushki\/c0284\/","url":"https:\/\/atg.md\/ro\/catalog\/autoclipsuri\/nazhimnye-zaglushki\/c0284\/","name":"C0284 - Autoclipsuri, Dopuri de presiune - atg.md","isPartOf":{"@id":"https:\/\/atg.md\/ro\/#website"},"datePublished":"2021-03-30T09:06:46+00:00","dateModified":"2024-07-05T07:02:21+00:00","breadcrumb":{"@id":"https:\/\/atg.md\/ro\/catalog\/autoclipsuri\/nazhimnye-zaglushki\/c0284\/#breadcrumb"},"inLanguage":"ro-RO","potentialAction":[{"@type":"ReadAction","target":[["https:\/\/atg.md\/ro\/catalog\/autoclipsuri\/nazhimnye-zaglushki\/c0284\/"]]}]},{"@type":"BreadcrumbList","@id":"https:\/\/atg.md\/ro\/catalog\/autoclipsuri\/nazhimnye-zaglushki\/c0284\/#breadcrumb","itemListElement":[{"@type":"ListItem","position":1,"name":"Home","item":"https:\/\/atg.md\/ro\/"},{"@type":"ListItem","position":2,"name":"\u041a\u0430\u0442\u0430\u043b\u043e\u0433","item":"https:\/\/atg.md\/ro\/catalog\/"},{"@type":"ListItem","position":3,"name":"C0284"}]},{"@type":"WebSite","@id":"https:\/\/atg.md\/ro\/#website","url":"https:\/\/atg.md\/ro\/","name":"atg.md","description":"V\u00e2nzare de izola\u021bii \u00eempotriva vibra\u021biilor pentru ma\u0219ini, izola\u021bie termic\u0103, izolare fonic\u0103 de la cei mai buni produc\u0103tori, autoclipsuri, elemente de fixare auto. Cump\u0103ra\u021bi \u00een Moldova, Chi\u0219in\u0103u","publisher":{"@id":"https:\/\/atg.md\/ro\/#organization"},"potentialAction":[{"@type":"SearchAction","target":{"@type":"EntryPoint","urlTemplate":"https:\/\/atg.md\/ro\/?s={search_term_string}"},"query-input":"required name=search_term_string"}],"inLanguage":"ro-RO"},{"@type":["Organization","Place","AutoPartsStore"],"@id":"https:\/\/atg.md\/ro\/#organization","name":"S.C. AUTOTOM GRUP S.R.L.","url":"https:\/\/atg.md\/ro\/","logo":{"@type":"ImageObject","inLanguage":"ro-RO","@id":"https:\/\/atg.md\/ro\/#\/schema\/logo\/image\/","url":"https:\/\/i2.wp.com\/atg.md\/wp-content\/uploads\/2021\/05\/atg_logo_main.png?fit=656%2C569&ssl=1","contentUrl":"https:\/\/i2.wp.com\/atg.md\/wp-content\/uploads\/2021\/05\/atg_logo_main.png?fit=656%2C569&ssl=1","width":656,"height":569,"caption":"S.C. AUTOTOM GRUP S.R.L."},"image":{"@id":"https:\/\/atg.md\/ro\/#\/schema\/logo\/image\/"},"location":{"@id":"https:\/\/atg.md\/ro\/catalog\/autoclipsuri\/nazhimnye-zaglushki\/c0284\/#local-place"},"address":{"@id":"https:\/\/atg.md\/ro\/catalog\/autoclipsuri\/nazhimnye-zaglushki\/c0284\/#local-place-address"},"email":"atgtvv@gmail.com","telephone":"+37369644446","areaServed":"Moldova"},{"@type":"Place","@id":"https:\/\/atg.md\/ro\/catalog\/autoclipsuri\/nazhimnye-zaglushki\/c0284\/#local-place","address":{"@type":"PostalAddress","@id":"https:\/\/atg.md\/ro\/catalog\/autoclipsuri\/nazhimnye-zaglushki\/c0284\/#local-place-address","streetAddress":"str. Alba-Iulia 77\/20","addressLocality":"Chisinau","postalCode":"2043","addressRegion":"mun. Chisinau","addressCountry":"MD"},"geo":{"@type":"GeoCoordinates","latitude":"47.0376","longitude":"28.76899"},"openingHoursSpecification":[{"@type":"OpeningHoursSpecification","dayOfWeek":["Monday","Tuesday","Wednesday","Thursday","Friday"],"opens":"09:00","closes":"18:00"},{"@type":"OpeningHoursSpecification","dayOfWeek":["Saturday"],"opens":"09:00","closes":"14:00"},{"@type":"OpeningHoursSpecification","dayOfWeek":["Sunday"],"opens":"00:00","closes":"00:00"}],"telephone":"+37369644446"}]}},"_links":{"self":[{"href":"https:\/\/atg.md\/ro\/wp-json\/wp\/v2\/product\/6863"}],"collection":[{"href":"https:\/\/atg.md\/ro\/wp-json\/wp\/v2\/product"}],"about":[{"href":"https:\/\/atg.md\/ro\/wp-json\/wp\/v2\/types\/product"}],"wp:featuredmedia":[{"embeddable":true,"href":"https:\/\/atg.md\/ro\/wp-json\/wp\/v2\/media\/6864"}],"wp:attachment":[{"href":"https:\/\/atg.md\/ro\/wp-json\/wp\/v2\/media?parent=6863"}],"wp:term":[{"taxonomy":"product_cat","embeddable":true,"href":"https:\/\/atg.md\/ro\/wp-json\/wp\/v2\/product_cat?post=6863"},{"taxonomy":"product_tag","embeddable":true,"href":"https:\/\/atg.md\/ro\/wp-json\/wp\/v2\/product_tag?post=6863"}],"curies":[{"name":"wp","href":"https:\/\/api.w.org\/{rel}","templated":true}]}}