{"id":6804,"date":"2021-03-30T09:06:23","date_gmt":"2021-03-30T09:06:23","guid":{"rendered":"http:\/\/atg.md\/product\/c0248\/"},"modified":"2024-07-05T07:02:11","modified_gmt":"2024-07-05T07:02:11","slug":"c0248","status":"publish","type":"product","link":"https:\/\/atg.md\/ro\/catalog\/autoclipsuri\/s-nazhimnym-shtyrkom\/c0248\/","title":{"rendered":"C0248"},"content":{"rendered":"<p><strong>Modele:<\/strong><\/p>\n<ul>\n<li>Acura TL<\/li>\n<li>Honda Accord Aerodeck, E-CA2, E-CA3<\/li>\n<li>Honda Accord Tourer, DBA-CW2<\/li>\n<li>Honda Accord, ABA-CL7, ABA-CL8, ABA-CL9, ABA-CM2, ABA-CM3, CBA-CL7, CBA-CM2, DBA-CL7, DBA-CM1, DBA-CM2, DBA-CU2, E-AC, E-AD, E-CA2, E-CA3, E-CA6, E-CB3, E-CB4, E-CB6, E-CB7, E-CB9, E-CD3, E-CD4, E-CD5, E-CD6, E-CD7, E-CD8, E-CE1, E-CF2, E-CF3, E-CF4, E-CF5, E-CF6, E-CF7, GF-CF3, GF-CF4, GF-CF5, GF-CF6, GF-CF7, GF-CH9, GH-CF3, GH-CF4, GH-CF5, GH-CH9, GH-CL1, GH-CL2, LA-CF5, LA-CF6, LA-CF7, LA-CL3, LA-CL7, LA-CL8, LA-CL9, LA-CM2, LA-CM3, UA-CL7, UA-CM2<\/li>\n<li>Honda Airwave, DBA-GJ1, DBA-GJ2<\/li>\n<li>Honda Ascot Innova, E-CB3, E-CB4, E-CC4, E-CC5<\/li>\n<li>Honda Ascot, E-CB3, E-CB4<\/li>\n<li>Honda Avancier, GH-TA1, GH-TA2, GH-TA3, GH-TA4, LA-TA1, LA-TA2, LA-TA3, LA-TA4<\/li>\n<li>Honda CR-V, ABA-RD4, ABA-RD5, CBA-RD6, CBA-RD7, LA-RD4, LA-RD5<\/li>\n<li>Honda City<\/li>\n<li>Honda Civic Aerodeck<\/li>\n<li>Honda Civic Ferio, ABA-ES2, ABA-ET2, CBA-ES1, CBA-ES3, LA-ES1, LA-ES2, LA-ES3, LA-ET2, UA-ES1, UA-ES3<\/li>\n<li>Honda Civic Hybrid, CAA-ES9, ZA-ES9<\/li>\n<li>Honda Civic, ABA-EP3, ABA-EU4, CBA-EU3, DFA-EN2, LA-EP3, LA-EU1, LA-EU2, LA-EU3, LA-EU4, UA-EU1, UA-EU3, UN-EN2<\/li>\n<li>Honda Crossroad, DBA-RT1, DBA-RT2, DBA-RT3, DBA-RT4<\/li>\n<li>Honda Elysion, DBA-RR1, DBA-RR2, DBA-RR3, DBA-RR4, DBA-RR5, DBA-RR6<\/li>\n<li>Honda Fit Aria, DBA-GD6, DBA-GD7, DBA-GD8, DBA-GD9, LA-GD6, LA-GD7, LA-GD8, LA-GD9<\/li>\n<li>Honda Fit, CBA-GD3, CBA-GD4, DBA-GD1, DBA-GD2, DBA-GD3, DBA-GD4, LA-GD1, LA-GD2, LA-GD3, LA-GD4, UA-GD1, UA-GD2, UA-GD3, UA-GD4<\/li>\n<li>Honda Freed, DBA-GB4<\/li>\n<li>Honda Inspire, DBA-CP3, DBA-UC1, E-UA1, E-UA2, E-UA3, GF-UA4, GF-UA5, LA-UA4, LA-UA5, UA-UC1<\/li>\n<li>Honda Integra, ABA-DC5, LA-DC5<\/li>\n<li>Honda Jazz<\/li>\n<li>Honda Legend, DBA-KB1, DBA-KB2, E-KA1, E-KA2, E-KA3, E-KA4, E-KA5, E-KA6, E-KA7, E-KA8<\/li>\n<li>Honda Life, CBA-JC2, DBA-JC1<\/li>\n<li>Honda MDX, CBA-YD1, UA-YD1<\/li>\n<li>Honda Mobilio Spike, CBA-GK1, CBA-GK2, DBA-GK1, DBA-GK2, LA-GK1, LA-GK2<\/li>\n<li>Honda Mobilio, CBA-GB1, DBA-GB1, DBA-GB2, LA-GB1, LA-GB2, UA-GB1<\/li>\n<li>Honda Odyssey, ABA-RB1, ABA-RB2, DBA-RB1, DBA-RB2, E-RA1, E-RA2, E-RA3, E-RA4, E-RA5, GF-RA3, GF-RA4, GF-RA5, GH-RA6, GH-RA7, GH-RA8, GH-RA9, LA-RA6, LA-RA7, LA-RA8, LA-RA9, LA-RB1, LA-RB2, UA-RB1, UA-RB2<\/li>\n<li>Honda Prelude, E-AB, E-BA1, E-BA4, E-BA5, E-BA7, E-BA8, E-BA9, E-BB1, E-BB4, E-BB5, E-BB6, E-BB7, E-BB8, GF-BB5, GF-BB6, GF-BB7, GF-BB8<\/li>\n<li>Honda S-MX, E-RH1, E-RH2, GF-RH1, GF-RH2<\/li>\n<li>Honda Saber, E-UA1, E-UA2, E-UA3, GF-UA4, GF-UA5, LA-UA4, LA-UA5<\/li>\n<li>Honda Shuttle<\/li>\n<li>Honda Stepwgn, CBA-RF3, CBA-RF4, CBA-RF5, CBA-RF6, CBA-RF7, CBA-RF8, DBA-RG3, DBA-RG4, LA-RF3, LA-RF4, UA-RF3, UA-RF4, UA-RF5, UA-RF6, UA-RF7, UA-RF8<\/li>\n<li>Honda Stream, ABA-RN2, ABA-RN4, CBA-RN1, CBA-RN3, CBA-RN5, LA-RN1, LA-RN2, LA-RN3, LA-RN4, UA-RN1, UA-RN3, UA-RN5<\/li>\n<li>Honda Today, M-JW1<\/li>\n<li>Honda Torneo, E-CF3, E-CF4, E-CF5, GF-CF3, GF-CF4, GF-CF5, GH-CF3, GH-CF4, GH-CF5, GH-CL1, LA-CF5, LA-CL3<\/li>\n<li>Honda Vigor, E-AD, E-CA2, E-CA3<\/li>\n<li>Honda Z, GF-PA1<\/li>\n<\/ul>\n<p><\/p>","protected":false},"excerpt":{"rendered":"<p><b>OEM:<\/b> 90657-S0-003, 90657S0003, 91533-SG0-000, 91533SG0000<\/p>\n<p><b>Dimensiune F:<\/b> 8<br \/><b>Dimensiune H:<\/b> 12<br \/><b>Dimensiune T:<\/b> 11<\/p>\n","protected":false},"featured_media":6805,"template":"","meta":[],"product_cat":[25,125],"product_tag":[],"bundled_by":[],"bundle_stock_status":"instock","bundle_stock_quantity":null,"bundle_virtual":false,"bundle_layout":"","bundle_add_to_cart_form_location":"","bundle_editable_in_cart":false,"bundle_sold_individually_context":"","bundle_item_grouping":"","bundle_min_size":"","bundle_max_size":"","bundled_items":[],"yoast_head":"<!-- This site is optimized with the Yoast SEO Premium plugin v16.6 (Yoast SEO v20.1) - https:\/\/yoast.com\/wordpress\/plugins\/seo\/ -->\n<title>C0248 - Autoclipsuri, Cu un ac de \u00eempingere - atg.md<\/title>\n<meta name=\"robots\" content=\"index, follow, max-snippet:-1, max-image-preview:large, max-video-preview:-1\" \/>\n<link rel=\"canonical\" href=\"https:\/\/atg.md\/ro\/catalog\/autoclipsuri\/s-nazhimnym-shtyrkom\/c0248\/\" \/>\n<meta property=\"og:locale\" content=\"ro_RO\" \/>\n<meta property=\"og:type\" content=\"article\" \/>\n<meta property=\"og:title\" content=\"C0248 - Autoclipsuri, Cu un ac de \u00eempingere - atg.md\" \/>\n<meta property=\"og:description\" content=\"OEM: 90657-S0-003, 90657S0003, 91533-SG0-000, 91533SG0000Dimensiune F: 8Dimensiune H: 12Dimensiune T: 11\" \/>\n<meta property=\"og:url\" content=\"https:\/\/atg.md\/ro\/wp-json\/wp\/v2\/product\/6804\" \/>\n<meta property=\"og:site_name\" content=\"atg.md\" \/>\n<meta property=\"article:modified_time\" content=\"2024-07-05T07:02:11+00:00\" \/>\n<meta property=\"og:image\" content=\"https:\/\/atg.md\/wp-content\/uploads\/2021\/03\/c0248.jpg\" \/>\n\t<meta property=\"og:image:width\" content=\"600\" \/>\n\t<meta property=\"og:image:height\" content=\"600\" \/>\n\t<meta property=\"og:image:type\" content=\"image\/jpeg\" \/>\n<meta name=\"twitter:card\" content=\"summary_large_image\" \/>\n<meta name=\"twitter:label1\" content=\"Pre\u021b\" \/>\n\t<meta name=\"twitter:data1\" content=\"8.00&nbsp;MDL\" \/>\n\t<meta name=\"twitter:label2\" content=\"Availability\" \/>\n\t<meta name=\"twitter:data2\" content=\"In stock\" \/>\n<script type=\"application\/ld+json\" class=\"yoast-schema-graph\">{\"@context\":\"https:\/\/schema.org\",\"@graph\":[{\"@type\":\"WebPage\",\"@id\":\"https:\/\/atg.md\/ro\/catalog\/autoclipsuri\/s-nazhimnym-shtyrkom\/c0248\/\",\"url\":\"https:\/\/atg.md\/ro\/catalog\/autoclipsuri\/s-nazhimnym-shtyrkom\/c0248\/\",\"name\":\"C0248 - Autoclipsuri, Cu un ac de \u00eempingere - atg.md\",\"isPartOf\":{\"@id\":\"https:\/\/atg.md\/ro\/#website\"},\"datePublished\":\"2021-03-30T09:06:23+00:00\",\"dateModified\":\"2024-07-05T07:02:11+00:00\",\"breadcrumb\":{\"@id\":\"https:\/\/atg.md\/ro\/catalog\/autoclipsuri\/s-nazhimnym-shtyrkom\/c0248\/#breadcrumb\"},\"inLanguage\":\"ro-RO\",\"potentialAction\":[{\"@type\":\"ReadAction\",\"target\":[[\"https:\/\/atg.md\/ro\/catalog\/autoclipsuri\/s-nazhimnym-shtyrkom\/c0248\/\"]]}]},{\"@type\":\"BreadcrumbList\",\"@id\":\"https:\/\/atg.md\/ro\/catalog\/autoclipsuri\/s-nazhimnym-shtyrkom\/c0248\/#breadcrumb\",\"itemListElement\":[{\"@type\":\"ListItem\",\"position\":1,\"name\":\"Home\",\"item\":\"https:\/\/atg.md\/ro\/\"},{\"@type\":\"ListItem\",\"position\":2,\"name\":\"\u041a\u0430\u0442\u0430\u043b\u043e\u0433\",\"item\":\"https:\/\/atg.md\/ro\/catalog\/\"},{\"@type\":\"ListItem\",\"position\":3,\"name\":\"C0248\"}]},{\"@type\":\"WebSite\",\"@id\":\"https:\/\/atg.md\/ro\/#website\",\"url\":\"https:\/\/atg.md\/ro\/\",\"name\":\"atg.md\",\"description\":\"V\u00e2nzare de izola\u021bii \u00eempotriva vibra\u021biilor pentru ma\u0219ini, izola\u021bie termic\u0103, izolare fonic\u0103 de la cei mai buni produc\u0103tori, autoclipsuri, elemente de fixare auto. Cump\u0103ra\u021bi \u00een Moldova, Chi\u0219in\u0103u\",\"publisher\":{\"@id\":\"https:\/\/atg.md\/ro\/#organization\"},\"potentialAction\":[{\"@type\":\"SearchAction\",\"target\":{\"@type\":\"EntryPoint\",\"urlTemplate\":\"https:\/\/atg.md\/ro\/?s={search_term_string}\"},\"query-input\":\"required name=search_term_string\"}],\"inLanguage\":\"ro-RO\"},{\"@type\":[\"Organization\",\"Place\",\"AutoPartsStore\"],\"@id\":\"https:\/\/atg.md\/ro\/#organization\",\"name\":\"S.C. AUTOTOM GRUP S.R.L.\",\"url\":\"https:\/\/atg.md\/ro\/\",\"logo\":{\"@type\":\"ImageObject\",\"inLanguage\":\"ro-RO\",\"@id\":\"https:\/\/atg.md\/ro\/#\/schema\/logo\/image\/\",\"url\":\"https:\/\/i2.wp.com\/atg.md\/wp-content\/uploads\/2021\/05\/atg_logo_main.png?fit=656%2C569&ssl=1\",\"contentUrl\":\"https:\/\/i2.wp.com\/atg.md\/wp-content\/uploads\/2021\/05\/atg_logo_main.png?fit=656%2C569&ssl=1\",\"width\":656,\"height\":569,\"caption\":\"S.C. AUTOTOM GRUP S.R.L.\"},\"image\":{\"@id\":\"https:\/\/atg.md\/ro\/#\/schema\/logo\/image\/\"},\"location\":{\"@id\":\"https:\/\/atg.md\/ro\/catalog\/autoclipsuri\/s-nazhimnym-shtyrkom\/c0248\/#local-place\"},\"address\":{\"@id\":\"https:\/\/atg.md\/ro\/catalog\/autoclipsuri\/s-nazhimnym-shtyrkom\/c0248\/#local-place-address\"},\"email\":\"atgtvv@gmail.com\",\"telephone\":\"+37369644446\",\"areaServed\":\"Moldova\"},{\"@type\":\"Place\",\"@id\":\"https:\/\/atg.md\/ro\/catalog\/autoclipsuri\/s-nazhimnym-shtyrkom\/c0248\/#local-place\",\"address\":{\"@type\":\"PostalAddress\",\"@id\":\"https:\/\/atg.md\/ro\/catalog\/autoclipsuri\/s-nazhimnym-shtyrkom\/c0248\/#local-place-address\",\"streetAddress\":\"str. Alba-Iulia 77\/20\",\"addressLocality\":\"Chisinau\",\"postalCode\":\"2043\",\"addressRegion\":\"mun. Chisinau\",\"addressCountry\":\"MD\"},\"geo\":{\"@type\":\"GeoCoordinates\",\"latitude\":\"47.0376\",\"longitude\":\"28.76899\"},\"openingHoursSpecification\":[{\"@type\":\"OpeningHoursSpecification\",\"dayOfWeek\":[\"Monday\",\"Tuesday\",\"Wednesday\",\"Thursday\",\"Friday\"],\"opens\":\"09:00\",\"closes\":\"18:00\"},{\"@type\":\"OpeningHoursSpecification\",\"dayOfWeek\":[\"Saturday\"],\"opens\":\"09:00\",\"closes\":\"14:00\"},{\"@type\":\"OpeningHoursSpecification\",\"dayOfWeek\":[\"Sunday\"],\"opens\":\"00:00\",\"closes\":\"00:00\"}],\"telephone\":\"+37369644446\"}]}<\/script>\n<meta name=\"geo.placename\" content=\"Chisinau\" \/>\n<meta name=\"geo.position\" content=\"47.0376;28.76899\" \/>\n<meta name=\"geo.region\" content=\"Moldova\" \/>\n<!-- \/ Yoast SEO Premium plugin. -->","yoast_head_json":{"title":"C0248 - Autoclipsuri, Cu un ac de \u00eempingere - atg.md","robots":{"index":"index","follow":"follow","max-snippet":"max-snippet:-1","max-image-preview":"max-image-preview:large","max-video-preview":"max-video-preview:-1"},"canonical":"https:\/\/atg.md\/ro\/catalog\/autoclipsuri\/s-nazhimnym-shtyrkom\/c0248\/","og_locale":"ro_RO","og_type":"article","og_title":"C0248 - Autoclipsuri, Cu un ac de \u00eempingere - atg.md","og_description":"OEM: 90657-S0-003, 90657S0003, 91533-SG0-000, 91533SG0000Dimensiune F: 8Dimensiune H: 12Dimensiune T: 11","og_url":"https:\/\/atg.md\/ro\/wp-json\/wp\/v2\/product\/6804","og_site_name":"atg.md","article_modified_time":"2024-07-05T07:02:11+00:00","og_image":[{"width":600,"height":600,"url":"https:\/\/atg.md\/wp-content\/uploads\/2021\/03\/c0248.jpg","type":"image\/jpeg"}],"twitter_card":"summary_large_image","twitter_misc":{"Pre\u021b":"8.00&nbsp;MDL","Availability":"In stock"},"schema":{"@context":"https:\/\/schema.org","@graph":[{"@type":"WebPage","@id":"https:\/\/atg.md\/ro\/catalog\/autoclipsuri\/s-nazhimnym-shtyrkom\/c0248\/","url":"https:\/\/atg.md\/ro\/catalog\/autoclipsuri\/s-nazhimnym-shtyrkom\/c0248\/","name":"C0248 - Autoclipsuri, Cu un ac de \u00eempingere - atg.md","isPartOf":{"@id":"https:\/\/atg.md\/ro\/#website"},"datePublished":"2021-03-30T09:06:23+00:00","dateModified":"2024-07-05T07:02:11+00:00","breadcrumb":{"@id":"https:\/\/atg.md\/ro\/catalog\/autoclipsuri\/s-nazhimnym-shtyrkom\/c0248\/#breadcrumb"},"inLanguage":"ro-RO","potentialAction":[{"@type":"ReadAction","target":[["https:\/\/atg.md\/ro\/catalog\/autoclipsuri\/s-nazhimnym-shtyrkom\/c0248\/"]]}]},{"@type":"BreadcrumbList","@id":"https:\/\/atg.md\/ro\/catalog\/autoclipsuri\/s-nazhimnym-shtyrkom\/c0248\/#breadcrumb","itemListElement":[{"@type":"ListItem","position":1,"name":"Home","item":"https:\/\/atg.md\/ro\/"},{"@type":"ListItem","position":2,"name":"\u041a\u0430\u0442\u0430\u043b\u043e\u0433","item":"https:\/\/atg.md\/ro\/catalog\/"},{"@type":"ListItem","position":3,"name":"C0248"}]},{"@type":"WebSite","@id":"https:\/\/atg.md\/ro\/#website","url":"https:\/\/atg.md\/ro\/","name":"atg.md","description":"V\u00e2nzare de izola\u021bii \u00eempotriva vibra\u021biilor pentru ma\u0219ini, izola\u021bie termic\u0103, izolare fonic\u0103 de la cei mai buni produc\u0103tori, autoclipsuri, elemente de fixare auto. Cump\u0103ra\u021bi \u00een Moldova, Chi\u0219in\u0103u","publisher":{"@id":"https:\/\/atg.md\/ro\/#organization"},"potentialAction":[{"@type":"SearchAction","target":{"@type":"EntryPoint","urlTemplate":"https:\/\/atg.md\/ro\/?s={search_term_string}"},"query-input":"required name=search_term_string"}],"inLanguage":"ro-RO"},{"@type":["Organization","Place","AutoPartsStore"],"@id":"https:\/\/atg.md\/ro\/#organization","name":"S.C. AUTOTOM GRUP S.R.L.","url":"https:\/\/atg.md\/ro\/","logo":{"@type":"ImageObject","inLanguage":"ro-RO","@id":"https:\/\/atg.md\/ro\/#\/schema\/logo\/image\/","url":"https:\/\/i2.wp.com\/atg.md\/wp-content\/uploads\/2021\/05\/atg_logo_main.png?fit=656%2C569&ssl=1","contentUrl":"https:\/\/i2.wp.com\/atg.md\/wp-content\/uploads\/2021\/05\/atg_logo_main.png?fit=656%2C569&ssl=1","width":656,"height":569,"caption":"S.C. AUTOTOM GRUP S.R.L."},"image":{"@id":"https:\/\/atg.md\/ro\/#\/schema\/logo\/image\/"},"location":{"@id":"https:\/\/atg.md\/ro\/catalog\/autoclipsuri\/s-nazhimnym-shtyrkom\/c0248\/#local-place"},"address":{"@id":"https:\/\/atg.md\/ro\/catalog\/autoclipsuri\/s-nazhimnym-shtyrkom\/c0248\/#local-place-address"},"email":"atgtvv@gmail.com","telephone":"+37369644446","areaServed":"Moldova"},{"@type":"Place","@id":"https:\/\/atg.md\/ro\/catalog\/autoclipsuri\/s-nazhimnym-shtyrkom\/c0248\/#local-place","address":{"@type":"PostalAddress","@id":"https:\/\/atg.md\/ro\/catalog\/autoclipsuri\/s-nazhimnym-shtyrkom\/c0248\/#local-place-address","streetAddress":"str. Alba-Iulia 77\/20","addressLocality":"Chisinau","postalCode":"2043","addressRegion":"mun. Chisinau","addressCountry":"MD"},"geo":{"@type":"GeoCoordinates","latitude":"47.0376","longitude":"28.76899"},"openingHoursSpecification":[{"@type":"OpeningHoursSpecification","dayOfWeek":["Monday","Tuesday","Wednesday","Thursday","Friday"],"opens":"09:00","closes":"18:00"},{"@type":"OpeningHoursSpecification","dayOfWeek":["Saturday"],"opens":"09:00","closes":"14:00"},{"@type":"OpeningHoursSpecification","dayOfWeek":["Sunday"],"opens":"00:00","closes":"00:00"}],"telephone":"+37369644446"}]}},"_links":{"self":[{"href":"https:\/\/atg.md\/ro\/wp-json\/wp\/v2\/product\/6804"}],"collection":[{"href":"https:\/\/atg.md\/ro\/wp-json\/wp\/v2\/product"}],"about":[{"href":"https:\/\/atg.md\/ro\/wp-json\/wp\/v2\/types\/product"}],"wp:featuredmedia":[{"embeddable":true,"href":"https:\/\/atg.md\/ro\/wp-json\/wp\/v2\/media\/6805"}],"wp:attachment":[{"href":"https:\/\/atg.md\/ro\/wp-json\/wp\/v2\/media?parent=6804"}],"wp:term":[{"taxonomy":"product_cat","embeddable":true,"href":"https:\/\/atg.md\/ro\/wp-json\/wp\/v2\/product_cat?post=6804"},{"taxonomy":"product_tag","embeddable":true,"href":"https:\/\/atg.md\/ro\/wp-json\/wp\/v2\/product_tag?post=6804"}],"curies":[{"name":"wp","href":"https:\/\/api.w.org\/{rel}","templated":true}]}}