{"id":6774,"date":"2021-03-30T09:06:23","date_gmt":"2021-03-30T09:06:23","guid":{"rendered":"http:\/\/atg.md\/product\/c0230\/"},"modified":"2024-07-05T07:02:03","modified_gmt":"2024-07-05T07:02:03","slug":"c0230","status":"publish","type":"product","link":"https:\/\/atg.md\/ro\/catalog\/autoclipsuri\/vstavki\/c0230\/","title":{"rendered":"C0230"},"content":{"rendered":"<p><strong>Modele:<\/strong><\/p>\n<ul>\n<li>Toyota 4Runner, GRN210, GRN215, KZN185, KZN205, KZN215, LN106, LN107, LN111, LN130, LN135, LN205, LN51, LN56, LN65, LN66, RN101, RN105, RN106, RN110, RN120, RN121, RN130, RN131, RN135, RN50, RN55, RN60, RN61, RN65, RN66, RN70, RN75, RN80, RN85, RN90, RZN180, RZN185, UZN210, UZN215, VZN100, VZN105, VZN110, VZN120, VZN130, VZN131, VZN180, VZN185, VZN61, VZN66, VZN85, VZN90, VZN95, YN106, YN130, YN135<\/li>\n<li>Toyota Allex, NZE121, NZE124, ZZE122, ZZE123, ZZE124<\/li>\n<li>Toyota Allion, AZT240, NZT240, NZT260, ZRT260, ZRT261, ZRT265, ZZT240, ZZT245<\/li>\n<li>Toyota Alphard, ANH10, ANH10W, ANH15, ANH15W, ATH10, ATH10W, MNH10, MNH10W, MNH15, MNH15W<\/li>\n<li>Toyota Altezza, GXE10, GXE10W, GXE15, GXE15W, JCE10, JCE10W, JCE15, JCE15W, SXE10<\/li>\n<li>Toyota Aqua, NHP10, NHP10H<\/li>\n<li>Toyota Aristo, JZS147, JZS147E, JZS160, JZS161, UZS143, UZS143E<\/li>\n<li>Toyota Aurion, ACV40, GSV40<\/li>\n<li>Toyota Auris, ADE150, ADE157, NDE150, NZE151, NZE151H, NZE154, NZE154H, NZE181, NZE181H, NZE184, NZE184H, ZRE151, ZRE152, ZRE152H, ZRE154, ZRE154H, ZRE186, ZRE186H, ZZE150<\/li>\n<li>Toyota Avalon, GSX30, MCX10<\/li>\n<li>Toyota Avensis Verso, ACM20, ACM21, CLM20<\/li>\n<li>Toyota Avensis, ADT250, ADT251, AZT250, AZT250L, AZT250W, AZT251, AZT251L, AZT251W, AZT255, AZT255W, CDT250, ZRT272, ZRT272W, ZZT250, ZZT251, ZZT251L<\/li>\n<li>Toyota Belta, KSP92, NCP96, SCP92<\/li>\n<li>Toyota Blade, AZE154, AZE154H, AZE156, AZE156H, GRE156, GRE156H<\/li>\n<li>Toyota Caldina, AZT241, AZT241W, AZT246, AZT246W, CT190, CT190G, ST190, ST190G, ST246, ST246W, ZZT241, ZZT241W<\/li>\n<li>Toyota Camry Gracia, MCV21, MCV21W, MCV25, MCV25W, SXV20, SXV20W, SXV25, SXV25W<\/li>\n<li>Toyota Camry, ACV30, ACV30L, ACV31, ACV35, ACV36, ACV40, ACV41, ACV45, AHV40, AVV50, CV10, CV11, CV20, CV40, CV43, GSV40, MCV10, MCV20, MCV30, MCV30L, MCV31, MCV36, SV10, SV11, SV12, SV20, SV21, SV22, SV25, SV40, SV41, SV42, SV43, SXV10, SXV11, SXV20, SXV23, VCV10, VZV20, VZV21<\/li>\n<li>Toyota Carina E, AT190, AT190L, AT191, AT191L, CT190, CT190L, ST191, ST191L<\/li>\n<li>Toyota Carina ED, ST180, ST181, ST182, ST183, ST200, ST201, ST202, ST203, ST205<\/li>\n<li>Toyota Carina II, AT171, AT177, CT170, CT177, ST171<\/li>\n<li>Toyota Carina, AT170, AT170G, AT171, AT175, AT210, AT211, AT212, CT170, CT170G, CT176, CT210, CT211, CT215, CT216, ET176, ST170, ST170G, ST215<\/li>\n<li>Toyota Celica, AT180, AT200, ST182, ST183, ST183C, ST184, ST185, ST202, ST202C, ST203, ST204, ST205<\/li>\n<li>Toyota Century, GZG50, VG40, VG45<\/li>\n<li>Toyota Chaser, GX100, GX105, GX71, GX81, GX90, JZX100, JZX101, JZX105, JZX81, JZX90, JZX91, JZX93, LX100, LX70, LX80, LX90, MX71, MX83, SX100, SX70, SX80, SX90, YX70, YX72, YX80<\/li>\n<li>Toyota Coaster, BB40, BB40R, BB42, BB43, BB46, BB50, BB55, BB58, BB59, BZB40, BZB50, HDB50, HDB51, HZB40, HZB41, HZB46, HZB50, HZB50L, HZB50R, HZB56, RZB40, RZB50, TRB40, TRB50, XZB50, XZB59<\/li>\n<li>Toyota Corolla Axio, NKE165, NRE160, NZE141, NZE144, NZE161, NZE164, ZRE142, ZRE144, ZRE162<\/li>\n<li>Toyota Corolla Ceres, AE100, AE101<\/li>\n<li>Toyota Corolla FX, AE82<\/li>\n<li>Toyota Corolla Fielder, CE121, CE121G, NKE165, NKE165G, NRE160, NZE120, NZE121, NZE121G, NZE124, NZE124G, NZE141, NZE141G, NZE144, NZE144G, NZE161, NZE161G, NZE164, NZE164G, ZRE142, ZRE142G, ZRE144, ZRE144G, ZRE162, ZRE162G, ZZE122, ZZE122G, ZZE123, ZZE123G, ZZE124, ZZE124G<\/li>\n<li>Toyota Corolla II, AL20, AL21, EL30, EL31, EL41, EL43, EL45, EL51, EL53, EL55, NL30, NL40, NL50<\/li>\n<li>Toyota Corolla Levin, AE100, AE101, AE110, AE111, AE85, AE86, AE91, AE92<\/li>\n<li>Toyota Corolla Rumion, NZE151, NZE151N, ZRE152, ZRE152N, ZRE154, ZRE154N<\/li>\n<li>Toyota Corolla Runx, NZE121, NZE124, ZZE122, ZZE123, ZZE124<\/li>\n<li>Toyota Corolla Spacio, AE111, AE111N, AE115, AE115N, NZE121, NZE121N, ZZE122, ZZE122N, ZZE124, ZZE124N<\/li>\n<li>Toyota Corolla Verso, AUR10, CDE120, CUR10, ZNR10, ZNR11, ZNR11L, ZZE121, ZZE122<\/li>\n<li>Toyota Corolla, ADE150, AE100, AE100G, AE101, AE101G, AE102, AE103, AE104, AE104G, AE109, AE109V, AE110, AE111, AE112, AE114, AE115, AE70, AE71, AE80, AE81, AE82, AE86, AE91, AE91G, AE92, AE95, AZE141, CDE110, CDE120, CE100, CE100G, CE101, CE101G, CE102, CE102G, CE104, CE105, CE105V, CE106, CE106V, CE107, CE107V, CE108, CE108G, CE109, CE109V, CE110, CE113, CE114, CE116, CE120, CE140, CE70, CE71, CE72, CE80, CE90, CE95, CE96, CE96V, CE97, CE97G, EE100, EE101, EE102, EE102V, EE103, EE103V, EE104, EE104G, EE105, EE106, EE106V, EE107, EE107V, EE108, EE108G, EE110, EE111, EE80, EE90, EE96, EE96V, EE97, EE97G, EE98, EE98V, KE70, KE71, KE72, KE73, KE74, NDE120, NDE150, NZE120, NZE121, NZE141, TE70, TE71, TE72, TE73, TE74, WZE110, ZRE120, ZRE142, ZRE151, ZRE152, ZZE110, ZZE111, ZZE112, ZZE120, ZZE120L, ZZE121, ZZE121L, ZZE122, ZZE123, ZZE123L, ZZE130, ZZE131, ZZE132, ZZE133, ZZE134, ZZE141, ZZE142, ZZE150<\/li>\n<li>Toyota Corona Exiv, ST180, ST181, ST182, ST183, ST200, ST201, ST202, ST203, ST205<\/li>\n<li>Toyota Corona, AT170, AT171, AT175, AT177, CT170, CT176, CT177, ET176, RT130, RT132, RT133, RT134, RT135, ST170, ST171, TT132, TT133, XT130<\/li>\n<li>Toyota Corsa, AL20, AL21, AL25, EL30, EL31, EL41, EL43, EL45, EL51, EL53, EL55, NL30, NL40, NL50<\/li>\n<li>Toyota Cressida, GX71, GX81, LX70, LX71, LX80, MX72, MX73, MX75, MX81, MX83, RX70, RX71, RX72, RX73, RX80, RX81, YX70, YX72<\/li>\n<li>Toyota Cresta, GX100, GX105, GX71, GX81, GX90, JZX100, JZX101, JZX105, JZX81, JZX90, JZX91, JZX93, LX100, LX70, LX80, LX90, MX71, MX83, SX70, SX80, SX90, YX80<\/li>\n<li>Toyota Crown Majesta, GRS180, GRS181, GRS182, GRS183, GRS184, GS141, GS151, GS171, JKS175, JZS141, JZS143, JZS145, JZS147, JZS149, JZS151, JZS153, JZS155, JZS157, JZS171, JZS173, JZS175, JZS177, JZS179, LS141, LS151, URS206, UZS141, UZS143, UZS145, UZS147, UZS151, UZS155, UZS157, UZS171, UZS173, UZS175, UZS186, UZS187, UZS207<\/li>\n<li>Toyota Crown, GRS180, GRS181, GRS182, GRS183, GRS184, GS120, GS121, GS126, GS130, GS130G, GS130W, GS131, GS131H, GS136, GS141, GS151, GS151H, GS171, GS171W, JKS175, JZS130, JZS130G, JZS131, JZS133, JZS135, JZS141, JZS143, JZS145, JZS147, JZS149, JZS151, JZS153, JZS155, JZS157, JZS171, JZS171W, JZS173, JZS173W, JZS175, JZS175W, JZS177, JZS179, LS120, LS126, LS130, LS130G, LS130W, LS131, LS131H, LS136, LS141, LS151, LS151H, MS120, MS123, MS125, MS130, MS132, MS133, MS135, MS137, MS137X, UZS131, UZS141, UZS143, UZS145, UZS147, UZS151, UZS155, UZS157, UZS171, UZS173, UZS175, UZS186, UZS187, YS120, YS130, YS132<\/li>\n<li>Toyota Curren, ST206, ST207, ST208<\/li>\n<li>Toyota Cynos, EL44, EL52, EL52C, EL54, EL54C<\/li>\n<li>Toyota Dyna, BU300, BU301, BU303, BU306, BU340, BU343, BU346, BU400, BU410, BU420, BU430, BZU300, BZU340, BZU410, KDY220, KDY221, KDY230, KDY231, KDY240, KDY241, KDY250, KDY251, KDY260, KDY261, KDY270, KDY271, KDY280, KDY281, KDY290, LY220, LY225, LY230, LY235, LY240, LY270, LY280, LY290, RZU300, RZU301, RZU340, RZY220, RZY230, RZY231, RZY281, TRU300, TRU340, TRY220, TRY230, TRY231, TRY281, WU300, WU302, WU340, WU342, WU410, WU412, WU420, WU422, XKU304, XKU308, XKU338, XKU344, XKU348, XKU414, XKU508, XKU700, XKU710, XKU720, XZC710, XZU300, XZU301, XZU302, XZU304, XZU305, XZU306, XZU307, XZU308, XZU311, XZU312, XZU314, XZU320, XZU321, XZU322, XZU324, XZU327, XZU330, XZU331, XZU334, XZU336, XZU337, XZU338, XZU340, XZU341, XZU342, XZU344, XZU345, XZU346, XZU347, XZU348, XZU350, XZU351, XZU352, XZU354, XZU362, XZU368, XZU371, XZU372, XZU378, XZU382, XZU388, XZU402, XZU404, XZU410, XZU411, XZU412, XZU413, XZU414, XZU415, XZU420, XZU422, XZU423, XZU424, XZU425, XZU430, XZU433, XZU434, XZU435, XZU700, XZU710, XZU720, XZU730, XZU775<\/li>\n<li>Toyota EQ EV, KPJ10<\/li>\n<li>Toyota Echo Verso, NCP20, NCP21, NCP22, NLP20, NLP22<\/li>\n<li>Toyota Echo, NCP10, NCP11, NCP12, NCP13, SCP10<\/li>\n<li>Toyota Estima Emina, CXR10, CXR10G, CXR11, CXR11G, TCR10, TCR10G, TCR11, TCR11G<\/li>\n<li>Toyota Estima Lucida, CXR10, CXR10G, CXR11, CXR11G, TCR10, TCR10G, TCR11, TCR11G<\/li>\n<li>Toyota Estima, ACR30, ACR30W, ACR50, ACR50W, ACR55, ACR55W, AHR10, AHR10W, AHR20, AHR20W, GSR50, GSR50W, GSR55, GSR55W, MCR30, MCR30W, TCR10, TCR10W, TCR11, TCR11W<\/li>\n<li>Toyota FJ Cruiser, GSJ10, GSJ10W, GSJ15, GSJ15W<\/li>\n<li>Toyota Fortuner, GGN50, GGN60, KUN50, KUN51, KUN51L, KUN60, KUN60L, KUN61, LAN50, TGN51, TGN51L, TGN61<\/li>\n<li>Toyota Funcargo, NCP20, NCP21, NCP25<\/li>\n<li>Toyota Gaia, ACM10, ACM10G, ACM15, ACM15G, CXM10, CXM10G, SXM10, SXM10G, SXM15, SXM15G<\/li>\n<li>Toyota Grand Hiace, KCH10, KCH10W, KCH12, KCH16, KCH16W, RCH11, VCH10, VCH10W, VCH16, VCH16W<\/li>\n<li>Toyota Granvia, KCH10, KCH10W, KCH12, KCH16, KCH16W, RCH11, RCH11W, VCH10, VCH10W, VCH16, VCH16W<\/li>\n<li>Toyota Harrier, ACU10, ACU10W, ACU15, ACU15W, ACU30, ACU30W, ACU35, ACU35W, AVU65, AVU65W, GSU30, GSU30W, GSU31, GSU31W, GSU35, GSU35W, GSU36, GSU36W, MCU10, MCU10W, MCU15, MCU15W, MCU30, MCU30W, MCU31, MCU31W, MCU35, MCU35W, MCU36, MCU36W, MHU38, MHU38W, SXU10, SXU10W, SXU15, SXU15W, ZSU60, ZSU60W, ZSU65, ZSU65W<\/li>\n<li>Toyota Hiace, KLH12, KLH18, KLH22, KLH28, LH102, LH102V, LH103, LH103V, LH104, LH105, LH108, LH112, LH113, LH113K, LH113V, LH114, LH115, LH118, LH125, LH162, LH162V, LH164, LH166, LH172, LH172K, LH172V, LH174, LH176, LH184, LXH12, LXH18, LXH22, LXH28, RCH12, RCH13, RCH18, RCH19, RCH22, RCH23, RCH28, RCH29, RZH102, RZH102V, RZH103, RZH104, RZH105, RZH109, RZH112, RZH112K, RZH112V, RZH113, RZH114, RZH115, RZH119, RZH125, RZH155<\/li>\n<li>Toyota Highlander, ACU20, ACU20L, ACU25, ACU25L, GSU40, GSU40L, GSU45, MCU20, MCU20L, MCU23, MCU23L, MCU25, MCU25L, MCU28, MCU28L, MHU23, MHU28, MHU48<\/li>\n<li>Toyota Hilux Surf, GRN215, GRN215W, KDN185, KDN185W, KDN215, KDN215W, KZN185, KZN185G, KZN185W, RZN180, RZN180W, RZN185, RZN185W, RZN210, RZN210W, RZN215, RZN215W, TRN210, TRN210W, TRN215, TRN215W, VZN180, VZN180W, VZN185, VZN185W, VZN210, VZN210W, VZN215, VZN215W<\/li>\n<li>Toyota Hilux, KDN145, KDN150, KDN151, KDN155, KDN165, KDN166, KDN170, KDN190, KZN130, KZN165, KZN190, KZN205, LN105, LN106, LN107, LN108, LN110, LN111, LN130, LN135, LN140, LN141, LN145, LN146, LN147, LN150, LN152, LN155, LN157, LN165, LN166, LN167, LN170, LN171, LN172, LN190, LN191, LN192, LN200, LN205, LN50, LN51, LN55, LN56, LN57, LN60, LN61, LN65, LN67, LN80, LN81, LN85, LN86, LN90, LN91, RN105, RN106, RN110, RN125, RN130, RN135, RN50, RN55, RN58, RN61, RN67, RN80, RN85, RN90, RZN142, RZN144, RZN147, RZN148, RZN149, RZN154, RZN168, RZN169, RZN173, RZN174, RZN193, RZN194, RZN200, VZN130, VZN167, VZN172, YN106, YN110, YN130, YN135, YN140, YN50, YN51, YN52, YN55, YN56, YN57, YN58, YN60, YN62, YN63, YN65, YN67, YN80, YN81, YN85, YN86, YN87, YN90, YN92<\/li>\n<li>Toyota Ipsum, ACM21, ACM21W, ACM26, ACM26W, CXM10, CXM10G, SXM10, SXM10G, SXM15, SXM15G<\/li>\n<li>Toyota Isis, ANM10, ANM10G, ANM10W, ANM15, ANM15G, ANM15W, ZGM10, ZGM10G, ZGM10W, ZGM11, ZGM11G, ZGM11W, ZGM15, ZGM15G, ZGM15W, ZNM10, ZNM10G, ZNM10W<\/li>\n<li>Toyota Kluger V, ACU20, ACU20W, ACU25, ACU25W, MCU20, MCU20W, MCU25, MCU25W, MCU28, MHU28, MHU28W<\/li>\n<li>Toyota Land Cruiser Prado, BJ70, BJ71, BJ73, BJ74, FJ75, GRJ120, GRJ120W, GRJ121, GRJ121W, GRJ125, GRJ125W, GRJ150, GRJ150L, GRJ150W, GRJ151, GRJ151W, HZJ70, HZJ71, HZJ73, HZJ74, HZJ75, HZJ76, HZJ77, HZJ79, KDJ120, KDJ120W, KDJ121, KDJ121W, KDJ125, KDJ125W, KDJ90, KDJ90W, KDJ95, KDJ95W, KZJ120, KZJ71, KZJ71G, KZJ71W, KZJ78, KZJ78G, KZJ78W, KZJ90, KZJ90W, KZJ95, KZJ95W, LJ120, LJ125, LJ71, LJ71G, LJ78, LJ78G, LJ78W, LJ90, LJ95, PZJ70, PZJ77, RZJ120, RZJ120W, RZJ125, RZJ125W, RZJ90, RZJ90W, RZJ95, RZJ95W, TRJ120, TRJ120W, TRJ125, TRJ125W, TRJ150, TRJ150W, VZJ120, VZJ120W, VZJ121, VZJ121W, VZJ125, VZJ125W, VZJ90, VZJ90W, VZJ95, VZJ95W<\/li>\n<li>Toyota Land Cruiser, BJ60, BJ61, BJ61V, BJ70, BJ70V, BJ71, BJ71V, BJ73, BJ73V, BJ74, BJ74V, BJ75, FJ60, FJ61, FJ61V, FJ62, FJ62G, FJ62V, FJ70, FJ73, FJ75, FJ80, FJ80G, FZJ100, FZJ105, FZJ70, FZJ71, FZJ73, FZJ74, FZJ75, FZJ76, FZJ78, FZJ79, FZJ80, FZJ80G, FZJ80J, GRJ200, HDJ100, HDJ100L, HDJ78, HDJ79, HDJ80, HDJ81, HDJ81V, HJ60, HJ60V, HJ61, HJ61V, HJ75, HZJ105, HZJ105L, HZJ70, HZJ70V, HZJ71, HZJ71V, HZJ73, HZJ73HV, HZJ73V, HZJ74, HZJ74K, HZJ74V, HZJ75, HZJ76, HZJ76K, HZJ76L, HZJ76V, HZJ78, HZJ79, HZJ80, HZJ81, HZJ81V, KZJ70, KZJ73, KZJ77, LJ70, LJ72, LJ73, LJ77, LJ79, LJ79R, PZJ70, PZJ70V, PZJ73, PZJ75, RJ70, RJ73, RJ77, URJ200, URJ202, URJ202W, UZJ100, UZJ100L, UZJ100W, UZJ200, UZJ200W, VDJ200, VDJ76, VDJ78, VDJ79<\/li>\n<li>Toyota Lite Ace, CM30, CM30G, CM31, CM31V, CM35, CM36, CM36V, KM30, KM30G, KM31, KM31V, KM35, KM35V, KM36, KM36V, KM37, YM30, YM30G, YM31, YM35, YM40, YM40G, YM41<\/li>\n<li>Toyota MR2, AW10, AW11, SW20, SW20L, SW21<\/li>\n<li>Toyota Mark II Wagon Blit, GX110, GX110W, GX115, GX115W, JZX110, JZX110W, JZX115, JZX115W<\/li>\n<li>Toyota Mark II Wagon Qualis, MCV20, MCV20W, MCV21, MCV21W, MCV25, MCV25W, SXV20, SXV20W, SXV25, SXV25W<\/li>\n<li>Toyota Mark II, GX100, GX105, GX70, GX70G, GX71, GX81, GX90, JZX100, JZX101, JZX105, JZX81, JZX90, JZX90E, JZX91, JZX91E, JZX93, LX100, LX70, LX76, LX80, LX80Q, LX90, LX90Y, MX71, MX83, SX70, SX80, SX90, YX70, YX72, YX76, YX78, YX80<\/li>\n<li>Toyota Mark X, ANA10, ANA15, GGA10<\/li>\n<li>Toyota Matrix, AZE141, AZE141L, AZE144, AZE144L, AZE146, AZE146L, ZRE142, ZRE142L, ZZE130, ZZE131, ZZE132, ZZE133, ZZE134<\/li>\n<li>Toyota Nadia, ACN10, ACN10H, ACN15, ACN15H, SXN10, SXN10H, SXN15, SXN15H<\/li>\n<li>Toyota Noah, AZR60, AZR60G, AZR65, AZR65G, ZRR70, ZRR70G, ZRR70W, ZRR75, ZRR75G, ZRR75W, ZRR80, ZRR80G, ZRR80W, ZRR85, ZRR85G, ZRR85W, ZWR80, ZWR80G, ZWR80W<\/li>\n<li>Toyota Opa, ACT10, ZCT10, ZCT15<\/li>\n<li>Toyota Origin, JCG17<\/li>\n<li>Toyota Paseo, EL44, EL54<\/li>\n<li>Toyota Picnic Verso, ACM20, ACM21, CLM20<\/li>\n<li>Toyota Picnic, CXM10, CXM10L, SXM10, SXM10L<\/li>\n<li>Toyota Platz, NCP12, NCP16, SCP11<\/li>\n<li>Toyota Porte, NCP141, NCP145, NNP10, NNP11, NNP15, NSP140<\/li>\n<li>Toyota Premio, AZT240, NZT240, NZT260, ZRT260, ZRT261, ZRT265, ZZT240, ZZT245<\/li>\n<li>Toyota Previa, ACR30, ACR50, CLR30, GSR50, TCR10, TCR11, TCR20, TCR21<\/li>\n<li>Toyota Prius a, ZVW40, ZVW40W, ZVW41, ZVW41W<\/li>\n<li>Toyota Prius, NHW10, NHW11, NHW20, ZVW30, ZVW30L, ZVW35<\/li>\n<li>Toyota Probox, NCP50, NCP50V, NCP51, NCP51V, NCP52, NCP52V, NCP55, NCP55V, NCP58, NCP58G, NCP59, NCP59G, NLP51, NLP51V<\/li>\n<li>Toyota RAV4, ACA20, ACA20W, ACA21, ACA21W, ACA22, ACA23, ACA26, ACA28, ACA30, ACA31, ACA31W, ACA33, ACA36, ACA36W, ACA38, ACA38L, ALA30, BEA11, CLA20, CLA21, GSA33, GSA38, SXA10, SXA10C, SXA10G, SXA10W, SXA11, SXA11G, SXA11W, SXA15, SXA15G, SXA16, SXA16G, ZCA25, ZCA25W, ZCA26, ZCA26W<\/li>\n<li>Toyota Ractis, NCP100, NCP105, NCP120, NCP122, NCP125, NSP120, NSP122, SCP100<\/li>\n<li>Toyota Raum, EXZ10, NCZ20, NCZ25<\/li>\n<li>Toyota Regius Ace, KZH100, KZH106, KZH110, KZH116, KZH120, KZH126, KZH132, KZH138, LH100, LH102, LH103, LH107, LH109, LH110, LH113, LH115, LH117, LH119, LH120, LH123, LH125, LH129, LH140, LH162, LH162V, LH168, LH168V, LH172, LH172K, LH172V, LH178, LH178V, LH182, LH182K, LH184, LH186, LH188, LH188K, RZH100, RZH101, RZH102, RZH102V, RZH110, RZH111, RZH112, RZH112K, RZH112V, RZH122, RZH124, RZH125, RZH133, RZH182, RZH182K, RZH183, RZH183K, TRH102, TRH102V, TRH112, TRH112K, TRH112V, TRH122, TRH122K, TRH124<\/li>\n<li>Toyota Regius, KCH40, KCH40W, KCH46, KCH46W, LXH43, LXH49, RCH41, RCH41W, RCH42, RCH47, RCH47W<\/li>\n<li>Toyota Rush, F700, J200E, J210E<\/li>\n<li>Toyota Scepter, SXV10, SXV15, SXV15W, VCV10, VCV15, VCV15W<\/li>\n<li>Toyota Scion, ANT10, AZE151, NCP31, NCP61, ZSP110<\/li>\n<li>Toyota Sequoia, UCK60, UCK60L, UCK65, UCK65L, USK60, USK65<\/li>\n<li>Toyota Sera, EXY10<\/li>\n<li>Toyota Sienna, MCL10<\/li>\n<li>Toyota Sienta, NCP81, NCP81G, NCP85, NCP85G<\/li>\n<li>Toyota Soarer, GZ10, GZ20, MZ10, MZ11, MZ12, MZ20, MZ21, UZZ40<\/li>\n<li>Toyota Solara, ACV20, MCV20, SXV20<\/li>\n<li>Toyota Soluna Vios, AXP41, AXP42, NCP41, NCP42, SCP41, SCP42<\/li>\n<li>Toyota Soluna, AL50<\/li>\n<li>Toyota Spade, NCP141,<\/li>\n<\/ul>\n<p><\/p>","protected":false},"excerpt":{"rendered":"<p><b>OEM:<\/b> 90189-06065, 9018906065, 90189-T0014, 90189T0014<\/p>\n<p><b>Dimensiune F:<\/b> 13<br \/><b>Dimensiune H:<\/b> 19<br \/><b>Dimensiune T:<\/b> 20<\/p>\n","protected":false},"featured_media":6775,"template":"","meta":[],"product_cat":[25,105],"product_tag":[],"bundled_by":[],"bundle_stock_status":"instock","bundle_stock_quantity":null,"bundle_virtual":false,"bundle_layout":"","bundle_add_to_cart_form_location":"","bundle_editable_in_cart":false,"bundle_sold_individually_context":"","bundle_item_grouping":"","bundle_min_size":"","bundle_max_size":"","bundled_items":[],"yoast_head":"<!-- This site is optimized with the Yoast SEO Premium plugin v16.6 (Yoast SEO v20.1) - https:\/\/yoast.com\/wordpress\/plugins\/seo\/ -->\n<title>C0230 - Autoclipsuri, Inserturi - atg.md<\/title>\n<meta name=\"robots\" content=\"index, follow, max-snippet:-1, max-image-preview:large, max-video-preview:-1\" \/>\n<link rel=\"canonical\" href=\"https:\/\/atg.md\/ro\/catalog\/autoclipsuri\/vstavki\/c0230\/\" \/>\n<meta property=\"og:locale\" content=\"ro_RO\" \/>\n<meta property=\"og:type\" content=\"article\" \/>\n<meta property=\"og:title\" content=\"C0230 - Autoclipsuri, Inserturi - atg.md\" \/>\n<meta property=\"og:description\" content=\"OEM: 90189-06065, 9018906065, 90189-T0014, 90189T0014Dimensiune F: 13Dimensiune H: 19Dimensiune T: 20\" \/>\n<meta property=\"og:url\" content=\"https:\/\/atg.md\/ro\/wp-json\/wp\/v2\/product\/6774\" \/>\n<meta property=\"og:site_name\" content=\"atg.md\" \/>\n<meta property=\"article:modified_time\" content=\"2024-07-05T07:02:03+00:00\" \/>\n<meta property=\"og:image\" content=\"https:\/\/atg.md\/wp-content\/uploads\/2021\/03\/c0230.jpg\" \/>\n\t<meta property=\"og:image:width\" content=\"600\" \/>\n\t<meta property=\"og:image:height\" content=\"600\" \/>\n\t<meta property=\"og:image:type\" content=\"image\/jpeg\" \/>\n<meta name=\"twitter:card\" content=\"summary_large_image\" \/>\n<meta name=\"twitter:label1\" content=\"Pre\u021b\" \/>\n\t<meta name=\"twitter:data1\" content=\"5.00&nbsp;MDL\" \/>\n\t<meta name=\"twitter:label2\" content=\"Availability\" \/>\n\t<meta name=\"twitter:data2\" content=\"In stock\" \/>\n<script type=\"application\/ld+json\" class=\"yoast-schema-graph\">{\"@context\":\"https:\/\/schema.org\",\"@graph\":[{\"@type\":\"WebPage\",\"@id\":\"https:\/\/atg.md\/ro\/catalog\/autoclipsuri\/vstavki\/c0230\/\",\"url\":\"https:\/\/atg.md\/ro\/catalog\/autoclipsuri\/vstavki\/c0230\/\",\"name\":\"C0230 - Autoclipsuri, Inserturi - atg.md\",\"isPartOf\":{\"@id\":\"https:\/\/atg.md\/ro\/#website\"},\"datePublished\":\"2021-03-30T09:06:23+00:00\",\"dateModified\":\"2024-07-05T07:02:03+00:00\",\"breadcrumb\":{\"@id\":\"https:\/\/atg.md\/ro\/catalog\/autoclipsuri\/vstavki\/c0230\/#breadcrumb\"},\"inLanguage\":\"ro-RO\",\"potentialAction\":[{\"@type\":\"ReadAction\",\"target\":[[\"https:\/\/atg.md\/ro\/catalog\/autoclipsuri\/vstavki\/c0230\/\"]]}]},{\"@type\":\"BreadcrumbList\",\"@id\":\"https:\/\/atg.md\/ro\/catalog\/autoclipsuri\/vstavki\/c0230\/#breadcrumb\",\"itemListElement\":[{\"@type\":\"ListItem\",\"position\":1,\"name\":\"Home\",\"item\":\"https:\/\/atg.md\/ro\/\"},{\"@type\":\"ListItem\",\"position\":2,\"name\":\"\u041a\u0430\u0442\u0430\u043b\u043e\u0433\",\"item\":\"https:\/\/atg.md\/ro\/catalog\/\"},{\"@type\":\"ListItem\",\"position\":3,\"name\":\"C0230\"}]},{\"@type\":\"WebSite\",\"@id\":\"https:\/\/atg.md\/ro\/#website\",\"url\":\"https:\/\/atg.md\/ro\/\",\"name\":\"atg.md\",\"description\":\"V\u00e2nzare de izola\u021bii \u00eempotriva vibra\u021biilor pentru ma\u0219ini, izola\u021bie termic\u0103, izolare fonic\u0103 de la cei mai buni produc\u0103tori, autoclipsuri, elemente de fixare auto. Cump\u0103ra\u021bi \u00een Moldova, Chi\u0219in\u0103u\",\"publisher\":{\"@id\":\"https:\/\/atg.md\/ro\/#organization\"},\"potentialAction\":[{\"@type\":\"SearchAction\",\"target\":{\"@type\":\"EntryPoint\",\"urlTemplate\":\"https:\/\/atg.md\/ro\/?s={search_term_string}\"},\"query-input\":\"required name=search_term_string\"}],\"inLanguage\":\"ro-RO\"},{\"@type\":[\"Organization\",\"Place\",\"AutoPartsStore\"],\"@id\":\"https:\/\/atg.md\/ro\/#organization\",\"name\":\"S.C. AUTOTOM GRUP S.R.L.\",\"url\":\"https:\/\/atg.md\/ro\/\",\"logo\":{\"@type\":\"ImageObject\",\"inLanguage\":\"ro-RO\",\"@id\":\"https:\/\/atg.md\/ro\/#\/schema\/logo\/image\/\",\"url\":\"https:\/\/i2.wp.com\/atg.md\/wp-content\/uploads\/2021\/05\/atg_logo_main.png?fit=656%2C569&ssl=1\",\"contentUrl\":\"https:\/\/i2.wp.com\/atg.md\/wp-content\/uploads\/2021\/05\/atg_logo_main.png?fit=656%2C569&ssl=1\",\"width\":656,\"height\":569,\"caption\":\"S.C. AUTOTOM GRUP S.R.L.\"},\"image\":{\"@id\":\"https:\/\/atg.md\/ro\/#\/schema\/logo\/image\/\"},\"location\":{\"@id\":\"https:\/\/atg.md\/ro\/catalog\/autoclipsuri\/vstavki\/c0230\/#local-place\"},\"address\":{\"@id\":\"https:\/\/atg.md\/ro\/catalog\/autoclipsuri\/vstavki\/c0230\/#local-place-address\"},\"email\":\"atgtvv@gmail.com\",\"telephone\":\"+37369644446\",\"areaServed\":\"Moldova\"},{\"@type\":\"Place\",\"@id\":\"https:\/\/atg.md\/ro\/catalog\/autoclipsuri\/vstavki\/c0230\/#local-place\",\"address\":{\"@type\":\"PostalAddress\",\"@id\":\"https:\/\/atg.md\/ro\/catalog\/autoclipsuri\/vstavki\/c0230\/#local-place-address\",\"streetAddress\":\"str. Alba-Iulia 77\/20\",\"addressLocality\":\"Chisinau\",\"postalCode\":\"2043\",\"addressRegion\":\"mun. Chisinau\",\"addressCountry\":\"MD\"},\"geo\":{\"@type\":\"GeoCoordinates\",\"latitude\":\"47.0376\",\"longitude\":\"28.76899\"},\"openingHoursSpecification\":[{\"@type\":\"OpeningHoursSpecification\",\"dayOfWeek\":[\"Monday\",\"Tuesday\",\"Wednesday\",\"Thursday\",\"Friday\"],\"opens\":\"09:00\",\"closes\":\"18:00\"},{\"@type\":\"OpeningHoursSpecification\",\"dayOfWeek\":[\"Saturday\"],\"opens\":\"09:00\",\"closes\":\"14:00\"},{\"@type\":\"OpeningHoursSpecification\",\"dayOfWeek\":[\"Sunday\"],\"opens\":\"00:00\",\"closes\":\"00:00\"}],\"telephone\":\"+37369644446\"}]}<\/script>\n<meta name=\"geo.placename\" content=\"Chisinau\" \/>\n<meta name=\"geo.position\" content=\"47.0376;28.76899\" \/>\n<meta name=\"geo.region\" content=\"Moldova\" \/>\n<!-- \/ Yoast SEO Premium plugin. -->","yoast_head_json":{"title":"C0230 - Autoclipsuri, Inserturi - atg.md","robots":{"index":"index","follow":"follow","max-snippet":"max-snippet:-1","max-image-preview":"max-image-preview:large","max-video-preview":"max-video-preview:-1"},"canonical":"https:\/\/atg.md\/ro\/catalog\/autoclipsuri\/vstavki\/c0230\/","og_locale":"ro_RO","og_type":"article","og_title":"C0230 - Autoclipsuri, Inserturi - atg.md","og_description":"OEM: 90189-06065, 9018906065, 90189-T0014, 90189T0014Dimensiune F: 13Dimensiune H: 19Dimensiune T: 20","og_url":"https:\/\/atg.md\/ro\/wp-json\/wp\/v2\/product\/6774","og_site_name":"atg.md","article_modified_time":"2024-07-05T07:02:03+00:00","og_image":[{"width":600,"height":600,"url":"https:\/\/atg.md\/wp-content\/uploads\/2021\/03\/c0230.jpg","type":"image\/jpeg"}],"twitter_card":"summary_large_image","twitter_misc":{"Pre\u021b":"5.00&nbsp;MDL","Availability":"In stock"},"schema":{"@context":"https:\/\/schema.org","@graph":[{"@type":"WebPage","@id":"https:\/\/atg.md\/ro\/catalog\/autoclipsuri\/vstavki\/c0230\/","url":"https:\/\/atg.md\/ro\/catalog\/autoclipsuri\/vstavki\/c0230\/","name":"C0230 - Autoclipsuri, Inserturi - atg.md","isPartOf":{"@id":"https:\/\/atg.md\/ro\/#website"},"datePublished":"2021-03-30T09:06:23+00:00","dateModified":"2024-07-05T07:02:03+00:00","breadcrumb":{"@id":"https:\/\/atg.md\/ro\/catalog\/autoclipsuri\/vstavki\/c0230\/#breadcrumb"},"inLanguage":"ro-RO","potentialAction":[{"@type":"ReadAction","target":[["https:\/\/atg.md\/ro\/catalog\/autoclipsuri\/vstavki\/c0230\/"]]}]},{"@type":"BreadcrumbList","@id":"https:\/\/atg.md\/ro\/catalog\/autoclipsuri\/vstavki\/c0230\/#breadcrumb","itemListElement":[{"@type":"ListItem","position":1,"name":"Home","item":"https:\/\/atg.md\/ro\/"},{"@type":"ListItem","position":2,"name":"\u041a\u0430\u0442\u0430\u043b\u043e\u0433","item":"https:\/\/atg.md\/ro\/catalog\/"},{"@type":"ListItem","position":3,"name":"C0230"}]},{"@type":"WebSite","@id":"https:\/\/atg.md\/ro\/#website","url":"https:\/\/atg.md\/ro\/","name":"atg.md","description":"V\u00e2nzare de izola\u021bii \u00eempotriva vibra\u021biilor pentru ma\u0219ini, izola\u021bie termic\u0103, izolare fonic\u0103 de la cei mai buni produc\u0103tori, autoclipsuri, elemente de fixare auto. Cump\u0103ra\u021bi \u00een Moldova, Chi\u0219in\u0103u","publisher":{"@id":"https:\/\/atg.md\/ro\/#organization"},"potentialAction":[{"@type":"SearchAction","target":{"@type":"EntryPoint","urlTemplate":"https:\/\/atg.md\/ro\/?s={search_term_string}"},"query-input":"required name=search_term_string"}],"inLanguage":"ro-RO"},{"@type":["Organization","Place","AutoPartsStore"],"@id":"https:\/\/atg.md\/ro\/#organization","name":"S.C. AUTOTOM GRUP S.R.L.","url":"https:\/\/atg.md\/ro\/","logo":{"@type":"ImageObject","inLanguage":"ro-RO","@id":"https:\/\/atg.md\/ro\/#\/schema\/logo\/image\/","url":"https:\/\/i2.wp.com\/atg.md\/wp-content\/uploads\/2021\/05\/atg_logo_main.png?fit=656%2C569&ssl=1","contentUrl":"https:\/\/i2.wp.com\/atg.md\/wp-content\/uploads\/2021\/05\/atg_logo_main.png?fit=656%2C569&ssl=1","width":656,"height":569,"caption":"S.C. AUTOTOM GRUP S.R.L."},"image":{"@id":"https:\/\/atg.md\/ro\/#\/schema\/logo\/image\/"},"location":{"@id":"https:\/\/atg.md\/ro\/catalog\/autoclipsuri\/vstavki\/c0230\/#local-place"},"address":{"@id":"https:\/\/atg.md\/ro\/catalog\/autoclipsuri\/vstavki\/c0230\/#local-place-address"},"email":"atgtvv@gmail.com","telephone":"+37369644446","areaServed":"Moldova"},{"@type":"Place","@id":"https:\/\/atg.md\/ro\/catalog\/autoclipsuri\/vstavki\/c0230\/#local-place","address":{"@type":"PostalAddress","@id":"https:\/\/atg.md\/ro\/catalog\/autoclipsuri\/vstavki\/c0230\/#local-place-address","streetAddress":"str. Alba-Iulia 77\/20","addressLocality":"Chisinau","postalCode":"2043","addressRegion":"mun. Chisinau","addressCountry":"MD"},"geo":{"@type":"GeoCoordinates","latitude":"47.0376","longitude":"28.76899"},"openingHoursSpecification":[{"@type":"OpeningHoursSpecification","dayOfWeek":["Monday","Tuesday","Wednesday","Thursday","Friday"],"opens":"09:00","closes":"18:00"},{"@type":"OpeningHoursSpecification","dayOfWeek":["Saturday"],"opens":"09:00","closes":"14:00"},{"@type":"OpeningHoursSpecification","dayOfWeek":["Sunday"],"opens":"00:00","closes":"00:00"}],"telephone":"+37369644446"}]}},"_links":{"self":[{"href":"https:\/\/atg.md\/ro\/wp-json\/wp\/v2\/product\/6774"}],"collection":[{"href":"https:\/\/atg.md\/ro\/wp-json\/wp\/v2\/product"}],"about":[{"href":"https:\/\/atg.md\/ro\/wp-json\/wp\/v2\/types\/product"}],"wp:featuredmedia":[{"embeddable":true,"href":"https:\/\/atg.md\/ro\/wp-json\/wp\/v2\/media\/6775"}],"wp:attachment":[{"href":"https:\/\/atg.md\/ro\/wp-json\/wp\/v2\/media?parent=6774"}],"wp:term":[{"taxonomy":"product_cat","embeddable":true,"href":"https:\/\/atg.md\/ro\/wp-json\/wp\/v2\/product_cat?post=6774"},{"taxonomy":"product_tag","embeddable":true,"href":"https:\/\/atg.md\/ro\/wp-json\/wp\/v2\/product_tag?post=6774"}],"curies":[{"name":"wp","href":"https:\/\/api.w.org\/{rel}","templated":true}]}}