{"id":6716,"date":"2021-03-30T09:05:58","date_gmt":"2021-03-30T09:05:58","guid":{"rendered":"http:\/\/atg.md\/product\/c0197\/"},"modified":"2024-07-05T07:01:40","modified_gmt":"2024-07-05T07:01:40","slug":"c0197","status":"publish","type":"product","link":"https:\/\/atg.md\/ro\/catalog\/autoclipsuri\/figurnye\/c0197\/","title":{"rendered":"C0197"},"content":{"rendered":"<p><strong>Modele:<\/strong><\/p>\n<ul>\n<li>Lexus LS400, UCF10<\/li>\n<li>Lexus LX450, FZJ80<\/li>\n<li>Lexus SC300, UZZ30, JZZ31<\/li>\n<li>Lexus SC400, JZZ31, UZZ30<\/li>\n<li>Toyota 4Runner, VZN120, RZN180, RN90, VZN85, RN135, KZN205, YN135, LN130, RN131, VZN105, RN110, KZN185, LN111, VZN110, VZN185, RN120, LN107, RN85, RN105, VZN90, VZN131, RN101, RZN185, VZN100, RN130, YN130, LN205, VZN180, LN135, RN80, RN121, LN106, RN106, VZN95, YN106, VZN130<\/li>\n<li>Toyota Allion, AZT240, ZZT245, NZT240, ZZT240<\/li>\n<li>Toyota Alphard, ATH10, ATH10W<\/li>\n<li>Toyota Avensis, AZT250, AZT250W, ZZT251, AT220, CT220, ADT250, ZZT221, AZT251L, ZZT221L, AZT250L, ZZT251L, AZT220L, CDT250, ZZT250, AZT220, ST220, AT221, ZZT220, CDT220, AZT255, AZT255W, AZT251, AZT251W, ADT251<\/li>\n<li>Toyota Caldina, CT199, CT190G, AT211G, ST190G, CT196V, AT191, ST215G, ST210G, ST198V, CT216, ST191G, ST191, ST195, CT197, CT199V, ST195G, CT216G, ST215W, ST210, ET196, CT198V, CT198, AT211, ET196V, AT191G, ST190, ST215, CT196, CT190, ST198, CT197V<\/li>\n<li>Toyota Carina, AT212, CT170, ET176, ST190, AT170, CT216, CT176, CT195, AT210, CT210, ST215, AT191, ST170G, AT211, AT175, ST195, ST170, AT171, CT170G, CT215, CT190, AT192, CT211, AT170G, AT190<\/li>\n<li>Toyota Coaster, HZB46, BB43, RZB40, HZB40, BB55, XZB59, BB40R, HDB50, BB59, XZB46, BB42, BB40, TRB40, XZB40, BZB40, BB46, HZB41, HDB51, TRB50, RZB50, BB50, HZB50R, HZB56, XZB50, BZB50, HZB50, HZB50L, BB58<\/li>\n<li>Toyota Comfort, LXS10, LXS12, YXS10<\/li>\n<li>Toyota Corolla II, EL55, EL53, NL50, EL51<\/li>\n<li>Toyota Corolla Spacio, AE115N, AE115, AE111, AE111N<\/li>\n<li>Toyota Corolla, CE107, EE103, EE104G, AE103, CE105V, EE107, AE104G, EE106V, AE100, CE106V, EE104, AE104, CE100, EE100, CE107V, CE102G, CE104, EE108, CE109V, CE108, CE101G, EE108G, AE101, AE109V, EE107V, EE105, AE100G, CE101, EE101, AE101G, CE105, AE109, CE100G, CE109, CE108G, EE102, CE102, AE102, EE106, CE106, EE102V, EE103V<\/li>\n<li>Toyota Corona, CT220, ST215, ST220, CT190, AT190, CT211, CT216, CT215, AT211, AT210, CT210, ST210, ST191, AT220<\/li>\n<li>Toyota Corsa, EL51, NL50, EL55, EL53<\/li>\n<li>Toyota Crown Majesta, UZS145, GS151, UZS141, UZS143, LS151, UZS147, LS141, GS141, JZS151, JZS149, JZS147, JZS153, JZS145, JZS143, JZS141, JZS155, UZS151, JZS157, UZS155, UZS157<\/li>\n<li>Toyota Crown, GS130W, GXS10, SXS13, JZS155, TSS11, GS130G, JZS147, JZS143, LS131H, JZS153, GS131H, UZS157, LS151H, JZS133, JZS130G, GXS12, YS130, UZS147, LS130G, GS130, UZS143, LS136, GS151, GS151H, UZS141, TSS10H, SXS11, LXS11, LS141, UZS151, GS141, LS130W, YXS10, LS131, JZS157, TSS13, JZS130, GS131, JZS145, JZS141, JZS151, GBS12, YXS11, UZS155, YXS10H, JZS135, YS132, LS130, TSS10, JZS131, GS136, JZS149, LS151, UZS145<\/li>\n<li>Toyota Dyna, XZU342, XZU640, TRY220, XZU422, XZU130, LY122, LY225, BZU600, XZU388, YY211, LY151, XKC655, BU137, BU303, XZU307, XZU605, BU120, WU410, XZU371, BU212, XZU645, BU172, XZU433, XZC600, BU430, XKU304, XZU324, KDY221, YU210, XZU330, KDY280, LY162, BU211, RZY231, XZU302, WU342, XZU600, XZU415, XZC675, XZC605, XZU675, WU422, LY220, KDY250, XZU331, BZU410, BU132, XZU404, XZU347, KDY261, XZU308, LY290, XZC630, WU300, XZU410, XZU336, RZY281, WU420, XKU308, LY132, RZY220, XKU650, BU110, LY161, XKC645, XZU314, BU162, XZU337, LY121, KDY290, YY101, TRU340, LY100, XKU600, XZU320, BU222, XZU630, XZU372, YY100, BU343, XZU348, XZU382, XZU321, XZU354, XKU605, BU221, LY111, BU122, BU145, BU420, XZU425, KDY240, RZY230, XZU685, BU105, KDY251, XZU414, XKU655, BU111, XZU420, BU100, XKU645, RZU300, XZU327, XZU413, XZU304, BU306, BZU340, LY102, KDY271, TRY281, BU346, XZU402, BU300, XZU345, XZU362, XZU620, RZU340, LY240, BU140, LY131, TRC600, XZU338, XZU351, KDY241, BZU300, XZU424, LY101, XZU430, BU410, RZU100, XZU344, BU141, BU112, XKC605, XZC610, XZU350, BU101, XKU640, XKU348, XZU695, LY211, XZU435, XZU322, TRY230, XZU305, XZU378, XZC655, LY112, TRU600, XZU311, TRU300, KDY230, YY121, WU340, KDY281, XZU346, XZU300, KDY220, XZU650, XZC645, LY270, BU147, XZU352, XZU423, LY230, BU107, RZU301, LY152, WU302, XZU306, XZU341, XZU412, XKU414, LY212, XZU655, BU182, KDY270, XZU334, BU400, BU102, WU412, BU301, KDY260, XZU434, XZU340, TRY231, XZU411, XZU610, XZU312, KDY231, XKU508, XKU344, LY280, XKU338, XZU368, XZU301, BU340, BU142, LY235, YY131<\/li>\n<li>Toyota Gaia, SXM10G, SXM15, SXM10, ACM15, ACM10G, ACM10, ACM15G, CXM10, SXM15G, CXM10G<\/li>\n<li>Toyota Hiace, LH104, LH113V, LH102, LH172K, LH125, RZH114, RZH112, LH172V, LH114, LH112, YY101, RZH125, LY101, RZH104, RZH112K, RZH102, LH162V, LH174, LH176, LH103, LH102V, LH105, RZH102V, RZH105, LH172, RZH155, RZH115, RZH113, LH184, LH164, LH113K, LH115, LH113, LH166, LH162, LH103V, RZH112V, RZH103<\/li>\n<li>Toyota Hilux, LN205, YN130, LN106, LN86, YN87, RN125, RZN200, LN135, RN106, RN80, YN86, YN106, LN105, LN200, LN85, YN110, LN111, RN105, YN92, RN85, LN90, YN81, YN85, VZN130, LN81, LN108, YN135, LN110, KZN130, KZN205, LN91, RN135, RN110, YN80, RN90, LN107, LN80, RN130, LN130, YN90<\/li>\n<li>Toyota Ipsum, CXM10G, SXM15, SXM15G, CXM10, ACM21W, SXM10, ACM21, ACM26, ACM26W, SXM10G<\/li>\n<li>Toyota Land Cruiser Prado, KZJ71G, KZJ71, HZJ75, HZJ79, LJ78G, KDJ90W, LJ78W, VZJ90, RZJ90W, KZJ71W, KDJ95, HZJ71, KZJ90, RZJ90, VZJ95W, HZJ76, KZJ78, KZJ95, KZJ78G, LJ95, KZJ78W, FJ75, KZJ95W, KDJ90, LJ78, KDJ95W, HZJ77, KZJ90W, PZJ77, LJ71, RZJ95W, LJ90, HZJ73, HZJ74, LJ71G, VZJ90W, RZJ95, VZJ95, PZJ70, HZJ70<\/li>\n<li>Toyota Land Cruiser, HJ75, KZJ73, HZJ73V, HZJ73HV, HZJ81V, HZJ73, KZJ77, HZJ74V, FJ70, HDJ78, FZJ73, VDJ78, HDJ80, PZJ73, HZJ71V, LJ79, HZJ78, HZJ80, FJ80, HZJ70V, FZJ80, PZJ70, HZJ74, FZJ74, FZJ78, HZJ76V, FZJ70, HDJ81, HDJ79, HDJ81V, LJ72, VDJ79, HZJ70, FJ73, HZJ79, HZJ81, HZJ76K, VDJ76, RJ77, FZJ75, HZJ75, FZJ79, RJ73, RJ70, FZJ71, LJ73, PZJ75, HZJ71, LJ79R, LJ77, FZJ80J, HZJ74K, BJ73, HZJ76, HZJ76L, KZJ70, FZJ76, LJ70, FZJ80G, FJ75, BJ73V, FJ80G, PZJ70V<\/li>\n<li>Toyota Lite Ace, CM31, YM30G, KM35, CM30G, CM36V, KM31, KM35V, CM31V, YM30, KM31V, KM36V, KM30G, CM30, KM36, CM36, KM30, YM31<\/li>\n<li>Toyota Nadia, ACN15, SXN15H, SXN10, SXN10H, ACN10H, SXN15, ACN15H, ACN10<\/li>\n<li>Toyota Noah, AZR60G, AZR65G, AZR65, AZR60<\/li>\n<li>Toyota Opa, ZCT10, ZCT15, ACT10<\/li>\n<li>Toyota Picnic, SXM10L, CXM10, SXM10, CXM10L<\/li>\n<li>Toyota Premio, NZT240, ZZT245, AZT240, ZZT240<\/li>\n<li>Toyota Quick Delivery, RZU280, LY151, RZU68, XZU282, XZU281, XKU280, BU281, LH81, LY228, BU280, XZU280, BU68<\/li>\n<li>Toyota Regius Ace, RZH110, TRH112K, LH129, KZH132, TRH124, KZH126, LH125, LH102, LH172K, RZH100, LH168, LH172V, TRH112V, LH182K, RZH133, RZH111, LH182, KZH106, LH107, LH120, RZH101, LH140, LH103, KZH116, LH117, LH186, LH172, LH113, RZH183, LH178V, TRH122, LH123, RZH112V, TRH112, LH100, LH162, RZH102, RZH125, RZH122, KZH138, RZH112K, LH110, TRH102, RZH112, RZH102V, RZH182K, LH162V, RZH182, LH178, LH184, LH109, TRH122K, KZH100, RZH124, LH168V, RZH183K, KZH120, LH188, LH188K, TRH102V, KZH110, LH119, LH115<\/li>\n<li>Toyota Regius, KCH40, RCH41W, LXH49, RCH47W, RCH42, RCH41, LXH43, KCH40W, RCH47, KCH46, KCH46W<\/li>\n<li>Toyota Soarer, UZZ31, JZZ30, JZZ31, UZZ32, UZZ30<\/li>\n<li>Toyota Sprinter, AE100, EE104, CE108, CE102G, CE102, AE102, EE108, CE100, EE102, CE106, EE106, AE104, CE104, CE108G, CE107, EE104G, AE109, EE107, EE101, CE109, AE101, EE108G, EE103, CE105<\/li>\n<li>Toyota Supra, JZA80<\/li>\n<li>Toyota T.U.V, KF70, KF72, RZF61, RZF80, KF60, LF82, LF80, RZF71, LF61, LF72, LF70, RZF85, RZF81, KF82, KF80, LF85, LF81, LF60<\/li>\n<li>Toyota Tacoma, VZN160, RZN191, RZN196, RZN161, RZN140, VZN195, VZN170, VZN150, RZN171, RZN150<\/li>\n<li>Toyota Tercel, NL50, EL53, EL42, EL51, EL55<\/li>\n<li>Toyota Town Ace, KM31, KM30, KM36, KM35, CM30, CM36, CM31, YM30, YM31<\/li>\n<li>Toyota ToyoAce, XKU650, BU142, XKC645, BU107, XKU308, LY230, YY101, KDY281, RZY281, YY121, LY121, XZU312, XZU685, BU145, BU420, XZU610, KDY290, XZU650, XZU352, RZY220, XKU414, XZU306, BU162, XZU344, XZC605, TRU340, BU102, XZU338, XZU341, LY162, XZU320, BU182, XZU630, XZU372, KDY270, XZC600, RZU340, TRY231, XZU324, XZU301, BU105, BU346, XZU382, XKU344, XZU340, KDY240, BU147, LY161, KDY231, XZU337, YY131, BU301, XKU655, XZU304, KDY220, XZU321, XZU346, XZC645, BU122, RZY230, XZU388, BU400, LY122, XKU508, LY280, XKU338, LY131, BU306, XKU304, XZU351, XZU695, RZU300, XKC655, XZU620, XZU322, XZU307, LY102, XZU605, BU100, XZU368, BZU600, XZU342, TRY220, LY220, XZU130, XZU371, TRY281, LY111, XZU354, BZU340, KDY271, XZU675, TRC600, BU112, XZU331, BU137, LY151, XZU302, BU120, XKU605, XZU348, XZU362, XZU640, RZU100, KDY280, RZY231, BU172, BU430, XZU655, XZU334, LY240, TRU600, BU140, LY290, XZU330, XZU305, XZC675, LY152, XZU645, XKC605, KDY221, XKU348, XKU600, XZU347, BZU300, XZU314, RZU301, XZC610, XZU350, XZU600, BU410, XZU300, LY132, TRY230, XKU645, LY101, LY270, XZU308, KDY241, XKU640, BZU410, XZU311, LY112, BU132, XZC655, KDY230, XZU336, TRU300, XZU378, XZC630<\/li>\n<li>Toyota Voxy, AZR65, AZR60, AZR60G, AZR65G<\/li>\n<\/ul>\n<p><\/p>","protected":false},"excerpt":{"rendered":"<p><b>OEM:<\/b> N807994-S, N807994S, 90467-12042, 9046712042, 90467-11126, 9046711126, 26399-40U00, 2639940U00, 90189-06119018906111<\/p>\n<p><b>Dimensiune F:<\/b> 11<br \/><b>Dimensiune H:<\/b> 11<br \/><b>Dimensiune T:<\/b> 13<\/p>\n","protected":false},"featured_media":6717,"template":"","meta":[],"product_cat":[25,80],"product_tag":[],"bundled_by":[],"bundle_stock_status":"instock","bundle_stock_quantity":null,"bundle_virtual":false,"bundle_layout":"","bundle_add_to_cart_form_location":"","bundle_editable_in_cart":false,"bundle_sold_individually_context":"","bundle_item_grouping":"","bundle_min_size":"","bundle_max_size":"","bundled_items":[],"yoast_head":"<!-- This site is optimized with the Yoast SEO Premium plugin v16.6 (Yoast SEO v20.1) - https:\/\/yoast.com\/wordpress\/plugins\/seo\/ -->\n<title>C0197 - Autoclipsuri, Cre\u021b - atg.md<\/title>\n<meta name=\"robots\" content=\"index, follow, max-snippet:-1, max-image-preview:large, max-video-preview:-1\" \/>\n<link rel=\"canonical\" href=\"https:\/\/atg.md\/ro\/catalog\/autoclipsuri\/figurnye\/c0197\/\" \/>\n<meta property=\"og:locale\" content=\"ro_RO\" \/>\n<meta property=\"og:type\" content=\"article\" \/>\n<meta property=\"og:title\" content=\"C0197 - Autoclipsuri, Cre\u021b - atg.md\" \/>\n<meta property=\"og:description\" content=\"OEM: N807994-S, N807994S, 90467-12042, 9046712042, 90467-11126, 9046711126, 26399-40U00, 2639940U00, 90189-06119018906111Dimensiune F: 11Dimensiune H: 11Dimensiune T: 13\" \/>\n<meta property=\"og:url\" content=\"https:\/\/atg.md\/ro\/wp-json\/wp\/v2\/product\/6716\" \/>\n<meta property=\"og:site_name\" content=\"atg.md\" \/>\n<meta property=\"article:modified_time\" content=\"2024-07-05T07:01:40+00:00\" \/>\n<meta property=\"og:image\" content=\"https:\/\/atg.md\/wp-content\/uploads\/2021\/03\/c0197.jpg\" \/>\n\t<meta property=\"og:image:width\" content=\"600\" \/>\n\t<meta property=\"og:image:height\" content=\"600\" \/>\n\t<meta property=\"og:image:type\" content=\"image\/jpeg\" \/>\n<meta name=\"twitter:card\" content=\"summary_large_image\" \/>\n<meta name=\"twitter:label1\" content=\"Pre\u021b\" \/>\n\t<meta name=\"twitter:data1\" content=\"5.00&nbsp;MDL\" \/>\n\t<meta name=\"twitter:label2\" content=\"Availability\" \/>\n\t<meta name=\"twitter:data2\" content=\"In stock\" \/>\n<script type=\"application\/ld+json\" class=\"yoast-schema-graph\">{\"@context\":\"https:\/\/schema.org\",\"@graph\":[{\"@type\":\"WebPage\",\"@id\":\"https:\/\/atg.md\/ro\/catalog\/autoclipsuri\/figurnye\/c0197\/\",\"url\":\"https:\/\/atg.md\/ro\/catalog\/autoclipsuri\/figurnye\/c0197\/\",\"name\":\"C0197 - Autoclipsuri, Cre\u021b - atg.md\",\"isPartOf\":{\"@id\":\"https:\/\/atg.md\/ro\/#website\"},\"datePublished\":\"2021-03-30T09:05:58+00:00\",\"dateModified\":\"2024-07-05T07:01:40+00:00\",\"breadcrumb\":{\"@id\":\"https:\/\/atg.md\/ro\/catalog\/autoclipsuri\/figurnye\/c0197\/#breadcrumb\"},\"inLanguage\":\"ro-RO\",\"potentialAction\":[{\"@type\":\"ReadAction\",\"target\":[[\"https:\/\/atg.md\/ro\/catalog\/autoclipsuri\/figurnye\/c0197\/\"]]}]},{\"@type\":\"BreadcrumbList\",\"@id\":\"https:\/\/atg.md\/ro\/catalog\/autoclipsuri\/figurnye\/c0197\/#breadcrumb\",\"itemListElement\":[{\"@type\":\"ListItem\",\"position\":1,\"name\":\"Home\",\"item\":\"https:\/\/atg.md\/ro\/\"},{\"@type\":\"ListItem\",\"position\":2,\"name\":\"\u041a\u0430\u0442\u0430\u043b\u043e\u0433\",\"item\":\"https:\/\/atg.md\/ro\/catalog\/\"},{\"@type\":\"ListItem\",\"position\":3,\"name\":\"C0197\"}]},{\"@type\":\"WebSite\",\"@id\":\"https:\/\/atg.md\/ro\/#website\",\"url\":\"https:\/\/atg.md\/ro\/\",\"name\":\"atg.md\",\"description\":\"V\u00e2nzare de izola\u021bii \u00eempotriva vibra\u021biilor pentru ma\u0219ini, izola\u021bie termic\u0103, izolare fonic\u0103 de la cei mai buni produc\u0103tori, autoclipsuri, elemente de fixare auto. Cump\u0103ra\u021bi \u00een Moldova, Chi\u0219in\u0103u\",\"publisher\":{\"@id\":\"https:\/\/atg.md\/ro\/#organization\"},\"potentialAction\":[{\"@type\":\"SearchAction\",\"target\":{\"@type\":\"EntryPoint\",\"urlTemplate\":\"https:\/\/atg.md\/ro\/?s={search_term_string}\"},\"query-input\":\"required name=search_term_string\"}],\"inLanguage\":\"ro-RO\"},{\"@type\":[\"Organization\",\"Place\",\"AutoPartsStore\"],\"@id\":\"https:\/\/atg.md\/ro\/#organization\",\"name\":\"S.C. AUTOTOM GRUP S.R.L.\",\"url\":\"https:\/\/atg.md\/ro\/\",\"logo\":{\"@type\":\"ImageObject\",\"inLanguage\":\"ro-RO\",\"@id\":\"https:\/\/atg.md\/ro\/#\/schema\/logo\/image\/\",\"url\":\"https:\/\/i2.wp.com\/atg.md\/wp-content\/uploads\/2021\/05\/atg_logo_main.png?fit=656%2C569&ssl=1\",\"contentUrl\":\"https:\/\/i2.wp.com\/atg.md\/wp-content\/uploads\/2021\/05\/atg_logo_main.png?fit=656%2C569&ssl=1\",\"width\":656,\"height\":569,\"caption\":\"S.C. AUTOTOM GRUP S.R.L.\"},\"image\":{\"@id\":\"https:\/\/atg.md\/ro\/#\/schema\/logo\/image\/\"},\"location\":{\"@id\":\"https:\/\/atg.md\/ro\/catalog\/autoclipsuri\/figurnye\/c0197\/#local-place\"},\"address\":{\"@id\":\"https:\/\/atg.md\/ro\/catalog\/autoclipsuri\/figurnye\/c0197\/#local-place-address\"},\"email\":\"atgtvv@gmail.com\",\"telephone\":\"+37369644446\",\"areaServed\":\"Moldova\"},{\"@type\":\"Place\",\"@id\":\"https:\/\/atg.md\/ro\/catalog\/autoclipsuri\/figurnye\/c0197\/#local-place\",\"address\":{\"@type\":\"PostalAddress\",\"@id\":\"https:\/\/atg.md\/ro\/catalog\/autoclipsuri\/figurnye\/c0197\/#local-place-address\",\"streetAddress\":\"str. Alba-Iulia 77\/20\",\"addressLocality\":\"Chisinau\",\"postalCode\":\"2043\",\"addressRegion\":\"mun. Chisinau\",\"addressCountry\":\"MD\"},\"geo\":{\"@type\":\"GeoCoordinates\",\"latitude\":\"47.0376\",\"longitude\":\"28.76899\"},\"openingHoursSpecification\":[{\"@type\":\"OpeningHoursSpecification\",\"dayOfWeek\":[\"Monday\",\"Tuesday\",\"Wednesday\",\"Thursday\",\"Friday\"],\"opens\":\"09:00\",\"closes\":\"18:00\"},{\"@type\":\"OpeningHoursSpecification\",\"dayOfWeek\":[\"Saturday\"],\"opens\":\"09:00\",\"closes\":\"14:00\"},{\"@type\":\"OpeningHoursSpecification\",\"dayOfWeek\":[\"Sunday\"],\"opens\":\"00:00\",\"closes\":\"00:00\"}],\"telephone\":\"+37369644446\"}]}<\/script>\n<meta name=\"geo.placename\" content=\"Chisinau\" \/>\n<meta name=\"geo.position\" content=\"47.0376;28.76899\" \/>\n<meta name=\"geo.region\" content=\"Moldova\" \/>\n<!-- \/ Yoast SEO Premium plugin. -->","yoast_head_json":{"title":"C0197 - Autoclipsuri, Cre\u021b - atg.md","robots":{"index":"index","follow":"follow","max-snippet":"max-snippet:-1","max-image-preview":"max-image-preview:large","max-video-preview":"max-video-preview:-1"},"canonical":"https:\/\/atg.md\/ro\/catalog\/autoclipsuri\/figurnye\/c0197\/","og_locale":"ro_RO","og_type":"article","og_title":"C0197 - Autoclipsuri, Cre\u021b - atg.md","og_description":"OEM: N807994-S, N807994S, 90467-12042, 9046712042, 90467-11126, 9046711126, 26399-40U00, 2639940U00, 90189-06119018906111Dimensiune F: 11Dimensiune H: 11Dimensiune T: 13","og_url":"https:\/\/atg.md\/ro\/wp-json\/wp\/v2\/product\/6716","og_site_name":"atg.md","article_modified_time":"2024-07-05T07:01:40+00:00","og_image":[{"width":600,"height":600,"url":"https:\/\/atg.md\/wp-content\/uploads\/2021\/03\/c0197.jpg","type":"image\/jpeg"}],"twitter_card":"summary_large_image","twitter_misc":{"Pre\u021b":"5.00&nbsp;MDL","Availability":"In stock"},"schema":{"@context":"https:\/\/schema.org","@graph":[{"@type":"WebPage","@id":"https:\/\/atg.md\/ro\/catalog\/autoclipsuri\/figurnye\/c0197\/","url":"https:\/\/atg.md\/ro\/catalog\/autoclipsuri\/figurnye\/c0197\/","name":"C0197 - Autoclipsuri, Cre\u021b - atg.md","isPartOf":{"@id":"https:\/\/atg.md\/ro\/#website"},"datePublished":"2021-03-30T09:05:58+00:00","dateModified":"2024-07-05T07:01:40+00:00","breadcrumb":{"@id":"https:\/\/atg.md\/ro\/catalog\/autoclipsuri\/figurnye\/c0197\/#breadcrumb"},"inLanguage":"ro-RO","potentialAction":[{"@type":"ReadAction","target":[["https:\/\/atg.md\/ro\/catalog\/autoclipsuri\/figurnye\/c0197\/"]]}]},{"@type":"BreadcrumbList","@id":"https:\/\/atg.md\/ro\/catalog\/autoclipsuri\/figurnye\/c0197\/#breadcrumb","itemListElement":[{"@type":"ListItem","position":1,"name":"Home","item":"https:\/\/atg.md\/ro\/"},{"@type":"ListItem","position":2,"name":"\u041a\u0430\u0442\u0430\u043b\u043e\u0433","item":"https:\/\/atg.md\/ro\/catalog\/"},{"@type":"ListItem","position":3,"name":"C0197"}]},{"@type":"WebSite","@id":"https:\/\/atg.md\/ro\/#website","url":"https:\/\/atg.md\/ro\/","name":"atg.md","description":"V\u00e2nzare de izola\u021bii \u00eempotriva vibra\u021biilor pentru ma\u0219ini, izola\u021bie termic\u0103, izolare fonic\u0103 de la cei mai buni produc\u0103tori, autoclipsuri, elemente de fixare auto. Cump\u0103ra\u021bi \u00een Moldova, Chi\u0219in\u0103u","publisher":{"@id":"https:\/\/atg.md\/ro\/#organization"},"potentialAction":[{"@type":"SearchAction","target":{"@type":"EntryPoint","urlTemplate":"https:\/\/atg.md\/ro\/?s={search_term_string}"},"query-input":"required name=search_term_string"}],"inLanguage":"ro-RO"},{"@type":["Organization","Place","AutoPartsStore"],"@id":"https:\/\/atg.md\/ro\/#organization","name":"S.C. AUTOTOM GRUP S.R.L.","url":"https:\/\/atg.md\/ro\/","logo":{"@type":"ImageObject","inLanguage":"ro-RO","@id":"https:\/\/atg.md\/ro\/#\/schema\/logo\/image\/","url":"https:\/\/i2.wp.com\/atg.md\/wp-content\/uploads\/2021\/05\/atg_logo_main.png?fit=656%2C569&ssl=1","contentUrl":"https:\/\/i2.wp.com\/atg.md\/wp-content\/uploads\/2021\/05\/atg_logo_main.png?fit=656%2C569&ssl=1","width":656,"height":569,"caption":"S.C. AUTOTOM GRUP S.R.L."},"image":{"@id":"https:\/\/atg.md\/ro\/#\/schema\/logo\/image\/"},"location":{"@id":"https:\/\/atg.md\/ro\/catalog\/autoclipsuri\/figurnye\/c0197\/#local-place"},"address":{"@id":"https:\/\/atg.md\/ro\/catalog\/autoclipsuri\/figurnye\/c0197\/#local-place-address"},"email":"atgtvv@gmail.com","telephone":"+37369644446","areaServed":"Moldova"},{"@type":"Place","@id":"https:\/\/atg.md\/ro\/catalog\/autoclipsuri\/figurnye\/c0197\/#local-place","address":{"@type":"PostalAddress","@id":"https:\/\/atg.md\/ro\/catalog\/autoclipsuri\/figurnye\/c0197\/#local-place-address","streetAddress":"str. Alba-Iulia 77\/20","addressLocality":"Chisinau","postalCode":"2043","addressRegion":"mun. Chisinau","addressCountry":"MD"},"geo":{"@type":"GeoCoordinates","latitude":"47.0376","longitude":"28.76899"},"openingHoursSpecification":[{"@type":"OpeningHoursSpecification","dayOfWeek":["Monday","Tuesday","Wednesday","Thursday","Friday"],"opens":"09:00","closes":"18:00"},{"@type":"OpeningHoursSpecification","dayOfWeek":["Saturday"],"opens":"09:00","closes":"14:00"},{"@type":"OpeningHoursSpecification","dayOfWeek":["Sunday"],"opens":"00:00","closes":"00:00"}],"telephone":"+37369644446"}]}},"_links":{"self":[{"href":"https:\/\/atg.md\/ro\/wp-json\/wp\/v2\/product\/6716"}],"collection":[{"href":"https:\/\/atg.md\/ro\/wp-json\/wp\/v2\/product"}],"about":[{"href":"https:\/\/atg.md\/ro\/wp-json\/wp\/v2\/types\/product"}],"wp:featuredmedia":[{"embeddable":true,"href":"https:\/\/atg.md\/ro\/wp-json\/wp\/v2\/media\/6717"}],"wp:attachment":[{"href":"https:\/\/atg.md\/ro\/wp-json\/wp\/v2\/media?parent=6716"}],"wp:term":[{"taxonomy":"product_cat","embeddable":true,"href":"https:\/\/atg.md\/ro\/wp-json\/wp\/v2\/product_cat?post=6716"},{"taxonomy":"product_tag","embeddable":true,"href":"https:\/\/atg.md\/ro\/wp-json\/wp\/v2\/product_tag?post=6716"}],"curies":[{"name":"wp","href":"https:\/\/api.w.org\/{rel}","templated":true}]}}