{"id":6654,"date":"2021-03-30T09:05:47","date_gmt":"2021-03-30T09:05:47","guid":{"rendered":"http:\/\/atg.md\/product\/c0154\/"},"modified":"2024-07-23T14:34:09","modified_gmt":"2024-07-23T14:34:09","slug":"c0154","status":"publish","type":"product","link":"https:\/\/atg.md\/ro\/catalog\/autoclipsuri\/c0154\/","title":{"rendered":"C0154"},"content":{"rendered":"<p><strong>Modele:<\/strong><\/p>\n<ul>\n<li>Acura RL<\/li>\n<li>Ford<br \/>\nFestiva, ADA242<\/li>\n<li>Ford<br \/>\nLaser, BHA8SF, BF3VF, BF5RF, BF5PF, BHA5SF, BHA5PF, BFTPF, BHA7PF, BF7PF,<br \/>\nBHA7RF, BF5VF, BFSPF, BHALPF, BFMPF, BFSRF, BFMRF, BHA8PF, BHA6RF, BHA3PF,<br \/>\nBF3PF, BHALSF<\/li>\n<li>Ford<br \/>\nTelstar, GDERF, GVEWF, GEFPF, GDEAF, GD8RF, GV8WF, GC8PF, GCEPF, GESRF,<br \/>\nGD8PF, GD8AF, GVFWF, GDEPF, GVERF, GE8PF, GEEPF, GE5PF, GC6PF, GCFPF, GDFPF,<br \/>\nGVFRF<\/li>\n<li>Honda Accord<br \/>\nAerodeck, E-CA1, E-CA3, E-CA2<\/li>\n<li>Honda Accord<br \/>\nInspire, E-CB5<\/li>\n<li>Honda<br \/>\nAccord, E-AC, E-CB3, E-CB7, E-CA6, E-CB2, E-CB6, E-CA2, E-CB1, E-AD,<br \/>\nE-CB9, E-CB4<\/li>\n<li>Honda Acty<br \/>\nTruck, M-TB, M-TC, M-TA<\/li>\n<li>Honda<br \/>\nActy, V-HH4, V-HH3, M-VH, M-HH3, M-HH4<\/li>\n<li>Honda Ascot<br \/>\nInnova, E-CC4, E-CC5, E-CB3, E-CB4<\/li>\n<li>Honda<br \/>\nAscot, E-CB4, E-CE5, E-CE4, E-CB2, E-CB3, E-CB1<\/li>\n<li>Honda<br \/>\nBallade, E-AJ, E-AK<\/li>\n<li>Honda<br \/>\nCR-X, E-AE, E-AF, E-AS<\/li>\n<li>Honda<br \/>\nCity, E-GA1, E-FA, L-VF, E-AA<\/li>\n<li>Honda Civic<br \/>\nCRX<\/li>\n<li>Honda Civic<br \/>\nFerio, E-EK8, GF-EK5, GF-EK2, E-EJ3, E-EG8, E-EK2, GF-EK4, GF-EK3, E-EK4,<br \/>\nE-EK3, E-EK5<\/li>\n<li>Honda Civic<br \/>\nShuttle, E-AK, E-AR<\/li>\n<li>Honda<br \/>\nCivic, E-AK, E-EK4, GF-EK2, E-AG, E-AT, L-VJ, GF-EK9, E-AH, E-AU, E-EK9,<br \/>\nGF-EK4, E-EK2, -EJ7, NA-EN1, E-EK3, E-AJ, GF-EK3<\/li>\n<li>Honda<br \/>\nDomani, E-MA6<\/li>\n<li>Honda<br \/>\nHR-V, LA-GH4, ABA-GH3, ABA-GH4, LA-GH3, GF-GH3, GF-GH4<\/li>\n<li>Honda<br \/>\nInsight, AAA-ZE1<\/li>\n<li>Honda<br \/>\nInspire, E-CC3, E-CC2<\/li>\n<li>Honda<br \/>\nIntegra, E-DB9, E-AV, E-DA2, E-DB7, GF-DB9<\/li>\n<li>Honda Jazz<\/li>\n<li>Honda<br \/>\nLegend, E-KA2, E-KA6, E-KA4, E-KA8, ABA-KA9, E-KA1, GF-KA9, E-KA3, LA-KA9,<br \/>\nE-KA7, E-KA5, GH-KA9, E-KA9<\/li>\n<li>Honda<br \/>\nOdyssey<\/li>\n<li>Honda<br \/>\nPrelude, E-AB, E-BA1<\/li>\n<li>Honda<br \/>\nQuintet<\/li>\n<li>Honda<br \/>\nRafaga, E-CE4, E-CE5<\/li>\n<li>Honda<br \/>\nShuttle<\/li>\n<li>Honda<br \/>\nStepwgn, E-RF2, E-RF1, GF-RF2, GF-RF1<\/li>\n<li>Honda<br \/>\nVigor, E-CA1, E-CA2, E-CA3, E-CC3, E-AD, E-CA5, E-CC2, E-CB5<\/li>\n<li>Mazda<br \/>\nAtenza, GG3P, GGES, GYEW, GGEP, GY3W, GG3S<\/li>\n<li>Mazda Bongo<br \/>\nBrawny, SRE9V, SD2AT, SREAM, SR5AV, SKF6M, SD5AT, SRF9W, SK5HM, SRS9V,<br \/>\nSK54L, SD59T, SK24L, SK54T, SK56M, SK24T, SKFHV, SD29T, SKE4T, SK54V, SR2AM,<br \/>\nSK5HV, SRE9W, SR59V, SR29V, SR5AM, SR89V, SK26L, SKF6V, SRSAV, SD89T, SREAV,<br \/>\nSDEAT, SK26T, SD2AM, SKE6V, SKE6T, SD5AM, SR2AV, SD29M, SD59M, SK56L, SKFHM,<br \/>\nSK56V, SK56T<\/li>\n<li>Mazda<br \/>\nBongo, SE28R, SE28T, SS48V, SE58T, SS28H, SEF8T, SK22L, SE88T, SSE8WE,<br \/>\nSS28ME, SSF8V, SSF8R, SS28V, SE48T, SS58V, SKF2V, SS88R, SS88V, SK82M, SSF8WE,<br \/>\nSKF2T, SS28R, SSE8R, SS88H, SKF2L, SE28M, SKF2M, SE88M, SS28M, SSF8RE, SSF8W,<br \/>\nSK22V, SK22T, SK22M, SSE8W, SK82L, SS88W, SK82V, SS88M, SK82T<\/li>\n<li>Mazda<br \/>\nCapella, GD8R, GVFR, GD8P, GD8A, GDES, GV6V, GDEA, GCEP, GVER, GV8W, GVFV,<br \/>\nGC2210, GD8S, GD6P, GC8J, GCFP, GC8P, GD8B, GDER, GCFJ, GDEP, GVEW, GC6P, GDEB,<br \/>\nGC1412, GDFP, GVFW<\/li>\n<li>Mazda<br \/>\nCronos, GESR, GEEP, GE5P, GEFP, GE8P<\/li>\n<li>Mazda<br \/>\nDemio, DY5W, DY5R, DY3R, DY3W<\/li>\n<li>Mazda Eunos<br \/>\nCosmo, HBES, HBPS2, HBSN2, HB3S, HB1213, HBEP<\/li>\n<li>Mazda<br \/>\nFamilia, BHA8P, BHA3S, BHA3P, BHA8S, BHA5S, BHALP, BHA7P, BHA7R, BHA6R,<br \/>\nBHA5P, BHALS<\/li>\n<li>Mazda<br \/>\nJ100, SR5AVF, SR2AMF, SDEATF, SREAVF, SD5ATF, SR5AMF, SR2AVF, SRSAVF<\/li>\n<li>Mazda<br \/>\nJ80, SS88VF, SS28VF, SS88HF, SSF8VF, SS28MF, SSF8RF, SE28MF, SE58TF,<br \/>\nSS58VF, SEF8TF, SSE8WF, SS88WF, SS48VF, SS88RF, SS28HF, SE48TF, SE88TF, SE28TF,<br \/>\nSSF8WF, SS88MF<\/li>\n<li>Mazda<br \/>\nLantis, CBA8P, CBAEP<\/li>\n<li>Mazda<br \/>\nLuce, TA3A, LA4MV, LA4SV<\/li>\n<li>Mazda<br \/>\nMPV, LVLR, GE5P, LVEWE, GEFP, GE8P, LVLW, GEEP, LVEW, GESR<\/li>\n<li>Mazda<br \/>\nPersona, MA8P, MAEP<\/li>\n<li>Mazda Redcap<br \/>\nCab, PC56T<\/li>\n<li>Mazda<br \/>\nSavanna RX-7, FD3S, FC3C, FC3S, FB3315, SA22C, FB3316<\/li>\n<li>Mazda Training Car, BHA7P, BHALP, BK5P<\/li>\n<\/ul>\n<p><\/p>","protected":false},"excerpt":{"rendered":"<p><b>OEM:<\/b>90672-SA0-0030, 90672SA00030, 9928-91-053, 992891053<\/p>\n<div class=\"form-group row align-items-center\"><label class=\"col-6 col-md-3 col-form-label\"><b>Dimensiune<\/b> F: <\/label>9<\/div>\n<div class=\"form-group row align-items-center\"><label class=\"col-6 col-md-3 col-form-label\"><b>Dimensiune<\/b> H: <\/label>14<\/div>\n<div class=\"form-group row align-items-center\"><label class=\"col-6 col-md-3 col-form-label\"><b>Dimensiune<\/b> T: <\/label>19<\/div>\n<div class=\"form-group row align-items-center\"><label class=\"col-6 col-md-3 col-form-label\"><b>Dimensiune<\/b> D: <\/label>1<\/div>\n","protected":false},"featured_media":13167,"template":"","meta":[],"product_cat":[25,247],"product_tag":[],"bundled_by":[],"bundle_stock_status":"instock","bundle_stock_quantity":null,"bundle_virtual":false,"bundle_layout":"","bundle_add_to_cart_form_location":"","bundle_editable_in_cart":false,"bundle_sold_individually_context":"","bundle_item_grouping":"","bundle_min_size":"","bundle_max_size":"","bundled_items":[],"yoast_head":"<!-- This site is optimized with the Yoast SEO Premium plugin v16.6 (Yoast SEO v20.1) - https:\/\/yoast.com\/wordpress\/plugins\/seo\/ -->\n<title>C0154 - Autoclipsuri, Cleme - atg.md<\/title>\n<meta name=\"robots\" content=\"index, follow, max-snippet:-1, max-image-preview:large, max-video-preview:-1\" \/>\n<link rel=\"canonical\" href=\"https:\/\/atg.md\/ro\/catalog\/autoclipsuri\/c0154\/\" \/>\n<meta property=\"og:locale\" content=\"ro_RO\" \/>\n<meta property=\"og:type\" content=\"article\" \/>\n<meta property=\"og:title\" content=\"C0154 - Autoclipsuri, Cleme - atg.md\" \/>\n<meta property=\"og:description\" content=\"OEM:90672-SA0-0030, 90672SA00030, 9928-91-053, 992891053 Dimensiune F: 9 Dimensiune H: 14 Dimensiune T: 19 Dimensiune D: 1\" \/>\n<meta property=\"og:url\" content=\"https:\/\/atg.md\/ro\/wp-json\/wp\/v2\/product\/6654\" \/>\n<meta property=\"og:site_name\" content=\"atg.md\" \/>\n<meta property=\"article:modified_time\" content=\"2024-07-23T14:34:09+00:00\" \/>\n<meta property=\"og:image\" content=\"https:\/\/atg.md\/wp-content\/uploads\/2021\/03\/61vl3xxxzgl._ac_uf8941000_ql80_.jpg\" \/>\n\t<meta property=\"og:image:width\" content=\"894\" \/>\n\t<meta property=\"og:image:height\" content=\"938\" \/>\n\t<meta property=\"og:image:type\" content=\"image\/jpeg\" \/>\n<meta name=\"twitter:card\" content=\"summary_large_image\" \/>\n<meta name=\"twitter:label1\" content=\"Pre\u021b\" \/>\n\t<meta name=\"twitter:data1\" content=\"7.00&nbsp;MDL\" \/>\n\t<meta name=\"twitter:label2\" content=\"Availability\" \/>\n\t<meta name=\"twitter:data2\" content=\"In stock\" \/>\n<script type=\"application\/ld+json\" class=\"yoast-schema-graph\">{\"@context\":\"https:\/\/schema.org\",\"@graph\":[{\"@type\":\"WebPage\",\"@id\":\"https:\/\/atg.md\/ro\/catalog\/autoclipsuri\/c0154\/\",\"url\":\"https:\/\/atg.md\/ro\/catalog\/autoclipsuri\/c0154\/\",\"name\":\"C0154 - Autoclipsuri, Cleme - atg.md\",\"isPartOf\":{\"@id\":\"https:\/\/atg.md\/ro\/#website\"},\"datePublished\":\"2021-03-30T09:05:47+00:00\",\"dateModified\":\"2024-07-23T14:34:09+00:00\",\"breadcrumb\":{\"@id\":\"https:\/\/atg.md\/ro\/catalog\/autoclipsuri\/c0154\/#breadcrumb\"},\"inLanguage\":\"ro-RO\",\"potentialAction\":[{\"@type\":\"ReadAction\",\"target\":[[\"https:\/\/atg.md\/ro\/catalog\/autoclipsuri\/c0154\/\"]]}]},{\"@type\":\"BreadcrumbList\",\"@id\":\"https:\/\/atg.md\/ro\/catalog\/autoclipsuri\/c0154\/#breadcrumb\",\"itemListElement\":[{\"@type\":\"ListItem\",\"position\":1,\"name\":\"Home\",\"item\":\"https:\/\/atg.md\/ro\/\"},{\"@type\":\"ListItem\",\"position\":2,\"name\":\"\u041a\u0430\u0442\u0430\u043b\u043e\u0433\",\"item\":\"https:\/\/atg.md\/ro\/catalog\/\"},{\"@type\":\"ListItem\",\"position\":3,\"name\":\"C0154\"}]},{\"@type\":\"WebSite\",\"@id\":\"https:\/\/atg.md\/ro\/#website\",\"url\":\"https:\/\/atg.md\/ro\/\",\"name\":\"atg.md\",\"description\":\"V\u00e2nzare de izola\u021bii \u00eempotriva vibra\u021biilor pentru ma\u0219ini, izola\u021bie termic\u0103, izolare fonic\u0103 de la cei mai buni produc\u0103tori, autoclipsuri, elemente de fixare auto. Cump\u0103ra\u021bi \u00een Moldova, Chi\u0219in\u0103u\",\"publisher\":{\"@id\":\"https:\/\/atg.md\/ro\/#organization\"},\"potentialAction\":[{\"@type\":\"SearchAction\",\"target\":{\"@type\":\"EntryPoint\",\"urlTemplate\":\"https:\/\/atg.md\/ro\/?s={search_term_string}\"},\"query-input\":\"required name=search_term_string\"}],\"inLanguage\":\"ro-RO\"},{\"@type\":[\"Organization\",\"Place\",\"AutoPartsStore\"],\"@id\":\"https:\/\/atg.md\/ro\/#organization\",\"name\":\"S.C. AUTOTOM GRUP S.R.L.\",\"url\":\"https:\/\/atg.md\/ro\/\",\"logo\":{\"@type\":\"ImageObject\",\"inLanguage\":\"ro-RO\",\"@id\":\"https:\/\/atg.md\/ro\/#\/schema\/logo\/image\/\",\"url\":\"https:\/\/i2.wp.com\/atg.md\/wp-content\/uploads\/2021\/05\/atg_logo_main.png?fit=656%2C569&ssl=1\",\"contentUrl\":\"https:\/\/i2.wp.com\/atg.md\/wp-content\/uploads\/2021\/05\/atg_logo_main.png?fit=656%2C569&ssl=1\",\"width\":656,\"height\":569,\"caption\":\"S.C. AUTOTOM GRUP S.R.L.\"},\"image\":{\"@id\":\"https:\/\/atg.md\/ro\/#\/schema\/logo\/image\/\"},\"location\":{\"@id\":\"https:\/\/atg.md\/ro\/catalog\/autoclipsuri\/c0154\/#local-place\"},\"address\":{\"@id\":\"https:\/\/atg.md\/ro\/catalog\/autoclipsuri\/c0154\/#local-place-address\"},\"email\":\"atgtvv@gmail.com\",\"telephone\":\"+37369644446\",\"areaServed\":\"Moldova\"},{\"@type\":\"Place\",\"@id\":\"https:\/\/atg.md\/ro\/catalog\/autoclipsuri\/c0154\/#local-place\",\"address\":{\"@type\":\"PostalAddress\",\"@id\":\"https:\/\/atg.md\/ro\/catalog\/autoclipsuri\/c0154\/#local-place-address\",\"streetAddress\":\"str. Alba-Iulia 77\/20\",\"addressLocality\":\"Chisinau\",\"postalCode\":\"2043\",\"addressRegion\":\"mun. Chisinau\",\"addressCountry\":\"MD\"},\"geo\":{\"@type\":\"GeoCoordinates\",\"latitude\":\"47.0376\",\"longitude\":\"28.76899\"},\"openingHoursSpecification\":[{\"@type\":\"OpeningHoursSpecification\",\"dayOfWeek\":[\"Monday\",\"Tuesday\",\"Wednesday\",\"Thursday\",\"Friday\"],\"opens\":\"09:00\",\"closes\":\"18:00\"},{\"@type\":\"OpeningHoursSpecification\",\"dayOfWeek\":[\"Saturday\"],\"opens\":\"09:00\",\"closes\":\"14:00\"},{\"@type\":\"OpeningHoursSpecification\",\"dayOfWeek\":[\"Sunday\"],\"opens\":\"00:00\",\"closes\":\"00:00\"}],\"telephone\":\"+37369644446\"}]}<\/script>\n<meta name=\"geo.placename\" content=\"Chisinau\" \/>\n<meta name=\"geo.position\" content=\"47.0376;28.76899\" \/>\n<meta name=\"geo.region\" content=\"Moldova\" \/>\n<!-- \/ Yoast SEO Premium plugin. -->","yoast_head_json":{"title":"C0154 - Autoclipsuri, Cleme - atg.md","robots":{"index":"index","follow":"follow","max-snippet":"max-snippet:-1","max-image-preview":"max-image-preview:large","max-video-preview":"max-video-preview:-1"},"canonical":"https:\/\/atg.md\/ro\/catalog\/autoclipsuri\/c0154\/","og_locale":"ro_RO","og_type":"article","og_title":"C0154 - Autoclipsuri, Cleme - atg.md","og_description":"OEM:90672-SA0-0030, 90672SA00030, 9928-91-053, 992891053 Dimensiune F: 9 Dimensiune H: 14 Dimensiune T: 19 Dimensiune D: 1","og_url":"https:\/\/atg.md\/ro\/wp-json\/wp\/v2\/product\/6654","og_site_name":"atg.md","article_modified_time":"2024-07-23T14:34:09+00:00","og_image":[{"width":894,"height":938,"url":"https:\/\/atg.md\/wp-content\/uploads\/2021\/03\/61vl3xxxzgl._ac_uf8941000_ql80_.jpg","type":"image\/jpeg"}],"twitter_card":"summary_large_image","twitter_misc":{"Pre\u021b":"7.00&nbsp;MDL","Availability":"In stock"},"schema":{"@context":"https:\/\/schema.org","@graph":[{"@type":"WebPage","@id":"https:\/\/atg.md\/ro\/catalog\/autoclipsuri\/c0154\/","url":"https:\/\/atg.md\/ro\/catalog\/autoclipsuri\/c0154\/","name":"C0154 - Autoclipsuri, Cleme - atg.md","isPartOf":{"@id":"https:\/\/atg.md\/ro\/#website"},"datePublished":"2021-03-30T09:05:47+00:00","dateModified":"2024-07-23T14:34:09+00:00","breadcrumb":{"@id":"https:\/\/atg.md\/ro\/catalog\/autoclipsuri\/c0154\/#breadcrumb"},"inLanguage":"ro-RO","potentialAction":[{"@type":"ReadAction","target":[["https:\/\/atg.md\/ro\/catalog\/autoclipsuri\/c0154\/"]]}]},{"@type":"BreadcrumbList","@id":"https:\/\/atg.md\/ro\/catalog\/autoclipsuri\/c0154\/#breadcrumb","itemListElement":[{"@type":"ListItem","position":1,"name":"Home","item":"https:\/\/atg.md\/ro\/"},{"@type":"ListItem","position":2,"name":"\u041a\u0430\u0442\u0430\u043b\u043e\u0433","item":"https:\/\/atg.md\/ro\/catalog\/"},{"@type":"ListItem","position":3,"name":"C0154"}]},{"@type":"WebSite","@id":"https:\/\/atg.md\/ro\/#website","url":"https:\/\/atg.md\/ro\/","name":"atg.md","description":"V\u00e2nzare de izola\u021bii \u00eempotriva vibra\u021biilor pentru ma\u0219ini, izola\u021bie termic\u0103, izolare fonic\u0103 de la cei mai buni produc\u0103tori, autoclipsuri, elemente de fixare auto. Cump\u0103ra\u021bi \u00een Moldova, Chi\u0219in\u0103u","publisher":{"@id":"https:\/\/atg.md\/ro\/#organization"},"potentialAction":[{"@type":"SearchAction","target":{"@type":"EntryPoint","urlTemplate":"https:\/\/atg.md\/ro\/?s={search_term_string}"},"query-input":"required name=search_term_string"}],"inLanguage":"ro-RO"},{"@type":["Organization","Place","AutoPartsStore"],"@id":"https:\/\/atg.md\/ro\/#organization","name":"S.C. AUTOTOM GRUP S.R.L.","url":"https:\/\/atg.md\/ro\/","logo":{"@type":"ImageObject","inLanguage":"ro-RO","@id":"https:\/\/atg.md\/ro\/#\/schema\/logo\/image\/","url":"https:\/\/i2.wp.com\/atg.md\/wp-content\/uploads\/2021\/05\/atg_logo_main.png?fit=656%2C569&ssl=1","contentUrl":"https:\/\/i2.wp.com\/atg.md\/wp-content\/uploads\/2021\/05\/atg_logo_main.png?fit=656%2C569&ssl=1","width":656,"height":569,"caption":"S.C. AUTOTOM GRUP S.R.L."},"image":{"@id":"https:\/\/atg.md\/ro\/#\/schema\/logo\/image\/"},"location":{"@id":"https:\/\/atg.md\/ro\/catalog\/autoclipsuri\/c0154\/#local-place"},"address":{"@id":"https:\/\/atg.md\/ro\/catalog\/autoclipsuri\/c0154\/#local-place-address"},"email":"atgtvv@gmail.com","telephone":"+37369644446","areaServed":"Moldova"},{"@type":"Place","@id":"https:\/\/atg.md\/ro\/catalog\/autoclipsuri\/c0154\/#local-place","address":{"@type":"PostalAddress","@id":"https:\/\/atg.md\/ro\/catalog\/autoclipsuri\/c0154\/#local-place-address","streetAddress":"str. Alba-Iulia 77\/20","addressLocality":"Chisinau","postalCode":"2043","addressRegion":"mun. Chisinau","addressCountry":"MD"},"geo":{"@type":"GeoCoordinates","latitude":"47.0376","longitude":"28.76899"},"openingHoursSpecification":[{"@type":"OpeningHoursSpecification","dayOfWeek":["Monday","Tuesday","Wednesday","Thursday","Friday"],"opens":"09:00","closes":"18:00"},{"@type":"OpeningHoursSpecification","dayOfWeek":["Saturday"],"opens":"09:00","closes":"14:00"},{"@type":"OpeningHoursSpecification","dayOfWeek":["Sunday"],"opens":"00:00","closes":"00:00"}],"telephone":"+37369644446"}]}},"_links":{"self":[{"href":"https:\/\/atg.md\/ro\/wp-json\/wp\/v2\/product\/6654"}],"collection":[{"href":"https:\/\/atg.md\/ro\/wp-json\/wp\/v2\/product"}],"about":[{"href":"https:\/\/atg.md\/ro\/wp-json\/wp\/v2\/types\/product"}],"wp:featuredmedia":[{"embeddable":true,"href":"https:\/\/atg.md\/ro\/wp-json\/wp\/v2\/media\/13167"}],"wp:attachment":[{"href":"https:\/\/atg.md\/ro\/wp-json\/wp\/v2\/media?parent=6654"}],"wp:term":[{"taxonomy":"product_cat","embeddable":true,"href":"https:\/\/atg.md\/ro\/wp-json\/wp\/v2\/product_cat?post=6654"},{"taxonomy":"product_tag","embeddable":true,"href":"https:\/\/atg.md\/ro\/wp-json\/wp\/v2\/product_tag?post=6654"}],"curies":[{"name":"wp","href":"https:\/\/api.w.org\/{rel}","templated":true}]}}