{"id":6652,"date":"2021-03-30T09:05:36","date_gmt":"2021-03-30T09:05:36","guid":{"rendered":"http:\/\/atg.md\/product\/c0153\/"},"modified":"2024-07-05T07:01:27","modified_gmt":"2024-07-05T07:01:27","slug":"c0153","status":"publish","type":"product","link":"https:\/\/atg.md\/ro\/catalog\/autoclipsuri\/ershi\/c0153\/","title":{"rendered":"C0153"},"content":{"rendered":"<p><strong>Modele:<\/strong><\/p>\n<ul>\n<li>Honda Accord Tourer<\/li>\n<li>Honda Accord, LA-CL8, DBA-CL7, ABA-CM2, LA-CM2, E-CA1, DBA-CM2, LA-CL9, ABA-CL8, UA-CL7, CBA-CL7, E-CB3, UA-CM2, LA-CM3, ABA-CM3, ABA-CL9, CBA-CM2<\/li>\n<li>Honda Acty Truck, GD-HA6, UE-HA6, GD-HA7, GBD-HA6, UE-HA7, GBD-HA7<\/li>\n<li>Honda Acty, -HH5, GBD-HH6, UE-HH6, GBD-HH5, GD-HH5, UE-HH5, -HH6, GD-HH6<\/li>\n<li>Honda Ascot Innova, E-CB4, E-CB3, E-CC5, E-CC4<\/li>\n<li>Honda Ascot, E-CB3<\/li>\n<li>Honda Ballade<\/li>\n<li>Honda CR-V, GF-RD2, GF-RD1, E-RD1<\/li>\n<li>Honda Capa, GF-GA6, GF-GA4<\/li>\n<li>Honda City<\/li>\n<li>Honda Civic Ferio, E-EK8, E-EK5, E-EK4, E-EK3, GF-EK3, E-EH1, E-EG9, GF-EK5, E-EJ3, E-EG8, GF-EK4, GF-EK2, E-EK2<\/li>\n<li>Honda Civic Hybrid, DAA-FD3<\/li>\n<li>Honda Civic Shuttle, E-EF5<\/li>\n<li>Honda Civic, E-EK9, GF-EK3, E-EK4, ABA-FD2, E-EJ7, GF-EK4, GF-EK9, DBA-FD1, E-EK3, DAA-FD3, NA-EN1, DBA-FD2, GF-EK2, E-EK2, -EJ7<\/li>\n<li>Honda Crossroad, DBA-RT1, DBA-RT4, DBA-RT3, DBA-RT2<\/li>\n<li>Honda Domani, E-MA6, GF-MB4, E-MA5, E-MA7, E-MA4, GF-MB5, GF-MB3, E-MB5, E-MB3, E-MB4<\/li>\n<li>Honda Element, CBA-YH2, UA-YH2<\/li>\n<li>Honda Elysion, DBA-RR5, DBA-RR4, DBA-RR6, DBA-RR2, DBA-RR3, DBA-RR1<\/li>\n<li>Honda Fit, DBA-GE8, DBA-GE9, DBA-GE7, DBA-GE6<\/li>\n<li>Honda HR-V, LA-GH3, LA-GH4, GF-GH4, ABA-GH3, GF-GH3, ABA-GH4<\/li>\n<li>Honda Inspire, DBA-UC1, UA-UC1<\/li>\n<li>Honda Integra SJ, GF-EK3, E-EK3<\/li>\n<li>Honda Integra, E-DB9, E-DB8, E-DB7, GF-DB6, GF-DB9, GF-DB8, E-DB6<\/li>\n<li>Honda Jazz<\/li>\n<li>Honda Lagreat, LA-RL1, GH-RL1<\/li>\n<li>Honda Legend, DBA-KB1<\/li>\n<li>Honda Life Dunk, LA-JB3, LA-JB4<\/li>\n<li>Honda Life, DBA-JC1, LA-JB1, LA-JB2, CBA-JC2, GF-JB1, GF-JB2<\/li>\n<li>Honda Logo, GF-GA5, E-GA3, GF-GA3<\/li>\n<li>Honda Odyssey, ABA-RB2, DBA-RB2, ABA-RB1, DBA-RB3, DBA-RB4, LA-RB2, LA-RB1, UA-RB1, UA-RB2, DBA-RB1<\/li>\n<li>Honda Orthia, GF-EL3, GF-EL2, E-EL3, E-EL1, E-EL2<\/li>\n<li>Honda Partner, LB-EY8, R-EY9, GJ-EY7, R-EY8, GJ-EY8, ABE-EY8, R-EY6, R-EY7, ABE-EY7, GG-EY6, LB-EY7<\/li>\n<li>Honda Pilot<\/li>\n<li>Honda S-MX, GF-RH1, GF-RH2, E-RH2, E-RH1<\/li>\n<li>Honda Stepwgn, UA-RF8, E-RF1, LA-RF4, E-RF2, CBA-RF8, LA-RF3, CBA-RF7, CBA-RF3, GF-RF1, CBA-RF4, CBA-RF5, GF-RF2, CBA-RF6, UA-RF5, UA-RF4, UA-RF6, UA-RF7, UA-RF3<\/li>\n<li>Honda Stream, DBA-RN8, DBA-RN9, DBA-RN7, DBA-RN6<\/li>\n<li>Honda Vamos Hobio, ABA-HM3, ABA-HM4, LA-HM3, GBD-HJ1, LA-HM4, UE-HJ1, GBD-HJ2, UE-HJ2<\/li>\n<li>Honda Vamos, ABA-HM2, GF-HM1, GF-HM2, LA-HM1, LA-HM2, ABA-HM1<\/li>\n<li>Lexus ES300, MCV10, VCV10, MCV30, MCV31<\/li>\n<li>Lexus ES330, MCV30, MCV31<\/li>\n<li>Lexus GS300, JZS147<\/li>\n<li>Lexus IS200, JCE10, GXE10<\/li>\n<li>Lexus IS300, JCE10, GXE10<\/li>\n<li>Lexus LS400, UCF10<\/li>\n<li>Lexus RX300, MCU10, MCU15<\/li>\n<li>Mitsubishi Aspire, EC3A, EA3A, EA7A, EC1A, EA1A, EC7A, EC5A<\/li>\n<li>Mitsubishi Chariot Grandis, N86W, N96W, N84W, N94W<\/li>\n<li>Mitsubishi Chariot, D08W, D02W, D03W, D05W, D09W<\/li>\n<li>Mitsubishi Delica, P25W, P24W, P05W, P35W, P04W, P03W<\/li>\n<li>Mitsubishi FTO, DE3A<\/li>\n<li>Mitsubishi Galant, EC3A, EC7A, EA3A, EA1A, EA7A, EC5A, EC1A<\/li>\n<li>Mitsubishi Legnum, EA7W, EC4W, EA5W, EC5W, EC3W, EC1W, EA3W, EC7W, EA4W, EA1W<\/li>\n<li>Mitsubishi Minica, H27A, H22V, H22VW, H22A<\/li>\n<li>Mitsubishi Pajero, V47WG, V26WG, V14V, V25W, V24C, V26C, V46W, V24WG, V46V, V55W, V44W, V26W, V45W, V21W, V46WG, V24W, V23W, V24V, V25C, V34V, V23C, V44WG, V43W<\/li>\n<li>Mitsubishi RVR, N61W, N74WG, N28W, N21WG, N64WG, N23WG, N11W, N13W, N71W, N23W, N21W, N73WG, N28WG<\/li>\n<li>Mitsubishi eK-Wagon, H82W<\/li>\n<li>Toyota Allex, ZZE123, ZZE124, ZZE122, NZE124, NZE121<\/li>\n<li>Toyota Allion, ZZT240, NZT240, ZZT245, AZT240<\/li>\n<li>Toyota Alphard, ANH15W, ANH10W, MNH10W, MNH15W, MNH15, ANH10, ATH10, ANH15, ATH10W, MNH10<\/li>\n<li>Toyota Altezza, GXE10, GXE10W, SXE10<\/li>\n<li>Toyota Aristo, UZS143, UZS143E, JZS147E, JZS147<\/li>\n<li>Toyota Brevis, JCG10, JCG15, JCG11<\/li>\n<li>Toyota Caldina, AZT241, ST246W, ST246, AZT246, ST215, ZZT241W, AT211, ST215G, ZZT241, ST210G, AZT241W, AT211G, ST210, CT216G, ST215W, AZT246W, CT216<\/li>\n<li>Toyota Camry, VCV10, MCV30L, ACV30L, MCV36, ACV31, SXV10, SXV11, ACV36, MCV10, ACV30, MCV30, MCV31<\/li>\n<li>Toyota Carina ED, ST201, ST202, ST200, ST203, ST205<\/li>\n<li>Toyota Celica, ST202C, ST204, ST205, AT200, ST202<\/li>\n<li>Toyota Celsior, UCF10, UCF11<\/li>\n<li>Toyota Corolla Ceres, AE100, AE101<\/li>\n<li>Toyota Corolla Fielder, NZE120, NZE121, ZZE123G, ZZE122G, CE121, ZZE124G, ZZE124, NZE124G, NZE121G, CE121G, NZE124, ZZE122, ZZE123<\/li>\n<li>Toyota Corolla Levin, AE110, AE111, AE101, AE100<\/li>\n<li>Toyota Corolla Runx, ZZE123, ZZE124, NZE121, ZZE122, NZE124<\/li>\n<li>Toyota Corolla Spacio, ZZE124, ZZE124N, ZZE122N, NZE121N, NZE121, ZZE122<\/li>\n<li>Toyota Corolla Verso, ZZE122, ZNR11L, CUR10, AUR10, CDE120, ZZE121, ZNR10, ZNR11<\/li>\n<li>Toyota Corolla, ZZE123, ZRE120, NZE120, ZZE120L, ZZE120, AE112, AE102, ZZE110, EE101, AE100G, ZZE123L, ZZE121, WZE110, AE111, AE115, NDE120, ZZE111, EE110, CE114, AE101G, CE120, AE101, EE108G, CE100G, ZZE130, EE100, ZZE122, CDE120, CE100, CE110, AE110, AE114, NZE121, ZZE121L, CDE110, ZZE112, AE100, EE111, EE108<\/li>\n<li>Toyota Corona Exiv, ST182, ST180, ST183, ST181, ST200, ST201, ST205, ST203, ST202<\/li>\n<li>Toyota Corona, AT211, AT210, CT211, CT210, ST215, CT216, CT215, ST210<\/li>\n<li>Toyota Corsa, EL53, NL50, EL51, EL55<\/li>\n<li>Toyota Crown Majesta, UZS157, UZS155, JZS151, JZS149, LS151, JZS147, UZS143, UZS147, UZS151, UZS145, GS151, JZS143, UZS141, JZS145, JZS141, GS141, LS141, JZS157, JZS155, JZS153<\/li>\n<li>Toyota Crown, JZS133, LS151H, LS130, UZS157, GS131H, JZS143, GS130, JZS147, UZS143, UZS147, JZS130G, YS132, JZS155, GS141, LS131H, GS131, JZS151, JZS130, JZS135, UZS155, GS136, LS151, LS130W, UZS151, JZS141, GS151H, GS151, JZS145, UZS141, UZS145, JZS149, LS141, LS136, JZS131, LS130G, JZS157, LS131, YS130, GS130W, GS130G, JZS153<\/li>\n<li>Toyota Curren, ST207, ST208, ST206<\/li>\n<li>Toyota Echo Verso, NCP20, NLP20, NLP22, NCP22, NCP21<\/li>\n<li>Toyota Echo, SCP10, NCP11, NCP10, NCP12, NCP13<\/li>\n<li>Toyota Estima Emina, TCR11, TCR10, CXR10G, CXR11G, CXR11, CXR10, TCR10G, TCR11G<\/li>\n<li>Toyota Estima Lucida, TCR10G, CXR11G, TCR10, TCR11G, CXR10, CXR11, TCR11, CXR10G<\/li>\n<li>Toyota Estima, ACR30W, ACR50, AHR10, MCR30, ACR50W, ACR40, ACR55W, MCR40, AHR20W, GSR50, ACR40W, AHR10W, ACR30, MCR30W, ACR55, GSR55W, AHR20, MCR40W, GSR50W, GSR55<\/li>\n<li>Toyota Funcargo, NCP25, NCP21, NCP20<\/li>\n<li>Toyota Harrier, MCU10W, ACU15, ACU15W, ACU10W, ACU10, MCU15, MCU10, MCU15W<\/li>\n<li>Toyota Isis, ZGM15G, ZGM10G, ZGM10, ZGM11W, ZGM11, ANM15G, ANM10G, ZGM15W, ANM15, ZGM10W, ZNM10W, ANM15W, ANM10W, ZNM10G, ANM10, ZGM15, ZNM10, ZGM11G<\/li>\n<li>Toyota Land Cruiser Prado, KZJ78G, LJ71G, LJ78W, LJ71, LJ78G, FJ75, KZJ78, PZJ70, HZJ70, HZJ76, HZJ74, KZJ78W, LJ78, HZJ77, HZJ79, KZJ71G, HZJ71, KZJ71, HZJ73, PZJ77, HZJ75, KZJ71W<\/li>\n<li>Toyota Land Cruiser, KZJ77, HZJ73HV, HZJ73V, PZJ73, PZJ70V, FZJ80G, HZJ71, HZJ73, PZJ75, HZJ70V, KZJ73, HZJ75, HZJ79, HZJ74V, RJ73, HZJ71V, HZJ80, PZJ70, HZJ74K, FZJ80, HDJ80, BJ73, LJ70, LJ77, HZJ70, LJ73, FZJ80J, BJ73V, KZJ70, HZJ74, HZJ78, RJ70<\/li>\n<li>Toyota Mark X, GRX130, GRX133, GRX135<\/li>\n<li>Toyota Noah, AZR65, ZRR70W, AZR60, AZR65G, AZR60G, ZRR70, ZRR75G, ZRR75, ZRR75W, ZRR70G<\/li>\n<li>Toyota Platz, NCP12, SCP11, NCP16<\/li>\n<li>Toyota Premio, ZZT245, AZT240, NZT240, ZZT240<\/li>\n<li>Toyota Previa, TCR20, ACR30, GSR50, TCR21, CLR30, ACR50, TCR11, TCR10<\/li>\n<li>Toyota Prius, NHW20<\/li>\n<li>Toyota Raum, NCZ25, NCZ20<\/li>\n<li>Toyota Scepter, VCV10, SXV10<\/li>\n<li>Toyota Scion, NCP61, NCP31, ANT10<\/li>\n<li>Toyota Sienna, GSL20, MCL25, MCL23, GSL25, MCL20, GSL23<\/li>\n<li>Toyota Solara, ACV30, MCV31<\/li>\n<li>Toyota Sprinter Carib, AE111G, AE111, AE114, AE115, AE115G, AE114G<\/li>\n<li>Toyota Sprinter Marino, AE100, AE101<\/li>\n<li>Toyota Sprinter Trueno, AE100, AE101, AE110, AE<\/li>\n<\/ul>\n<p><\/p>","protected":false},"excerpt":{"rendered":"<p><b>OEM:<\/b> 90666-SA0-0030, 90666SA00030<\/p>\n<p><b>Dimensiune F:<\/b> 5<br \/><b>Dimensiune H:<\/b> 18<br \/><b>Dimensiune T:<\/b> 13<\/p>\n","protected":false},"featured_media":6653,"template":"","meta":[],"product_cat":[25,26],"product_tag":[],"bundled_by":[],"bundle_stock_status":"instock","bundle_stock_quantity":null,"bundle_virtual":false,"bundle_layout":"","bundle_add_to_cart_form_location":"","bundle_editable_in_cart":false,"bundle_sold_individually_context":"","bundle_item_grouping":"","bundle_min_size":"","bundle_max_size":"","bundled_items":[],"yoast_head":"<!-- This site is optimized with the Yoast SEO Premium plugin v16.6 (Yoast SEO v20.1) - https:\/\/yoast.com\/wordpress\/plugins\/seo\/ -->\n<title>C0153 - Autoclipsuri, Ruffs - atg.md<\/title>\n<meta name=\"robots\" content=\"index, follow, max-snippet:-1, max-image-preview:large, max-video-preview:-1\" \/>\n<link rel=\"canonical\" href=\"https:\/\/atg.md\/ro\/catalog\/autoclipsuri\/ershi\/c0153\/\" \/>\n<meta property=\"og:locale\" content=\"ro_RO\" \/>\n<meta property=\"og:type\" content=\"article\" \/>\n<meta property=\"og:title\" content=\"C0153 - Autoclipsuri, Ruffs - atg.md\" \/>\n<meta property=\"og:description\" content=\"OEM: 90666-SA0-0030, 90666SA00030Dimensiune F: 5Dimensiune H: 18Dimensiune T: 13\" \/>\n<meta property=\"og:url\" content=\"https:\/\/atg.md\/ro\/wp-json\/wp\/v2\/product\/6652\" \/>\n<meta property=\"og:site_name\" content=\"atg.md\" \/>\n<meta property=\"article:modified_time\" content=\"2024-07-05T07:01:27+00:00\" \/>\n<meta property=\"og:image\" content=\"https:\/\/atg.md\/wp-content\/uploads\/2021\/03\/c0153.jpg\" \/>\n\t<meta property=\"og:image:width\" content=\"600\" \/>\n\t<meta property=\"og:image:height\" content=\"600\" \/>\n\t<meta property=\"og:image:type\" content=\"image\/jpeg\" \/>\n<meta name=\"twitter:card\" content=\"summary_large_image\" \/>\n<meta name=\"twitter:label1\" content=\"Pre\u021b\" \/>\n\t<meta name=\"twitter:data1\" content=\"4.00&nbsp;MDL\" \/>\n\t<meta name=\"twitter:label2\" content=\"Availability\" \/>\n\t<meta name=\"twitter:data2\" content=\"In stock\" \/>\n<script type=\"application\/ld+json\" class=\"yoast-schema-graph\">{\"@context\":\"https:\/\/schema.org\",\"@graph\":[{\"@type\":\"WebPage\",\"@id\":\"https:\/\/atg.md\/ro\/catalog\/autoclipsuri\/ershi\/c0153\/\",\"url\":\"https:\/\/atg.md\/ro\/catalog\/autoclipsuri\/ershi\/c0153\/\",\"name\":\"C0153 - Autoclipsuri, Ruffs - atg.md\",\"isPartOf\":{\"@id\":\"https:\/\/atg.md\/ro\/#website\"},\"datePublished\":\"2021-03-30T09:05:36+00:00\",\"dateModified\":\"2024-07-05T07:01:27+00:00\",\"breadcrumb\":{\"@id\":\"https:\/\/atg.md\/ro\/catalog\/autoclipsuri\/ershi\/c0153\/#breadcrumb\"},\"inLanguage\":\"ro-RO\",\"potentialAction\":[{\"@type\":\"ReadAction\",\"target\":[[\"https:\/\/atg.md\/ro\/catalog\/autoclipsuri\/ershi\/c0153\/\"]]}]},{\"@type\":\"BreadcrumbList\",\"@id\":\"https:\/\/atg.md\/ro\/catalog\/autoclipsuri\/ershi\/c0153\/#breadcrumb\",\"itemListElement\":[{\"@type\":\"ListItem\",\"position\":1,\"name\":\"Home\",\"item\":\"https:\/\/atg.md\/ro\/\"},{\"@type\":\"ListItem\",\"position\":2,\"name\":\"\u041a\u0430\u0442\u0430\u043b\u043e\u0433\",\"item\":\"https:\/\/atg.md\/ro\/catalog\/\"},{\"@type\":\"ListItem\",\"position\":3,\"name\":\"C0153\"}]},{\"@type\":\"WebSite\",\"@id\":\"https:\/\/atg.md\/ro\/#website\",\"url\":\"https:\/\/atg.md\/ro\/\",\"name\":\"atg.md\",\"description\":\"V\u00e2nzare de izola\u021bii \u00eempotriva vibra\u021biilor pentru ma\u0219ini, izola\u021bie termic\u0103, izolare fonic\u0103 de la cei mai buni produc\u0103tori, autoclipsuri, elemente de fixare auto. Cump\u0103ra\u021bi \u00een Moldova, Chi\u0219in\u0103u\",\"publisher\":{\"@id\":\"https:\/\/atg.md\/ro\/#organization\"},\"potentialAction\":[{\"@type\":\"SearchAction\",\"target\":{\"@type\":\"EntryPoint\",\"urlTemplate\":\"https:\/\/atg.md\/ro\/?s={search_term_string}\"},\"query-input\":\"required name=search_term_string\"}],\"inLanguage\":\"ro-RO\"},{\"@type\":[\"Organization\",\"Place\",\"AutoPartsStore\"],\"@id\":\"https:\/\/atg.md\/ro\/#organization\",\"name\":\"S.C. AUTOTOM GRUP S.R.L.\",\"url\":\"https:\/\/atg.md\/ro\/\",\"logo\":{\"@type\":\"ImageObject\",\"inLanguage\":\"ro-RO\",\"@id\":\"https:\/\/atg.md\/ro\/#\/schema\/logo\/image\/\",\"url\":\"https:\/\/i2.wp.com\/atg.md\/wp-content\/uploads\/2021\/05\/atg_logo_main.png?fit=656%2C569&ssl=1\",\"contentUrl\":\"https:\/\/i2.wp.com\/atg.md\/wp-content\/uploads\/2021\/05\/atg_logo_main.png?fit=656%2C569&ssl=1\",\"width\":656,\"height\":569,\"caption\":\"S.C. AUTOTOM GRUP S.R.L.\"},\"image\":{\"@id\":\"https:\/\/atg.md\/ro\/#\/schema\/logo\/image\/\"},\"location\":{\"@id\":\"https:\/\/atg.md\/ro\/catalog\/autoclipsuri\/ershi\/c0153\/#local-place\"},\"address\":{\"@id\":\"https:\/\/atg.md\/ro\/catalog\/autoclipsuri\/ershi\/c0153\/#local-place-address\"},\"email\":\"atgtvv@gmail.com\",\"telephone\":\"+37369644446\",\"areaServed\":\"Moldova\"},{\"@type\":\"Place\",\"@id\":\"https:\/\/atg.md\/ro\/catalog\/autoclipsuri\/ershi\/c0153\/#local-place\",\"address\":{\"@type\":\"PostalAddress\",\"@id\":\"https:\/\/atg.md\/ro\/catalog\/autoclipsuri\/ershi\/c0153\/#local-place-address\",\"streetAddress\":\"str. Alba-Iulia 77\/20\",\"addressLocality\":\"Chisinau\",\"postalCode\":\"2043\",\"addressRegion\":\"mun. Chisinau\",\"addressCountry\":\"MD\"},\"geo\":{\"@type\":\"GeoCoordinates\",\"latitude\":\"47.0376\",\"longitude\":\"28.76899\"},\"openingHoursSpecification\":[{\"@type\":\"OpeningHoursSpecification\",\"dayOfWeek\":[\"Monday\",\"Tuesday\",\"Wednesday\",\"Thursday\",\"Friday\"],\"opens\":\"09:00\",\"closes\":\"18:00\"},{\"@type\":\"OpeningHoursSpecification\",\"dayOfWeek\":[\"Saturday\"],\"opens\":\"09:00\",\"closes\":\"14:00\"},{\"@type\":\"OpeningHoursSpecification\",\"dayOfWeek\":[\"Sunday\"],\"opens\":\"00:00\",\"closes\":\"00:00\"}],\"telephone\":\"+37369644446\"}]}<\/script>\n<meta name=\"geo.placename\" content=\"Chisinau\" \/>\n<meta name=\"geo.position\" content=\"47.0376;28.76899\" \/>\n<meta name=\"geo.region\" content=\"Moldova\" \/>\n<!-- \/ Yoast SEO Premium plugin. -->","yoast_head_json":{"title":"C0153 - Autoclipsuri, Ruffs - atg.md","robots":{"index":"index","follow":"follow","max-snippet":"max-snippet:-1","max-image-preview":"max-image-preview:large","max-video-preview":"max-video-preview:-1"},"canonical":"https:\/\/atg.md\/ro\/catalog\/autoclipsuri\/ershi\/c0153\/","og_locale":"ro_RO","og_type":"article","og_title":"C0153 - Autoclipsuri, Ruffs - atg.md","og_description":"OEM: 90666-SA0-0030, 90666SA00030Dimensiune F: 5Dimensiune H: 18Dimensiune T: 13","og_url":"https:\/\/atg.md\/ro\/wp-json\/wp\/v2\/product\/6652","og_site_name":"atg.md","article_modified_time":"2024-07-05T07:01:27+00:00","og_image":[{"width":600,"height":600,"url":"https:\/\/atg.md\/wp-content\/uploads\/2021\/03\/c0153.jpg","type":"image\/jpeg"}],"twitter_card":"summary_large_image","twitter_misc":{"Pre\u021b":"4.00&nbsp;MDL","Availability":"In stock"},"schema":{"@context":"https:\/\/schema.org","@graph":[{"@type":"WebPage","@id":"https:\/\/atg.md\/ro\/catalog\/autoclipsuri\/ershi\/c0153\/","url":"https:\/\/atg.md\/ro\/catalog\/autoclipsuri\/ershi\/c0153\/","name":"C0153 - Autoclipsuri, Ruffs - atg.md","isPartOf":{"@id":"https:\/\/atg.md\/ro\/#website"},"datePublished":"2021-03-30T09:05:36+00:00","dateModified":"2024-07-05T07:01:27+00:00","breadcrumb":{"@id":"https:\/\/atg.md\/ro\/catalog\/autoclipsuri\/ershi\/c0153\/#breadcrumb"},"inLanguage":"ro-RO","potentialAction":[{"@type":"ReadAction","target":[["https:\/\/atg.md\/ro\/catalog\/autoclipsuri\/ershi\/c0153\/"]]}]},{"@type":"BreadcrumbList","@id":"https:\/\/atg.md\/ro\/catalog\/autoclipsuri\/ershi\/c0153\/#breadcrumb","itemListElement":[{"@type":"ListItem","position":1,"name":"Home","item":"https:\/\/atg.md\/ro\/"},{"@type":"ListItem","position":2,"name":"\u041a\u0430\u0442\u0430\u043b\u043e\u0433","item":"https:\/\/atg.md\/ro\/catalog\/"},{"@type":"ListItem","position":3,"name":"C0153"}]},{"@type":"WebSite","@id":"https:\/\/atg.md\/ro\/#website","url":"https:\/\/atg.md\/ro\/","name":"atg.md","description":"V\u00e2nzare de izola\u021bii \u00eempotriva vibra\u021biilor pentru ma\u0219ini, izola\u021bie termic\u0103, izolare fonic\u0103 de la cei mai buni produc\u0103tori, autoclipsuri, elemente de fixare auto. Cump\u0103ra\u021bi \u00een Moldova, Chi\u0219in\u0103u","publisher":{"@id":"https:\/\/atg.md\/ro\/#organization"},"potentialAction":[{"@type":"SearchAction","target":{"@type":"EntryPoint","urlTemplate":"https:\/\/atg.md\/ro\/?s={search_term_string}"},"query-input":"required name=search_term_string"}],"inLanguage":"ro-RO"},{"@type":["Organization","Place","AutoPartsStore"],"@id":"https:\/\/atg.md\/ro\/#organization","name":"S.C. AUTOTOM GRUP S.R.L.","url":"https:\/\/atg.md\/ro\/","logo":{"@type":"ImageObject","inLanguage":"ro-RO","@id":"https:\/\/atg.md\/ro\/#\/schema\/logo\/image\/","url":"https:\/\/i2.wp.com\/atg.md\/wp-content\/uploads\/2021\/05\/atg_logo_main.png?fit=656%2C569&ssl=1","contentUrl":"https:\/\/i2.wp.com\/atg.md\/wp-content\/uploads\/2021\/05\/atg_logo_main.png?fit=656%2C569&ssl=1","width":656,"height":569,"caption":"S.C. AUTOTOM GRUP S.R.L."},"image":{"@id":"https:\/\/atg.md\/ro\/#\/schema\/logo\/image\/"},"location":{"@id":"https:\/\/atg.md\/ro\/catalog\/autoclipsuri\/ershi\/c0153\/#local-place"},"address":{"@id":"https:\/\/atg.md\/ro\/catalog\/autoclipsuri\/ershi\/c0153\/#local-place-address"},"email":"atgtvv@gmail.com","telephone":"+37369644446","areaServed":"Moldova"},{"@type":"Place","@id":"https:\/\/atg.md\/ro\/catalog\/autoclipsuri\/ershi\/c0153\/#local-place","address":{"@type":"PostalAddress","@id":"https:\/\/atg.md\/ro\/catalog\/autoclipsuri\/ershi\/c0153\/#local-place-address","streetAddress":"str. Alba-Iulia 77\/20","addressLocality":"Chisinau","postalCode":"2043","addressRegion":"mun. Chisinau","addressCountry":"MD"},"geo":{"@type":"GeoCoordinates","latitude":"47.0376","longitude":"28.76899"},"openingHoursSpecification":[{"@type":"OpeningHoursSpecification","dayOfWeek":["Monday","Tuesday","Wednesday","Thursday","Friday"],"opens":"09:00","closes":"18:00"},{"@type":"OpeningHoursSpecification","dayOfWeek":["Saturday"],"opens":"09:00","closes":"14:00"},{"@type":"OpeningHoursSpecification","dayOfWeek":["Sunday"],"opens":"00:00","closes":"00:00"}],"telephone":"+37369644446"}]}},"_links":{"self":[{"href":"https:\/\/atg.md\/ro\/wp-json\/wp\/v2\/product\/6652"}],"collection":[{"href":"https:\/\/atg.md\/ro\/wp-json\/wp\/v2\/product"}],"about":[{"href":"https:\/\/atg.md\/ro\/wp-json\/wp\/v2\/types\/product"}],"wp:featuredmedia":[{"embeddable":true,"href":"https:\/\/atg.md\/ro\/wp-json\/wp\/v2\/media\/6653"}],"wp:attachment":[{"href":"https:\/\/atg.md\/ro\/wp-json\/wp\/v2\/media?parent=6652"}],"wp:term":[{"taxonomy":"product_cat","embeddable":true,"href":"https:\/\/atg.md\/ro\/wp-json\/wp\/v2\/product_cat?post=6652"},{"taxonomy":"product_tag","embeddable":true,"href":"https:\/\/atg.md\/ro\/wp-json\/wp\/v2\/product_tag?post=6652"}],"curies":[{"name":"wp","href":"https:\/\/api.w.org\/{rel}","templated":true}]}}