{"id":6639,"date":"2021-03-30T09:05:36","date_gmt":"2021-03-30T09:05:36","guid":{"rendered":"http:\/\/atg.md\/product\/c0146\/"},"modified":"2024-07-05T07:01:25","modified_gmt":"2024-07-05T07:01:25","slug":"c0146","status":"publish","type":"product","link":"https:\/\/atg.md\/ro\/catalog\/autoclipsuri\/nazhimnye-zaglushki\/c0146\/","title":{"rendered":"C0146"},"content":{"rendered":"<p><strong>Modele:<\/strong><\/p>\n<ul>\n<li>Lexus CT200h, ZWA10<\/li>\n<li>Lexus ES250, VZV21<\/li>\n<li>Lexus ES300, VCV10, MCV31, MCV30, MCV20, MCV10<\/li>\n<li>Lexus ES330, MCV30, MCV31<\/li>\n<li>Lexus ES350, GSV40<\/li>\n<li>Lexus GS250, GWL10, GRL15, GRL10, GRL11, AWL10<\/li>\n<li>Lexus GS300, GRS190, UZS190, GRS191, URS190, GRS195, GRS196, UZS161, JZS160, UZS160, JZS147<\/li>\n<li>Lexus GS350, GWL10, URS190, GRL11, GRL10, GRL15, GRS190, UZS190, AWL10, GRS196, GRS195, GRS191<\/li>\n<li>Lexus GS400, UZS160, UZS161, JZS160<\/li>\n<li>Lexus GS430, JZS160, UZS190, URS190, UZS161, GRS190, UZS160, GRS191, GRS195, GRS196<\/li>\n<li>Lexus GS450h, GRL10, GRL11, GWS191, GWL10, GRL15, AWL10<\/li>\n<li>Lexus GS460, GRS196, GRS195, URS190, UZS190, GRS191, GRS190<\/li>\n<li>Lexus GX470, UZJ120<\/li>\n<li>Lexus HS250h, ANF10<\/li>\n<li>Lexus IS F, USE20<\/li>\n<li>Lexus IS200, GXE10, JCE10<\/li>\n<li>Lexus IS220d, ALE20, GSE20<\/li>\n<li>Lexus IS250, GSE25, AVE30, GSE21, GSE20, GSE35, GSE31, ALE20, GSE30<\/li>\n<li>Lexus IS250C, GSE20, GSE21<\/li>\n<li>Lexus IS300, JCE10, GSE22, GXE10<\/li>\n<li>Lexus IS300h, GSE30, AVE30, GSE31, GSE35<\/li>\n<li>Lexus IS350, GSE25, GSE20, AVE30, GSE35, GSE30, GSE21, GSE31<\/li>\n<li>Lexus IS350C, GSE21, GSE20<\/li>\n<li>Lexus LS400, UCF20, UCF10<\/li>\n<li>Lexus LS430, UCF30<\/li>\n<li>Lexus LS460, USF46, USF45, USF41, USF40<\/li>\n<li>Lexus LS460L, USF40, USF41, USF45, USF46<\/li>\n<li>Lexus LS600h, UVF46, UVF45<\/li>\n<li>Lexus LS600hL, UVF45, UVF46<\/li>\n<li>Lexus LX450, FZJ80<\/li>\n<li>Lexus LX470, UZJ100<\/li>\n<li>Lexus RX270, GYL16, GGL15, AGL10W, GYL15, GYL10, GGL10, AGL10, GGL16<\/li>\n<li>Lexus RX300, MCU15, GSU35, MCU35, MCU10, MCU38<\/li>\n<li>Lexus RX330, MCU38, GSU35, MCU35, MCU33, GSU30<\/li>\n<li>Lexus RX350, GGL10W, GGL15W, GGL16, GGL15, GYL15, AGL10, GYL16, MCU38, GYL10, GGL16W, MCU35, MCU33, GGL10, GSU35, GSU30<\/li>\n<li>Lexus RX400h, MHU33, MHU38<\/li>\n<li>Lexus RX450h, GYL16W, GGL16, GGL15, GYL10, GYL16, GYL15, GGL10, AGL10, GYL10W, GYL15W<\/li>\n<li>Lexus SC430, UZZ40<\/li>\n<li>Toyota 4Runner, RZN180, LN66, KZN205, LN130, UZN210, RN110, LN111, LN56, RN50, KZN215, RN60, RN120, RN105, RN101, VZN131, RN66, LN65, VZN100, UZN215, RN130, LN205, VZN180, RN55, LN106, RN106, VZN95, VZN120, RN90, RN65, VZN85, GRN210, RN135, RN61, YN135, RN131, LN51, VZN66, VZN105, KZN185, VZN110, RN75, VZN185, LN107, RN85, VZN90, RN70, RZN185, YN130, VZN61, LN135, RN80, RN121, GRN215, YN106, VZN130<\/li>\n<li>Toyota Allex, ZZE123, ZZE122, ZZE124, NZE124, NZE121<\/li>\n<li>Toyota Allion, ZRT261, ZRT265, AZT240, NZT260, ZRT260, ZZT245, NZT240, ZZT240<\/li>\n<li>Toyota Alphard, MNH15W, ANH15, ATH20, ANH25, ANH15W, MNH10W, ATH10, ATH10W, GGH25W, ANH10W, MNH15, ANH20W, ANH10, GGH20W, GGH25, ATH20W, GGH20, MNH10, ANH20, ANH25W<\/li>\n<li>Toyota Altezza, JCE15, GXE10, JCE10W, GXE15W, GXE10W, GXE15, JCE10, SXE10, JCE15W<\/li>\n<li>Toyota Aristo, JZS161, JZS160, JZS147E, UZS143E, JZS147, UZS143<\/li>\n<li>Toyota Aurion, GSV40, ACV40<\/li>\n<li>Toyota Auris, NZE181H, NZE181, ZRE186H, NZE184H, NZE184, ZRE186<\/li>\n<li>Toyota Avalon, MCX10, GSX30, MCX20<\/li>\n<li>Toyota Avensis Verso, ACM21, ACM20, CLM20<\/li>\n<li>Toyota Avensis, AZT220, AT220, ST220, AT221, CT220, ZZT220, ZZT221, CDT220, ZZT221L, AZT220L<\/li>\n<li>Toyota Blizzard, LD21, LD20<\/li>\n<li>Toyota Brevis, JCG10, JCG11, JCG15<\/li>\n<li>Toyota Caldina, CT199, ST190G, CT196V, AT191, ST210G, ST191, ST191G, ST195, CT216G, CT198, ST246W, AZT241W, ST190, CT190, ST198, CT190G, AT211G, AZT246, ST215G, ZZT241, AZT246W, ST198V, CT216, CT197, CT199V, ST195G, ST215W, ST210, ET196, CT198V, AT211, AZT241, ET196V, ST246, ZZT241W, AT191G, ST215, CT196, CT197V<\/li>\n<li>Toyota Camry Gracia, MCV25, SXV25W, MCV21, SXV20W, MCV21W, SXV25, MCV25W, SXV20<\/li>\n<li>Toyota Camry, AHV40, SXV11, SV43, SV20, SV40, ACV45, ACV41, MCV31, SXV20, VZV31, SV11, SV30, CV43, ACV35, ACV31, ACV30L, SXV23, SV33, SV12, VZV30, MCV10, CV40, ACV30, CV11, VZV20, MCV20, SV41, SV22, VCV10, CV30, SV32, VZV33, CV20, SXV10, VZV21, SV42, CV10, SV25, MCV30L, SV21, ACV40, SV10, MCV30, SV35, GSV40, VZV32, AVV50<\/li>\n<li>Toyota Carina E, AT190L, AT191L, AT190, AT191, CT190L, ST191, CT190, ST191L<\/li>\n<li>Toyota Carina ED, ST180, ST162, ST160, ST182, ST181, ST163, ST183, ST201, ST200, ST203, ST202, ST205<\/li>\n<li>Toyota Carina II, CT170, AT171, AT151, ST171, CT150, AT177, CT177, ST151, ST150<\/li>\n<li>Toyota Carina, AT212, ST150, CT170, AT151, TA62, AT170, CT216, ST215, AA60, ST170G, AT211, AT175, ST195, TA67, TA63, ST170, AT150, CT150, AT171, CT215, CT211, AT192, CA67, TA47, AT160, CA60, TA60, ET176, ST190, CT176, CT195, CT210, AT210, AT191, TA40, TA61, CT170G, KA67, CT190, SA60, AA63, AT170G, AT190, ST162, RA63<\/li>\n<li>Toyota Celica, ST184, ST161, ST165, RA42, ST203, SA60, ST202C, TA63, ZZT230, TA40, AT180, ST183C, ST183, RA63, ST162, RA43, MA61, AA63, ST202, ZZT231, AT160, MA46, ST182, ST163, RA64, RA60, ST205, TA61, GA61, RA61, ST160, ST185, RA40, SA63, TA60, MA63, RA65, ST204, AT200, TA64<\/li>\n<li>Toyota Celsior, UCF10, UCF21, UCF11, UCF31, UCF20, UCF30<\/li>\n<li>Toyota Century, VG35, VG45, GZG50, VG40<\/li>\n<li>Toyota Chaser, JZX93, YX72, TX60, LX100, RX63, GX60, SX90, MX61, GX100, JZX90, GX105, JZX100, RX60, LX65, MX83, YX70, JZX91, GX90, GX71, JZX81, GX81, JZX101, LX60, SX100, SX70, LX70, JZX105, MX71, SX60, SX80, LX90, GX61, YX80, LX80<\/li>\n<li>Toyota Coaster, BB20, BB43, HZB46, HZB56, HB31, HDB20, BB23, HDB30, XZB50, HZB50R, RB26, XZB40, BB42, BB21, BB46, BZB40, HZB41, BB32, BB26, HZB30, XZB59, BB22, HZB40, HB32, HB36, RZB40, BB50, TRB50, TRB40, BB58, FB30, HDB51, RZB50, HZB31, HZB50, HZB50L, BZB50, BB40, RB20, XZB46, BB55, HB30, BB24, BB30, BB40R, BB59, HZB36, HDB50<\/li>\n<li>Toyota Comfort, LXS10, LXS12, YXS10<\/li>\n<li>Toyota Corolla Axio, NZE141, ZRE142, ZRE144, NZE144<\/li>\n<li>Toyota Corolla Ceres, AE100, AE101<\/li>\n<li>Toyota Corolla FX, AE82<\/li>\n<li>Toyota Corolla Fielder, ZZE124G, NZE124G, ZZE122, ZRE142, NZE141G, ZZE124, ZRE144, NZE120, NZE141, NZE124, ZZE122G, CE121G, ZRE142G, ZZE123, NZE121G, NZE144, ZRE144G, NZE144G, ZZE123G, CE121, NZE121<\/li>\n<li>Toyota Corolla II, EL31, NL50, NL40, AL20, EL45, NL30, EL43, EL41, EL55, EL30, EL53, EL51, AL21<\/li>\n<li>Toyota Corolla Levin, AE110, AE111, AE92, AE91, AE86, AE101, AE100, AE85<\/li>\n<li>Toyota Corolla Runx, ZZE124, NZE124, NZE121, ZZE122, ZZE123<\/li>\n<li>Toyota Corolla Spacio, ZZE124, AE115N, ZZE122, AE115, AE111, ZZE124N, AE111N, ZZE122N, NZE121, NZE121N<\/li>\n<li>Toyota Corolla Verso, AUR10, CUR10, ZNR11L, CDE120, ZZE121, ZZE122, ZNR11, ZNR10<\/li>\n<li>Toyota Corolla, NZE120, KE35, EE103V, AE112, AE104G, EE96, KE73, CE90, EE106, CE106, CE95, ZZE112, AE91G, ZRE120, ZZE141, CE106V, WZE110, ZZE120, CE101G, AE115, EE101, EE107V, ZZE123, AE92, AE100G, TE37, ZZE121L, AE101, CE109, AE86, KE30, CE101, AE109, CE70, ZZE111, ZZE134, TE73, CE110, AE114, CE104, EE100, AZE141, KE71, TE70, ZZE131, EE80, AE100, CE109V, EE108, AE81, CE72, TE51, CE97, AE95, AE70, CE113, EE104G, KE74, TE31, CE107, EE103, EE97G, AE103, CE71, CE116, ZZE142, ZRE142, CE105V, EE102, ZZE122, CE102G, AE102, CE102, ZZE110, CDE110, AE101G, EE106V, ZZE133, TE47, ZZE120L, TE74, CE80, NZE121, AE111, EE111, EE97, KE72, ZZE130, CE100G, EE108G, TE71, AE82, EE105, CE105, CE107V, CE108G, CE96, NZE141, EE90, EE110, AE109V, ZZE121, AE110, CE114, AE71, AE91, TE38, ZZE123L, NDE120, EE98, CE100, AE104, EE104, CE140, CE108, KE36, TE72, CDE120, KE70, ZZE132, CE120, EE102V, CE97G, EE107, AE80<\/li>\n<li>Toyota Corona Exiv, ST205, ST202, ST203, ST200, ST201, ST180, ST183, ST182, ST181<\/li>\n<li>Toyota Corona, AT141, CT141, TT147, CT215, CT170, ST210, AT170, RT130, ST191, XT130, AT190, CT190, ET176, ST162, ST141, RT133, TT133, RT142, AT210, CT176, ST151, TT132, CT140, ST160, TT141, ST171, AT150, AT175, ST220, AT160, ST163, CT211, TT140, ST140, RT140, ST195, AT151, RT134, CT220, CT216, AT177, CT177, ST190, TT142, ST170, CT210, CT195, AT220, RT132, AT140, KT147, RT135, ST215, YT140, RT141, AT211, CT147, CT150, AT171, ST150<\/li>\n<li>Toyota Corsa, EL51, AL21, EL30, EL55, EL53, NL30, AL25, EL41, EL43, EL45, NL40, AL20, EL31, NL50<\/li>\n<li>Toyota Cressida, RX62, RX81, MX83, LX80, LX71, RX72, RX80, LX60, LX70, YX70, RX73, MX75, RX35, RX60, MX81, MX62, GX61, RX70, TX62, MX72, GX71, MX36, TX10, GX81, MX32, GX60, RX30, RX71, MX63, YX72, MX73<\/li>\n<li>Toyota Cresta, JZX90, MX71, MX61, GX51, JZX100, GX105, GX61, GX100, GX90, LX60, MX51, JZX93, SX70, LX70, TX50, SX60, MX83, LX80, YX80, JZX91, GX50, LX90, JZX81, GX71, GX81, SX80, JZX101, JZX105, LX100, SX90<\/li>\n<li>Toyota Crown Majesta, JZS175, UZS145, JZS173, JZS171, GS151, UZS141, UZS143, LS151, UZS147, URS206, LS141, GS141, JZS177, UZS175, JZS179, UZS173, JZS151, JKS175, UZS171, JZS149, JZS147, JZS153, UZS207, JZS145, GS171, JZS143, JZS141, UZS151, JZS155, JZS157, UZS155, UZS157<\/li>\n<li>Toyota Crown, GRS202, LS120, JZS171, MS120, GS120, JZS179, GRS211, TSS11, MS137, MS117, JZS147, GWS214, JZS175W, YS120, LS131H, MS123, JZS153, LS151H, UZS171, JZS133, GXS12, UZS147, LS111, GS117, GS151, GS151H, UZS141, GRS200, TSS10H, SXS11, JZS177, LS126, YXS10, LS131, JZS157, GWS204, JZS130, MS135, MS112, GS131, LS117, GRS203, JZS141, GBS12, GRS188, YXS10H, UZS155, JKS175, GRS214, JZS135, YS132, MS132, GS136, JZS149, LS151, RS110, GS130W, JZS175, GXS10, SXS13, LS110G, JZS155, LS110, MS110, GS110, MS133, GS130G, GRS201, GS171W, JZS143, GRS182, GS131H, UZS175, UZS157, MS130, JZS130G, YS130, LS130G, GS130, UZS143, MS137X, LS136, JZS173W, AWS210, GRS204, MS122, LXS11, JZS173, LS141, UZS151, GS141, LS130W, GS126, TSS13, GS171, JZS145, GS121, JZS151, JZS171W, MS125, YXS11, UZS173, UZS131, LS130, TSS10, JZS131, MS111, GRS210, UZS145<\/li>\n<li>Toyota Curren, ST208, ST206, ST207<\/li>\n<li>Toyota Cynos, EL44, EL54, EL52C, EL52, EL54C<\/li>\n<li>Toyota Deliboy, CXC10, KXC10<\/li>\n<li>Toyota Dyna, XZU342, YH81, WU40, TRY220, HU26, LY122, LY225, XZU388, YY211, LY151, RZU300, LY61, BU303, XZU307, BU306, XZU304, BU67, BZU340, LY102, XZU371, BU21, KDY271, LH80, TRY281, YU61, BU212, BU346, BU300, BU32, XZU362, KDY221, RU22, RZU340, RU25, LY240, XZU330, LY131, KDY280, LY162, XZU351, XZU338, KDY241, BZU300, BU211, RZY231, LY101, XZU302, XZU344, YY60, LY220, BU23, KDY250, WU75, XZU331, XZU350, YY51, XZU347, LY211, KDY261, LY60, XZU322, XZU308, TRY230, XZU305, XZU378, LY290, LY112, HU40, XZU311, XZU336, BU20, RU30, KDY230, RZY281, BU31, BU25, YY121, JU20, XZU346, KDY281, XZU300, KDY220, LY132, RZY220, BU40, LY51, LY270, LY161, WU50, XZU314, XZU337, XZU352, LY121, KDY290, LY230, YY101, LY100, LY152, RZU301, XZU320, XZU306, XZU341, BU222, LY212, BU68, BU36, BU22, XZU372, BU60, KDY270, XZU334, YY52, YU60, YY100, BU400, HU30, BU301, KDY260, XZU382, XZU348, XZU321, XZU340, XZU354, TRY231, BU221, LY111, BU61, XZU312, KDY231, BU202, KDY240, YH80, BU30, LY280, HU50, XZU368, RZY230, RU20, XZU301, WU26, YY61, KDY251, LY235, BU66, YY131, LY50, YY50<\/li>\n<li>Toyota Echo Verso, NCP20, NCP21, NCP22<\/li>\n<li>Toyota Echo, NCP11, NCP12, NCP13, NCP10, SCP10<\/li>\n<li>Toyota Estima Emina, CXR20, CXR20G, CXR21, TCR11G, CXR11G, TCR10, TCR20G, TCR11, CXR21G, CXR11, CXR10, TCR21, TCR10G, TCR20, TCR21G, CXR10G<\/li>\n<li>Toyota Estima Lucida, TCR10G, CXR11G, TCR20, TCR21, TCR21G, CXR10, CXR11, CXR21G, TCR10, TCR11G, CXR10G, TCR20G, CXR20, TCR11, CXR21, CXR20G<\/li>\n<li>Toyota Estima, MCR30W, TCR11W, GSR50W, ACR30, ACR40, TCR10, ACR50W, TCR21W, MCR30, MCR40W, AHR20, AHR10W, TCR20, ACR55, TCR20W, GSR55W, ACR40W, MCR40, GSR55, ACR30W, TCR11, AHR10, TCR10W, ACR50, AHR20W, TCR21, GSR50, ACR55W<\/li>\n<li>Toyota FJ Cruiser, GSJ15, GSJ10, GSJ15W, GSJ10W<\/li>\n<li>Toyota Funcargo, NCP25, NCP21, NCP20<\/li>\n<li>Toyota Gaia, SXM10G, SXM15, SXM10, ACM15, ACM10G, ACM10, ACM15G, CXM10, SXM15G, CXM10G<\/li>\n<li>Toyota Grand Hiace, VCH10W, KCH12, KCH16, KCH16W, RCH11, VCH16, KCH10, VCH10, VCH16W, KCH10W<\/li>\n<li>Toyota Granvia, KCH16W, KCH16, VCH10W, KCH10W, VCH16W, VCH16, KCH12, KCH10, VCH10, RCH11, RCH11W<\/li>\n<li>Toyota Harrier, MCU30W, MCU31, ACU30, SXU15, GSU31, MCU35, MCU36W, MCU10W, ACU30W, SXU10W, ACU35, ACU10, GSU36, MCU31W, MCU10, ACU35W, SXU15W, MCU35W, MCU30, SXU10, MHU38, GSU36W, MCU36, ACU10W, GSU30, MHU38W, MCU15W, ACU15, GSU30W, GSU35, MCU15, GSU31W, ACU15W, GSU35W<\/li>\n<li>Toyota Hiace, KDH223, TRH223, KDH200, KDH220K, LH80, RCH13, YH80, YY101, TRH213, KDH203, RCH23, KLH28, KDH222, LXH18, TRH203, KDH201, KLH12, RCH12, LH202, LH222, TRH221K, LXH28, LH90, KDH221K, LH212, RCH22, RCH19, LH95, KDH221, TRH203L, TRH221, KDH202, KDH201V, LH24, RCH29, KDH212, LY101, LXH12, KDH200V, KLH22, RCH18, KLH18, TRH201, LXH22, KDH220, TRH223B, KDH201K, KDH222B, LH200, YH81, LH85, KDH200K, KDH202L, RCH28, KDH223B<\/li>\n<li>Toyota Highlander, GSU40L, ACU25L, GSU45, MCU23L, MCU25L, MCU23, MCU20L, MHU28, GSU40, MHU23, MCU28L, MCU28, MHU48, MCU20, MCU25, ACU20L, ACU25, ACU20<\/li>\n<li>Toyota Hilux Surf, KZN185W, RZN180, KDN215W, RZN210, KDN185W, VZN210, GRN215W, RZN210W, KZN185, VZN180W, RZN215W, VZN185, VZN185W, KDN185, TRN210, VZN210W, RZN215, VZN215W, RZN185, KDN215, GRN215, RZN180W, KZN185G, TRN215W, TRN210W, VZN215, TRN215, VZN180, RZN185W<\/li>\n<li>Toyota Hilux, LN205, LN67, YN60, RN35, RN58, RZN142, LN30, YN51, RN125, LN140, YN140, LN131, RN61, RZN194, RN67, LN192, YN86, LN105, LN200, LN85, RN50, YN65, LN50, KDN145, RN105, LN111, YN92, LN157, LN65, LN90, LN100, YN62, RZN154, LN171, LN36, YN107, YN81, RZN148, LN165, LN108, LN81, KDN170, YN135, LN51, LN190, KZN205, RN135, RN110, YN67, KZN165, LN145, RZN168, RN90, KDN150, LN56, RN130, YN56, YN90, RZN174, LN40, LN150, RZN152, YN130, LN106, LN86, RZN169, RN39, LN167, YN87, LN112, RZN200, LN135, RN106, LN57, YN55, RN80, LN147, KDN190, KDN155, LN60, YN106, VZN172, RN36, YN110, RZN149, YN50, LN109, LN191, KDN166, KZN190, LN170, YN58, RN85, RZN193, VZN167, LN146, LN61, LN46, RN33, YN85, RN30, RZN144, VZN130, KDN151, LN55, LN110, KZN130, RZN173, YN57, LN152, LN41, LN172, LN91, YN63, YN100, KDN165, LN166, RZN147, LN141, YN80, RN55, YN52, LN107, LN80, LN130, LN155<\/li>\n<li>Toyota Innova, KUN40, TGN40<\/li>\n<li>Toyota Ipsum, CXM10G, SXM15, SXM15G, CXM10, ACM21W, SXM10, ACM21, ACM26, ACM26W, SXM10G<\/li>\n<li>Toyota Kijang, KUN40, TGN40<\/li>\n<li>Toyota Kluger V, MCU20, ACU20, MCU25, MCU25W, MHU28, ACU25W, MCU28, ACU25, MCU20W, ACU20W, MHU28W<\/li>\n<li>Toyota Land Cruiser Prado, KZJ71, HZJ79, KZJ120, RZJ125, KDJ90W, GRJ125, GRJ120W, RZJ90W, HZJ71, VZJ120, BJ73, RZJ120W, RZJ120, TRJ125W, VZJ95W, HZJ76, GRJ120, LJ95, FJ75, KZJ95W, BJ70, KDJ125, VZJ125, BJ74, KDJ95W, GRJ151W, HZJ77, KZJ90W, GRJ151, PZJ77, LJ125, BJ71, RZJ125W, TRJ150W, HZJ74, LJ71G, VZJ90W, LJ120, RZJ95, VZJ95, VZJ120W, TRJ120W, TRJ150, GRJ121W, KZJ71G, HZJ75, LJ78G, KDJ121W, TRJ125, GRJ121, LJ78W, VZJ90, KZJ71W, KDJ95, KZJ90, RZJ90, KZJ95, KZJ78, KZJ78G, KDJ125W, VZJ121, KZJ78W, KDJ121, VZJ125W, KDJ90, LJ78, GRJ150L, LJ71, RZJ95W, GRJ150W, TRJ120, LJ90, HZJ73, KDJ120, GRJ150, GRJ125W, VZJ121W, PZJ70, HZJ70, KDJ120W<\/li>\n<li>Toyota Land Cruiser, FZJ73, UZJ100W, BJ70, HJ75, HZJ71V, HZJ73V, HZJ76, HZJ81V, HJ61, HDJ101K, BJ73V, FZJ70, HZJ70, FZJ76, LJ79, BJ61, HDJ100L, HDJ81, HDJ78, BJ71V, BJ75, HZJ73, VDJ78, PZJ73, LJ79R, HZJ71, FZJ75, RJ77, LJ72, BJ61V, FJ61V, FJ62G, VDJ79, FZJ78, HZJ74, KZJ70, HJ60V, LJ77, HDJ101, FJ80, BJ74V, UZJ100L, FJ60, HZJ79, HZJ105, BJ73, KZJ73, VDJ76, PZJ70V, BJ60, LJ70, FZJ105, HDJ80, FZJ80G, HZJ73HV, HDJ79, BJ74, HZJ76L, FJ73, FZJ80, HZJ80, FJ62, HJ60, BJ71, HZJ70V, HDJ100, RJ73, BJ70V, HZJ81, HJ61V, PZJ70, FJ61, HZJ76V, HDJ81V, RJ70, UZJ100, HZJ78, HZJ74K, FJ75, FZJ74, LJ73, HZJ105L, FJ80G, FZJ80J, FZJ100, KZJ77, FZJ79, FJ62V, PZJ75, FJ70, HZJ75, HZJ74V, FZJ71, HZJ76K<\/li>\n<li>Toyota Lite Ace Noah, CR40G, CR41, CR40, SR40G, CR42, SR40, KR42, KR41<\/li>\n<li><\/ul>\n<p><\/p>","protected":false},"excerpt":{"rendered":"<p><b>OEM:<\/b> 90467-08004, 9046708004, 90467-080190467080190080-46010, 9008046010, 94842849484911<\/p>\n<p><b>Dimensiune F:<\/b> 7<br \/><b>Dimensiune H:<\/b> 13<br \/><b>Dimensiune T:<\/b> 13<\/p>\n","protected":false},"featured_media":6640,"template":"","meta":[],"product_cat":[25,53],"product_tag":[],"bundled_by":[],"bundle_stock_status":"instock","bundle_stock_quantity":null,"bundle_virtual":false,"bundle_layout":"","bundle_add_to_cart_form_location":"","bundle_editable_in_cart":false,"bundle_sold_individually_context":"","bundle_item_grouping":"","bundle_min_size":"","bundle_max_size":"","bundled_items":[],"yoast_head":"<!-- This site is optimized with the Yoast SEO Premium plugin v16.6 (Yoast SEO v20.1) - https:\/\/yoast.com\/wordpress\/plugins\/seo\/ -->\n<title>C0146 - Autoclipsuri, Dopuri de presiune - atg.md<\/title>\n<meta name=\"robots\" content=\"index, follow, max-snippet:-1, max-image-preview:large, max-video-preview:-1\" \/>\n<link rel=\"canonical\" href=\"https:\/\/atg.md\/ro\/catalog\/autoclipsuri\/nazhimnye-zaglushki\/c0146\/\" \/>\n<meta property=\"og:locale\" content=\"ro_RO\" \/>\n<meta property=\"og:type\" content=\"article\" \/>\n<meta property=\"og:title\" content=\"C0146 - Autoclipsuri, Dopuri de presiune - atg.md\" \/>\n<meta property=\"og:description\" content=\"OEM: 90467-08004, 9046708004, 90467-080190467080190080-46010, 9008046010, 94842849484911Dimensiune F: 7Dimensiune H: 13Dimensiune T: 13\" \/>\n<meta property=\"og:url\" content=\"https:\/\/atg.md\/ro\/wp-json\/wp\/v2\/product\/6639\" \/>\n<meta property=\"og:site_name\" content=\"atg.md\" \/>\n<meta property=\"article:modified_time\" content=\"2024-07-05T07:01:25+00:00\" \/>\n<meta property=\"og:image\" content=\"https:\/\/atg.md\/wp-content\/uploads\/2021\/03\/c0146.jpg\" \/>\n\t<meta property=\"og:image:width\" content=\"600\" \/>\n\t<meta property=\"og:image:height\" content=\"600\" \/>\n\t<meta property=\"og:image:type\" content=\"image\/jpeg\" \/>\n<meta name=\"twitter:card\" content=\"summary_large_image\" \/>\n<meta name=\"twitter:label1\" content=\"Pre\u021b\" \/>\n\t<meta name=\"twitter:data1\" content=\"4.00&nbsp;MDL\" \/>\n\t<meta name=\"twitter:label2\" content=\"Availability\" \/>\n\t<meta name=\"twitter:data2\" content=\"In stock\" \/>\n<script type=\"application\/ld+json\" class=\"yoast-schema-graph\">{\"@context\":\"https:\/\/schema.org\",\"@graph\":[{\"@type\":\"WebPage\",\"@id\":\"https:\/\/atg.md\/ro\/catalog\/autoclipsuri\/nazhimnye-zaglushki\/c0146\/\",\"url\":\"https:\/\/atg.md\/ro\/catalog\/autoclipsuri\/nazhimnye-zaglushki\/c0146\/\",\"name\":\"C0146 - Autoclipsuri, Dopuri de presiune - atg.md\",\"isPartOf\":{\"@id\":\"https:\/\/atg.md\/ro\/#website\"},\"datePublished\":\"2021-03-30T09:05:36+00:00\",\"dateModified\":\"2024-07-05T07:01:25+00:00\",\"breadcrumb\":{\"@id\":\"https:\/\/atg.md\/ro\/catalog\/autoclipsuri\/nazhimnye-zaglushki\/c0146\/#breadcrumb\"},\"inLanguage\":\"ro-RO\",\"potentialAction\":[{\"@type\":\"ReadAction\",\"target\":[[\"https:\/\/atg.md\/ro\/catalog\/autoclipsuri\/nazhimnye-zaglushki\/c0146\/\"]]}]},{\"@type\":\"BreadcrumbList\",\"@id\":\"https:\/\/atg.md\/ro\/catalog\/autoclipsuri\/nazhimnye-zaglushki\/c0146\/#breadcrumb\",\"itemListElement\":[{\"@type\":\"ListItem\",\"position\":1,\"name\":\"Home\",\"item\":\"https:\/\/atg.md\/ro\/\"},{\"@type\":\"ListItem\",\"position\":2,\"name\":\"\u041a\u0430\u0442\u0430\u043b\u043e\u0433\",\"item\":\"https:\/\/atg.md\/ro\/catalog\/\"},{\"@type\":\"ListItem\",\"position\":3,\"name\":\"C0146\"}]},{\"@type\":\"WebSite\",\"@id\":\"https:\/\/atg.md\/ro\/#website\",\"url\":\"https:\/\/atg.md\/ro\/\",\"name\":\"atg.md\",\"description\":\"V\u00e2nzare de izola\u021bii \u00eempotriva vibra\u021biilor pentru ma\u0219ini, izola\u021bie termic\u0103, izolare fonic\u0103 de la cei mai buni produc\u0103tori, autoclipsuri, elemente de fixare auto. Cump\u0103ra\u021bi \u00een Moldova, Chi\u0219in\u0103u\",\"publisher\":{\"@id\":\"https:\/\/atg.md\/ro\/#organization\"},\"potentialAction\":[{\"@type\":\"SearchAction\",\"target\":{\"@type\":\"EntryPoint\",\"urlTemplate\":\"https:\/\/atg.md\/ro\/?s={search_term_string}\"},\"query-input\":\"required name=search_term_string\"}],\"inLanguage\":\"ro-RO\"},{\"@type\":[\"Organization\",\"Place\",\"AutoPartsStore\"],\"@id\":\"https:\/\/atg.md\/ro\/#organization\",\"name\":\"S.C. AUTOTOM GRUP S.R.L.\",\"url\":\"https:\/\/atg.md\/ro\/\",\"logo\":{\"@type\":\"ImageObject\",\"inLanguage\":\"ro-RO\",\"@id\":\"https:\/\/atg.md\/ro\/#\/schema\/logo\/image\/\",\"url\":\"https:\/\/i2.wp.com\/atg.md\/wp-content\/uploads\/2021\/05\/atg_logo_main.png?fit=656%2C569&ssl=1\",\"contentUrl\":\"https:\/\/i2.wp.com\/atg.md\/wp-content\/uploads\/2021\/05\/atg_logo_main.png?fit=656%2C569&ssl=1\",\"width\":656,\"height\":569,\"caption\":\"S.C. AUTOTOM GRUP S.R.L.\"},\"image\":{\"@id\":\"https:\/\/atg.md\/ro\/#\/schema\/logo\/image\/\"},\"location\":{\"@id\":\"https:\/\/atg.md\/ro\/catalog\/autoclipsuri\/nazhimnye-zaglushki\/c0146\/#local-place\"},\"address\":{\"@id\":\"https:\/\/atg.md\/ro\/catalog\/autoclipsuri\/nazhimnye-zaglushki\/c0146\/#local-place-address\"},\"email\":\"atgtvv@gmail.com\",\"telephone\":\"+37369644446\",\"areaServed\":\"Moldova\"},{\"@type\":\"Place\",\"@id\":\"https:\/\/atg.md\/ro\/catalog\/autoclipsuri\/nazhimnye-zaglushki\/c0146\/#local-place\",\"address\":{\"@type\":\"PostalAddress\",\"@id\":\"https:\/\/atg.md\/ro\/catalog\/autoclipsuri\/nazhimnye-zaglushki\/c0146\/#local-place-address\",\"streetAddress\":\"str. Alba-Iulia 77\/20\",\"addressLocality\":\"Chisinau\",\"postalCode\":\"2043\",\"addressRegion\":\"mun. Chisinau\",\"addressCountry\":\"MD\"},\"geo\":{\"@type\":\"GeoCoordinates\",\"latitude\":\"47.0376\",\"longitude\":\"28.76899\"},\"openingHoursSpecification\":[{\"@type\":\"OpeningHoursSpecification\",\"dayOfWeek\":[\"Monday\",\"Tuesday\",\"Wednesday\",\"Thursday\",\"Friday\"],\"opens\":\"09:00\",\"closes\":\"18:00\"},{\"@type\":\"OpeningHoursSpecification\",\"dayOfWeek\":[\"Saturday\"],\"opens\":\"09:00\",\"closes\":\"14:00\"},{\"@type\":\"OpeningHoursSpecification\",\"dayOfWeek\":[\"Sunday\"],\"opens\":\"00:00\",\"closes\":\"00:00\"}],\"telephone\":\"+37369644446\"}]}<\/script>\n<meta name=\"geo.placename\" content=\"Chisinau\" \/>\n<meta name=\"geo.position\" content=\"47.0376;28.76899\" \/>\n<meta name=\"geo.region\" content=\"Moldova\" \/>\n<!-- \/ Yoast SEO Premium plugin. -->","yoast_head_json":{"title":"C0146 - Autoclipsuri, Dopuri de presiune - atg.md","robots":{"index":"index","follow":"follow","max-snippet":"max-snippet:-1","max-image-preview":"max-image-preview:large","max-video-preview":"max-video-preview:-1"},"canonical":"https:\/\/atg.md\/ro\/catalog\/autoclipsuri\/nazhimnye-zaglushki\/c0146\/","og_locale":"ro_RO","og_type":"article","og_title":"C0146 - Autoclipsuri, Dopuri de presiune - atg.md","og_description":"OEM: 90467-08004, 9046708004, 90467-080190467080190080-46010, 9008046010, 94842849484911Dimensiune F: 7Dimensiune H: 13Dimensiune T: 13","og_url":"https:\/\/atg.md\/ro\/wp-json\/wp\/v2\/product\/6639","og_site_name":"atg.md","article_modified_time":"2024-07-05T07:01:25+00:00","og_image":[{"width":600,"height":600,"url":"https:\/\/atg.md\/wp-content\/uploads\/2021\/03\/c0146.jpg","type":"image\/jpeg"}],"twitter_card":"summary_large_image","twitter_misc":{"Pre\u021b":"4.00&nbsp;MDL","Availability":"In stock"},"schema":{"@context":"https:\/\/schema.org","@graph":[{"@type":"WebPage","@id":"https:\/\/atg.md\/ro\/catalog\/autoclipsuri\/nazhimnye-zaglushki\/c0146\/","url":"https:\/\/atg.md\/ro\/catalog\/autoclipsuri\/nazhimnye-zaglushki\/c0146\/","name":"C0146 - Autoclipsuri, Dopuri de presiune - atg.md","isPartOf":{"@id":"https:\/\/atg.md\/ro\/#website"},"datePublished":"2021-03-30T09:05:36+00:00","dateModified":"2024-07-05T07:01:25+00:00","breadcrumb":{"@id":"https:\/\/atg.md\/ro\/catalog\/autoclipsuri\/nazhimnye-zaglushki\/c0146\/#breadcrumb"},"inLanguage":"ro-RO","potentialAction":[{"@type":"ReadAction","target":[["https:\/\/atg.md\/ro\/catalog\/autoclipsuri\/nazhimnye-zaglushki\/c0146\/"]]}]},{"@type":"BreadcrumbList","@id":"https:\/\/atg.md\/ro\/catalog\/autoclipsuri\/nazhimnye-zaglushki\/c0146\/#breadcrumb","itemListElement":[{"@type":"ListItem","position":1,"name":"Home","item":"https:\/\/atg.md\/ro\/"},{"@type":"ListItem","position":2,"name":"\u041a\u0430\u0442\u0430\u043b\u043e\u0433","item":"https:\/\/atg.md\/ro\/catalog\/"},{"@type":"ListItem","position":3,"name":"C0146"}]},{"@type":"WebSite","@id":"https:\/\/atg.md\/ro\/#website","url":"https:\/\/atg.md\/ro\/","name":"atg.md","description":"V\u00e2nzare de izola\u021bii \u00eempotriva vibra\u021biilor pentru ma\u0219ini, izola\u021bie termic\u0103, izolare fonic\u0103 de la cei mai buni produc\u0103tori, autoclipsuri, elemente de fixare auto. Cump\u0103ra\u021bi \u00een Moldova, Chi\u0219in\u0103u","publisher":{"@id":"https:\/\/atg.md\/ro\/#organization"},"potentialAction":[{"@type":"SearchAction","target":{"@type":"EntryPoint","urlTemplate":"https:\/\/atg.md\/ro\/?s={search_term_string}"},"query-input":"required name=search_term_string"}],"inLanguage":"ro-RO"},{"@type":["Organization","Place","AutoPartsStore"],"@id":"https:\/\/atg.md\/ro\/#organization","name":"S.C. AUTOTOM GRUP S.R.L.","url":"https:\/\/atg.md\/ro\/","logo":{"@type":"ImageObject","inLanguage":"ro-RO","@id":"https:\/\/atg.md\/ro\/#\/schema\/logo\/image\/","url":"https:\/\/i2.wp.com\/atg.md\/wp-content\/uploads\/2021\/05\/atg_logo_main.png?fit=656%2C569&ssl=1","contentUrl":"https:\/\/i2.wp.com\/atg.md\/wp-content\/uploads\/2021\/05\/atg_logo_main.png?fit=656%2C569&ssl=1","width":656,"height":569,"caption":"S.C. AUTOTOM GRUP S.R.L."},"image":{"@id":"https:\/\/atg.md\/ro\/#\/schema\/logo\/image\/"},"location":{"@id":"https:\/\/atg.md\/ro\/catalog\/autoclipsuri\/nazhimnye-zaglushki\/c0146\/#local-place"},"address":{"@id":"https:\/\/atg.md\/ro\/catalog\/autoclipsuri\/nazhimnye-zaglushki\/c0146\/#local-place-address"},"email":"atgtvv@gmail.com","telephone":"+37369644446","areaServed":"Moldova"},{"@type":"Place","@id":"https:\/\/atg.md\/ro\/catalog\/autoclipsuri\/nazhimnye-zaglushki\/c0146\/#local-place","address":{"@type":"PostalAddress","@id":"https:\/\/atg.md\/ro\/catalog\/autoclipsuri\/nazhimnye-zaglushki\/c0146\/#local-place-address","streetAddress":"str. Alba-Iulia 77\/20","addressLocality":"Chisinau","postalCode":"2043","addressRegion":"mun. Chisinau","addressCountry":"MD"},"geo":{"@type":"GeoCoordinates","latitude":"47.0376","longitude":"28.76899"},"openingHoursSpecification":[{"@type":"OpeningHoursSpecification","dayOfWeek":["Monday","Tuesday","Wednesday","Thursday","Friday"],"opens":"09:00","closes":"18:00"},{"@type":"OpeningHoursSpecification","dayOfWeek":["Saturday"],"opens":"09:00","closes":"14:00"},{"@type":"OpeningHoursSpecification","dayOfWeek":["Sunday"],"opens":"00:00","closes":"00:00"}],"telephone":"+37369644446"}]}},"_links":{"self":[{"href":"https:\/\/atg.md\/ro\/wp-json\/wp\/v2\/product\/6639"}],"collection":[{"href":"https:\/\/atg.md\/ro\/wp-json\/wp\/v2\/product"}],"about":[{"href":"https:\/\/atg.md\/ro\/wp-json\/wp\/v2\/types\/product"}],"wp:featuredmedia":[{"embeddable":true,"href":"https:\/\/atg.md\/ro\/wp-json\/wp\/v2\/media\/6640"}],"wp:attachment":[{"href":"https:\/\/atg.md\/ro\/wp-json\/wp\/v2\/media?parent=6639"}],"wp:term":[{"taxonomy":"product_cat","embeddable":true,"href":"https:\/\/atg.md\/ro\/wp-json\/wp\/v2\/product_cat?post=6639"},{"taxonomy":"product_tag","embeddable":true,"href":"https:\/\/atg.md\/ro\/wp-json\/wp\/v2\/product_tag?post=6639"}],"curies":[{"name":"wp","href":"https:\/\/api.w.org\/{rel}","templated":true}]}}