{"id":6613,"date":"2021-03-30T09:05:25","date_gmt":"2021-03-30T09:05:25","guid":{"rendered":"http:\/\/atg.md\/product\/c0132\/"},"modified":"2024-07-05T07:01:16","modified_gmt":"2024-07-05T07:01:16","slug":"c0132","status":"publish","type":"product","link":"https:\/\/atg.md\/ro\/catalog\/autoclipsuri\/ershi\/c0132\/","title":{"rendered":"C0132"},"content":{"rendered":"<p><strong>Modele:<\/strong><\/p>\n<ul>\n<li>Hyundai Aero<\/li>\n<li>Hyundai Galloper<\/li>\n<li>Mitsubishi 1\/2T Truck, V16B<\/li>\n<li>Mitsubishi Aspire, EA3A, EC3A, EC7A, EA7A, EC5A, EA1A, EC1A<\/li>\n<li>Mitsubishi Bravo, U44V, U42TP, U41TP, U42V, U41T, U43V, U41V, U42T<\/li>\n<li>Mitsubishi Challenger, K97WG, K94WG, K99W, K94W, K96W<\/li>\n<li>Mitsubishi Chariot Grandis, N86W, N84W, N96W, N94W<\/li>\n<li>Mitsubishi Chariot, D08W, N34W, N33W, N38W, N48W, D03W, D02W, D05W, N44W, D09W, N43W<\/li>\n<li>Mitsubishi Debonair, S12AG, S11A, S12A<\/li>\n<li>Mitsubishi Delica, PD8W, L039G, PC5W, P24W, P05V, P13V, PB6W, L036P, P15W, P03W, PA4W, PD4W, P12V, PF6W, P17V, P25V, L039P, PB5V, P25T, PA5W, P23W, PE8W, L063P, PB4W, P05W, P02V, PA3V, P03V, P35W, P07V, L069P, PD6W, P25W, P06V, PB5W, PF8W, PA5V, P01V, P15V, P27V, P04W, P45V, PC4W, P23V, PD5V<\/li>\n<li>Mitsubishi Diamante, F27A, F41A, F46A, F31A, F36A, F12A, F25A, F31AK, F34A, F15A, F47A, F07W, F36W, F17A, F13A<\/li>\n<li>Mitsubishi Dingo, CQ1A, CQ5A, CQ2A<\/li>\n<li>Mitsubishi Dion, CR5W, CR9W, CR6W<\/li>\n<li>Mitsubishi Eclipse, D22A, D27A<\/li>\n<li>Mitsubishi Emeraude, E57A, E74A, E84A, E72A, E77A, E52A, E64A, E54A, E53A<\/li>\n<li>Mitsubishi Eterna, E33A, E74A, E77A, E53A, E72A, E64A, E12A, E57A, E14A, E32A, E37A, E13A, E18A, E34A, E35A, E84A, E39A, E17A, E52A, E54A, E15A<\/li>\n<li>Mitsubishi Galant, E84A, E38A, E33A, EC1A, E37A, EC5A, E11A, EA3A, E17A, E54A, E15A, E77A, E64A, E72A, E34A, E12A, EC3A, E15AK, E52A, E57A, E35A, E74A, EA7A, E13A, E19A, EC7A, EA1A, E39A, E32A, E18A, E31A, E14A, E53A<\/li>\n<li>Mitsubishi Jeep, J53, J55FF8, J55<\/li>\n<li>Mitsubishi Lancer, C14W, CD9A, CJ4A, C12V, C12A, CK2A, CP9A, CB3A, CB2A, CB7A, CA4A, CK1A, CK8A, CB4A, CK4A, CJ2A, C11A, CB8A, CM2A, CA1A, CD5A, CN9A, C14A, CA2A, C74A, CC3A, C12W, C14V, CJ1A, CE9A, CL2A, CA3A, CM5A, CB6A, CB1A, C13A, CD8A, CK6A, CM8A, CC4A, CD7A, C11V, CD3A<\/li>\n<li>Mitsubishi Legnum, EC5W, EA1W, EA7W, EA5W, EA4W, EA3W, EC7W, EC1W, EC4W, EC3W<\/li>\n<li>Mitsubishi Libero, CB5W, CB1V, CD8W, CD5W, CD8V, CB2V, CB2W, CB4W, CD2V, CB8W, CB8V<\/li>\n<li>Mitsubishi Minica Toppo, H32A, H37V, H31A, H32V, H36A, H22A, H27V<\/li>\n<li>Mitsubishi Minica, H26A, H26V, H32V, H21A, H32A, H37V, H37A, H42V, H47A, H22V, H27A, H27V, H22A, H22VW, H36A, H47V, H42A, H21VW, H27VW, H31A, H44A, H21V<\/li>\n<li>Mitsubishi Minicab, U42V, U41TP, U12T, U42T, U12V, U44V, U42TP, U41T, U11V, U11T, U43V, U41V, U11TP<\/li>\n<li>Mitsubishi Mirage, C12V, CB8A, CJ4A, CB7A, CL2A, C11V, C51A, C52A, CB6A, CK2A, CM8A, CD3A, CA2A, C74A, C12W, C61A, C14A, CJ2A, CA1A, C62A, CK4A, CJ1A, CB4A, CM2A, CD9A, C14W, C63A, CP9A, CB3A, C12A, CK8A, CA4A, C72A, CM5A, C73A, CD8A, CB2A, CA3A, C13A, CK6A, C64A, CB1A, C82A, CD7A, CC4A, C53A, C83A, C14V, CC3A, CK1A, CE9A, C18A, C11A, CD5A, CN9A<\/li>\n<li>Mitsubishi Pajero Junior, H57A<\/li>\n<li>Mitsubishi Pajero Mini, H58A, H51A, H56A<\/li>\n<li>Mitsubishi Pajero iO, H61W, H66W, H62W, H77W, H71W, H72W, H76W, H67W<\/li>\n<li>Mitsubishi Pajero, V75W, V26C, V34V, L144GWG, L049G, L044GV, L146G, V23W, V47WG, L048G, V25C, L149GW, V24V, V65W, L149G, V21W, V24WG, V63W, V14V, V46W, V46WG, L041G, L149GWG, V45W, L044G, V44WG, V44W, V46V, L146GWG, V78W, L141G, L043G, L146GW, V26W, L144G, V43W, L144GW, V73W, V55W, V24C, V25W, L049GV, V68W, V26WG, L046G, L141GW, V23C, V24W<\/li>\n<li>Mitsubishi RVR, N23WG, N13W, N11W, N73WG, N21W, N21WG, N74WG, N64WG, N23W, N28WG, N61W, N71W, N28W<\/li>\n<li>Mitsubishi Sigma, F25A, F17A, F11A, F12A, F13A, F27A, F15A, F13AK<\/li>\n<li>Mitsubishi Starion, A184A, A187A, A182A, A183A<\/li>\n<li>Mitsubishi Strada, K34T, K74T<\/li>\n<li>Mitsubishi Toppo BJ Wide, H43A, H48A, H47A, H46A, H41A, H47V, H42A, H42V<\/li>\n<li>Mitsubishi Toppo BJ, H48A, H42V, H43A, H42A, H47V, H47A, H46A, H41A<\/li>\n<\/ul>\n<p><\/p>","protected":false},"excerpt":{"rendered":"<p><b>OEM:<\/b> 4876498<\/p>\n<p><b>Dimensiune F:<\/b> 5<br \/><b>Dimensiune H:<\/b> 13<br \/><b>Dimensiune T:<\/b> 13<\/p>\n","protected":false},"featured_media":6614,"template":"","meta":[],"product_cat":[25,26],"product_tag":[],"bundled_by":[],"bundle_stock_status":"instock","bundle_stock_quantity":null,"bundle_virtual":false,"bundle_layout":"","bundle_add_to_cart_form_location":"","bundle_editable_in_cart":false,"bundle_sold_individually_context":"","bundle_item_grouping":"","bundle_min_size":"","bundle_max_size":"","bundled_items":[],"yoast_head":"<!-- This site is optimized with the Yoast SEO Premium plugin v16.6 (Yoast SEO v20.1) - https:\/\/yoast.com\/wordpress\/plugins\/seo\/ -->\n<title>C0132 - Autoclipsuri, Ruffs - atg.md<\/title>\n<meta name=\"robots\" content=\"index, follow, max-snippet:-1, max-image-preview:large, max-video-preview:-1\" \/>\n<link rel=\"canonical\" href=\"https:\/\/atg.md\/ro\/catalog\/autoclipsuri\/ershi\/c0132\/\" \/>\n<meta property=\"og:locale\" content=\"ro_RO\" \/>\n<meta property=\"og:type\" content=\"article\" \/>\n<meta property=\"og:title\" content=\"C0132 - Autoclipsuri, Ruffs - atg.md\" \/>\n<meta property=\"og:description\" content=\"OEM: 4876498Dimensiune F: 5Dimensiune H: 13Dimensiune T: 13\" \/>\n<meta property=\"og:url\" content=\"https:\/\/atg.md\/ro\/wp-json\/wp\/v2\/product\/6613\" \/>\n<meta property=\"og:site_name\" content=\"atg.md\" \/>\n<meta property=\"article:modified_time\" content=\"2024-07-05T07:01:16+00:00\" \/>\n<meta property=\"og:image\" content=\"https:\/\/atg.md\/wp-content\/uploads\/2021\/03\/c0132.jpg\" \/>\n\t<meta property=\"og:image:width\" content=\"600\" \/>\n\t<meta property=\"og:image:height\" content=\"600\" \/>\n\t<meta property=\"og:image:type\" content=\"image\/jpeg\" \/>\n<meta name=\"twitter:card\" content=\"summary_large_image\" \/>\n<meta name=\"twitter:label1\" content=\"Pre\u021b\" \/>\n\t<meta name=\"twitter:data1\" content=\"4.00&nbsp;MDL\" \/>\n\t<meta name=\"twitter:label2\" content=\"Availability\" \/>\n\t<meta name=\"twitter:data2\" content=\"In stock\" \/>\n<script type=\"application\/ld+json\" class=\"yoast-schema-graph\">{\"@context\":\"https:\/\/schema.org\",\"@graph\":[{\"@type\":\"WebPage\",\"@id\":\"https:\/\/atg.md\/ro\/catalog\/autoclipsuri\/ershi\/c0132\/\",\"url\":\"https:\/\/atg.md\/ro\/catalog\/autoclipsuri\/ershi\/c0132\/\",\"name\":\"C0132 - Autoclipsuri, Ruffs - atg.md\",\"isPartOf\":{\"@id\":\"https:\/\/atg.md\/ro\/#website\"},\"datePublished\":\"2021-03-30T09:05:25+00:00\",\"dateModified\":\"2024-07-05T07:01:16+00:00\",\"breadcrumb\":{\"@id\":\"https:\/\/atg.md\/ro\/catalog\/autoclipsuri\/ershi\/c0132\/#breadcrumb\"},\"inLanguage\":\"ro-RO\",\"potentialAction\":[{\"@type\":\"ReadAction\",\"target\":[[\"https:\/\/atg.md\/ro\/catalog\/autoclipsuri\/ershi\/c0132\/\"]]}]},{\"@type\":\"BreadcrumbList\",\"@id\":\"https:\/\/atg.md\/ro\/catalog\/autoclipsuri\/ershi\/c0132\/#breadcrumb\",\"itemListElement\":[{\"@type\":\"ListItem\",\"position\":1,\"name\":\"Home\",\"item\":\"https:\/\/atg.md\/ro\/\"},{\"@type\":\"ListItem\",\"position\":2,\"name\":\"\u041a\u0430\u0442\u0430\u043b\u043e\u0433\",\"item\":\"https:\/\/atg.md\/ro\/catalog\/\"},{\"@type\":\"ListItem\",\"position\":3,\"name\":\"C0132\"}]},{\"@type\":\"WebSite\",\"@id\":\"https:\/\/atg.md\/ro\/#website\",\"url\":\"https:\/\/atg.md\/ro\/\",\"name\":\"atg.md\",\"description\":\"V\u00e2nzare de izola\u021bii \u00eempotriva vibra\u021biilor pentru ma\u0219ini, izola\u021bie termic\u0103, izolare fonic\u0103 de la cei mai buni produc\u0103tori, autoclipsuri, elemente de fixare auto. Cump\u0103ra\u021bi \u00een Moldova, Chi\u0219in\u0103u\",\"publisher\":{\"@id\":\"https:\/\/atg.md\/ro\/#organization\"},\"potentialAction\":[{\"@type\":\"SearchAction\",\"target\":{\"@type\":\"EntryPoint\",\"urlTemplate\":\"https:\/\/atg.md\/ro\/?s={search_term_string}\"},\"query-input\":\"required name=search_term_string\"}],\"inLanguage\":\"ro-RO\"},{\"@type\":[\"Organization\",\"Place\",\"AutoPartsStore\"],\"@id\":\"https:\/\/atg.md\/ro\/#organization\",\"name\":\"S.C. AUTOTOM GRUP S.R.L.\",\"url\":\"https:\/\/atg.md\/ro\/\",\"logo\":{\"@type\":\"ImageObject\",\"inLanguage\":\"ro-RO\",\"@id\":\"https:\/\/atg.md\/ro\/#\/schema\/logo\/image\/\",\"url\":\"https:\/\/i2.wp.com\/atg.md\/wp-content\/uploads\/2021\/05\/atg_logo_main.png?fit=656%2C569&ssl=1\",\"contentUrl\":\"https:\/\/i2.wp.com\/atg.md\/wp-content\/uploads\/2021\/05\/atg_logo_main.png?fit=656%2C569&ssl=1\",\"width\":656,\"height\":569,\"caption\":\"S.C. AUTOTOM GRUP S.R.L.\"},\"image\":{\"@id\":\"https:\/\/atg.md\/ro\/#\/schema\/logo\/image\/\"},\"location\":{\"@id\":\"https:\/\/atg.md\/ro\/catalog\/autoclipsuri\/ershi\/c0132\/#local-place\"},\"address\":{\"@id\":\"https:\/\/atg.md\/ro\/catalog\/autoclipsuri\/ershi\/c0132\/#local-place-address\"},\"email\":\"atgtvv@gmail.com\",\"telephone\":\"+37369644446\",\"areaServed\":\"Moldova\"},{\"@type\":\"Place\",\"@id\":\"https:\/\/atg.md\/ro\/catalog\/autoclipsuri\/ershi\/c0132\/#local-place\",\"address\":{\"@type\":\"PostalAddress\",\"@id\":\"https:\/\/atg.md\/ro\/catalog\/autoclipsuri\/ershi\/c0132\/#local-place-address\",\"streetAddress\":\"str. Alba-Iulia 77\/20\",\"addressLocality\":\"Chisinau\",\"postalCode\":\"2043\",\"addressRegion\":\"mun. Chisinau\",\"addressCountry\":\"MD\"},\"geo\":{\"@type\":\"GeoCoordinates\",\"latitude\":\"47.0376\",\"longitude\":\"28.76899\"},\"openingHoursSpecification\":[{\"@type\":\"OpeningHoursSpecification\",\"dayOfWeek\":[\"Monday\",\"Tuesday\",\"Wednesday\",\"Thursday\",\"Friday\"],\"opens\":\"09:00\",\"closes\":\"18:00\"},{\"@type\":\"OpeningHoursSpecification\",\"dayOfWeek\":[\"Saturday\"],\"opens\":\"09:00\",\"closes\":\"14:00\"},{\"@type\":\"OpeningHoursSpecification\",\"dayOfWeek\":[\"Sunday\"],\"opens\":\"00:00\",\"closes\":\"00:00\"}],\"telephone\":\"+37369644446\"}]}<\/script>\n<meta name=\"geo.placename\" content=\"Chisinau\" \/>\n<meta name=\"geo.position\" content=\"47.0376;28.76899\" \/>\n<meta name=\"geo.region\" content=\"Moldova\" \/>\n<!-- \/ Yoast SEO Premium plugin. -->","yoast_head_json":{"title":"C0132 - Autoclipsuri, Ruffs - atg.md","robots":{"index":"index","follow":"follow","max-snippet":"max-snippet:-1","max-image-preview":"max-image-preview:large","max-video-preview":"max-video-preview:-1"},"canonical":"https:\/\/atg.md\/ro\/catalog\/autoclipsuri\/ershi\/c0132\/","og_locale":"ro_RO","og_type":"article","og_title":"C0132 - Autoclipsuri, Ruffs - atg.md","og_description":"OEM: 4876498Dimensiune F: 5Dimensiune H: 13Dimensiune T: 13","og_url":"https:\/\/atg.md\/ro\/wp-json\/wp\/v2\/product\/6613","og_site_name":"atg.md","article_modified_time":"2024-07-05T07:01:16+00:00","og_image":[{"width":600,"height":600,"url":"https:\/\/atg.md\/wp-content\/uploads\/2021\/03\/c0132.jpg","type":"image\/jpeg"}],"twitter_card":"summary_large_image","twitter_misc":{"Pre\u021b":"4.00&nbsp;MDL","Availability":"In stock"},"schema":{"@context":"https:\/\/schema.org","@graph":[{"@type":"WebPage","@id":"https:\/\/atg.md\/ro\/catalog\/autoclipsuri\/ershi\/c0132\/","url":"https:\/\/atg.md\/ro\/catalog\/autoclipsuri\/ershi\/c0132\/","name":"C0132 - Autoclipsuri, Ruffs - atg.md","isPartOf":{"@id":"https:\/\/atg.md\/ro\/#website"},"datePublished":"2021-03-30T09:05:25+00:00","dateModified":"2024-07-05T07:01:16+00:00","breadcrumb":{"@id":"https:\/\/atg.md\/ro\/catalog\/autoclipsuri\/ershi\/c0132\/#breadcrumb"},"inLanguage":"ro-RO","potentialAction":[{"@type":"ReadAction","target":[["https:\/\/atg.md\/ro\/catalog\/autoclipsuri\/ershi\/c0132\/"]]}]},{"@type":"BreadcrumbList","@id":"https:\/\/atg.md\/ro\/catalog\/autoclipsuri\/ershi\/c0132\/#breadcrumb","itemListElement":[{"@type":"ListItem","position":1,"name":"Home","item":"https:\/\/atg.md\/ro\/"},{"@type":"ListItem","position":2,"name":"\u041a\u0430\u0442\u0430\u043b\u043e\u0433","item":"https:\/\/atg.md\/ro\/catalog\/"},{"@type":"ListItem","position":3,"name":"C0132"}]},{"@type":"WebSite","@id":"https:\/\/atg.md\/ro\/#website","url":"https:\/\/atg.md\/ro\/","name":"atg.md","description":"V\u00e2nzare de izola\u021bii \u00eempotriva vibra\u021biilor pentru ma\u0219ini, izola\u021bie termic\u0103, izolare fonic\u0103 de la cei mai buni produc\u0103tori, autoclipsuri, elemente de fixare auto. Cump\u0103ra\u021bi \u00een Moldova, Chi\u0219in\u0103u","publisher":{"@id":"https:\/\/atg.md\/ro\/#organization"},"potentialAction":[{"@type":"SearchAction","target":{"@type":"EntryPoint","urlTemplate":"https:\/\/atg.md\/ro\/?s={search_term_string}"},"query-input":"required name=search_term_string"}],"inLanguage":"ro-RO"},{"@type":["Organization","Place","AutoPartsStore"],"@id":"https:\/\/atg.md\/ro\/#organization","name":"S.C. AUTOTOM GRUP S.R.L.","url":"https:\/\/atg.md\/ro\/","logo":{"@type":"ImageObject","inLanguage":"ro-RO","@id":"https:\/\/atg.md\/ro\/#\/schema\/logo\/image\/","url":"https:\/\/i2.wp.com\/atg.md\/wp-content\/uploads\/2021\/05\/atg_logo_main.png?fit=656%2C569&ssl=1","contentUrl":"https:\/\/i2.wp.com\/atg.md\/wp-content\/uploads\/2021\/05\/atg_logo_main.png?fit=656%2C569&ssl=1","width":656,"height":569,"caption":"S.C. AUTOTOM GRUP S.R.L."},"image":{"@id":"https:\/\/atg.md\/ro\/#\/schema\/logo\/image\/"},"location":{"@id":"https:\/\/atg.md\/ro\/catalog\/autoclipsuri\/ershi\/c0132\/#local-place"},"address":{"@id":"https:\/\/atg.md\/ro\/catalog\/autoclipsuri\/ershi\/c0132\/#local-place-address"},"email":"atgtvv@gmail.com","telephone":"+37369644446","areaServed":"Moldova"},{"@type":"Place","@id":"https:\/\/atg.md\/ro\/catalog\/autoclipsuri\/ershi\/c0132\/#local-place","address":{"@type":"PostalAddress","@id":"https:\/\/atg.md\/ro\/catalog\/autoclipsuri\/ershi\/c0132\/#local-place-address","streetAddress":"str. Alba-Iulia 77\/20","addressLocality":"Chisinau","postalCode":"2043","addressRegion":"mun. Chisinau","addressCountry":"MD"},"geo":{"@type":"GeoCoordinates","latitude":"47.0376","longitude":"28.76899"},"openingHoursSpecification":[{"@type":"OpeningHoursSpecification","dayOfWeek":["Monday","Tuesday","Wednesday","Thursday","Friday"],"opens":"09:00","closes":"18:00"},{"@type":"OpeningHoursSpecification","dayOfWeek":["Saturday"],"opens":"09:00","closes":"14:00"},{"@type":"OpeningHoursSpecification","dayOfWeek":["Sunday"],"opens":"00:00","closes":"00:00"}],"telephone":"+37369644446"}]}},"_links":{"self":[{"href":"https:\/\/atg.md\/ro\/wp-json\/wp\/v2\/product\/6613"}],"collection":[{"href":"https:\/\/atg.md\/ro\/wp-json\/wp\/v2\/product"}],"about":[{"href":"https:\/\/atg.md\/ro\/wp-json\/wp\/v2\/types\/product"}],"wp:featuredmedia":[{"embeddable":true,"href":"https:\/\/atg.md\/ro\/wp-json\/wp\/v2\/media\/6614"}],"wp:attachment":[{"href":"https:\/\/atg.md\/ro\/wp-json\/wp\/v2\/media?parent=6613"}],"wp:term":[{"taxonomy":"product_cat","embeddable":true,"href":"https:\/\/atg.md\/ro\/wp-json\/wp\/v2\/product_cat?post=6613"},{"taxonomy":"product_tag","embeddable":true,"href":"https:\/\/atg.md\/ro\/wp-json\/wp\/v2\/product_tag?post=6613"}],"curies":[{"name":"wp","href":"https:\/\/api.w.org\/{rel}","templated":true}]}}