{"id":6609,"date":"2021-03-30T09:05:25","date_gmt":"2021-03-30T09:05:25","guid":{"rendered":"http:\/\/atg.md\/product\/c0129\/"},"modified":"2024-07-05T07:01:15","modified_gmt":"2024-07-05T07:01:15","slug":"c0129","status":"publish","type":"product","link":"https:\/\/atg.md\/ro\/catalog\/autoclipsuri\/vstavki\/c0129\/","title":{"rendered":"C0129"},"content":{"rendered":"<p><strong>Modele:<\/strong><\/p>\n<ul>\n<li>Nissan 280ZX<\/li>\n<li>Nissan 300ZX<\/li>\n<li>Nissan Ambulance, ALE50, ALWE50, FLGE50, FPWGE50, ATWE50, FPGE50, ATE50, FLWGE50<\/li>\n<li>Nissan Atlas, AMF22, FH40, N6F23, UF22, P6F23, AGF22, EGF22, YF22, SQ1F24, RH40, N2F23, P2F23, M4F23, K4F23, R2F23, EH40, BF22, PGF22, J2F23, K2F23, MGH40, H2F23, TGF22, UGF22, EF22, WGF22, YGF22, P8F23, SQ2F24, FGH40, JGH40, AF22, SGH40, R8F23, AH40, SQH40, SH40, PF22, BGF22, M6F23, PH40, WF22, R4F23, P4F23, M2F23, MH40, H4F23, N4F23, WH40, TF22, JH40<\/li>\n<li>Nissan Auster, T11, PT11<\/li>\n<li>Nissan Bluebird, J910, VEJ910, YJ910, VJ910, UJ910, PC910, P910, VTJ910, EJ910, U910, WPJ910, WUJ910, WU11, Y910, RJ910, PJ910, VRU11, VEU11<\/li>\n<li>Nissan Cabstar, F24M, F23<\/li>\n<li>Nissan Caravan, DRGE24, FHGE24, DYGE23, VNE23, VWE24, FEGE24, VRMGE24, CHGE23, FTGE24, ARMGE24, VTE24, KRE23, KHE23, VPGE23, KRGE24, CPGE23, CRGE23, VYE23, AEGE24, VRE23, KHGE23, VRGE23, CWGE24, VHGE23, ARE24, VBE23, CYGE24, DTGE24, VPE24, DHGE24, KRE24, KHE24, CPGE24, KRME24, VWMGE24, VPGE24, CQGE24, ARGE24, VRE24, KEE24, CRMGE24, VTGE24, KHGE24, VRGE24, VYGE23, KRGE23, KSGE23, VHGE24, VWME24, KSE24, VWGE24, CYGE23, DHGE23, VYE24, ARME24, DPGE23, FHGE23, DRGE23, DYGE24, VYGE24, FPGE23, KRMGE24, KSE23, KSGE24, CHGE24, DWGE24, CWMGE24, CTGE24, CRGE24, VHE24<\/li>\n<li>Nissan Cedric, HY30, VNY30, NY30<\/li>\n<li>Nissan Civilian, RYW40, RGW40, BGW40, MGW40, BW40, AVW41, BCW41, VUSW40, BVW41, BJW41, FW40, AJW41, RW40, ACW41, DCW41, MW40, FGW40, BHW41, AHW41, DVW41, DHW41, DJW41, UW40, RAW40<\/li>\n<li>Nissan Condor, SGH40, JH40, MGH40, EH40, AH40, MH40, SQH40, SH40, PH40, WH40, FGH40, FH40, RH40, JGH40<\/li>\n<li>Nissan Datsun Truck, DGY720, G720, PG720, DG720<\/li>\n<li>Nissan Datsun, LBD22, PD22, QD22, LFD22, LPD22, BD22, RMD22, FMD22<\/li>\n<li>Nissan Elgrand, MNE51, E51, AVWE50, ATE50, ATWE50, NE51, ALE50, APE50, APWE50, ME51, AVE50, ALWE50<\/li>\n<li>Nissan Fairlady Z, Z31, PZ31, HZ31, GZ31, PGZ31, HGZ31<\/li>\n<li>Nissan Gloria, NY30, HY30, VNY30<\/li>\n<li>Nissan Hardbody<\/li>\n<li>Nissan Homy, VNE23, DRGE24, DTGE24, VTE24, FTGE24, CWMGE24, VWE24, DYGE24, VPE24, FHGE24, DHGE24, ARE24, VPGE23, VHGE23, DWGE24, KRE24, KSE23, AEGE24, VYE23, FEGE24, DYGE23, KRGE24, VPGE24, CRGE23, VRE23, VHGE24, CHGE23, CPGE23, VTGE24, CTGE24, CRMGE24, VYE24, KSE24, VRGE24, VHE24, KHGE24, KSGE23, KRME24, ARGE24, VBE23, KRGE23, VYGE23, KHE24, VRE24, CQGE24, CPGE24, CHGE24, CRGE24, KEE24, CYGE24, CWGE24, VWMGE24, FPGE23, DRGE23, VRGE23, KHGE23, KSGE24, ARMGE24, VWME24, FHGE23, VYGE24, KHE23, KRMGE24, DPGE23, VWGE24, DHGE23, VRMGE24, ARME24, KRE23, CYGE23<\/li>\n<li>Nissan King Cab, D21, D22<\/li>\n<li>Nissan King Van<\/li>\n<li>Nissan NP300<\/li>\n<li>Nissan Pickup<\/li>\n<li>Nissan Safari, FGY60<\/li>\n<li>Nissan Serena<\/li>\n<li>Nissan Skyline, WFJR31, WHJR31<\/li>\n<li>Nissan Stanza, T11, PT11<\/li>\n<li>Nissan Sunny<\/li>\n<li>Nissan Urvan, E23<\/li>\n<li>Nissan Vanette Serena, VVJC23, KBC23, KVC23, KVJC23, KBNC23, VAJC23, KAJC23, KBCC23, KVNC23<\/li>\n<li>Nissan Vanette, KMGNC22, KEC120, VUGJC22, VUGJNC22, KUGC22, KUGNC22, VEC120, KHGC22, KHGNC22, VHC122, KMC120, KMGC22, VPGJC22<\/li>\n<li>Nissan Violet, T11, PT11<\/li>\n<li>Toyota 1000, KP30, KP36, KP37<\/li>\n<li>Toyota 4Runner, VZN131, LN56, LN66, KZN205, RN110, VZN130, RN105, LN51, YN135, RN101, LN111, RN50, RN75, VZN120, LN65, VZN90, YN130, VZN66, RN85, RN60, VZN110, LN135, RN106, RN131, RN121, LN106, RN70, VZN100, RN55, RN90, VZN61, YN106, RN61, RN135, RN80, RN65, VZN105, RN130, VZN95, LN107, RN66, LN205, VZN85, RN120, LN130<\/li>\n<li>Toyota Blizzard, LD10<\/li>\n<li>Toyota Carina II, ST171, CT177, AT177, AT171, CT170<\/li>\n<li>Toyota Carina, AA60, CA67, TA67, CT170, AT170, CT170G, RA63, ST170G, AT170G, AT171, ET176, SA60, CT176, TA61, KA67, TA63, ST170, TA14, AT175, TA12, AA63, CA60, TA10<\/li>\n<li>Toyota Celica, AT160, ST182, ST161, ST162<\/li>\n<li>Toyota Corolla Levin, AE92, AE91<\/li>\n<li>Toyota Corolla, KE50, TE38, TE37, KE30, AE71, AE92, TE72, KE35, TE51, TE31, EE90<\/li>\n<li>Toyota Corona, TT147, RT118, RT105, CT177, AT177, KT147, TT133, RT110, RT114, RT133, CT141, AT141, ST171, RT100, TT142, YT140, RT119, RT142, ST140, ET176, RT104, CT176, AT140, TT132, RT132, RT115, CT140, AT175, TT141, ST170, ST141, RT141, AT171, RT112, RT135, RT116, CT147, CT170, AT170, TT140, RT102, RT140, RT134, RT130, RT117, XT130<\/li>\n<li>Toyota Cressida, MX63, RX35, GX61, TX62, TX10, RX62, MX62, RX60, RX30, LX60, GX60, MX32, MX36<\/li>\n<li>Toyota Deliboy, KXC10, CXC10<\/li>\n<li>Toyota Hiace, RH22V, RH11, LH113, LH115, RH30V, RH32B, LH113V, LH30B, RH22B, LH110G, RH20G, RH30B, LH114, LH11, LH113K, LH112, LH20V, RH20V, RH32V, LH30V, RH42B, LH117G, RH25, RH20B, LH118, RH22G, LH20B, LH119V<\/li>\n<li>Toyota Hilux, RZN142, LN111, LN30, LN157, RZN194, LN105, RN35, RN58, RN105, RN50, YN60, LN140, RN41, LN205, LN172, RZN174, YN92, LN56, LN50, YN140, KDN151, RZN168, LN166, YN80, LN85, RZN147, LN145, LN108, LN67, RN125, RZN154, RN90, YN63, RN67, LN190, KZN165, YN57, RN46, LN152, LN91, KDN165, LN36, KZN205, RN27, YN81, RZN148, RN33, YN106, LN61, LN80, LN107, LN155, LN170, YN52, RN55, RZN193, KZN190, RN106, RN30, YN86, LN147, RZN173, LN192, YN55, RN61, LN150, LN55, VZN167, YN50, RZN169, LN167, YN67, LN86, RN31, KDN190, YN87, LN40, LN130, LN191, KDN166, YN58, YN130, RN130, RN22, LN135, RN80, LN110, RZN200, KDN155, LN60, RN36, LN81, LN141, LN46, RN39, KZN130, RN110, RN135, RN25, LN57, KDN150, VZN130, LN165, YN65, RZN144, VZN172, YN62, LN90, LN146, YN85, RN85, YN56, KDN145, RN20, YN90, LN200, RZN149, KDN170, LN106, LN65, LN171, YN110, LN51, RN40, YN135, YN51<\/li>\n<li>Toyota Land Cruiser Prado, BJ46, BJ42, BJ44, BJ41<\/li>\n<li>Toyota Land Cruiser, FJ43, FJ45, BJ46, BJ43, BJ45, BJ44, FJ40, BJ41, BJ42, BJ40, HJ45, HJ47, FJ55<\/li>\n<li>Toyota Mark II, LX60, SX60, GX60, MX61, MX63, RX63, RX60, LX65, GX61, TX60, TX67, LX67, MX60<\/li>\n<li>Toyota Pickup, RN48, RN47, RN37, RN38, RN42, RN34, RN32, RN44, LN40<\/li>\n<li>Toyota Publica, KP38, KP37, KP39, KP36, UP36, KP30, KP31, UP30<\/li>\n<li>Toyota Sprinter Trueno, AE91, AE92<\/li>\n<li>Toyota Stout, RK111, YK110, RK110<\/li>\n<li>Toyota T100, VCK21, RCK10, VCK20, VCK10, VCK11<\/li>\n<li>Toyota Tacoma, VZN170, VZN195, TRN220, TRN245, RZN161, RZN140, GRN250, TRN260, GRN245, GRN270, RZN191, VZN160, TRN225, RZN196, VZN150, TRN240, RZN171, RZN150, GRN265, TRN265, GRN225<\/li>\n<li>Toyota Tundra, UCK56, UCK31, USK56, UCK50, UCK52, USK50, UCK40, GSK50, VCK40, USK52, UCK57, VCK30, UCK55, UCK30, USK55, GSK30, GSK51, USK57, UCK51, UCK41, USK51<\/li>\n<li>Toyota bB, NCP30, NCP34, NCP35, NCP31<\/li>\n<\/ul>\n<p><\/p>","protected":false},"excerpt":{"rendered":"<p><b>OEM:<\/b> 90189-06010, 9018906010, 9991-00-609991006096706-P0105, 96706P0105, 75521-611-0000, 755216110000, 9991-00-60999100601<\/p>\n<p><b>Dimensiune F:<\/b> 9<br \/><b>Dimensiune H:<\/b> 10<br \/><b>Dimensiune T:<\/b> 13<\/p>\n","protected":false},"featured_media":6610,"template":"","meta":[],"product_cat":[25,105],"product_tag":[],"bundled_by":[],"bundle_stock_status":"instock","bundle_stock_quantity":null,"bundle_virtual":false,"bundle_layout":"","bundle_add_to_cart_form_location":"","bundle_editable_in_cart":false,"bundle_sold_individually_context":"","bundle_item_grouping":"","bundle_min_size":"","bundle_max_size":"","bundled_items":[],"yoast_head":"<!-- This site is optimized with the Yoast SEO Premium plugin v16.6 (Yoast SEO v20.1) - https:\/\/yoast.com\/wordpress\/plugins\/seo\/ -->\n<title>C0129 - Autoclipsuri, Inserturi - atg.md<\/title>\n<meta name=\"robots\" content=\"index, follow, max-snippet:-1, max-image-preview:large, max-video-preview:-1\" \/>\n<link rel=\"canonical\" href=\"https:\/\/atg.md\/ro\/catalog\/autoclipsuri\/vstavki\/c0129\/\" \/>\n<meta property=\"og:locale\" content=\"ro_RO\" \/>\n<meta property=\"og:type\" content=\"article\" \/>\n<meta property=\"og:title\" content=\"C0129 - Autoclipsuri, Inserturi - atg.md\" \/>\n<meta property=\"og:description\" content=\"OEM: 90189-06010, 9018906010, 9991-00-609991006096706-P0105, 96706P0105, 75521-611-0000, 755216110000, 9991-00-60999100601Dimensiune F: 9Dimensiune H: 10Dimensiune T: 13\" \/>\n<meta property=\"og:url\" content=\"https:\/\/atg.md\/ro\/wp-json\/wp\/v2\/product\/6609\" \/>\n<meta property=\"og:site_name\" content=\"atg.md\" \/>\n<meta property=\"article:modified_time\" content=\"2024-07-05T07:01:15+00:00\" \/>\n<meta property=\"og:image\" content=\"https:\/\/atg.md\/wp-content\/uploads\/2021\/03\/c0129.jpg\" \/>\n\t<meta property=\"og:image:width\" content=\"600\" \/>\n\t<meta property=\"og:image:height\" content=\"600\" \/>\n\t<meta property=\"og:image:type\" content=\"image\/jpeg\" \/>\n<meta name=\"twitter:card\" content=\"summary_large_image\" \/>\n<meta name=\"twitter:label1\" content=\"Pre\u021b\" \/>\n\t<meta name=\"twitter:data1\" content=\"5.00&nbsp;MDL\" \/>\n\t<meta name=\"twitter:label2\" content=\"Availability\" \/>\n\t<meta name=\"twitter:data2\" content=\"In stock\" \/>\n<script type=\"application\/ld+json\" class=\"yoast-schema-graph\">{\"@context\":\"https:\/\/schema.org\",\"@graph\":[{\"@type\":\"WebPage\",\"@id\":\"https:\/\/atg.md\/ro\/catalog\/autoclipsuri\/vstavki\/c0129\/\",\"url\":\"https:\/\/atg.md\/ro\/catalog\/autoclipsuri\/vstavki\/c0129\/\",\"name\":\"C0129 - Autoclipsuri, Inserturi - atg.md\",\"isPartOf\":{\"@id\":\"https:\/\/atg.md\/ro\/#website\"},\"datePublished\":\"2021-03-30T09:05:25+00:00\",\"dateModified\":\"2024-07-05T07:01:15+00:00\",\"breadcrumb\":{\"@id\":\"https:\/\/atg.md\/ro\/catalog\/autoclipsuri\/vstavki\/c0129\/#breadcrumb\"},\"inLanguage\":\"ro-RO\",\"potentialAction\":[{\"@type\":\"ReadAction\",\"target\":[[\"https:\/\/atg.md\/ro\/catalog\/autoclipsuri\/vstavki\/c0129\/\"]]}]},{\"@type\":\"BreadcrumbList\",\"@id\":\"https:\/\/atg.md\/ro\/catalog\/autoclipsuri\/vstavki\/c0129\/#breadcrumb\",\"itemListElement\":[{\"@type\":\"ListItem\",\"position\":1,\"name\":\"Home\",\"item\":\"https:\/\/atg.md\/ro\/\"},{\"@type\":\"ListItem\",\"position\":2,\"name\":\"\u041a\u0430\u0442\u0430\u043b\u043e\u0433\",\"item\":\"https:\/\/atg.md\/ro\/catalog\/\"},{\"@type\":\"ListItem\",\"position\":3,\"name\":\"C0129\"}]},{\"@type\":\"WebSite\",\"@id\":\"https:\/\/atg.md\/ro\/#website\",\"url\":\"https:\/\/atg.md\/ro\/\",\"name\":\"atg.md\",\"description\":\"V\u00e2nzare de izola\u021bii \u00eempotriva vibra\u021biilor pentru ma\u0219ini, izola\u021bie termic\u0103, izolare fonic\u0103 de la cei mai buni produc\u0103tori, autoclipsuri, elemente de fixare auto. Cump\u0103ra\u021bi \u00een Moldova, Chi\u0219in\u0103u\",\"publisher\":{\"@id\":\"https:\/\/atg.md\/ro\/#organization\"},\"potentialAction\":[{\"@type\":\"SearchAction\",\"target\":{\"@type\":\"EntryPoint\",\"urlTemplate\":\"https:\/\/atg.md\/ro\/?s={search_term_string}\"},\"query-input\":\"required name=search_term_string\"}],\"inLanguage\":\"ro-RO\"},{\"@type\":[\"Organization\",\"Place\",\"AutoPartsStore\"],\"@id\":\"https:\/\/atg.md\/ro\/#organization\",\"name\":\"S.C. AUTOTOM GRUP S.R.L.\",\"url\":\"https:\/\/atg.md\/ro\/\",\"logo\":{\"@type\":\"ImageObject\",\"inLanguage\":\"ro-RO\",\"@id\":\"https:\/\/atg.md\/ro\/#\/schema\/logo\/image\/\",\"url\":\"https:\/\/i2.wp.com\/atg.md\/wp-content\/uploads\/2021\/05\/atg_logo_main.png?fit=656%2C569&ssl=1\",\"contentUrl\":\"https:\/\/i2.wp.com\/atg.md\/wp-content\/uploads\/2021\/05\/atg_logo_main.png?fit=656%2C569&ssl=1\",\"width\":656,\"height\":569,\"caption\":\"S.C. AUTOTOM GRUP S.R.L.\"},\"image\":{\"@id\":\"https:\/\/atg.md\/ro\/#\/schema\/logo\/image\/\"},\"location\":{\"@id\":\"https:\/\/atg.md\/ro\/catalog\/autoclipsuri\/vstavki\/c0129\/#local-place\"},\"address\":{\"@id\":\"https:\/\/atg.md\/ro\/catalog\/autoclipsuri\/vstavki\/c0129\/#local-place-address\"},\"email\":\"atgtvv@gmail.com\",\"telephone\":\"+37369644446\",\"areaServed\":\"Moldova\"},{\"@type\":\"Place\",\"@id\":\"https:\/\/atg.md\/ro\/catalog\/autoclipsuri\/vstavki\/c0129\/#local-place\",\"address\":{\"@type\":\"PostalAddress\",\"@id\":\"https:\/\/atg.md\/ro\/catalog\/autoclipsuri\/vstavki\/c0129\/#local-place-address\",\"streetAddress\":\"str. Alba-Iulia 77\/20\",\"addressLocality\":\"Chisinau\",\"postalCode\":\"2043\",\"addressRegion\":\"mun. Chisinau\",\"addressCountry\":\"MD\"},\"geo\":{\"@type\":\"GeoCoordinates\",\"latitude\":\"47.0376\",\"longitude\":\"28.76899\"},\"openingHoursSpecification\":[{\"@type\":\"OpeningHoursSpecification\",\"dayOfWeek\":[\"Monday\",\"Tuesday\",\"Wednesday\",\"Thursday\",\"Friday\"],\"opens\":\"09:00\",\"closes\":\"18:00\"},{\"@type\":\"OpeningHoursSpecification\",\"dayOfWeek\":[\"Saturday\"],\"opens\":\"09:00\",\"closes\":\"14:00\"},{\"@type\":\"OpeningHoursSpecification\",\"dayOfWeek\":[\"Sunday\"],\"opens\":\"00:00\",\"closes\":\"00:00\"}],\"telephone\":\"+37369644446\"}]}<\/script>\n<meta name=\"geo.placename\" content=\"Chisinau\" \/>\n<meta name=\"geo.position\" content=\"47.0376;28.76899\" \/>\n<meta name=\"geo.region\" content=\"Moldova\" \/>\n<!-- \/ Yoast SEO Premium plugin. -->","yoast_head_json":{"title":"C0129 - Autoclipsuri, Inserturi - atg.md","robots":{"index":"index","follow":"follow","max-snippet":"max-snippet:-1","max-image-preview":"max-image-preview:large","max-video-preview":"max-video-preview:-1"},"canonical":"https:\/\/atg.md\/ro\/catalog\/autoclipsuri\/vstavki\/c0129\/","og_locale":"ro_RO","og_type":"article","og_title":"C0129 - Autoclipsuri, Inserturi - atg.md","og_description":"OEM: 90189-06010, 9018906010, 9991-00-609991006096706-P0105, 96706P0105, 75521-611-0000, 755216110000, 9991-00-60999100601Dimensiune F: 9Dimensiune H: 10Dimensiune T: 13","og_url":"https:\/\/atg.md\/ro\/wp-json\/wp\/v2\/product\/6609","og_site_name":"atg.md","article_modified_time":"2024-07-05T07:01:15+00:00","og_image":[{"width":600,"height":600,"url":"https:\/\/atg.md\/wp-content\/uploads\/2021\/03\/c0129.jpg","type":"image\/jpeg"}],"twitter_card":"summary_large_image","twitter_misc":{"Pre\u021b":"5.00&nbsp;MDL","Availability":"In stock"},"schema":{"@context":"https:\/\/schema.org","@graph":[{"@type":"WebPage","@id":"https:\/\/atg.md\/ro\/catalog\/autoclipsuri\/vstavki\/c0129\/","url":"https:\/\/atg.md\/ro\/catalog\/autoclipsuri\/vstavki\/c0129\/","name":"C0129 - Autoclipsuri, Inserturi - atg.md","isPartOf":{"@id":"https:\/\/atg.md\/ro\/#website"},"datePublished":"2021-03-30T09:05:25+00:00","dateModified":"2024-07-05T07:01:15+00:00","breadcrumb":{"@id":"https:\/\/atg.md\/ro\/catalog\/autoclipsuri\/vstavki\/c0129\/#breadcrumb"},"inLanguage":"ro-RO","potentialAction":[{"@type":"ReadAction","target":[["https:\/\/atg.md\/ro\/catalog\/autoclipsuri\/vstavki\/c0129\/"]]}]},{"@type":"BreadcrumbList","@id":"https:\/\/atg.md\/ro\/catalog\/autoclipsuri\/vstavki\/c0129\/#breadcrumb","itemListElement":[{"@type":"ListItem","position":1,"name":"Home","item":"https:\/\/atg.md\/ro\/"},{"@type":"ListItem","position":2,"name":"\u041a\u0430\u0442\u0430\u043b\u043e\u0433","item":"https:\/\/atg.md\/ro\/catalog\/"},{"@type":"ListItem","position":3,"name":"C0129"}]},{"@type":"WebSite","@id":"https:\/\/atg.md\/ro\/#website","url":"https:\/\/atg.md\/ro\/","name":"atg.md","description":"V\u00e2nzare de izola\u021bii \u00eempotriva vibra\u021biilor pentru ma\u0219ini, izola\u021bie termic\u0103, izolare fonic\u0103 de la cei mai buni produc\u0103tori, autoclipsuri, elemente de fixare auto. Cump\u0103ra\u021bi \u00een Moldova, Chi\u0219in\u0103u","publisher":{"@id":"https:\/\/atg.md\/ro\/#organization"},"potentialAction":[{"@type":"SearchAction","target":{"@type":"EntryPoint","urlTemplate":"https:\/\/atg.md\/ro\/?s={search_term_string}"},"query-input":"required name=search_term_string"}],"inLanguage":"ro-RO"},{"@type":["Organization","Place","AutoPartsStore"],"@id":"https:\/\/atg.md\/ro\/#organization","name":"S.C. AUTOTOM GRUP S.R.L.","url":"https:\/\/atg.md\/ro\/","logo":{"@type":"ImageObject","inLanguage":"ro-RO","@id":"https:\/\/atg.md\/ro\/#\/schema\/logo\/image\/","url":"https:\/\/i2.wp.com\/atg.md\/wp-content\/uploads\/2021\/05\/atg_logo_main.png?fit=656%2C569&ssl=1","contentUrl":"https:\/\/i2.wp.com\/atg.md\/wp-content\/uploads\/2021\/05\/atg_logo_main.png?fit=656%2C569&ssl=1","width":656,"height":569,"caption":"S.C. AUTOTOM GRUP S.R.L."},"image":{"@id":"https:\/\/atg.md\/ro\/#\/schema\/logo\/image\/"},"location":{"@id":"https:\/\/atg.md\/ro\/catalog\/autoclipsuri\/vstavki\/c0129\/#local-place"},"address":{"@id":"https:\/\/atg.md\/ro\/catalog\/autoclipsuri\/vstavki\/c0129\/#local-place-address"},"email":"atgtvv@gmail.com","telephone":"+37369644446","areaServed":"Moldova"},{"@type":"Place","@id":"https:\/\/atg.md\/ro\/catalog\/autoclipsuri\/vstavki\/c0129\/#local-place","address":{"@type":"PostalAddress","@id":"https:\/\/atg.md\/ro\/catalog\/autoclipsuri\/vstavki\/c0129\/#local-place-address","streetAddress":"str. Alba-Iulia 77\/20","addressLocality":"Chisinau","postalCode":"2043","addressRegion":"mun. Chisinau","addressCountry":"MD"},"geo":{"@type":"GeoCoordinates","latitude":"47.0376","longitude":"28.76899"},"openingHoursSpecification":[{"@type":"OpeningHoursSpecification","dayOfWeek":["Monday","Tuesday","Wednesday","Thursday","Friday"],"opens":"09:00","closes":"18:00"},{"@type":"OpeningHoursSpecification","dayOfWeek":["Saturday"],"opens":"09:00","closes":"14:00"},{"@type":"OpeningHoursSpecification","dayOfWeek":["Sunday"],"opens":"00:00","closes":"00:00"}],"telephone":"+37369644446"}]}},"_links":{"self":[{"href":"https:\/\/atg.md\/ro\/wp-json\/wp\/v2\/product\/6609"}],"collection":[{"href":"https:\/\/atg.md\/ro\/wp-json\/wp\/v2\/product"}],"about":[{"href":"https:\/\/atg.md\/ro\/wp-json\/wp\/v2\/types\/product"}],"wp:featuredmedia":[{"embeddable":true,"href":"https:\/\/atg.md\/ro\/wp-json\/wp\/v2\/media\/6610"}],"wp:attachment":[{"href":"https:\/\/atg.md\/ro\/wp-json\/wp\/v2\/media?parent=6609"}],"wp:term":[{"taxonomy":"product_cat","embeddable":true,"href":"https:\/\/atg.md\/ro\/wp-json\/wp\/v2\/product_cat?post=6609"},{"taxonomy":"product_tag","embeddable":true,"href":"https:\/\/atg.md\/ro\/wp-json\/wp\/v2\/product_tag?post=6609"}],"curies":[{"name":"wp","href":"https:\/\/api.w.org\/{rel}","templated":true}]}}