{"id":6582,"date":"2021-03-30T09:05:25","date_gmt":"2021-03-30T09:05:25","guid":{"rendered":"http:\/\/atg.md\/product\/c0111\/"},"modified":"2024-07-05T07:01:11","modified_gmt":"2024-07-05T07:01:11","slug":"c0111","status":"publish","type":"product","link":"https:\/\/atg.md\/ro\/catalog\/autoclipsuri\/s-rezbovym-shtyrkom\/c0111\/","title":{"rendered":"C0111"},"content":{"rendered":"<p><strong>Modele:<\/strong><\/p>\n<ul>\n<li>Lexus LS400, UCF10, UCF20<\/li>\n<li>Lexus LX470, UZJ100<\/li>\n<li>Lexus SC430, UZZ40<\/li>\n<li>Toyota Allex, ZZE123, NZE124, NZE121<\/li>\n<li>Toyota Alphard, ANH15W, ANH10W, MNH15W, MNH10W, ANH10, ANH15, MNH10, MNH15<\/li>\n<li>Toyota Avalon, MCX10<\/li>\n<li>Toyota Avensis, ZZT220, ZZT221, CDT220, CT220, ST220, AZT220, AT220, AT221, AZT220L, ZZT221L<\/li>\n<li>Toyota Caldina, AT191, CT199V, ST190G, ET196, CT198V, ST198, CT196, CT198, CT190G, AT191G, ST190, CT190, ET196V, CT197V, CT196V, CT199, ST195, CT197, ST191, ST195G, ST191G, ST198V<\/li>\n<li>Toyota Camry, CV30, SV35, ACV30L, ACV30, VZV30, SV33, VZV32, VCV10, MCV30L, SXV10, MCV30, ACV31, VZV31, SV30, MCV10, SV32, VZV33<\/li>\n<li>Toyota Carina E, AT191L, CT190, AT190, AT191, ST191L, CT190L, AT190L, ST191<\/li>\n<li>Toyota Carina, AT190, ST190, AT192, AT191, CT190, ST195, CT195<\/li>\n<li>Toyota Celica, ST183C, ST182, ST184, ST183, ST185, AT180<\/li>\n<li>Toyota Celsior, UCF10, UCF11, UCF20, UCF21<\/li>\n<li>Toyota Corolla Fielder, NZE120, NZE121, CE121, ZZE122, ZZE123G, ZZE123, NZE124, ZZE124G, ZZE124, CE121G, NZE121G, NZE124G, ZZE122G<\/li>\n<li>Toyota Corolla II, EL45, NL40, EL41, EL43<\/li>\n<li>Toyota Corolla Levin, AE110, AE111<\/li>\n<li>Toyota Corolla Runx, ZZE123, NZE121, NZE124<\/li>\n<li>Toyota Corolla Spacio, ZZE124, NZE121, ZZE122, ZZE122N, ZZE124N, NZE121N<\/li>\n<li>Toyota Corolla Verso, ZNR11L, ZNR11, AUR10, CUR10, ZNR10, CDE120, ZZE121, ZZE122<\/li>\n<li>Toyota Corolla, ZZE122, CDE120, AE112, AE101G, EE111, AE115, AE103, EE105, ZZE123, NDE120, WZE110, AE111, AE104G, CE114, EE108, NZE120, CDE110, ZZE112, AE100, CE100, ZZE123L, EE107V, CE104, EE100, AE110, EE104, AE104, ZZE120, AE114, CE110, EE110, ZZE120L, ZZE111, CE113, NZE121, CE120, EE106V, EE107, EE108G, AE101, ZZE121L, EE104G, EE101, AE100G, ZZE121, CE100G, CE116, ZRE120, EE106, AE102<\/li>\n<li>Toyota Corona, ST195, ST190, ST191, CT190, CT195, CT220, AT190, AT220, ST220<\/li>\n<li>Toyota Corsa, NL40, EL41, EL45, EL43<\/li>\n<li>Toyota Crown Majesta, UZS141, GS151, UZS143, JZS151, JZS157, UZS151, JZS155, JZS153, UZS157, UZS155, GS171, LS151, JZS147, JZS141, JZS143, JZS145, UZS171, JKS175, JZS175, JZS149, UZS147, JZS177, UZS145, UZS173, UZS175, LS141, JZS179, GS141, JZS173, JZS171<\/li>\n<li>Toyota Crown, UZS175, UZS171, JZS155, GS130W, JZS151, JZS145, UZS143, UZS147, LS136, JZS149, GS130, JZS175W, JZS141, YS132, LS130, LS151H, GS131H, GS136, UZS157, JZS177, JZS173, JZS131, JZS135, GS151H, LS141, JKS175, GS171, GS130G, LS131, GS141, JZS157, UZS173, LS130G, JZS130G, JZS130, JZS153, GS151, JZS147, UZS141, UZS145, JZS171W, LS151, JZS143, YS130, LS130W, UZS151, JZS179, UZS155, JZS175, JZS133, GS171W, JZS171, JZS173W, GS131, LS131H<\/li>\n<li>Toyota Cynos, EL44<\/li>\n<li>Toyota Dyna, LY240, LY290, TRY231, KDY231, TRY281, KDY250, KDY221, KDY271, LY280, LY225, RZY281, KDY240, KDY261, RZY231, LY235, TRY230, RZY220, KDY280, KDY230, KDY251, KDY270, LY220, KDY220, KDY290, LY230, KDY241, KDY260, KDY281, RZY230, TRY220, LY270<\/li>\n<li>Toyota Echo, NCP11, NCP12<\/li>\n<li>Toyota Estima Emina, CXR11G, CXR10G, TCR10, TCR10G, TCR11, TCR11G, CXR11, CXR10<\/li>\n<li>Toyota Estima Lucida, CXR11G, TCR10G, CXR11, TCR11, CXR10G, TCR10, CXR10, TCR11G<\/li>\n<li>Toyota Estima, MCR30W, ACR30W, MCR30, ACR30<\/li>\n<li>Toyota Grand Hiace, VCH16W, RCH11, VCH10, KCH16W, VCH10W, KCH16, VCH16, KCH10W, KCH12, KCH10<\/li>\n<li>Toyota Granvia, VCH10, KCH10, KCH10W, VCH16, KCH12, KCH16, RCH11, VCH16W, RCH11W, VCH10W, KCH16W<\/li>\n<li>Toyota Hiace, KLH28, RCH28, RCH29, RCH13, KLH12, RCH12, LXH22, LXH28, RCH19, LXH18, RCH23, RCH22, KLH22, KLH18, RCH18, LXH12<\/li>\n<li>Toyota Isis, ZGM15G, ZGM10G, ZNM10, ANM15, ZGM15W, ANM15G, ZGM11W, ANM15W, ANM10, ZGM11G, ZNM10G, ANM10W, ANM10G, ZGM15, ZGM11, ZGM10, ZGM10W, ZNM10W<\/li>\n<li>Toyota Land Cruiser, UZJ100L, HZJ81, FZJ80, HDJ101K, FJ80, FZJ80G, UZJ100W, HDJ101, FJ80G, FZJ80J, HDJ81, HDJ81V, UZJ100, HZJ81V<\/li>\n<li>Toyota Lite Ace, CR29, YR39, CR27, YR21G, YR29, CR22, YR25, CR22G, YR25V, KR28, CR28, KR21, YR21, CR27V, CR21G, CR21, YR22, CR29G, KR27V, KR27<\/li>\n<li>Toyota MR2, SW21, SW20, SW20L<\/li>\n<li>Toyota Mark II, SX80, JZX93, JZX91E, GX81, GX90, LX90Y, JZX90E, JZX91, JZX90, SX90, LX90<\/li>\n<li>Toyota Paseo, EL44<\/li>\n<li>Toyota Platz, NCP12, NCP16, SCP11<\/li>\n<li>Toyota Regius Ace, KZH116, TRH112V, LH172V, RZH100, RZH183K, LH119, LH115, LH140, LH129, LH102, LH172K, LH188K, LH125, TRH112K, LH182, KZH126, LH186, TRH102V, RZH124, TRH124, KZH132, RZH182K, RZH110, RZH183, RZH102V, KZH100, LH109, LH168, KZH120, LH113, LH168V, RZH125, LH117, LH123, RZH112V, KZH110, LH100, TRH102, RZH102, RZH111, LH178V, LH178, RZH182, LH184, LH188, RZH122, RZH101, LH120, LH162, LH172, RZH112K, TRH122K, TRH122, LH162V, KZH138, LH103, RZH112, KZH106, LH107, RZH133, LH182K, TRH112, LH110<\/li>\n<li>Toyota Regius, RCH42, RCH47W, LXH43, KCH46W, LXH49, RCH41W, RCH47, KCH40W, KCH46, KCH40, RCH41<\/li>\n<li>Toyota Scepter, SXV15, VCV10, VCV15, VCV15W, SXV10, SXV15W<\/li>\n<li>Toyota Scion, NCP61, NCP31<\/li>\n<li>Toyota Sequoia, UCK45, UCK35<\/li>\n<li>Toyota Sera, EXY10<\/li>\n<li>Toyota Sienna, GSL20, MCL25, GSL23, MCL23, MCL20, GSL25<\/li>\n<li>Toyota Soarer, UZZ40<\/li>\n<li>Toyota Soluna Vios, AXP41, AXP42, SCP41, NCP42, NCP41, SCP42<\/li>\n<li>Toyota Sprinter Carib, AE115G, AE111G, AE114G, AE115, AE114, AE111<\/li>\n<li>Toyota Sprinter Trueno, AE111, AE110<\/li>\n<li>Toyota Sprinter, CE107, AE111, EE103, EE107, CE105, AE109, CE109, EE111, CE113, EE108G, AE101, EE101, EE104G, EE104, AE110, CE110, EE102, AE114, EE106, CE102G, CE104, CE106, CE108, EE108, CE114, CE108G, AE100, AE102, CE116, CE102, AE104, CE100<\/li>\n<li>Toyota Supra, JZA80, JZA70, GA70, GA70H, MA70<\/li>\n<li>Toyota T100, VCK21, RCK10, VCK20, VCK10, VCK11<\/li>\n<li>Toyota Tacoma, VZN170, VZN195, RZN161, RZN140, RZN196, VZN150, RZN191, RZN171, RZN150, VZN160<\/li>\n<li>Toyota Tercel, EL45, EL40, EL41, EL42, EL43, NL40<\/li>\n<li>Toyota Town Ace, CR27V, YR25, KR27, CR28G, CR22G, CR28, CR29, YR21G, CR27, KR27V, YR25V, YR21, CR22, CR21G, CR21<\/li>\n<li>Toyota ToyoAce, KDY290, LY230, RZY230, KDY280, LY280, TRY230, KDY240, KDY221, LY240, KDY270, LY290, KDY230, RZY281, RZY231, KDY281, TRY231, KDY241, KDY220, RZY220, KDY271, LY220, KDY231, TRY281, TRY220, LY270<\/li>\n<li>Toyota Tundra, GSK30, VCK30, UCK31, UCK41, UCK40, VCK40, UCK30<\/li>\n<li>Toyota Vios, SCP42, SCP41, AXP42, AXP41, NCP41, NCP42<\/li>\n<li>Toyota Vista, VZV33, SV32, SV33, SV35, SV30, VZV30, VZV31, VZV32, CV30<\/li>\n<li>Toyota Voltz, ZZE137, ZZE136, ZZE138<\/li>\n<li>Toyota Wish, ANE10, ZNE14, ANE11, ZNE10G, ANE11W, ZNE14G, ZNE10, ANE10G<\/li>\n<li>Toyota XA, NCP61<\/li>\n<li>Toyota Yaris, NCP11, NCP12<\/li>\n<li>Toyota bB, NCP30, NCP34, NCP35, NCP31<\/li>\n<li>Toyota ist, NCP61, NCP65, NCP60<\/li>\n<\/ul>\n<p><\/p>","protected":false},"excerpt":{"rendered":"<p><b>OEM:<\/b> 90467-09093, 9046709093<\/p>\n<p><b>Dimensiune F:<\/b> 9<br \/><b>Dimensiune H:<\/b> 29<br \/><b>Dimensiune T:<\/b> 15<\/p>\n","protected":false},"featured_media":6583,"template":"","meta":[],"product_cat":[25,90],"product_tag":[],"bundled_by":[],"bundle_stock_status":"instock","bundle_stock_quantity":null,"bundle_virtual":false,"bundle_layout":"","bundle_add_to_cart_form_location":"","bundle_editable_in_cart":false,"bundle_sold_individually_context":"","bundle_item_grouping":"","bundle_min_size":"","bundle_max_size":"","bundled_items":[],"yoast_head":"<!-- This site is optimized with the Yoast SEO Premium plugin v16.6 (Yoast SEO v20.1) - https:\/\/yoast.com\/wordpress\/plugins\/seo\/ -->\n<title>C0111 - Autoclipsuri, Cu un ac filetat - atg.md<\/title>\n<meta name=\"robots\" content=\"index, follow, max-snippet:-1, max-image-preview:large, max-video-preview:-1\" \/>\n<link rel=\"canonical\" href=\"https:\/\/atg.md\/ro\/catalog\/autoclipsuri\/s-rezbovym-shtyrkom\/c0111\/\" \/>\n<meta property=\"og:locale\" content=\"ro_RO\" \/>\n<meta property=\"og:type\" content=\"article\" \/>\n<meta property=\"og:title\" content=\"C0111 - Autoclipsuri, Cu un ac filetat - atg.md\" \/>\n<meta property=\"og:description\" content=\"OEM: 90467-09093, 9046709093Dimensiune F: 9Dimensiune H: 29Dimensiune T: 15\" \/>\n<meta property=\"og:url\" content=\"https:\/\/atg.md\/ro\/wp-json\/wp\/v2\/product\/6582\" \/>\n<meta property=\"og:site_name\" content=\"atg.md\" \/>\n<meta property=\"article:modified_time\" content=\"2024-07-05T07:01:11+00:00\" \/>\n<meta property=\"og:image\" content=\"https:\/\/atg.md\/wp-content\/uploads\/2021\/03\/c0111.jpg\" \/>\n\t<meta property=\"og:image:width\" content=\"600\" \/>\n\t<meta property=\"og:image:height\" content=\"600\" \/>\n\t<meta property=\"og:image:type\" content=\"image\/jpeg\" \/>\n<meta name=\"twitter:card\" content=\"summary_large_image\" \/>\n<meta name=\"twitter:label1\" content=\"Pre\u021b\" \/>\n\t<meta name=\"twitter:data1\" content=\"7.00&nbsp;MDL\" \/>\n\t<meta name=\"twitter:label2\" content=\"Availability\" \/>\n\t<meta name=\"twitter:data2\" content=\"In stock\" \/>\n<script type=\"application\/ld+json\" class=\"yoast-schema-graph\">{\"@context\":\"https:\/\/schema.org\",\"@graph\":[{\"@type\":\"WebPage\",\"@id\":\"https:\/\/atg.md\/ro\/catalog\/autoclipsuri\/s-rezbovym-shtyrkom\/c0111\/\",\"url\":\"https:\/\/atg.md\/ro\/catalog\/autoclipsuri\/s-rezbovym-shtyrkom\/c0111\/\",\"name\":\"C0111 - Autoclipsuri, Cu un ac filetat - atg.md\",\"isPartOf\":{\"@id\":\"https:\/\/atg.md\/ro\/#website\"},\"datePublished\":\"2021-03-30T09:05:25+00:00\",\"dateModified\":\"2024-07-05T07:01:11+00:00\",\"breadcrumb\":{\"@id\":\"https:\/\/atg.md\/ro\/catalog\/autoclipsuri\/s-rezbovym-shtyrkom\/c0111\/#breadcrumb\"},\"inLanguage\":\"ro-RO\",\"potentialAction\":[{\"@type\":\"ReadAction\",\"target\":[[\"https:\/\/atg.md\/ro\/catalog\/autoclipsuri\/s-rezbovym-shtyrkom\/c0111\/\"]]}]},{\"@type\":\"BreadcrumbList\",\"@id\":\"https:\/\/atg.md\/ro\/catalog\/autoclipsuri\/s-rezbovym-shtyrkom\/c0111\/#breadcrumb\",\"itemListElement\":[{\"@type\":\"ListItem\",\"position\":1,\"name\":\"Home\",\"item\":\"https:\/\/atg.md\/ro\/\"},{\"@type\":\"ListItem\",\"position\":2,\"name\":\"\u041a\u0430\u0442\u0430\u043b\u043e\u0433\",\"item\":\"https:\/\/atg.md\/ro\/catalog\/\"},{\"@type\":\"ListItem\",\"position\":3,\"name\":\"C0111\"}]},{\"@type\":\"WebSite\",\"@id\":\"https:\/\/atg.md\/ro\/#website\",\"url\":\"https:\/\/atg.md\/ro\/\",\"name\":\"atg.md\",\"description\":\"V\u00e2nzare de izola\u021bii \u00eempotriva vibra\u021biilor pentru ma\u0219ini, izola\u021bie termic\u0103, izolare fonic\u0103 de la cei mai buni produc\u0103tori, autoclipsuri, elemente de fixare auto. Cump\u0103ra\u021bi \u00een Moldova, Chi\u0219in\u0103u\",\"publisher\":{\"@id\":\"https:\/\/atg.md\/ro\/#organization\"},\"potentialAction\":[{\"@type\":\"SearchAction\",\"target\":{\"@type\":\"EntryPoint\",\"urlTemplate\":\"https:\/\/atg.md\/ro\/?s={search_term_string}\"},\"query-input\":\"required name=search_term_string\"}],\"inLanguage\":\"ro-RO\"},{\"@type\":[\"Organization\",\"Place\",\"AutoPartsStore\"],\"@id\":\"https:\/\/atg.md\/ro\/#organization\",\"name\":\"S.C. AUTOTOM GRUP S.R.L.\",\"url\":\"https:\/\/atg.md\/ro\/\",\"logo\":{\"@type\":\"ImageObject\",\"inLanguage\":\"ro-RO\",\"@id\":\"https:\/\/atg.md\/ro\/#\/schema\/logo\/image\/\",\"url\":\"https:\/\/i2.wp.com\/atg.md\/wp-content\/uploads\/2021\/05\/atg_logo_main.png?fit=656%2C569&ssl=1\",\"contentUrl\":\"https:\/\/i2.wp.com\/atg.md\/wp-content\/uploads\/2021\/05\/atg_logo_main.png?fit=656%2C569&ssl=1\",\"width\":656,\"height\":569,\"caption\":\"S.C. AUTOTOM GRUP S.R.L.\"},\"image\":{\"@id\":\"https:\/\/atg.md\/ro\/#\/schema\/logo\/image\/\"},\"location\":{\"@id\":\"https:\/\/atg.md\/ro\/catalog\/autoclipsuri\/s-rezbovym-shtyrkom\/c0111\/#local-place\"},\"address\":{\"@id\":\"https:\/\/atg.md\/ro\/catalog\/autoclipsuri\/s-rezbovym-shtyrkom\/c0111\/#local-place-address\"},\"email\":\"atgtvv@gmail.com\",\"telephone\":\"+37369644446\",\"areaServed\":\"Moldova\"},{\"@type\":\"Place\",\"@id\":\"https:\/\/atg.md\/ro\/catalog\/autoclipsuri\/s-rezbovym-shtyrkom\/c0111\/#local-place\",\"address\":{\"@type\":\"PostalAddress\",\"@id\":\"https:\/\/atg.md\/ro\/catalog\/autoclipsuri\/s-rezbovym-shtyrkom\/c0111\/#local-place-address\",\"streetAddress\":\"str. Alba-Iulia 77\/20\",\"addressLocality\":\"Chisinau\",\"postalCode\":\"2043\",\"addressRegion\":\"mun. Chisinau\",\"addressCountry\":\"MD\"},\"geo\":{\"@type\":\"GeoCoordinates\",\"latitude\":\"47.0376\",\"longitude\":\"28.76899\"},\"openingHoursSpecification\":[{\"@type\":\"OpeningHoursSpecification\",\"dayOfWeek\":[\"Monday\",\"Tuesday\",\"Wednesday\",\"Thursday\",\"Friday\"],\"opens\":\"09:00\",\"closes\":\"18:00\"},{\"@type\":\"OpeningHoursSpecification\",\"dayOfWeek\":[\"Saturday\"],\"opens\":\"09:00\",\"closes\":\"14:00\"},{\"@type\":\"OpeningHoursSpecification\",\"dayOfWeek\":[\"Sunday\"],\"opens\":\"00:00\",\"closes\":\"00:00\"}],\"telephone\":\"+37369644446\"}]}<\/script>\n<meta name=\"geo.placename\" content=\"Chisinau\" \/>\n<meta name=\"geo.position\" content=\"47.0376;28.76899\" \/>\n<meta name=\"geo.region\" content=\"Moldova\" \/>\n<!-- \/ Yoast SEO Premium plugin. -->","yoast_head_json":{"title":"C0111 - Autoclipsuri, Cu un ac filetat - atg.md","robots":{"index":"index","follow":"follow","max-snippet":"max-snippet:-1","max-image-preview":"max-image-preview:large","max-video-preview":"max-video-preview:-1"},"canonical":"https:\/\/atg.md\/ro\/catalog\/autoclipsuri\/s-rezbovym-shtyrkom\/c0111\/","og_locale":"ro_RO","og_type":"article","og_title":"C0111 - Autoclipsuri, Cu un ac filetat - atg.md","og_description":"OEM: 90467-09093, 9046709093Dimensiune F: 9Dimensiune H: 29Dimensiune T: 15","og_url":"https:\/\/atg.md\/ro\/wp-json\/wp\/v2\/product\/6582","og_site_name":"atg.md","article_modified_time":"2024-07-05T07:01:11+00:00","og_image":[{"width":600,"height":600,"url":"https:\/\/atg.md\/wp-content\/uploads\/2021\/03\/c0111.jpg","type":"image\/jpeg"}],"twitter_card":"summary_large_image","twitter_misc":{"Pre\u021b":"7.00&nbsp;MDL","Availability":"In stock"},"schema":{"@context":"https:\/\/schema.org","@graph":[{"@type":"WebPage","@id":"https:\/\/atg.md\/ro\/catalog\/autoclipsuri\/s-rezbovym-shtyrkom\/c0111\/","url":"https:\/\/atg.md\/ro\/catalog\/autoclipsuri\/s-rezbovym-shtyrkom\/c0111\/","name":"C0111 - Autoclipsuri, Cu un ac filetat - atg.md","isPartOf":{"@id":"https:\/\/atg.md\/ro\/#website"},"datePublished":"2021-03-30T09:05:25+00:00","dateModified":"2024-07-05T07:01:11+00:00","breadcrumb":{"@id":"https:\/\/atg.md\/ro\/catalog\/autoclipsuri\/s-rezbovym-shtyrkom\/c0111\/#breadcrumb"},"inLanguage":"ro-RO","potentialAction":[{"@type":"ReadAction","target":[["https:\/\/atg.md\/ro\/catalog\/autoclipsuri\/s-rezbovym-shtyrkom\/c0111\/"]]}]},{"@type":"BreadcrumbList","@id":"https:\/\/atg.md\/ro\/catalog\/autoclipsuri\/s-rezbovym-shtyrkom\/c0111\/#breadcrumb","itemListElement":[{"@type":"ListItem","position":1,"name":"Home","item":"https:\/\/atg.md\/ro\/"},{"@type":"ListItem","position":2,"name":"\u041a\u0430\u0442\u0430\u043b\u043e\u0433","item":"https:\/\/atg.md\/ro\/catalog\/"},{"@type":"ListItem","position":3,"name":"C0111"}]},{"@type":"WebSite","@id":"https:\/\/atg.md\/ro\/#website","url":"https:\/\/atg.md\/ro\/","name":"atg.md","description":"V\u00e2nzare de izola\u021bii \u00eempotriva vibra\u021biilor pentru ma\u0219ini, izola\u021bie termic\u0103, izolare fonic\u0103 de la cei mai buni produc\u0103tori, autoclipsuri, elemente de fixare auto. Cump\u0103ra\u021bi \u00een Moldova, Chi\u0219in\u0103u","publisher":{"@id":"https:\/\/atg.md\/ro\/#organization"},"potentialAction":[{"@type":"SearchAction","target":{"@type":"EntryPoint","urlTemplate":"https:\/\/atg.md\/ro\/?s={search_term_string}"},"query-input":"required name=search_term_string"}],"inLanguage":"ro-RO"},{"@type":["Organization","Place","AutoPartsStore"],"@id":"https:\/\/atg.md\/ro\/#organization","name":"S.C. AUTOTOM GRUP S.R.L.","url":"https:\/\/atg.md\/ro\/","logo":{"@type":"ImageObject","inLanguage":"ro-RO","@id":"https:\/\/atg.md\/ro\/#\/schema\/logo\/image\/","url":"https:\/\/i2.wp.com\/atg.md\/wp-content\/uploads\/2021\/05\/atg_logo_main.png?fit=656%2C569&ssl=1","contentUrl":"https:\/\/i2.wp.com\/atg.md\/wp-content\/uploads\/2021\/05\/atg_logo_main.png?fit=656%2C569&ssl=1","width":656,"height":569,"caption":"S.C. AUTOTOM GRUP S.R.L."},"image":{"@id":"https:\/\/atg.md\/ro\/#\/schema\/logo\/image\/"},"location":{"@id":"https:\/\/atg.md\/ro\/catalog\/autoclipsuri\/s-rezbovym-shtyrkom\/c0111\/#local-place"},"address":{"@id":"https:\/\/atg.md\/ro\/catalog\/autoclipsuri\/s-rezbovym-shtyrkom\/c0111\/#local-place-address"},"email":"atgtvv@gmail.com","telephone":"+37369644446","areaServed":"Moldova"},{"@type":"Place","@id":"https:\/\/atg.md\/ro\/catalog\/autoclipsuri\/s-rezbovym-shtyrkom\/c0111\/#local-place","address":{"@type":"PostalAddress","@id":"https:\/\/atg.md\/ro\/catalog\/autoclipsuri\/s-rezbovym-shtyrkom\/c0111\/#local-place-address","streetAddress":"str. Alba-Iulia 77\/20","addressLocality":"Chisinau","postalCode":"2043","addressRegion":"mun. Chisinau","addressCountry":"MD"},"geo":{"@type":"GeoCoordinates","latitude":"47.0376","longitude":"28.76899"},"openingHoursSpecification":[{"@type":"OpeningHoursSpecification","dayOfWeek":["Monday","Tuesday","Wednesday","Thursday","Friday"],"opens":"09:00","closes":"18:00"},{"@type":"OpeningHoursSpecification","dayOfWeek":["Saturday"],"opens":"09:00","closes":"14:00"},{"@type":"OpeningHoursSpecification","dayOfWeek":["Sunday"],"opens":"00:00","closes":"00:00"}],"telephone":"+37369644446"}]}},"_links":{"self":[{"href":"https:\/\/atg.md\/ro\/wp-json\/wp\/v2\/product\/6582"}],"collection":[{"href":"https:\/\/atg.md\/ro\/wp-json\/wp\/v2\/product"}],"about":[{"href":"https:\/\/atg.md\/ro\/wp-json\/wp\/v2\/types\/product"}],"wp:featuredmedia":[{"embeddable":true,"href":"https:\/\/atg.md\/ro\/wp-json\/wp\/v2\/media\/6583"}],"wp:attachment":[{"href":"https:\/\/atg.md\/ro\/wp-json\/wp\/v2\/media?parent=6582"}],"wp:term":[{"taxonomy":"product_cat","embeddable":true,"href":"https:\/\/atg.md\/ro\/wp-json\/wp\/v2\/product_cat?post=6582"},{"taxonomy":"product_tag","embeddable":true,"href":"https:\/\/atg.md\/ro\/wp-json\/wp\/v2\/product_tag?post=6582"}],"curies":[{"name":"wp","href":"https:\/\/api.w.org\/{rel}","templated":true}]}}