{"id":6580,"date":"2021-03-30T09:05:25","date_gmt":"2021-03-30T09:05:25","guid":{"rendered":"http:\/\/atg.md\/product\/c0110\/"},"modified":"2024-07-05T07:01:11","modified_gmt":"2024-07-05T07:01:11","slug":"c0110","status":"publish","type":"product","link":"https:\/\/atg.md\/ro\/catalog\/autoclipsuri\/s-rezbovym-shtyrkom\/c0110\/","title":{"rendered":"C0110"},"content":{"rendered":"<p><strong>Modele:<\/strong><\/p>\n<ul>\n<li>\nNissan Almera, <\/p>\n<li>N15\n<li><\/li>\n<li>Nissan Lucino,\n<li>B14, EB14, FB14, FNB14, HB14, JB14, SB14, SNB14\n<li><\/li>\n<li>Nissan Navara,\n<li>D22B, D22U\n<li><\/li>\n<li>Nissan Presea,\n<li>HR11, PR11, R11\n<li><\/li>\n<li>Nissan Pulsar,\n<li>EN15, FN15, FNN15, HN15, HNN15, JN15, N15, SN15, SNN15\n<li><\/li>\n<li>Nissan Rasheen,\n<li>RFNB14, RHNB14, RKNB14\n<li><\/li>\n<li>Nissan Sunny,\n<li>B14, EB14, FB14, FNB14, HB14, JB14, SB14, SNB14\n<li><\/li>\n<li>Nissan Xterra,\n<li>WD22, WD22B<\/li>\n<li>\nLexus ES300, <\/p>\n<li>MCV10, VCV10\n<li><\/li>\n<li>Lexus LS400,\n<li>UCF10, UCF20\n<li><\/li>\n<li>Lexus SC300,\n<li>JZZ31, UZZ30\n<li><\/li>\n<li>Lexus SC400,\n<li>JZZ31, UZZ30\n<li><\/li>\n<li>Toyota 4Runner,\n<li>KZN185, RZN180, RZN185, VZN180, VZN185\n<li><\/li>\n<li>Toyota Avalon,\n<li>MCX10\n<li><\/li>\n<li>Toyota Camry,\n<li>MCV10, SXV10, SXV11, VCV10\n<li><\/li>\n<li>Toyota Celsior,\n<li>UCF10, UCF11, UCF20, UCF21\n<li><\/li>\n<li>Toyota Chaser,\n<li>GX90, JZX90, JZX91, JZX93, LX90, SX90\n<li><\/li>\n<li>Toyota Corolla Ceres,\n<li>AE101\n<li><\/li>\n<li>Toyota Corolla Levin,\n<li>AE101\n<li><\/li>\n<li>Toyota Corolla,\n<li>AE100, AE101, AE102, CE100, EE100, EE101, EE104, EE105, EE108\n<li><\/li>\n<li>Toyota Cresta,\n<li>GX90, JZX90, JZX91, JZX93, LX90, SX90\n<li><\/li>\n<li>Toyota Crown Majesta,\n<li>GS141, JZS141, JZS143, JZS145, JZS147, JZS149, LS141,<br \/>\nUZS141, UZS143, UZS145, UZS147<\/p>\n<li><\/li>\n<li>Toyota Crown,\n<li>GS141, JZS141, JZS143, JZS145, JZS147, JZS149, LS141, UZS141, UZS143,<br \/>\nUZS145, UZS147<\/p>\n<li><\/li>\n<li>Toyota Dyna,\n<li>BU301, BU306, BU346, BZU300, BZU340, BZU600, RZU300, RZU301, RZU340,<br \/>\nTRC600, TRU300, TRU340, TRU600, WU410, WU412, WU420, WU422, XZC600, XZC605,<br \/>\nXZC610, XZC630, XZC645, XZC655, XZC675, XZU300, XZU301, XZU302, XZU304, XZU305,<br \/>\nXZU306, XZU307, XZU308, XZU311, XZU312, XZU314, XZU320, XZU321, XZU322, XZU324,<br \/>\nXZU330, XZU331, XZU334, XZU336, XZU337, XZU338, XZU340, XZU341, XZU342, XZU344,<br \/>\nXZU346, XZU347, XZU348, XZU350, XZU351, XZU352, XZU354, XZU362, XZU368, XZU371,<br \/>\nXZU372, XZU378, XZU382, XZU388, XZU404, XZU412, XZU413, XZU414, XZU415, XZU420,<br \/>\nXZU422, XZU423, XZU424, XZU425, XZU430, XZU433, XZU434, XZU435, XZU600, XZU605,<br \/>\nXZU610, XZU620, XZU630, XZU640, XZU645, XZU650, XZU655, XZU675, XZU685, XZU695<\/p>\n<li><\/li>\n<li>Toyota Hilux Surf,\n<li>KDN185, KZN185, RZN180, RZN185, VZN180, VZN185\n<li><\/li>\n<li>Toyota RAV4,\n<li>BEA11, SXA10, SXA11, SXA15, SXA16\n<li><\/li>\n<li>Toyota Sprinter Marino,\n<li>AE101\n<li><\/li>\n<li>Toyota Sprinter Trueno,\n<li>AE101\n<li><\/li>\n<li>Toyota ToyoAce,\n<li>BU301, BU306, BU346, BZU300, BZU340, BZU600, RZU300, RZU301, RZU340,<br \/>\nTRC600, TRU300, TRU340, TRU600, XZC600, XZC605, XZC610, XZC630, XZC645, XZC655,<br \/>\nXZC675, XZU300, XZU301, XZU302, XZU304, XZU305, XZU306, XZU307, XZU308, XZU311,<br \/>\nXZU312, XZU314, XZU320, XZU321, XZU322, XZU324, XZU330, XZU331, XZU334, XZU336,<br \/>\nXZU337, XZU338, XZU340, XZU341, XZU342, XZU344, XZU346, XZU347, XZU348, XZU350,<br \/>\nXZU351, XZU352, XZU354, XZU362, XZU368, XZU371, XZU372, XZU378, XZU382, XZU388,<br \/>\nXZU600, XZU605, XZU610, XZU620, XZU630, XZU640, XZU645, XZU650, XZU655, XZU675,<br \/>\nXZU685, XZU695<\/p>\n<li><\/li>\n<li>Toyota Tundra,\n<li>GSK30, UCK30, UCK31, UCK40, UCK41, VCK30, VCK40<\/li>\n<\/ul>\n<p><\/p>","protected":false},"excerpt":{"rendered":"<p><b>OEM:<\/b> 90467-091090467091052531-35010-CO, 5253135010CO, 52531-35010-O, 5253135010O, 90467-09181-A9046709181A1<\/p>\n<p><b>Dimensiune F:<\/b> 9<br \/><b>Dimensiune H:<\/b> 26<br \/><b>Dimensiune T:<\/b> 18<\/p>\n","protected":false},"featured_media":6581,"template":"","meta":[],"product_cat":[25,90],"product_tag":[],"bundled_by":[],"bundle_stock_status":"instock","bundle_stock_quantity":null,"bundle_virtual":false,"bundle_layout":"","bundle_add_to_cart_form_location":"","bundle_editable_in_cart":false,"bundle_sold_individually_context":"","bundle_item_grouping":"","bundle_min_size":"","bundle_max_size":"","bundled_items":[],"yoast_head":"<!-- This site is optimized with the Yoast SEO Premium plugin v16.6 (Yoast SEO v20.1) - https:\/\/yoast.com\/wordpress\/plugins\/seo\/ -->\n<title>C0110 - Autoclipsuri, Cu un ac filetat - atg.md<\/title>\n<meta name=\"robots\" content=\"index, follow, max-snippet:-1, max-image-preview:large, max-video-preview:-1\" \/>\n<link rel=\"canonical\" href=\"https:\/\/atg.md\/ro\/catalog\/autoclipsuri\/s-rezbovym-shtyrkom\/c0110\/\" \/>\n<meta property=\"og:locale\" content=\"ro_RO\" \/>\n<meta property=\"og:type\" content=\"article\" \/>\n<meta property=\"og:title\" content=\"C0110 - Autoclipsuri, Cu un ac filetat - atg.md\" \/>\n<meta property=\"og:description\" content=\"OEM: 90467-091090467091052531-35010-CO, 5253135010CO, 52531-35010-O, 5253135010O, 90467-09181-A9046709181A1Dimensiune F: 9Dimensiune H: 26Dimensiune T: 18\" \/>\n<meta property=\"og:url\" content=\"https:\/\/atg.md\/ro\/wp-json\/wp\/v2\/product\/6580\" \/>\n<meta property=\"og:site_name\" content=\"atg.md\" \/>\n<meta property=\"article:modified_time\" content=\"2024-07-05T07:01:11+00:00\" \/>\n<meta property=\"og:image\" content=\"https:\/\/atg.md\/wp-content\/uploads\/2021\/03\/c0110.jpg\" \/>\n\t<meta property=\"og:image:width\" content=\"600\" \/>\n\t<meta property=\"og:image:height\" content=\"600\" \/>\n\t<meta property=\"og:image:type\" content=\"image\/jpeg\" \/>\n<meta name=\"twitter:card\" content=\"summary_large_image\" \/>\n<meta name=\"twitter:label1\" content=\"Pre\u021b\" \/>\n\t<meta name=\"twitter:data1\" content=\"7.00&nbsp;MDL\" \/>\n\t<meta name=\"twitter:label2\" content=\"Availability\" \/>\n\t<meta name=\"twitter:data2\" content=\"In stock\" \/>\n<script type=\"application\/ld+json\" class=\"yoast-schema-graph\">{\"@context\":\"https:\/\/schema.org\",\"@graph\":[{\"@type\":\"WebPage\",\"@id\":\"https:\/\/atg.md\/ro\/catalog\/autoclipsuri\/s-rezbovym-shtyrkom\/c0110\/\",\"url\":\"https:\/\/atg.md\/ro\/catalog\/autoclipsuri\/s-rezbovym-shtyrkom\/c0110\/\",\"name\":\"C0110 - Autoclipsuri, Cu un ac filetat - atg.md\",\"isPartOf\":{\"@id\":\"https:\/\/atg.md\/ro\/#website\"},\"datePublished\":\"2021-03-30T09:05:25+00:00\",\"dateModified\":\"2024-07-05T07:01:11+00:00\",\"breadcrumb\":{\"@id\":\"https:\/\/atg.md\/ro\/catalog\/autoclipsuri\/s-rezbovym-shtyrkom\/c0110\/#breadcrumb\"},\"inLanguage\":\"ro-RO\",\"potentialAction\":[{\"@type\":\"ReadAction\",\"target\":[[\"https:\/\/atg.md\/ro\/catalog\/autoclipsuri\/s-rezbovym-shtyrkom\/c0110\/\"]]}]},{\"@type\":\"BreadcrumbList\",\"@id\":\"https:\/\/atg.md\/ro\/catalog\/autoclipsuri\/s-rezbovym-shtyrkom\/c0110\/#breadcrumb\",\"itemListElement\":[{\"@type\":\"ListItem\",\"position\":1,\"name\":\"Home\",\"item\":\"https:\/\/atg.md\/ro\/\"},{\"@type\":\"ListItem\",\"position\":2,\"name\":\"\u041a\u0430\u0442\u0430\u043b\u043e\u0433\",\"item\":\"https:\/\/atg.md\/ro\/catalog\/\"},{\"@type\":\"ListItem\",\"position\":3,\"name\":\"C0110\"}]},{\"@type\":\"WebSite\",\"@id\":\"https:\/\/atg.md\/ro\/#website\",\"url\":\"https:\/\/atg.md\/ro\/\",\"name\":\"atg.md\",\"description\":\"V\u00e2nzare de izola\u021bii \u00eempotriva vibra\u021biilor pentru ma\u0219ini, izola\u021bie termic\u0103, izolare fonic\u0103 de la cei mai buni produc\u0103tori, autoclipsuri, elemente de fixare auto. Cump\u0103ra\u021bi \u00een Moldova, Chi\u0219in\u0103u\",\"publisher\":{\"@id\":\"https:\/\/atg.md\/ro\/#organization\"},\"potentialAction\":[{\"@type\":\"SearchAction\",\"target\":{\"@type\":\"EntryPoint\",\"urlTemplate\":\"https:\/\/atg.md\/ro\/?s={search_term_string}\"},\"query-input\":\"required name=search_term_string\"}],\"inLanguage\":\"ro-RO\"},{\"@type\":[\"Organization\",\"Place\",\"AutoPartsStore\"],\"@id\":\"https:\/\/atg.md\/ro\/#organization\",\"name\":\"S.C. AUTOTOM GRUP S.R.L.\",\"url\":\"https:\/\/atg.md\/ro\/\",\"logo\":{\"@type\":\"ImageObject\",\"inLanguage\":\"ro-RO\",\"@id\":\"https:\/\/atg.md\/ro\/#\/schema\/logo\/image\/\",\"url\":\"https:\/\/i2.wp.com\/atg.md\/wp-content\/uploads\/2021\/05\/atg_logo_main.png?fit=656%2C569&ssl=1\",\"contentUrl\":\"https:\/\/i2.wp.com\/atg.md\/wp-content\/uploads\/2021\/05\/atg_logo_main.png?fit=656%2C569&ssl=1\",\"width\":656,\"height\":569,\"caption\":\"S.C. AUTOTOM GRUP S.R.L.\"},\"image\":{\"@id\":\"https:\/\/atg.md\/ro\/#\/schema\/logo\/image\/\"},\"location\":{\"@id\":\"https:\/\/atg.md\/ro\/catalog\/autoclipsuri\/s-rezbovym-shtyrkom\/c0110\/#local-place\"},\"address\":{\"@id\":\"https:\/\/atg.md\/ro\/catalog\/autoclipsuri\/s-rezbovym-shtyrkom\/c0110\/#local-place-address\"},\"email\":\"atgtvv@gmail.com\",\"telephone\":\"+37369644446\",\"areaServed\":\"Moldova\"},{\"@type\":\"Place\",\"@id\":\"https:\/\/atg.md\/ro\/catalog\/autoclipsuri\/s-rezbovym-shtyrkom\/c0110\/#local-place\",\"address\":{\"@type\":\"PostalAddress\",\"@id\":\"https:\/\/atg.md\/ro\/catalog\/autoclipsuri\/s-rezbovym-shtyrkom\/c0110\/#local-place-address\",\"streetAddress\":\"str. Alba-Iulia 77\/20\",\"addressLocality\":\"Chisinau\",\"postalCode\":\"2043\",\"addressRegion\":\"mun. Chisinau\",\"addressCountry\":\"MD\"},\"geo\":{\"@type\":\"GeoCoordinates\",\"latitude\":\"47.0376\",\"longitude\":\"28.76899\"},\"openingHoursSpecification\":[{\"@type\":\"OpeningHoursSpecification\",\"dayOfWeek\":[\"Monday\",\"Tuesday\",\"Wednesday\",\"Thursday\",\"Friday\"],\"opens\":\"09:00\",\"closes\":\"18:00\"},{\"@type\":\"OpeningHoursSpecification\",\"dayOfWeek\":[\"Saturday\"],\"opens\":\"09:00\",\"closes\":\"14:00\"},{\"@type\":\"OpeningHoursSpecification\",\"dayOfWeek\":[\"Sunday\"],\"opens\":\"00:00\",\"closes\":\"00:00\"}],\"telephone\":\"+37369644446\"}]}<\/script>\n<meta name=\"geo.placename\" content=\"Chisinau\" \/>\n<meta name=\"geo.position\" content=\"47.0376;28.76899\" \/>\n<meta name=\"geo.region\" content=\"Moldova\" \/>\n<!-- \/ Yoast SEO Premium plugin. -->","yoast_head_json":{"title":"C0110 - Autoclipsuri, Cu un ac filetat - atg.md","robots":{"index":"index","follow":"follow","max-snippet":"max-snippet:-1","max-image-preview":"max-image-preview:large","max-video-preview":"max-video-preview:-1"},"canonical":"https:\/\/atg.md\/ro\/catalog\/autoclipsuri\/s-rezbovym-shtyrkom\/c0110\/","og_locale":"ro_RO","og_type":"article","og_title":"C0110 - Autoclipsuri, Cu un ac filetat - atg.md","og_description":"OEM: 90467-091090467091052531-35010-CO, 5253135010CO, 52531-35010-O, 5253135010O, 90467-09181-A9046709181A1Dimensiune F: 9Dimensiune H: 26Dimensiune T: 18","og_url":"https:\/\/atg.md\/ro\/wp-json\/wp\/v2\/product\/6580","og_site_name":"atg.md","article_modified_time":"2024-07-05T07:01:11+00:00","og_image":[{"width":600,"height":600,"url":"https:\/\/atg.md\/wp-content\/uploads\/2021\/03\/c0110.jpg","type":"image\/jpeg"}],"twitter_card":"summary_large_image","twitter_misc":{"Pre\u021b":"7.00&nbsp;MDL","Availability":"In stock"},"schema":{"@context":"https:\/\/schema.org","@graph":[{"@type":"WebPage","@id":"https:\/\/atg.md\/ro\/catalog\/autoclipsuri\/s-rezbovym-shtyrkom\/c0110\/","url":"https:\/\/atg.md\/ro\/catalog\/autoclipsuri\/s-rezbovym-shtyrkom\/c0110\/","name":"C0110 - Autoclipsuri, Cu un ac filetat - atg.md","isPartOf":{"@id":"https:\/\/atg.md\/ro\/#website"},"datePublished":"2021-03-30T09:05:25+00:00","dateModified":"2024-07-05T07:01:11+00:00","breadcrumb":{"@id":"https:\/\/atg.md\/ro\/catalog\/autoclipsuri\/s-rezbovym-shtyrkom\/c0110\/#breadcrumb"},"inLanguage":"ro-RO","potentialAction":[{"@type":"ReadAction","target":[["https:\/\/atg.md\/ro\/catalog\/autoclipsuri\/s-rezbovym-shtyrkom\/c0110\/"]]}]},{"@type":"BreadcrumbList","@id":"https:\/\/atg.md\/ro\/catalog\/autoclipsuri\/s-rezbovym-shtyrkom\/c0110\/#breadcrumb","itemListElement":[{"@type":"ListItem","position":1,"name":"Home","item":"https:\/\/atg.md\/ro\/"},{"@type":"ListItem","position":2,"name":"\u041a\u0430\u0442\u0430\u043b\u043e\u0433","item":"https:\/\/atg.md\/ro\/catalog\/"},{"@type":"ListItem","position":3,"name":"C0110"}]},{"@type":"WebSite","@id":"https:\/\/atg.md\/ro\/#website","url":"https:\/\/atg.md\/ro\/","name":"atg.md","description":"V\u00e2nzare de izola\u021bii \u00eempotriva vibra\u021biilor pentru ma\u0219ini, izola\u021bie termic\u0103, izolare fonic\u0103 de la cei mai buni produc\u0103tori, autoclipsuri, elemente de fixare auto. Cump\u0103ra\u021bi \u00een Moldova, Chi\u0219in\u0103u","publisher":{"@id":"https:\/\/atg.md\/ro\/#organization"},"potentialAction":[{"@type":"SearchAction","target":{"@type":"EntryPoint","urlTemplate":"https:\/\/atg.md\/ro\/?s={search_term_string}"},"query-input":"required name=search_term_string"}],"inLanguage":"ro-RO"},{"@type":["Organization","Place","AutoPartsStore"],"@id":"https:\/\/atg.md\/ro\/#organization","name":"S.C. AUTOTOM GRUP S.R.L.","url":"https:\/\/atg.md\/ro\/","logo":{"@type":"ImageObject","inLanguage":"ro-RO","@id":"https:\/\/atg.md\/ro\/#\/schema\/logo\/image\/","url":"https:\/\/i2.wp.com\/atg.md\/wp-content\/uploads\/2021\/05\/atg_logo_main.png?fit=656%2C569&ssl=1","contentUrl":"https:\/\/i2.wp.com\/atg.md\/wp-content\/uploads\/2021\/05\/atg_logo_main.png?fit=656%2C569&ssl=1","width":656,"height":569,"caption":"S.C. AUTOTOM GRUP S.R.L."},"image":{"@id":"https:\/\/atg.md\/ro\/#\/schema\/logo\/image\/"},"location":{"@id":"https:\/\/atg.md\/ro\/catalog\/autoclipsuri\/s-rezbovym-shtyrkom\/c0110\/#local-place"},"address":{"@id":"https:\/\/atg.md\/ro\/catalog\/autoclipsuri\/s-rezbovym-shtyrkom\/c0110\/#local-place-address"},"email":"atgtvv@gmail.com","telephone":"+37369644446","areaServed":"Moldova"},{"@type":"Place","@id":"https:\/\/atg.md\/ro\/catalog\/autoclipsuri\/s-rezbovym-shtyrkom\/c0110\/#local-place","address":{"@type":"PostalAddress","@id":"https:\/\/atg.md\/ro\/catalog\/autoclipsuri\/s-rezbovym-shtyrkom\/c0110\/#local-place-address","streetAddress":"str. Alba-Iulia 77\/20","addressLocality":"Chisinau","postalCode":"2043","addressRegion":"mun. Chisinau","addressCountry":"MD"},"geo":{"@type":"GeoCoordinates","latitude":"47.0376","longitude":"28.76899"},"openingHoursSpecification":[{"@type":"OpeningHoursSpecification","dayOfWeek":["Monday","Tuesday","Wednesday","Thursday","Friday"],"opens":"09:00","closes":"18:00"},{"@type":"OpeningHoursSpecification","dayOfWeek":["Saturday"],"opens":"09:00","closes":"14:00"},{"@type":"OpeningHoursSpecification","dayOfWeek":["Sunday"],"opens":"00:00","closes":"00:00"}],"telephone":"+37369644446"}]}},"_links":{"self":[{"href":"https:\/\/atg.md\/ro\/wp-json\/wp\/v2\/product\/6580"}],"collection":[{"href":"https:\/\/atg.md\/ro\/wp-json\/wp\/v2\/product"}],"about":[{"href":"https:\/\/atg.md\/ro\/wp-json\/wp\/v2\/types\/product"}],"wp:featuredmedia":[{"embeddable":true,"href":"https:\/\/atg.md\/ro\/wp-json\/wp\/v2\/media\/6581"}],"wp:attachment":[{"href":"https:\/\/atg.md\/ro\/wp-json\/wp\/v2\/media?parent=6580"}],"wp:term":[{"taxonomy":"product_cat","embeddable":true,"href":"https:\/\/atg.md\/ro\/wp-json\/wp\/v2\/product_cat?post=6580"},{"taxonomy":"product_tag","embeddable":true,"href":"https:\/\/atg.md\/ro\/wp-json\/wp\/v2\/product_tag?post=6580"}],"curies":[{"name":"wp","href":"https:\/\/api.w.org\/{rel}","templated":true}]}}