{"id":6578,"date":"2021-03-30T09:05:25","date_gmt":"2021-03-30T09:05:25","guid":{"rendered":"http:\/\/atg.md\/product\/c0109\/"},"modified":"2024-07-05T07:01:11","modified_gmt":"2024-07-05T07:01:11","slug":"c0109","status":"publish","type":"product","link":"https:\/\/atg.md\/ro\/catalog\/autoclipsuri\/s-rezbovym-shtyrkom\/c0109\/","title":{"rendered":"C0109"},"content":{"rendered":"<p><strong>Modele:<\/strong><\/p>\n<ul>\n<li>Nissan 100NX, B13<\/li>\n<li>Nissan 200SX<\/li>\n<li>Nissan 300ZX<\/li>\n<li>Nissan AD, VFGY10, VENY10, VFNY10, WFGY10, VSY10, WHY11, WSY10, WFY11, VHB11, VEY11, VY11, VFY10, WHNY11, VB11, VSGY10, MVY10, VEGY10, WRY11, VSNY10, MVFY10, VENY11, WFY10, VHNY11, VGY11, WPY11, VY10, VEY10, WEY10, WY10, VFY11, WFNY10, VSB11<\/li>\n<li>Nissan Almera, N16E, N16, N15<\/li>\n<li>Nissan Ambulance, ALE50, ALWE50, FLGE50, FPWGE50, ATWE50, FPGE50, ATE50, FLWGE50<\/li>\n<li>Nissan Auster, T12, T11, PT12, PT11<\/li>\n<li>Nissan Avenir, W10, VEW10, PW10, VSW10, PNW10, VENW10, SW10<\/li>\n<li>Nissan BE-1, BK10<\/li>\n<li>Nissan Bluebird Sylphy, QG10, FG10, TG10, QNG10<\/li>\n<li>Nissan Bluebird, YJ910, U11, UJ910, EU11, RU11, PU13, PC910, U12, SU13, U910, WU11, RU12, EU12, RJ910, RNU12, PJ910, HNU12, HAU12, HU12, J910, HNU13, U13, SU12, SNU13, EU13, ENU13, PU11, HU13, P910, EJ910, Y910, VRU11, ENU12, VEU11, YU11<\/li>\n<li>Nissan Caravan, DRGE24, FHGE24, VWE24, FEGE24, VRMGE24, FTGE24, ARMGE24, VTE24, KRGE24, AEGE24, CWGE24, ARE24, CYGE24, DTGE24, VPE24, DHGE24, KRE24, KHE24, CPGE24, KRME24, VWMGE24, VPGE24, CQGE24, ARGE24, VRE24, KEE24, CRMGE24, VTGE24, KHGE24, VRGE24, VHGE24, VWME24, KSE24, VWGE24, VYE24, ARME24, DYGE24, VYGE24, KRMGE24, KSGE24, CHGE24, DWGE24, CWMGE24, CTGE24, CRGE24, VHE24<\/li>\n<li>Nissan Cedric, MJY31, NJY31, PBY32, VY30, CUY31, YPY31, UJY31, UY32, HY34, HBY33, HY30, BJY31, ENY34, PY30, VNY30, YY31, Y34, QJY31, Y30, WY30, MY30, CBJY31, WUY30, UY31, MY33, WHY30, FPAY31, PAY31, ENY33, Y31, PY33, NY30, UY30, TUJY31, PAY32, Y32, TY31, PY32, TNJY31, YPY30, VHY30, CMJY31, FPY31, HY33, VUY30, PY31, Y33, UY33, CY31<\/li>\n<li>Nissan Cefiro, ECA31, HA32, NA31, WHA32, LA31, WPA32, PA32, LCA31, WA32, EA31, CA31, LNA31, A31, A32<\/li>\n<li>Nissan Cherry, N12<\/li>\n<li>Nissan Cima, FHY33, FGDY33, HF50, FGY32, FPY32, FGY33, GF50, GNF50, FGDY32, FGNY33, FGNY32<\/li>\n<li>Nissan Crew, THK30, TSK30, SK30, YHK30, HK30, QK30<\/li>\n<li>Nissan Cube Cubic, YGZ11, YGNZ11, BGZ11<\/li>\n<li>Nissan Cube, Z10, YZ11, BZ11, ANZ10, BNZ11, AZ10<\/li>\n<li>Nissan Datsun Truck, PMD21, QYD21, PD21, FGD21, DD21, CGD21, BGD21, AGD21, GD21, DMD21, FMD21, QMD21, BD21, D21, PGD21, BMD21, AMD21, CD21, QD21, FYD21, DYD21, QGD21, FD21, AD21<\/li>\n<li>Nissan Elgrand, AVWE50, APE50, APWE50, AVE50, ALWE50, ALE50<\/li>\n<li>Nissan Exa, KEN13<\/li>\n<li>Nissan Expert, VW11, VEW11<\/li>\n<li>Nissan Fairlady Z, Z31, PZ31, HZ31, GZ31, PGZ31, HGZ31<\/li>\n<li>Nissan Figaro, MY34, FK10<\/li>\n<li>Nissan Gazelle, US12, JS12, S12<\/li>\n<li>Nissan Gloria, PY31, PAY31, Y32, ENY33, NY30, CY31, UY33, CMJY31, HY33, FPY31, YPY30, PY32, PY33E, VHY30, Y33, HY30, VUY30, QJY31, UY30, UJY31, YY31, VNY30, HY34, TNJY31, PY33, MJY31, YPY31, NJY31, Y30, Y34, CBJY31, VY30, CUY31, UY31, PBY32, MY33, WY30, PY30, PAY32, FPAY31, Y31, ENY34, TY31, HBY33, WUY30, WHY30, BJY31, UY32, TUJY31, MY30<\/li>\n<li>Nissan Homy, DRGE24, DTGE24, VTE24, FTGE24, CWMGE24, VWE24, DYGE24, VPE24, FHGE24, DHGE24, ARE24, DWGE24, KRE24, AEGE24, FEGE24, KRGE24, VPGE24, VHGE24, VTGE24, CTGE24, CRMGE24, VYE24, KSE24, VRGE24, VHE24, KHGE24, KRME24, ARGE24, KHE24, VRE24, CQGE24, CPGE24, CHGE24, CRGE24, KEE24, CYGE24, CWGE24, VWMGE24, KSGE24, ARMGE24, VWME24, VYGE24, KRMGE24, VWGE24, VRMGE24, ARME24<\/li>\n<li>Nissan King Cab<\/li>\n<li>Nissan King Van, E24<\/li>\n<li>Nissan Langley, HN12, BHNN13, BEN13, SN12, BHN13, PN12, BFNN13, BSN13, BFN13<\/li>\n<li>Nissan Laurel Spirit, HB11, HB12, SB11, WHB11, SB12, WB11, EB12, WSB11, FB12, B11, FNB12<\/li>\n<li>Nissan Laurel, GCC35, HCC33, FC33, SC35, SC34, ECC33, GC34, GC32, GNC35, HJC32, FJC32, HC33, EJC32, SJC32, HC35, EC33, SC33, GNC34, GCC34, GC35, HC32, PJC31, HC34<\/li>\n<li>Nissan Leopard, UF31, JPY33, GF31, JENY33, JMY33, JY33, JGBY32, JHY33, JPY32, PF30, JHBY33<\/li>\n<li>Nissan Liberta Villa, BSN13, PN12, BHN13, SN12, HN12, BFNN13, BHNN13, BFN13, BEN13<\/li>\n<li>Nissan Lucino, EB14, SNB14, FB14, SB14, FNB14, B14, HB14, JB14<\/li>\n<li>Nissan March Box, WAK11, WK11<\/li>\n<li>Nissan March, FHK11, AK11, ANK11, K11, K10, EK10, HK11<\/li>\n<li>Nissan Maxima<\/li>\n<li>Nissan Micra, K11E<\/li>\n<li>Nissan Pao, PK10<\/li>\n<li>Nissan Patrol, Y60, Y61<\/li>\n<li>Nissan Prairie, M10, M11, HM11, BM10, PM11, HNM10, PM10, HNM11, PNM11, VBM10, NM11<\/li>\n<li>Nissan Presea, HR11, HR10, PR10, R11, PR11, R10<\/li>\n<li>Nissan President, JG50, PHG50, JHG50, PG50, PGF50<\/li>\n<li>Nissan Primera Camino, HP11, QP11, P11, HNP11<\/li>\n<li>Nissan Primera, FHP11, HNP10, P10E, RP12, WTP12, WRP12, HP10, HP12, P10, P11E, P12E, TNP12, FHP10, QP12, W10, TP12, WTNP12, WHP12<\/li>\n<li>Nissan Pulsar, JN15, HN15, FNN14, PN12, N13, SNN15, SN14, HN13, SN12, FN14, EN13, EN15, N14, FNN13, RNN14, SN15, HNN13, HNN15, FNN15, FN15, HN14, SN13, HN12, FN13, EN14<\/li>\n<li>Nissan Rasheen, RKNB14, RFNB14, RHNB14<\/li>\n<li>Nissan Safari, WRGY61, WGY61, WGY60, WYY61, WYY60, VRGY61, WRGY60, WFGY61, FGY60, WTY61, WRY60, VRGY60, VRY60<\/li>\n<li>Nissan Serena, TC24, VC24, RC24, TNC24, VNC24, PC24, PNC24<\/li>\n<li>Nissan Silvia, JS12, S14, S15, S12, CS14, US12<\/li>\n<li>Nissan Skyline, VSJR30, HCR32, VPJR30, HR31, ECR33, ER32, BCNR33, HNR32, ECR32, BNR32, FJR31, HR32, DR30, WFJR31, PJR30, ER33, WHJR31, ENR33, FJR30, HR33, UJR30, ER30, YHR32, SR31, FR32, HR30<\/li>\n<li>Nissan Stagea, WHC34, WGNC34, WGC34<\/li>\n<li>Nissan Stanza, T11, PT11, PT12, T12<\/li>\n<li>Nissan Sunny California, WFY10, WFNY10, WEY10, WFGY10, WHNY10, WHY10<\/li>\n<li>Nissan Sunny, WHNB12, B15, B11, HB11, WFB12, FNB12, FB14, SNB14, HNB12, SB14, B14, Y10, HB14, SB11, EB14, HNB13, FNB13, SB15, FB15, WHB12, B13, N13, QB15, WSB11, HB13, FB12, FNB14, JB15, EB13, WHB11, WB11, SB12, B12, N14, HB12, WSB12, FB13, FNB15, SNB13, EB12, JB14, WFNB12, SB13<\/li>\n<li>Nissan TR-X, PF30<\/li>\n<li>Nissan Teana, PJ31, J31, TNJ31<\/li>\n<li>Nissan Terrano<\/li>\n<li>Nissan Tino, V10, V10M, HV10<\/li>\n<li>Nissan Urvan, E24<\/li>\n<li>Nissan Vanette Truck, PJC22, RJNC22, FJNC22, UJC22<\/li>\n<li>Nissan Vanette, KUJNC22, VUJC22, KUJC22, VJC22, KMJNC22, KPJC22, VUJNC22, VUJNBC22, KMC22, VPJC22, KUC22, KPC22<\/li>\n<li>Nissan Violet, T11, PT11<\/li>\n<li>Nissan Wingroad, WFY10, VGY11, VY11, WHY10, WFNY10, WHNY10, WEY10, VFY11, WFY11, WHNY11, VHNY11, WPY11, VENY11, WHY11, WFGY10, WRY11, VEY11<\/li>\n<\/ul>\n<p><\/p>","protected":false},"excerpt":{"rendered":"<p><b>OEM:<\/b> 63844-01A00, 6384401A00, MNA01-56145, MNA0156145, NA01-56145, NA0156145<\/p>\n<p><b>Dimensiune F:<\/b> 9<br \/><b>Dimensiune H:<\/b> 26<br \/><b>Dimensiune T:<\/b> 18<\/p>\n","protected":false},"featured_media":6579,"template":"","meta":[],"product_cat":[25,90],"product_tag":[],"bundled_by":[],"bundle_stock_status":"instock","bundle_stock_quantity":null,"bundle_virtual":false,"bundle_layout":"","bundle_add_to_cart_form_location":"","bundle_editable_in_cart":false,"bundle_sold_individually_context":"","bundle_item_grouping":"","bundle_min_size":"","bundle_max_size":"","bundled_items":[],"yoast_head":"<!-- This site is optimized with the Yoast SEO Premium plugin v16.6 (Yoast SEO v20.1) - https:\/\/yoast.com\/wordpress\/plugins\/seo\/ -->\n<title>C0109 - Autoclipsuri, Cu un ac filetat - atg.md<\/title>\n<meta name=\"robots\" content=\"index, follow, max-snippet:-1, max-image-preview:large, max-video-preview:-1\" \/>\n<link rel=\"canonical\" href=\"https:\/\/atg.md\/ro\/catalog\/autoclipsuri\/s-rezbovym-shtyrkom\/c0109\/\" \/>\n<meta property=\"og:locale\" content=\"ro_RO\" \/>\n<meta property=\"og:type\" content=\"article\" \/>\n<meta property=\"og:title\" content=\"C0109 - Autoclipsuri, Cu un ac filetat - atg.md\" \/>\n<meta property=\"og:description\" content=\"OEM: 63844-01A00, 6384401A00, MNA01-56145, MNA0156145, NA01-56145, NA0156145Dimensiune F: 9Dimensiune H: 26Dimensiune T: 18\" \/>\n<meta property=\"og:url\" content=\"https:\/\/atg.md\/ro\/wp-json\/wp\/v2\/product\/6578\" \/>\n<meta property=\"og:site_name\" content=\"atg.md\" \/>\n<meta property=\"article:modified_time\" content=\"2024-07-05T07:01:11+00:00\" \/>\n<meta property=\"og:image\" content=\"https:\/\/atg.md\/wp-content\/uploads\/2021\/03\/c0109.jpg\" \/>\n\t<meta property=\"og:image:width\" content=\"600\" \/>\n\t<meta property=\"og:image:height\" content=\"600\" \/>\n\t<meta property=\"og:image:type\" content=\"image\/jpeg\" \/>\n<meta name=\"twitter:card\" content=\"summary_large_image\" \/>\n<meta name=\"twitter:label1\" content=\"Pre\u021b\" \/>\n\t<meta name=\"twitter:data1\" content=\"6.00&nbsp;MDL\" \/>\n\t<meta name=\"twitter:label2\" content=\"Availability\" \/>\n\t<meta name=\"twitter:data2\" content=\"In stock\" \/>\n<script type=\"application\/ld+json\" class=\"yoast-schema-graph\">{\"@context\":\"https:\/\/schema.org\",\"@graph\":[{\"@type\":\"WebPage\",\"@id\":\"https:\/\/atg.md\/ro\/catalog\/autoclipsuri\/s-rezbovym-shtyrkom\/c0109\/\",\"url\":\"https:\/\/atg.md\/ro\/catalog\/autoclipsuri\/s-rezbovym-shtyrkom\/c0109\/\",\"name\":\"C0109 - Autoclipsuri, Cu un ac filetat - atg.md\",\"isPartOf\":{\"@id\":\"https:\/\/atg.md\/ro\/#website\"},\"datePublished\":\"2021-03-30T09:05:25+00:00\",\"dateModified\":\"2024-07-05T07:01:11+00:00\",\"breadcrumb\":{\"@id\":\"https:\/\/atg.md\/ro\/catalog\/autoclipsuri\/s-rezbovym-shtyrkom\/c0109\/#breadcrumb\"},\"inLanguage\":\"ro-RO\",\"potentialAction\":[{\"@type\":\"ReadAction\",\"target\":[[\"https:\/\/atg.md\/ro\/catalog\/autoclipsuri\/s-rezbovym-shtyrkom\/c0109\/\"]]}]},{\"@type\":\"BreadcrumbList\",\"@id\":\"https:\/\/atg.md\/ro\/catalog\/autoclipsuri\/s-rezbovym-shtyrkom\/c0109\/#breadcrumb\",\"itemListElement\":[{\"@type\":\"ListItem\",\"position\":1,\"name\":\"Home\",\"item\":\"https:\/\/atg.md\/ro\/\"},{\"@type\":\"ListItem\",\"position\":2,\"name\":\"\u041a\u0430\u0442\u0430\u043b\u043e\u0433\",\"item\":\"https:\/\/atg.md\/ro\/catalog\/\"},{\"@type\":\"ListItem\",\"position\":3,\"name\":\"C0109\"}]},{\"@type\":\"WebSite\",\"@id\":\"https:\/\/atg.md\/ro\/#website\",\"url\":\"https:\/\/atg.md\/ro\/\",\"name\":\"atg.md\",\"description\":\"V\u00e2nzare de izola\u021bii \u00eempotriva vibra\u021biilor pentru ma\u0219ini, izola\u021bie termic\u0103, izolare fonic\u0103 de la cei mai buni produc\u0103tori, autoclipsuri, elemente de fixare auto. Cump\u0103ra\u021bi \u00een Moldova, Chi\u0219in\u0103u\",\"publisher\":{\"@id\":\"https:\/\/atg.md\/ro\/#organization\"},\"potentialAction\":[{\"@type\":\"SearchAction\",\"target\":{\"@type\":\"EntryPoint\",\"urlTemplate\":\"https:\/\/atg.md\/ro\/?s={search_term_string}\"},\"query-input\":\"required name=search_term_string\"}],\"inLanguage\":\"ro-RO\"},{\"@type\":[\"Organization\",\"Place\",\"AutoPartsStore\"],\"@id\":\"https:\/\/atg.md\/ro\/#organization\",\"name\":\"S.C. AUTOTOM GRUP S.R.L.\",\"url\":\"https:\/\/atg.md\/ro\/\",\"logo\":{\"@type\":\"ImageObject\",\"inLanguage\":\"ro-RO\",\"@id\":\"https:\/\/atg.md\/ro\/#\/schema\/logo\/image\/\",\"url\":\"https:\/\/i2.wp.com\/atg.md\/wp-content\/uploads\/2021\/05\/atg_logo_main.png?fit=656%2C569&ssl=1\",\"contentUrl\":\"https:\/\/i2.wp.com\/atg.md\/wp-content\/uploads\/2021\/05\/atg_logo_main.png?fit=656%2C569&ssl=1\",\"width\":656,\"height\":569,\"caption\":\"S.C. AUTOTOM GRUP S.R.L.\"},\"image\":{\"@id\":\"https:\/\/atg.md\/ro\/#\/schema\/logo\/image\/\"},\"location\":{\"@id\":\"https:\/\/atg.md\/ro\/catalog\/autoclipsuri\/s-rezbovym-shtyrkom\/c0109\/#local-place\"},\"address\":{\"@id\":\"https:\/\/atg.md\/ro\/catalog\/autoclipsuri\/s-rezbovym-shtyrkom\/c0109\/#local-place-address\"},\"email\":\"atgtvv@gmail.com\",\"telephone\":\"+37369644446\",\"areaServed\":\"Moldova\"},{\"@type\":\"Place\",\"@id\":\"https:\/\/atg.md\/ro\/catalog\/autoclipsuri\/s-rezbovym-shtyrkom\/c0109\/#local-place\",\"address\":{\"@type\":\"PostalAddress\",\"@id\":\"https:\/\/atg.md\/ro\/catalog\/autoclipsuri\/s-rezbovym-shtyrkom\/c0109\/#local-place-address\",\"streetAddress\":\"str. Alba-Iulia 77\/20\",\"addressLocality\":\"Chisinau\",\"postalCode\":\"2043\",\"addressRegion\":\"mun. Chisinau\",\"addressCountry\":\"MD\"},\"geo\":{\"@type\":\"GeoCoordinates\",\"latitude\":\"47.0376\",\"longitude\":\"28.76899\"},\"openingHoursSpecification\":[{\"@type\":\"OpeningHoursSpecification\",\"dayOfWeek\":[\"Monday\",\"Tuesday\",\"Wednesday\",\"Thursday\",\"Friday\"],\"opens\":\"09:00\",\"closes\":\"18:00\"},{\"@type\":\"OpeningHoursSpecification\",\"dayOfWeek\":[\"Saturday\"],\"opens\":\"09:00\",\"closes\":\"14:00\"},{\"@type\":\"OpeningHoursSpecification\",\"dayOfWeek\":[\"Sunday\"],\"opens\":\"00:00\",\"closes\":\"00:00\"}],\"telephone\":\"+37369644446\"}]}<\/script>\n<meta name=\"geo.placename\" content=\"Chisinau\" \/>\n<meta name=\"geo.position\" content=\"47.0376;28.76899\" \/>\n<meta name=\"geo.region\" content=\"Moldova\" \/>\n<!-- \/ Yoast SEO Premium plugin. -->","yoast_head_json":{"title":"C0109 - Autoclipsuri, Cu un ac filetat - atg.md","robots":{"index":"index","follow":"follow","max-snippet":"max-snippet:-1","max-image-preview":"max-image-preview:large","max-video-preview":"max-video-preview:-1"},"canonical":"https:\/\/atg.md\/ro\/catalog\/autoclipsuri\/s-rezbovym-shtyrkom\/c0109\/","og_locale":"ro_RO","og_type":"article","og_title":"C0109 - Autoclipsuri, Cu un ac filetat - atg.md","og_description":"OEM: 63844-01A00, 6384401A00, MNA01-56145, MNA0156145, NA01-56145, NA0156145Dimensiune F: 9Dimensiune H: 26Dimensiune T: 18","og_url":"https:\/\/atg.md\/ro\/wp-json\/wp\/v2\/product\/6578","og_site_name":"atg.md","article_modified_time":"2024-07-05T07:01:11+00:00","og_image":[{"width":600,"height":600,"url":"https:\/\/atg.md\/wp-content\/uploads\/2021\/03\/c0109.jpg","type":"image\/jpeg"}],"twitter_card":"summary_large_image","twitter_misc":{"Pre\u021b":"6.00&nbsp;MDL","Availability":"In stock"},"schema":{"@context":"https:\/\/schema.org","@graph":[{"@type":"WebPage","@id":"https:\/\/atg.md\/ro\/catalog\/autoclipsuri\/s-rezbovym-shtyrkom\/c0109\/","url":"https:\/\/atg.md\/ro\/catalog\/autoclipsuri\/s-rezbovym-shtyrkom\/c0109\/","name":"C0109 - Autoclipsuri, Cu un ac filetat - atg.md","isPartOf":{"@id":"https:\/\/atg.md\/ro\/#website"},"datePublished":"2021-03-30T09:05:25+00:00","dateModified":"2024-07-05T07:01:11+00:00","breadcrumb":{"@id":"https:\/\/atg.md\/ro\/catalog\/autoclipsuri\/s-rezbovym-shtyrkom\/c0109\/#breadcrumb"},"inLanguage":"ro-RO","potentialAction":[{"@type":"ReadAction","target":[["https:\/\/atg.md\/ro\/catalog\/autoclipsuri\/s-rezbovym-shtyrkom\/c0109\/"]]}]},{"@type":"BreadcrumbList","@id":"https:\/\/atg.md\/ro\/catalog\/autoclipsuri\/s-rezbovym-shtyrkom\/c0109\/#breadcrumb","itemListElement":[{"@type":"ListItem","position":1,"name":"Home","item":"https:\/\/atg.md\/ro\/"},{"@type":"ListItem","position":2,"name":"\u041a\u0430\u0442\u0430\u043b\u043e\u0433","item":"https:\/\/atg.md\/ro\/catalog\/"},{"@type":"ListItem","position":3,"name":"C0109"}]},{"@type":"WebSite","@id":"https:\/\/atg.md\/ro\/#website","url":"https:\/\/atg.md\/ro\/","name":"atg.md","description":"V\u00e2nzare de izola\u021bii \u00eempotriva vibra\u021biilor pentru ma\u0219ini, izola\u021bie termic\u0103, izolare fonic\u0103 de la cei mai buni produc\u0103tori, autoclipsuri, elemente de fixare auto. Cump\u0103ra\u021bi \u00een Moldova, Chi\u0219in\u0103u","publisher":{"@id":"https:\/\/atg.md\/ro\/#organization"},"potentialAction":[{"@type":"SearchAction","target":{"@type":"EntryPoint","urlTemplate":"https:\/\/atg.md\/ro\/?s={search_term_string}"},"query-input":"required name=search_term_string"}],"inLanguage":"ro-RO"},{"@type":["Organization","Place","AutoPartsStore"],"@id":"https:\/\/atg.md\/ro\/#organization","name":"S.C. AUTOTOM GRUP S.R.L.","url":"https:\/\/atg.md\/ro\/","logo":{"@type":"ImageObject","inLanguage":"ro-RO","@id":"https:\/\/atg.md\/ro\/#\/schema\/logo\/image\/","url":"https:\/\/i2.wp.com\/atg.md\/wp-content\/uploads\/2021\/05\/atg_logo_main.png?fit=656%2C569&ssl=1","contentUrl":"https:\/\/i2.wp.com\/atg.md\/wp-content\/uploads\/2021\/05\/atg_logo_main.png?fit=656%2C569&ssl=1","width":656,"height":569,"caption":"S.C. AUTOTOM GRUP S.R.L."},"image":{"@id":"https:\/\/atg.md\/ro\/#\/schema\/logo\/image\/"},"location":{"@id":"https:\/\/atg.md\/ro\/catalog\/autoclipsuri\/s-rezbovym-shtyrkom\/c0109\/#local-place"},"address":{"@id":"https:\/\/atg.md\/ro\/catalog\/autoclipsuri\/s-rezbovym-shtyrkom\/c0109\/#local-place-address"},"email":"atgtvv@gmail.com","telephone":"+37369644446","areaServed":"Moldova"},{"@type":"Place","@id":"https:\/\/atg.md\/ro\/catalog\/autoclipsuri\/s-rezbovym-shtyrkom\/c0109\/#local-place","address":{"@type":"PostalAddress","@id":"https:\/\/atg.md\/ro\/catalog\/autoclipsuri\/s-rezbovym-shtyrkom\/c0109\/#local-place-address","streetAddress":"str. Alba-Iulia 77\/20","addressLocality":"Chisinau","postalCode":"2043","addressRegion":"mun. Chisinau","addressCountry":"MD"},"geo":{"@type":"GeoCoordinates","latitude":"47.0376","longitude":"28.76899"},"openingHoursSpecification":[{"@type":"OpeningHoursSpecification","dayOfWeek":["Monday","Tuesday","Wednesday","Thursday","Friday"],"opens":"09:00","closes":"18:00"},{"@type":"OpeningHoursSpecification","dayOfWeek":["Saturday"],"opens":"09:00","closes":"14:00"},{"@type":"OpeningHoursSpecification","dayOfWeek":["Sunday"],"opens":"00:00","closes":"00:00"}],"telephone":"+37369644446"}]}},"_links":{"self":[{"href":"https:\/\/atg.md\/ro\/wp-json\/wp\/v2\/product\/6578"}],"collection":[{"href":"https:\/\/atg.md\/ro\/wp-json\/wp\/v2\/product"}],"about":[{"href":"https:\/\/atg.md\/ro\/wp-json\/wp\/v2\/types\/product"}],"wp:featuredmedia":[{"embeddable":true,"href":"https:\/\/atg.md\/ro\/wp-json\/wp\/v2\/media\/6579"}],"wp:attachment":[{"href":"https:\/\/atg.md\/ro\/wp-json\/wp\/v2\/media?parent=6578"}],"wp:term":[{"taxonomy":"product_cat","embeddable":true,"href":"https:\/\/atg.md\/ro\/wp-json\/wp\/v2\/product_cat?post=6578"},{"taxonomy":"product_tag","embeddable":true,"href":"https:\/\/atg.md\/ro\/wp-json\/wp\/v2\/product_tag?post=6578"}],"curies":[{"name":"wp","href":"https:\/\/api.w.org\/{rel}","templated":true}]}}