{"id":6558,"date":"2021-03-30T09:05:13","date_gmt":"2021-03-30T09:05:13","guid":{"rendered":"http:\/\/atg.md\/product\/c0099\/"},"modified":"2024-07-05T07:01:07","modified_gmt":"2024-07-05T07:01:07","slug":"c0099","status":"publish","type":"product","link":"https:\/\/atg.md\/ro\/catalog\/autoclipsuri\/nazhimnye-zaglushki\/c0099\/","title":{"rendered":"C0099"},"content":{"rendered":"<p><strong>Modele:<\/strong><\/p>\n<ul>\n<li>Lexus GS300, UZS190, URS190, GRS191, GRS190, JZS147, GRS195, GRS196<\/li>\n<li>Lexus GS430, GRS191, UZS190, URS190, GRS190, GRS196, GRS195<\/li>\n<li>Lexus GS450h, GWS191<\/li>\n<li>Lexus GS460, GRS196, URS190, GRS191, GRS190, GRS195, UZS190<\/li>\n<li>Lexus IS F, USE20<\/li>\n<li>Lexus IS220d, ALE20, GSE20<\/li>\n<li>Lexus IS250, GSE25, ALE20, GSE20, GSE21<\/li>\n<li>Lexus IS300, GSE22<\/li>\n<li>Lexus LS400, UCF10, UCF20<\/li>\n<li>Lexus LS430, UCF30<\/li>\n<li>Lexus LS460, USF41, USF40<\/li>\n<li>Lexus LS460L, USF40, USF41<\/li>\n<li>Lexus SC300, JZZ31, UZZ30<\/li>\n<li>Lexus SC400, JZZ31, UZZ30<\/li>\n<li>Nissan Bluebird, VTJ910, WUJ910, WPJ910, VJ910, VEJ910<\/li>\n<li>Nissan Fairlady Z, HGZ31, HZ31, PZ31, PGZ31, Z31, GZ31<\/li>\n<li>Nissan Laurel, PJC31<\/li>\n<li>Nissan Leopard, GF31, UF31<\/li>\n<li>Nissan Skyline, FJR31, HR30, UJR30, PJR30, ER30, WFJR31, WHJR31, SR31, FJR30, HR31, DR30, VPJR30, VSJR30<\/li>\n<li>Toyota 4Runner, RN101, LN111, VZN130, VZN105, LN130, RN85, RN130, YN135, VZN120, VZN85, YN130, LN205, LN106, RN106, YN106, RN121, VZN95, RN80, VZN110, VZN131, RN110, RN131, RN135, LN135, KZN205, RN90, VZN90, VZN100, RN120, RN105, LN107<\/li>\n<li>Toyota Aristo, UZS143, UZS143E, JZS147E, JZS147<\/li>\n<li>Toyota Camry, SV12, SV10, SV11, CV11, CV10<\/li>\n<li>Toyota Carina E, AT190, AT191L, ST191L, AT191, CT190, AT190L, ST191, CT190L<\/li>\n<li>Toyota Carina, ST215, CT215, CT216, AT211, AT210, AT212, CT211, CT210<\/li>\n<li>Toyota Celica, ST204, AT200<\/li>\n<li>Toyota Celsior, UCF31, UCF20, UCF11, UCF30, UCF21, UCF10<\/li>\n<li>Toyota Century, GZG50<\/li>\n<li>Toyota Chaser, LX100, JZX101, JZX105, JZX100, LX90, SX100, JZX90, GX90, GX100, SX90, GX105, JZX91, JZX93<\/li>\n<li>Toyota Coaster, BB20, BB43, HZB46, BB24, HB31, HZB36, XZB59, BB30, TRB53, BB53, HDB50, XZB46, FB30, BB23, BB40, RB26, TRB40, HZB41, TRB50, BB50, HZB56, BB54, HZB50L, HZB31, BB58, BB22, BB26, HB36, RZB40, HZB40, BB32, HB32, BB55, HZB30, BB40R, RZB53, BB59, XZB53, BB42, BB21, XZB40, BZB40, HDB20, HB30, BB46, HDB51, RB20, RZB50, HZB50R, XZB50, HDB30, BZB50, RZB54, HZB50<\/li>\n<li>Toyota Corolla Ceres, AE100, AE101<\/li>\n<li>Toyota Corolla Levin, AE101, AE100<\/li>\n<li>Toyota Corolla, ZZE134, ZZE131, ZZE130, ZZE132, ZZE133<\/li>\n<li>Toyota Corona, ST195, AT211, AT210, CT195, CT211, CT210, ST215, CT216, CT215, ST190, ST210, ST191, AT190, CT190<\/li>\n<li>Toyota Cresta, JZX101, LX100, GX105, JZX100, LX90, GX100, JZX90, GX90, SX90, JZX91, JZX93, JZX105<\/li>\n<li>Toyota Crown Majesta, UZS157, UZS155, GS171, JZS151, JZS149, LS151, JZS147, UZS143, UZS147, UZS151, UZS145, GS151, JZS143, UZS141, JZS145, JZS141, GS141, LS141, JZS157, JZS171, JZS155, JZS153, JKS175, JZS175, JZS173, JZS177, UZS173, JZS179, UZS171, UZS175<\/li>\n<li>Toyota Crown, LS151H, UZS155, JZS179, LS151, JZS177, UZS151, UZS157, JZS141, JZS175W, JZS173W, GS151H, GS151, JZS145, UZS141, JZS171, GS171W, JZS143, JZS173, JZS147, UZS145, JZS149, UZS143, LS141, JZS175, UZS147, JZS157, UZS175, JZS155, GS141, JZS171W, UZS171, JKS175, UZS173, GS171, JZS153, JZS151<\/li>\n<li>Toyota Echo, SCP10, NCP10, NCP13<\/li>\n<li>Toyota Estima Emina, TCR11, TCR10, CXR10G, CXR11G, CXR11, CXR10, TCR10G, TCR11G<\/li>\n<li>Toyota Estima Lucida, TCR10G, CXR11G, TCR10, TCR11G, CXR10, CXR11, TCR11, CXR10G<\/li>\n<li>Toyota Hiace, LH184, RZH125, LH125<\/li>\n<li>Toyota Hilux, LN135, RZN200, RN80, KDN166, YN130, YN90, LN86, LN170, KZN190, LN141, LN155, LN130, YN135, RN130, YN110, YN87, LN150, RN106, LN106, LN108, RZN193, RZN168, RN110, YN86, LN90, RZN174, YN92, LN147, LN105, KDN150, LN111, LN190, LN167, RZN154, KZN205, RN135, RZN148, YN81, LN81, YN106, KDN155, YN140, RN125, RZN147, KZN165, RN90, LN145, YN80, LN107, RN105, RZN142, RZN194, LN165, LN205, VZN167, LN171, RZN173, LN192, LN140, KDN170, LN166, LN200, LN110, KDN145, RZN149, LN172, LN191, KDN190, RN85, VZN130, LN80, RZN169, LN157, RZN144, KDN165, LN91, LN152, LN85, LN146, YN85, KZN130, KDN151, VZN172<\/li>\n<li>Toyota Land Cruiser, HZJ80, FZJ80, HDJ80, FZJ80G, FZJ80J, FJ80G, FJ80<\/li>\n<li>Toyota Lite Ace Noah, KR42, KR41, SR40, CR40G, CR41, SR40G, CR42, CR40<\/li>\n<li>Toyota Lite Ace, CR41, CR41V, KR42V, SR40, KR42<\/li>\n<li>Toyota MR-S, ZZW30<\/li>\n<li>Toyota MR2, ZZW30, SW20, SW20L, SW21<\/li>\n<li>Toyota Mark II Wagon Blit, GX110, JZX115W, JZX110, GX110W, GX115W, JZX115, JZX110W, GX115<\/li>\n<li>Toyota Mark II, GX105, JZX100, JZX101, LX100, LX90, LX90Y, JZX90E, GX90, SX90, JZX90, GX100, JZX93, JZX105, JZX91, JZX91E<\/li>\n<li>Toyota Matrix, ZZE134, ZZE132, ZZE133, ZZE131, ZZE130<\/li>\n<li>Toyota Origin, JCG17<\/li>\n<li>Toyota Prius, NHW20<\/li>\n<li>Toyota Progres, JCG11, JCG10, JCG15<\/li>\n<li>Toyota Regius Ace, RZH122, RZH124, LH120, RZH125, LH186, LH184, LH125, TRH124<\/li>\n<li>Toyota Soarer, UZZ32, JZZ30, UZZ30, UZZ31, JZZ31<\/li>\n<li>Toyota Sprinter Marino, AE100, AE101<\/li>\n<li>Toyota Sprinter Trueno, AE100, AE101<\/li>\n<li>Toyota Supra, JZA80<\/li>\n<li>Toyota T100, VCK20, RCK10, VCK21, VCK11, VCK10<\/li>\n<li>Toyota Town Ace Noah, CR42, KR41, KR42, CR40G, CR40, CR41, SR40G, SR40<\/li>\n<li>Toyota Town Ace, CR41V, CR41, KR42V, KR42, SR40<\/li>\n<li>Toyota ToyoAce, LY201, LY202, RY20, RY21, BY30, BY31, LY212, LY211, JY30, LY21, LY20<\/li>\n<li>Toyota Verossa, JZX110, GX110, GX115<\/li>\n<li>Toyota Vista, CV11, CV10, SV10, SV11, SV12<\/li>\n<li>Toyota Vitz, NCP10, SCP13, NCP13, SCP10<\/li>\n<li>Toyota Yaris, NCP10, NLP10, SCP10, NCP13, NCP131<\/li>\n<li>Toyota bB, NCP30, NCP31, NCP35, NCP34<\/li>\n<\/ul>\n<p><\/p>","protected":false},"excerpt":{"rendered":"<p><b>OEM:<\/b> 01553-00202, 0155300202, 90467-A90090467A9001<\/p>\n<p><b>Dimensiune F:<\/b> 10<br \/><b>Dimensiune H:<\/b> 15<br \/><b>Dimensiune T:<\/b> 18<\/p>\n","protected":false},"featured_media":6559,"template":"","meta":[],"product_cat":[25,53],"product_tag":[],"bundled_by":[],"bundle_stock_status":"instock","bundle_stock_quantity":null,"bundle_virtual":false,"bundle_layout":"","bundle_add_to_cart_form_location":"","bundle_editable_in_cart":false,"bundle_sold_individually_context":"","bundle_item_grouping":"","bundle_min_size":"","bundle_max_size":"","bundled_items":[],"yoast_head":"<!-- This site is optimized with the Yoast SEO Premium plugin v16.6 (Yoast SEO v20.1) - https:\/\/yoast.com\/wordpress\/plugins\/seo\/ -->\n<title>C0099 - Autoclipsuri, Dopuri de presiune - atg.md<\/title>\n<meta name=\"robots\" content=\"index, follow, max-snippet:-1, max-image-preview:large, max-video-preview:-1\" \/>\n<link rel=\"canonical\" href=\"https:\/\/atg.md\/ro\/catalog\/autoclipsuri\/nazhimnye-zaglushki\/c0099\/\" \/>\n<meta property=\"og:locale\" content=\"ro_RO\" \/>\n<meta property=\"og:type\" content=\"article\" \/>\n<meta property=\"og:title\" content=\"C0099 - Autoclipsuri, Dopuri de presiune - atg.md\" \/>\n<meta property=\"og:description\" content=\"OEM: 01553-00202, 0155300202, 90467-A90090467A9001Dimensiune F: 10Dimensiune H: 15Dimensiune T: 18\" \/>\n<meta property=\"og:url\" content=\"https:\/\/atg.md\/ro\/wp-json\/wp\/v2\/product\/6558\" \/>\n<meta property=\"og:site_name\" content=\"atg.md\" \/>\n<meta property=\"article:modified_time\" content=\"2024-07-05T07:01:07+00:00\" \/>\n<meta property=\"og:image\" content=\"https:\/\/atg.md\/wp-content\/uploads\/2021\/03\/c0099.jpg\" \/>\n\t<meta property=\"og:image:width\" content=\"600\" \/>\n\t<meta property=\"og:image:height\" content=\"600\" \/>\n\t<meta property=\"og:image:type\" content=\"image\/jpeg\" \/>\n<meta name=\"twitter:card\" content=\"summary_large_image\" \/>\n<meta name=\"twitter:label1\" content=\"Pre\u021b\" \/>\n\t<meta name=\"twitter:data1\" content=\"5.00&nbsp;MDL\" \/>\n\t<meta name=\"twitter:label2\" content=\"Availability\" \/>\n\t<meta name=\"twitter:data2\" content=\"In stock\" \/>\n<script type=\"application\/ld+json\" class=\"yoast-schema-graph\">{\"@context\":\"https:\/\/schema.org\",\"@graph\":[{\"@type\":\"WebPage\",\"@id\":\"https:\/\/atg.md\/ro\/catalog\/autoclipsuri\/nazhimnye-zaglushki\/c0099\/\",\"url\":\"https:\/\/atg.md\/ro\/catalog\/autoclipsuri\/nazhimnye-zaglushki\/c0099\/\",\"name\":\"C0099 - Autoclipsuri, Dopuri de presiune - atg.md\",\"isPartOf\":{\"@id\":\"https:\/\/atg.md\/ro\/#website\"},\"datePublished\":\"2021-03-30T09:05:13+00:00\",\"dateModified\":\"2024-07-05T07:01:07+00:00\",\"breadcrumb\":{\"@id\":\"https:\/\/atg.md\/ro\/catalog\/autoclipsuri\/nazhimnye-zaglushki\/c0099\/#breadcrumb\"},\"inLanguage\":\"ro-RO\",\"potentialAction\":[{\"@type\":\"ReadAction\",\"target\":[[\"https:\/\/atg.md\/ro\/catalog\/autoclipsuri\/nazhimnye-zaglushki\/c0099\/\"]]}]},{\"@type\":\"BreadcrumbList\",\"@id\":\"https:\/\/atg.md\/ro\/catalog\/autoclipsuri\/nazhimnye-zaglushki\/c0099\/#breadcrumb\",\"itemListElement\":[{\"@type\":\"ListItem\",\"position\":1,\"name\":\"Home\",\"item\":\"https:\/\/atg.md\/ro\/\"},{\"@type\":\"ListItem\",\"position\":2,\"name\":\"\u041a\u0430\u0442\u0430\u043b\u043e\u0433\",\"item\":\"https:\/\/atg.md\/ro\/catalog\/\"},{\"@type\":\"ListItem\",\"position\":3,\"name\":\"C0099\"}]},{\"@type\":\"WebSite\",\"@id\":\"https:\/\/atg.md\/ro\/#website\",\"url\":\"https:\/\/atg.md\/ro\/\",\"name\":\"atg.md\",\"description\":\"V\u00e2nzare de izola\u021bii \u00eempotriva vibra\u021biilor pentru ma\u0219ini, izola\u021bie termic\u0103, izolare fonic\u0103 de la cei mai buni produc\u0103tori, autoclipsuri, elemente de fixare auto. Cump\u0103ra\u021bi \u00een Moldova, Chi\u0219in\u0103u\",\"publisher\":{\"@id\":\"https:\/\/atg.md\/ro\/#organization\"},\"potentialAction\":[{\"@type\":\"SearchAction\",\"target\":{\"@type\":\"EntryPoint\",\"urlTemplate\":\"https:\/\/atg.md\/ro\/?s={search_term_string}\"},\"query-input\":\"required name=search_term_string\"}],\"inLanguage\":\"ro-RO\"},{\"@type\":[\"Organization\",\"Place\",\"AutoPartsStore\"],\"@id\":\"https:\/\/atg.md\/ro\/#organization\",\"name\":\"S.C. AUTOTOM GRUP S.R.L.\",\"url\":\"https:\/\/atg.md\/ro\/\",\"logo\":{\"@type\":\"ImageObject\",\"inLanguage\":\"ro-RO\",\"@id\":\"https:\/\/atg.md\/ro\/#\/schema\/logo\/image\/\",\"url\":\"https:\/\/i2.wp.com\/atg.md\/wp-content\/uploads\/2021\/05\/atg_logo_main.png?fit=656%2C569&ssl=1\",\"contentUrl\":\"https:\/\/i2.wp.com\/atg.md\/wp-content\/uploads\/2021\/05\/atg_logo_main.png?fit=656%2C569&ssl=1\",\"width\":656,\"height\":569,\"caption\":\"S.C. AUTOTOM GRUP S.R.L.\"},\"image\":{\"@id\":\"https:\/\/atg.md\/ro\/#\/schema\/logo\/image\/\"},\"location\":{\"@id\":\"https:\/\/atg.md\/ro\/catalog\/autoclipsuri\/nazhimnye-zaglushki\/c0099\/#local-place\"},\"address\":{\"@id\":\"https:\/\/atg.md\/ro\/catalog\/autoclipsuri\/nazhimnye-zaglushki\/c0099\/#local-place-address\"},\"email\":\"atgtvv@gmail.com\",\"telephone\":\"+37369644446\",\"areaServed\":\"Moldova\"},{\"@type\":\"Place\",\"@id\":\"https:\/\/atg.md\/ro\/catalog\/autoclipsuri\/nazhimnye-zaglushki\/c0099\/#local-place\",\"address\":{\"@type\":\"PostalAddress\",\"@id\":\"https:\/\/atg.md\/ro\/catalog\/autoclipsuri\/nazhimnye-zaglushki\/c0099\/#local-place-address\",\"streetAddress\":\"str. Alba-Iulia 77\/20\",\"addressLocality\":\"Chisinau\",\"postalCode\":\"2043\",\"addressRegion\":\"mun. Chisinau\",\"addressCountry\":\"MD\"},\"geo\":{\"@type\":\"GeoCoordinates\",\"latitude\":\"47.0376\",\"longitude\":\"28.76899\"},\"openingHoursSpecification\":[{\"@type\":\"OpeningHoursSpecification\",\"dayOfWeek\":[\"Monday\",\"Tuesday\",\"Wednesday\",\"Thursday\",\"Friday\"],\"opens\":\"09:00\",\"closes\":\"18:00\"},{\"@type\":\"OpeningHoursSpecification\",\"dayOfWeek\":[\"Saturday\"],\"opens\":\"09:00\",\"closes\":\"14:00\"},{\"@type\":\"OpeningHoursSpecification\",\"dayOfWeek\":[\"Sunday\"],\"opens\":\"00:00\",\"closes\":\"00:00\"}],\"telephone\":\"+37369644446\"}]}<\/script>\n<meta name=\"geo.placename\" content=\"Chisinau\" \/>\n<meta name=\"geo.position\" content=\"47.0376;28.76899\" \/>\n<meta name=\"geo.region\" content=\"Moldova\" \/>\n<!-- \/ Yoast SEO Premium plugin. -->","yoast_head_json":{"title":"C0099 - Autoclipsuri, Dopuri de presiune - atg.md","robots":{"index":"index","follow":"follow","max-snippet":"max-snippet:-1","max-image-preview":"max-image-preview:large","max-video-preview":"max-video-preview:-1"},"canonical":"https:\/\/atg.md\/ro\/catalog\/autoclipsuri\/nazhimnye-zaglushki\/c0099\/","og_locale":"ro_RO","og_type":"article","og_title":"C0099 - Autoclipsuri, Dopuri de presiune - atg.md","og_description":"OEM: 01553-00202, 0155300202, 90467-A90090467A9001Dimensiune F: 10Dimensiune H: 15Dimensiune T: 18","og_url":"https:\/\/atg.md\/ro\/wp-json\/wp\/v2\/product\/6558","og_site_name":"atg.md","article_modified_time":"2024-07-05T07:01:07+00:00","og_image":[{"width":600,"height":600,"url":"https:\/\/atg.md\/wp-content\/uploads\/2021\/03\/c0099.jpg","type":"image\/jpeg"}],"twitter_card":"summary_large_image","twitter_misc":{"Pre\u021b":"5.00&nbsp;MDL","Availability":"In stock"},"schema":{"@context":"https:\/\/schema.org","@graph":[{"@type":"WebPage","@id":"https:\/\/atg.md\/ro\/catalog\/autoclipsuri\/nazhimnye-zaglushki\/c0099\/","url":"https:\/\/atg.md\/ro\/catalog\/autoclipsuri\/nazhimnye-zaglushki\/c0099\/","name":"C0099 - Autoclipsuri, Dopuri de presiune - atg.md","isPartOf":{"@id":"https:\/\/atg.md\/ro\/#website"},"datePublished":"2021-03-30T09:05:13+00:00","dateModified":"2024-07-05T07:01:07+00:00","breadcrumb":{"@id":"https:\/\/atg.md\/ro\/catalog\/autoclipsuri\/nazhimnye-zaglushki\/c0099\/#breadcrumb"},"inLanguage":"ro-RO","potentialAction":[{"@type":"ReadAction","target":[["https:\/\/atg.md\/ro\/catalog\/autoclipsuri\/nazhimnye-zaglushki\/c0099\/"]]}]},{"@type":"BreadcrumbList","@id":"https:\/\/atg.md\/ro\/catalog\/autoclipsuri\/nazhimnye-zaglushki\/c0099\/#breadcrumb","itemListElement":[{"@type":"ListItem","position":1,"name":"Home","item":"https:\/\/atg.md\/ro\/"},{"@type":"ListItem","position":2,"name":"\u041a\u0430\u0442\u0430\u043b\u043e\u0433","item":"https:\/\/atg.md\/ro\/catalog\/"},{"@type":"ListItem","position":3,"name":"C0099"}]},{"@type":"WebSite","@id":"https:\/\/atg.md\/ro\/#website","url":"https:\/\/atg.md\/ro\/","name":"atg.md","description":"V\u00e2nzare de izola\u021bii \u00eempotriva vibra\u021biilor pentru ma\u0219ini, izola\u021bie termic\u0103, izolare fonic\u0103 de la cei mai buni produc\u0103tori, autoclipsuri, elemente de fixare auto. Cump\u0103ra\u021bi \u00een Moldova, Chi\u0219in\u0103u","publisher":{"@id":"https:\/\/atg.md\/ro\/#organization"},"potentialAction":[{"@type":"SearchAction","target":{"@type":"EntryPoint","urlTemplate":"https:\/\/atg.md\/ro\/?s={search_term_string}"},"query-input":"required name=search_term_string"}],"inLanguage":"ro-RO"},{"@type":["Organization","Place","AutoPartsStore"],"@id":"https:\/\/atg.md\/ro\/#organization","name":"S.C. AUTOTOM GRUP S.R.L.","url":"https:\/\/atg.md\/ro\/","logo":{"@type":"ImageObject","inLanguage":"ro-RO","@id":"https:\/\/atg.md\/ro\/#\/schema\/logo\/image\/","url":"https:\/\/i2.wp.com\/atg.md\/wp-content\/uploads\/2021\/05\/atg_logo_main.png?fit=656%2C569&ssl=1","contentUrl":"https:\/\/i2.wp.com\/atg.md\/wp-content\/uploads\/2021\/05\/atg_logo_main.png?fit=656%2C569&ssl=1","width":656,"height":569,"caption":"S.C. AUTOTOM GRUP S.R.L."},"image":{"@id":"https:\/\/atg.md\/ro\/#\/schema\/logo\/image\/"},"location":{"@id":"https:\/\/atg.md\/ro\/catalog\/autoclipsuri\/nazhimnye-zaglushki\/c0099\/#local-place"},"address":{"@id":"https:\/\/atg.md\/ro\/catalog\/autoclipsuri\/nazhimnye-zaglushki\/c0099\/#local-place-address"},"email":"atgtvv@gmail.com","telephone":"+37369644446","areaServed":"Moldova"},{"@type":"Place","@id":"https:\/\/atg.md\/ro\/catalog\/autoclipsuri\/nazhimnye-zaglushki\/c0099\/#local-place","address":{"@type":"PostalAddress","@id":"https:\/\/atg.md\/ro\/catalog\/autoclipsuri\/nazhimnye-zaglushki\/c0099\/#local-place-address","streetAddress":"str. Alba-Iulia 77\/20","addressLocality":"Chisinau","postalCode":"2043","addressRegion":"mun. Chisinau","addressCountry":"MD"},"geo":{"@type":"GeoCoordinates","latitude":"47.0376","longitude":"28.76899"},"openingHoursSpecification":[{"@type":"OpeningHoursSpecification","dayOfWeek":["Monday","Tuesday","Wednesday","Thursday","Friday"],"opens":"09:00","closes":"18:00"},{"@type":"OpeningHoursSpecification","dayOfWeek":["Saturday"],"opens":"09:00","closes":"14:00"},{"@type":"OpeningHoursSpecification","dayOfWeek":["Sunday"],"opens":"00:00","closes":"00:00"}],"telephone":"+37369644446"}]}},"_links":{"self":[{"href":"https:\/\/atg.md\/ro\/wp-json\/wp\/v2\/product\/6558"}],"collection":[{"href":"https:\/\/atg.md\/ro\/wp-json\/wp\/v2\/product"}],"about":[{"href":"https:\/\/atg.md\/ro\/wp-json\/wp\/v2\/types\/product"}],"wp:featuredmedia":[{"embeddable":true,"href":"https:\/\/atg.md\/ro\/wp-json\/wp\/v2\/media\/6559"}],"wp:attachment":[{"href":"https:\/\/atg.md\/ro\/wp-json\/wp\/v2\/media?parent=6558"}],"wp:term":[{"taxonomy":"product_cat","embeddable":true,"href":"https:\/\/atg.md\/ro\/wp-json\/wp\/v2\/product_cat?post=6558"},{"taxonomy":"product_tag","embeddable":true,"href":"https:\/\/atg.md\/ro\/wp-json\/wp\/v2\/product_tag?post=6558"}],"curies":[{"name":"wp","href":"https:\/\/api.w.org\/{rel}","templated":true}]}}