{"id":6554,"date":"2021-03-30T09:05:13","date_gmt":"2021-03-30T09:05:13","guid":{"rendered":"http:\/\/atg.md\/product\/c0097\/"},"modified":"2024-07-05T07:01:07","modified_gmt":"2024-07-05T07:01:07","slug":"c0097","status":"publish","type":"product","link":"https:\/\/atg.md\/ro\/catalog\/autoclipsuri\/s-nazhimnym-shtyrkom-v-potaj\/c0097\/","title":{"rendered":"C0097"},"content":{"rendered":"<p><strong>Modele:<\/strong><\/p>\n<ul>\n<li>Lexus ES300, VCV10, MCV10, MCV20, MCV30, MCV31<\/li>\n<li>Lexus ES330, MCV30, MCV31<\/li>\n<li>Lexus ES350, GSV40<\/li>\n<li>Lexus GS450h, GWS191<\/li>\n<li>Lexus GX470, UZJ120<\/li>\n<li>Lexus IS F, USE20<\/li>\n<li>Lexus IS200, JCE10, GXE10<\/li>\n<li>Lexus IS220d, ALE20, GSE20<\/li>\n<li>Lexus IS250, GSE25, GSE20, GSE21, ALE20<\/li>\n<li>Lexus IS300, GXE10, GSE22, JCE10<\/li>\n<li>Lexus LS600h, UVF45, UVF46<\/li>\n<li>Lexus LS600hL, UVF46, UVF45<\/li>\n<li>Lexus LX570, URJ201W, URJ201<\/li>\n<li>Lexus RX300, GSU35, MCU15, MCU38, MCU35, MCU10<\/li>\n<li>Lexus RX330, MCU38, MCU35, GSU30, GSU35, MCU33<\/li>\n<li>Lexus RX400h, MHU33, MHU38<\/li>\n<li>Lexus SC430, UZZ40<\/li>\n<li>Toyota Aurion, ACV40, GSV40<\/li>\n<li>Toyota Avalon, MCX10, GSX30<\/li>\n<li>Toyota Brevis, JCG10, JCG15, JCG11<\/li>\n<li>Toyota Camry Gracia, SXV25W, SXV20W, MCV25W, SXV25, SXV20, MCV21W, MCV21, MCV25<\/li>\n<li>Toyota Camry, CV30, ACV45, GSV40, SV35, SXV11, VZV30, AHV40, SV33, VZV32, SXV23, ACV40, VCV10, SXV10, VZV31, MCV10, SV30, SV32, VZV33, MCV20, SXV20<\/li>\n<li>Toyota Carina E, AT191L, CT190, AT190, AT191, ST191L, CT190L, AT190L, ST191<\/li>\n<li>Toyota Carina, AT190, ST190, AT192, AT191, CT190, ST195, CT195<\/li>\n<li>Toyota Celica, ZZT230, ZZT231<\/li>\n<li>Toyota Century, GZG50<\/li>\n<li>Toyota Chaser, JZX90, SX90, LX90<\/li>\n<li>Toyota Comfort, YXS10, LXS10, LXS12<\/li>\n<li>Toyota Corona, ST195, AT190, ST190, ST191, CT190, CT195<\/li>\n<li>Toyota Cresta, JZX90, LX90, SX90<\/li>\n<li>Toyota Crown Majesta, UZS141, GS151, UZS143, JZS151, JZS157, UZS151, JZS155, JZS153, UZS157, UZS155, GS171, LS151, JZS147, JZS141, JZS143, JZS145, UZS171, JKS175, JZS175, JZS149, UZS147, JZS177, UZS145, UZS173, UZS175, LS141, JZS179, GS141, JZS173, JZS171<\/li>\n<li>Toyota Crown, TSS10, UZS175, UZS171, JZS155, JZS151, GS130W, JZS145, UZS143, UZS147, LS136, GXS10, JZS149, GS130, JZS175W, JZS141, YS132, LS130, LS151H, TSS11, GXS12, GS136, GS131H, YXS10H, UZS157, YXS11, JZS177, JZS173, JZS131, JZS135, GS151H, LS141, JKS175, GS171, SXS11, GS130G, GBS12, LS131, GS141, JZS157, UZS173, YXS10, TSS10H, LS130G, JZS130G, JZS130, JZS153, GS151, JZS147, UZS141, UZS145, JZS171W, LS151, JZS143, YS130, TSS13, LS130W, UZS151, JZS179, UZS155, JZS175, JZS133, GS171W, JZS171, JZS173W, SXS13, LXS11, GS131, LS131H<\/li>\n<li>Toyota Cynos, EL44, EL52C, EL54, EL52, EL54C<\/li>\n<li>Toyota Dyna, XZC675, XZU710, XZC600, XZU630, XZU605, XKU600, XZU695, TRU600, XZU655, XKC655, XKU650, XZU640, XKU640, XKU720, XZU720, XZC710, XKU605, XZC630, XZC605, XZU650, XKU710, XZU600, XZU730, XZU675, XKU655, TRC600, XZC655, XZU700, XKU700, BZU600, XZU775, XZC610, XZU620, XZU610, XZC645, XKC645, XZU645, XKC605, XKU645, XZU685<\/li>\n<li>Toyota Estima, AHR10W, AHR10<\/li>\n<li>Toyota FJ Cruiser, GSJ15, GSJ10W, GSJ10, GSJ15W<\/li>\n<li>Toyota Harrier, GSU36, MHU38W, ACU15W, MHU38, ACU10, MCU30W, ACU35, MCU15, MCU36, MCU30, SXU10, GSU31, GSU31W, GSU35W, MCU10W, GSU35, SXU10W, MCU15W, SXU15W, ACU35W, GSU36W, SXU15, GSU30W, MCU36W, MCU10, ACU30W, ACU30, ACU15, MCU35, MCU31, MCU35W, ACU10W, GSU30, MCU31W<\/li>\n<li>Toyota Highlander, MHU28, ACU20, MCU23, MCU20L, MCU25, MCU23L, MCU25L, MCU28L, ACU25, MCU28, ACU25L, ACU20L, MCU20, MHU23<\/li>\n<li>Toyota Kluger V, ACU25, ACU25W, MCU25W, MCU20, ACU20, MHU28, MCU25, MHU28W, MCU28, MCU20W, ACU20W<\/li>\n<li>Toyota Land Cruiser, GRJ200, UZJ200W, UZJ200, URJ200, URJ202, VDJ200, URJ202W<\/li>\n<li>Toyota Mark II Wagon Blit, GX110, JZX110W, GX115W, JZX110, GX115, JZX115, GX110W, JZX115W<\/li>\n<li>Toyota Mark II Wagon Qualis, MCV21W, SXV20, MCV25W, SXV25, MCV21, MCV20, SXV20W, MCV25, SXV25W, MCV20W<\/li>\n<li>Toyota Origin, JCG17<\/li>\n<li>Toyota Paseo, EL44, EL54<\/li>\n<li>Toyota Prius, NHW20, NHW11, NHW10<\/li>\n<li>Toyota RAV4, BEA11<\/li>\n<li>Toyota Raum, EXZ10<\/li>\n<li>Toyota Sai, AZK10<\/li>\n<li>Toyota Scepter, SXV15, VCV10, VCV15, VCV15W, SXV10, SXV15W<\/li>\n<li>Toyota Sequoia, UCK65, UCK65L, UCK60L, USK60, UCK60, USK65<\/li>\n<li>Toyota Soarer, UZZ40<\/li>\n<li>Toyota ToyoAce, XZU685, XZU775, XKU640, XZU620, XZC655, XZU695, XKU655, XZC710, XZU710, TRC600, XZC600, XKU600, TRU600, XZC630, XZU655, XZU630, XKU720, XZU720, XZU640, XZC610, BZU600, XKC655, XZU605, XZU600, XZU730, XZU675, XKU710, XZU650, XZC675, XKU605, XZC645, XKU650, XZC605, XKC605, XZU645, XKU645, XKC645, XZU610, XZU700, XKU700<\/li>\n<li>Toyota Verossa, GX110, JZX110, GX115<\/li>\n<li>Toyota Vista, VZV33, SV32, SV33, SV35, SV30, VZV30, VZV31, VZV32, CV30<\/li>\n<li>Toyota WiLL VS, ZZE129, ZZE128, NZE127, ZZE127<\/li>\n<li>Toyota Windom, MCV30, MCV21, MCV20, VCV10<\/li>\n<\/ul>\n<p><\/p>","protected":false},"excerpt":{"rendered":"<p><b>OEM:<\/b> 90467-07117, 9046707117<\/p>\n<p><b>Dimensiune F:<\/b> 7<br \/><b>Dimensiune H:<\/b> 10<br \/><b>Dimensiune T:<\/b> 17<\/p>\n","protected":false},"featured_media":6555,"template":"","meta":[],"product_cat":[25,92],"product_tag":[],"bundled_by":[],"bundle_stock_status":"instock","bundle_stock_quantity":null,"bundle_virtual":false,"bundle_layout":"","bundle_add_to_cart_form_location":"","bundle_editable_in_cart":false,"bundle_sold_individually_context":"","bundle_item_grouping":"","bundle_min_size":"","bundle_max_size":"","bundled_items":[],"yoast_head":"<!-- This site is optimized with the Yoast SEO Premium plugin v16.6 (Yoast SEO v20.1) - https:\/\/yoast.com\/wordpress\/plugins\/seo\/ -->\n<title>C0097 - Autoclipsuri, Cu un ac de \u00eempingere pe b\u0103t\u0103tur\u0103 - atg.md<\/title>\n<meta name=\"robots\" content=\"index, follow, max-snippet:-1, max-image-preview:large, max-video-preview:-1\" \/>\n<link rel=\"canonical\" href=\"https:\/\/atg.md\/ro\/catalog\/autoclipsuri\/s-nazhimnym-shtyrkom-v-potaj\/c0097\/\" \/>\n<meta property=\"og:locale\" content=\"ro_RO\" \/>\n<meta property=\"og:type\" content=\"article\" \/>\n<meta property=\"og:title\" content=\"C0097 - Autoclipsuri, Cu un ac de \u00eempingere pe b\u0103t\u0103tur\u0103 - atg.md\" \/>\n<meta property=\"og:description\" content=\"OEM: 90467-07117, 9046707117Dimensiune F: 7Dimensiune H: 10Dimensiune T: 17\" \/>\n<meta property=\"og:url\" content=\"https:\/\/atg.md\/ro\/wp-json\/wp\/v2\/product\/6554\" \/>\n<meta property=\"og:site_name\" content=\"atg.md\" \/>\n<meta property=\"article:modified_time\" content=\"2024-07-05T07:01:07+00:00\" \/>\n<meta property=\"og:image\" content=\"https:\/\/atg.md\/wp-content\/uploads\/2021\/03\/c0097.jpg\" \/>\n\t<meta property=\"og:image:width\" content=\"600\" \/>\n\t<meta property=\"og:image:height\" content=\"600\" \/>\n\t<meta property=\"og:image:type\" content=\"image\/jpeg\" \/>\n<meta name=\"twitter:card\" content=\"summary_large_image\" \/>\n<meta name=\"twitter:label1\" content=\"Pre\u021b\" \/>\n\t<meta name=\"twitter:data1\" content=\"5.00&nbsp;MDL\" \/>\n\t<meta name=\"twitter:label2\" content=\"Availability\" \/>\n\t<meta name=\"twitter:data2\" content=\"In stock\" \/>\n<script type=\"application\/ld+json\" class=\"yoast-schema-graph\">{\"@context\":\"https:\/\/schema.org\",\"@graph\":[{\"@type\":\"WebPage\",\"@id\":\"https:\/\/atg.md\/ro\/catalog\/autoclipsuri\/s-nazhimnym-shtyrkom-v-potaj\/c0097\/\",\"url\":\"https:\/\/atg.md\/ro\/catalog\/autoclipsuri\/s-nazhimnym-shtyrkom-v-potaj\/c0097\/\",\"name\":\"C0097 - Autoclipsuri, Cu un ac de \u00eempingere pe b\u0103t\u0103tur\u0103 - atg.md\",\"isPartOf\":{\"@id\":\"https:\/\/atg.md\/ro\/#website\"},\"datePublished\":\"2021-03-30T09:05:13+00:00\",\"dateModified\":\"2024-07-05T07:01:07+00:00\",\"breadcrumb\":{\"@id\":\"https:\/\/atg.md\/ro\/catalog\/autoclipsuri\/s-nazhimnym-shtyrkom-v-potaj\/c0097\/#breadcrumb\"},\"inLanguage\":\"ro-RO\",\"potentialAction\":[{\"@type\":\"ReadAction\",\"target\":[[\"https:\/\/atg.md\/ro\/catalog\/autoclipsuri\/s-nazhimnym-shtyrkom-v-potaj\/c0097\/\"]]}]},{\"@type\":\"BreadcrumbList\",\"@id\":\"https:\/\/atg.md\/ro\/catalog\/autoclipsuri\/s-nazhimnym-shtyrkom-v-potaj\/c0097\/#breadcrumb\",\"itemListElement\":[{\"@type\":\"ListItem\",\"position\":1,\"name\":\"Home\",\"item\":\"https:\/\/atg.md\/ro\/\"},{\"@type\":\"ListItem\",\"position\":2,\"name\":\"\u041a\u0430\u0442\u0430\u043b\u043e\u0433\",\"item\":\"https:\/\/atg.md\/ro\/catalog\/\"},{\"@type\":\"ListItem\",\"position\":3,\"name\":\"C0097\"}]},{\"@type\":\"WebSite\",\"@id\":\"https:\/\/atg.md\/ro\/#website\",\"url\":\"https:\/\/atg.md\/ro\/\",\"name\":\"atg.md\",\"description\":\"V\u00e2nzare de izola\u021bii \u00eempotriva vibra\u021biilor pentru ma\u0219ini, izola\u021bie termic\u0103, izolare fonic\u0103 de la cei mai buni produc\u0103tori, autoclipsuri, elemente de fixare auto. Cump\u0103ra\u021bi \u00een Moldova, Chi\u0219in\u0103u\",\"publisher\":{\"@id\":\"https:\/\/atg.md\/ro\/#organization\"},\"potentialAction\":[{\"@type\":\"SearchAction\",\"target\":{\"@type\":\"EntryPoint\",\"urlTemplate\":\"https:\/\/atg.md\/ro\/?s={search_term_string}\"},\"query-input\":\"required name=search_term_string\"}],\"inLanguage\":\"ro-RO\"},{\"@type\":[\"Organization\",\"Place\",\"AutoPartsStore\"],\"@id\":\"https:\/\/atg.md\/ro\/#organization\",\"name\":\"S.C. AUTOTOM GRUP S.R.L.\",\"url\":\"https:\/\/atg.md\/ro\/\",\"logo\":{\"@type\":\"ImageObject\",\"inLanguage\":\"ro-RO\",\"@id\":\"https:\/\/atg.md\/ro\/#\/schema\/logo\/image\/\",\"url\":\"https:\/\/i2.wp.com\/atg.md\/wp-content\/uploads\/2021\/05\/atg_logo_main.png?fit=656%2C569&ssl=1\",\"contentUrl\":\"https:\/\/i2.wp.com\/atg.md\/wp-content\/uploads\/2021\/05\/atg_logo_main.png?fit=656%2C569&ssl=1\",\"width\":656,\"height\":569,\"caption\":\"S.C. AUTOTOM GRUP S.R.L.\"},\"image\":{\"@id\":\"https:\/\/atg.md\/ro\/#\/schema\/logo\/image\/\"},\"location\":{\"@id\":\"https:\/\/atg.md\/ro\/catalog\/autoclipsuri\/s-nazhimnym-shtyrkom-v-potaj\/c0097\/#local-place\"},\"address\":{\"@id\":\"https:\/\/atg.md\/ro\/catalog\/autoclipsuri\/s-nazhimnym-shtyrkom-v-potaj\/c0097\/#local-place-address\"},\"email\":\"atgtvv@gmail.com\",\"telephone\":\"+37369644446\",\"areaServed\":\"Moldova\"},{\"@type\":\"Place\",\"@id\":\"https:\/\/atg.md\/ro\/catalog\/autoclipsuri\/s-nazhimnym-shtyrkom-v-potaj\/c0097\/#local-place\",\"address\":{\"@type\":\"PostalAddress\",\"@id\":\"https:\/\/atg.md\/ro\/catalog\/autoclipsuri\/s-nazhimnym-shtyrkom-v-potaj\/c0097\/#local-place-address\",\"streetAddress\":\"str. Alba-Iulia 77\/20\",\"addressLocality\":\"Chisinau\",\"postalCode\":\"2043\",\"addressRegion\":\"mun. Chisinau\",\"addressCountry\":\"MD\"},\"geo\":{\"@type\":\"GeoCoordinates\",\"latitude\":\"47.0376\",\"longitude\":\"28.76899\"},\"openingHoursSpecification\":[{\"@type\":\"OpeningHoursSpecification\",\"dayOfWeek\":[\"Monday\",\"Tuesday\",\"Wednesday\",\"Thursday\",\"Friday\"],\"opens\":\"09:00\",\"closes\":\"18:00\"},{\"@type\":\"OpeningHoursSpecification\",\"dayOfWeek\":[\"Saturday\"],\"opens\":\"09:00\",\"closes\":\"14:00\"},{\"@type\":\"OpeningHoursSpecification\",\"dayOfWeek\":[\"Sunday\"],\"opens\":\"00:00\",\"closes\":\"00:00\"}],\"telephone\":\"+37369644446\"}]}<\/script>\n<meta name=\"geo.placename\" content=\"Chisinau\" \/>\n<meta name=\"geo.position\" content=\"47.0376;28.76899\" \/>\n<meta name=\"geo.region\" content=\"Moldova\" \/>\n<!-- \/ Yoast SEO Premium plugin. -->","yoast_head_json":{"title":"C0097 - Autoclipsuri, Cu un ac de \u00eempingere pe b\u0103t\u0103tur\u0103 - atg.md","robots":{"index":"index","follow":"follow","max-snippet":"max-snippet:-1","max-image-preview":"max-image-preview:large","max-video-preview":"max-video-preview:-1"},"canonical":"https:\/\/atg.md\/ro\/catalog\/autoclipsuri\/s-nazhimnym-shtyrkom-v-potaj\/c0097\/","og_locale":"ro_RO","og_type":"article","og_title":"C0097 - Autoclipsuri, Cu un ac de \u00eempingere pe b\u0103t\u0103tur\u0103 - atg.md","og_description":"OEM: 90467-07117, 9046707117Dimensiune F: 7Dimensiune H: 10Dimensiune T: 17","og_url":"https:\/\/atg.md\/ro\/wp-json\/wp\/v2\/product\/6554","og_site_name":"atg.md","article_modified_time":"2024-07-05T07:01:07+00:00","og_image":[{"width":600,"height":600,"url":"https:\/\/atg.md\/wp-content\/uploads\/2021\/03\/c0097.jpg","type":"image\/jpeg"}],"twitter_card":"summary_large_image","twitter_misc":{"Pre\u021b":"5.00&nbsp;MDL","Availability":"In stock"},"schema":{"@context":"https:\/\/schema.org","@graph":[{"@type":"WebPage","@id":"https:\/\/atg.md\/ro\/catalog\/autoclipsuri\/s-nazhimnym-shtyrkom-v-potaj\/c0097\/","url":"https:\/\/atg.md\/ro\/catalog\/autoclipsuri\/s-nazhimnym-shtyrkom-v-potaj\/c0097\/","name":"C0097 - Autoclipsuri, Cu un ac de \u00eempingere pe b\u0103t\u0103tur\u0103 - atg.md","isPartOf":{"@id":"https:\/\/atg.md\/ro\/#website"},"datePublished":"2021-03-30T09:05:13+00:00","dateModified":"2024-07-05T07:01:07+00:00","breadcrumb":{"@id":"https:\/\/atg.md\/ro\/catalog\/autoclipsuri\/s-nazhimnym-shtyrkom-v-potaj\/c0097\/#breadcrumb"},"inLanguage":"ro-RO","potentialAction":[{"@type":"ReadAction","target":[["https:\/\/atg.md\/ro\/catalog\/autoclipsuri\/s-nazhimnym-shtyrkom-v-potaj\/c0097\/"]]}]},{"@type":"BreadcrumbList","@id":"https:\/\/atg.md\/ro\/catalog\/autoclipsuri\/s-nazhimnym-shtyrkom-v-potaj\/c0097\/#breadcrumb","itemListElement":[{"@type":"ListItem","position":1,"name":"Home","item":"https:\/\/atg.md\/ro\/"},{"@type":"ListItem","position":2,"name":"\u041a\u0430\u0442\u0430\u043b\u043e\u0433","item":"https:\/\/atg.md\/ro\/catalog\/"},{"@type":"ListItem","position":3,"name":"C0097"}]},{"@type":"WebSite","@id":"https:\/\/atg.md\/ro\/#website","url":"https:\/\/atg.md\/ro\/","name":"atg.md","description":"V\u00e2nzare de izola\u021bii \u00eempotriva vibra\u021biilor pentru ma\u0219ini, izola\u021bie termic\u0103, izolare fonic\u0103 de la cei mai buni produc\u0103tori, autoclipsuri, elemente de fixare auto. Cump\u0103ra\u021bi \u00een Moldova, Chi\u0219in\u0103u","publisher":{"@id":"https:\/\/atg.md\/ro\/#organization"},"potentialAction":[{"@type":"SearchAction","target":{"@type":"EntryPoint","urlTemplate":"https:\/\/atg.md\/ro\/?s={search_term_string}"},"query-input":"required name=search_term_string"}],"inLanguage":"ro-RO"},{"@type":["Organization","Place","AutoPartsStore"],"@id":"https:\/\/atg.md\/ro\/#organization","name":"S.C. AUTOTOM GRUP S.R.L.","url":"https:\/\/atg.md\/ro\/","logo":{"@type":"ImageObject","inLanguage":"ro-RO","@id":"https:\/\/atg.md\/ro\/#\/schema\/logo\/image\/","url":"https:\/\/i2.wp.com\/atg.md\/wp-content\/uploads\/2021\/05\/atg_logo_main.png?fit=656%2C569&ssl=1","contentUrl":"https:\/\/i2.wp.com\/atg.md\/wp-content\/uploads\/2021\/05\/atg_logo_main.png?fit=656%2C569&ssl=1","width":656,"height":569,"caption":"S.C. AUTOTOM GRUP S.R.L."},"image":{"@id":"https:\/\/atg.md\/ro\/#\/schema\/logo\/image\/"},"location":{"@id":"https:\/\/atg.md\/ro\/catalog\/autoclipsuri\/s-nazhimnym-shtyrkom-v-potaj\/c0097\/#local-place"},"address":{"@id":"https:\/\/atg.md\/ro\/catalog\/autoclipsuri\/s-nazhimnym-shtyrkom-v-potaj\/c0097\/#local-place-address"},"email":"atgtvv@gmail.com","telephone":"+37369644446","areaServed":"Moldova"},{"@type":"Place","@id":"https:\/\/atg.md\/ro\/catalog\/autoclipsuri\/s-nazhimnym-shtyrkom-v-potaj\/c0097\/#local-place","address":{"@type":"PostalAddress","@id":"https:\/\/atg.md\/ro\/catalog\/autoclipsuri\/s-nazhimnym-shtyrkom-v-potaj\/c0097\/#local-place-address","streetAddress":"str. Alba-Iulia 77\/20","addressLocality":"Chisinau","postalCode":"2043","addressRegion":"mun. Chisinau","addressCountry":"MD"},"geo":{"@type":"GeoCoordinates","latitude":"47.0376","longitude":"28.76899"},"openingHoursSpecification":[{"@type":"OpeningHoursSpecification","dayOfWeek":["Monday","Tuesday","Wednesday","Thursday","Friday"],"opens":"09:00","closes":"18:00"},{"@type":"OpeningHoursSpecification","dayOfWeek":["Saturday"],"opens":"09:00","closes":"14:00"},{"@type":"OpeningHoursSpecification","dayOfWeek":["Sunday"],"opens":"00:00","closes":"00:00"}],"telephone":"+37369644446"}]}},"_links":{"self":[{"href":"https:\/\/atg.md\/ro\/wp-json\/wp\/v2\/product\/6554"}],"collection":[{"href":"https:\/\/atg.md\/ro\/wp-json\/wp\/v2\/product"}],"about":[{"href":"https:\/\/atg.md\/ro\/wp-json\/wp\/v2\/types\/product"}],"wp:featuredmedia":[{"embeddable":true,"href":"https:\/\/atg.md\/ro\/wp-json\/wp\/v2\/media\/6555"}],"wp:attachment":[{"href":"https:\/\/atg.md\/ro\/wp-json\/wp\/v2\/media?parent=6554"}],"wp:term":[{"taxonomy":"product_cat","embeddable":true,"href":"https:\/\/atg.md\/ro\/wp-json\/wp\/v2\/product_cat?post=6554"},{"taxonomy":"product_tag","embeddable":true,"href":"https:\/\/atg.md\/ro\/wp-json\/wp\/v2\/product_tag?post=6554"}],"curies":[{"name":"wp","href":"https:\/\/api.w.org\/{rel}","templated":true}]}}