{"id":6528,"date":"2021-03-30T09:04:59","date_gmt":"2021-03-30T09:04:59","guid":{"rendered":"http:\/\/atg.md\/product\/c0084\/"},"modified":"2024-07-05T07:01:01","modified_gmt":"2024-07-05T07:01:01","slug":"c0084","status":"publish","type":"product","link":"https:\/\/atg.md\/ro\/catalog\/autoclipsuri\/s-nazhimnym-shtyrkom-v-potaj\/c0084\/","title":{"rendered":"C0084"},"content":{"rendered":"<p><strong>Modele:<\/strong><\/p>\n<ul>\n<li>Lexus LX470, UZJ100<\/li>\n<li>Lexus RX300, MCU10, MCU15<\/li>\n<li>Mitsubishi Delica, PD8W, PA4W, PD6W<\/li>\n<li>Mitsubishi Dion, CR5W, CR9W, CR6W<\/li>\n<li>Mitsubishi Emeraude, E84A, E77A, E74A, E57A<\/li>\n<li>Mitsubishi Eterna, E74A, E84A, E57A, E77A<\/li>\n<li>Mitsubishi Galant, E74A, E77A, E57A, E84A<\/li>\n<li>Toyota 4Runner, KZN185, RZN180, VZN180, RZN185, VZN185<\/li>\n<li>Toyota Allion, ZRT261, ZRT260, NZT260, ZRT265<\/li>\n<li>Toyota Alphard, GGH25W, GGH20W, GGH25, GGH20<\/li>\n<li>Toyota Avalon, MCX20, MCX10<\/li>\n<li>Toyota Brevis, JCG15, JCG10, JCG11<\/li>\n<li>Toyota Camry Gracia, SXV20W, MCV25W, SXV25W, MCV25, SXV25, MCV21W, SXV20, MCV21<\/li>\n<li>Toyota Camry, SV40, VCV10, SV42, SXV23, MCV20, SV33, SXV11, SV35, CV40, CV30, SV41, SV43, SV30, SXV20, SXV10, SV32, MCV10, CV43<\/li>\n<li>Toyota Carina ED, ST201, ST202, ST200, ST203, ST205<\/li>\n<li>Toyota Carina, ST215, CT215, CT216, AT211, AT210, AT212, CT211, CT210<\/li>\n<li>Toyota Celica, ST202C, ST204, AT200, ST205, ST203, ST202<\/li>\n<li>Toyota Century, VG40, VG45<\/li>\n<li>Toyota Chaser, GX100, JZX100<\/li>\n<li>Toyota Comfort, YXS10, LXS12, LXS10<\/li>\n<li>Toyota Corolla Ceres, AE101, AE100<\/li>\n<li>Toyota Corolla Levin, AE101, AE100<\/li>\n<li>Toyota Corolla Spacio, AE115N, AE111, AE111N, AE115<\/li>\n<li>Toyota Corolla, EE104G, CE107, AE103, EE103, CE105V, CE106V, AE104G, CE107V, EE107, EE106V, EE102V, CE106, EE102, AE102, CE102, EE103V, EE106, EE101, AE91, AE100G, AE109, EE105, CE105, EE90, CE108G, AE101G, AE101, EE108G, CE100G, CE109, EE107V, CE104, EE100, CE102G, AE92, AE104, CE100, EE104, CE109V, AE109V, AE100, CE108, EE108, CE90<\/li>\n<li>Toyota Corona Exiv, ST203, ST202, ST200, ST201, ST205<\/li>\n<li>Toyota Corona, AT210, AT211, CT211, CT210, ST215, CT216, CT215, ST210<\/li>\n<li>Toyota Cresta, JZX100, GX100<\/li>\n<li>Toyota Crown Majesta, GS171, GRS180, GRS182, GRS184, UZS186, GRS181, UZS187, JZS171, JKS175, JZS175, JZS173, UZS173, JZS177, UZS171, JZS179, UZS175<\/li>\n<li>Toyota Crown, YXS11, GRS182, JZS179, JZS177, GRS180, GRS184, SXS11, YXS10H, JZS175W, GXS10, JZS173W, JZS171, GS171W, JZS173, JZS175, UZS187, YXS10, UZS175, GRS181, JZS171W, UZS171, LXS11, JKS175, UZS173, GS171, UZS186<\/li>\n<li>Toyota Curren, ST207, ST208, ST206<\/li>\n<li>Toyota Dyna, TRY230, KDY230, BU420, LY270, KDY280, RZY230, BZU410, KDY241, BU400, BU430, KDY220, KDY270, LY280, LY240, LY290, TRY281, KDY231, TRY231, KDY221, XZU382, KDY281, XZU388, LY230, RZY231, KDY240, RZY281, TRY220, KDY271, BU410, KDY290, LY220, RZY220<\/li>\n<li>Toyota FJ Cruiser, GSJ15, GSJ15W, GSJ10W, GSJ10<\/li>\n<li>Toyota Harrier, MCU10W, ACU15, SXU15W, SXU10W, SXU15, ACU10W, SXU10, ACU15W, ACU10, MCU15, MCU15W, MCU10<\/li>\n<li>Toyota Hiace, RCH29, LXH28, KLH12, RCH12, RCH13, LXH12, LXH18, RCH19, RCH18, KLH18, RCH22, KLH22, RCH23, RCH28, KLH28, LXH22<\/li>\n<li>Toyota Hilux Surf, VZN185, RZN185W, KZN185, VZN185W, VZN180, KDN185W, KZN185G, RZN185, KDN185, RZN180, KZN185W, RZN180W, VZN180W<\/li>\n<li>Toyota Land Cruiser, HZJ81, FZJ105, HZJ81V, UZJ100L, UZJ100, HDJ100L, FZJ80G, FJ80G, HDJ81, HDJ101, HZJ105, FZJ80, HZJ105L, UZJ100W, FZJ80J, FZJ100, FJ80, HDJ101K, HDJ81V, HDJ100<\/li>\n<li>Toyota Mark II Wagon Qualis, SXV25, SXV25W, MCV25, MCV21, SXV20W, SXV20, MCV21W, MCV25W<\/li>\n<li>Toyota Mark II, JZX100, GX100<\/li>\n<li>Toyota Origin, JCG17<\/li>\n<li>Toyota Porte, NNP11, NNP15, NNP10<\/li>\n<li>Toyota Premio, ZRT260, ZRT265, NZT260, ZRT261<\/li>\n<li>Toyota Progres, JCG11, JCG10, JCG15<\/li>\n<li>Toyota Pronard, MCX20<\/li>\n<li>Toyota Scepter, SXV15, VCV10, VCV15W, VCV15, SXV15W, SXV10<\/li>\n<li>Toyota Sequoia, UCK35, UCK45<\/li>\n<li>Toyota Soarer, UZZ40<\/li>\n<li>Toyota Sprinter Marino, AE100, AE101<\/li>\n<li>Toyota Sprinter Trueno, AE100, AE101<\/li>\n<li>Toyota Sprinter, EE104, CE106, CE108, CE104, EE106, EE102, CE102, AE101, EE108G, CE108G, CE107, EE104G, AE109, CE109, EE101, EE107, CE105, EE103, AE102, CE100, AE100, AE104, EE108, CE102G<\/li>\n<li>Toyota ToyoAce, XZU388, BU400, RZY231, KDY241, XZU382, KDY281, KDY231, LY290, TRY220, LY240, KDY270, BU430, KDY220, TRY230, LY280, RZY230, KDY290, BZU410, KDY240, KDY280, LY230, KDY230, BU420, LY270, RZY220, KDY271, TRY281, LY220, KDY221, TRY231, BU410, RZY281<\/li>\n<li>Toyota Tundra, UCK41, UCK31<\/li>\n<li>Toyota Vellfire, GGH25W, GGH20W, GGH20, GGH25<\/li>\n<li>Toyota Vista, SV40, SV42, SV41, SV43, CV30, SV32, SV33, CV43, SV30, SV35, CV40<\/li>\n<\/ul>\n<p><\/p>","protected":false},"excerpt":{"rendered":"<p><b>OEM:<\/b> 90467-07066-P0, 9046707066P0, 90467-07066-E0, 9046707066E0, 90467-07066-22, 904670706622, 90467-07066-A0, 9046707066A0, 90467-07066-P2, 9046707066P2, 09409-07313, 0940907313, MB955901<\/p>\n<p><b>Dimensiune F:<\/b> 7<br \/><b>Dimensiune H:<\/b> 16<br \/><b>Dimensiune T:<\/b> 11<\/p>\n","protected":false},"featured_media":6529,"template":"","meta":[],"product_cat":[25,92],"product_tag":[],"bundled_by":[],"bundle_stock_status":"instock","bundle_stock_quantity":null,"bundle_virtual":false,"bundle_layout":"","bundle_add_to_cart_form_location":"","bundle_editable_in_cart":false,"bundle_sold_individually_context":"","bundle_item_grouping":"","bundle_min_size":"","bundle_max_size":"","bundled_items":[],"yoast_head":"<!-- This site is optimized with the Yoast SEO Premium plugin v16.6 (Yoast SEO v20.1) - https:\/\/yoast.com\/wordpress\/plugins\/seo\/ -->\n<title>C0084 - Autoclipsuri, Cu un ac de \u00eempingere pe b\u0103t\u0103tur\u0103 - atg.md<\/title>\n<meta name=\"robots\" content=\"index, follow, max-snippet:-1, max-image-preview:large, max-video-preview:-1\" \/>\n<link rel=\"canonical\" href=\"https:\/\/atg.md\/ro\/catalog\/autoclipsuri\/s-nazhimnym-shtyrkom-v-potaj\/c0084\/\" \/>\n<meta property=\"og:locale\" content=\"ro_RO\" \/>\n<meta property=\"og:type\" content=\"article\" \/>\n<meta property=\"og:title\" content=\"C0084 - Autoclipsuri, Cu un ac de \u00eempingere pe b\u0103t\u0103tur\u0103 - atg.md\" \/>\n<meta property=\"og:description\" content=\"OEM: 90467-07066-P0, 9046707066P0, 90467-07066-E0, 9046707066E0, 90467-07066-22, 904670706622, 90467-07066-A0, 9046707066A0, 90467-07066-P2, 9046707066P2, 09409-07313, 0940907313, MB955901Dimensiune F: 7Dimensiune H: 16Dimensiune T: 11\" \/>\n<meta property=\"og:url\" content=\"https:\/\/atg.md\/ro\/wp-json\/wp\/v2\/product\/6528\" \/>\n<meta property=\"og:site_name\" content=\"atg.md\" \/>\n<meta property=\"article:modified_time\" content=\"2024-07-05T07:01:01+00:00\" \/>\n<meta property=\"og:image\" content=\"https:\/\/atg.md\/wp-content\/uploads\/2021\/03\/c0084.jpg\" \/>\n\t<meta property=\"og:image:width\" content=\"600\" \/>\n\t<meta property=\"og:image:height\" content=\"600\" \/>\n\t<meta property=\"og:image:type\" content=\"image\/jpeg\" \/>\n<meta name=\"twitter:card\" content=\"summary_large_image\" \/>\n<meta name=\"twitter:label1\" content=\"Pre\u021b\" \/>\n\t<meta name=\"twitter:data1\" content=\"5.00&nbsp;MDL\" \/>\n\t<meta name=\"twitter:label2\" content=\"Availability\" \/>\n\t<meta name=\"twitter:data2\" content=\"In stock\" \/>\n<script type=\"application\/ld+json\" class=\"yoast-schema-graph\">{\"@context\":\"https:\/\/schema.org\",\"@graph\":[{\"@type\":\"WebPage\",\"@id\":\"https:\/\/atg.md\/ro\/catalog\/autoclipsuri\/s-nazhimnym-shtyrkom-v-potaj\/c0084\/\",\"url\":\"https:\/\/atg.md\/ro\/catalog\/autoclipsuri\/s-nazhimnym-shtyrkom-v-potaj\/c0084\/\",\"name\":\"C0084 - Autoclipsuri, Cu un ac de \u00eempingere pe b\u0103t\u0103tur\u0103 - atg.md\",\"isPartOf\":{\"@id\":\"https:\/\/atg.md\/ro\/#website\"},\"datePublished\":\"2021-03-30T09:04:59+00:00\",\"dateModified\":\"2024-07-05T07:01:01+00:00\",\"breadcrumb\":{\"@id\":\"https:\/\/atg.md\/ro\/catalog\/autoclipsuri\/s-nazhimnym-shtyrkom-v-potaj\/c0084\/#breadcrumb\"},\"inLanguage\":\"ro-RO\",\"potentialAction\":[{\"@type\":\"ReadAction\",\"target\":[[\"https:\/\/atg.md\/ro\/catalog\/autoclipsuri\/s-nazhimnym-shtyrkom-v-potaj\/c0084\/\"]]}]},{\"@type\":\"BreadcrumbList\",\"@id\":\"https:\/\/atg.md\/ro\/catalog\/autoclipsuri\/s-nazhimnym-shtyrkom-v-potaj\/c0084\/#breadcrumb\",\"itemListElement\":[{\"@type\":\"ListItem\",\"position\":1,\"name\":\"Home\",\"item\":\"https:\/\/atg.md\/ro\/\"},{\"@type\":\"ListItem\",\"position\":2,\"name\":\"\u041a\u0430\u0442\u0430\u043b\u043e\u0433\",\"item\":\"https:\/\/atg.md\/ro\/catalog\/\"},{\"@type\":\"ListItem\",\"position\":3,\"name\":\"C0084\"}]},{\"@type\":\"WebSite\",\"@id\":\"https:\/\/atg.md\/ro\/#website\",\"url\":\"https:\/\/atg.md\/ro\/\",\"name\":\"atg.md\",\"description\":\"V\u00e2nzare de izola\u021bii \u00eempotriva vibra\u021biilor pentru ma\u0219ini, izola\u021bie termic\u0103, izolare fonic\u0103 de la cei mai buni produc\u0103tori, autoclipsuri, elemente de fixare auto. Cump\u0103ra\u021bi \u00een Moldova, Chi\u0219in\u0103u\",\"publisher\":{\"@id\":\"https:\/\/atg.md\/ro\/#organization\"},\"potentialAction\":[{\"@type\":\"SearchAction\",\"target\":{\"@type\":\"EntryPoint\",\"urlTemplate\":\"https:\/\/atg.md\/ro\/?s={search_term_string}\"},\"query-input\":\"required name=search_term_string\"}],\"inLanguage\":\"ro-RO\"},{\"@type\":[\"Organization\",\"Place\",\"AutoPartsStore\"],\"@id\":\"https:\/\/atg.md\/ro\/#organization\",\"name\":\"S.C. AUTOTOM GRUP S.R.L.\",\"url\":\"https:\/\/atg.md\/ro\/\",\"logo\":{\"@type\":\"ImageObject\",\"inLanguage\":\"ro-RO\",\"@id\":\"https:\/\/atg.md\/ro\/#\/schema\/logo\/image\/\",\"url\":\"https:\/\/i2.wp.com\/atg.md\/wp-content\/uploads\/2021\/05\/atg_logo_main.png?fit=656%2C569&ssl=1\",\"contentUrl\":\"https:\/\/i2.wp.com\/atg.md\/wp-content\/uploads\/2021\/05\/atg_logo_main.png?fit=656%2C569&ssl=1\",\"width\":656,\"height\":569,\"caption\":\"S.C. AUTOTOM GRUP S.R.L.\"},\"image\":{\"@id\":\"https:\/\/atg.md\/ro\/#\/schema\/logo\/image\/\"},\"location\":{\"@id\":\"https:\/\/atg.md\/ro\/catalog\/autoclipsuri\/s-nazhimnym-shtyrkom-v-potaj\/c0084\/#local-place\"},\"address\":{\"@id\":\"https:\/\/atg.md\/ro\/catalog\/autoclipsuri\/s-nazhimnym-shtyrkom-v-potaj\/c0084\/#local-place-address\"},\"email\":\"atgtvv@gmail.com\",\"telephone\":\"+37369644446\",\"areaServed\":\"Moldova\"},{\"@type\":\"Place\",\"@id\":\"https:\/\/atg.md\/ro\/catalog\/autoclipsuri\/s-nazhimnym-shtyrkom-v-potaj\/c0084\/#local-place\",\"address\":{\"@type\":\"PostalAddress\",\"@id\":\"https:\/\/atg.md\/ro\/catalog\/autoclipsuri\/s-nazhimnym-shtyrkom-v-potaj\/c0084\/#local-place-address\",\"streetAddress\":\"str. Alba-Iulia 77\/20\",\"addressLocality\":\"Chisinau\",\"postalCode\":\"2043\",\"addressRegion\":\"mun. Chisinau\",\"addressCountry\":\"MD\"},\"geo\":{\"@type\":\"GeoCoordinates\",\"latitude\":\"47.0376\",\"longitude\":\"28.76899\"},\"openingHoursSpecification\":[{\"@type\":\"OpeningHoursSpecification\",\"dayOfWeek\":[\"Monday\",\"Tuesday\",\"Wednesday\",\"Thursday\",\"Friday\"],\"opens\":\"09:00\",\"closes\":\"18:00\"},{\"@type\":\"OpeningHoursSpecification\",\"dayOfWeek\":[\"Saturday\"],\"opens\":\"09:00\",\"closes\":\"14:00\"},{\"@type\":\"OpeningHoursSpecification\",\"dayOfWeek\":[\"Sunday\"],\"opens\":\"00:00\",\"closes\":\"00:00\"}],\"telephone\":\"+37369644446\"}]}<\/script>\n<meta name=\"geo.placename\" content=\"Chisinau\" \/>\n<meta name=\"geo.position\" content=\"47.0376;28.76899\" \/>\n<meta name=\"geo.region\" content=\"Moldova\" \/>\n<!-- \/ Yoast SEO Premium plugin. -->","yoast_head_json":{"title":"C0084 - Autoclipsuri, Cu un ac de \u00eempingere pe b\u0103t\u0103tur\u0103 - atg.md","robots":{"index":"index","follow":"follow","max-snippet":"max-snippet:-1","max-image-preview":"max-image-preview:large","max-video-preview":"max-video-preview:-1"},"canonical":"https:\/\/atg.md\/ro\/catalog\/autoclipsuri\/s-nazhimnym-shtyrkom-v-potaj\/c0084\/","og_locale":"ro_RO","og_type":"article","og_title":"C0084 - Autoclipsuri, Cu un ac de \u00eempingere pe b\u0103t\u0103tur\u0103 - atg.md","og_description":"OEM: 90467-07066-P0, 9046707066P0, 90467-07066-E0, 9046707066E0, 90467-07066-22, 904670706622, 90467-07066-A0, 9046707066A0, 90467-07066-P2, 9046707066P2, 09409-07313, 0940907313, MB955901Dimensiune F: 7Dimensiune H: 16Dimensiune T: 11","og_url":"https:\/\/atg.md\/ro\/wp-json\/wp\/v2\/product\/6528","og_site_name":"atg.md","article_modified_time":"2024-07-05T07:01:01+00:00","og_image":[{"width":600,"height":600,"url":"https:\/\/atg.md\/wp-content\/uploads\/2021\/03\/c0084.jpg","type":"image\/jpeg"}],"twitter_card":"summary_large_image","twitter_misc":{"Pre\u021b":"5.00&nbsp;MDL","Availability":"In stock"},"schema":{"@context":"https:\/\/schema.org","@graph":[{"@type":"WebPage","@id":"https:\/\/atg.md\/ro\/catalog\/autoclipsuri\/s-nazhimnym-shtyrkom-v-potaj\/c0084\/","url":"https:\/\/atg.md\/ro\/catalog\/autoclipsuri\/s-nazhimnym-shtyrkom-v-potaj\/c0084\/","name":"C0084 - Autoclipsuri, Cu un ac de \u00eempingere pe b\u0103t\u0103tur\u0103 - atg.md","isPartOf":{"@id":"https:\/\/atg.md\/ro\/#website"},"datePublished":"2021-03-30T09:04:59+00:00","dateModified":"2024-07-05T07:01:01+00:00","breadcrumb":{"@id":"https:\/\/atg.md\/ro\/catalog\/autoclipsuri\/s-nazhimnym-shtyrkom-v-potaj\/c0084\/#breadcrumb"},"inLanguage":"ro-RO","potentialAction":[{"@type":"ReadAction","target":[["https:\/\/atg.md\/ro\/catalog\/autoclipsuri\/s-nazhimnym-shtyrkom-v-potaj\/c0084\/"]]}]},{"@type":"BreadcrumbList","@id":"https:\/\/atg.md\/ro\/catalog\/autoclipsuri\/s-nazhimnym-shtyrkom-v-potaj\/c0084\/#breadcrumb","itemListElement":[{"@type":"ListItem","position":1,"name":"Home","item":"https:\/\/atg.md\/ro\/"},{"@type":"ListItem","position":2,"name":"\u041a\u0430\u0442\u0430\u043b\u043e\u0433","item":"https:\/\/atg.md\/ro\/catalog\/"},{"@type":"ListItem","position":3,"name":"C0084"}]},{"@type":"WebSite","@id":"https:\/\/atg.md\/ro\/#website","url":"https:\/\/atg.md\/ro\/","name":"atg.md","description":"V\u00e2nzare de izola\u021bii \u00eempotriva vibra\u021biilor pentru ma\u0219ini, izola\u021bie termic\u0103, izolare fonic\u0103 de la cei mai buni produc\u0103tori, autoclipsuri, elemente de fixare auto. Cump\u0103ra\u021bi \u00een Moldova, Chi\u0219in\u0103u","publisher":{"@id":"https:\/\/atg.md\/ro\/#organization"},"potentialAction":[{"@type":"SearchAction","target":{"@type":"EntryPoint","urlTemplate":"https:\/\/atg.md\/ro\/?s={search_term_string}"},"query-input":"required name=search_term_string"}],"inLanguage":"ro-RO"},{"@type":["Organization","Place","AutoPartsStore"],"@id":"https:\/\/atg.md\/ro\/#organization","name":"S.C. AUTOTOM GRUP S.R.L.","url":"https:\/\/atg.md\/ro\/","logo":{"@type":"ImageObject","inLanguage":"ro-RO","@id":"https:\/\/atg.md\/ro\/#\/schema\/logo\/image\/","url":"https:\/\/i2.wp.com\/atg.md\/wp-content\/uploads\/2021\/05\/atg_logo_main.png?fit=656%2C569&ssl=1","contentUrl":"https:\/\/i2.wp.com\/atg.md\/wp-content\/uploads\/2021\/05\/atg_logo_main.png?fit=656%2C569&ssl=1","width":656,"height":569,"caption":"S.C. AUTOTOM GRUP S.R.L."},"image":{"@id":"https:\/\/atg.md\/ro\/#\/schema\/logo\/image\/"},"location":{"@id":"https:\/\/atg.md\/ro\/catalog\/autoclipsuri\/s-nazhimnym-shtyrkom-v-potaj\/c0084\/#local-place"},"address":{"@id":"https:\/\/atg.md\/ro\/catalog\/autoclipsuri\/s-nazhimnym-shtyrkom-v-potaj\/c0084\/#local-place-address"},"email":"atgtvv@gmail.com","telephone":"+37369644446","areaServed":"Moldova"},{"@type":"Place","@id":"https:\/\/atg.md\/ro\/catalog\/autoclipsuri\/s-nazhimnym-shtyrkom-v-potaj\/c0084\/#local-place","address":{"@type":"PostalAddress","@id":"https:\/\/atg.md\/ro\/catalog\/autoclipsuri\/s-nazhimnym-shtyrkom-v-potaj\/c0084\/#local-place-address","streetAddress":"str. Alba-Iulia 77\/20","addressLocality":"Chisinau","postalCode":"2043","addressRegion":"mun. Chisinau","addressCountry":"MD"},"geo":{"@type":"GeoCoordinates","latitude":"47.0376","longitude":"28.76899"},"openingHoursSpecification":[{"@type":"OpeningHoursSpecification","dayOfWeek":["Monday","Tuesday","Wednesday","Thursday","Friday"],"opens":"09:00","closes":"18:00"},{"@type":"OpeningHoursSpecification","dayOfWeek":["Saturday"],"opens":"09:00","closes":"14:00"},{"@type":"OpeningHoursSpecification","dayOfWeek":["Sunday"],"opens":"00:00","closes":"00:00"}],"telephone":"+37369644446"}]}},"_links":{"self":[{"href":"https:\/\/atg.md\/ro\/wp-json\/wp\/v2\/product\/6528"}],"collection":[{"href":"https:\/\/atg.md\/ro\/wp-json\/wp\/v2\/product"}],"about":[{"href":"https:\/\/atg.md\/ro\/wp-json\/wp\/v2\/types\/product"}],"wp:featuredmedia":[{"embeddable":true,"href":"https:\/\/atg.md\/ro\/wp-json\/wp\/v2\/media\/6529"}],"wp:attachment":[{"href":"https:\/\/atg.md\/ro\/wp-json\/wp\/v2\/media?parent=6528"}],"wp:term":[{"taxonomy":"product_cat","embeddable":true,"href":"https:\/\/atg.md\/ro\/wp-json\/wp\/v2\/product_cat?post=6528"},{"taxonomy":"product_tag","embeddable":true,"href":"https:\/\/atg.md\/ro\/wp-json\/wp\/v2\/product_tag?post=6528"}],"curies":[{"name":"wp","href":"https:\/\/api.w.org\/{rel}","templated":true}]}}