{"id":6526,"date":"2021-03-30T09:04:59","date_gmt":"2021-03-30T09:04:59","guid":{"rendered":"http:\/\/atg.md\/product\/c0083\/"},"modified":"2024-07-05T07:01:01","modified_gmt":"2024-07-05T07:01:01","slug":"c0083","status":"publish","type":"product","link":"https:\/\/atg.md\/ro\/catalog\/autoclipsuri\/s-nazhimnym-shtyrkom\/c0083\/","title":{"rendered":"C0083"},"content":{"rendered":"<p><strong>Modele:<\/strong><\/p>\n<ul>\n<li>Acura RL<\/li>\n<li>Acura TL<\/li>\n<li>Honda Accord Aerodeck<\/li>\n<li>Honda Accord Tourer, DBA-CW2<\/li>\n<li>Honda Accord, LA-CM3, DBA-CM2, LA-CF6, E-CF6, E-CD3, E-CD6, GH-CF3, ABA-CM3, E-CA1, GF-CF3, E-CF3, LA-CL7, UA-CM2, E-CD8, GH-CH9, ABA-CL8, GF-CF5, DBA-CM1, CBA-CM2, E-CF5, E-CD5, DBA-CU2, E-CE1, ABA-CM2, GH-CF4, E-CF2, GF-CF4, CBA-CL7, LA-CL8, ABA-CL9, UA-CL7, LA-CF5, DBA-CL7, E-CF7, GF-CF7, E-CD7, GH-CL2, LA-CL3, GF-CH9, E-CF4, GF-CF6, LA-CM2, LA-CF7, ABA-CL7, GH-CF5, GH-CL1, E-CD4, LA-CL9<\/li>\n<li>Honda Acty Truck, GD-HA6, GD-HA7, UE-HA6, GBD-HA6, GBD-HA7, UE-HA7<\/li>\n<li>Honda Acty, -HH5, -HH6, GBD-HH6, GBD-HH5, GD-HH6, GD-HH5, UE-HH5, UE-HH6<\/li>\n<li>Honda Airwave, DBA-GJ2, DBA-GJ1<\/li>\n<li>Honda Ascot Innova, E-CB4, E-CC5, E-CC4, E-CB3<\/li>\n<li>Honda Ascot, E-CE4, E-CE5<\/li>\n<li>Honda Avancier, GH-TA3, LA-TA2, LA-TA1, GH-TA4, GH-TA2, LA-TA3, GH-TA1, LA-TA4<\/li>\n<li>Honda Ballade<\/li>\n<li>Honda CR-V, CBA-RD7, LA-RD5, DBA-RE3, ABA-RD5, GF-RD2, CBA-RD6, LA-RD4, DBA-RE4, ABA-RD4, E-RD1, GF-RD1<\/li>\n<li>Honda CR-X<\/li>\n<li>Honda CR-X del Sol, E-EJ4, E-EG2<\/li>\n<li>Honda Capa, GF-GA4, GF-GA6<\/li>\n<li>Honda City<\/li>\n<li>Honda Civic CRX<\/li>\n<li>Honda Civic Ferio, GF-EK3, GF-EK2, ABA-ET2, CBA-ES3, CBA-ES1, UA-ES3, LA-ES2, ABA-ES2, LA-ES3, E-EK8, LA-ES1, UA-ES1, LA-ET2, E-EK4, E-EK5, E-EK3, GF-EK4, GF-EK5, E-EK2<\/li>\n<li>Honda Civic Hybrid, CAA-ES9, ZA-ES9, DAA-FD3<\/li>\n<li>Honda Civic, ABA-FD2, LA-EP3, DFA-EN2, GF-EK3, E-EK9, UA-EU3, ZA-ES9, NA-EN1, UN-EN2, GF-EK9, ABA-EP3, LA-EU3, GF-EK4, E-EK4, DBA-FD1, LA-EU1, ABA-EU4, DBA-FD2, -EJ7, GF-EK2, E-EK2, LA-EU4, CBA-EU3, E-EK3, CAA-ES9, E-EJ7, LA-EU2, DAA-FD3, UA-EU1<\/li>\n<li>Honda Crossroad, DBA-RT1, DBA-RT2, DBA-RT4, DBA-RT3<\/li>\n<li>Honda Domani, E-MA5, E-MA4, E-MA6, GF-MB4, E-MA7, E-MB5, GF-MB3, E-MB4, E-MB3, GF-MB5<\/li>\n<li>Honda Edix, ABA-BE2, ABA-BE4, CBA-BE1, DBA-BE8, DBA-BE3<\/li>\n<li>Honda Element, CBA-YH2, UA-YH2<\/li>\n<li>Honda Elysion, DBA-RR5, DBA-RR2, DBA-RR1, DBA-RR6, DBA-RR3, DBA-RR4<\/li>\n<li>Honda FR-V<\/li>\n<li>Honda Fit Aria, DBA-GD7, DBA-GD6, DBA-GD8, DBA-GD9, LA-GD8, LA-GD9, LA-GD7, LA-GD6<\/li>\n<li>Honda Fit, UA-GD3, LA-GD2, DBA-GD2, DBA-GD3, DBA-GD1, DBA-GD4, CBA-GD4, CBA-GD3, LA-GD4, LA-GD3, LA-GD1, DBA-GE7, DBA-GE8, DBA-GE6, DBA-GE9, UA-GD4, UA-GD1, UA-GD2<\/li>\n<li>Honda Freed, DBA-GB3, DBA-GB4<\/li>\n<li>Honda HR-V, GF-GH2, GF-GH1, GF-GH3, LA-GH1, LA-GH4, LA-GH3, LA-GH2, GF-GH4, ABA-GH4, ABA-GH3<\/li>\n<li>Honda Insight, AAA-ZE1, HN-ZE1, YA-ZE1, DAA-ZE2<\/li>\n<li>Honda Inspire, DBA-UC1, UA-UC1, LA-UA5, E-UA2, E-UA3, LA-UA4, DBA-CP3, E-UA1, GF-UA5, GF-UA4<\/li>\n<li>Honda Integra SJ, E-EK3, GF-EK3<\/li>\n<li>Honda Integra, E-DB6, GF-DC2, E-DB9, GF-DB9, E-DB8, LA-DC5, GF-DB8, GF-DB6, E-DC2, E-DC1, ABA-DC5, GF-DC1<\/li>\n<li>Honda Jazz<\/li>\n<li>Honda Lagreat, LA-RL1, GH-RL1<\/li>\n<li>Honda Legend, E-KA9, E-KA7, LA-KA9, GF-KA9, GH-KA9, DBA-KB1, ABA-KA9, E-KA8, DBA-KB2<\/li>\n<li>Honda Life Dunk, LA-JB4, LA-JB3<\/li>\n<li>Honda Life, DBA-JC1, DBA-JB7, DBA-JB5, UA-JB8, E-JA4, UA-JB5, CBA-JC2, UA-JB7, UA-JB6, CBA-JB6, LA-JB2, LA-JB1, CBA-JB7, GF-JB2, GF-JB1, CBA-JB8, CBA-JB5<\/li>\n<li>Honda Logo, GF-GA3, E-GA3, GF-GA5<\/li>\n<li>Honda MDX, CBA-YD1, UA-YD1<\/li>\n<li>Honda MR-V<\/li>\n<li>Honda Mobilio Spike, LA-GK2, LA-GK1, CBA-GK2, CBA-GK1, DBA-GK2, DBA-GK1<\/li>\n<li>Honda Mobilio, LA-GB2, CBA-GB1, LA-GB1, UA-GB1, DBA-GB1, DBA-GB2<\/li>\n<li>Honda Odyssey, E-RA1, E-RA3, GH-RA7, GF-RA5, LA-RA9, GF-RA3, E-RA5, GH-RA9, UA-RB2, LA-RA7, DBA-RB1, DBA-RB3, LA-RB1, GH-RA6, E-RA2, GF-RA4, LA-RA8, UA-RB1, GH-RA8, E-RA4, LA-RA6, ABA-RB1, ABA-RB2, DBA-RB4, DBA-RB2, LA-RB2<\/li>\n<li>Honda Orthia, GF-EL3, E-EL2, E-EL1, GF-EL2, E-EL3<\/li>\n<li>Honda Partner, GG-EY6, DBE-GJ4, DBE-GJ3, ABE-EY7, ABE-EY8, GJ-EY8, R-EY8, R-EY7, R-EY6, GJ-EY7, R-EY9, LB-EY8, LB-EY7<\/li>\n<li>Honda Pilot<\/li>\n<li>Honda Prelude, E-BA9, E-BB4, GF-BB6, E-BB8, E-BB6, GF-BB8, E-BA8, GF-BB5, E-BB7, E-BB1, GF-BB7, E-BB5<\/li>\n<li>Honda Rafaga, E-CE5, E-CE4<\/li>\n<li>Honda S-MX, GF-RH2, E-RH1, E-RH2, GF-RH1<\/li>\n<li>Honda S2000, GH-AP1, ABA-AP2, LA-AP1, ABA-AP1<\/li>\n<li>Honda Saber, LA-UA5, E-UA2, E-UA3, LA-UA4, GF-UA5, E-UA1, GF-UA4<\/li>\n<li>Honda Shuttle<\/li>\n<li>Honda Stepwgn, CBA-RF3, CBA-RF4, GF-RF2, CBA-RF6, CBA-RF5, LA-RF3, UA-RF3, UA-RF4, UA-RF5, E-RF2, E-RF1, GF-RF1, UA-RF7, UA-RF8, UA-RF6, LA-RF4, DBA-RG4, DBA-RG3, CBA-RF7, CBA-RF8, DBA-RG1, DBA-RG2<\/li>\n<li>Honda Stream, UA-RN1, CBA-RN5, ABA-RN2, ABA-RN4, UA-RN3, UA-RN5, DBA-RN8, DBA-RN7, DBA-RN9, DBA-RN6, CBA-RN3, LA-RN4, LA-RN1, LA-RN3, CBA-RN1, LA-RN2<\/li>\n<li>Honda That&#8217;s, ABA-JD2, ABA-JD1, LA-JD1, LA-JD2<\/li>\n<li>Honda Torneo, GH-CF5, LA-CF5, GH-CF4, GH-CF3, LA-CL3, GF-CF4, GF-CF3, GF-CF5, E-CF4, E-CF3, E-CF5, GH-CL1<\/li>\n<li>Honda Vamos Hobio, ABA-HM4, ABA-HM3, LA-HM3, GBD-HJ1, UE-HJ2, GBD-HJ2, LA-HM4, UE-HJ1<\/li>\n<li>Honda Vamos, GF-HM1, ABA-HM1, ABA-HM2, LA-HM2, LA-HM1, GF-HM2<\/li>\n<li>Honda Vigor<\/li>\n<li>Honda Z, GF-PA1<\/li>\n<li>Honda Zest, DBA-JE1, CBA-JE2<\/li>\n<li>Mitsubishi Airtrek, CU2W, CU4W, CU5W<\/li>\n<li>Mitsubishi Bravo, U42V<\/li>\n<li>Mitsubishi Colt, Z24W, Z27W, Z27WG, Z23W<\/li>\n<li>Mitsubishi Dingo, CQ1A, CQ5A, CQ2A<\/li>\n<li>Mitsubishi Dion, CR5W, CR9W, CR6W<\/li>\n<li>Mitsubishi Grandis, NA4W<\/li>\n<li>Mitsubishi Lancer Cedia, CS5W, CS5A, CS2A, CT9A, CT9W, CS6A, CS2W, CS2V<\/li>\n<li>Mitsubishi Lancer, CS6A, CT9W, CS2A, CS5W, CS5A, CT9A, CS2W, CS2V<\/li>\n<li>Mitsubishi Outlander, CW6W, CW5W<\/li>\n<li>Mitsubishi Pajero, V97W, V93W<\/li>\n<li>Mitsubishi Triton, KB9T<\/li>\n<\/ul>\n<p><\/p>","protected":false},"excerpt":{"rendered":"<p><b>OEM:<\/b> 91512-SX0-003, 91512SX0003, MU000319, MR220501<\/p>\n<p><b>Dimensiune F:<\/b> 8<br \/><b>Dimensiune H:<\/b> 13<br \/><b>Dimensiune T:<\/b> 20<\/p>\n","protected":false},"featured_media":6527,"template":"","meta":[],"product_cat":[25,125],"product_tag":[],"bundled_by":[],"bundle_stock_status":"instock","bundle_stock_quantity":null,"bundle_virtual":false,"bundle_layout":"","bundle_add_to_cart_form_location":"","bundle_editable_in_cart":false,"bundle_sold_individually_context":"","bundle_item_grouping":"","bundle_min_size":"","bundle_max_size":"","bundled_items":[],"yoast_head":"<!-- This site is optimized with the Yoast SEO Premium plugin v16.6 (Yoast SEO v20.1) - https:\/\/yoast.com\/wordpress\/plugins\/seo\/ -->\n<title>C0083 - Autoclipsuri, Cu un ac de \u00eempingere - atg.md<\/title>\n<meta name=\"robots\" content=\"index, follow, max-snippet:-1, max-image-preview:large, max-video-preview:-1\" \/>\n<link rel=\"canonical\" href=\"https:\/\/atg.md\/ro\/catalog\/autoclipsuri\/s-nazhimnym-shtyrkom\/c0083\/\" \/>\n<meta property=\"og:locale\" content=\"ro_RO\" \/>\n<meta property=\"og:type\" content=\"article\" \/>\n<meta property=\"og:title\" content=\"C0083 - Autoclipsuri, Cu un ac de \u00eempingere - atg.md\" \/>\n<meta property=\"og:description\" content=\"OEM: 91512-SX0-003, 91512SX0003, MU000319, MR220501Dimensiune F: 8Dimensiune H: 13Dimensiune T: 20\" \/>\n<meta property=\"og:url\" content=\"https:\/\/atg.md\/ro\/wp-json\/wp\/v2\/product\/6526\" \/>\n<meta property=\"og:site_name\" content=\"atg.md\" \/>\n<meta property=\"article:modified_time\" content=\"2024-07-05T07:01:01+00:00\" \/>\n<meta property=\"og:image\" content=\"https:\/\/atg.md\/wp-content\/uploads\/2021\/03\/c0083.jpg\" \/>\n\t<meta property=\"og:image:width\" content=\"600\" \/>\n\t<meta property=\"og:image:height\" content=\"600\" \/>\n\t<meta property=\"og:image:type\" content=\"image\/jpeg\" \/>\n<meta name=\"twitter:card\" content=\"summary_large_image\" \/>\n<meta name=\"twitter:label1\" content=\"Pre\u021b\" \/>\n\t<meta name=\"twitter:data1\" content=\"6.00&nbsp;MDL\" \/>\n\t<meta name=\"twitter:label2\" content=\"Availability\" \/>\n\t<meta name=\"twitter:data2\" content=\"In stock\" \/>\n<script type=\"application\/ld+json\" class=\"yoast-schema-graph\">{\"@context\":\"https:\/\/schema.org\",\"@graph\":[{\"@type\":\"WebPage\",\"@id\":\"https:\/\/atg.md\/ro\/catalog\/autoclipsuri\/s-nazhimnym-shtyrkom\/c0083\/\",\"url\":\"https:\/\/atg.md\/ro\/catalog\/autoclipsuri\/s-nazhimnym-shtyrkom\/c0083\/\",\"name\":\"C0083 - Autoclipsuri, Cu un ac de \u00eempingere - atg.md\",\"isPartOf\":{\"@id\":\"https:\/\/atg.md\/ro\/#website\"},\"datePublished\":\"2021-03-30T09:04:59+00:00\",\"dateModified\":\"2024-07-05T07:01:01+00:00\",\"breadcrumb\":{\"@id\":\"https:\/\/atg.md\/ro\/catalog\/autoclipsuri\/s-nazhimnym-shtyrkom\/c0083\/#breadcrumb\"},\"inLanguage\":\"ro-RO\",\"potentialAction\":[{\"@type\":\"ReadAction\",\"target\":[[\"https:\/\/atg.md\/ro\/catalog\/autoclipsuri\/s-nazhimnym-shtyrkom\/c0083\/\"]]}]},{\"@type\":\"BreadcrumbList\",\"@id\":\"https:\/\/atg.md\/ro\/catalog\/autoclipsuri\/s-nazhimnym-shtyrkom\/c0083\/#breadcrumb\",\"itemListElement\":[{\"@type\":\"ListItem\",\"position\":1,\"name\":\"Home\",\"item\":\"https:\/\/atg.md\/ro\/\"},{\"@type\":\"ListItem\",\"position\":2,\"name\":\"\u041a\u0430\u0442\u0430\u043b\u043e\u0433\",\"item\":\"https:\/\/atg.md\/ro\/catalog\/\"},{\"@type\":\"ListItem\",\"position\":3,\"name\":\"C0083\"}]},{\"@type\":\"WebSite\",\"@id\":\"https:\/\/atg.md\/ro\/#website\",\"url\":\"https:\/\/atg.md\/ro\/\",\"name\":\"atg.md\",\"description\":\"V\u00e2nzare de izola\u021bii \u00eempotriva vibra\u021biilor pentru ma\u0219ini, izola\u021bie termic\u0103, izolare fonic\u0103 de la cei mai buni produc\u0103tori, autoclipsuri, elemente de fixare auto. Cump\u0103ra\u021bi \u00een Moldova, Chi\u0219in\u0103u\",\"publisher\":{\"@id\":\"https:\/\/atg.md\/ro\/#organization\"},\"potentialAction\":[{\"@type\":\"SearchAction\",\"target\":{\"@type\":\"EntryPoint\",\"urlTemplate\":\"https:\/\/atg.md\/ro\/?s={search_term_string}\"},\"query-input\":\"required name=search_term_string\"}],\"inLanguage\":\"ro-RO\"},{\"@type\":[\"Organization\",\"Place\",\"AutoPartsStore\"],\"@id\":\"https:\/\/atg.md\/ro\/#organization\",\"name\":\"S.C. AUTOTOM GRUP S.R.L.\",\"url\":\"https:\/\/atg.md\/ro\/\",\"logo\":{\"@type\":\"ImageObject\",\"inLanguage\":\"ro-RO\",\"@id\":\"https:\/\/atg.md\/ro\/#\/schema\/logo\/image\/\",\"url\":\"https:\/\/i2.wp.com\/atg.md\/wp-content\/uploads\/2021\/05\/atg_logo_main.png?fit=656%2C569&ssl=1\",\"contentUrl\":\"https:\/\/i2.wp.com\/atg.md\/wp-content\/uploads\/2021\/05\/atg_logo_main.png?fit=656%2C569&ssl=1\",\"width\":656,\"height\":569,\"caption\":\"S.C. AUTOTOM GRUP S.R.L.\"},\"image\":{\"@id\":\"https:\/\/atg.md\/ro\/#\/schema\/logo\/image\/\"},\"location\":{\"@id\":\"https:\/\/atg.md\/ro\/catalog\/autoclipsuri\/s-nazhimnym-shtyrkom\/c0083\/#local-place\"},\"address\":{\"@id\":\"https:\/\/atg.md\/ro\/catalog\/autoclipsuri\/s-nazhimnym-shtyrkom\/c0083\/#local-place-address\"},\"email\":\"atgtvv@gmail.com\",\"telephone\":\"+37369644446\",\"areaServed\":\"Moldova\"},{\"@type\":\"Place\",\"@id\":\"https:\/\/atg.md\/ro\/catalog\/autoclipsuri\/s-nazhimnym-shtyrkom\/c0083\/#local-place\",\"address\":{\"@type\":\"PostalAddress\",\"@id\":\"https:\/\/atg.md\/ro\/catalog\/autoclipsuri\/s-nazhimnym-shtyrkom\/c0083\/#local-place-address\",\"streetAddress\":\"str. Alba-Iulia 77\/20\",\"addressLocality\":\"Chisinau\",\"postalCode\":\"2043\",\"addressRegion\":\"mun. Chisinau\",\"addressCountry\":\"MD\"},\"geo\":{\"@type\":\"GeoCoordinates\",\"latitude\":\"47.0376\",\"longitude\":\"28.76899\"},\"openingHoursSpecification\":[{\"@type\":\"OpeningHoursSpecification\",\"dayOfWeek\":[\"Monday\",\"Tuesday\",\"Wednesday\",\"Thursday\",\"Friday\"],\"opens\":\"09:00\",\"closes\":\"18:00\"},{\"@type\":\"OpeningHoursSpecification\",\"dayOfWeek\":[\"Saturday\"],\"opens\":\"09:00\",\"closes\":\"14:00\"},{\"@type\":\"OpeningHoursSpecification\",\"dayOfWeek\":[\"Sunday\"],\"opens\":\"00:00\",\"closes\":\"00:00\"}],\"telephone\":\"+37369644446\"}]}<\/script>\n<meta name=\"geo.placename\" content=\"Chisinau\" \/>\n<meta name=\"geo.position\" content=\"47.0376;28.76899\" \/>\n<meta name=\"geo.region\" content=\"Moldova\" \/>\n<!-- \/ Yoast SEO Premium plugin. -->","yoast_head_json":{"title":"C0083 - Autoclipsuri, Cu un ac de \u00eempingere - atg.md","robots":{"index":"index","follow":"follow","max-snippet":"max-snippet:-1","max-image-preview":"max-image-preview:large","max-video-preview":"max-video-preview:-1"},"canonical":"https:\/\/atg.md\/ro\/catalog\/autoclipsuri\/s-nazhimnym-shtyrkom\/c0083\/","og_locale":"ro_RO","og_type":"article","og_title":"C0083 - Autoclipsuri, Cu un ac de \u00eempingere - atg.md","og_description":"OEM: 91512-SX0-003, 91512SX0003, MU000319, MR220501Dimensiune F: 8Dimensiune H: 13Dimensiune T: 20","og_url":"https:\/\/atg.md\/ro\/wp-json\/wp\/v2\/product\/6526","og_site_name":"atg.md","article_modified_time":"2024-07-05T07:01:01+00:00","og_image":[{"width":600,"height":600,"url":"https:\/\/atg.md\/wp-content\/uploads\/2021\/03\/c0083.jpg","type":"image\/jpeg"}],"twitter_card":"summary_large_image","twitter_misc":{"Pre\u021b":"6.00&nbsp;MDL","Availability":"In stock"},"schema":{"@context":"https:\/\/schema.org","@graph":[{"@type":"WebPage","@id":"https:\/\/atg.md\/ro\/catalog\/autoclipsuri\/s-nazhimnym-shtyrkom\/c0083\/","url":"https:\/\/atg.md\/ro\/catalog\/autoclipsuri\/s-nazhimnym-shtyrkom\/c0083\/","name":"C0083 - Autoclipsuri, Cu un ac de \u00eempingere - atg.md","isPartOf":{"@id":"https:\/\/atg.md\/ro\/#website"},"datePublished":"2021-03-30T09:04:59+00:00","dateModified":"2024-07-05T07:01:01+00:00","breadcrumb":{"@id":"https:\/\/atg.md\/ro\/catalog\/autoclipsuri\/s-nazhimnym-shtyrkom\/c0083\/#breadcrumb"},"inLanguage":"ro-RO","potentialAction":[{"@type":"ReadAction","target":[["https:\/\/atg.md\/ro\/catalog\/autoclipsuri\/s-nazhimnym-shtyrkom\/c0083\/"]]}]},{"@type":"BreadcrumbList","@id":"https:\/\/atg.md\/ro\/catalog\/autoclipsuri\/s-nazhimnym-shtyrkom\/c0083\/#breadcrumb","itemListElement":[{"@type":"ListItem","position":1,"name":"Home","item":"https:\/\/atg.md\/ro\/"},{"@type":"ListItem","position":2,"name":"\u041a\u0430\u0442\u0430\u043b\u043e\u0433","item":"https:\/\/atg.md\/ro\/catalog\/"},{"@type":"ListItem","position":3,"name":"C0083"}]},{"@type":"WebSite","@id":"https:\/\/atg.md\/ro\/#website","url":"https:\/\/atg.md\/ro\/","name":"atg.md","description":"V\u00e2nzare de izola\u021bii \u00eempotriva vibra\u021biilor pentru ma\u0219ini, izola\u021bie termic\u0103, izolare fonic\u0103 de la cei mai buni produc\u0103tori, autoclipsuri, elemente de fixare auto. Cump\u0103ra\u021bi \u00een Moldova, Chi\u0219in\u0103u","publisher":{"@id":"https:\/\/atg.md\/ro\/#organization"},"potentialAction":[{"@type":"SearchAction","target":{"@type":"EntryPoint","urlTemplate":"https:\/\/atg.md\/ro\/?s={search_term_string}"},"query-input":"required name=search_term_string"}],"inLanguage":"ro-RO"},{"@type":["Organization","Place","AutoPartsStore"],"@id":"https:\/\/atg.md\/ro\/#organization","name":"S.C. AUTOTOM GRUP S.R.L.","url":"https:\/\/atg.md\/ro\/","logo":{"@type":"ImageObject","inLanguage":"ro-RO","@id":"https:\/\/atg.md\/ro\/#\/schema\/logo\/image\/","url":"https:\/\/i2.wp.com\/atg.md\/wp-content\/uploads\/2021\/05\/atg_logo_main.png?fit=656%2C569&ssl=1","contentUrl":"https:\/\/i2.wp.com\/atg.md\/wp-content\/uploads\/2021\/05\/atg_logo_main.png?fit=656%2C569&ssl=1","width":656,"height":569,"caption":"S.C. AUTOTOM GRUP S.R.L."},"image":{"@id":"https:\/\/atg.md\/ro\/#\/schema\/logo\/image\/"},"location":{"@id":"https:\/\/atg.md\/ro\/catalog\/autoclipsuri\/s-nazhimnym-shtyrkom\/c0083\/#local-place"},"address":{"@id":"https:\/\/atg.md\/ro\/catalog\/autoclipsuri\/s-nazhimnym-shtyrkom\/c0083\/#local-place-address"},"email":"atgtvv@gmail.com","telephone":"+37369644446","areaServed":"Moldova"},{"@type":"Place","@id":"https:\/\/atg.md\/ro\/catalog\/autoclipsuri\/s-nazhimnym-shtyrkom\/c0083\/#local-place","address":{"@type":"PostalAddress","@id":"https:\/\/atg.md\/ro\/catalog\/autoclipsuri\/s-nazhimnym-shtyrkom\/c0083\/#local-place-address","streetAddress":"str. Alba-Iulia 77\/20","addressLocality":"Chisinau","postalCode":"2043","addressRegion":"mun. Chisinau","addressCountry":"MD"},"geo":{"@type":"GeoCoordinates","latitude":"47.0376","longitude":"28.76899"},"openingHoursSpecification":[{"@type":"OpeningHoursSpecification","dayOfWeek":["Monday","Tuesday","Wednesday","Thursday","Friday"],"opens":"09:00","closes":"18:00"},{"@type":"OpeningHoursSpecification","dayOfWeek":["Saturday"],"opens":"09:00","closes":"14:00"},{"@type":"OpeningHoursSpecification","dayOfWeek":["Sunday"],"opens":"00:00","closes":"00:00"}],"telephone":"+37369644446"}]}},"_links":{"self":[{"href":"https:\/\/atg.md\/ro\/wp-json\/wp\/v2\/product\/6526"}],"collection":[{"href":"https:\/\/atg.md\/ro\/wp-json\/wp\/v2\/product"}],"about":[{"href":"https:\/\/atg.md\/ro\/wp-json\/wp\/v2\/types\/product"}],"wp:featuredmedia":[{"embeddable":true,"href":"https:\/\/atg.md\/ro\/wp-json\/wp\/v2\/media\/6527"}],"wp:attachment":[{"href":"https:\/\/atg.md\/ro\/wp-json\/wp\/v2\/media?parent=6526"}],"wp:term":[{"taxonomy":"product_cat","embeddable":true,"href":"https:\/\/atg.md\/ro\/wp-json\/wp\/v2\/product_cat?post=6526"},{"taxonomy":"product_tag","embeddable":true,"href":"https:\/\/atg.md\/ro\/wp-json\/wp\/v2\/product_tag?post=6526"}],"curies":[{"name":"wp","href":"https:\/\/api.w.org\/{rel}","templated":true}]}}