{"id":6510,"date":"2021-03-30T09:04:59","date_gmt":"2021-03-30T09:04:59","guid":{"rendered":"http:\/\/atg.md\/product\/c0075\/"},"modified":"2024-07-05T07:00:54","modified_gmt":"2024-07-05T07:00:54","slug":"c0075","status":"publish","type":"product","link":"https:\/\/atg.md\/ro\/catalog\/autoclipsuri\/vstavki\/c0075\/","title":{"rendered":"C0075"},"content":{"rendered":"<p><strong>Modele:<\/strong><\/p>\n<ul>\n<li>Mitsubishi Airtrek, CU5W, CU2W, CU4W<\/li>\n<li>Mitsubishi Aspire, EC1A, EA3A, EA7A, EA1A, EC3A, EC5A, EC7A<\/li>\n<li>Mitsubishi Bravo, U41V, U42V<\/li>\n<li>Mitsubishi Carisma, DA2A<\/li>\n<li>Mitsubishi Challenger, K97WG, K99W, K94WG, K96W, K94W<\/li>\n<li>Mitsubishi Chariot Grandis, N94W, N96W, N84W, N86W<\/li>\n<li>Mitsubishi Chariot, N33W, N44W, N48W, N43W, N38W, N34W<\/li>\n<li>Mitsubishi Colt, Z26A, Z21A, Z24W, Z23W, Z23A, Z27AG, Z27A, Z25A, Z22A, Z27W, Z27WG, Z24A, Z28A<\/li>\n<li>Mitsubishi Debonair, S22A, S27A, S26A<\/li>\n<li>Mitsubishi Delica, PA5W, PE8W, PB4W, PB6W, CV5W, PD8W, PD6W, PF8W, PD4W, PA4W, PF6W, PB5W<\/li>\n<li>Mitsubishi Diamante, F07W, F13A, F31AK, F31A, F36W, F46A, F27A, F36A, F12A, F25A, F47A, F11A, F41A, F34A, F15A, F17A<\/li>\n<li>Mitsubishi Dignity, S32A, S33A, S43A<\/li>\n<li>Mitsubishi Dion, CR9W, CR6W, CR5W<\/li>\n<li>Mitsubishi Eclipse, D38A, D22A, D32A, D27A, D53A<\/li>\n<li>Mitsubishi Emeraude, E74A, E54A, E53A, E52A, E64A, E77A, E57A, E84A, E72A<\/li>\n<li>Mitsubishi Eterna, E37A, E54A, E52A, E57A, E39A, E35A, E72A, E33A, E74A, E53A, E77A, E64A, E84A, E32A, E34A<\/li>\n<li>Mitsubishi FTO, DE3A<\/li>\n<li>Mitsubishi GTO, Z15A, Z16A<\/li>\n<li>Mitsubishi Galant Fortis, CZ4A<\/li>\n<li>Mitsubishi Galant, EC7A, E64A, E39A, EA1A, E77A, E34A, E38A, E37A, EC3A, E72A, E33A, EA3A, E53A, E54A, EA7A, E84A, E32A, E57A, E52A, EC5A, E74A, E31A, E35A, EC1A<\/li>\n<li>Mitsubishi Grandis, NA4W<\/li>\n<li>Mitsubishi Lancer Cedia, CS5A, CT9W, CT9A, CS2A<\/li>\n<li>Mitsubishi Lancer Evolution, CZ4A<\/li>\n<li>Mitsubishi Lancer, CB4A, CL2A, CS5A, CA1A, CE9A, CM5A, CC3A, CP9A, CB8A, CA4A, CM2A, CB7A, CN9A, CJ1A, CK8A, CD5A, CB3A, CT9A, CS2A, CK4A, CD9A, CD8A, CD3A, CK6A, CK1A, CA3A, CB6A, CJ2A, CT9W, CB2A, CA2A, CJ4A, CM8A, CD7A, CK2A, CC4A, CB1A<\/li>\n<li>Mitsubishi Legnum, EA5W, EC4W, EC5W, EC3W, EC1W, EC7W, EA7W, EA1W, EA4W, EA3W<\/li>\n<li>Mitsubishi Libero, CD8V, CB5W, CB4W, CD2V, CB8V, CB8W, CB1V, CB2V, CB2W, CD5W, CD8W<\/li>\n<li>Mitsubishi Minicab, U61T, U63W, U65W, U66W, U61W, U61V, U62W, U62T, U61TP, U62V, U64W, U62TP<\/li>\n<li>Mitsubishi Mirage, CK4A, CE9A, CA1A, CL2A, CN9A, CM5A, CC3A, CB4A, C52A, CC4A, CD7A, CK2A, CA2A, CB1A, CK6A, CM8A, CB7A, CD3A, CB6A, CK1A, CA3A, CD8A, CJ4A, CB2A, CP9A, CB8A, CJ2A, CM2A, CD5A, CD9A, CA4A, CK8A, C53A, CB3A, CJ1A<\/li>\n<li>Mitsubishi Outlander, CW6W, CW5W<\/li>\n<li>Mitsubishi Pajero Junior, H57A<\/li>\n<li>Mitsubishi Pajero Mini, H51A, H53A, H58A, H56A<\/li>\n<li>Mitsubishi Pajero iO, H77W, H66W, H67W, H62W, H61W, H76W, H71W, H72W<\/li>\n<li>Mitsubishi Pajero, V55W, V26WG, V68W, V14V, V63W, V25W, V46W, V46WG, V24WG, V21W, V26W, V24V, V78W, V65W, V73W, V25C, V47WG, V44WG, V43W, V23W, V46V, V24C, V44W, V26C, V75W, V24W, V34V, V23C, V45W<\/li>\n<li>Mitsubishi Proudia, S32A, S33A, S43A<\/li>\n<li>Mitsubishi RVR, N23W, N74WG, N21WG, N28W, N64WG, N61W, N23WG, N11W, N13W, N73WG, N28WG, N71W, N21W<\/li>\n<li>Mitsubishi Sigma, F17A, F13AK, F15A, F25A, F13A, F11A, F27A, F12A<\/li>\n<li>Mitsubishi Strada, K74T, K34T<\/li>\n<li>Mitsubishi Toppo BJ Wide, H48A, H43A, H42A, H41A, H47A, H46A<\/li>\n<li>Mitsubishi Toppo BJ, H47A, H42A, H41A, H48A, H43A, H46A<\/li>\n<li>Mitsubishi Town Box Wide, U61T, U61V, U61W, U66W, U63W, U62W, U62V, U61TP, U64W, U65W, U62T, U62TP<\/li>\n<li>Mitsubishi Town Box, U63W, U61W, U62TP, U61V, U61T, U65W, U62W, U62V, U62T, U61TP, U64W, U66W<\/li>\n<li>Mitsubishi Triton, KB9T<\/li>\n<li>Mitsubishi eK-Wagon, H81W, H82W<\/li>\n<li>Mitsubishi i, HA1W<\/li>\n<\/ul>\n<p><\/p>","protected":false},"excerpt":{"rendered":"<p><b>OEM:<\/b> MU480034, MU480032, MU480036, MU480034, TQ399C06, TQ39904<\/p>\n<p><b>Dimensiune F:<\/b> 9<br \/><b>Dimensiune H:<\/b> 19<br \/><b>Dimensiune T:<\/b> 17<\/p>\n","protected":false},"featured_media":6511,"template":"","meta":[],"product_cat":[25,105],"product_tag":[],"bundled_by":[],"bundle_stock_status":"instock","bundle_stock_quantity":null,"bundle_virtual":false,"bundle_layout":"","bundle_add_to_cart_form_location":"","bundle_editable_in_cart":false,"bundle_sold_individually_context":"","bundle_item_grouping":"","bundle_min_size":"","bundle_max_size":"","bundled_items":[],"yoast_head":"<!-- This site is optimized with the Yoast SEO Premium plugin v16.6 (Yoast SEO v20.1) - https:\/\/yoast.com\/wordpress\/plugins\/seo\/ -->\n<title>C0075 - Autoclipsuri, Inserturi - atg.md<\/title>\n<meta name=\"robots\" content=\"index, follow, max-snippet:-1, max-image-preview:large, max-video-preview:-1\" \/>\n<link rel=\"canonical\" href=\"https:\/\/atg.md\/ro\/catalog\/autoclipsuri\/vstavki\/c0075\/\" \/>\n<meta property=\"og:locale\" content=\"ro_RO\" \/>\n<meta property=\"og:type\" content=\"article\" \/>\n<meta property=\"og:title\" content=\"C0075 - Autoclipsuri, Inserturi - atg.md\" \/>\n<meta property=\"og:description\" content=\"OEM: MU480034, MU480032, MU480036, MU480034, TQ399C06, TQ39904Dimensiune F: 9Dimensiune H: 19Dimensiune T: 17\" \/>\n<meta property=\"og:url\" content=\"https:\/\/atg.md\/ro\/wp-json\/wp\/v2\/product\/6510\" \/>\n<meta property=\"og:site_name\" content=\"atg.md\" \/>\n<meta property=\"article:modified_time\" content=\"2024-07-05T07:00:54+00:00\" \/>\n<meta property=\"og:image\" content=\"https:\/\/atg.md\/wp-content\/uploads\/2021\/03\/c0075.jpg\" \/>\n\t<meta property=\"og:image:width\" content=\"600\" \/>\n\t<meta property=\"og:image:height\" content=\"600\" \/>\n\t<meta property=\"og:image:type\" content=\"image\/jpeg\" \/>\n<meta name=\"twitter:card\" content=\"summary_large_image\" \/>\n<meta name=\"twitter:label1\" content=\"Pre\u021b\" \/>\n\t<meta name=\"twitter:data1\" content=\"6.00&nbsp;MDL\" \/>\n\t<meta name=\"twitter:label2\" content=\"Availability\" \/>\n\t<meta name=\"twitter:data2\" content=\"In stock\" \/>\n<script type=\"application\/ld+json\" class=\"yoast-schema-graph\">{\"@context\":\"https:\/\/schema.org\",\"@graph\":[{\"@type\":\"WebPage\",\"@id\":\"https:\/\/atg.md\/ro\/catalog\/autoclipsuri\/vstavki\/c0075\/\",\"url\":\"https:\/\/atg.md\/ro\/catalog\/autoclipsuri\/vstavki\/c0075\/\",\"name\":\"C0075 - Autoclipsuri, Inserturi - atg.md\",\"isPartOf\":{\"@id\":\"https:\/\/atg.md\/ro\/#website\"},\"datePublished\":\"2021-03-30T09:04:59+00:00\",\"dateModified\":\"2024-07-05T07:00:54+00:00\",\"breadcrumb\":{\"@id\":\"https:\/\/atg.md\/ro\/catalog\/autoclipsuri\/vstavki\/c0075\/#breadcrumb\"},\"inLanguage\":\"ro-RO\",\"potentialAction\":[{\"@type\":\"ReadAction\",\"target\":[[\"https:\/\/atg.md\/ro\/catalog\/autoclipsuri\/vstavki\/c0075\/\"]]}]},{\"@type\":\"BreadcrumbList\",\"@id\":\"https:\/\/atg.md\/ro\/catalog\/autoclipsuri\/vstavki\/c0075\/#breadcrumb\",\"itemListElement\":[{\"@type\":\"ListItem\",\"position\":1,\"name\":\"Home\",\"item\":\"https:\/\/atg.md\/ro\/\"},{\"@type\":\"ListItem\",\"position\":2,\"name\":\"\u041a\u0430\u0442\u0430\u043b\u043e\u0433\",\"item\":\"https:\/\/atg.md\/ro\/catalog\/\"},{\"@type\":\"ListItem\",\"position\":3,\"name\":\"C0075\"}]},{\"@type\":\"WebSite\",\"@id\":\"https:\/\/atg.md\/ro\/#website\",\"url\":\"https:\/\/atg.md\/ro\/\",\"name\":\"atg.md\",\"description\":\"V\u00e2nzare de izola\u021bii \u00eempotriva vibra\u021biilor pentru ma\u0219ini, izola\u021bie termic\u0103, izolare fonic\u0103 de la cei mai buni produc\u0103tori, autoclipsuri, elemente de fixare auto. Cump\u0103ra\u021bi \u00een Moldova, Chi\u0219in\u0103u\",\"publisher\":{\"@id\":\"https:\/\/atg.md\/ro\/#organization\"},\"potentialAction\":[{\"@type\":\"SearchAction\",\"target\":{\"@type\":\"EntryPoint\",\"urlTemplate\":\"https:\/\/atg.md\/ro\/?s={search_term_string}\"},\"query-input\":\"required name=search_term_string\"}],\"inLanguage\":\"ro-RO\"},{\"@type\":[\"Organization\",\"Place\",\"AutoPartsStore\"],\"@id\":\"https:\/\/atg.md\/ro\/#organization\",\"name\":\"S.C. AUTOTOM GRUP S.R.L.\",\"url\":\"https:\/\/atg.md\/ro\/\",\"logo\":{\"@type\":\"ImageObject\",\"inLanguage\":\"ro-RO\",\"@id\":\"https:\/\/atg.md\/ro\/#\/schema\/logo\/image\/\",\"url\":\"https:\/\/i2.wp.com\/atg.md\/wp-content\/uploads\/2021\/05\/atg_logo_main.png?fit=656%2C569&ssl=1\",\"contentUrl\":\"https:\/\/i2.wp.com\/atg.md\/wp-content\/uploads\/2021\/05\/atg_logo_main.png?fit=656%2C569&ssl=1\",\"width\":656,\"height\":569,\"caption\":\"S.C. AUTOTOM GRUP S.R.L.\"},\"image\":{\"@id\":\"https:\/\/atg.md\/ro\/#\/schema\/logo\/image\/\"},\"location\":{\"@id\":\"https:\/\/atg.md\/ro\/catalog\/autoclipsuri\/vstavki\/c0075\/#local-place\"},\"address\":{\"@id\":\"https:\/\/atg.md\/ro\/catalog\/autoclipsuri\/vstavki\/c0075\/#local-place-address\"},\"email\":\"atgtvv@gmail.com\",\"telephone\":\"+37369644446\",\"areaServed\":\"Moldova\"},{\"@type\":\"Place\",\"@id\":\"https:\/\/atg.md\/ro\/catalog\/autoclipsuri\/vstavki\/c0075\/#local-place\",\"address\":{\"@type\":\"PostalAddress\",\"@id\":\"https:\/\/atg.md\/ro\/catalog\/autoclipsuri\/vstavki\/c0075\/#local-place-address\",\"streetAddress\":\"str. Alba-Iulia 77\/20\",\"addressLocality\":\"Chisinau\",\"postalCode\":\"2043\",\"addressRegion\":\"mun. Chisinau\",\"addressCountry\":\"MD\"},\"geo\":{\"@type\":\"GeoCoordinates\",\"latitude\":\"47.0376\",\"longitude\":\"28.76899\"},\"openingHoursSpecification\":[{\"@type\":\"OpeningHoursSpecification\",\"dayOfWeek\":[\"Monday\",\"Tuesday\",\"Wednesday\",\"Thursday\",\"Friday\"],\"opens\":\"09:00\",\"closes\":\"18:00\"},{\"@type\":\"OpeningHoursSpecification\",\"dayOfWeek\":[\"Saturday\"],\"opens\":\"09:00\",\"closes\":\"14:00\"},{\"@type\":\"OpeningHoursSpecification\",\"dayOfWeek\":[\"Sunday\"],\"opens\":\"00:00\",\"closes\":\"00:00\"}],\"telephone\":\"+37369644446\"}]}<\/script>\n<meta name=\"geo.placename\" content=\"Chisinau\" \/>\n<meta name=\"geo.position\" content=\"47.0376;28.76899\" \/>\n<meta name=\"geo.region\" content=\"Moldova\" \/>\n<!-- \/ Yoast SEO Premium plugin. -->","yoast_head_json":{"title":"C0075 - Autoclipsuri, Inserturi - atg.md","robots":{"index":"index","follow":"follow","max-snippet":"max-snippet:-1","max-image-preview":"max-image-preview:large","max-video-preview":"max-video-preview:-1"},"canonical":"https:\/\/atg.md\/ro\/catalog\/autoclipsuri\/vstavki\/c0075\/","og_locale":"ro_RO","og_type":"article","og_title":"C0075 - Autoclipsuri, Inserturi - atg.md","og_description":"OEM: MU480034, MU480032, MU480036, MU480034, TQ399C06, TQ39904Dimensiune F: 9Dimensiune H: 19Dimensiune T: 17","og_url":"https:\/\/atg.md\/ro\/wp-json\/wp\/v2\/product\/6510","og_site_name":"atg.md","article_modified_time":"2024-07-05T07:00:54+00:00","og_image":[{"width":600,"height":600,"url":"https:\/\/atg.md\/wp-content\/uploads\/2021\/03\/c0075.jpg","type":"image\/jpeg"}],"twitter_card":"summary_large_image","twitter_misc":{"Pre\u021b":"6.00&nbsp;MDL","Availability":"In stock"},"schema":{"@context":"https:\/\/schema.org","@graph":[{"@type":"WebPage","@id":"https:\/\/atg.md\/ro\/catalog\/autoclipsuri\/vstavki\/c0075\/","url":"https:\/\/atg.md\/ro\/catalog\/autoclipsuri\/vstavki\/c0075\/","name":"C0075 - Autoclipsuri, Inserturi - atg.md","isPartOf":{"@id":"https:\/\/atg.md\/ro\/#website"},"datePublished":"2021-03-30T09:04:59+00:00","dateModified":"2024-07-05T07:00:54+00:00","breadcrumb":{"@id":"https:\/\/atg.md\/ro\/catalog\/autoclipsuri\/vstavki\/c0075\/#breadcrumb"},"inLanguage":"ro-RO","potentialAction":[{"@type":"ReadAction","target":[["https:\/\/atg.md\/ro\/catalog\/autoclipsuri\/vstavki\/c0075\/"]]}]},{"@type":"BreadcrumbList","@id":"https:\/\/atg.md\/ro\/catalog\/autoclipsuri\/vstavki\/c0075\/#breadcrumb","itemListElement":[{"@type":"ListItem","position":1,"name":"Home","item":"https:\/\/atg.md\/ro\/"},{"@type":"ListItem","position":2,"name":"\u041a\u0430\u0442\u0430\u043b\u043e\u0433","item":"https:\/\/atg.md\/ro\/catalog\/"},{"@type":"ListItem","position":3,"name":"C0075"}]},{"@type":"WebSite","@id":"https:\/\/atg.md\/ro\/#website","url":"https:\/\/atg.md\/ro\/","name":"atg.md","description":"V\u00e2nzare de izola\u021bii \u00eempotriva vibra\u021biilor pentru ma\u0219ini, izola\u021bie termic\u0103, izolare fonic\u0103 de la cei mai buni produc\u0103tori, autoclipsuri, elemente de fixare auto. Cump\u0103ra\u021bi \u00een Moldova, Chi\u0219in\u0103u","publisher":{"@id":"https:\/\/atg.md\/ro\/#organization"},"potentialAction":[{"@type":"SearchAction","target":{"@type":"EntryPoint","urlTemplate":"https:\/\/atg.md\/ro\/?s={search_term_string}"},"query-input":"required name=search_term_string"}],"inLanguage":"ro-RO"},{"@type":["Organization","Place","AutoPartsStore"],"@id":"https:\/\/atg.md\/ro\/#organization","name":"S.C. AUTOTOM GRUP S.R.L.","url":"https:\/\/atg.md\/ro\/","logo":{"@type":"ImageObject","inLanguage":"ro-RO","@id":"https:\/\/atg.md\/ro\/#\/schema\/logo\/image\/","url":"https:\/\/i2.wp.com\/atg.md\/wp-content\/uploads\/2021\/05\/atg_logo_main.png?fit=656%2C569&ssl=1","contentUrl":"https:\/\/i2.wp.com\/atg.md\/wp-content\/uploads\/2021\/05\/atg_logo_main.png?fit=656%2C569&ssl=1","width":656,"height":569,"caption":"S.C. AUTOTOM GRUP S.R.L."},"image":{"@id":"https:\/\/atg.md\/ro\/#\/schema\/logo\/image\/"},"location":{"@id":"https:\/\/atg.md\/ro\/catalog\/autoclipsuri\/vstavki\/c0075\/#local-place"},"address":{"@id":"https:\/\/atg.md\/ro\/catalog\/autoclipsuri\/vstavki\/c0075\/#local-place-address"},"email":"atgtvv@gmail.com","telephone":"+37369644446","areaServed":"Moldova"},{"@type":"Place","@id":"https:\/\/atg.md\/ro\/catalog\/autoclipsuri\/vstavki\/c0075\/#local-place","address":{"@type":"PostalAddress","@id":"https:\/\/atg.md\/ro\/catalog\/autoclipsuri\/vstavki\/c0075\/#local-place-address","streetAddress":"str. Alba-Iulia 77\/20","addressLocality":"Chisinau","postalCode":"2043","addressRegion":"mun. Chisinau","addressCountry":"MD"},"geo":{"@type":"GeoCoordinates","latitude":"47.0376","longitude":"28.76899"},"openingHoursSpecification":[{"@type":"OpeningHoursSpecification","dayOfWeek":["Monday","Tuesday","Wednesday","Thursday","Friday"],"opens":"09:00","closes":"18:00"},{"@type":"OpeningHoursSpecification","dayOfWeek":["Saturday"],"opens":"09:00","closes":"14:00"},{"@type":"OpeningHoursSpecification","dayOfWeek":["Sunday"],"opens":"00:00","closes":"00:00"}],"telephone":"+37369644446"}]}},"_links":{"self":[{"href":"https:\/\/atg.md\/ro\/wp-json\/wp\/v2\/product\/6510"}],"collection":[{"href":"https:\/\/atg.md\/ro\/wp-json\/wp\/v2\/product"}],"about":[{"href":"https:\/\/atg.md\/ro\/wp-json\/wp\/v2\/types\/product"}],"wp:featuredmedia":[{"embeddable":true,"href":"https:\/\/atg.md\/ro\/wp-json\/wp\/v2\/media\/6511"}],"wp:attachment":[{"href":"https:\/\/atg.md\/ro\/wp-json\/wp\/v2\/media?parent=6510"}],"wp:term":[{"taxonomy":"product_cat","embeddable":true,"href":"https:\/\/atg.md\/ro\/wp-json\/wp\/v2\/product_cat?post=6510"},{"taxonomy":"product_tag","embeddable":true,"href":"https:\/\/atg.md\/ro\/wp-json\/wp\/v2\/product_tag?post=6510"}],"curies":[{"name":"wp","href":"https:\/\/api.w.org\/{rel}","templated":true}]}}