{"id":6467,"date":"2021-03-30T09:04:46","date_gmt":"2021-03-30T09:04:46","guid":{"rendered":"http:\/\/atg.md\/product\/c0049\/"},"modified":"2024-07-05T07:00:44","modified_gmt":"2024-07-05T07:00:44","slug":"c0049","status":"publish","type":"product","link":"https:\/\/atg.md\/ro\/catalog\/autoclipsuri\/zazhim\/c0049\/","title":{"rendered":"C0049"},"content":{"rendered":"<p><strong>Modele:<\/strong><\/p>\n<ul>\n<li>Lexus ES300, MCV10, VCV10, MCV20, MCV30, MCV31<\/li>\n<li>Lexus ES330, MCV30, MCV31<\/li>\n<li>Lexus ES350, GSV40<\/li>\n<li>Lexus LFA, LFA10<\/li>\n<li>Lexus LS400, UCF10, UCF20<\/li>\n<li>Lexus SC300, JZZ31, UZZ30<\/li>\n<li>Lexus SC400, JZZ31, UZZ30<\/li>\n<li>Mazda Familia, BG6P, BG8S, BG8R, BG6R, BG6S, BG3P, BG8RA, BG3S, BG6Z, BG8Z, BG5P, BG5S, BG7P, BG8P<\/li>\n<li>Mazda MPV, GESR, LVEW, LV5W, GEFP, LVLR, GE5P, LVLW, GE8P, LVEWE, GEEP<\/li>\n<li>Mazda Roadster, NA6CE, NA8C<\/li>\n<li>Toyota 4Runner, RN101, LN111, VZN130, VZN105, LN130, RN85, RN130, YN135, VZN120, VZN85, YN130, LN205, LN106, RN106, YN106, RN121, VZN95, RN80, VZN110, VZN131, RN110, RN131, RN135, LN135, KZN205, RN90, VZN90, VZN100, RN120, RN105, LN107<\/li>\n<li>Toyota Alphard, ANH10, ATH10, MNH15, ATH10W, MNH10W, ANH15, MNH10, ANH10W, MNH15W, ANH15W<\/li>\n<li>Toyota Avalon, MCX20, MCX10<\/li>\n<li>Toyota Avensis, CDT220, ST220, AT220, CT220, AT221<\/li>\n<li>Toyota Caldina, CT197V, CT190, AT191G, ST191, ST198V, ET196, CT190G, CT198, CT196, CT196V, ST198, ST215, AT211, ET196V, AT191, ST215G, CT199V, ST210G, ST190, AT211G, CT198V, CT199, CT197, ST210, ST191G, ST195G, CT216G, ST195, ST215W, ST190G, CT216<\/li>\n<li>Toyota Camry Gracia, SXV20W, MCV25W, SXV25W, MCV25, SXV25, MCV21W, SXV20, MCV21<\/li>\n<li>Toyota Camry, SV40, VCV10, SV41, SV42, SXV23, SV43, MCV20, SXV20, SXV10, SXV11, MCV10, CV40, CV43<\/li>\n<li>Toyota Carina E, AT190, AT191L, ST191L, AT191, CT190, AT190L, ST191, CT190L<\/li>\n<li>Toyota Carina, AT190, AT192, ST215, CT216, AT211, CT211, ST190, CT190, AT191, CT215, ST195, AT210, AT212, CT210, CT195<\/li>\n<li>Toyota Celica, ST202C, ST204, ST205, AT200, ST203, ST202<\/li>\n<li>Toyota Celsior, UCF10, UCF20, UCF11, UCF21<\/li>\n<li>Toyota Century, GZG50<\/li>\n<li>Toyota Chaser, GX81, GX71, LX70, YX72, JZX90, SX70, GX90, MX71, YX80, LX80, SX80, MX83, JZX81, LX90, YX70, SX90, JZX91, JZX93<\/li>\n<li>Toyota Corolla II, EL43, EL45, EL41, NL40, EL55, EL51, EL53, NL50<\/li>\n<li>Toyota Corona, AT210, CT195, CT210, ST215, CT215, ST190, AT190, CT190, ST195, AT211, CT211, CT220, ST220, CT216, AT220, ST210, ST191<\/li>\n<li>Toyota Corsa, EL41, NL50, EL43, EL55, NL40, EL53, EL51, EL45<\/li>\n<li>Toyota Cressida, LX71, MX72, RX72, RX70, MX75, YX72, RX80, YX70, LX70, MX73, GX81, RX73, RX71, LX80, MX81, MX83, RX81, GX71<\/li>\n<li>Toyota Cresta, SX80, LX80, LX90, MX83, GX90, SX90, GX71, JZX91, JZX93, JZX81, GX81, YX80, JZX90, SX70, LX70, MX71<\/li>\n<li>Toyota Crown, LS130, MS130, YS132, MS132, GS136, LS130W, MS133, YS130, GS130W, GS130, LS136, GS130G, LS130G<\/li>\n<li>Toyota Curren, ST207, ST208, ST206<\/li>\n<li>Toyota Cynos, EL52C, EL44, EL52, EL54, EL54C<\/li>\n<li>Toyota Estima, ACR40W, AHR10W, ACR30W, AHR10, ACR30, MCR30, MCR30W, ACR40, MCR40W, MCR40<\/li>\n<li>Toyota Gaia, ACM15G, ACM10G, CXM10, ACM15, SXM10, SXM15, ACM10, CXM10G, SXM15G, SXM10G<\/li>\n<li>Toyota Grand Hiace, RCH11, VCH10, VCH16W, KCH16, VCH16, VCH10W, KCH12, VCH22, KCH10, KCH16W, VCH28, KCH10W<\/li>\n<li>Toyota Granvia, VCH10, VCH10W, KCH10W, VCH28, VCH22, KCH16W, KCH12, VCH16W, RCH11W, RCH11, KCH10, VCH16, KCH16<\/li>\n<li>Toyota Hiace, RCH29, LXH28, RCH12, KLH12, RCH13, LXH12, LXH18, RCH19, RCH18, KLH18, RCH22, KLH22, RCH23, RCH28, KLH28, LXH22<\/li>\n<li>Toyota Hilux, LN112, LN135, RZN200, RN125, RN80, LN131, YN130, RN90, YN90, LN86, YN80, LN107, YN105, RN105, LN109, LN130, YN135, RN130, LN205, YN110, YN87, RN106, LN106, YN100, LN108, LN200, LN110, RN110, YN86, LN90, YN92, LN105, YN107, RN85, LN111, VZN130, LN80, LN91, KZN205, RN135, LN85, YN85, KZN130, YN81, LN81, YN106, LN100<\/li>\n<li>Toyota Ipsum, SXM15, CXM10G, SXM15G, SXM10, SXM10G, CXM10<\/li>\n<li>Toyota Land Cruiser Prado, VZJ90, RZJ95W, VZJ90W, LJ90, KDJ90W, KZJ95W, RZJ95, KZJ95, KDJ90, KDJ95W, VZJ95, VZJ95W, LJ95, KZJ90W, RZJ90W, RZJ90, KDJ95, KZJ90<\/li>\n<li>Toyota MR-S, ZZW30<\/li>\n<li>Toyota MR2, ZZW30<\/li>\n<li>Toyota Mark II Wagon Qualis, SXV25, MCV20W, SXV25W, MCV25, MCV20, MCV21, SXV20W, SXV20, MCV21W, MCV25W<\/li>\n<li>Toyota Mark II, SX80, MX83, LX90, SX90, JZX93, GX81, YX76, YX72, JZX90E, GX90, JZX90, LX80Q, JZX91E, LX76, JZX81, GX70, JZX91, YX80, YX78, YX70, GX70G, LX90Y, GX71, LX70, SX70, MX71, LX80<\/li>\n<li>Toyota Nadia, ACN15, ACN10H, SXN15H, ACN15H, ACN10, SXN15, SXN10, SXN10H<\/li>\n<li>Toyota Paseo, EL44, EL54<\/li>\n<li>Toyota Picnic, SXM10L, CXM10L, SXM10, CXM10<\/li>\n<li>Toyota Previa, CLR30, ACR30<\/li>\n<li>Toyota Pronard, MCX20<\/li>\n<li>Toyota RAV4, SXA15, SXA15G, SXA10G, SXA10C, SXA11W, SXA16G, SXA11G, BEA11, SXA11, SXA10, SXA10W, SXA16<\/li>\n<li>Toyota Raum, NCZ20, EXZ10, NCZ25, EXZ15<\/li>\n<li>Toyota Regius, RCH41, RCH42, RCH47W, RCH47, RCH41W, KCH40, KCH46, KCH40W, KCH46W, LXH49, LXH43<\/li>\n<li>Toyota Scepter, SXV15, VCV10, VCV15W, VCV15, SXV15W, SXV10<\/li>\n<li>Toyota Sienna, MCL10<\/li>\n<li>Toyota Soarer, UZZ32, JZZ30, UZZ30, UZZ31, MZ20, MZ21, JZZ31, GZ20<\/li>\n<li>Toyota Solara, SXV20, MCV20, ACV20<\/li>\n<li>Toyota Soluna, AL50<\/li>\n<li>Toyota Starlet, EP95, EP81, EP82, EP80, NP80, EP85, EP91, EP90, NP90<\/li>\n<li>Toyota Supra, JZA80, MA70, JZA70, GA70H, GA70<\/li>\n<li>Toyota T100, VCK20, RCK10, VCK21, VCK11, VCK10<\/li>\n<li>Toyota Tarago, ACR30, CLR30<\/li>\n<li>Toyota Tercel, EL43, EL50, EL42, EL51, EL45, EL55, NL50, EL53, EL40, EL41, NL40<\/li>\n<li>Toyota Vista, CV43, SV40, SV42, SV41, SV43, CV40<\/li>\n<li>Toyota WiLL VS, NZE127, ZZE127, ZZE129, ZZE128<\/li>\n<li>Toyota Windom, VCV10, MCV30, MCV20, MCV21<\/li>\n<\/ul>\n<p><\/p>","protected":false},"excerpt":{"rendered":"<p><b>OEM:<\/b> 53879-14010-A, 5387914010A, 53879-14020, 5387914020, 53879-22030, 5387922030, 94841226, LA01-56-135, LA0156135<\/p>\n<p><b>Dimensiune F:<\/b> 19<br \/><b>Dimensiune H:<\/b> 13<br \/><b>Dimensiune T:<\/b> 31<\/p>\n","protected":false},"featured_media":6468,"template":"","meta":[],"product_cat":[25,134],"product_tag":[],"bundled_by":[],"bundle_stock_status":"instock","bundle_stock_quantity":null,"bundle_virtual":false,"bundle_layout":"","bundle_add_to_cart_form_location":"","bundle_editable_in_cart":false,"bundle_sold_individually_context":"","bundle_item_grouping":"","bundle_min_size":"","bundle_max_size":"","bundled_items":[],"yoast_head":"<!-- This site is optimized with the Yoast SEO Premium plugin v16.6 (Yoast SEO v20.1) - https:\/\/yoast.com\/wordpress\/plugins\/seo\/ -->\n<title>C0049 - Autoclipsuri, Clem\u0103 - atg.md<\/title>\n<meta name=\"robots\" content=\"index, follow, max-snippet:-1, max-image-preview:large, max-video-preview:-1\" \/>\n<link rel=\"canonical\" href=\"https:\/\/atg.md\/ro\/catalog\/autoclipsuri\/zazhim\/c0049\/\" \/>\n<meta property=\"og:locale\" content=\"ro_RO\" \/>\n<meta property=\"og:type\" content=\"article\" \/>\n<meta property=\"og:title\" content=\"C0049 - Autoclipsuri, Clem\u0103 - atg.md\" \/>\n<meta property=\"og:description\" content=\"OEM: 53879-14010-A, 5387914010A, 53879-14020, 5387914020, 53879-22030, 5387922030, 94841226, LA01-56-135, LA0156135Dimensiune F: 19Dimensiune H: 13Dimensiune T: 31\" \/>\n<meta property=\"og:url\" content=\"https:\/\/atg.md\/ro\/wp-json\/wp\/v2\/product\/6467\" \/>\n<meta property=\"og:site_name\" content=\"atg.md\" \/>\n<meta property=\"article:modified_time\" content=\"2024-07-05T07:00:44+00:00\" \/>\n<meta property=\"og:image\" content=\"https:\/\/atg.md\/wp-content\/uploads\/2021\/03\/c0049.jpg\" \/>\n\t<meta property=\"og:image:width\" content=\"600\" \/>\n\t<meta property=\"og:image:height\" content=\"600\" \/>\n\t<meta property=\"og:image:type\" content=\"image\/jpeg\" \/>\n<meta name=\"twitter:card\" content=\"summary_large_image\" \/>\n<meta name=\"twitter:label1\" content=\"Pre\u021b\" \/>\n\t<meta name=\"twitter:data1\" content=\"7.00&nbsp;MDL\" \/>\n\t<meta name=\"twitter:label2\" content=\"Availability\" \/>\n\t<meta name=\"twitter:data2\" content=\"In stock\" \/>\n<script type=\"application\/ld+json\" class=\"yoast-schema-graph\">{\"@context\":\"https:\/\/schema.org\",\"@graph\":[{\"@type\":\"WebPage\",\"@id\":\"https:\/\/atg.md\/ro\/catalog\/autoclipsuri\/zazhim\/c0049\/\",\"url\":\"https:\/\/atg.md\/ro\/catalog\/autoclipsuri\/zazhim\/c0049\/\",\"name\":\"C0049 - Autoclipsuri, Clem\u0103 - atg.md\",\"isPartOf\":{\"@id\":\"https:\/\/atg.md\/ro\/#website\"},\"datePublished\":\"2021-03-30T09:04:46+00:00\",\"dateModified\":\"2024-07-05T07:00:44+00:00\",\"breadcrumb\":{\"@id\":\"https:\/\/atg.md\/ro\/catalog\/autoclipsuri\/zazhim\/c0049\/#breadcrumb\"},\"inLanguage\":\"ro-RO\",\"potentialAction\":[{\"@type\":\"ReadAction\",\"target\":[[\"https:\/\/atg.md\/ro\/catalog\/autoclipsuri\/zazhim\/c0049\/\"]]}]},{\"@type\":\"BreadcrumbList\",\"@id\":\"https:\/\/atg.md\/ro\/catalog\/autoclipsuri\/zazhim\/c0049\/#breadcrumb\",\"itemListElement\":[{\"@type\":\"ListItem\",\"position\":1,\"name\":\"Home\",\"item\":\"https:\/\/atg.md\/ro\/\"},{\"@type\":\"ListItem\",\"position\":2,\"name\":\"\u041a\u0430\u0442\u0430\u043b\u043e\u0433\",\"item\":\"https:\/\/atg.md\/ro\/catalog\/\"},{\"@type\":\"ListItem\",\"position\":3,\"name\":\"C0049\"}]},{\"@type\":\"WebSite\",\"@id\":\"https:\/\/atg.md\/ro\/#website\",\"url\":\"https:\/\/atg.md\/ro\/\",\"name\":\"atg.md\",\"description\":\"V\u00e2nzare de izola\u021bii \u00eempotriva vibra\u021biilor pentru ma\u0219ini, izola\u021bie termic\u0103, izolare fonic\u0103 de la cei mai buni produc\u0103tori, autoclipsuri, elemente de fixare auto. Cump\u0103ra\u021bi \u00een Moldova, Chi\u0219in\u0103u\",\"publisher\":{\"@id\":\"https:\/\/atg.md\/ro\/#organization\"},\"potentialAction\":[{\"@type\":\"SearchAction\",\"target\":{\"@type\":\"EntryPoint\",\"urlTemplate\":\"https:\/\/atg.md\/ro\/?s={search_term_string}\"},\"query-input\":\"required name=search_term_string\"}],\"inLanguage\":\"ro-RO\"},{\"@type\":[\"Organization\",\"Place\",\"AutoPartsStore\"],\"@id\":\"https:\/\/atg.md\/ro\/#organization\",\"name\":\"S.C. AUTOTOM GRUP S.R.L.\",\"url\":\"https:\/\/atg.md\/ro\/\",\"logo\":{\"@type\":\"ImageObject\",\"inLanguage\":\"ro-RO\",\"@id\":\"https:\/\/atg.md\/ro\/#\/schema\/logo\/image\/\",\"url\":\"https:\/\/i2.wp.com\/atg.md\/wp-content\/uploads\/2021\/05\/atg_logo_main.png?fit=656%2C569&ssl=1\",\"contentUrl\":\"https:\/\/i2.wp.com\/atg.md\/wp-content\/uploads\/2021\/05\/atg_logo_main.png?fit=656%2C569&ssl=1\",\"width\":656,\"height\":569,\"caption\":\"S.C. AUTOTOM GRUP S.R.L.\"},\"image\":{\"@id\":\"https:\/\/atg.md\/ro\/#\/schema\/logo\/image\/\"},\"location\":{\"@id\":\"https:\/\/atg.md\/ro\/catalog\/autoclipsuri\/zazhim\/c0049\/#local-place\"},\"address\":{\"@id\":\"https:\/\/atg.md\/ro\/catalog\/autoclipsuri\/zazhim\/c0049\/#local-place-address\"},\"email\":\"atgtvv@gmail.com\",\"telephone\":\"+37369644446\",\"areaServed\":\"Moldova\"},{\"@type\":\"Place\",\"@id\":\"https:\/\/atg.md\/ro\/catalog\/autoclipsuri\/zazhim\/c0049\/#local-place\",\"address\":{\"@type\":\"PostalAddress\",\"@id\":\"https:\/\/atg.md\/ro\/catalog\/autoclipsuri\/zazhim\/c0049\/#local-place-address\",\"streetAddress\":\"str. Alba-Iulia 77\/20\",\"addressLocality\":\"Chisinau\",\"postalCode\":\"2043\",\"addressRegion\":\"mun. Chisinau\",\"addressCountry\":\"MD\"},\"geo\":{\"@type\":\"GeoCoordinates\",\"latitude\":\"47.0376\",\"longitude\":\"28.76899\"},\"openingHoursSpecification\":[{\"@type\":\"OpeningHoursSpecification\",\"dayOfWeek\":[\"Monday\",\"Tuesday\",\"Wednesday\",\"Thursday\",\"Friday\"],\"opens\":\"09:00\",\"closes\":\"18:00\"},{\"@type\":\"OpeningHoursSpecification\",\"dayOfWeek\":[\"Saturday\"],\"opens\":\"09:00\",\"closes\":\"14:00\"},{\"@type\":\"OpeningHoursSpecification\",\"dayOfWeek\":[\"Sunday\"],\"opens\":\"00:00\",\"closes\":\"00:00\"}],\"telephone\":\"+37369644446\"}]}<\/script>\n<meta name=\"geo.placename\" content=\"Chisinau\" \/>\n<meta name=\"geo.position\" content=\"47.0376;28.76899\" \/>\n<meta name=\"geo.region\" content=\"Moldova\" \/>\n<!-- \/ Yoast SEO Premium plugin. -->","yoast_head_json":{"title":"C0049 - Autoclipsuri, Clem\u0103 - atg.md","robots":{"index":"index","follow":"follow","max-snippet":"max-snippet:-1","max-image-preview":"max-image-preview:large","max-video-preview":"max-video-preview:-1"},"canonical":"https:\/\/atg.md\/ro\/catalog\/autoclipsuri\/zazhim\/c0049\/","og_locale":"ro_RO","og_type":"article","og_title":"C0049 - Autoclipsuri, Clem\u0103 - atg.md","og_description":"OEM: 53879-14010-A, 5387914010A, 53879-14020, 5387914020, 53879-22030, 5387922030, 94841226, LA01-56-135, LA0156135Dimensiune F: 19Dimensiune H: 13Dimensiune T: 31","og_url":"https:\/\/atg.md\/ro\/wp-json\/wp\/v2\/product\/6467","og_site_name":"atg.md","article_modified_time":"2024-07-05T07:00:44+00:00","og_image":[{"width":600,"height":600,"url":"https:\/\/atg.md\/wp-content\/uploads\/2021\/03\/c0049.jpg","type":"image\/jpeg"}],"twitter_card":"summary_large_image","twitter_misc":{"Pre\u021b":"7.00&nbsp;MDL","Availability":"In stock"},"schema":{"@context":"https:\/\/schema.org","@graph":[{"@type":"WebPage","@id":"https:\/\/atg.md\/ro\/catalog\/autoclipsuri\/zazhim\/c0049\/","url":"https:\/\/atg.md\/ro\/catalog\/autoclipsuri\/zazhim\/c0049\/","name":"C0049 - Autoclipsuri, Clem\u0103 - atg.md","isPartOf":{"@id":"https:\/\/atg.md\/ro\/#website"},"datePublished":"2021-03-30T09:04:46+00:00","dateModified":"2024-07-05T07:00:44+00:00","breadcrumb":{"@id":"https:\/\/atg.md\/ro\/catalog\/autoclipsuri\/zazhim\/c0049\/#breadcrumb"},"inLanguage":"ro-RO","potentialAction":[{"@type":"ReadAction","target":[["https:\/\/atg.md\/ro\/catalog\/autoclipsuri\/zazhim\/c0049\/"]]}]},{"@type":"BreadcrumbList","@id":"https:\/\/atg.md\/ro\/catalog\/autoclipsuri\/zazhim\/c0049\/#breadcrumb","itemListElement":[{"@type":"ListItem","position":1,"name":"Home","item":"https:\/\/atg.md\/ro\/"},{"@type":"ListItem","position":2,"name":"\u041a\u0430\u0442\u0430\u043b\u043e\u0433","item":"https:\/\/atg.md\/ro\/catalog\/"},{"@type":"ListItem","position":3,"name":"C0049"}]},{"@type":"WebSite","@id":"https:\/\/atg.md\/ro\/#website","url":"https:\/\/atg.md\/ro\/","name":"atg.md","description":"V\u00e2nzare de izola\u021bii \u00eempotriva vibra\u021biilor pentru ma\u0219ini, izola\u021bie termic\u0103, izolare fonic\u0103 de la cei mai buni produc\u0103tori, autoclipsuri, elemente de fixare auto. Cump\u0103ra\u021bi \u00een Moldova, Chi\u0219in\u0103u","publisher":{"@id":"https:\/\/atg.md\/ro\/#organization"},"potentialAction":[{"@type":"SearchAction","target":{"@type":"EntryPoint","urlTemplate":"https:\/\/atg.md\/ro\/?s={search_term_string}"},"query-input":"required name=search_term_string"}],"inLanguage":"ro-RO"},{"@type":["Organization","Place","AutoPartsStore"],"@id":"https:\/\/atg.md\/ro\/#organization","name":"S.C. AUTOTOM GRUP S.R.L.","url":"https:\/\/atg.md\/ro\/","logo":{"@type":"ImageObject","inLanguage":"ro-RO","@id":"https:\/\/atg.md\/ro\/#\/schema\/logo\/image\/","url":"https:\/\/i2.wp.com\/atg.md\/wp-content\/uploads\/2021\/05\/atg_logo_main.png?fit=656%2C569&ssl=1","contentUrl":"https:\/\/i2.wp.com\/atg.md\/wp-content\/uploads\/2021\/05\/atg_logo_main.png?fit=656%2C569&ssl=1","width":656,"height":569,"caption":"S.C. AUTOTOM GRUP S.R.L."},"image":{"@id":"https:\/\/atg.md\/ro\/#\/schema\/logo\/image\/"},"location":{"@id":"https:\/\/atg.md\/ro\/catalog\/autoclipsuri\/zazhim\/c0049\/#local-place"},"address":{"@id":"https:\/\/atg.md\/ro\/catalog\/autoclipsuri\/zazhim\/c0049\/#local-place-address"},"email":"atgtvv@gmail.com","telephone":"+37369644446","areaServed":"Moldova"},{"@type":"Place","@id":"https:\/\/atg.md\/ro\/catalog\/autoclipsuri\/zazhim\/c0049\/#local-place","address":{"@type":"PostalAddress","@id":"https:\/\/atg.md\/ro\/catalog\/autoclipsuri\/zazhim\/c0049\/#local-place-address","streetAddress":"str. Alba-Iulia 77\/20","addressLocality":"Chisinau","postalCode":"2043","addressRegion":"mun. Chisinau","addressCountry":"MD"},"geo":{"@type":"GeoCoordinates","latitude":"47.0376","longitude":"28.76899"},"openingHoursSpecification":[{"@type":"OpeningHoursSpecification","dayOfWeek":["Monday","Tuesday","Wednesday","Thursday","Friday"],"opens":"09:00","closes":"18:00"},{"@type":"OpeningHoursSpecification","dayOfWeek":["Saturday"],"opens":"09:00","closes":"14:00"},{"@type":"OpeningHoursSpecification","dayOfWeek":["Sunday"],"opens":"00:00","closes":"00:00"}],"telephone":"+37369644446"}]}},"_links":{"self":[{"href":"https:\/\/atg.md\/ro\/wp-json\/wp\/v2\/product\/6467"}],"collection":[{"href":"https:\/\/atg.md\/ro\/wp-json\/wp\/v2\/product"}],"about":[{"href":"https:\/\/atg.md\/ro\/wp-json\/wp\/v2\/types\/product"}],"wp:featuredmedia":[{"embeddable":true,"href":"https:\/\/atg.md\/ro\/wp-json\/wp\/v2\/media\/6468"}],"wp:attachment":[{"href":"https:\/\/atg.md\/ro\/wp-json\/wp\/v2\/media?parent=6467"}],"wp:term":[{"taxonomy":"product_cat","embeddable":true,"href":"https:\/\/atg.md\/ro\/wp-json\/wp\/v2\/product_cat?post=6467"},{"taxonomy":"product_tag","embeddable":true,"href":"https:\/\/atg.md\/ro\/wp-json\/wp\/v2\/product_tag?post=6467"}],"curies":[{"name":"wp","href":"https:\/\/api.w.org\/{rel}","templated":true}]}}