{"id":6460,"date":"2021-03-30T09:04:46","date_gmt":"2021-03-30T09:04:46","guid":{"rendered":"http:\/\/atg.md\/product\/c0045\/"},"modified":"2024-07-05T07:00:40","modified_gmt":"2024-07-05T07:00:40","slug":"c0045","status":"publish","type":"product","link":"https:\/\/atg.md\/ro\/catalog\/autoclipsuri\/s-rezbovym-shtyrkom\/c0045\/","title":{"rendered":"C0045"},"content":{"rendered":"<p><strong>Modele:<\/strong><\/p>\n<ul>\n<li>Honda Accord, E-CA1<\/li>\n<li>Honda Acty Truck, GD-HA6, GBD-HA7, UE-HA6, UE-HA7, GBD-HA6, GD-HA7<\/li>\n<li>Honda Acty, GBD-HH5, GBD-HH6, UE-HH6, UE-HH5, -HH5, GD-HH5, GD-HH6, -HH6<\/li>\n<li>Honda Airwave, DBA-GJ2, DBA-GJ1<\/li>\n<li>Honda Ballade, E-AK, E-AJ<\/li>\n<li>Honda CR-V, ABA-RD5, ABA-RD4, E-RD1, CBA-RD7, LA-RD4, CBA-RD6, LA-RD5<\/li>\n<li>Honda CR-X del Sol, E-EJ4, E-EG2<\/li>\n<li>Honda CR-X, E-AF, E-AE, E-AS<\/li>\n<li>Honda Capa, GF-GA4, GF-GA6<\/li>\n<li>Honda City<\/li>\n<li>Honda Civic CRX<\/li>\n<li>Honda Civic Ferio, LA-ES1, LA-ES2, E-EK3, UA-ES3, E-EK4, E-EK5, UA-ES1, CBA-ES3, E-EK2, LA-ES3, ABA-ES2, GF-EK5, CBA-ES1, E-EK8, GF-EK3, GF-EK4, LA-ET2, GF-EK2, ABA-ET2<\/li>\n<li>Honda Civic Hybrid, DAA-FD3, ZA-ES9, CAA-ES9<\/li>\n<li>Honda Civic Shuttle<\/li>\n<li>Honda Civic, CAA-ES9, -EJ7, E-EK2, E-AK, GF-EK4, UN-EN2, ABA-EU4, LA-EU1, E-AT, LA-EU4, UA-EU1, GF-EK2, DBA-FD2, NA-EN1, UA-EU3, E-AG, CBA-EU3, L-VJ, ZA-ES9, LA-EU2, E-AU, E-EK3, LA-EP3, GF-EK3, ABA-FD2, E-AJ, E-EJ7, E-EK4, DFA-EN2, DBA-FD1, E-EK9, E-AH, GF-EK9, LA-EU3, ABA-EP3<\/li>\n<li>Honda Concerto<\/li>\n<li>Honda Crossroad, DBA-RT4, DBA-RT2, DBA-RT3, DBA-RT1<\/li>\n<li>Honda Domani, E-MA4, E-MA5, E-MA6, GF-MB5, GF-MB4, GF-MB3, E-MB4, E-MB5, E-MB3, E-MA7<\/li>\n<li>Honda Edix, CBA-BE1, ABA-BE4, DBA-BE3, ABA-BE2, DBA-BE8<\/li>\n<li>Honda Element, CBA-YH2, UA-YH2<\/li>\n<li>Honda FR-V<\/li>\n<li>Honda Fit Aria, DBA-GD9, LA-GD6, LA-GD8, DBA-GD6, LA-GD7, DBA-GD7, DBA-GD8, LA-GD9<\/li>\n<li>Honda Fit, DBA-GD1, DBA-GD4, UA-GD4, DBA-GD3, DBA-GD2, CBA-GD4, UA-GD1, LA-GD1, CBA-GD3, UA-GD3, DBA-GE7, LA-GD2, UA-GD2, DBA-GE6, DBA-GE9, DBA-GE8, LA-GD3, LA-GD4<\/li>\n<li>Honda HR-V, GF-GH4, LA-GH1, GF-GH3, GF-GH2, LA-GH3, LA-GH2, ABA-GH4, GF-GH1, ABA-GH3, LA-GH4<\/li>\n<li>Honda Insight, DAA-ZE2, AAA-ZE1, YA-ZE1, HN-ZE1<\/li>\n<li>Honda Integra SJ, GF-EK3, E-EK3<\/li>\n<li>Honda Integra, ABA-DC5, E-DA1, E-AV, E-DC2, GF-DC2, E-DB9, GF-DB9, E-DA2, E-DC1, GF-DC1, E-DB8, GF-DB8, E-DB6, GF-DB6<\/li>\n<li>Honda Jazz<\/li>\n<li>Honda Lagreat, LA-RL1, GH-RL1<\/li>\n<li>Honda Legend, E-KA8, E-KA7<\/li>\n<li>Honda Life Dunk, LA-JB3, LA-JB4<\/li>\n<li>Honda Life, GF-JB2, E-JA4, CBA-JB5, CBA-JB6, LA-JB2, LA-JB1, CBA-JB8, CBA-JB7, DBA-JC1, DBA-JB7, UA-JB8, CBA-JC2, UA-JB5, UA-JB6, UA-JB7, DBA-JB5, GF-JB1<\/li>\n<li>Honda Logo, GF-GA3, GF-GA5, E-GA3<\/li>\n<li>Honda MDX, CBA-YD1, UA-YD1<\/li>\n<li>Honda MR-V<\/li>\n<li>Honda Mobilio Spike, LA-GK1, LA-GK2, CBA-GK2, DBA-GK2, DBA-GK1, CBA-GK1<\/li>\n<li>Honda Mobilio, LA-GB2, DBA-GB2, DBA-GB1, CBA-GB1, LA-GB1, UA-GB1<\/li>\n<li>Honda Odyssey<\/li>\n<li>Honda Orthia, GF-EL3, E-EL2, E-EL3, GF-EL2, E-EL1<\/li>\n<li>Honda Partner, GJ-EY8, LB-EY8, GJ-EY7, LB-EY7, R-EY7, R-EY6, R-EY8, R-EY9, GG-EY6, ABE-EY7, DBE-GJ3, DBE-GJ4, ABE-EY8<\/li>\n<li>Honda Pilot<\/li>\n<li>Honda S-MX, E-RH2, E-RH1, GF-RH2, GF-RH1<\/li>\n<li>Honda S2000, ABA-AP2<\/li>\n<li>Honda Stepwgn, GF-RF2, GF-RF1, LA-RF3, LA-RF4, E-RF2, E-RF1<\/li>\n<li>Honda Stream, DBA-RN6, ABA-RN4, DBA-RN7, DBA-RN9, DBA-RN8, LA-RN3, LA-RN2, LA-RN4, CBA-RN5, CBA-RN1, CBA-RN3, UA-RN1, LA-RN1, UA-RN3, UA-RN5, ABA-RN2<\/li>\n<li>Honda Today, E-JA1, E-JA2, M-JW4, V-JW4, M-JW1, V-JW3, M-JW2, M-JW3, E-JA3<\/li>\n<li>Honda Vamos Hobio, ABA-HM3, LA-HM3, LA-HM4, ABA-HM4, GBD-HJ2, UE-HJ1, UE-HJ2, GBD-HJ1<\/li>\n<li>Honda Vamos, ABA-HM2, ABA-HM1, GF-HM2, GF-HM1, LA-HM1, LA-HM2<\/li>\n<li>Honda Z, GF-PA1<\/li>\n<li>Honda Zest, CBA-JE2, DBA-JE1<\/li>\n<\/ul>\n<p><\/p>","protected":false},"excerpt":{"rendered":"<p><b>OEM:<\/b> 90675-S3-003, 90675S3003, 90675-SB3-003, 90675SB3003, F01-56-964, F0156964, 63876-95596, 6387695596<\/p>\n<p><b>Dimensiune F:<\/b> 8<br \/><b>Dimensiune H:<\/b> 12<br \/><b>Dimensiune T:<\/b> 20<\/p>\n","protected":false},"featured_media":6461,"template":"","meta":[],"product_cat":[25,90],"product_tag":[],"bundled_by":[],"bundle_stock_status":"instock","bundle_stock_quantity":null,"bundle_virtual":false,"bundle_layout":"","bundle_add_to_cart_form_location":"","bundle_editable_in_cart":false,"bundle_sold_individually_context":"","bundle_item_grouping":"","bundle_min_size":"","bundle_max_size":"","bundled_items":[],"yoast_head":"<!-- This site is optimized with the Yoast SEO Premium plugin v16.6 (Yoast SEO v20.1) - https:\/\/yoast.com\/wordpress\/plugins\/seo\/ -->\n<title>C0045 - Autoclipsuri, Cu un ac filetat - atg.md<\/title>\n<meta name=\"robots\" content=\"index, follow, max-snippet:-1, max-image-preview:large, max-video-preview:-1\" \/>\n<link rel=\"canonical\" href=\"https:\/\/atg.md\/ro\/catalog\/autoclipsuri\/s-rezbovym-shtyrkom\/c0045\/\" \/>\n<meta property=\"og:locale\" content=\"ro_RO\" \/>\n<meta property=\"og:type\" content=\"article\" \/>\n<meta property=\"og:title\" content=\"C0045 - Autoclipsuri, Cu un ac filetat - atg.md\" \/>\n<meta property=\"og:description\" content=\"OEM: 90675-S3-003, 90675S3003, 90675-SB3-003, 90675SB3003, F01-56-964, F0156964, 63876-95596, 6387695596Dimensiune F: 8Dimensiune H: 12Dimensiune T: 20\" \/>\n<meta property=\"og:url\" content=\"https:\/\/atg.md\/ro\/wp-json\/wp\/v2\/product\/6460\" \/>\n<meta property=\"og:site_name\" content=\"atg.md\" \/>\n<meta property=\"article:modified_time\" content=\"2024-07-05T07:00:40+00:00\" \/>\n<meta property=\"og:image\" content=\"https:\/\/atg.md\/wp-content\/uploads\/2021\/03\/c0045.jpg\" \/>\n\t<meta property=\"og:image:width\" content=\"600\" \/>\n\t<meta property=\"og:image:height\" content=\"600\" \/>\n\t<meta property=\"og:image:type\" content=\"image\/jpeg\" \/>\n<meta name=\"twitter:card\" content=\"summary_large_image\" \/>\n<meta name=\"twitter:label1\" content=\"Pre\u021b\" \/>\n\t<meta name=\"twitter:data1\" content=\"6.00&nbsp;MDL\" \/>\n\t<meta name=\"twitter:label2\" content=\"Availability\" \/>\n\t<meta name=\"twitter:data2\" content=\"In stock\" \/>\n<script type=\"application\/ld+json\" class=\"yoast-schema-graph\">{\"@context\":\"https:\/\/schema.org\",\"@graph\":[{\"@type\":\"WebPage\",\"@id\":\"https:\/\/atg.md\/ro\/catalog\/autoclipsuri\/s-rezbovym-shtyrkom\/c0045\/\",\"url\":\"https:\/\/atg.md\/ro\/catalog\/autoclipsuri\/s-rezbovym-shtyrkom\/c0045\/\",\"name\":\"C0045 - Autoclipsuri, Cu un ac filetat - atg.md\",\"isPartOf\":{\"@id\":\"https:\/\/atg.md\/ro\/#website\"},\"datePublished\":\"2021-03-30T09:04:46+00:00\",\"dateModified\":\"2024-07-05T07:00:40+00:00\",\"breadcrumb\":{\"@id\":\"https:\/\/atg.md\/ro\/catalog\/autoclipsuri\/s-rezbovym-shtyrkom\/c0045\/#breadcrumb\"},\"inLanguage\":\"ro-RO\",\"potentialAction\":[{\"@type\":\"ReadAction\",\"target\":[[\"https:\/\/atg.md\/ro\/catalog\/autoclipsuri\/s-rezbovym-shtyrkom\/c0045\/\"]]}]},{\"@type\":\"BreadcrumbList\",\"@id\":\"https:\/\/atg.md\/ro\/catalog\/autoclipsuri\/s-rezbovym-shtyrkom\/c0045\/#breadcrumb\",\"itemListElement\":[{\"@type\":\"ListItem\",\"position\":1,\"name\":\"Home\",\"item\":\"https:\/\/atg.md\/ro\/\"},{\"@type\":\"ListItem\",\"position\":2,\"name\":\"\u041a\u0430\u0442\u0430\u043b\u043e\u0433\",\"item\":\"https:\/\/atg.md\/ro\/catalog\/\"},{\"@type\":\"ListItem\",\"position\":3,\"name\":\"C0045\"}]},{\"@type\":\"WebSite\",\"@id\":\"https:\/\/atg.md\/ro\/#website\",\"url\":\"https:\/\/atg.md\/ro\/\",\"name\":\"atg.md\",\"description\":\"V\u00e2nzare de izola\u021bii \u00eempotriva vibra\u021biilor pentru ma\u0219ini, izola\u021bie termic\u0103, izolare fonic\u0103 de la cei mai buni produc\u0103tori, autoclipsuri, elemente de fixare auto. Cump\u0103ra\u021bi \u00een Moldova, Chi\u0219in\u0103u\",\"publisher\":{\"@id\":\"https:\/\/atg.md\/ro\/#organization\"},\"potentialAction\":[{\"@type\":\"SearchAction\",\"target\":{\"@type\":\"EntryPoint\",\"urlTemplate\":\"https:\/\/atg.md\/ro\/?s={search_term_string}\"},\"query-input\":\"required name=search_term_string\"}],\"inLanguage\":\"ro-RO\"},{\"@type\":[\"Organization\",\"Place\",\"AutoPartsStore\"],\"@id\":\"https:\/\/atg.md\/ro\/#organization\",\"name\":\"S.C. AUTOTOM GRUP S.R.L.\",\"url\":\"https:\/\/atg.md\/ro\/\",\"logo\":{\"@type\":\"ImageObject\",\"inLanguage\":\"ro-RO\",\"@id\":\"https:\/\/atg.md\/ro\/#\/schema\/logo\/image\/\",\"url\":\"https:\/\/i2.wp.com\/atg.md\/wp-content\/uploads\/2021\/05\/atg_logo_main.png?fit=656%2C569&ssl=1\",\"contentUrl\":\"https:\/\/i2.wp.com\/atg.md\/wp-content\/uploads\/2021\/05\/atg_logo_main.png?fit=656%2C569&ssl=1\",\"width\":656,\"height\":569,\"caption\":\"S.C. AUTOTOM GRUP S.R.L.\"},\"image\":{\"@id\":\"https:\/\/atg.md\/ro\/#\/schema\/logo\/image\/\"},\"location\":{\"@id\":\"https:\/\/atg.md\/ro\/catalog\/autoclipsuri\/s-rezbovym-shtyrkom\/c0045\/#local-place\"},\"address\":{\"@id\":\"https:\/\/atg.md\/ro\/catalog\/autoclipsuri\/s-rezbovym-shtyrkom\/c0045\/#local-place-address\"},\"email\":\"atgtvv@gmail.com\",\"telephone\":\"+37369644446\",\"areaServed\":\"Moldova\"},{\"@type\":\"Place\",\"@id\":\"https:\/\/atg.md\/ro\/catalog\/autoclipsuri\/s-rezbovym-shtyrkom\/c0045\/#local-place\",\"address\":{\"@type\":\"PostalAddress\",\"@id\":\"https:\/\/atg.md\/ro\/catalog\/autoclipsuri\/s-rezbovym-shtyrkom\/c0045\/#local-place-address\",\"streetAddress\":\"str. Alba-Iulia 77\/20\",\"addressLocality\":\"Chisinau\",\"postalCode\":\"2043\",\"addressRegion\":\"mun. Chisinau\",\"addressCountry\":\"MD\"},\"geo\":{\"@type\":\"GeoCoordinates\",\"latitude\":\"47.0376\",\"longitude\":\"28.76899\"},\"openingHoursSpecification\":[{\"@type\":\"OpeningHoursSpecification\",\"dayOfWeek\":[\"Monday\",\"Tuesday\",\"Wednesday\",\"Thursday\",\"Friday\"],\"opens\":\"09:00\",\"closes\":\"18:00\"},{\"@type\":\"OpeningHoursSpecification\",\"dayOfWeek\":[\"Saturday\"],\"opens\":\"09:00\",\"closes\":\"14:00\"},{\"@type\":\"OpeningHoursSpecification\",\"dayOfWeek\":[\"Sunday\"],\"opens\":\"00:00\",\"closes\":\"00:00\"}],\"telephone\":\"+37369644446\"}]}<\/script>\n<meta name=\"geo.placename\" content=\"Chisinau\" \/>\n<meta name=\"geo.position\" content=\"47.0376;28.76899\" \/>\n<meta name=\"geo.region\" content=\"Moldova\" \/>\n<!-- \/ Yoast SEO Premium plugin. -->","yoast_head_json":{"title":"C0045 - Autoclipsuri, Cu un ac filetat - atg.md","robots":{"index":"index","follow":"follow","max-snippet":"max-snippet:-1","max-image-preview":"max-image-preview:large","max-video-preview":"max-video-preview:-1"},"canonical":"https:\/\/atg.md\/ro\/catalog\/autoclipsuri\/s-rezbovym-shtyrkom\/c0045\/","og_locale":"ro_RO","og_type":"article","og_title":"C0045 - Autoclipsuri, Cu un ac filetat - atg.md","og_description":"OEM: 90675-S3-003, 90675S3003, 90675-SB3-003, 90675SB3003, F01-56-964, F0156964, 63876-95596, 6387695596Dimensiune F: 8Dimensiune H: 12Dimensiune T: 20","og_url":"https:\/\/atg.md\/ro\/wp-json\/wp\/v2\/product\/6460","og_site_name":"atg.md","article_modified_time":"2024-07-05T07:00:40+00:00","og_image":[{"width":600,"height":600,"url":"https:\/\/atg.md\/wp-content\/uploads\/2021\/03\/c0045.jpg","type":"image\/jpeg"}],"twitter_card":"summary_large_image","twitter_misc":{"Pre\u021b":"6.00&nbsp;MDL","Availability":"In stock"},"schema":{"@context":"https:\/\/schema.org","@graph":[{"@type":"WebPage","@id":"https:\/\/atg.md\/ro\/catalog\/autoclipsuri\/s-rezbovym-shtyrkom\/c0045\/","url":"https:\/\/atg.md\/ro\/catalog\/autoclipsuri\/s-rezbovym-shtyrkom\/c0045\/","name":"C0045 - Autoclipsuri, Cu un ac filetat - atg.md","isPartOf":{"@id":"https:\/\/atg.md\/ro\/#website"},"datePublished":"2021-03-30T09:04:46+00:00","dateModified":"2024-07-05T07:00:40+00:00","breadcrumb":{"@id":"https:\/\/atg.md\/ro\/catalog\/autoclipsuri\/s-rezbovym-shtyrkom\/c0045\/#breadcrumb"},"inLanguage":"ro-RO","potentialAction":[{"@type":"ReadAction","target":[["https:\/\/atg.md\/ro\/catalog\/autoclipsuri\/s-rezbovym-shtyrkom\/c0045\/"]]}]},{"@type":"BreadcrumbList","@id":"https:\/\/atg.md\/ro\/catalog\/autoclipsuri\/s-rezbovym-shtyrkom\/c0045\/#breadcrumb","itemListElement":[{"@type":"ListItem","position":1,"name":"Home","item":"https:\/\/atg.md\/ro\/"},{"@type":"ListItem","position":2,"name":"\u041a\u0430\u0442\u0430\u043b\u043e\u0433","item":"https:\/\/atg.md\/ro\/catalog\/"},{"@type":"ListItem","position":3,"name":"C0045"}]},{"@type":"WebSite","@id":"https:\/\/atg.md\/ro\/#website","url":"https:\/\/atg.md\/ro\/","name":"atg.md","description":"V\u00e2nzare de izola\u021bii \u00eempotriva vibra\u021biilor pentru ma\u0219ini, izola\u021bie termic\u0103, izolare fonic\u0103 de la cei mai buni produc\u0103tori, autoclipsuri, elemente de fixare auto. Cump\u0103ra\u021bi \u00een Moldova, Chi\u0219in\u0103u","publisher":{"@id":"https:\/\/atg.md\/ro\/#organization"},"potentialAction":[{"@type":"SearchAction","target":{"@type":"EntryPoint","urlTemplate":"https:\/\/atg.md\/ro\/?s={search_term_string}"},"query-input":"required name=search_term_string"}],"inLanguage":"ro-RO"},{"@type":["Organization","Place","AutoPartsStore"],"@id":"https:\/\/atg.md\/ro\/#organization","name":"S.C. AUTOTOM GRUP S.R.L.","url":"https:\/\/atg.md\/ro\/","logo":{"@type":"ImageObject","inLanguage":"ro-RO","@id":"https:\/\/atg.md\/ro\/#\/schema\/logo\/image\/","url":"https:\/\/i2.wp.com\/atg.md\/wp-content\/uploads\/2021\/05\/atg_logo_main.png?fit=656%2C569&ssl=1","contentUrl":"https:\/\/i2.wp.com\/atg.md\/wp-content\/uploads\/2021\/05\/atg_logo_main.png?fit=656%2C569&ssl=1","width":656,"height":569,"caption":"S.C. AUTOTOM GRUP S.R.L."},"image":{"@id":"https:\/\/atg.md\/ro\/#\/schema\/logo\/image\/"},"location":{"@id":"https:\/\/atg.md\/ro\/catalog\/autoclipsuri\/s-rezbovym-shtyrkom\/c0045\/#local-place"},"address":{"@id":"https:\/\/atg.md\/ro\/catalog\/autoclipsuri\/s-rezbovym-shtyrkom\/c0045\/#local-place-address"},"email":"atgtvv@gmail.com","telephone":"+37369644446","areaServed":"Moldova"},{"@type":"Place","@id":"https:\/\/atg.md\/ro\/catalog\/autoclipsuri\/s-rezbovym-shtyrkom\/c0045\/#local-place","address":{"@type":"PostalAddress","@id":"https:\/\/atg.md\/ro\/catalog\/autoclipsuri\/s-rezbovym-shtyrkom\/c0045\/#local-place-address","streetAddress":"str. Alba-Iulia 77\/20","addressLocality":"Chisinau","postalCode":"2043","addressRegion":"mun. Chisinau","addressCountry":"MD"},"geo":{"@type":"GeoCoordinates","latitude":"47.0376","longitude":"28.76899"},"openingHoursSpecification":[{"@type":"OpeningHoursSpecification","dayOfWeek":["Monday","Tuesday","Wednesday","Thursday","Friday"],"opens":"09:00","closes":"18:00"},{"@type":"OpeningHoursSpecification","dayOfWeek":["Saturday"],"opens":"09:00","closes":"14:00"},{"@type":"OpeningHoursSpecification","dayOfWeek":["Sunday"],"opens":"00:00","closes":"00:00"}],"telephone":"+37369644446"}]}},"_links":{"self":[{"href":"https:\/\/atg.md\/ro\/wp-json\/wp\/v2\/product\/6460"}],"collection":[{"href":"https:\/\/atg.md\/ro\/wp-json\/wp\/v2\/product"}],"about":[{"href":"https:\/\/atg.md\/ro\/wp-json\/wp\/v2\/types\/product"}],"wp:featuredmedia":[{"embeddable":true,"href":"https:\/\/atg.md\/ro\/wp-json\/wp\/v2\/media\/6461"}],"wp:attachment":[{"href":"https:\/\/atg.md\/ro\/wp-json\/wp\/v2\/media?parent=6460"}],"wp:term":[{"taxonomy":"product_cat","embeddable":true,"href":"https:\/\/atg.md\/ro\/wp-json\/wp\/v2\/product_cat?post=6460"},{"taxonomy":"product_tag","embeddable":true,"href":"https:\/\/atg.md\/ro\/wp-json\/wp\/v2\/product_tag?post=6460"}],"curies":[{"name":"wp","href":"https:\/\/api.w.org\/{rel}","templated":true}]}}