{"id":6458,"date":"2021-03-30T09:04:46","date_gmt":"2021-03-30T09:04:46","guid":{"rendered":"http:\/\/atg.md\/product\/c0044\/"},"modified":"2024-07-05T07:00:40","modified_gmt":"2024-07-05T07:00:40","slug":"c0044","status":"publish","type":"product","link":"https:\/\/atg.md\/ro\/catalog\/autoclipsuri\/s-rezbovym-shtyrkom\/c0044\/","title":{"rendered":"C0044"},"content":{"rendered":"<p><strong>Modele:<\/strong><\/p>\n<ul>\n<li>Mazda Autozam AZ-3, ECPSA, EC8S, EC5SA, EC5S<\/li>\n<li>Mazda Autozam Clef, GEEPA, GE5PA, GESRA<\/li>\n<li>Mazda Bongo Brawny, SD29M, SD59M, SKF6V, SKFHM, SREAV, SK26T, SK56L, SK5HV, SRS9V, SK26L, SRF9W, SRSAV, SR29V, SKF6M, SK5HM, SK56T, SD2AM, SR59V, SR89V, SD5AM, SK56V, SKE6T, SR2AV, SRE9V, SKE6V, SR5AV, SK24L, SK54L, SK56M, SREAM, SK54T, SD2AT, SK54V, SDEAT, SR2AM, SD5AT, SD89T, SK24T, SKFHV, SD29T, SKE4T, SD59T, SRE9W, SR5AM<\/li>\n<li>Mazda Bongo Friendee, SGLR, SGL3, SGEW, SGE3, SG5W, SGL5, SGLW<\/li>\n<li>Mazda Bongo, SK22M, SSF8WE, SSF8RE, SE48T, SS28M, SK82M, SSF8W, SEF8T, SS48V, SS28ME, SK82T, SK82V, SE28R, SSE8W, SKF2M, SS88W, SS88M, SE58T, SE28T, SS28R, SKF2T, SK22L, SK82L, SSE8WE, SE88T, SSF8R, SK22T, SSF8V, SK22V, SE28M, SS28H, SE88M, SS58V, SS28V, SS88H, SS88V, SKF2L, SKF2V, SS88R, SSE8R<\/li>\n<li>Mazda Capella, GDER, GD8Y, GDFJ, GDES, GVFW, GDEP, GVFV, GDEA, GD8B, GD8A, GD6P, GD8S, GD8J, GV6V, GD8R, GD8P, GV8W, GVEW, GVFR, GVER, GDEB, GDFP<\/li>\n<li>Mazda Carol, AA5PA, AA6RA, AC6P, AA6PA, AA5RA, AC6R<\/li>\n<li>Mazda Cronos, GEFP, GE8P, GEEP, GE5P, GESR<\/li>\n<li>Mazda Efini MS-9, HDES, HD5S<\/li>\n<li>Mazda Eunos 100, BG8PE, BG5PE<\/li>\n<li>Mazda Eunos 300, MAEPE, MA8PE<\/li>\n<li>Mazda Eunos 500, CA8P, CAEPE, CAPP, CAEP, CA8PE<\/li>\n<li>Mazda Eunos 800, TA3Z, TA3P, TA5P, TA3A, TA5Z, TA3Y, TA5Y, TA5A<\/li>\n<li>Mazda Eunos Cargo, SSF8RE, SSF8WE, SSE8WE, SS28ME, SE58TE, SS58VE, SE28ME, SSF8VE, SEF8TE<\/li>\n<li>Mazda Eunos Cosmo, EC8S, JC3S, EC5SA, JCES, JC3SE, EC5S, JCESE<\/li>\n<li>Mazda Eunos Presso, ECPSA, EC8SE<\/li>\n<li>Mazda Familia, BHALS, BHA6R, BJ5P, ZR16U85, YR46U15, BG8Z, BHA7P, BG8RA, BHA7R, BHA3S, BG3S, BG5P, BG6P, BG8S, BJ5W, BJFW, BHA8S, BG6R, BG6Z, YR46U35, BJFP, BHALP, BG5S, BG3P, BJ8W, BJ3P, ZR16UX5, BHA5S, BHA3P, BG7P, BHA5P, BG8R, ZR16U65, BHA8P, BG8P, BJEP, BG6S<\/li>\n<li>Mazda J100, SD2ATF, SD5ATF, SR5AMF, SR5AVF, SR2AVF, SRSAVF, SD29MF, SREAVF, SR2AMF, SDEATF<\/li>\n<li>Mazda J80, SS88HF, SE88TF, SE28TF, SS88MF, SS28HF, SE28MF, SS88WF, SS28MF, SS58VF, SEF8TF, SS88VF, SE48TF, SSF8RF, SS88RF, SS48VF, SSF8VF, SE58TF, SSE8WF, SS28VF, SSF8WF<\/li>\n<li>Mazda Lantis, CBA8P, CBAEP<\/li>\n<li>Mazda Luce, TA3A, LA4MV, LA4SV<\/li>\n<li>Mazda MPV, GE8P, LV5W, LVEW, LVLW, GESR, GEEP, LVEWE, LVLR, GEFP, GE5P<\/li>\n<li>Mazda MX-6, GEES, GEEB, GE5B, GE5S<\/li>\n<li>Mazda Millenia, TA3P, TA3A, TA5P, TA5A<\/li>\n<li>Mazda Persona, MAEP, MA8P<\/li>\n<li>Mazda Proceed, UVL6R, UV56R, UF66M, UV66R<\/li>\n<li>Mazda RX-7, FD3S<\/li>\n<li>Mazda Roadster, NCEC<\/li>\n<li>Mazda Savanna RX-7, SA22C, FD3S<\/li>\n<li>Mazda Sentia, HDES, HD5S, HEEP, HDEP, HEEA, HD5P<\/li>\n<li>Mazda Titan, WH35H, WHF5G, WGEAD, WEF4C, WG61T, WG6AF, WELAM, WGM4H, WG3AH, WGEAT, WH3HD, WGMAF, WGM4S, WGL4M, WH63F, WGL4S, WG3AM, WGLAN, WEFAT, WG61D, WGL4H, WEL4M, WH65T, WG6AT, WGLAF, WGT7V, WHF3F, WE11T, WG67T, WH68G, SY56T, WG31T, WH6HD, SY54T, WH33F, WEL7T, WELAE, WEL4H, WGJ4T, SY54L, SY56L, WGFAD, WH69H, WG64H, WGLAT, WGM4T, WGFAT, WGLAD, WGT7T, WGTAE, WGEAH, WGL4T, SYE4T, WGFAK, WG3AT, WEL4C, WGT1D, WG3AD, WGL7H, WH3HH, WG61H, WE5AT, WELAT, SYF6L, WH65G, WGT4H, SYE6T, WGMAD, WELAC, WH35T, WG6AD, WGZ4T, WE17T, WHS5T, WEL1T, WH35D, WGTAK, DUMMY, WGM7H, WH65D, WH63G, WGLAM, WH65H, WGE1T, WG3AN, WH33G, WGSAT, WGM7T, WGT7H, WG67H, WG5AT, WEF4T, WELAK, WGT4T, WH69G, WEL4T, WGL7T, WGM1D, WH6HH, WELATF, SYF6T, WH63H, WGTAD, WG64T, WG34T, WHF3G, WG6AK, WGTAT, WE14T, WH68H, WELAN, WGE4T, WE14L, WH38H, WHF5T, WH68K, WG61K, WHF5D, SYF4L, SYF4T<\/li>\n<li>Mazda Training Car, BK5P, BHA7P, BJ5P, BHALP<\/li>\n<li>Mitsubishi 1\/2T Truck, V16B<\/li>\n<li>Mitsubishi Airtrek, CU5W, CU4W, CU2W<\/li>\n<li>Mitsubishi Aspire, EC5A, EC3A, EC1A, EA7A, EC7A, EA1A, EA3A<\/li>\n<li>Mitsubishi Bravo, U41V, U42V, U44V, U42TP, U43V, U41TP, U42T, U41T<\/li>\n<li>Mitsubishi Carisma, DA2A<\/li>\n<li>Mitsubishi Challenger, K99W<\/li>\n<li>Mitsubishi Chariot Grandis, N96W, N94W, N86W, N84W<\/li>\n<li>Mitsubishi Chariot, D09W, N48W, D03W, N43W, N34W, N44W, N33W, N38W, D02W, D05W, D08W<\/li>\n<li>Mitsubishi Colt, Z22A, Z24A, Z27W, Z27A, Z28A, Z23A, Z23W, Z27AG, Z26A, Z27WG, Z25A, Z21A, Z24W<\/li>\n<li>Mitsubishi Debonair, S22A, S12AG, S27A, S11A, S12A, S26A<\/li>\n<li>Mitsubishi Delica, P13V, CV5W, PB6W, PD8W, PC5W, P24W, P23W, PC4W, PA5V, PD5V, P15W, P17V, PB5W, P01V, P27V, P25W, PD6W, P03W, PF8W, P05V, P07V, P02V, PA3V, PB4W, P23V, PE8W, P15V, P45V, PA5W, P06V, P04W, PB5V, PD4W, P12V, P25T, P25V, P35W, PF6W, PA4W, P03V, P05W<\/li>\n<li>Mitsubishi Diamante, F41A, F46A, F11A, F27A, F13A, F31A, F36W, F31AK, F17A, F15A, F07W, F25A, F36A, F47A, F34A<\/li>\n<li>Mitsubishi Dignity, S43A, S32A, S33A<\/li>\n<li>Mitsubishi Dingo, CQ5A, CQ2A, CQ1A<\/li>\n<li>Mitsubishi Dion, CR9W, CR6W, CR5W<\/li>\n<li>Mitsubishi Eclipse, D27A, D53A, D22A<\/li>\n<li>Mitsubishi Emeraude, E52A, E64A, E53A, E84A, E57A, E74A, E54A, E72A, E77A<\/li>\n<li>Mitsubishi Eterna, E57A, E33A, E52A, E14A, E84A, E17A, E74A, E54A, E35A, E13A, E39A, E15A, E72A, E18A, E12A, E53A, E77A, E64A<\/li>\n<li>Mitsubishi FTO, DE2A, DE3A<\/li>\n<li>Mitsubishi GTO, Z15A, Z16A<\/li>\n<li>Mitsubishi Galant Fortis, CZ4A, CY4A<\/li>\n<li>Mitsubishi Galant, E11A, E84A, E54A, E32A, E12A, E38A, E17A, E53A, E34A, EA7A, E31A, EA3A, E13A, E74A, EC1A, E52A, EC5A, E39A, E35A, EA1A, E18A, E15AK, E57A, E14A, E77A, E64A, E72A, E19A, EC7A, E33A, E15A, EC3A, E37A<\/li>\n<li>Mitsubishi Grandis, NA4W<\/li>\n<li>Mitsubishi Lancer Cedia, CS5A, CS5W, CT9W, CS2W, CS2V, CS2A, CT9A, CS6A<\/li>\n<li>Mitsubishi Lancer Evolution, CY4A, CZ4A<\/li>\n<li>Mitsubishi Lancer, CK2A, CM8A, CT9W, C11V, C12V, CB8A, CJ4A, CB6A, CS2V, C34W, CK1A, CC4A, CD3A, CC3A, C14V, CN9A, CT9A, CE9A, CS5A, CS2W, CD5A, CK8A, CM5A, C18A, CL2A, CS6A, CB7A, CA4A, CB2A, C14W, CD9A, C63A, CD8A, CP9A, C11A, CA3A, CB1A, C64A, C72A, CD7A, CS5W, C12A, CK6A, C32V, CA2A, CJ1A, C73A, C74A, CB4A, C12W, CM2A, CJ2A, C13A, CA1A, CS2A, C34V, C37W, C62A, CB3A, CK4A, C14A<\/li>\n<li>Mitsubishi Legnum, EC1W, EA3W, EA1W, EC5W, EC7W, EA5W, EA4W, EC4W, EC3W, EA7W<\/li>\n<li>Mitsubishi Libero, CD5W, CB1V, CB8W, CB4W, CD2V, CD8W, CD8V, CB8V, CB2V, CB5W, CB2W<\/li>\n<li>Mitsubishi Minica Toppo, H27A, H32V, H27V, H36A, H32A, H37V, H31A<\/li>\n<li>Mitsubishi Minica, H15V, H27VW, H32A, H37V, H31A, H36A, H44A, H14A, H21VW, H32V, H27A, H27V, H22V, H14V, H37A, H11A, H15A, H21V, H26V, H21A, H47A, H47V, H42A, H22A, H22VW, H11V, H12V, H26A, H42V<\/li>\n<li>Mitsubishi Minicab, U66W, U42V, U61T, U61W, U63W, U61V, U61TP, U65W, U41V, U42TP, U41T, U44V, U43V, U42T, U62TP, U64W, U41TP, U62T, U62W, U62V<\/li>\n<li>Mitsubishi Mirage, CD9A, C14W, C63A, CB2A, C11A, CP9A, CM5A, C13A, CD8A, C62A, C34V, C53A, CJ1A, CB3A, CK8A, CA4A, C14V, C74A, CD7A, CC3A, CN9A, CK1A, CE9A, CB1A, C73A, CC4A, C72A, C12A, C34W, C32V, CJ4A, C12V, CK2A, CM8A, CB8A, C37W, CL2A, CD5A, CK4A, C83A, C18A, CB7A, C14A, C12W, CJ2A, CA1A, CB6A, C82A, CM2A, CA3A, CB4A, CD3A, CK6A, C64A, C11V, CA2A<\/li>\n<li>Mitsubishi Outlander, CW6W, CW5W<\/li>\n<li>Mitsubishi Pajero Junior, H57A<\/li>\n<li>Mitsubishi Pajero Mini, H51A, H56A, H58A, H53A<\/li>\n<li>Mitsubishi Pajero iO, H62W, H67W, H71W, H72W, H66W, H61W, H76W, H77W<\/li>\n<li>Mitsubishi Pajero, V83W, L049G, V45W, L149GWG, L044G, V26C, V87W, L141G, V46V, L146GWG, L049GV, V93W, L141GW, V97W, L146G, L144GW, V26WG, L149G, V55W, L146GW, V78W, V46WG, V46W, V68W, L149GW, L144GWG, V25W, L044GV, L144G<\/li>\n<li>Mitsubishi Proudia, S32A, S43A, S33A<\/li>\n<li>Mitsubishi RVR, N73WG, N21W, N11W, N28W, N61W, N13W, N64WG, N28WG, N74WG, N71W, N23W, N21WG, N23WG<\/li>\n<li>Mitsubishi Toppo BJ Wide, H46A, H41A, H43A, H47V, H42A, H48A, H47A, H42V<\/li>\n<li>Mitsubishi Toppo BJ, H42V, H43A, H47V, H42A, H41A, H47A, H46A, H48A<\/li>\n<li>Mitsubishi Town Box Wide, U64W, U61V, U61T, U63W, U61TP, U61W, U65W, U62TP, U66W, U62T, U62W, U62V<\/li>\n<li>Mitsubishi Town Box, U62T, U66W, U61TP, U64W, U62TP, U62W, U62V, U63W, U65W, U61V, U61T, U61W<\/li>\n<li>Mitsubishi Triton, KB9T<\/li>\n<li>Mitsubishi eK-Wagon, H82W, H81W<\/li>\n<li>Mitsubishi i, HA1W<\/li>\n<li>Nissan Bluebird Sylphy, NG11, G11, KG11<\/li>\n<li>Nissan Bluebird, EU12, RNU12, ENU12, HU12, HNU12, SU12, RU12<\/li>\n<li>Nissan Cedric, PBY32, PAY32, UY32, PY32, Y32<\/li>\n<li>Nissan Cube Cubic, YGZ11, BGZ11, YGNZ11<\/li>\n<li>Nissan Cube, NZ12, BNZ11, BZ11, YZ11, Z12<\/li>\n<li>Nissan Gloria, PAY32, Y32, PY32, UY32, PBY32<\/li>\n<li>Nissan Largo, W30, VNW30, NW30, VW30<\/li>\n<li>Nissan Leaf<\/li>\n<li>Nissan Note, ZE11, NE11, E11, E11E<\/li>\n<li>Nissan Presage, PU31, TNU31, PNU31, TU31<\/li>\n<li>Nissan Serena, TC24, TNC24, RC24<\/li>\n<li>Nissan Skyline, HCR32, HR32, HR33, ECR33, YHR32, ECR32, ER32, ER33, HNR32, FR32<\/li>\n<li>Nissan Terrano, WD21<\/li>\n<li>Nissan Tiida Latio, SJC11, SNC11, SC11, SZC11<\/li>\n<li>Nissan Tiida, C11X, C11, SC11X, NC11, JC11<\/li>\n<li>Toyota 4Runner, RN135, RN61, VZN85, RN131, RN106, YN106, RN80, RN65, VZN110, VZN105, VZN130, RN121, LN106, VZN95, RN70, VZN66, YN130, VZN120, RN55, VZN61, LN205, RN66, LN135, RN120, LN107, RN90, KZN205, RN110, LN66, LN56, LN111, LN130, RN130, LN65, RN105, VZN90, RN60, RN85, RN75, LN51, VZN131, RN101, RN50, YN135, VZN100<\/li>\n<li>Toyota Aristo, UZS143, JZS147, UZS143E, JZS147E<\/li>\n<li>Toyota Century, VG40, VG45<\/li>\n<li>Toyota Corolla II, AL20, AL21<\/li>\n<li><\/ul>\n<p><\/p>","protected":false},"excerpt":{"rendered":"<p><b>OEM:<\/b> 90467-06017, 9046706017, 9926-50-625, 992650625, 204263009409-07318-5ES, 09409073185ES, 96050KA140, 90657-SA5-003, 90657SA5003, 01553-05760155305761<\/p>\n<p><b>Dimensiune F:<\/b> 7<br \/><b>Dimensiune H:<\/b> 15<br \/><b>Dimensiune T:<\/b> 15<\/p>\n","protected":false},"featured_media":6459,"template":"","meta":[],"product_cat":[25,90],"product_tag":[],"bundled_by":[],"bundle_stock_status":"instock","bundle_stock_quantity":null,"bundle_virtual":false,"bundle_layout":"","bundle_add_to_cart_form_location":"","bundle_editable_in_cart":false,"bundle_sold_individually_context":"","bundle_item_grouping":"","bundle_min_size":"","bundle_max_size":"","bundled_items":[],"yoast_head":"<!-- This site is optimized with the Yoast SEO Premium plugin v16.6 (Yoast SEO v20.1) - https:\/\/yoast.com\/wordpress\/plugins\/seo\/ -->\n<title>C0044 - Autoclipsuri, Cu un ac filetat - atg.md<\/title>\n<meta name=\"robots\" content=\"index, follow, max-snippet:-1, max-image-preview:large, max-video-preview:-1\" \/>\n<link rel=\"canonical\" href=\"https:\/\/atg.md\/ro\/catalog\/autoclipsuri\/s-rezbovym-shtyrkom\/c0044\/\" \/>\n<meta property=\"og:locale\" content=\"ro_RO\" \/>\n<meta property=\"og:type\" content=\"article\" \/>\n<meta property=\"og:title\" content=\"C0044 - Autoclipsuri, Cu un ac filetat - atg.md\" \/>\n<meta property=\"og:description\" content=\"OEM: 90467-06017, 9046706017, 9926-50-625, 992650625, 204263009409-07318-5ES, 09409073185ES, 96050KA140, 90657-SA5-003, 90657SA5003, 01553-05760155305761Dimensiune F: 7Dimensiune H: 15Dimensiune T: 15\" \/>\n<meta property=\"og:url\" content=\"https:\/\/atg.md\/ro\/wp-json\/wp\/v2\/product\/6458\" \/>\n<meta property=\"og:site_name\" content=\"atg.md\" \/>\n<meta property=\"article:modified_time\" content=\"2024-07-05T07:00:40+00:00\" \/>\n<meta property=\"og:image\" content=\"https:\/\/atg.md\/wp-content\/uploads\/2021\/03\/c0044.jpg\" \/>\n\t<meta property=\"og:image:width\" content=\"600\" \/>\n\t<meta property=\"og:image:height\" content=\"600\" \/>\n\t<meta property=\"og:image:type\" content=\"image\/jpeg\" \/>\n<meta name=\"twitter:card\" content=\"summary_large_image\" \/>\n<meta name=\"twitter:label1\" content=\"Pre\u021b\" \/>\n\t<meta name=\"twitter:data1\" content=\"5.00&nbsp;MDL\" \/>\n\t<meta name=\"twitter:label2\" content=\"Availability\" \/>\n\t<meta name=\"twitter:data2\" content=\"In stock\" \/>\n<script type=\"application\/ld+json\" class=\"yoast-schema-graph\">{\"@context\":\"https:\/\/schema.org\",\"@graph\":[{\"@type\":\"WebPage\",\"@id\":\"https:\/\/atg.md\/ro\/catalog\/autoclipsuri\/s-rezbovym-shtyrkom\/c0044\/\",\"url\":\"https:\/\/atg.md\/ro\/catalog\/autoclipsuri\/s-rezbovym-shtyrkom\/c0044\/\",\"name\":\"C0044 - Autoclipsuri, Cu un ac filetat - atg.md\",\"isPartOf\":{\"@id\":\"https:\/\/atg.md\/ro\/#website\"},\"datePublished\":\"2021-03-30T09:04:46+00:00\",\"dateModified\":\"2024-07-05T07:00:40+00:00\",\"breadcrumb\":{\"@id\":\"https:\/\/atg.md\/ro\/catalog\/autoclipsuri\/s-rezbovym-shtyrkom\/c0044\/#breadcrumb\"},\"inLanguage\":\"ro-RO\",\"potentialAction\":[{\"@type\":\"ReadAction\",\"target\":[[\"https:\/\/atg.md\/ro\/catalog\/autoclipsuri\/s-rezbovym-shtyrkom\/c0044\/\"]]}]},{\"@type\":\"BreadcrumbList\",\"@id\":\"https:\/\/atg.md\/ro\/catalog\/autoclipsuri\/s-rezbovym-shtyrkom\/c0044\/#breadcrumb\",\"itemListElement\":[{\"@type\":\"ListItem\",\"position\":1,\"name\":\"Home\",\"item\":\"https:\/\/atg.md\/ro\/\"},{\"@type\":\"ListItem\",\"position\":2,\"name\":\"\u041a\u0430\u0442\u0430\u043b\u043e\u0433\",\"item\":\"https:\/\/atg.md\/ro\/catalog\/\"},{\"@type\":\"ListItem\",\"position\":3,\"name\":\"C0044\"}]},{\"@type\":\"WebSite\",\"@id\":\"https:\/\/atg.md\/ro\/#website\",\"url\":\"https:\/\/atg.md\/ro\/\",\"name\":\"atg.md\",\"description\":\"V\u00e2nzare de izola\u021bii \u00eempotriva vibra\u021biilor pentru ma\u0219ini, izola\u021bie termic\u0103, izolare fonic\u0103 de la cei mai buni produc\u0103tori, autoclipsuri, elemente de fixare auto. Cump\u0103ra\u021bi \u00een Moldova, Chi\u0219in\u0103u\",\"publisher\":{\"@id\":\"https:\/\/atg.md\/ro\/#organization\"},\"potentialAction\":[{\"@type\":\"SearchAction\",\"target\":{\"@type\":\"EntryPoint\",\"urlTemplate\":\"https:\/\/atg.md\/ro\/?s={search_term_string}\"},\"query-input\":\"required name=search_term_string\"}],\"inLanguage\":\"ro-RO\"},{\"@type\":[\"Organization\",\"Place\",\"AutoPartsStore\"],\"@id\":\"https:\/\/atg.md\/ro\/#organization\",\"name\":\"S.C. AUTOTOM GRUP S.R.L.\",\"url\":\"https:\/\/atg.md\/ro\/\",\"logo\":{\"@type\":\"ImageObject\",\"inLanguage\":\"ro-RO\",\"@id\":\"https:\/\/atg.md\/ro\/#\/schema\/logo\/image\/\",\"url\":\"https:\/\/i2.wp.com\/atg.md\/wp-content\/uploads\/2021\/05\/atg_logo_main.png?fit=656%2C569&ssl=1\",\"contentUrl\":\"https:\/\/i2.wp.com\/atg.md\/wp-content\/uploads\/2021\/05\/atg_logo_main.png?fit=656%2C569&ssl=1\",\"width\":656,\"height\":569,\"caption\":\"S.C. AUTOTOM GRUP S.R.L.\"},\"image\":{\"@id\":\"https:\/\/atg.md\/ro\/#\/schema\/logo\/image\/\"},\"location\":{\"@id\":\"https:\/\/atg.md\/ro\/catalog\/autoclipsuri\/s-rezbovym-shtyrkom\/c0044\/#local-place\"},\"address\":{\"@id\":\"https:\/\/atg.md\/ro\/catalog\/autoclipsuri\/s-rezbovym-shtyrkom\/c0044\/#local-place-address\"},\"email\":\"atgtvv@gmail.com\",\"telephone\":\"+37369644446\",\"areaServed\":\"Moldova\"},{\"@type\":\"Place\",\"@id\":\"https:\/\/atg.md\/ro\/catalog\/autoclipsuri\/s-rezbovym-shtyrkom\/c0044\/#local-place\",\"address\":{\"@type\":\"PostalAddress\",\"@id\":\"https:\/\/atg.md\/ro\/catalog\/autoclipsuri\/s-rezbovym-shtyrkom\/c0044\/#local-place-address\",\"streetAddress\":\"str. Alba-Iulia 77\/20\",\"addressLocality\":\"Chisinau\",\"postalCode\":\"2043\",\"addressRegion\":\"mun. Chisinau\",\"addressCountry\":\"MD\"},\"geo\":{\"@type\":\"GeoCoordinates\",\"latitude\":\"47.0376\",\"longitude\":\"28.76899\"},\"openingHoursSpecification\":[{\"@type\":\"OpeningHoursSpecification\",\"dayOfWeek\":[\"Monday\",\"Tuesday\",\"Wednesday\",\"Thursday\",\"Friday\"],\"opens\":\"09:00\",\"closes\":\"18:00\"},{\"@type\":\"OpeningHoursSpecification\",\"dayOfWeek\":[\"Saturday\"],\"opens\":\"09:00\",\"closes\":\"14:00\"},{\"@type\":\"OpeningHoursSpecification\",\"dayOfWeek\":[\"Sunday\"],\"opens\":\"00:00\",\"closes\":\"00:00\"}],\"telephone\":\"+37369644446\"}]}<\/script>\n<meta name=\"geo.placename\" content=\"Chisinau\" \/>\n<meta name=\"geo.position\" content=\"47.0376;28.76899\" \/>\n<meta name=\"geo.region\" content=\"Moldova\" \/>\n<!-- \/ Yoast SEO Premium plugin. -->","yoast_head_json":{"title":"C0044 - Autoclipsuri, Cu un ac filetat - atg.md","robots":{"index":"index","follow":"follow","max-snippet":"max-snippet:-1","max-image-preview":"max-image-preview:large","max-video-preview":"max-video-preview:-1"},"canonical":"https:\/\/atg.md\/ro\/catalog\/autoclipsuri\/s-rezbovym-shtyrkom\/c0044\/","og_locale":"ro_RO","og_type":"article","og_title":"C0044 - Autoclipsuri, Cu un ac filetat - atg.md","og_description":"OEM: 90467-06017, 9046706017, 9926-50-625, 992650625, 204263009409-07318-5ES, 09409073185ES, 96050KA140, 90657-SA5-003, 90657SA5003, 01553-05760155305761Dimensiune F: 7Dimensiune H: 15Dimensiune T: 15","og_url":"https:\/\/atg.md\/ro\/wp-json\/wp\/v2\/product\/6458","og_site_name":"atg.md","article_modified_time":"2024-07-05T07:00:40+00:00","og_image":[{"width":600,"height":600,"url":"https:\/\/atg.md\/wp-content\/uploads\/2021\/03\/c0044.jpg","type":"image\/jpeg"}],"twitter_card":"summary_large_image","twitter_misc":{"Pre\u021b":"5.00&nbsp;MDL","Availability":"In stock"},"schema":{"@context":"https:\/\/schema.org","@graph":[{"@type":"WebPage","@id":"https:\/\/atg.md\/ro\/catalog\/autoclipsuri\/s-rezbovym-shtyrkom\/c0044\/","url":"https:\/\/atg.md\/ro\/catalog\/autoclipsuri\/s-rezbovym-shtyrkom\/c0044\/","name":"C0044 - Autoclipsuri, Cu un ac filetat - atg.md","isPartOf":{"@id":"https:\/\/atg.md\/ro\/#website"},"datePublished":"2021-03-30T09:04:46+00:00","dateModified":"2024-07-05T07:00:40+00:00","breadcrumb":{"@id":"https:\/\/atg.md\/ro\/catalog\/autoclipsuri\/s-rezbovym-shtyrkom\/c0044\/#breadcrumb"},"inLanguage":"ro-RO","potentialAction":[{"@type":"ReadAction","target":[["https:\/\/atg.md\/ro\/catalog\/autoclipsuri\/s-rezbovym-shtyrkom\/c0044\/"]]}]},{"@type":"BreadcrumbList","@id":"https:\/\/atg.md\/ro\/catalog\/autoclipsuri\/s-rezbovym-shtyrkom\/c0044\/#breadcrumb","itemListElement":[{"@type":"ListItem","position":1,"name":"Home","item":"https:\/\/atg.md\/ro\/"},{"@type":"ListItem","position":2,"name":"\u041a\u0430\u0442\u0430\u043b\u043e\u0433","item":"https:\/\/atg.md\/ro\/catalog\/"},{"@type":"ListItem","position":3,"name":"C0044"}]},{"@type":"WebSite","@id":"https:\/\/atg.md\/ro\/#website","url":"https:\/\/atg.md\/ro\/","name":"atg.md","description":"V\u00e2nzare de izola\u021bii \u00eempotriva vibra\u021biilor pentru ma\u0219ini, izola\u021bie termic\u0103, izolare fonic\u0103 de la cei mai buni produc\u0103tori, autoclipsuri, elemente de fixare auto. Cump\u0103ra\u021bi \u00een Moldova, Chi\u0219in\u0103u","publisher":{"@id":"https:\/\/atg.md\/ro\/#organization"},"potentialAction":[{"@type":"SearchAction","target":{"@type":"EntryPoint","urlTemplate":"https:\/\/atg.md\/ro\/?s={search_term_string}"},"query-input":"required name=search_term_string"}],"inLanguage":"ro-RO"},{"@type":["Organization","Place","AutoPartsStore"],"@id":"https:\/\/atg.md\/ro\/#organization","name":"S.C. AUTOTOM GRUP S.R.L.","url":"https:\/\/atg.md\/ro\/","logo":{"@type":"ImageObject","inLanguage":"ro-RO","@id":"https:\/\/atg.md\/ro\/#\/schema\/logo\/image\/","url":"https:\/\/i2.wp.com\/atg.md\/wp-content\/uploads\/2021\/05\/atg_logo_main.png?fit=656%2C569&ssl=1","contentUrl":"https:\/\/i2.wp.com\/atg.md\/wp-content\/uploads\/2021\/05\/atg_logo_main.png?fit=656%2C569&ssl=1","width":656,"height":569,"caption":"S.C. AUTOTOM GRUP S.R.L."},"image":{"@id":"https:\/\/atg.md\/ro\/#\/schema\/logo\/image\/"},"location":{"@id":"https:\/\/atg.md\/ro\/catalog\/autoclipsuri\/s-rezbovym-shtyrkom\/c0044\/#local-place"},"address":{"@id":"https:\/\/atg.md\/ro\/catalog\/autoclipsuri\/s-rezbovym-shtyrkom\/c0044\/#local-place-address"},"email":"atgtvv@gmail.com","telephone":"+37369644446","areaServed":"Moldova"},{"@type":"Place","@id":"https:\/\/atg.md\/ro\/catalog\/autoclipsuri\/s-rezbovym-shtyrkom\/c0044\/#local-place","address":{"@type":"PostalAddress","@id":"https:\/\/atg.md\/ro\/catalog\/autoclipsuri\/s-rezbovym-shtyrkom\/c0044\/#local-place-address","streetAddress":"str. Alba-Iulia 77\/20","addressLocality":"Chisinau","postalCode":"2043","addressRegion":"mun. Chisinau","addressCountry":"MD"},"geo":{"@type":"GeoCoordinates","latitude":"47.0376","longitude":"28.76899"},"openingHoursSpecification":[{"@type":"OpeningHoursSpecification","dayOfWeek":["Monday","Tuesday","Wednesday","Thursday","Friday"],"opens":"09:00","closes":"18:00"},{"@type":"OpeningHoursSpecification","dayOfWeek":["Saturday"],"opens":"09:00","closes":"14:00"},{"@type":"OpeningHoursSpecification","dayOfWeek":["Sunday"],"opens":"00:00","closes":"00:00"}],"telephone":"+37369644446"}]}},"_links":{"self":[{"href":"https:\/\/atg.md\/ro\/wp-json\/wp\/v2\/product\/6458"}],"collection":[{"href":"https:\/\/atg.md\/ro\/wp-json\/wp\/v2\/product"}],"about":[{"href":"https:\/\/atg.md\/ro\/wp-json\/wp\/v2\/types\/product"}],"wp:featuredmedia":[{"embeddable":true,"href":"https:\/\/atg.md\/ro\/wp-json\/wp\/v2\/media\/6459"}],"wp:attachment":[{"href":"https:\/\/atg.md\/ro\/wp-json\/wp\/v2\/media?parent=6458"}],"wp:term":[{"taxonomy":"product_cat","embeddable":true,"href":"https:\/\/atg.md\/ro\/wp-json\/wp\/v2\/product_cat?post=6458"},{"taxonomy":"product_tag","embeddable":true,"href":"https:\/\/atg.md\/ro\/wp-json\/wp\/v2\/product_tag?post=6458"}],"curies":[{"name":"wp","href":"https:\/\/api.w.org\/{rel}","templated":true}]}}