{"id":6425,"date":"2021-03-30T09:04:34","date_gmt":"2021-03-30T09:04:34","guid":{"rendered":"http:\/\/atg.md\/product\/c0026\/"},"modified":"2024-07-05T07:00:32","modified_gmt":"2024-07-05T07:00:32","slug":"c0026","status":"publish","type":"product","link":"https:\/\/atg.md\/ro\/catalog\/autoclipsuri\/vstavki\/c0026\/","title":{"rendered":"C0026"},"content":{"rendered":"<p><strong>Modele:<\/strong><\/p>\n<ul>\n<li>Lexus<br \/>\nES300, MCV30, MCV31<\/li>\n<li>Lexus<br \/>\nES330, MCV30, MCV31<\/li>\n<li>Lexus<br \/>\nIS200, GXE10, JCE10<\/li>\n<li>Lexus<br \/>\nIS300, JCE10, GXE10<\/li>\n<li>Lexus<br \/>\nLX450, FZJ80<\/li>\n<li>Lexus<br \/>\nLX470, UZJ100<\/li>\n<li>Lexus<br \/>\nSC300, UZZ30, JZZ31<\/li>\n<li>Lexus<br \/>\nSC400, JZZ31, UZZ30<\/li>\n<li>Lexus<br \/>\nSC430, UZZ40<\/li>\n<li>Mitsubishi<br \/>\n1\/2T Truck, V16B<\/li>\n<li>Mitsubishi<br \/>\nBravo, U43V, U44V, U41T, U42V, U42T, U41V, U42TP, U41TP<\/li>\n<li>Mitsubishi<br \/>\nChallenger, K94W, K99W, K97WG, K96W, K94WG<\/li>\n<li>Mitsubishi<br \/>\nChariot Grandis, N96W, N84W, N86W, N94W<\/li>\n<li>Mitsubishi<br \/>\nChariot, N33W, N38W, N44W, D08W, N43W, D09W, N48W, D02W, D05W, N34W, D03W<\/li>\n<li>Mitsubishi<br \/>\nColt, Z23W, Z27WG, Z24W, Z27W<\/li>\n<li>Mitsubishi<br \/>\nDebonair, S12AG, S22A, S27A, S12A, S11A, S26A<\/li>\n<li>Mitsubishi<br \/>\nDelica, P15T, P45V, P02V, PA3V, PD6W, P24W, P01V, P25W, P05T, P27V, PC4W,<br \/>\nPA5V, PD5V, L069P, P13V, PD8W, P15W, PC5W, P25V, L039P, P07V, PF6W, P12V, PE8W,<br \/>\nPA5W, P23V, P04W, P06V, PB4W, L036P, P02T, P15V, P05V, PF8W, P03W, L039G,<br \/>\nL063P, PB5W, P23W, CV5W, P13T, P17V, PB6W, P35W, P05W, PD4W, P25T, PA4W, P03V,<br \/>\nPB5V<\/li>\n<li>Mitsubishi<br \/>\nDiamante, F13A, F07W, F31AK, F11A, F46A, F27A, F36W, F31A, F25A, F36A,<br \/>\nF12A, F41A, F15A, F47A, F34A, F17A<\/li>\n<li>Mitsubishi<br \/>\nDingo, CQ5A, CQ1A, CQ2A<\/li>\n<li>Mitsubishi<br \/>\nEclipse, D22A, D27A, D32A<\/li>\n<li>Mitsubishi<br \/>\nEmeraude, E74A, E54A<\/li>\n<li>Mitsubishi<br \/>\nEterna, E13A, E54A, E33A, E39A, E37A, E35A, E74A, E12A, E14A, E15A, E32A,<br \/>\nE34A<\/li>\n<li>Mitsubishi<br \/>\nFTO, DE3A<\/li>\n<li>Mitsubishi<br \/>\nGTO, Z16A, Z15A<\/li>\n<li>Mitsubishi<br \/>\nGalant Fortis, CZ4A<\/li>\n<li>Mitsubishi<br \/>\nGalant, E32A, E37A, E39A, E15A, E13A, E54A, E15AK, E34A, E38A, E19A, E12A,<br \/>\nE14A, E35A, E11A, E74A, E33A<\/li>\n<li>Mitsubishi<br \/>\nGrandis, NA4W<\/li>\n<li>Mitsubishi<br \/>\nLancer Cedia, CS5A, CT9A, CS2V, CS2A<\/li>\n<li>Mitsubishi<br \/>\nLancer Evolution, CZ4A<\/li>\n<li>Mitsubishi<br \/>\nLancer, CL2A, CB4A, CS5A, CE9A, CA1A, CM5A, CN9A, CC3A, CP9A, CD7A, CJ4A,<br \/>\nCA2A, CK2A, CC4A, CK6A, CB1A, CD8A, CM8A, CA3A, CD3A, CS2V, CB6A, CB2A, CK1A,<br \/>\nCJ2A, CB3A, CM2A, CB8A, CS2A, CK8A, CT9A, CA4A, CB7A, CD5A, CD9A, CJ1A, CK4A<\/li>\n<li>Mitsubishi<br \/>\nLibero, CD2V, CD8W, CB4W, CB8W, CB5W, CB8V, CB1V, CD5W, CB2W, CB2V, CD8V<\/li>\n<li>Mitsubishi<br \/>\nMinica Toppo, H36A, H31A, H22A, H27V, H37V, H32A, H27A, H32V<\/li>\n<li>Mitsubishi<br \/>\nMinica, H12V, H42V, H42A, H47V, H47A, H21A, H26V, H11V, H32A, H32V, H27V,<br \/>\nH15A, H27VW, H11A, H14V, H37A, H31A, H14A, H15V, H22V, H27A, H21VW, H36A, H37V,<br \/>\nH22A, H22VW, H21V, H26A<\/li>\n<li>Mitsubishi<br \/>\nMinicab, U61T, U19V, U44V, U15TG, U14V, U15T, U14VG, U14T, U43V, U61TP,<br \/>\nU11TP, U14TP, U41TP, U42T, U12T, U42V, U12V, U14TG, U42TP, U18TP, U18T, U11T,<br \/>\nU18V, U41T, U11V, U15VG, U15V, U41V, U19T, U62T, U62TP<\/li>\n<li>Mitsubishi<br \/>\nMirage, CK4A, CC3A, CE9A, CN9A, CL2A, CA1A, CB4A, CJ2A, CM2A, CB8A, CD5A,<br \/>\nCM5A, CD9A, CK8A, CJ1A, CB3A, CB2A, CM8A, CB7A, CA4A, CD3A, CJ4A, CD8A, CA3A,<br \/>\nCK1A, CB6A, CP9A, CC4A, CD7A, CA2A, CK2A, CB1A, CK6A<\/li>\n<li>Mitsubishi<br \/>\nOutlander, CW6W, CW5W<\/li>\n<li>Mitsubishi<br \/>\nPajero Junior, H57A<\/li>\n<li>Mitsubishi<br \/>\nPajero Mini, H51A, H58A, H56A<\/li>\n<li>Mitsubishi<br \/>\nPajero iO, H71W, H76W, H77W, H66W, H67W, H62W, H61W, H72W<\/li>\n<li>Mitsubishi<br \/>\nPajero, L146GW, V55W, L046G, V63W, V46WG, V46W, V14V, L146GWG, L141GW,<br \/>\nV23C, L049GV, V97W, V45W, V25C, L146G, V24C, V87W, V44W, L048G, V43W, V24V,<br \/>\nL144GWG, V73W, V26W, V44WG, L144G, V47WG, L149GW, V68W, V93W, L041G, V77W,<br \/>\nV25W, V26C, V75W, V24W, V34V, V26WG, L144GW, L049G, V23W, V83W, L044G, L141G,<br \/>\nV46V, L044GV, V24WG, L149GWG, L149G, V65W, V78W, L043G, V21W<\/li>\n<li>Mitsubishi<br \/>\nRVR, N23W, N21WG, N28W, N74WG, N64WG, N13W, N61W, N71W, N11W, N73WG,<br \/>\nN23WG, N28WG, N21W<\/li>\n<li>Mitsubishi<br \/>\nSigma, F11A, F17A, F13AK, F25A, F15A, F13A, F12A, F27A<\/li>\n<li>Mitsubishi<br \/>\nStarion, A187A, A184A, A182A, A183A<\/li>\n<li>Mitsubishi<br \/>\nStrada, K74T, K34T<\/li>\n<li>Mitsubishi<br \/>\nToppo BJ Wide, H42A, H47V, H48A, H41A, H42V, H43A, H47A, H46A<\/li>\n<li>Mitsubishi<br \/>\nToppo BJ, H41A, H47A, H42V, H48A, H42A, H47V, H46A, H43A<\/li>\n<li>Mitsubishi<br \/>\nTown Box Wide, U62TP, U61TP, U62T, U61T<\/li>\n<li>Mitsubishi<br \/>\nTown Box, U62TP, U61TP, U62T, U61T<\/li>\n<li>Mitsubishi<br \/>\nTriton, KB9T<\/li>\n<li>Mitsubishi<br \/>\neK-Wagon, H82W, H81W<\/li>\n<li>Mitsubishi<br \/>\ni, HA1W<\/li>\n<li>Toyota<br \/>\nAllex, ZZE124, NZE121, ZZE122, ZZE123, NZE124<\/li>\n<li>Toyota<br \/>\nAltezza, GXE15W, GXE10W, JCE10, JCE15, JCE10W, JCE15W, SXE10, GXE15, GXE10<\/li>\n<li>Toyota<br \/>\nCamry, VZV20, SV22, VZV21, SV20, SV21, SV25, CV20<\/li>\n<li>Toyota<br \/>\nCarina, SA60, KA67, AA63, RA63, TA62, CA67, TA47, TA60, AA60, TA67, CA60,<br \/>\nTA40, TA63, TA61<\/li>\n<li>Toyota<br \/>\nCelica, GA61, RA64, MA47, ST163, AT180, ST182, RA60, ZZT231, SA63, AA63,<br \/>\nTA63, MA46, RA65, MA63, ST185, AT160, RA61, ST160, RA40, TA64, TA60, RA43,<br \/>\nZZT230, ST165, ST184, ST183C, ST161, TA61, TA40, RA42, ST162, RA63, MA61,<br \/>\nST183, SA60<\/li>\n<li>Toyota<br \/>\nCentury, VG45, VG40<\/li>\n<li>Toyota<br \/>\nChaser, JZX105, LX100, GX105, JZX100, LX80, YX80, JZX81, MX83, SX80,<br \/>\nGX100, SX100, JZX101, GX81<\/li>\n<li>Toyota<br \/>\nComfort, YXS10, LXS12, LXS10<\/li>\n<li>Toyota<br \/>\nCorolla Ceres, AE101, AE100<\/li>\n<li>Toyota<br \/>\nCorolla Fielder, NZE124, ZZE123G, CE121, NZE121G, NZE124G, ZZE122G,<br \/>\nZZE124G, CE121G, ZZE124, NZE121, ZZE122, ZZE123, NZE120<\/li>\n<li>Toyota<br \/>\nCorolla II, EL30, NL30, EL31<\/li>\n<li>Toyota<br \/>\nCorolla Levin, AE101, AE85, AE100, AE86<\/li>\n<li>Toyota<br \/>\nCorolla Runx, ZZE124, NZE124, ZZE123, NZE121, ZZE122<\/li>\n<li>Toyota<br \/>\nCorolla Spacio, NZE121N, ZZE122N, ZZE124N, ZZE122, NZE121, ZZE124<\/li>\n<li>Toyota<br \/>\nCorolla Verso, AUR10, ZZE121, CUR10, CDE120, ZZE122, ZNR11L, ZNR10, ZNR11<\/li>\n<li>Toyota<br \/>\nCorolla, WZE110, AE109, KE30, AE100G, EE101, CE109, AE115, ZZE121, CE101,<br \/>\nNDE120, AE101, CE70, EE110, AE86, CE108G, TE73, KE38, EE80, CE106, EE106,<br \/>\nAE112, EE103V, KE73, KE35, TE38, CE107, AE70, EE104G, CE105V, EE103, CE113,<br \/>\nAE104G, EE106V, NZE120, CE107V, AE103, ZZE120L, AE114, AE92, CE110, EE108,<br \/>\nCE104, CE80, EE100, ZZE122, CE101G, CE109V, AE100, CDE110, EE111, TE70, KE71,<br \/>\nAE111, CE100G, EE105, CE105, ZZE123L, AE101G, CE120, TE31, AE82, EE90, ZZE111,<br \/>\nEE108G, CE114, KE72, EE102, EE102V, ZZE120, CE102, AE102, CE71, TE51, TE72,<br \/>\nEE107, CE106V, ZZE123, CE116, AE80, KE36, TE37, KE70, TE71, KE55, EE104, CE108,<br \/>\nCE102G, AE110, AE71, CDE120, CE100, EE107V, ZZE121L, NZE121, ZZE112, AE104,<br \/>\nAE109V, KE50, TE74<\/li>\n<li>Toyota<br \/>\nCorona Exiv, ST180, ST181<\/li>\n<li>Toyota<br \/>\nCorsa, EL30, EL31, NL30<\/li>\n<li>Toyota<br \/>\nCressida, LX80, RX30, RX35, MX36, GX81, MX32, MX83, MX81, TX10, RX80, RX81<\/li>\n<li>Toyota<br \/>\nCresta, JZX81, GX105, MX83, SX80, JZX101, JZX105, GX81, YX80, GX100,<br \/>\nLX100, LX80, JZX100<\/li>\n<li>Toyota<br \/>\nCrown, YXS11, MS132, LS130W, LS136, GXS12, TSS13, SXS11, GS136, JZS131,<br \/>\nLS130G, LXS11, MS135, YXS10, TSS10, YS132, LS131H, GS131, JZS130, GS131H,<br \/>\nYXS10H, MS130, MS137X, GBS12, GXS10, LS130, SXS13, TSS11, GS130, JZS130G,<br \/>\nMS133, UZS131, LS131, TSS10H, MS137, YS130, GS130G, GS130W<\/li>\n<li>Toyota<br \/>\nEstima, TCR11W, TCR10W, TCR10, TCR11<\/li>\n<li>Toyota<br \/>\nHiace, RZH113, LH105, RH30V, YH63V, LH30V, RH22V, RZH104, LH51B, YH61,<br \/>\nRH20V, LH11, LH114, LH102V, LH119V, YH61V, LH102, LH166, LH172, YH53, RH11,<br \/>\nYH60B, LH103, LH184, LH51V, RZH125, LH60V, YH51V, LH20B, YH50B, YH63B, RZH114,<br \/>\nYH71B, RH25, RH30B, LH125, LH113K, LH164, RZH103, LH50G, YH53V, LH113V, YH66V,<br \/>\nLH61B, LH103V, RH32B, YH73B, LH172V, YH56V, LH56V, RH42B, LH162V, LH50B, YH61G,<br \/>\nRH22G, LH118, LH172K, RZH112, YH57G, LH24, YH51G, LH162, LH70B, RZH105,<br \/>\nRZH112V, LH176, LH113, RH22B, YH61B, LH110G, LH66V, LH71B, YH50V, RZH115,<br \/>\nLH51G, RH24, LH61V, RZH102, RH20B, YH51B, LH117G, YH60V, RZH102V, LH20V, RH32V,<br \/>\nRZH112K, LH112, YH52V, LH104, LH30B, LH60B, LH50V, LH115, LH174, RZH155, RH20G<\/li>\n<li>Toyota<br \/>\nHilux, RN31, RN33, RN36, RN40, RN41, LN30, LN36, RN46, RN30, LN46, LN40<\/li>\n<li>Toyota Land<br \/>\nCruiser Prado, HZJ70, BJ42, BJ71, KZJ78G, RZJ95W, LJ71, LJ90, KDJ95W,<br \/>\nKDJ90, PZJ70, BJ74, VZJ95W, HZJ74, KZJ78, VZJ95, RZJ90, KZJ71, VZJ90, PZJ77,<br \/>\nHZJ73, HZJ77, KZJ71W, BJ44, VZJ90W, LJ78W, LJ71G, KDJ90W, KZJ95, RZJ95, HZJ76,<br \/>\nBJ41, KZJ90, KZJ90W, KZJ95W, FJ75, HZJ71, KZJ78W, LJ78G, BJ70, KZJ71G, LJ78,<br \/>\nLJ95, BJ73, HZJ75, BJ46, HZJ79, RZJ90W, KDJ95<\/li>\n<li>Toyota Land<br \/>\nCruiser, FJ43, HDJ81V, VDJ76, FJ62G, HZJ76K, BJ44, RJ77, LJ79R, HZJ71,<br \/>\nBJ71V, HJ61V, FJ80G, FZJ71, HZJ79, FZJ79, HZJ76V, HJ61, VDJ79, HZJ80, LJ72,<br \/>\nUZJ100W, BJ73, HZJ74, LJ77, FZJ74, HZJ81V, HDJ79, BJ41, PZJ73, HZJ73HV, FJ45,<br \/>\nUZJ100L, VDJ78, HJ75, HZJ73V, HZJ73, FZJ80, KZJ73, HJ47, FJ60, BJ42, BJ61,<br \/>\nHZJ71V, FJ40, FJ61V, BJ61V, HJ60V, BJ74V, HDJ80, BJ75, LJ79, BJ70, HDJ101K,<br \/>\nHZJ76, HZJ76L, KZJ70, UZJ100, PZJ75, HJ60, FJ62, HZJ81, LJ73, HJ45, HZJ75,<br \/>\nFZJ75, FJ62V, HZJ70V, RJ73, BJ70V, HDJ101, BJ40, PZJ70, BJ45, FZJ80J, FZJ78,<br \/>\nFJ80, FJ73, HZJ70, HZJ78, FJ70, HDJ81, FZJ70, BJ74, BJ71, BJ46, FZJ73, FJ55,<br \/>\nFZJ80G, HZJ74V, KZJ77, HDJ78, LJ70, PZJ70V, FZJ76, BJ73V, HZJ74K, FJ75, FJ61,<br \/>\nRJ70, BJ43, BJ60<\/li>\n<li>Toyota Lite<br \/>\nAce Noah, SR40, KR42, CR41, KR41, CR40G, CR40, CR42, SR40G<\/li>\n<li>Toyota Lite<br \/>\nAce, KR27V, YM30, YR21, TM20G, YR25, KM21, KM21V, CM26, YR25V, KR21,<br \/>\nCR29G, YM40, KM30G, KM20V, KM30, YM20V, CM30G, CM36, CM20G, KM37, YM21G, CM25,<br \/>\nKR28, CR29, CM31, YM41, YR29, CR22, KM20G, YR39, KM31V, CM31V, CM35, KM36,<br \/>\nKM35V, CM20, CR28, CM36V, YM40G, KM36V, KR27, CR21, CM30, CR22G, YR21G, CR21G,<br \/>\nYM30G, CM20V, YM31, YM35, KM35, YR22, CR27, YM21V, YM25, KM20, CR27V, KM31<\/li>\n<li>Toyota<br \/>\nMR2, SW21, SW20, SW20L, AW10, AW11<\/li>\n<li>Toyota Mark<br \/>\nII Wagon Blit, JZX110, JZX115, JZX115W, GX115W, GX110W, JZX110W, GX110,<br \/>\nGX115<\/li>\n<li>Toyota Mark<br \/>\nII Wagon Qualis<\/li>\n<li>Toyota Mark<br \/>\nII, GX100, JZX93, JZX91, JZX101, GX81, YX80, JZX105, JZX90E, SX90, LX100,<br \/>\nJZX91E, LX80, JZX90, GX105, SX80, JZX100, LX90, LX90Y, LX80Q, JZX81, MX83, GX90<\/li>\n<li>Toyota Mark<br \/>\nX, GRX121, GRX120, GRX125<\/li>\n<li><\/ul>\n<p><\/p>","protected":false},"excerpt":{"rendered":"<p><b>OEM:<\/b> 90189-05013, 9018905013, MS480002<\/p>\n<p><b>Dimensiune F:<\/b> 8<br \/><b>Dimensiune H:<\/b> 12<br \/><b>Dimensiune T:<\/b> 12<\/p>\n","protected":false},"featured_media":6426,"template":"","meta":[],"product_cat":[25,105],"product_tag":[],"bundled_by":[],"bundle_stock_status":"instock","bundle_stock_quantity":null,"bundle_virtual":false,"bundle_layout":"","bundle_add_to_cart_form_location":"","bundle_editable_in_cart":false,"bundle_sold_individually_context":"","bundle_item_grouping":"","bundle_min_size":"","bundle_max_size":"","bundled_items":[],"yoast_head":"<!-- This site is optimized with the Yoast SEO Premium plugin v16.6 (Yoast SEO v20.1) - https:\/\/yoast.com\/wordpress\/plugins\/seo\/ -->\n<title>C0026 - Autoclipsuri, Inserturi - atg.md<\/title>\n<meta name=\"robots\" content=\"index, follow, max-snippet:-1, max-image-preview:large, max-video-preview:-1\" \/>\n<link rel=\"canonical\" href=\"https:\/\/atg.md\/ro\/catalog\/autoclipsuri\/vstavki\/c0026\/\" \/>\n<meta property=\"og:locale\" content=\"ro_RO\" \/>\n<meta property=\"og:type\" content=\"article\" \/>\n<meta property=\"og:title\" content=\"C0026 - Autoclipsuri, Inserturi - atg.md\" \/>\n<meta property=\"og:description\" content=\"OEM: 90189-05013, 9018905013, MS480002Dimensiune F: 8Dimensiune H: 12Dimensiune T: 12\" \/>\n<meta property=\"og:url\" content=\"https:\/\/atg.md\/ro\/wp-json\/wp\/v2\/product\/6425\" \/>\n<meta property=\"og:site_name\" content=\"atg.md\" \/>\n<meta property=\"article:modified_time\" content=\"2024-07-05T07:00:32+00:00\" \/>\n<meta property=\"og:image\" content=\"https:\/\/atg.md\/wp-content\/uploads\/2021\/03\/c0026.jpg\" \/>\n\t<meta property=\"og:image:width\" content=\"600\" \/>\n\t<meta property=\"og:image:height\" content=\"600\" \/>\n\t<meta property=\"og:image:type\" content=\"image\/jpeg\" \/>\n<meta name=\"twitter:card\" content=\"summary_large_image\" \/>\n<meta name=\"twitter:label1\" content=\"Pre\u021b\" \/>\n\t<meta name=\"twitter:data1\" content=\"5.00&nbsp;MDL\" \/>\n\t<meta name=\"twitter:label2\" content=\"Availability\" \/>\n\t<meta name=\"twitter:data2\" content=\"In stock\" \/>\n<script type=\"application\/ld+json\" class=\"yoast-schema-graph\">{\"@context\":\"https:\/\/schema.org\",\"@graph\":[{\"@type\":\"WebPage\",\"@id\":\"https:\/\/atg.md\/ro\/catalog\/autoclipsuri\/vstavki\/c0026\/\",\"url\":\"https:\/\/atg.md\/ro\/catalog\/autoclipsuri\/vstavki\/c0026\/\",\"name\":\"C0026 - Autoclipsuri, Inserturi - atg.md\",\"isPartOf\":{\"@id\":\"https:\/\/atg.md\/ro\/#website\"},\"datePublished\":\"2021-03-30T09:04:34+00:00\",\"dateModified\":\"2024-07-05T07:00:32+00:00\",\"breadcrumb\":{\"@id\":\"https:\/\/atg.md\/ro\/catalog\/autoclipsuri\/vstavki\/c0026\/#breadcrumb\"},\"inLanguage\":\"ro-RO\",\"potentialAction\":[{\"@type\":\"ReadAction\",\"target\":[[\"https:\/\/atg.md\/ro\/catalog\/autoclipsuri\/vstavki\/c0026\/\"]]}]},{\"@type\":\"BreadcrumbList\",\"@id\":\"https:\/\/atg.md\/ro\/catalog\/autoclipsuri\/vstavki\/c0026\/#breadcrumb\",\"itemListElement\":[{\"@type\":\"ListItem\",\"position\":1,\"name\":\"Home\",\"item\":\"https:\/\/atg.md\/ro\/\"},{\"@type\":\"ListItem\",\"position\":2,\"name\":\"\u041a\u0430\u0442\u0430\u043b\u043e\u0433\",\"item\":\"https:\/\/atg.md\/ro\/catalog\/\"},{\"@type\":\"ListItem\",\"position\":3,\"name\":\"C0026\"}]},{\"@type\":\"WebSite\",\"@id\":\"https:\/\/atg.md\/ro\/#website\",\"url\":\"https:\/\/atg.md\/ro\/\",\"name\":\"atg.md\",\"description\":\"V\u00e2nzare de izola\u021bii \u00eempotriva vibra\u021biilor pentru ma\u0219ini, izola\u021bie termic\u0103, izolare fonic\u0103 de la cei mai buni produc\u0103tori, autoclipsuri, elemente de fixare auto. Cump\u0103ra\u021bi \u00een Moldova, Chi\u0219in\u0103u\",\"publisher\":{\"@id\":\"https:\/\/atg.md\/ro\/#organization\"},\"potentialAction\":[{\"@type\":\"SearchAction\",\"target\":{\"@type\":\"EntryPoint\",\"urlTemplate\":\"https:\/\/atg.md\/ro\/?s={search_term_string}\"},\"query-input\":\"required name=search_term_string\"}],\"inLanguage\":\"ro-RO\"},{\"@type\":[\"Organization\",\"Place\",\"AutoPartsStore\"],\"@id\":\"https:\/\/atg.md\/ro\/#organization\",\"name\":\"S.C. AUTOTOM GRUP S.R.L.\",\"url\":\"https:\/\/atg.md\/ro\/\",\"logo\":{\"@type\":\"ImageObject\",\"inLanguage\":\"ro-RO\",\"@id\":\"https:\/\/atg.md\/ro\/#\/schema\/logo\/image\/\",\"url\":\"https:\/\/i2.wp.com\/atg.md\/wp-content\/uploads\/2021\/05\/atg_logo_main.png?fit=656%2C569&ssl=1\",\"contentUrl\":\"https:\/\/i2.wp.com\/atg.md\/wp-content\/uploads\/2021\/05\/atg_logo_main.png?fit=656%2C569&ssl=1\",\"width\":656,\"height\":569,\"caption\":\"S.C. AUTOTOM GRUP S.R.L.\"},\"image\":{\"@id\":\"https:\/\/atg.md\/ro\/#\/schema\/logo\/image\/\"},\"location\":{\"@id\":\"https:\/\/atg.md\/ro\/catalog\/autoclipsuri\/vstavki\/c0026\/#local-place\"},\"address\":{\"@id\":\"https:\/\/atg.md\/ro\/catalog\/autoclipsuri\/vstavki\/c0026\/#local-place-address\"},\"email\":\"atgtvv@gmail.com\",\"telephone\":\"+37369644446\",\"areaServed\":\"Moldova\"},{\"@type\":\"Place\",\"@id\":\"https:\/\/atg.md\/ro\/catalog\/autoclipsuri\/vstavki\/c0026\/#local-place\",\"address\":{\"@type\":\"PostalAddress\",\"@id\":\"https:\/\/atg.md\/ro\/catalog\/autoclipsuri\/vstavki\/c0026\/#local-place-address\",\"streetAddress\":\"str. Alba-Iulia 77\/20\",\"addressLocality\":\"Chisinau\",\"postalCode\":\"2043\",\"addressRegion\":\"mun. Chisinau\",\"addressCountry\":\"MD\"},\"geo\":{\"@type\":\"GeoCoordinates\",\"latitude\":\"47.0376\",\"longitude\":\"28.76899\"},\"openingHoursSpecification\":[{\"@type\":\"OpeningHoursSpecification\",\"dayOfWeek\":[\"Monday\",\"Tuesday\",\"Wednesday\",\"Thursday\",\"Friday\"],\"opens\":\"09:00\",\"closes\":\"18:00\"},{\"@type\":\"OpeningHoursSpecification\",\"dayOfWeek\":[\"Saturday\"],\"opens\":\"09:00\",\"closes\":\"14:00\"},{\"@type\":\"OpeningHoursSpecification\",\"dayOfWeek\":[\"Sunday\"],\"opens\":\"00:00\",\"closes\":\"00:00\"}],\"telephone\":\"+37369644446\"}]}<\/script>\n<meta name=\"geo.placename\" content=\"Chisinau\" \/>\n<meta name=\"geo.position\" content=\"47.0376;28.76899\" \/>\n<meta name=\"geo.region\" content=\"Moldova\" \/>\n<!-- \/ Yoast SEO Premium plugin. -->","yoast_head_json":{"title":"C0026 - Autoclipsuri, Inserturi - atg.md","robots":{"index":"index","follow":"follow","max-snippet":"max-snippet:-1","max-image-preview":"max-image-preview:large","max-video-preview":"max-video-preview:-1"},"canonical":"https:\/\/atg.md\/ro\/catalog\/autoclipsuri\/vstavki\/c0026\/","og_locale":"ro_RO","og_type":"article","og_title":"C0026 - Autoclipsuri, Inserturi - atg.md","og_description":"OEM: 90189-05013, 9018905013, MS480002Dimensiune F: 8Dimensiune H: 12Dimensiune T: 12","og_url":"https:\/\/atg.md\/ro\/wp-json\/wp\/v2\/product\/6425","og_site_name":"atg.md","article_modified_time":"2024-07-05T07:00:32+00:00","og_image":[{"width":600,"height":600,"url":"https:\/\/atg.md\/wp-content\/uploads\/2021\/03\/c0026.jpg","type":"image\/jpeg"}],"twitter_card":"summary_large_image","twitter_misc":{"Pre\u021b":"5.00&nbsp;MDL","Availability":"In stock"},"schema":{"@context":"https:\/\/schema.org","@graph":[{"@type":"WebPage","@id":"https:\/\/atg.md\/ro\/catalog\/autoclipsuri\/vstavki\/c0026\/","url":"https:\/\/atg.md\/ro\/catalog\/autoclipsuri\/vstavki\/c0026\/","name":"C0026 - Autoclipsuri, Inserturi - atg.md","isPartOf":{"@id":"https:\/\/atg.md\/ro\/#website"},"datePublished":"2021-03-30T09:04:34+00:00","dateModified":"2024-07-05T07:00:32+00:00","breadcrumb":{"@id":"https:\/\/atg.md\/ro\/catalog\/autoclipsuri\/vstavki\/c0026\/#breadcrumb"},"inLanguage":"ro-RO","potentialAction":[{"@type":"ReadAction","target":[["https:\/\/atg.md\/ro\/catalog\/autoclipsuri\/vstavki\/c0026\/"]]}]},{"@type":"BreadcrumbList","@id":"https:\/\/atg.md\/ro\/catalog\/autoclipsuri\/vstavki\/c0026\/#breadcrumb","itemListElement":[{"@type":"ListItem","position":1,"name":"Home","item":"https:\/\/atg.md\/ro\/"},{"@type":"ListItem","position":2,"name":"\u041a\u0430\u0442\u0430\u043b\u043e\u0433","item":"https:\/\/atg.md\/ro\/catalog\/"},{"@type":"ListItem","position":3,"name":"C0026"}]},{"@type":"WebSite","@id":"https:\/\/atg.md\/ro\/#website","url":"https:\/\/atg.md\/ro\/","name":"atg.md","description":"V\u00e2nzare de izola\u021bii \u00eempotriva vibra\u021biilor pentru ma\u0219ini, izola\u021bie termic\u0103, izolare fonic\u0103 de la cei mai buni produc\u0103tori, autoclipsuri, elemente de fixare auto. Cump\u0103ra\u021bi \u00een Moldova, Chi\u0219in\u0103u","publisher":{"@id":"https:\/\/atg.md\/ro\/#organization"},"potentialAction":[{"@type":"SearchAction","target":{"@type":"EntryPoint","urlTemplate":"https:\/\/atg.md\/ro\/?s={search_term_string}"},"query-input":"required name=search_term_string"}],"inLanguage":"ro-RO"},{"@type":["Organization","Place","AutoPartsStore"],"@id":"https:\/\/atg.md\/ro\/#organization","name":"S.C. AUTOTOM GRUP S.R.L.","url":"https:\/\/atg.md\/ro\/","logo":{"@type":"ImageObject","inLanguage":"ro-RO","@id":"https:\/\/atg.md\/ro\/#\/schema\/logo\/image\/","url":"https:\/\/i2.wp.com\/atg.md\/wp-content\/uploads\/2021\/05\/atg_logo_main.png?fit=656%2C569&ssl=1","contentUrl":"https:\/\/i2.wp.com\/atg.md\/wp-content\/uploads\/2021\/05\/atg_logo_main.png?fit=656%2C569&ssl=1","width":656,"height":569,"caption":"S.C. AUTOTOM GRUP S.R.L."},"image":{"@id":"https:\/\/atg.md\/ro\/#\/schema\/logo\/image\/"},"location":{"@id":"https:\/\/atg.md\/ro\/catalog\/autoclipsuri\/vstavki\/c0026\/#local-place"},"address":{"@id":"https:\/\/atg.md\/ro\/catalog\/autoclipsuri\/vstavki\/c0026\/#local-place-address"},"email":"atgtvv@gmail.com","telephone":"+37369644446","areaServed":"Moldova"},{"@type":"Place","@id":"https:\/\/atg.md\/ro\/catalog\/autoclipsuri\/vstavki\/c0026\/#local-place","address":{"@type":"PostalAddress","@id":"https:\/\/atg.md\/ro\/catalog\/autoclipsuri\/vstavki\/c0026\/#local-place-address","streetAddress":"str. Alba-Iulia 77\/20","addressLocality":"Chisinau","postalCode":"2043","addressRegion":"mun. Chisinau","addressCountry":"MD"},"geo":{"@type":"GeoCoordinates","latitude":"47.0376","longitude":"28.76899"},"openingHoursSpecification":[{"@type":"OpeningHoursSpecification","dayOfWeek":["Monday","Tuesday","Wednesday","Thursday","Friday"],"opens":"09:00","closes":"18:00"},{"@type":"OpeningHoursSpecification","dayOfWeek":["Saturday"],"opens":"09:00","closes":"14:00"},{"@type":"OpeningHoursSpecification","dayOfWeek":["Sunday"],"opens":"00:00","closes":"00:00"}],"telephone":"+37369644446"}]}},"_links":{"self":[{"href":"https:\/\/atg.md\/ro\/wp-json\/wp\/v2\/product\/6425"}],"collection":[{"href":"https:\/\/atg.md\/ro\/wp-json\/wp\/v2\/product"}],"about":[{"href":"https:\/\/atg.md\/ro\/wp-json\/wp\/v2\/types\/product"}],"wp:featuredmedia":[{"embeddable":true,"href":"https:\/\/atg.md\/ro\/wp-json\/wp\/v2\/media\/6426"}],"wp:attachment":[{"href":"https:\/\/atg.md\/ro\/wp-json\/wp\/v2\/media?parent=6425"}],"wp:term":[{"taxonomy":"product_cat","embeddable":true,"href":"https:\/\/atg.md\/ro\/wp-json\/wp\/v2\/product_cat?post=6425"},{"taxonomy":"product_tag","embeddable":true,"href":"https:\/\/atg.md\/ro\/wp-json\/wp\/v2\/product_tag?post=6425"}],"curies":[{"name":"wp","href":"https:\/\/api.w.org\/{rel}","templated":true}]}}