{"id":6423,"date":"2021-03-30T09:04:34","date_gmt":"2021-03-30T09:04:34","guid":{"rendered":"http:\/\/atg.md\/product\/c0025\/"},"modified":"2024-07-05T07:00:31","modified_gmt":"2024-07-05T07:00:31","slug":"c0025","status":"publish","type":"product","link":"https:\/\/atg.md\/ro\/catalog\/autoclipsuri\/vstavki\/c0025\/","title":{"rendered":"C0025"},"content":{"rendered":"<p><strong>Modele:<\/strong><\/p>\n<ul>\n<li>Infiniti M35, HG50, G50 <\/li>\n<li>Nissan 280ZX<\/li>\n<li>Nissan 300ZX<\/li>\n<li>Nissan 350Z<\/li>\n<li>Nissan 370Z<\/li>\n<li>Nissan AD, VFGY10, VENY10, VFNY10, WFGY10, VSY10, WSY10, VHB11, VFY10, VB11, VSGY10, VEGY10, VSNY10, WFY10, VY10, VEY10, WEY10, WY10, WFNY10, VSB11<\/li>\n<li>Nissan Ambulance, ALE50, ALWE50, FLGE50, FPWGE50, ATWE50, FPGE50, ATE50, FLWGE50<\/li>\n<li>Nissan Atlas, AMF22, FH40, UF22, AGF22, EGF22, YF22, RH40, EH40, BF22, PGF22, MGH40, TGF22, UGF22, EF22, WGF22, YGF22, FGH40, JGH40, AF22, SGH40, AH40, SQH40, SH40, BGF22, PF22, PH40, WF22, MH40, WH40, TF22, JH40<\/li>\n<li>Nissan Auster, T12, T11, PT12, PT11<\/li>\n<li>Nissan Avenir, W10, VEW10, PW10, VSW10, PNW10, VENW10, SW10<\/li>\n<li>Nissan Bluebird, HNU13, SU13, WU11, EU13, ENU13, VRU11, PU13, VEU11, HU13<\/li>\n<li>Nissan Caravan, DRGE24, FHGE24, DYGE23, VNE23, VWE24, FEGE24, VRMGE24, CHGE23, FTGE24, ARMGE24, VTE24, KRE23, KHE23, VPGE23, KRGE24, CPGE23, CRGE23, VYE23, AEGE24, VRE23, KHGE23, DWMGE25, VRGE23, CWGE24, VHGE23, ARE24, VBE23, CYGE24, DTGE24, VPE24, DHGE24, KRE24, KHE24, KRME24, VWMGE24, VPGE24, CQGE24, ARGE24, VRE24, KEE24, CRMGE24, VTGE24, KHGE24, VRGE24, VYGE23, KRGE23, KSGE23, VHGE24, KSE24, VWGE24, DSGE25, DWGE25, CYGE23, DHGE23, VYE24, ARME24, DPGE23, DQGE25, FHGE23, DRGE23, DYGE24, VYGE24, FPGE23, KRMGE24, KSE23, KSGE24, CHGE24, DWGE24, CWMGE24, CTGE24, CRGE24, VHE24<\/li>\n<li>Nissan Cedric, PBY32, UY32, HY34, MY34, HBY33, ENY34, PAY32, Y32, Y34, PY32, HY33, MY33, Y33, ENY33, UY33, PY33<\/li>\n<li>Nissan Condor, SQH40, MGH40, RH40, MH40, WH40, JH40, EH40, PH40, FH40, SH40, FGH40, SGH40, AH40, JGH40<\/li>\n<li>Nissan Datsun Truck, PMD21, QYD21, PD21, CG720, AG720, FGD21, DD21, DG720, CGD21, BGD21, AGD21, GD21, DMD21, FMD21, QMD21, BD21, D21, PGD21, BMD21, AMD21, CD21, QD21, FYD21, DYD21, QGD21, SG720, FD21, AD21, G720<\/li>\n<li>Nissan Exa, KEN13<\/li>\n<li>Nissan Fairlady Z, HZ33, Z33, Z34<\/li>\n<li>Nissan Gazelle, US110, S110, US12, JS12, PS110, S12<\/li>\n<li>Nissan Gloria, PY33, Y32, ENY33, Y34, UY33, HY33, PBY32, MY33, PY32, PAY32, PY33E, ENY34, Y33, MY34, HBY33, UY32, HY34<\/li>\n<li>Nissan Homy, VNE23, DRGE24, DTGE24, VTE24, FTGE24, CWMGE24, VWE24, DYGE24, VPE24, FHGE24, DHGE24, ARE24, VPGE23, VHGE23, DWGE24, KRE24, KSE23, AEGE24, VYE23, FEGE24, DYGE23, KRGE24, VPGE24, CRGE23, VRE23, VHGE24, CHGE23, CPGE23, VTGE24, CTGE24, CRMGE24, VYE24, KSE24, VRGE24, VHE24, KHGE24, KSGE23, KRME24, ARGE24, VBE23, KRGE23, VYGE23, KHE24, VRE24, CQGE24, CHGE24, CRGE24, KEE24, CYGE24, CWGE24, VWMGE24, FPGE23, DRGE23, VRGE23, KHGE23, KSGE24, ARMGE24, FHGE23, VYGE24, KHE23, KRMGE24, DPGE23, VWGE24, DHGE23, VRMGE24, ARME24, KRE23, CYGE23<\/li>\n<li>Nissan King Cab<\/li>\n<li>Nissan King Van<\/li>\n<li>Nissan Langley, HN12, BHNN13, BEN13, SN12, BHN13, PN12, BFNN13, BSN13, BFN13<\/li>\n<li>Nissan Laurel Spirit, HB11, HB12, SB11, WHB11, SB12, WB11, EB12, WSB11, FB12, B11, FNB12<\/li>\n<li>Nissan Laurel, GCC35, SC35, SC34, GC34, GC32, GNC35, HJC32, FJC32, EJC32, SJC32, HC35, GNC34, GCC34, GC35, HC32, HC34<\/li>\n<li>Nissan Leopard, UF31, JF30, HF30, JPY33, GF31, JENY33, JMY33, JY33, NF30, JHY33, PF30, JHBY33<\/li>\n<li>Nissan Liberta Villa, BSN13, PN12, BHN13, SN12, HN12, BFNN13, BHNN13, BFN13, BEN13<\/li>\n<li>Nissan March, K10, AK11, EK10, HK11<\/li>\n<li>Nissan Maxima<\/li>\n<li>Nissan Micra<\/li>\n<li>Nissan Murano, PNZ50, TZ50, PZ50<\/li>\n<li>Nissan Patrol<\/li>\n<li>Nissan Prairie, M10, M11, HM11, BM10, PM11, HNM10, PM10, HNM11, PNM11, NM11<\/li>\n<li>Nissan Presage, TU31, PNU31, PU31, TNU31<\/li>\n<li>Nissan Presea, HR11, HR10, PR10, R11, PR11, R10<\/li>\n<li>Nissan President, JG50, PHG50, JHG50, PG50<\/li>\n<li>Nissan Primera<\/li>\n<li>Nissan Pulsar, PN12, N13, FNN13, HNN13, HN13, SN12, SN13, HN12, FN13, EN13<\/li>\n<li>Nissan Rasheen, RKNB14<\/li>\n<li>Nissan Safari, WGY60, WYY60, WRGY60, WRY60, VRGY60, VRY60<\/li>\n<li>Nissan Silvia, PS110, JS12, S110, S15, S12, US12, US110<\/li>\n<li>Nissan Skyline, VSJR30, VPJR30, WFJR31, SR31, BNR34, WHJR31, ER34, ENR34, HR31, FJR31, HR34<\/li>\n<li>Nissan Stagea, WHC34, WGNC34, WGC34<\/li>\n<li>Nissan Stanza, T11, PT11, PT12, T12<\/li>\n<li>Nissan Sunny California, WFY10, WFNY10, WEY10, WFGY10, WHNY10, WHY10<\/li>\n<li>Nissan Sunny Truck<\/li>\n<li>Nissan Sunny, WHNB12, B11, HB11, WFB12, WSB11, FNB12, FB12, HNB12, WHB11, WB11, SB12, B12, HB12, WSB12, SB11, EB12, WFNB12, WHB12<\/li>\n<li>Nissan TR-X, HF30, PF30, JF30, NF30<\/li>\n<li>Nissan Terrano<\/li>\n<li>Nissan Tiida Latio, SJC11, SNC11, SC11, SZC11<\/li>\n<li>Nissan Tiida, C11, NC11, JC11, C11X<\/li>\n<li>Nissan Urvan<\/li>\n<li>Nissan Vanette<\/li>\n<li>Nissan Violet, T11, PT11<\/li>\n<li>Nissan Wingroad, WFGY10, WHY10, WFY10, WFNY10, WHNY10, WEY10<\/li>\n<li>Volkswagen Santana, EM30, PM30, M30<\/li>\n<li><\/li>\n<\/ul>\n<p><\/p>","protected":false},"excerpt":{"rendered":"<p><b>OEM:<\/b> 96706-B0700, 96706B0700, 999100412<\/p>\n<p><b>Dimensiune F:<\/b> 7<br \/><b>Dimensiune H:<\/b> 8<br \/><b>Dimensiune T:<\/b> 9<\/p>\n","protected":false},"featured_media":6424,"template":"","meta":[],"product_cat":[25,105],"product_tag":[],"bundled_by":[],"bundle_stock_status":"instock","bundle_stock_quantity":null,"bundle_virtual":false,"bundle_layout":"","bundle_add_to_cart_form_location":"","bundle_editable_in_cart":false,"bundle_sold_individually_context":"","bundle_item_grouping":"","bundle_min_size":"","bundle_max_size":"","bundled_items":[],"yoast_head":"<!-- This site is optimized with the Yoast SEO Premium plugin v16.6 (Yoast SEO v20.1) - https:\/\/yoast.com\/wordpress\/plugins\/seo\/ -->\n<title>C0025 - Autoclipsuri, Inserturi - atg.md<\/title>\n<meta name=\"robots\" content=\"index, follow, max-snippet:-1, max-image-preview:large, max-video-preview:-1\" \/>\n<link rel=\"canonical\" href=\"https:\/\/atg.md\/ro\/catalog\/autoclipsuri\/vstavki\/c0025\/\" \/>\n<meta property=\"og:locale\" content=\"ro_RO\" \/>\n<meta property=\"og:type\" content=\"article\" \/>\n<meta property=\"og:title\" content=\"C0025 - Autoclipsuri, Inserturi - atg.md\" \/>\n<meta property=\"og:description\" content=\"OEM: 96706-B0700, 96706B0700, 999100412Dimensiune F: 7Dimensiune H: 8Dimensiune T: 9\" \/>\n<meta property=\"og:url\" content=\"https:\/\/atg.md\/ro\/wp-json\/wp\/v2\/product\/6423\" \/>\n<meta property=\"og:site_name\" content=\"atg.md\" \/>\n<meta property=\"article:modified_time\" content=\"2024-07-05T07:00:31+00:00\" \/>\n<meta property=\"og:image\" content=\"https:\/\/atg.md\/wp-content\/uploads\/2021\/03\/c0025.jpg\" \/>\n\t<meta property=\"og:image:width\" content=\"600\" \/>\n\t<meta property=\"og:image:height\" content=\"600\" \/>\n\t<meta property=\"og:image:type\" content=\"image\/jpeg\" \/>\n<meta name=\"twitter:card\" content=\"summary_large_image\" \/>\n<meta name=\"twitter:label1\" content=\"Pre\u021b\" \/>\n\t<meta name=\"twitter:data1\" content=\"5.00&nbsp;MDL\" \/>\n\t<meta name=\"twitter:label2\" content=\"Availability\" \/>\n\t<meta name=\"twitter:data2\" content=\"In stock\" \/>\n<script type=\"application\/ld+json\" class=\"yoast-schema-graph\">{\"@context\":\"https:\/\/schema.org\",\"@graph\":[{\"@type\":\"WebPage\",\"@id\":\"https:\/\/atg.md\/ro\/catalog\/autoclipsuri\/vstavki\/c0025\/\",\"url\":\"https:\/\/atg.md\/ro\/catalog\/autoclipsuri\/vstavki\/c0025\/\",\"name\":\"C0025 - Autoclipsuri, Inserturi - atg.md\",\"isPartOf\":{\"@id\":\"https:\/\/atg.md\/ro\/#website\"},\"datePublished\":\"2021-03-30T09:04:34+00:00\",\"dateModified\":\"2024-07-05T07:00:31+00:00\",\"breadcrumb\":{\"@id\":\"https:\/\/atg.md\/ro\/catalog\/autoclipsuri\/vstavki\/c0025\/#breadcrumb\"},\"inLanguage\":\"ro-RO\",\"potentialAction\":[{\"@type\":\"ReadAction\",\"target\":[[\"https:\/\/atg.md\/ro\/catalog\/autoclipsuri\/vstavki\/c0025\/\"]]}]},{\"@type\":\"BreadcrumbList\",\"@id\":\"https:\/\/atg.md\/ro\/catalog\/autoclipsuri\/vstavki\/c0025\/#breadcrumb\",\"itemListElement\":[{\"@type\":\"ListItem\",\"position\":1,\"name\":\"Home\",\"item\":\"https:\/\/atg.md\/ro\/\"},{\"@type\":\"ListItem\",\"position\":2,\"name\":\"\u041a\u0430\u0442\u0430\u043b\u043e\u0433\",\"item\":\"https:\/\/atg.md\/ro\/catalog\/\"},{\"@type\":\"ListItem\",\"position\":3,\"name\":\"C0025\"}]},{\"@type\":\"WebSite\",\"@id\":\"https:\/\/atg.md\/ro\/#website\",\"url\":\"https:\/\/atg.md\/ro\/\",\"name\":\"atg.md\",\"description\":\"V\u00e2nzare de izola\u021bii \u00eempotriva vibra\u021biilor pentru ma\u0219ini, izola\u021bie termic\u0103, izolare fonic\u0103 de la cei mai buni produc\u0103tori, autoclipsuri, elemente de fixare auto. Cump\u0103ra\u021bi \u00een Moldova, Chi\u0219in\u0103u\",\"publisher\":{\"@id\":\"https:\/\/atg.md\/ro\/#organization\"},\"potentialAction\":[{\"@type\":\"SearchAction\",\"target\":{\"@type\":\"EntryPoint\",\"urlTemplate\":\"https:\/\/atg.md\/ro\/?s={search_term_string}\"},\"query-input\":\"required name=search_term_string\"}],\"inLanguage\":\"ro-RO\"},{\"@type\":[\"Organization\",\"Place\",\"AutoPartsStore\"],\"@id\":\"https:\/\/atg.md\/ro\/#organization\",\"name\":\"S.C. AUTOTOM GRUP S.R.L.\",\"url\":\"https:\/\/atg.md\/ro\/\",\"logo\":{\"@type\":\"ImageObject\",\"inLanguage\":\"ro-RO\",\"@id\":\"https:\/\/atg.md\/ro\/#\/schema\/logo\/image\/\",\"url\":\"https:\/\/i2.wp.com\/atg.md\/wp-content\/uploads\/2021\/05\/atg_logo_main.png?fit=656%2C569&ssl=1\",\"contentUrl\":\"https:\/\/i2.wp.com\/atg.md\/wp-content\/uploads\/2021\/05\/atg_logo_main.png?fit=656%2C569&ssl=1\",\"width\":656,\"height\":569,\"caption\":\"S.C. AUTOTOM GRUP S.R.L.\"},\"image\":{\"@id\":\"https:\/\/atg.md\/ro\/#\/schema\/logo\/image\/\"},\"location\":{\"@id\":\"https:\/\/atg.md\/ro\/catalog\/autoclipsuri\/vstavki\/c0025\/#local-place\"},\"address\":{\"@id\":\"https:\/\/atg.md\/ro\/catalog\/autoclipsuri\/vstavki\/c0025\/#local-place-address\"},\"email\":\"atgtvv@gmail.com\",\"telephone\":\"+37369644446\",\"areaServed\":\"Moldova\"},{\"@type\":\"Place\",\"@id\":\"https:\/\/atg.md\/ro\/catalog\/autoclipsuri\/vstavki\/c0025\/#local-place\",\"address\":{\"@type\":\"PostalAddress\",\"@id\":\"https:\/\/atg.md\/ro\/catalog\/autoclipsuri\/vstavki\/c0025\/#local-place-address\",\"streetAddress\":\"str. Alba-Iulia 77\/20\",\"addressLocality\":\"Chisinau\",\"postalCode\":\"2043\",\"addressRegion\":\"mun. Chisinau\",\"addressCountry\":\"MD\"},\"geo\":{\"@type\":\"GeoCoordinates\",\"latitude\":\"47.0376\",\"longitude\":\"28.76899\"},\"openingHoursSpecification\":[{\"@type\":\"OpeningHoursSpecification\",\"dayOfWeek\":[\"Monday\",\"Tuesday\",\"Wednesday\",\"Thursday\",\"Friday\"],\"opens\":\"09:00\",\"closes\":\"18:00\"},{\"@type\":\"OpeningHoursSpecification\",\"dayOfWeek\":[\"Saturday\"],\"opens\":\"09:00\",\"closes\":\"14:00\"},{\"@type\":\"OpeningHoursSpecification\",\"dayOfWeek\":[\"Sunday\"],\"opens\":\"00:00\",\"closes\":\"00:00\"}],\"telephone\":\"+37369644446\"}]}<\/script>\n<meta name=\"geo.placename\" content=\"Chisinau\" \/>\n<meta name=\"geo.position\" content=\"47.0376;28.76899\" \/>\n<meta name=\"geo.region\" content=\"Moldova\" \/>\n<!-- \/ Yoast SEO Premium plugin. -->","yoast_head_json":{"title":"C0025 - Autoclipsuri, Inserturi - atg.md","robots":{"index":"index","follow":"follow","max-snippet":"max-snippet:-1","max-image-preview":"max-image-preview:large","max-video-preview":"max-video-preview:-1"},"canonical":"https:\/\/atg.md\/ro\/catalog\/autoclipsuri\/vstavki\/c0025\/","og_locale":"ro_RO","og_type":"article","og_title":"C0025 - Autoclipsuri, Inserturi - atg.md","og_description":"OEM: 96706-B0700, 96706B0700, 999100412Dimensiune F: 7Dimensiune H: 8Dimensiune T: 9","og_url":"https:\/\/atg.md\/ro\/wp-json\/wp\/v2\/product\/6423","og_site_name":"atg.md","article_modified_time":"2024-07-05T07:00:31+00:00","og_image":[{"width":600,"height":600,"url":"https:\/\/atg.md\/wp-content\/uploads\/2021\/03\/c0025.jpg","type":"image\/jpeg"}],"twitter_card":"summary_large_image","twitter_misc":{"Pre\u021b":"5.00&nbsp;MDL","Availability":"In stock"},"schema":{"@context":"https:\/\/schema.org","@graph":[{"@type":"WebPage","@id":"https:\/\/atg.md\/ro\/catalog\/autoclipsuri\/vstavki\/c0025\/","url":"https:\/\/atg.md\/ro\/catalog\/autoclipsuri\/vstavki\/c0025\/","name":"C0025 - Autoclipsuri, Inserturi - atg.md","isPartOf":{"@id":"https:\/\/atg.md\/ro\/#website"},"datePublished":"2021-03-30T09:04:34+00:00","dateModified":"2024-07-05T07:00:31+00:00","breadcrumb":{"@id":"https:\/\/atg.md\/ro\/catalog\/autoclipsuri\/vstavki\/c0025\/#breadcrumb"},"inLanguage":"ro-RO","potentialAction":[{"@type":"ReadAction","target":[["https:\/\/atg.md\/ro\/catalog\/autoclipsuri\/vstavki\/c0025\/"]]}]},{"@type":"BreadcrumbList","@id":"https:\/\/atg.md\/ro\/catalog\/autoclipsuri\/vstavki\/c0025\/#breadcrumb","itemListElement":[{"@type":"ListItem","position":1,"name":"Home","item":"https:\/\/atg.md\/ro\/"},{"@type":"ListItem","position":2,"name":"\u041a\u0430\u0442\u0430\u043b\u043e\u0433","item":"https:\/\/atg.md\/ro\/catalog\/"},{"@type":"ListItem","position":3,"name":"C0025"}]},{"@type":"WebSite","@id":"https:\/\/atg.md\/ro\/#website","url":"https:\/\/atg.md\/ro\/","name":"atg.md","description":"V\u00e2nzare de izola\u021bii \u00eempotriva vibra\u021biilor pentru ma\u0219ini, izola\u021bie termic\u0103, izolare fonic\u0103 de la cei mai buni produc\u0103tori, autoclipsuri, elemente de fixare auto. Cump\u0103ra\u021bi \u00een Moldova, Chi\u0219in\u0103u","publisher":{"@id":"https:\/\/atg.md\/ro\/#organization"},"potentialAction":[{"@type":"SearchAction","target":{"@type":"EntryPoint","urlTemplate":"https:\/\/atg.md\/ro\/?s={search_term_string}"},"query-input":"required name=search_term_string"}],"inLanguage":"ro-RO"},{"@type":["Organization","Place","AutoPartsStore"],"@id":"https:\/\/atg.md\/ro\/#organization","name":"S.C. AUTOTOM GRUP S.R.L.","url":"https:\/\/atg.md\/ro\/","logo":{"@type":"ImageObject","inLanguage":"ro-RO","@id":"https:\/\/atg.md\/ro\/#\/schema\/logo\/image\/","url":"https:\/\/i2.wp.com\/atg.md\/wp-content\/uploads\/2021\/05\/atg_logo_main.png?fit=656%2C569&ssl=1","contentUrl":"https:\/\/i2.wp.com\/atg.md\/wp-content\/uploads\/2021\/05\/atg_logo_main.png?fit=656%2C569&ssl=1","width":656,"height":569,"caption":"S.C. AUTOTOM GRUP S.R.L."},"image":{"@id":"https:\/\/atg.md\/ro\/#\/schema\/logo\/image\/"},"location":{"@id":"https:\/\/atg.md\/ro\/catalog\/autoclipsuri\/vstavki\/c0025\/#local-place"},"address":{"@id":"https:\/\/atg.md\/ro\/catalog\/autoclipsuri\/vstavki\/c0025\/#local-place-address"},"email":"atgtvv@gmail.com","telephone":"+37369644446","areaServed":"Moldova"},{"@type":"Place","@id":"https:\/\/atg.md\/ro\/catalog\/autoclipsuri\/vstavki\/c0025\/#local-place","address":{"@type":"PostalAddress","@id":"https:\/\/atg.md\/ro\/catalog\/autoclipsuri\/vstavki\/c0025\/#local-place-address","streetAddress":"str. Alba-Iulia 77\/20","addressLocality":"Chisinau","postalCode":"2043","addressRegion":"mun. Chisinau","addressCountry":"MD"},"geo":{"@type":"GeoCoordinates","latitude":"47.0376","longitude":"28.76899"},"openingHoursSpecification":[{"@type":"OpeningHoursSpecification","dayOfWeek":["Monday","Tuesday","Wednesday","Thursday","Friday"],"opens":"09:00","closes":"18:00"},{"@type":"OpeningHoursSpecification","dayOfWeek":["Saturday"],"opens":"09:00","closes":"14:00"},{"@type":"OpeningHoursSpecification","dayOfWeek":["Sunday"],"opens":"00:00","closes":"00:00"}],"telephone":"+37369644446"}]}},"_links":{"self":[{"href":"https:\/\/atg.md\/ro\/wp-json\/wp\/v2\/product\/6423"}],"collection":[{"href":"https:\/\/atg.md\/ro\/wp-json\/wp\/v2\/product"}],"about":[{"href":"https:\/\/atg.md\/ro\/wp-json\/wp\/v2\/types\/product"}],"wp:featuredmedia":[{"embeddable":true,"href":"https:\/\/atg.md\/ro\/wp-json\/wp\/v2\/media\/6424"}],"wp:attachment":[{"href":"https:\/\/atg.md\/ro\/wp-json\/wp\/v2\/media?parent=6423"}],"wp:term":[{"taxonomy":"product_cat","embeddable":true,"href":"https:\/\/atg.md\/ro\/wp-json\/wp\/v2\/product_cat?post=6423"},{"taxonomy":"product_tag","embeddable":true,"href":"https:\/\/atg.md\/ro\/wp-json\/wp\/v2\/product_tag?post=6423"}],"curies":[{"name":"wp","href":"https:\/\/api.w.org\/{rel}","templated":true}]}}