{"id":6390,"date":"2021-03-30T09:04:20","date_gmt":"2021-03-30T09:04:20","guid":{"rendered":"http:\/\/atg.md\/product\/c0010\/"},"modified":"2024-07-05T07:00:26","modified_gmt":"2024-07-05T07:00:26","slug":"c0010","status":"publish","type":"product","link":"https:\/\/atg.md\/ro\/catalog\/autoclipsuri\/nazhimnye-zaglushki\/c0010\/","title":{"rendered":"C0010"},"content":{"rendered":"<p><strong>Modele:<\/strong><\/p>\n<ul>\n<li>Lexus ES250, VZV21<\/li>\n<li>Lexus ES300, MCV10, VCV10, MCV20, MCV30, MCV31<\/li>\n<li>Lexus ES330, MCV30, MCV31<\/li>\n<li>Lexus LX470, UZJ100<\/li>\n<li>Toyota 4Runner, KZN185, RZN180, VZN180, RZN185, VZN185<\/li>\n<li>Toyota Allion, ZZT240, NZT240, ZZT245, AZT240<\/li>\n<li>Toyota Avalon, MCX10<\/li>\n<li>Toyota Avensis Verso, CLM20, ACM20, ACM21<\/li>\n<li>Toyota Avensis, ZZT220, ZZT221, CDT220, ST220, CT220, AT221, AT220, ZZT221L, AZT220L, AZT220<\/li>\n<li>Toyota Caldina, ST215G, ST210G, CT190, CT198V, CT190G, CT198, CT196, ST210, CT196V, ST195G, CT216G, ST195, ST215W, ST215, CT216<\/li>\n<li>Toyota Camry Gracia, SXV20W, MCV25W, SXV25W, MCV25, SXV25, MCV21W, SXV20, MCV21<\/li>\n<li>Toyota Camry, SV11, SV21, CV10, SV25, VZV32, SXV11, SV35, CV30, SV41, VZV20, SV10, CV20, VZV31, SXV20, SXV10, VCV10, SV42, MCV30L, VZV21, SXV23, MCV20, VZV30, SV33, ACV30, CV40, MCV30, SV12, ACV30L, SV43, CV11, ACV31, ACV35, VZV33, SV32, MCV10, MCV31, CV43<\/li>\n<li>Toyota Carina E, ST191L, CT190, ST191, CT190L<\/li>\n<li>Toyota Carina II, CT170, CT177<\/li>\n<li>Toyota Carina, CT176, CT195, CT170G, CT190, CT170<\/li>\n<li>Toyota Celica, GA61, AA63, MA61, MA63<\/li>\n<li>Toyota Century, VG40, VG45<\/li>\n<li>Toyota Chaser, SX80, GX81, MX83, JZX81, YX80, LX80<\/li>\n<li>Toyota Coaster, TRB50, BB58, HZB40, BZB50, HDB51, BB40R, BZB40, XZB46, XZB53, RZB53, BB55, TRB53, BB59, RZB40, BB42, XZB40, HZB50, RZB54, RZB50, XZB50, HZB50R, BB43, BB46, HZB46, HDB50, BB53, XZB59, BB40, HZB41, TRB40, HZB56, HZB50L, BB50, BB54<\/li>\n<li>Toyota Corona, ST171, CT195, CT211, CT220, ST220, CT216, AT220, ST190, CT177, ST210, CT170, CT176, ST191, CT190<\/li>\n<li>Toyota Cressida, LX80, MX81, MX83, RX80, GX81, RX81<\/li>\n<li>Toyota Cresta, SX80, GX81, LX80, YX80, MX83, JZX81<\/li>\n<li>Toyota Crown Majesta, GS141, LS141, JZS149, JZS147, UZS143, UZS147, UZS145, UZS141, JZS143, JZS145, JZS141<\/li>\n<li>Toyota Crown, GS141, JZS141, JZS145, UZS141, JZS143, JZS147, JZS149, UZS145, UZS143, LS141, UZS147<\/li>\n<li>Toyota Gaia, ACM15G, ACM10G, CXM10, ACM15, SXM10, SXM15, ACM10, CXM10G, SXM15G, SXM10G<\/li>\n<li>Toyota Hilux Surf, VZN185, RZN185W, KZN185, VZN185W, VZN180, KDN185W, KZN185G, RZN185, KDN185, RZN180, KZN185W, RZN180W, VZN180W<\/li>\n<li>Toyota Ipsum, SXM15, CXM10G, SXM15G, SXM10, SXM10G, CXM10<\/li>\n<li>Toyota Land Cruiser Prado, VZJ90, RZJ95W, VZJ90W, LJ71G, LJ90, LJ71, BJ74, KDJ90W, BJ70, KZJ95W, RZJ95, KZJ95, KDJ90, KDJ95W, VZJ95, VZJ95W, LJ95, KZJ90W, BJ73, BJ71, RZJ90W, RZJ90, KDJ95, KZJ90<\/li>\n<li>Toyota Land Cruiser, HJ75, FZJ105, BJ74, UZJ100L, BJ71V, UZJ100, BJ70, HDJ100L, BJ70V, FJ70, RJ73, HDJ101, HZJ105, BJ74V, BJ75, HZJ105L, BJ73, LJ70, BJ71, FJ75, UZJ100W, LJ73, BJ73V, FJ73, FZJ100, HDJ101K, HDJ100, RJ70<\/li>\n<li>Toyota Mark II Wagon Qualis, SXV25, MCV20W, SXV25W, MCV25, MCV20, MCV21, SXV20W, SXV20, MCV21W, MCV25W<\/li>\n<li>Toyota Mark II, YX80, SX80, MX83, JZX81, LX80, LX80Q, GX81<\/li>\n<li>Toyota Nadia, ACN15, ACN10H, SXN15H, ACN15H, ACN10, SXN15, SXN10, SXN10H<\/li>\n<li>Toyota Opa, ZCT10, ACT10, ZCT15<\/li>\n<li>Toyota Picnic Verso, CLM20, ACM20, ACM21<\/li>\n<li>Toyota Picnic, SXM10L, CXM10L, SXM10, CXM10<\/li>\n<li>Toyota Premio, ZZT245, AZT240, NZT240, ZZT240<\/li>\n<\/ul>\n<p><\/p>","protected":false},"excerpt":{"rendered":"<p><b>OEM:<\/b> 90467-09006, 9046709006<\/p>\n<p><b>Dimensiune F:<\/b> 8.6<br \/><b>Dimensiune H:<\/b> 20<br \/><b>Dimensiune T:<\/b> 29.8<\/p>\n","protected":false},"featured_media":6391,"template":"","meta":[],"product_cat":[25,53],"product_tag":[],"bundled_by":[],"bundle_stock_status":"instock","bundle_stock_quantity":null,"bundle_virtual":false,"bundle_layout":"","bundle_add_to_cart_form_location":"","bundle_editable_in_cart":false,"bundle_sold_individually_context":"","bundle_item_grouping":"","bundle_min_size":"","bundle_max_size":"","bundled_items":[],"yoast_head":"<!-- This site is optimized with the Yoast SEO Premium plugin v16.6 (Yoast SEO v20.1) - https:\/\/yoast.com\/wordpress\/plugins\/seo\/ -->\n<title>C0010 - Autoclipsuri, Dopuri de presiune - atg.md<\/title>\n<meta name=\"robots\" content=\"index, follow, max-snippet:-1, max-image-preview:large, max-video-preview:-1\" \/>\n<link rel=\"canonical\" href=\"https:\/\/atg.md\/ro\/catalog\/autoclipsuri\/nazhimnye-zaglushki\/c0010\/\" \/>\n<meta property=\"og:locale\" content=\"ro_RO\" \/>\n<meta property=\"og:type\" content=\"article\" \/>\n<meta property=\"og:title\" content=\"C0010 - Autoclipsuri, Dopuri de presiune - atg.md\" \/>\n<meta property=\"og:description\" content=\"OEM: 90467-09006, 9046709006Dimensiune F: 8.6Dimensiune H: 20Dimensiune T: 29.8\" \/>\n<meta property=\"og:url\" content=\"https:\/\/atg.md\/ro\/wp-json\/wp\/v2\/product\/6390\" \/>\n<meta property=\"og:site_name\" content=\"atg.md\" \/>\n<meta property=\"article:modified_time\" content=\"2024-07-05T07:00:26+00:00\" \/>\n<meta property=\"og:image\" content=\"https:\/\/atg.md\/wp-content\/uploads\/2021\/03\/c0010.jpg\" \/>\n\t<meta property=\"og:image:width\" content=\"600\" \/>\n\t<meta property=\"og:image:height\" content=\"600\" \/>\n\t<meta property=\"og:image:type\" content=\"image\/jpeg\" \/>\n<meta name=\"twitter:card\" content=\"summary_large_image\" \/>\n<meta name=\"twitter:label1\" content=\"Pre\u021b\" \/>\n\t<meta name=\"twitter:data1\" content=\"6.00&nbsp;MDL\" \/>\n\t<meta name=\"twitter:label2\" content=\"Availability\" \/>\n\t<meta name=\"twitter:data2\" content=\"In stock\" \/>\n<script type=\"application\/ld+json\" class=\"yoast-schema-graph\">{\"@context\":\"https:\/\/schema.org\",\"@graph\":[{\"@type\":\"WebPage\",\"@id\":\"https:\/\/atg.md\/ro\/catalog\/autoclipsuri\/nazhimnye-zaglushki\/c0010\/\",\"url\":\"https:\/\/atg.md\/ro\/catalog\/autoclipsuri\/nazhimnye-zaglushki\/c0010\/\",\"name\":\"C0010 - Autoclipsuri, Dopuri de presiune - atg.md\",\"isPartOf\":{\"@id\":\"https:\/\/atg.md\/ro\/#website\"},\"datePublished\":\"2021-03-30T09:04:20+00:00\",\"dateModified\":\"2024-07-05T07:00:26+00:00\",\"breadcrumb\":{\"@id\":\"https:\/\/atg.md\/ro\/catalog\/autoclipsuri\/nazhimnye-zaglushki\/c0010\/#breadcrumb\"},\"inLanguage\":\"ro-RO\",\"potentialAction\":[{\"@type\":\"ReadAction\",\"target\":[[\"https:\/\/atg.md\/ro\/catalog\/autoclipsuri\/nazhimnye-zaglushki\/c0010\/\"]]}]},{\"@type\":\"BreadcrumbList\",\"@id\":\"https:\/\/atg.md\/ro\/catalog\/autoclipsuri\/nazhimnye-zaglushki\/c0010\/#breadcrumb\",\"itemListElement\":[{\"@type\":\"ListItem\",\"position\":1,\"name\":\"Home\",\"item\":\"https:\/\/atg.md\/ro\/\"},{\"@type\":\"ListItem\",\"position\":2,\"name\":\"\u041a\u0430\u0442\u0430\u043b\u043e\u0433\",\"item\":\"https:\/\/atg.md\/ro\/catalog\/\"},{\"@type\":\"ListItem\",\"position\":3,\"name\":\"C0010\"}]},{\"@type\":\"WebSite\",\"@id\":\"https:\/\/atg.md\/ro\/#website\",\"url\":\"https:\/\/atg.md\/ro\/\",\"name\":\"atg.md\",\"description\":\"V\u00e2nzare de izola\u021bii \u00eempotriva vibra\u021biilor pentru ma\u0219ini, izola\u021bie termic\u0103, izolare fonic\u0103 de la cei mai buni produc\u0103tori, autoclipsuri, elemente de fixare auto. Cump\u0103ra\u021bi \u00een Moldova, Chi\u0219in\u0103u\",\"publisher\":{\"@id\":\"https:\/\/atg.md\/ro\/#organization\"},\"potentialAction\":[{\"@type\":\"SearchAction\",\"target\":{\"@type\":\"EntryPoint\",\"urlTemplate\":\"https:\/\/atg.md\/ro\/?s={search_term_string}\"},\"query-input\":\"required name=search_term_string\"}],\"inLanguage\":\"ro-RO\"},{\"@type\":[\"Organization\",\"Place\",\"AutoPartsStore\"],\"@id\":\"https:\/\/atg.md\/ro\/#organization\",\"name\":\"S.C. AUTOTOM GRUP S.R.L.\",\"url\":\"https:\/\/atg.md\/ro\/\",\"logo\":{\"@type\":\"ImageObject\",\"inLanguage\":\"ro-RO\",\"@id\":\"https:\/\/atg.md\/ro\/#\/schema\/logo\/image\/\",\"url\":\"https:\/\/i2.wp.com\/atg.md\/wp-content\/uploads\/2021\/05\/atg_logo_main.png?fit=656%2C569&ssl=1\",\"contentUrl\":\"https:\/\/i2.wp.com\/atg.md\/wp-content\/uploads\/2021\/05\/atg_logo_main.png?fit=656%2C569&ssl=1\",\"width\":656,\"height\":569,\"caption\":\"S.C. AUTOTOM GRUP S.R.L.\"},\"image\":{\"@id\":\"https:\/\/atg.md\/ro\/#\/schema\/logo\/image\/\"},\"location\":{\"@id\":\"https:\/\/atg.md\/ro\/catalog\/autoclipsuri\/nazhimnye-zaglushki\/c0010\/#local-place\"},\"address\":{\"@id\":\"https:\/\/atg.md\/ro\/catalog\/autoclipsuri\/nazhimnye-zaglushki\/c0010\/#local-place-address\"},\"email\":\"atgtvv@gmail.com\",\"telephone\":\"+37369644446\",\"areaServed\":\"Moldova\"},{\"@type\":\"Place\",\"@id\":\"https:\/\/atg.md\/ro\/catalog\/autoclipsuri\/nazhimnye-zaglushki\/c0010\/#local-place\",\"address\":{\"@type\":\"PostalAddress\",\"@id\":\"https:\/\/atg.md\/ro\/catalog\/autoclipsuri\/nazhimnye-zaglushki\/c0010\/#local-place-address\",\"streetAddress\":\"str. Alba-Iulia 77\/20\",\"addressLocality\":\"Chisinau\",\"postalCode\":\"2043\",\"addressRegion\":\"mun. Chisinau\",\"addressCountry\":\"MD\"},\"geo\":{\"@type\":\"GeoCoordinates\",\"latitude\":\"47.0376\",\"longitude\":\"28.76899\"},\"openingHoursSpecification\":[{\"@type\":\"OpeningHoursSpecification\",\"dayOfWeek\":[\"Monday\",\"Tuesday\",\"Wednesday\",\"Thursday\",\"Friday\"],\"opens\":\"09:00\",\"closes\":\"18:00\"},{\"@type\":\"OpeningHoursSpecification\",\"dayOfWeek\":[\"Saturday\"],\"opens\":\"09:00\",\"closes\":\"14:00\"},{\"@type\":\"OpeningHoursSpecification\",\"dayOfWeek\":[\"Sunday\"],\"opens\":\"00:00\",\"closes\":\"00:00\"}],\"telephone\":\"+37369644446\"}]}<\/script>\n<meta name=\"geo.placename\" content=\"Chisinau\" \/>\n<meta name=\"geo.position\" content=\"47.0376;28.76899\" \/>\n<meta name=\"geo.region\" content=\"Moldova\" \/>\n<!-- \/ Yoast SEO Premium plugin. -->","yoast_head_json":{"title":"C0010 - Autoclipsuri, Dopuri de presiune - atg.md","robots":{"index":"index","follow":"follow","max-snippet":"max-snippet:-1","max-image-preview":"max-image-preview:large","max-video-preview":"max-video-preview:-1"},"canonical":"https:\/\/atg.md\/ro\/catalog\/autoclipsuri\/nazhimnye-zaglushki\/c0010\/","og_locale":"ro_RO","og_type":"article","og_title":"C0010 - Autoclipsuri, Dopuri de presiune - atg.md","og_description":"OEM: 90467-09006, 9046709006Dimensiune F: 8.6Dimensiune H: 20Dimensiune T: 29.8","og_url":"https:\/\/atg.md\/ro\/wp-json\/wp\/v2\/product\/6390","og_site_name":"atg.md","article_modified_time":"2024-07-05T07:00:26+00:00","og_image":[{"width":600,"height":600,"url":"https:\/\/atg.md\/wp-content\/uploads\/2021\/03\/c0010.jpg","type":"image\/jpeg"}],"twitter_card":"summary_large_image","twitter_misc":{"Pre\u021b":"6.00&nbsp;MDL","Availability":"In stock"},"schema":{"@context":"https:\/\/schema.org","@graph":[{"@type":"WebPage","@id":"https:\/\/atg.md\/ro\/catalog\/autoclipsuri\/nazhimnye-zaglushki\/c0010\/","url":"https:\/\/atg.md\/ro\/catalog\/autoclipsuri\/nazhimnye-zaglushki\/c0010\/","name":"C0010 - Autoclipsuri, Dopuri de presiune - atg.md","isPartOf":{"@id":"https:\/\/atg.md\/ro\/#website"},"datePublished":"2021-03-30T09:04:20+00:00","dateModified":"2024-07-05T07:00:26+00:00","breadcrumb":{"@id":"https:\/\/atg.md\/ro\/catalog\/autoclipsuri\/nazhimnye-zaglushki\/c0010\/#breadcrumb"},"inLanguage":"ro-RO","potentialAction":[{"@type":"ReadAction","target":[["https:\/\/atg.md\/ro\/catalog\/autoclipsuri\/nazhimnye-zaglushki\/c0010\/"]]}]},{"@type":"BreadcrumbList","@id":"https:\/\/atg.md\/ro\/catalog\/autoclipsuri\/nazhimnye-zaglushki\/c0010\/#breadcrumb","itemListElement":[{"@type":"ListItem","position":1,"name":"Home","item":"https:\/\/atg.md\/ro\/"},{"@type":"ListItem","position":2,"name":"\u041a\u0430\u0442\u0430\u043b\u043e\u0433","item":"https:\/\/atg.md\/ro\/catalog\/"},{"@type":"ListItem","position":3,"name":"C0010"}]},{"@type":"WebSite","@id":"https:\/\/atg.md\/ro\/#website","url":"https:\/\/atg.md\/ro\/","name":"atg.md","description":"V\u00e2nzare de izola\u021bii \u00eempotriva vibra\u021biilor pentru ma\u0219ini, izola\u021bie termic\u0103, izolare fonic\u0103 de la cei mai buni produc\u0103tori, autoclipsuri, elemente de fixare auto. Cump\u0103ra\u021bi \u00een Moldova, Chi\u0219in\u0103u","publisher":{"@id":"https:\/\/atg.md\/ro\/#organization"},"potentialAction":[{"@type":"SearchAction","target":{"@type":"EntryPoint","urlTemplate":"https:\/\/atg.md\/ro\/?s={search_term_string}"},"query-input":"required name=search_term_string"}],"inLanguage":"ro-RO"},{"@type":["Organization","Place","AutoPartsStore"],"@id":"https:\/\/atg.md\/ro\/#organization","name":"S.C. AUTOTOM GRUP S.R.L.","url":"https:\/\/atg.md\/ro\/","logo":{"@type":"ImageObject","inLanguage":"ro-RO","@id":"https:\/\/atg.md\/ro\/#\/schema\/logo\/image\/","url":"https:\/\/i2.wp.com\/atg.md\/wp-content\/uploads\/2021\/05\/atg_logo_main.png?fit=656%2C569&ssl=1","contentUrl":"https:\/\/i2.wp.com\/atg.md\/wp-content\/uploads\/2021\/05\/atg_logo_main.png?fit=656%2C569&ssl=1","width":656,"height":569,"caption":"S.C. AUTOTOM GRUP S.R.L."},"image":{"@id":"https:\/\/atg.md\/ro\/#\/schema\/logo\/image\/"},"location":{"@id":"https:\/\/atg.md\/ro\/catalog\/autoclipsuri\/nazhimnye-zaglushki\/c0010\/#local-place"},"address":{"@id":"https:\/\/atg.md\/ro\/catalog\/autoclipsuri\/nazhimnye-zaglushki\/c0010\/#local-place-address"},"email":"atgtvv@gmail.com","telephone":"+37369644446","areaServed":"Moldova"},{"@type":"Place","@id":"https:\/\/atg.md\/ro\/catalog\/autoclipsuri\/nazhimnye-zaglushki\/c0010\/#local-place","address":{"@type":"PostalAddress","@id":"https:\/\/atg.md\/ro\/catalog\/autoclipsuri\/nazhimnye-zaglushki\/c0010\/#local-place-address","streetAddress":"str. Alba-Iulia 77\/20","addressLocality":"Chisinau","postalCode":"2043","addressRegion":"mun. Chisinau","addressCountry":"MD"},"geo":{"@type":"GeoCoordinates","latitude":"47.0376","longitude":"28.76899"},"openingHoursSpecification":[{"@type":"OpeningHoursSpecification","dayOfWeek":["Monday","Tuesday","Wednesday","Thursday","Friday"],"opens":"09:00","closes":"18:00"},{"@type":"OpeningHoursSpecification","dayOfWeek":["Saturday"],"opens":"09:00","closes":"14:00"},{"@type":"OpeningHoursSpecification","dayOfWeek":["Sunday"],"opens":"00:00","closes":"00:00"}],"telephone":"+37369644446"}]}},"_links":{"self":[{"href":"https:\/\/atg.md\/ro\/wp-json\/wp\/v2\/product\/6390"}],"collection":[{"href":"https:\/\/atg.md\/ro\/wp-json\/wp\/v2\/product"}],"about":[{"href":"https:\/\/atg.md\/ro\/wp-json\/wp\/v2\/types\/product"}],"wp:featuredmedia":[{"embeddable":true,"href":"https:\/\/atg.md\/ro\/wp-json\/wp\/v2\/media\/6391"}],"wp:attachment":[{"href":"https:\/\/atg.md\/ro\/wp-json\/wp\/v2\/media?parent=6390"}],"wp:term":[{"taxonomy":"product_cat","embeddable":true,"href":"https:\/\/atg.md\/ro\/wp-json\/wp\/v2\/product_cat?post=6390"},{"taxonomy":"product_tag","embeddable":true,"href":"https:\/\/atg.md\/ro\/wp-json\/wp\/v2\/product_tag?post=6390"}],"curies":[{"name":"wp","href":"https:\/\/api.w.org\/{rel}","templated":true}]}}