{"id":6115,"date":"2020-12-09T12:02:37","date_gmt":"2020-12-09T12:02:37","guid":{"rendered":"http:\/\/atg.md\/product\/akczent-15-ks\/"},"modified":"2022-07-27T12:28:57","modified_gmt":"2022-07-27T12:28:57","slug":"akczent-15-ks","status":"publish","type":"product","link":"https:\/\/atg.md\/ro\/catalog\/shumoizolyacziya\/zvukopogloshhayushhie-materialy\/akczent-15-ks\/","title":{"rendered":"\u0410\u043a\u0446\u0435\u043d\u0442 15 \u041a\u0421"},"content":{"rendered":"<p>&nbsp;<\/p>","protected":false},"excerpt":{"rendered":"<p>Accent \u2013 material fonoabsorbant autoadeziv pe baz\u0103 de spum\u0103 de polietilen\u0103, cu defect par\u021bial de structura celulei \u00eenchise (presopunctur\u0103, perforare cu ac).<\/p>\n<p>  Accent \u2013 material fonoabsorbant autoadeziv pe baz\u0103 de spum\u0103 de polietilen\u0103, cu defect par\u021bial de structura celulei \u00eenchise (presopunctur\u0103, perforare cu ac).<\/p>\n<p>  Accent \u2013 material fonoabsorbant autoadeziv pe baz\u0103 de spum\u0103 de polietilen\u0103, cu defect par\u021bial de structura celulei \u00eenchise (presopunctur\u0103, perforare cu ac).<\/p>\n","protected":false},"featured_media":6116,"template":"","meta":[],"product_cat":[1166,1164],"product_tag":[],"bundled_by":[],"bundle_stock_status":"instock","bundle_stock_quantity":null,"bundle_virtual":false,"bundle_layout":"","bundle_add_to_cart_form_location":"","bundle_editable_in_cart":false,"bundle_sold_individually_context":"","bundle_item_grouping":"","bundle_min_size":"","bundle_max_size":"","bundled_items":[],"yoast_head":"<!-- This site is optimized with the Yoast SEO Premium plugin v16.6 (Yoast SEO v20.1) - https:\/\/yoast.com\/wordpress\/plugins\/seo\/ -->\n<title>\u0410\u043a\u0446\u0435\u043d\u0442 15 \u041a\u0421 - Materiale absorbante fonice, Izolarea zgomotului - atg.md<\/title>\n<meta name=\"robots\" content=\"index, follow, max-snippet:-1, max-image-preview:large, max-video-preview:-1\" \/>\n<link rel=\"canonical\" href=\"https:\/\/atg.md\/ro\/catalog\/shumoizolyacziya\/zvukopogloshhayushhie-materialy\/akczent-15-ks\/\" \/>\n<meta property=\"og:locale\" content=\"ro_RO\" \/>\n<meta property=\"og:type\" content=\"article\" \/>\n<meta property=\"og:title\" content=\"\u0410\u043a\u0446\u0435\u043d\u0442 15 \u041a\u0421 - Materiale absorbante fonice, Izolarea zgomotului - atg.md\" \/>\n<meta property=\"og:description\" content=\"Accent \u2013 material fonoabsorbant autoadeziv pe baz\u0103 de spum\u0103 de polietilen\u0103, cu defect par\u021bial de structura celulei \u00eenchise (presopunctur\u0103, perforare cu ac).   Accent \u2013 material fonoabsorbant autoadeziv pe baz\u0103 de spum\u0103 de polietilen\u0103, cu defect par\u021bial de structura celulei \u00eenchise (presopunctur\u0103, perforare cu ac).   Accent \u2013 material fonoabsorbant autoadeziv pe baz\u0103 de spum\u0103 de polietilen\u0103, cu defect par\u021bial de structura celulei \u00eenchise (presopunctur\u0103, perforare cu ac).\" \/>\n<meta property=\"og:url\" content=\"https:\/\/atg.md\/ro\/wp-json\/wp\/v2\/product\/6115\" \/>\n<meta property=\"og:site_name\" content=\"atg.md\" \/>\n<meta property=\"article:modified_time\" content=\"2022-07-27T12:28:57+00:00\" \/>\n<meta property=\"og:image\" content=\"https:\/\/atg.md\/wp-content\/uploads\/2020\/12\/akczent_15_ks_1.jpg\" \/>\n\t<meta property=\"og:image:width\" content=\"670\" \/>\n\t<meta property=\"og:image:height\" content=\"435\" \/>\n\t<meta property=\"og:image:type\" content=\"image\/jpeg\" \/>\n<meta name=\"twitter:card\" content=\"summary_large_image\" \/>\n<meta name=\"twitter:label1\" content=\"Pre\u021b\" \/>\n\t<meta name=\"twitter:data1\" content=\"160.00&nbsp;MDL\" \/>\n\t<meta name=\"twitter:label2\" content=\"Availability\" \/>\n\t<meta name=\"twitter:data2\" content=\"In stock\" \/>\n<script type=\"application\/ld+json\" class=\"yoast-schema-graph\">{\"@context\":\"https:\/\/schema.org\",\"@graph\":[{\"@type\":\"WebPage\",\"@id\":\"https:\/\/atg.md\/ro\/catalog\/shumoizolyacziya\/zvukopogloshhayushhie-materialy\/akczent-15-ks\/\",\"url\":\"https:\/\/atg.md\/ro\/catalog\/shumoizolyacziya\/zvukopogloshhayushhie-materialy\/akczent-15-ks\/\",\"name\":\"\u0410\u043a\u0446\u0435\u043d\u0442 15 \u041a\u0421 - Materiale absorbante fonice, Izolarea zgomotului - atg.md\",\"isPartOf\":{\"@id\":\"https:\/\/atg.md\/ro\/#website\"},\"datePublished\":\"2020-12-09T12:02:37+00:00\",\"dateModified\":\"2022-07-27T12:28:57+00:00\",\"breadcrumb\":{\"@id\":\"https:\/\/atg.md\/ro\/catalog\/shumoizolyacziya\/zvukopogloshhayushhie-materialy\/akczent-15-ks\/#breadcrumb\"},\"inLanguage\":\"ro-RO\",\"potentialAction\":[{\"@type\":\"ReadAction\",\"target\":[[\"https:\/\/atg.md\/ro\/catalog\/shumoizolyacziya\/zvukopogloshhayushhie-materialy\/akczent-15-ks\/\"]]}]},{\"@type\":\"BreadcrumbList\",\"@id\":\"https:\/\/atg.md\/ro\/catalog\/shumoizolyacziya\/zvukopogloshhayushhie-materialy\/akczent-15-ks\/#breadcrumb\",\"itemListElement\":[{\"@type\":\"ListItem\",\"position\":1,\"name\":\"Home\",\"item\":\"https:\/\/atg.md\/ro\/\"},{\"@type\":\"ListItem\",\"position\":2,\"name\":\"\u041a\u0430\u0442\u0430\u043b\u043e\u0433\",\"item\":\"https:\/\/atg.md\/ro\/catalog\/\"},{\"@type\":\"ListItem\",\"position\":3,\"name\":\"\u0410\u043a\u0446\u0435\u043d\u0442 15 \u041a\u0421\"}]},{\"@type\":\"WebSite\",\"@id\":\"https:\/\/atg.md\/ro\/#website\",\"url\":\"https:\/\/atg.md\/ro\/\",\"name\":\"atg.md\",\"description\":\"V\u00e2nzare de izola\u021bii \u00eempotriva vibra\u021biilor pentru ma\u0219ini, izola\u021bie termic\u0103, izolare fonic\u0103 de la cei mai buni produc\u0103tori, autoclipsuri, elemente de fixare auto. Cump\u0103ra\u021bi \u00een Moldova, Chi\u0219in\u0103u\",\"publisher\":{\"@id\":\"https:\/\/atg.md\/ro\/#organization\"},\"potentialAction\":[{\"@type\":\"SearchAction\",\"target\":{\"@type\":\"EntryPoint\",\"urlTemplate\":\"https:\/\/atg.md\/ro\/?s={search_term_string}\"},\"query-input\":\"required name=search_term_string\"}],\"inLanguage\":\"ro-RO\"},{\"@type\":[\"Organization\",\"Place\",\"AutoPartsStore\"],\"@id\":\"https:\/\/atg.md\/ro\/#organization\",\"name\":\"S.C. AUTOTOM GRUP S.R.L.\",\"url\":\"https:\/\/atg.md\/ro\/\",\"logo\":{\"@type\":\"ImageObject\",\"inLanguage\":\"ro-RO\",\"@id\":\"https:\/\/atg.md\/ro\/#\/schema\/logo\/image\/\",\"url\":\"https:\/\/i2.wp.com\/atg.md\/wp-content\/uploads\/2021\/05\/atg_logo_main.png?fit=656%2C569&ssl=1\",\"contentUrl\":\"https:\/\/i2.wp.com\/atg.md\/wp-content\/uploads\/2021\/05\/atg_logo_main.png?fit=656%2C569&ssl=1\",\"width\":656,\"height\":569,\"caption\":\"S.C. AUTOTOM GRUP S.R.L.\"},\"image\":{\"@id\":\"https:\/\/atg.md\/ro\/#\/schema\/logo\/image\/\"},\"location\":{\"@id\":\"https:\/\/atg.md\/ro\/catalog\/shumoizolyacziya\/zvukopogloshhayushhie-materialy\/akczent-15-ks\/#local-place\"},\"address\":{\"@id\":\"https:\/\/atg.md\/ro\/catalog\/shumoizolyacziya\/zvukopogloshhayushhie-materialy\/akczent-15-ks\/#local-place-address\"},\"email\":\"atgtvv@gmail.com\",\"telephone\":\"+37369644446\",\"areaServed\":\"Moldova\"},{\"@type\":\"Place\",\"@id\":\"https:\/\/atg.md\/ro\/catalog\/shumoizolyacziya\/zvukopogloshhayushhie-materialy\/akczent-15-ks\/#local-place\",\"address\":{\"@type\":\"PostalAddress\",\"@id\":\"https:\/\/atg.md\/ro\/catalog\/shumoizolyacziya\/zvukopogloshhayushhie-materialy\/akczent-15-ks\/#local-place-address\",\"streetAddress\":\"str. Alba-Iulia 77\/20\",\"addressLocality\":\"Chisinau\",\"postalCode\":\"2043\",\"addressRegion\":\"mun. Chisinau\",\"addressCountry\":\"MD\"},\"geo\":{\"@type\":\"GeoCoordinates\",\"latitude\":\"47.0376\",\"longitude\":\"28.76899\"},\"openingHoursSpecification\":[{\"@type\":\"OpeningHoursSpecification\",\"dayOfWeek\":[\"Monday\",\"Tuesday\",\"Wednesday\",\"Thursday\",\"Friday\"],\"opens\":\"09:00\",\"closes\":\"18:00\"},{\"@type\":\"OpeningHoursSpecification\",\"dayOfWeek\":[\"Saturday\"],\"opens\":\"09:00\",\"closes\":\"14:00\"},{\"@type\":\"OpeningHoursSpecification\",\"dayOfWeek\":[\"Sunday\"],\"opens\":\"00:00\",\"closes\":\"00:00\"}],\"telephone\":\"+37369644446\"}]}<\/script>\n<meta name=\"geo.placename\" content=\"Chisinau\" \/>\n<meta name=\"geo.position\" content=\"47.0376;28.76899\" \/>\n<meta name=\"geo.region\" content=\"Moldova\" \/>\n<!-- \/ Yoast SEO Premium plugin. -->","yoast_head_json":{"title":"\u0410\u043a\u0446\u0435\u043d\u0442 15 \u041a\u0421 - Materiale absorbante fonice, Izolarea zgomotului - atg.md","robots":{"index":"index","follow":"follow","max-snippet":"max-snippet:-1","max-image-preview":"max-image-preview:large","max-video-preview":"max-video-preview:-1"},"canonical":"https:\/\/atg.md\/ro\/catalog\/shumoizolyacziya\/zvukopogloshhayushhie-materialy\/akczent-15-ks\/","og_locale":"ro_RO","og_type":"article","og_title":"\u0410\u043a\u0446\u0435\u043d\u0442 15 \u041a\u0421 - Materiale absorbante fonice, Izolarea zgomotului - atg.md","og_description":"Accent \u2013 material fonoabsorbant autoadeziv pe baz\u0103 de spum\u0103 de polietilen\u0103, cu defect par\u021bial de structura celulei \u00eenchise (presopunctur\u0103, perforare cu ac).   Accent \u2013 material fonoabsorbant autoadeziv pe baz\u0103 de spum\u0103 de polietilen\u0103, cu defect par\u021bial de structura celulei \u00eenchise (presopunctur\u0103, perforare cu ac).   Accent \u2013 material fonoabsorbant autoadeziv pe baz\u0103 de spum\u0103 de polietilen\u0103, cu defect par\u021bial de structura celulei \u00eenchise (presopunctur\u0103, perforare cu ac).","og_url":"https:\/\/atg.md\/ro\/wp-json\/wp\/v2\/product\/6115","og_site_name":"atg.md","article_modified_time":"2022-07-27T12:28:57+00:00","og_image":[{"width":670,"height":435,"url":"https:\/\/atg.md\/wp-content\/uploads\/2020\/12\/akczent_15_ks_1.jpg","type":"image\/jpeg"}],"twitter_card":"summary_large_image","twitter_misc":{"Pre\u021b":"160.00&nbsp;MDL","Availability":"In stock"},"schema":{"@context":"https:\/\/schema.org","@graph":[{"@type":"WebPage","@id":"https:\/\/atg.md\/ro\/catalog\/shumoizolyacziya\/zvukopogloshhayushhie-materialy\/akczent-15-ks\/","url":"https:\/\/atg.md\/ro\/catalog\/shumoizolyacziya\/zvukopogloshhayushhie-materialy\/akczent-15-ks\/","name":"\u0410\u043a\u0446\u0435\u043d\u0442 15 \u041a\u0421 - Materiale absorbante fonice, Izolarea zgomotului - atg.md","isPartOf":{"@id":"https:\/\/atg.md\/ro\/#website"},"datePublished":"2020-12-09T12:02:37+00:00","dateModified":"2022-07-27T12:28:57+00:00","breadcrumb":{"@id":"https:\/\/atg.md\/ro\/catalog\/shumoizolyacziya\/zvukopogloshhayushhie-materialy\/akczent-15-ks\/#breadcrumb"},"inLanguage":"ro-RO","potentialAction":[{"@type":"ReadAction","target":[["https:\/\/atg.md\/ro\/catalog\/shumoizolyacziya\/zvukopogloshhayushhie-materialy\/akczent-15-ks\/"]]}]},{"@type":"BreadcrumbList","@id":"https:\/\/atg.md\/ro\/catalog\/shumoizolyacziya\/zvukopogloshhayushhie-materialy\/akczent-15-ks\/#breadcrumb","itemListElement":[{"@type":"ListItem","position":1,"name":"Home","item":"https:\/\/atg.md\/ro\/"},{"@type":"ListItem","position":2,"name":"\u041a\u0430\u0442\u0430\u043b\u043e\u0433","item":"https:\/\/atg.md\/ro\/catalog\/"},{"@type":"ListItem","position":3,"name":"\u0410\u043a\u0446\u0435\u043d\u0442 15 \u041a\u0421"}]},{"@type":"WebSite","@id":"https:\/\/atg.md\/ro\/#website","url":"https:\/\/atg.md\/ro\/","name":"atg.md","description":"V\u00e2nzare de izola\u021bii \u00eempotriva vibra\u021biilor pentru ma\u0219ini, izola\u021bie termic\u0103, izolare fonic\u0103 de la cei mai buni produc\u0103tori, autoclipsuri, elemente de fixare auto. Cump\u0103ra\u021bi \u00een Moldova, Chi\u0219in\u0103u","publisher":{"@id":"https:\/\/atg.md\/ro\/#organization"},"potentialAction":[{"@type":"SearchAction","target":{"@type":"EntryPoint","urlTemplate":"https:\/\/atg.md\/ro\/?s={search_term_string}"},"query-input":"required name=search_term_string"}],"inLanguage":"ro-RO"},{"@type":["Organization","Place","AutoPartsStore"],"@id":"https:\/\/atg.md\/ro\/#organization","name":"S.C. AUTOTOM GRUP S.R.L.","url":"https:\/\/atg.md\/ro\/","logo":{"@type":"ImageObject","inLanguage":"ro-RO","@id":"https:\/\/atg.md\/ro\/#\/schema\/logo\/image\/","url":"https:\/\/i2.wp.com\/atg.md\/wp-content\/uploads\/2021\/05\/atg_logo_main.png?fit=656%2C569&ssl=1","contentUrl":"https:\/\/i2.wp.com\/atg.md\/wp-content\/uploads\/2021\/05\/atg_logo_main.png?fit=656%2C569&ssl=1","width":656,"height":569,"caption":"S.C. AUTOTOM GRUP S.R.L."},"image":{"@id":"https:\/\/atg.md\/ro\/#\/schema\/logo\/image\/"},"location":{"@id":"https:\/\/atg.md\/ro\/catalog\/shumoizolyacziya\/zvukopogloshhayushhie-materialy\/akczent-15-ks\/#local-place"},"address":{"@id":"https:\/\/atg.md\/ro\/catalog\/shumoizolyacziya\/zvukopogloshhayushhie-materialy\/akczent-15-ks\/#local-place-address"},"email":"atgtvv@gmail.com","telephone":"+37369644446","areaServed":"Moldova"},{"@type":"Place","@id":"https:\/\/atg.md\/ro\/catalog\/shumoizolyacziya\/zvukopogloshhayushhie-materialy\/akczent-15-ks\/#local-place","address":{"@type":"PostalAddress","@id":"https:\/\/atg.md\/ro\/catalog\/shumoizolyacziya\/zvukopogloshhayushhie-materialy\/akczent-15-ks\/#local-place-address","streetAddress":"str. Alba-Iulia 77\/20","addressLocality":"Chisinau","postalCode":"2043","addressRegion":"mun. Chisinau","addressCountry":"MD"},"geo":{"@type":"GeoCoordinates","latitude":"47.0376","longitude":"28.76899"},"openingHoursSpecification":[{"@type":"OpeningHoursSpecification","dayOfWeek":["Monday","Tuesday","Wednesday","Thursday","Friday"],"opens":"09:00","closes":"18:00"},{"@type":"OpeningHoursSpecification","dayOfWeek":["Saturday"],"opens":"09:00","closes":"14:00"},{"@type":"OpeningHoursSpecification","dayOfWeek":["Sunday"],"opens":"00:00","closes":"00:00"}],"telephone":"+37369644446"}]}},"_links":{"self":[{"href":"https:\/\/atg.md\/ro\/wp-json\/wp\/v2\/product\/6115"}],"collection":[{"href":"https:\/\/atg.md\/ro\/wp-json\/wp\/v2\/product"}],"about":[{"href":"https:\/\/atg.md\/ro\/wp-json\/wp\/v2\/types\/product"}],"wp:featuredmedia":[{"embeddable":true,"href":"https:\/\/atg.md\/ro\/wp-json\/wp\/v2\/media\/6116"}],"wp:attachment":[{"href":"https:\/\/atg.md\/ro\/wp-json\/wp\/v2\/media?parent=6115"}],"wp:term":[{"taxonomy":"product_cat","embeddable":true,"href":"https:\/\/atg.md\/ro\/wp-json\/wp\/v2\/product_cat?post=6115"},{"taxonomy":"product_tag","embeddable":true,"href":"https:\/\/atg.md\/ro\/wp-json\/wp\/v2\/product_tag?post=6115"}],"curies":[{"name":"wp","href":"https:\/\/api.w.org\/{rel}","templated":true}]}}