{"id":14223,"date":"2026-04-02T14:38:21","date_gmt":"2026-04-02T14:38:21","guid":{"rendered":"https:\/\/atg.md\/?post_type=product&#038;p=14223"},"modified":"2026-04-02T14:38:21","modified_gmt":"2026-04-02T14:38:21","slug":"antikorrozionnoe-pokrytie-dlya-skrytyh-polostej-stp-noiseliquidator-ml","status":"publish","type":"product","link":"https:\/\/atg.md\/ro\/catalog\/shumoizolyacziya\/antikorrozionnoe-pokrytie-dlya-skrytyh-polostej-stp-noiseliquidator-ml\/","title":{"rendered":"Acoperire anticoroziv\u0103 pentru cavit\u0103\u021bile ascunse StP NoiseLiquidator ML"},"content":{"rendered":"<p><\/p>\n<div class=\"new-product__composition\">\n<div class=\"new-product__description-title\">\n<h3>Compozi\u021bie<\/h3>\n<\/div>\n<ul>\n<li class=\"performance__item\">Cear\u0103 mineral\u0103<\/li>\n<li class=\"performance__item\">Hidrocarburi alifatice<\/li>\n<li class=\"performance__item\">Inhibitori de coroziune<\/li>\n<li class=\"performance__item\">Solvent organic de \u00eenalt\u0103 puritate<\/li>\n<\/ul>\n<\/div>\n<div class=\"new-product__advantages\">\n<div class=\"new-product__description-title\">\n<h3>Avantaje<\/h3>\n<\/div>\n<ul class=\"performance__list--2\">\n<li class=\"performance__item\">Montare rapid\u0103<\/li>\n<li class=\"performance__item\">Capacitate ridicat\u0103 de penetrare<\/li>\n<li class=\"performance__item\">Nu necesit\u0103 spa\u021biu special sau competen\u021be speciale<\/li>\n<\/ul>\n<\/div>\n<p><\/p>","protected":false},"excerpt":{"rendered":"<p>Produsul este destinat trat\u0103rii cavit\u0103\u021bilor ascunse ale autovehiculului pentru a asigura o protec\u021bie fiabil\u0103 a suprafe\u021belor \u00eempotriva form\u0103rii \u0219i dezvolt\u0103rii coroziunii. Datorit\u0103 capacit\u0103\u021bii sale ridicate de penetrare, este deosebit de eficient \u00een tratarea sudurilor, a microfisurilor etc.<\/p>\n","protected":false},"featured_media":14224,"template":"","meta":[],"product_cat":[1164,1167],"product_tag":[],"bundled_by":[],"bundle_stock_status":"instock","bundle_stock_quantity":null,"bundle_virtual":false,"bundle_layout":"","bundle_add_to_cart_form_location":"","bundle_editable_in_cart":false,"bundle_sold_individually_context":"","bundle_item_grouping":"","bundle_min_size":"","bundle_max_size":"","bundled_items":[],"yoast_head":"<!-- This site is optimized with the Yoast SEO Premium plugin v16.6 (Yoast SEO v20.1) - https:\/\/yoast.com\/wordpress\/plugins\/seo\/ -->\n<title>Acoperire anticoroziv\u0103 pentru cavit\u0103\u021bile ascunse StP NoiseLiquidator ML - Izolarea zgomotului, Altele - atg.md<\/title>\n<meta name=\"robots\" content=\"index, follow, max-snippet:-1, max-image-preview:large, max-video-preview:-1\" \/>\n<link rel=\"canonical\" href=\"https:\/\/atg.md\/ro\/catalog\/shumoizolyacziya\/antikorrozionnoe-pokrytie-dlya-skrytyh-polostej-stp-noiseliquidator-ml\/\" \/>\n<meta property=\"og:locale\" content=\"ro_RO\" \/>\n<meta property=\"og:type\" content=\"article\" \/>\n<meta property=\"og:title\" content=\"Acoperire anticoroziv\u0103 pentru cavit\u0103\u021bile ascunse StP NoiseLiquidator ML - Izolarea zgomotului, Altele - atg.md\" \/>\n<meta property=\"og:description\" content=\"Produsul este destinat trat\u0103rii cavit\u0103\u021bilor ascunse ale autovehiculului pentru a asigura o protec\u021bie fiabil\u0103 a suprafe\u021belor \u00eempotriva form\u0103rii \u0219i dezvolt\u0103rii coroziunii. Datorit\u0103 capacit\u0103\u021bii sale ridicate de penetrare, este deosebit de eficient \u00een tratarea sudurilor, a microfisurilor etc.\" \/>\n<meta property=\"og:url\" content=\"https:\/\/atg.md\/ro\/wp-json\/wp\/v2\/product\/14223\" \/>\n<meta property=\"og:site_name\" content=\"atg.md\" \/>\n<meta property=\"og:image\" content=\"https:\/\/atg.md\/wp-content\/uploads\/2026\/04\/noiseliquidator_ml.jpg\" \/>\n\t<meta property=\"og:image:width\" content=\"1920\" \/>\n\t<meta property=\"og:image:height\" content=\"1080\" \/>\n\t<meta property=\"og:image:type\" content=\"image\/jpeg\" \/>\n<meta name=\"twitter:card\" content=\"summary_large_image\" \/>\n<meta name=\"twitter:label1\" content=\"Pre\u021b\" \/>\n\t<meta name=\"twitter:data1\" content=\"200.00&nbsp;MDL\" \/>\n\t<meta name=\"twitter:label2\" content=\"Availability\" \/>\n\t<meta name=\"twitter:data2\" content=\"In stock\" \/>\n<script type=\"application\/ld+json\" class=\"yoast-schema-graph\">{\"@context\":\"https:\/\/schema.org\",\"@graph\":[{\"@type\":\"WebPage\",\"@id\":\"https:\/\/atg.md\/ro\/catalog\/shumoizolyacziya\/antikorrozionnoe-pokrytie-dlya-skrytyh-polostej-stp-noiseliquidator-ml\/\",\"url\":\"https:\/\/atg.md\/ro\/catalog\/shumoizolyacziya\/antikorrozionnoe-pokrytie-dlya-skrytyh-polostej-stp-noiseliquidator-ml\/\",\"name\":\"Acoperire anticoroziv\u0103 pentru cavit\u0103\u021bile ascunse StP NoiseLiquidator ML - Izolarea zgomotului, Altele - atg.md\",\"isPartOf\":{\"@id\":\"https:\/\/atg.md\/ro\/#website\"},\"datePublished\":\"2026-04-02T14:38:21+00:00\",\"dateModified\":\"2026-04-02T14:38:21+00:00\",\"breadcrumb\":{\"@id\":\"https:\/\/atg.md\/ro\/catalog\/shumoizolyacziya\/antikorrozionnoe-pokrytie-dlya-skrytyh-polostej-stp-noiseliquidator-ml\/#breadcrumb\"},\"inLanguage\":\"ro-RO\",\"potentialAction\":[{\"@type\":\"ReadAction\",\"target\":[[\"https:\/\/atg.md\/ro\/catalog\/shumoizolyacziya\/antikorrozionnoe-pokrytie-dlya-skrytyh-polostej-stp-noiseliquidator-ml\/\"]]}]},{\"@type\":\"BreadcrumbList\",\"@id\":\"https:\/\/atg.md\/ro\/catalog\/shumoizolyacziya\/antikorrozionnoe-pokrytie-dlya-skrytyh-polostej-stp-noiseliquidator-ml\/#breadcrumb\",\"itemListElement\":[{\"@type\":\"ListItem\",\"position\":1,\"name\":\"Home\",\"item\":\"https:\/\/atg.md\/ro\/\"},{\"@type\":\"ListItem\",\"position\":2,\"name\":\"\u041a\u0430\u0442\u0430\u043b\u043e\u0433\",\"item\":\"https:\/\/atg.md\/ro\/catalog\/\"},{\"@type\":\"ListItem\",\"position\":3,\"name\":\"\u0410\u043d\u0442\u0438\u043a\u043e\u0440\u0440\u043e\u0437\u0438\u043e\u043d\u043d\u043e\u0435 \u043f\u043e\u043a\u0440\u044b\u0442\u0438\u0435 \u0434\u043b\u044f \u0441\u043a\u0440\u044b\u0442\u044b\u0445 \u043f\u043e\u043b\u043e\u0441\u0442\u0435\u0439 StP NoiseLiquidator ML\"}]},{\"@type\":\"WebSite\",\"@id\":\"https:\/\/atg.md\/ro\/#website\",\"url\":\"https:\/\/atg.md\/ro\/\",\"name\":\"atg.md\",\"description\":\"V\u00e2nzare de izola\u021bii \u00eempotriva vibra\u021biilor pentru ma\u0219ini, izola\u021bie termic\u0103, izolare fonic\u0103 de la cei mai buni produc\u0103tori, autoclipsuri, elemente de fixare auto. Cump\u0103ra\u021bi \u00een Moldova, Chi\u0219in\u0103u\",\"publisher\":{\"@id\":\"https:\/\/atg.md\/ro\/#organization\"},\"potentialAction\":[{\"@type\":\"SearchAction\",\"target\":{\"@type\":\"EntryPoint\",\"urlTemplate\":\"https:\/\/atg.md\/ro\/?s={search_term_string}\"},\"query-input\":\"required name=search_term_string\"}],\"inLanguage\":\"ro-RO\"},{\"@type\":[\"Organization\",\"Place\",\"AutoPartsStore\"],\"@id\":\"https:\/\/atg.md\/ro\/#organization\",\"name\":\"S.C. AUTOTOM GRUP S.R.L.\",\"url\":\"https:\/\/atg.md\/ro\/\",\"logo\":{\"@type\":\"ImageObject\",\"inLanguage\":\"ro-RO\",\"@id\":\"https:\/\/atg.md\/ro\/#\/schema\/logo\/image\/\",\"url\":\"https:\/\/i2.wp.com\/atg.md\/wp-content\/uploads\/2021\/05\/atg_logo_main.png?fit=656%2C569&ssl=1\",\"contentUrl\":\"https:\/\/i2.wp.com\/atg.md\/wp-content\/uploads\/2021\/05\/atg_logo_main.png?fit=656%2C569&ssl=1\",\"width\":656,\"height\":569,\"caption\":\"S.C. AUTOTOM GRUP S.R.L.\"},\"image\":{\"@id\":\"https:\/\/atg.md\/ro\/#\/schema\/logo\/image\/\"},\"location\":{\"@id\":\"https:\/\/atg.md\/catalog\/shumoizolyacziya\/antikorrozionnoe-pokrytie-dlya-skrytyh-polostej-stp-noiseliquidator-ml\/#local-place\"},\"address\":{\"@id\":\"https:\/\/atg.md\/catalog\/shumoizolyacziya\/antikorrozionnoe-pokrytie-dlya-skrytyh-polostej-stp-noiseliquidator-ml\/#local-place-address\"},\"email\":\"atgtvv@gmail.com\",\"telephone\":\"+37369644446\",\"areaServed\":\"Moldova\"},{\"@type\":\"Place\",\"@id\":\"https:\/\/atg.md\/catalog\/shumoizolyacziya\/antikorrozionnoe-pokrytie-dlya-skrytyh-polostej-stp-noiseliquidator-ml\/#local-place\",\"address\":{\"@type\":\"PostalAddress\",\"@id\":\"https:\/\/atg.md\/catalog\/shumoizolyacziya\/antikorrozionnoe-pokrytie-dlya-skrytyh-polostej-stp-noiseliquidator-ml\/#local-place-address\",\"streetAddress\":\"str. Alba-Iulia 77\/20\",\"addressLocality\":\"Chisinau\",\"postalCode\":\"2043\",\"addressRegion\":\"mun. Chisinau\",\"addressCountry\":\"MD\"},\"geo\":{\"@type\":\"GeoCoordinates\",\"latitude\":\"47.0376\",\"longitude\":\"28.76899\"},\"openingHoursSpecification\":[{\"@type\":\"OpeningHoursSpecification\",\"dayOfWeek\":[\"Monday\",\"Tuesday\",\"Wednesday\",\"Thursday\",\"Friday\"],\"opens\":\"09:00\",\"closes\":\"18:00\"},{\"@type\":\"OpeningHoursSpecification\",\"dayOfWeek\":[\"Saturday\"],\"opens\":\"09:00\",\"closes\":\"14:00\"},{\"@type\":\"OpeningHoursSpecification\",\"dayOfWeek\":[\"Sunday\"],\"opens\":\"00:00\",\"closes\":\"00:00\"}],\"telephone\":\"+37369644446\"}]}<\/script>\n<meta name=\"geo.placename\" content=\"Chisinau\" \/>\n<meta name=\"geo.position\" content=\"47.0376;28.76899\" \/>\n<meta name=\"geo.region\" content=\"Moldova\" \/>\n<!-- \/ Yoast SEO Premium plugin. -->","yoast_head_json":{"title":"Acoperire anticoroziv\u0103 pentru cavit\u0103\u021bile ascunse StP NoiseLiquidator ML - Izolarea zgomotului, Altele - atg.md","robots":{"index":"index","follow":"follow","max-snippet":"max-snippet:-1","max-image-preview":"max-image-preview:large","max-video-preview":"max-video-preview:-1"},"canonical":"https:\/\/atg.md\/ro\/catalog\/shumoizolyacziya\/antikorrozionnoe-pokrytie-dlya-skrytyh-polostej-stp-noiseliquidator-ml\/","og_locale":"ro_RO","og_type":"article","og_title":"Acoperire anticoroziv\u0103 pentru cavit\u0103\u021bile ascunse StP NoiseLiquidator ML - Izolarea zgomotului, Altele - atg.md","og_description":"Produsul este destinat trat\u0103rii cavit\u0103\u021bilor ascunse ale autovehiculului pentru a asigura o protec\u021bie fiabil\u0103 a suprafe\u021belor \u00eempotriva form\u0103rii \u0219i dezvolt\u0103rii coroziunii. Datorit\u0103 capacit\u0103\u021bii sale ridicate de penetrare, este deosebit de eficient \u00een tratarea sudurilor, a microfisurilor etc.","og_url":"https:\/\/atg.md\/ro\/wp-json\/wp\/v2\/product\/14223","og_site_name":"atg.md","og_image":[{"width":1920,"height":1080,"url":"https:\/\/atg.md\/wp-content\/uploads\/2026\/04\/noiseliquidator_ml.jpg","type":"image\/jpeg"}],"twitter_card":"summary_large_image","twitter_misc":{"Pre\u021b":"200.00&nbsp;MDL","Availability":"In stock"},"schema":{"@context":"https:\/\/schema.org","@graph":[{"@type":"WebPage","@id":"https:\/\/atg.md\/ro\/catalog\/shumoizolyacziya\/antikorrozionnoe-pokrytie-dlya-skrytyh-polostej-stp-noiseliquidator-ml\/","url":"https:\/\/atg.md\/ro\/catalog\/shumoizolyacziya\/antikorrozionnoe-pokrytie-dlya-skrytyh-polostej-stp-noiseliquidator-ml\/","name":"Acoperire anticoroziv\u0103 pentru cavit\u0103\u021bile ascunse StP NoiseLiquidator ML - Izolarea zgomotului, Altele - atg.md","isPartOf":{"@id":"https:\/\/atg.md\/ro\/#website"},"datePublished":"2026-04-02T14:38:21+00:00","dateModified":"2026-04-02T14:38:21+00:00","breadcrumb":{"@id":"https:\/\/atg.md\/ro\/catalog\/shumoizolyacziya\/antikorrozionnoe-pokrytie-dlya-skrytyh-polostej-stp-noiseliquidator-ml\/#breadcrumb"},"inLanguage":"ro-RO","potentialAction":[{"@type":"ReadAction","target":[["https:\/\/atg.md\/ro\/catalog\/shumoizolyacziya\/antikorrozionnoe-pokrytie-dlya-skrytyh-polostej-stp-noiseliquidator-ml\/"]]}]},{"@type":"BreadcrumbList","@id":"https:\/\/atg.md\/ro\/catalog\/shumoizolyacziya\/antikorrozionnoe-pokrytie-dlya-skrytyh-polostej-stp-noiseliquidator-ml\/#breadcrumb","itemListElement":[{"@type":"ListItem","position":1,"name":"Home","item":"https:\/\/atg.md\/ro\/"},{"@type":"ListItem","position":2,"name":"\u041a\u0430\u0442\u0430\u043b\u043e\u0433","item":"https:\/\/atg.md\/ro\/catalog\/"},{"@type":"ListItem","position":3,"name":"\u0410\u043d\u0442\u0438\u043a\u043e\u0440\u0440\u043e\u0437\u0438\u043e\u043d\u043d\u043e\u0435 \u043f\u043e\u043a\u0440\u044b\u0442\u0438\u0435 \u0434\u043b\u044f \u0441\u043a\u0440\u044b\u0442\u044b\u0445 \u043f\u043e\u043b\u043e\u0441\u0442\u0435\u0439 StP NoiseLiquidator ML"}]},{"@type":"WebSite","@id":"https:\/\/atg.md\/ro\/#website","url":"https:\/\/atg.md\/ro\/","name":"atg.md","description":"V\u00e2nzare de izola\u021bii \u00eempotriva vibra\u021biilor pentru ma\u0219ini, izola\u021bie termic\u0103, izolare fonic\u0103 de la cei mai buni produc\u0103tori, autoclipsuri, elemente de fixare auto. Cump\u0103ra\u021bi \u00een Moldova, Chi\u0219in\u0103u","publisher":{"@id":"https:\/\/atg.md\/ro\/#organization"},"potentialAction":[{"@type":"SearchAction","target":{"@type":"EntryPoint","urlTemplate":"https:\/\/atg.md\/ro\/?s={search_term_string}"},"query-input":"required name=search_term_string"}],"inLanguage":"ro-RO"},{"@type":["Organization","Place","AutoPartsStore"],"@id":"https:\/\/atg.md\/ro\/#organization","name":"S.C. AUTOTOM GRUP S.R.L.","url":"https:\/\/atg.md\/ro\/","logo":{"@type":"ImageObject","inLanguage":"ro-RO","@id":"https:\/\/atg.md\/ro\/#\/schema\/logo\/image\/","url":"https:\/\/i2.wp.com\/atg.md\/wp-content\/uploads\/2021\/05\/atg_logo_main.png?fit=656%2C569&ssl=1","contentUrl":"https:\/\/i2.wp.com\/atg.md\/wp-content\/uploads\/2021\/05\/atg_logo_main.png?fit=656%2C569&ssl=1","width":656,"height":569,"caption":"S.C. AUTOTOM GRUP S.R.L."},"image":{"@id":"https:\/\/atg.md\/ro\/#\/schema\/logo\/image\/"},"location":{"@id":"https:\/\/atg.md\/catalog\/shumoizolyacziya\/antikorrozionnoe-pokrytie-dlya-skrytyh-polostej-stp-noiseliquidator-ml\/#local-place"},"address":{"@id":"https:\/\/atg.md\/catalog\/shumoizolyacziya\/antikorrozionnoe-pokrytie-dlya-skrytyh-polostej-stp-noiseliquidator-ml\/#local-place-address"},"email":"atgtvv@gmail.com","telephone":"+37369644446","areaServed":"Moldova"},{"@type":"Place","@id":"https:\/\/atg.md\/catalog\/shumoizolyacziya\/antikorrozionnoe-pokrytie-dlya-skrytyh-polostej-stp-noiseliquidator-ml\/#local-place","address":{"@type":"PostalAddress","@id":"https:\/\/atg.md\/catalog\/shumoizolyacziya\/antikorrozionnoe-pokrytie-dlya-skrytyh-polostej-stp-noiseliquidator-ml\/#local-place-address","streetAddress":"str. Alba-Iulia 77\/20","addressLocality":"Chisinau","postalCode":"2043","addressRegion":"mun. Chisinau","addressCountry":"MD"},"geo":{"@type":"GeoCoordinates","latitude":"47.0376","longitude":"28.76899"},"openingHoursSpecification":[{"@type":"OpeningHoursSpecification","dayOfWeek":["Monday","Tuesday","Wednesday","Thursday","Friday"],"opens":"09:00","closes":"18:00"},{"@type":"OpeningHoursSpecification","dayOfWeek":["Saturday"],"opens":"09:00","closes":"14:00"},{"@type":"OpeningHoursSpecification","dayOfWeek":["Sunday"],"opens":"00:00","closes":"00:00"}],"telephone":"+37369644446"}]}},"_links":{"self":[{"href":"https:\/\/atg.md\/ro\/wp-json\/wp\/v2\/product\/14223"}],"collection":[{"href":"https:\/\/atg.md\/ro\/wp-json\/wp\/v2\/product"}],"about":[{"href":"https:\/\/atg.md\/ro\/wp-json\/wp\/v2\/types\/product"}],"wp:featuredmedia":[{"embeddable":true,"href":"https:\/\/atg.md\/ro\/wp-json\/wp\/v2\/media\/14224"}],"wp:attachment":[{"href":"https:\/\/atg.md\/ro\/wp-json\/wp\/v2\/media?parent=14223"}],"wp:term":[{"taxonomy":"product_cat","embeddable":true,"href":"https:\/\/atg.md\/ro\/wp-json\/wp\/v2\/product_cat?post=14223"},{"taxonomy":"product_tag","embeddable":true,"href":"https:\/\/atg.md\/ro\/wp-json\/wp\/v2\/product_tag?post=14223"}],"curies":[{"name":"wp","href":"https:\/\/api.w.org\/{rel}","templated":true}]}}