{"id":14216,"date":"2026-04-02T14:16:05","date_gmt":"2026-04-02T14:16:05","guid":{"rendered":"https:\/\/atg.md\/?post_type=product&#038;p=14216"},"modified":"2026-04-02T14:28:15","modified_gmt":"2026-04-02T14:28:15","slug":"mastika-dlya-vojlochnyh-lokerov-stp-noiseliquidator","status":"publish","type":"product","link":"https:\/\/atg.md\/ro\/catalog\/shumoizolyacziya\/mastika-dlya-vojlochnyh-lokerov-stp-noiseliquidator\/","title":{"rendered":"Mastic pentru compartimentele din p\u00e2sl\u0103 StP NoiseLiquidator"},"content":{"rendered":"<p><strong>Compozi\u021bie<\/strong><\/p>\n<div class=\"new-product__composition\">\n<ul>\n<li class=\"performance__item\">Oligomeri<\/li>\n<li class=\"performance__item\">Aditivi specifici<\/li>\n<\/ul>\n<\/div>\n<div class=\"new-product__advantages\">\n<div class=\"new-product__description-title\">\n<h3>Avantaje<\/h3>\n<\/div>\n<ul class=\"performance__list--2\">\n<li class=\"performance__item\">Reflecteaz\u0103 zgomotul provenit de la suprafa\u021ba drumului<\/li>\n<li class=\"performance__item\">Consolideaz\u0103 stratul de p\u00e2sl\u0103<\/li>\n<li class=\"performance__item\">\u00cembun\u0103t\u0103\u021be\u0219te aderen\u021ba izola\u021biei fonice la p\u00e2sl\u0103<\/li>\n<\/ul>\n<\/div>\n<p><\/p>","protected":false},"excerpt":{"rendered":"<p>Panourile din p\u00e2sl\u0103 montate pe aripile unor modele de autovehicule nu permit izolarea fonic\u0103 exterioar\u0103 a arcurilor ro\u021bilor conform tehnologiei recomandate. Aceast\u0103 problem\u0103 este rezolvat\u0103 de versiunea specializat\u0103 a masticului NoiseLiquidator.<\/p>\n<p>Masticul se aplic\u0103 pe panoul de protec\u021bie cur\u0103\u021bat \u00een prealabil de praf \u0219i umezit cu ap\u0103. Dup\u0103 \u00eent\u0103rire, masticul se solidific\u0103. Acest lucru permite instalarea membranei de izolare fonic\u0103 Noiseblock pe panoul tratat \u0219i protejarea \u0219i mai eficient\u0103 a \u0219oferului \u0219i a pasagerilor \u00eempotriva zgomotului deranjant al carosabilului.<br \/>\n\u00cen combina\u021bie cu masticul clasic NoiseLiquidator pentru metalul arcurilor, noua dezvoltare StP permite ob\u021binerea unei izola\u021bii fonice \u0219i mai bune la autovehiculele cu compartimente din p\u00e2sl\u0103.<\/p>\n","protected":false},"featured_media":14217,"template":"","meta":[],"product_cat":[1164,1167],"product_tag":[],"bundled_by":[],"bundle_stock_status":"instock","bundle_stock_quantity":null,"bundle_virtual":false,"bundle_layout":"","bundle_add_to_cart_form_location":"","bundle_editable_in_cart":false,"bundle_sold_individually_context":"","bundle_item_grouping":"","bundle_min_size":"","bundle_max_size":"","bundled_items":[],"yoast_head":"<!-- This site is optimized with the Yoast SEO Premium plugin v16.6 (Yoast SEO v20.1) - https:\/\/yoast.com\/wordpress\/plugins\/seo\/ -->\n<title>Mastic pentru compartimentele din p\u00e2sl\u0103 StP NoiseLiquidator - Izolarea zgomotului, Altele - atg.md<\/title>\n<meta name=\"robots\" content=\"index, follow, max-snippet:-1, max-image-preview:large, max-video-preview:-1\" \/>\n<link rel=\"canonical\" href=\"https:\/\/atg.md\/ro\/catalog\/shumoizolyacziya\/mastika-dlya-vojlochnyh-lokerov-stp-noiseliquidator\/\" \/>\n<meta property=\"og:locale\" content=\"ro_RO\" \/>\n<meta property=\"og:type\" content=\"article\" \/>\n<meta property=\"og:title\" content=\"Mastic pentru compartimentele din p\u00e2sl\u0103 StP NoiseLiquidator - Izolarea zgomotului, Altele - atg.md\" \/>\n<meta property=\"og:description\" content=\"Panourile din p\u00e2sl\u0103 montate pe aripile unor modele de autovehicule nu permit izolarea fonic\u0103 exterioar\u0103 a arcurilor ro\u021bilor conform tehnologiei recomandate. Aceast\u0103 problem\u0103 este rezolvat\u0103 de versiunea specializat\u0103 a masticului NoiseLiquidator.  Masticul se aplic\u0103 pe panoul de protec\u021bie cur\u0103\u021bat \u00een prealabil de praf \u0219i umezit cu ap\u0103. Dup\u0103 \u00eent\u0103rire, masticul se solidific\u0103. Acest lucru permite instalarea membranei de izolare fonic\u0103 Noiseblock pe panoul tratat \u0219i protejarea \u0219i mai eficient\u0103 a \u0219oferului \u0219i a pasagerilor \u00eempotriva zgomotului deranjant al carosabilului. \u00cen combina\u021bie cu masticul clasic NoiseLiquidator pentru metalul arcurilor, noua dezvoltare StP permite ob\u021binerea unei izola\u021bii fonice \u0219i mai bune la autovehiculele cu compartimente din p\u00e2sl\u0103.\" \/>\n<meta property=\"og:url\" content=\"https:\/\/atg.md\/ro\/wp-json\/wp\/v2\/product\/14216\" \/>\n<meta property=\"og:site_name\" content=\"atg.md\" \/>\n<meta property=\"article:modified_time\" content=\"2026-04-02T14:28:15+00:00\" \/>\n<meta property=\"og:image\" content=\"https:\/\/atg.md\/wp-content\/uploads\/2026\/04\/01f.jpg\" \/>\n\t<meta property=\"og:image:width\" content=\"1920\" \/>\n\t<meta property=\"og:image:height\" content=\"1080\" \/>\n\t<meta property=\"og:image:type\" content=\"image\/jpeg\" \/>\n<meta name=\"twitter:card\" content=\"summary_large_image\" \/>\n<meta name=\"twitter:label1\" content=\"Pre\u021b\" \/>\n\t<meta name=\"twitter:data1\" content=\"250.00&nbsp;MDL\" \/>\n\t<meta name=\"twitter:label2\" content=\"Availability\" \/>\n\t<meta name=\"twitter:data2\" content=\"In stock\" \/>\n<script type=\"application\/ld+json\" class=\"yoast-schema-graph\">{\"@context\":\"https:\/\/schema.org\",\"@graph\":[{\"@type\":\"WebPage\",\"@id\":\"https:\/\/atg.md\/ro\/catalog\/shumoizolyacziya\/mastika-dlya-vojlochnyh-lokerov-stp-noiseliquidator\/\",\"url\":\"https:\/\/atg.md\/ro\/catalog\/shumoizolyacziya\/mastika-dlya-vojlochnyh-lokerov-stp-noiseliquidator\/\",\"name\":\"Mastic pentru compartimentele din p\u00e2sl\u0103 StP NoiseLiquidator - Izolarea zgomotului, Altele - atg.md\",\"isPartOf\":{\"@id\":\"https:\/\/atg.md\/ro\/#website\"},\"datePublished\":\"2026-04-02T14:16:05+00:00\",\"dateModified\":\"2026-04-02T14:28:15+00:00\",\"breadcrumb\":{\"@id\":\"https:\/\/atg.md\/ro\/catalog\/shumoizolyacziya\/mastika-dlya-vojlochnyh-lokerov-stp-noiseliquidator\/#breadcrumb\"},\"inLanguage\":\"ro-RO\",\"potentialAction\":[{\"@type\":\"ReadAction\",\"target\":[[\"https:\/\/atg.md\/ro\/catalog\/shumoizolyacziya\/mastika-dlya-vojlochnyh-lokerov-stp-noiseliquidator\/\"]]}]},{\"@type\":\"BreadcrumbList\",\"@id\":\"https:\/\/atg.md\/ro\/catalog\/shumoizolyacziya\/mastika-dlya-vojlochnyh-lokerov-stp-noiseliquidator\/#breadcrumb\",\"itemListElement\":[{\"@type\":\"ListItem\",\"position\":1,\"name\":\"Home\",\"item\":\"https:\/\/atg.md\/ro\/\"},{\"@type\":\"ListItem\",\"position\":2,\"name\":\"\u041a\u0430\u0442\u0430\u043b\u043e\u0433\",\"item\":\"https:\/\/atg.md\/ro\/catalog\/\"},{\"@type\":\"ListItem\",\"position\":3,\"name\":\"\u041c\u0430\u0441\u0442\u0438\u043a\u0430 \u0434\u043b\u044f \u0432\u043e\u0439\u043b\u043e\u0447\u043d\u044b\u0445 \u043b\u043e\u043a\u0435\u0440\u043e\u0432 StP NoiseLiquidator\"}]},{\"@type\":\"WebSite\",\"@id\":\"https:\/\/atg.md\/ro\/#website\",\"url\":\"https:\/\/atg.md\/ro\/\",\"name\":\"atg.md\",\"description\":\"V\u00e2nzare de izola\u021bii \u00eempotriva vibra\u021biilor pentru ma\u0219ini, izola\u021bie termic\u0103, izolare fonic\u0103 de la cei mai buni produc\u0103tori, autoclipsuri, elemente de fixare auto. Cump\u0103ra\u021bi \u00een Moldova, Chi\u0219in\u0103u\",\"publisher\":{\"@id\":\"https:\/\/atg.md\/ro\/#organization\"},\"potentialAction\":[{\"@type\":\"SearchAction\",\"target\":{\"@type\":\"EntryPoint\",\"urlTemplate\":\"https:\/\/atg.md\/ro\/?s={search_term_string}\"},\"query-input\":\"required name=search_term_string\"}],\"inLanguage\":\"ro-RO\"},{\"@type\":[\"Organization\",\"Place\",\"AutoPartsStore\"],\"@id\":\"https:\/\/atg.md\/ro\/#organization\",\"name\":\"S.C. AUTOTOM GRUP S.R.L.\",\"url\":\"https:\/\/atg.md\/ro\/\",\"logo\":{\"@type\":\"ImageObject\",\"inLanguage\":\"ro-RO\",\"@id\":\"https:\/\/atg.md\/ro\/#\/schema\/logo\/image\/\",\"url\":\"https:\/\/i2.wp.com\/atg.md\/wp-content\/uploads\/2021\/05\/atg_logo_main.png?fit=656%2C569&ssl=1\",\"contentUrl\":\"https:\/\/i2.wp.com\/atg.md\/wp-content\/uploads\/2021\/05\/atg_logo_main.png?fit=656%2C569&ssl=1\",\"width\":656,\"height\":569,\"caption\":\"S.C. AUTOTOM GRUP S.R.L.\"},\"image\":{\"@id\":\"https:\/\/atg.md\/ro\/#\/schema\/logo\/image\/\"},\"location\":{\"@id\":\"https:\/\/atg.md\/catalog\/shumoizolyacziya\/mastika-dlya-vojlochnyh-lokerov-stp-noiseliquidator\/#local-place\"},\"address\":{\"@id\":\"https:\/\/atg.md\/catalog\/shumoizolyacziya\/mastika-dlya-vojlochnyh-lokerov-stp-noiseliquidator\/#local-place-address\"},\"email\":\"atgtvv@gmail.com\",\"telephone\":\"+37369644446\",\"areaServed\":\"Moldova\"},{\"@type\":\"Place\",\"@id\":\"https:\/\/atg.md\/catalog\/shumoizolyacziya\/mastika-dlya-vojlochnyh-lokerov-stp-noiseliquidator\/#local-place\",\"address\":{\"@type\":\"PostalAddress\",\"@id\":\"https:\/\/atg.md\/catalog\/shumoizolyacziya\/mastika-dlya-vojlochnyh-lokerov-stp-noiseliquidator\/#local-place-address\",\"streetAddress\":\"str. Alba-Iulia 77\/20\",\"addressLocality\":\"Chisinau\",\"postalCode\":\"2043\",\"addressRegion\":\"mun. Chisinau\",\"addressCountry\":\"MD\"},\"geo\":{\"@type\":\"GeoCoordinates\",\"latitude\":\"47.0376\",\"longitude\":\"28.76899\"},\"openingHoursSpecification\":[{\"@type\":\"OpeningHoursSpecification\",\"dayOfWeek\":[\"Monday\",\"Tuesday\",\"Wednesday\",\"Thursday\",\"Friday\"],\"opens\":\"09:00\",\"closes\":\"18:00\"},{\"@type\":\"OpeningHoursSpecification\",\"dayOfWeek\":[\"Saturday\"],\"opens\":\"09:00\",\"closes\":\"14:00\"},{\"@type\":\"OpeningHoursSpecification\",\"dayOfWeek\":[\"Sunday\"],\"opens\":\"00:00\",\"closes\":\"00:00\"}],\"telephone\":\"+37369644446\"}]}<\/script>\n<meta name=\"geo.placename\" content=\"Chisinau\" \/>\n<meta name=\"geo.position\" content=\"47.0376;28.76899\" \/>\n<meta name=\"geo.region\" content=\"Moldova\" \/>\n<!-- \/ Yoast SEO Premium plugin. -->","yoast_head_json":{"title":"Mastic pentru compartimentele din p\u00e2sl\u0103 StP NoiseLiquidator - Izolarea zgomotului, Altele - atg.md","robots":{"index":"index","follow":"follow","max-snippet":"max-snippet:-1","max-image-preview":"max-image-preview:large","max-video-preview":"max-video-preview:-1"},"canonical":"https:\/\/atg.md\/ro\/catalog\/shumoizolyacziya\/mastika-dlya-vojlochnyh-lokerov-stp-noiseliquidator\/","og_locale":"ro_RO","og_type":"article","og_title":"Mastic pentru compartimentele din p\u00e2sl\u0103 StP NoiseLiquidator - Izolarea zgomotului, Altele - atg.md","og_description":"Panourile din p\u00e2sl\u0103 montate pe aripile unor modele de autovehicule nu permit izolarea fonic\u0103 exterioar\u0103 a arcurilor ro\u021bilor conform tehnologiei recomandate. Aceast\u0103 problem\u0103 este rezolvat\u0103 de versiunea specializat\u0103 a masticului NoiseLiquidator.  Masticul se aplic\u0103 pe panoul de protec\u021bie cur\u0103\u021bat \u00een prealabil de praf \u0219i umezit cu ap\u0103. Dup\u0103 \u00eent\u0103rire, masticul se solidific\u0103. Acest lucru permite instalarea membranei de izolare fonic\u0103 Noiseblock pe panoul tratat \u0219i protejarea \u0219i mai eficient\u0103 a \u0219oferului \u0219i a pasagerilor \u00eempotriva zgomotului deranjant al carosabilului. \u00cen combina\u021bie cu masticul clasic NoiseLiquidator pentru metalul arcurilor, noua dezvoltare StP permite ob\u021binerea unei izola\u021bii fonice \u0219i mai bune la autovehiculele cu compartimente din p\u00e2sl\u0103.","og_url":"https:\/\/atg.md\/ro\/wp-json\/wp\/v2\/product\/14216","og_site_name":"atg.md","article_modified_time":"2026-04-02T14:28:15+00:00","og_image":[{"width":1920,"height":1080,"url":"https:\/\/atg.md\/wp-content\/uploads\/2026\/04\/01f.jpg","type":"image\/jpeg"}],"twitter_card":"summary_large_image","twitter_misc":{"Pre\u021b":"250.00&nbsp;MDL","Availability":"In stock"},"schema":{"@context":"https:\/\/schema.org","@graph":[{"@type":"WebPage","@id":"https:\/\/atg.md\/ro\/catalog\/shumoizolyacziya\/mastika-dlya-vojlochnyh-lokerov-stp-noiseliquidator\/","url":"https:\/\/atg.md\/ro\/catalog\/shumoizolyacziya\/mastika-dlya-vojlochnyh-lokerov-stp-noiseliquidator\/","name":"Mastic pentru compartimentele din p\u00e2sl\u0103 StP NoiseLiquidator - Izolarea zgomotului, Altele - atg.md","isPartOf":{"@id":"https:\/\/atg.md\/ro\/#website"},"datePublished":"2026-04-02T14:16:05+00:00","dateModified":"2026-04-02T14:28:15+00:00","breadcrumb":{"@id":"https:\/\/atg.md\/ro\/catalog\/shumoizolyacziya\/mastika-dlya-vojlochnyh-lokerov-stp-noiseliquidator\/#breadcrumb"},"inLanguage":"ro-RO","potentialAction":[{"@type":"ReadAction","target":[["https:\/\/atg.md\/ro\/catalog\/shumoizolyacziya\/mastika-dlya-vojlochnyh-lokerov-stp-noiseliquidator\/"]]}]},{"@type":"BreadcrumbList","@id":"https:\/\/atg.md\/ro\/catalog\/shumoizolyacziya\/mastika-dlya-vojlochnyh-lokerov-stp-noiseliquidator\/#breadcrumb","itemListElement":[{"@type":"ListItem","position":1,"name":"Home","item":"https:\/\/atg.md\/ro\/"},{"@type":"ListItem","position":2,"name":"\u041a\u0430\u0442\u0430\u043b\u043e\u0433","item":"https:\/\/atg.md\/ro\/catalog\/"},{"@type":"ListItem","position":3,"name":"\u041c\u0430\u0441\u0442\u0438\u043a\u0430 \u0434\u043b\u044f \u0432\u043e\u0439\u043b\u043e\u0447\u043d\u044b\u0445 \u043b\u043e\u043a\u0435\u0440\u043e\u0432 StP NoiseLiquidator"}]},{"@type":"WebSite","@id":"https:\/\/atg.md\/ro\/#website","url":"https:\/\/atg.md\/ro\/","name":"atg.md","description":"V\u00e2nzare de izola\u021bii \u00eempotriva vibra\u021biilor pentru ma\u0219ini, izola\u021bie termic\u0103, izolare fonic\u0103 de la cei mai buni produc\u0103tori, autoclipsuri, elemente de fixare auto. Cump\u0103ra\u021bi \u00een Moldova, Chi\u0219in\u0103u","publisher":{"@id":"https:\/\/atg.md\/ro\/#organization"},"potentialAction":[{"@type":"SearchAction","target":{"@type":"EntryPoint","urlTemplate":"https:\/\/atg.md\/ro\/?s={search_term_string}"},"query-input":"required name=search_term_string"}],"inLanguage":"ro-RO"},{"@type":["Organization","Place","AutoPartsStore"],"@id":"https:\/\/atg.md\/ro\/#organization","name":"S.C. AUTOTOM GRUP S.R.L.","url":"https:\/\/atg.md\/ro\/","logo":{"@type":"ImageObject","inLanguage":"ro-RO","@id":"https:\/\/atg.md\/ro\/#\/schema\/logo\/image\/","url":"https:\/\/i2.wp.com\/atg.md\/wp-content\/uploads\/2021\/05\/atg_logo_main.png?fit=656%2C569&ssl=1","contentUrl":"https:\/\/i2.wp.com\/atg.md\/wp-content\/uploads\/2021\/05\/atg_logo_main.png?fit=656%2C569&ssl=1","width":656,"height":569,"caption":"S.C. AUTOTOM GRUP S.R.L."},"image":{"@id":"https:\/\/atg.md\/ro\/#\/schema\/logo\/image\/"},"location":{"@id":"https:\/\/atg.md\/catalog\/shumoizolyacziya\/mastika-dlya-vojlochnyh-lokerov-stp-noiseliquidator\/#local-place"},"address":{"@id":"https:\/\/atg.md\/catalog\/shumoizolyacziya\/mastika-dlya-vojlochnyh-lokerov-stp-noiseliquidator\/#local-place-address"},"email":"atgtvv@gmail.com","telephone":"+37369644446","areaServed":"Moldova"},{"@type":"Place","@id":"https:\/\/atg.md\/catalog\/shumoizolyacziya\/mastika-dlya-vojlochnyh-lokerov-stp-noiseliquidator\/#local-place","address":{"@type":"PostalAddress","@id":"https:\/\/atg.md\/catalog\/shumoizolyacziya\/mastika-dlya-vojlochnyh-lokerov-stp-noiseliquidator\/#local-place-address","streetAddress":"str. Alba-Iulia 77\/20","addressLocality":"Chisinau","postalCode":"2043","addressRegion":"mun. Chisinau","addressCountry":"MD"},"geo":{"@type":"GeoCoordinates","latitude":"47.0376","longitude":"28.76899"},"openingHoursSpecification":[{"@type":"OpeningHoursSpecification","dayOfWeek":["Monday","Tuesday","Wednesday","Thursday","Friday"],"opens":"09:00","closes":"18:00"},{"@type":"OpeningHoursSpecification","dayOfWeek":["Saturday"],"opens":"09:00","closes":"14:00"},{"@type":"OpeningHoursSpecification","dayOfWeek":["Sunday"],"opens":"00:00","closes":"00:00"}],"telephone":"+37369644446"}]}},"_links":{"self":[{"href":"https:\/\/atg.md\/ro\/wp-json\/wp\/v2\/product\/14216"}],"collection":[{"href":"https:\/\/atg.md\/ro\/wp-json\/wp\/v2\/product"}],"about":[{"href":"https:\/\/atg.md\/ro\/wp-json\/wp\/v2\/types\/product"}],"wp:featuredmedia":[{"embeddable":true,"href":"https:\/\/atg.md\/ro\/wp-json\/wp\/v2\/media\/14217"}],"wp:attachment":[{"href":"https:\/\/atg.md\/ro\/wp-json\/wp\/v2\/media?parent=14216"}],"wp:term":[{"taxonomy":"product_cat","embeddable":true,"href":"https:\/\/atg.md\/ro\/wp-json\/wp\/v2\/product_cat?post=14216"},{"taxonomy":"product_tag","embeddable":true,"href":"https:\/\/atg.md\/ro\/wp-json\/wp\/v2\/product_tag?post=14216"}],"curies":[{"name":"wp","href":"https:\/\/api.w.org\/{rel}","templated":true}]}}