{"id":14212,"date":"2026-04-01T14:10:34","date_gmt":"2026-04-01T14:10:34","guid":{"rendered":"https:\/\/atg.md\/?post_type=product&#038;p=14212"},"modified":"2026-04-01T14:12:56","modified_gmt":"2026-04-01T14:12:56","slug":"sponge-40-1-litr","status":"publish","type":"product","link":"https:\/\/atg.md\/ro\/catalog\/adeziv-si-consumabile\/sponge-40-1-litr\/","title":{"rendered":"SPONGE 40 1 litru"},"content":{"rendered":"<p><strong>TIP DE ADEZIV<\/strong><br \/>\nAdeziv pe baz\u0103 de cauciuc sintetic<\/p>\n<p><strong>DOMAINUL DE APLICARE<\/strong><br \/>\nAdezivul SPONGE 40 este utilizat \u00een industria mobilei,<br \/>\nproduc\u021bia de saltele \u0219i mobilier de birou, pentru<br \/>\nlipirea spumei poliuretanice cu spum\u0103 poliuretanic\u0103, cu lemn, cu<br \/>\np\u00e2sl\u0103, cu \u021bes\u0103tur\u0103, cu metal \u0219i spum\u0103 poliuretanic\u0103 cu<br \/>\nplastic, precum \u0219i a materialului din p\u00e2sl\u0103 cu p\u00e2sl\u0103<br \/>\n\u0219i \u021bes\u0103turi cu \u021bes\u0103turi.<\/p>\n<p><strong>MOD DE UTILIZARE<\/strong><br \/>\nSuprafe\u021bele care urmeaz\u0103 s\u0103 fie lipite trebuie s\u0103 fie uscate \u0219i<br \/>\ncurate \u0219i s\u0103 nu con\u021bin\u0103 praf. Adezivul poate fi aplicat<br \/>\ncu pensula sau pulverizat cu pistolul. Adezivul se pulverizeaz\u0103<br \/>\npe o singur\u0103 suprafa\u021b\u0103, dup\u0103 c\u00e2teva minute<br \/>\nde uscare, piesele care urmeaz\u0103 s\u0103 fie lipite se unesc; dac\u0103<br \/>\nsuprafe\u021bele sunt prea absorbante, se pot aplica<br \/>\ndou\u0103 straturi de adeziv. Aburii nu trebuie inhala\u021bi \u0219i nu trebuie s\u0103<br \/>\najung\u0103 direct pe m\u00e2ini \u0219i \u00een ochi; adezivul trebuie<br \/>\nutilizat \u00eentr-o \u00eenc\u0103pere ventilat\u0103.<\/p>","protected":false},"excerpt":{"rendered":"<ul>\n<li><strong>Culoare<\/strong>: Transparent chihlimbar<\/li>\n<li><strong>Form\u0103<\/strong>: Lichid v\u00e2scos<\/li>\n<li><strong>Densitate<\/strong> : 1,15-1,19 g\/cm3<\/li>\n<li><strong>V\u00e2scozitate (cP) la 20 \u00b0C<\/strong>: 500 \u2013 700<\/li>\n<li><strong>Substan\u021b\u0103 solid\u0103<\/strong> : 37,00 \u2013 41,00<\/li>\n<li><strong>Volumul sticle (l)<\/strong>: 1<\/li>\n<\/ul>\n","protected":false},"featured_media":14213,"template":"","meta":[],"product_cat":[1463,1313],"product_tag":[],"bundled_by":[],"bundle_stock_status":"instock","bundle_stock_quantity":null,"bundle_virtual":false,"bundle_layout":"","bundle_add_to_cart_form_location":"","bundle_editable_in_cart":false,"bundle_sold_individually_context":"","bundle_item_grouping":"","bundle_min_size":"","bundle_max_size":"","bundled_items":[],"yoast_head":"<!-- This site is optimized with the Yoast SEO Premium plugin v16.6 (Yoast SEO v20.1) - https:\/\/yoast.com\/wordpress\/plugins\/seo\/ -->\n<title>SPONGE 40 1 litru - Adeziv \u0219i consumabile, Nout\u0103\u021bi - atg.md<\/title>\n<meta name=\"robots\" content=\"index, follow, max-snippet:-1, max-image-preview:large, max-video-preview:-1\" \/>\n<link rel=\"canonical\" href=\"https:\/\/atg.md\/ro\/catalog\/adeziv-si-consumabile\/sponge-40-1-litr\/\" \/>\n<meta property=\"og:locale\" content=\"ro_RO\" \/>\n<meta property=\"og:type\" content=\"article\" \/>\n<meta property=\"og:title\" content=\"SPONGE 40 1 litru - Adeziv \u0219i consumabile, Nout\u0103\u021bi - atg.md\" \/>\n<meta property=\"og:description\" content=\"Culoare: Transparent chihlimbar  Form\u0103: Lichid v\u00e2scos  Densitate : 1,15-1,19 g\/cm3  V\u00e2scozitate (cP) la 20 \u00b0C: 500 \u2013 700  Substan\u021b\u0103 solid\u0103 : 37,00 \u2013 41,00  Volumul sticle (l): 1\" \/>\n<meta property=\"og:url\" content=\"https:\/\/atg.md\/ro\/wp-json\/wp\/v2\/product\/14212\" \/>\n<meta property=\"og:site_name\" content=\"atg.md\" \/>\n<meta property=\"article:modified_time\" content=\"2026-04-01T14:12:56+00:00\" \/>\n<meta property=\"og:image\" content=\"https:\/\/atg.md\/wp-content\/uploads\/2026\/04\/img_5274.png\" \/>\n\t<meta property=\"og:image:width\" content=\"1024\" \/>\n\t<meta property=\"og:image:height\" content=\"1536\" \/>\n\t<meta property=\"og:image:type\" content=\"image\/png\" \/>\n<meta name=\"twitter:card\" content=\"summary_large_image\" \/>\n<meta name=\"twitter:label1\" content=\"Pre\u021b\" \/>\n\t<meta name=\"twitter:data1\" content=\"100.00&nbsp;MDL\" \/>\n\t<meta name=\"twitter:label2\" content=\"Availability\" \/>\n\t<meta name=\"twitter:data2\" content=\"In stock\" \/>\n<script type=\"application\/ld+json\" class=\"yoast-schema-graph\">{\"@context\":\"https:\/\/schema.org\",\"@graph\":[{\"@type\":\"WebPage\",\"@id\":\"https:\/\/atg.md\/ro\/catalog\/adeziv-si-consumabile\/sponge-40-1-litr\/\",\"url\":\"https:\/\/atg.md\/ro\/catalog\/adeziv-si-consumabile\/sponge-40-1-litr\/\",\"name\":\"SPONGE 40 1 litru - Adeziv \u0219i consumabile, Nout\u0103\u021bi - atg.md\",\"isPartOf\":{\"@id\":\"https:\/\/atg.md\/ro\/#website\"},\"datePublished\":\"2026-04-01T14:10:34+00:00\",\"dateModified\":\"2026-04-01T14:12:56+00:00\",\"breadcrumb\":{\"@id\":\"https:\/\/atg.md\/ro\/catalog\/adeziv-si-consumabile\/sponge-40-1-litr\/#breadcrumb\"},\"inLanguage\":\"ro-RO\",\"potentialAction\":[{\"@type\":\"ReadAction\",\"target\":[[\"https:\/\/atg.md\/ro\/catalog\/adeziv-si-consumabile\/sponge-40-1-litr\/\"]]}]},{\"@type\":\"BreadcrumbList\",\"@id\":\"https:\/\/atg.md\/ro\/catalog\/adeziv-si-consumabile\/sponge-40-1-litr\/#breadcrumb\",\"itemListElement\":[{\"@type\":\"ListItem\",\"position\":1,\"name\":\"Home\",\"item\":\"https:\/\/atg.md\/ro\/\"},{\"@type\":\"ListItem\",\"position\":2,\"name\":\"\u041a\u0430\u0442\u0430\u043b\u043e\u0433\",\"item\":\"https:\/\/atg.md\/ro\/catalog\/\"},{\"@type\":\"ListItem\",\"position\":3,\"name\":\"SPONGE 40 1 \u041b\u0438\u0442\u0440\"}]},{\"@type\":\"WebSite\",\"@id\":\"https:\/\/atg.md\/ro\/#website\",\"url\":\"https:\/\/atg.md\/ro\/\",\"name\":\"atg.md\",\"description\":\"V\u00e2nzare de izola\u021bii \u00eempotriva vibra\u021biilor pentru ma\u0219ini, izola\u021bie termic\u0103, izolare fonic\u0103 de la cei mai buni produc\u0103tori, autoclipsuri, elemente de fixare auto. Cump\u0103ra\u021bi \u00een Moldova, Chi\u0219in\u0103u\",\"publisher\":{\"@id\":\"https:\/\/atg.md\/ro\/#organization\"},\"potentialAction\":[{\"@type\":\"SearchAction\",\"target\":{\"@type\":\"EntryPoint\",\"urlTemplate\":\"https:\/\/atg.md\/ro\/?s={search_term_string}\"},\"query-input\":\"required name=search_term_string\"}],\"inLanguage\":\"ro-RO\"},{\"@type\":[\"Organization\",\"Place\",\"AutoPartsStore\"],\"@id\":\"https:\/\/atg.md\/ro\/#organization\",\"name\":\"S.C. AUTOTOM GRUP S.R.L.\",\"url\":\"https:\/\/atg.md\/ro\/\",\"logo\":{\"@type\":\"ImageObject\",\"inLanguage\":\"ro-RO\",\"@id\":\"https:\/\/atg.md\/ro\/#\/schema\/logo\/image\/\",\"url\":\"https:\/\/i2.wp.com\/atg.md\/wp-content\/uploads\/2021\/05\/atg_logo_main.png?fit=656%2C569&ssl=1\",\"contentUrl\":\"https:\/\/i2.wp.com\/atg.md\/wp-content\/uploads\/2021\/05\/atg_logo_main.png?fit=656%2C569&ssl=1\",\"width\":656,\"height\":569,\"caption\":\"S.C. AUTOTOM GRUP S.R.L.\"},\"image\":{\"@id\":\"https:\/\/atg.md\/ro\/#\/schema\/logo\/image\/\"},\"location\":{\"@id\":\"https:\/\/atg.md\/catalog\/adeziv-si-consumabile\/sponge-40-1-litr\/#local-place\"},\"address\":{\"@id\":\"https:\/\/atg.md\/catalog\/adeziv-si-consumabile\/sponge-40-1-litr\/#local-place-address\"},\"email\":\"atgtvv@gmail.com\",\"telephone\":\"+37369644446\",\"areaServed\":\"Moldova\"},{\"@type\":\"Place\",\"@id\":\"https:\/\/atg.md\/catalog\/adeziv-si-consumabile\/sponge-40-1-litr\/#local-place\",\"address\":{\"@type\":\"PostalAddress\",\"@id\":\"https:\/\/atg.md\/catalog\/adeziv-si-consumabile\/sponge-40-1-litr\/#local-place-address\",\"streetAddress\":\"str. Alba-Iulia 77\/20\",\"addressLocality\":\"Chisinau\",\"postalCode\":\"2043\",\"addressRegion\":\"mun. Chisinau\",\"addressCountry\":\"MD\"},\"geo\":{\"@type\":\"GeoCoordinates\",\"latitude\":\"47.0376\",\"longitude\":\"28.76899\"},\"openingHoursSpecification\":[{\"@type\":\"OpeningHoursSpecification\",\"dayOfWeek\":[\"Monday\",\"Tuesday\",\"Wednesday\",\"Thursday\",\"Friday\"],\"opens\":\"09:00\",\"closes\":\"18:00\"},{\"@type\":\"OpeningHoursSpecification\",\"dayOfWeek\":[\"Saturday\"],\"opens\":\"09:00\",\"closes\":\"14:00\"},{\"@type\":\"OpeningHoursSpecification\",\"dayOfWeek\":[\"Sunday\"],\"opens\":\"00:00\",\"closes\":\"00:00\"}],\"telephone\":\"+37369644446\"}]}<\/script>\n<meta name=\"geo.placename\" content=\"Chisinau\" \/>\n<meta name=\"geo.position\" content=\"47.0376;28.76899\" \/>\n<meta name=\"geo.region\" content=\"Moldova\" \/>\n<!-- \/ Yoast SEO Premium plugin. -->","yoast_head_json":{"title":"SPONGE 40 1 litru - Adeziv \u0219i consumabile, Nout\u0103\u021bi - atg.md","robots":{"index":"index","follow":"follow","max-snippet":"max-snippet:-1","max-image-preview":"max-image-preview:large","max-video-preview":"max-video-preview:-1"},"canonical":"https:\/\/atg.md\/ro\/catalog\/adeziv-si-consumabile\/sponge-40-1-litr\/","og_locale":"ro_RO","og_type":"article","og_title":"SPONGE 40 1 litru - Adeziv \u0219i consumabile, Nout\u0103\u021bi - atg.md","og_description":"Culoare: Transparent chihlimbar  Form\u0103: Lichid v\u00e2scos  Densitate : 1,15-1,19 g\/cm3  V\u00e2scozitate (cP) la 20 \u00b0C: 500 \u2013 700  Substan\u021b\u0103 solid\u0103 : 37,00 \u2013 41,00  Volumul sticle (l): 1","og_url":"https:\/\/atg.md\/ro\/wp-json\/wp\/v2\/product\/14212","og_site_name":"atg.md","article_modified_time":"2026-04-01T14:12:56+00:00","og_image":[{"width":1024,"height":1536,"url":"https:\/\/atg.md\/wp-content\/uploads\/2026\/04\/img_5274.png","type":"image\/png"}],"twitter_card":"summary_large_image","twitter_misc":{"Pre\u021b":"100.00&nbsp;MDL","Availability":"In stock"},"schema":{"@context":"https:\/\/schema.org","@graph":[{"@type":"WebPage","@id":"https:\/\/atg.md\/ro\/catalog\/adeziv-si-consumabile\/sponge-40-1-litr\/","url":"https:\/\/atg.md\/ro\/catalog\/adeziv-si-consumabile\/sponge-40-1-litr\/","name":"SPONGE 40 1 litru - Adeziv \u0219i consumabile, Nout\u0103\u021bi - atg.md","isPartOf":{"@id":"https:\/\/atg.md\/ro\/#website"},"datePublished":"2026-04-01T14:10:34+00:00","dateModified":"2026-04-01T14:12:56+00:00","breadcrumb":{"@id":"https:\/\/atg.md\/ro\/catalog\/adeziv-si-consumabile\/sponge-40-1-litr\/#breadcrumb"},"inLanguage":"ro-RO","potentialAction":[{"@type":"ReadAction","target":[["https:\/\/atg.md\/ro\/catalog\/adeziv-si-consumabile\/sponge-40-1-litr\/"]]}]},{"@type":"BreadcrumbList","@id":"https:\/\/atg.md\/ro\/catalog\/adeziv-si-consumabile\/sponge-40-1-litr\/#breadcrumb","itemListElement":[{"@type":"ListItem","position":1,"name":"Home","item":"https:\/\/atg.md\/ro\/"},{"@type":"ListItem","position":2,"name":"\u041a\u0430\u0442\u0430\u043b\u043e\u0433","item":"https:\/\/atg.md\/ro\/catalog\/"},{"@type":"ListItem","position":3,"name":"SPONGE 40 1 \u041b\u0438\u0442\u0440"}]},{"@type":"WebSite","@id":"https:\/\/atg.md\/ro\/#website","url":"https:\/\/atg.md\/ro\/","name":"atg.md","description":"V\u00e2nzare de izola\u021bii \u00eempotriva vibra\u021biilor pentru ma\u0219ini, izola\u021bie termic\u0103, izolare fonic\u0103 de la cei mai buni produc\u0103tori, autoclipsuri, elemente de fixare auto. Cump\u0103ra\u021bi \u00een Moldova, Chi\u0219in\u0103u","publisher":{"@id":"https:\/\/atg.md\/ro\/#organization"},"potentialAction":[{"@type":"SearchAction","target":{"@type":"EntryPoint","urlTemplate":"https:\/\/atg.md\/ro\/?s={search_term_string}"},"query-input":"required name=search_term_string"}],"inLanguage":"ro-RO"},{"@type":["Organization","Place","AutoPartsStore"],"@id":"https:\/\/atg.md\/ro\/#organization","name":"S.C. AUTOTOM GRUP S.R.L.","url":"https:\/\/atg.md\/ro\/","logo":{"@type":"ImageObject","inLanguage":"ro-RO","@id":"https:\/\/atg.md\/ro\/#\/schema\/logo\/image\/","url":"https:\/\/i2.wp.com\/atg.md\/wp-content\/uploads\/2021\/05\/atg_logo_main.png?fit=656%2C569&ssl=1","contentUrl":"https:\/\/i2.wp.com\/atg.md\/wp-content\/uploads\/2021\/05\/atg_logo_main.png?fit=656%2C569&ssl=1","width":656,"height":569,"caption":"S.C. AUTOTOM GRUP S.R.L."},"image":{"@id":"https:\/\/atg.md\/ro\/#\/schema\/logo\/image\/"},"location":{"@id":"https:\/\/atg.md\/catalog\/adeziv-si-consumabile\/sponge-40-1-litr\/#local-place"},"address":{"@id":"https:\/\/atg.md\/catalog\/adeziv-si-consumabile\/sponge-40-1-litr\/#local-place-address"},"email":"atgtvv@gmail.com","telephone":"+37369644446","areaServed":"Moldova"},{"@type":"Place","@id":"https:\/\/atg.md\/catalog\/adeziv-si-consumabile\/sponge-40-1-litr\/#local-place","address":{"@type":"PostalAddress","@id":"https:\/\/atg.md\/catalog\/adeziv-si-consumabile\/sponge-40-1-litr\/#local-place-address","streetAddress":"str. Alba-Iulia 77\/20","addressLocality":"Chisinau","postalCode":"2043","addressRegion":"mun. Chisinau","addressCountry":"MD"},"geo":{"@type":"GeoCoordinates","latitude":"47.0376","longitude":"28.76899"},"openingHoursSpecification":[{"@type":"OpeningHoursSpecification","dayOfWeek":["Monday","Tuesday","Wednesday","Thursday","Friday"],"opens":"09:00","closes":"18:00"},{"@type":"OpeningHoursSpecification","dayOfWeek":["Saturday"],"opens":"09:00","closes":"14:00"},{"@type":"OpeningHoursSpecification","dayOfWeek":["Sunday"],"opens":"00:00","closes":"00:00"}],"telephone":"+37369644446"}]}},"_links":{"self":[{"href":"https:\/\/atg.md\/ro\/wp-json\/wp\/v2\/product\/14212"}],"collection":[{"href":"https:\/\/atg.md\/ro\/wp-json\/wp\/v2\/product"}],"about":[{"href":"https:\/\/atg.md\/ro\/wp-json\/wp\/v2\/types\/product"}],"wp:featuredmedia":[{"embeddable":true,"href":"https:\/\/atg.md\/ro\/wp-json\/wp\/v2\/media\/14213"}],"wp:attachment":[{"href":"https:\/\/atg.md\/ro\/wp-json\/wp\/v2\/media?parent=14212"}],"wp:term":[{"taxonomy":"product_cat","embeddable":true,"href":"https:\/\/atg.md\/ro\/wp-json\/wp\/v2\/product_cat?post=14212"},{"taxonomy":"product_tag","embeddable":true,"href":"https:\/\/atg.md\/ro\/wp-json\/wp\/v2\/product_tag?post=14212"}],"curies":[{"name":"wp","href":"https:\/\/api.w.org\/{rel}","templated":true}]}}