{"id":14210,"date":"2026-04-01T14:00:30","date_gmt":"2026-04-01T14:00:30","guid":{"rendered":"https:\/\/atg.md\/?post_type=product&#038;p=14210"},"modified":"2026-04-01T14:09:51","modified_gmt":"2026-04-01T14:09:51","slug":"pf-23-1-litr","status":"publish","type":"product","link":"https:\/\/atg.md\/ro\/catalog\/adeziv-si-consumabile\/pf-23-1-litr\/","title":{"rendered":"PF 23 1 litru"},"content":{"rendered":"<p><strong>TIP DE ADEZIV<\/strong><br \/>\nAdeziv de contact pentru postformare pe baz\u0103 de cauciuc \u0219i<br \/>\nsolvent.<\/p>\n<p><strong>DOMAIN DE APLICARE<\/strong><br \/>\nAdeziv pentru postforming pe baz\u0103 de cauciuc sintetic<br \/>\n\u0219i solvent pentru utilizare \u00een<br \/>\npodele \u0219i tavane auto, utilizat \u00een<br \/>\nproduc\u021bia de mobil\u0103, paturi, izolare fonic\u0103 \u0219i<br \/>\nfixarea panourilor acustice.<\/p>\n<p><strong>MOD DE UTILIZARE<\/strong><br \/>\nPentru a ob\u021bine cele mai bune rezultate, suprafe\u021bele<br \/>\ncare urmeaz\u0103 s\u0103 fie lipite trebuie s\u0103 fie curate, f\u0103r\u0103<br \/>\npraf \u0219i bine \u0219lefuite.<br \/>\nAdezivul se aplic\u0103 cu o pensul\u0103 sau cu o ma\u0219in\u0103 cu rol\u0103<br \/>\n. Adezivul se pulverizeaz\u0103 pe ambele suprafe\u021be \u0219i, dac\u0103<br \/>\nsuprafe\u021bele sunt prea absorbante, dup\u0103 uscare, \u00een<br \/>\ncurs de 5-10 minute, piesele care urmeaz\u0103 s\u0103 fie lipite se unesc.<br \/>\nVaporii nu trebuie inhala\u021bi, nu trebuie s\u0103 intre \u00een contact direct<br \/>\ncu adezivul sau cu ochii \u0219i trebuie<br \/>\nutiliza\u021bi \u00eentr-o \u00eenc\u0103pere aerisit\u0103.<\/p>","protected":false},"excerpt":{"rendered":"<ul>\n<li><strong>Culoare: <\/strong>Galben<\/li>\n<li><strong>Form\u0103: <\/strong>Lichid v\u00e2scos<\/li>\n<li><strong>Densitate: <\/strong>0,820-0,840 g\/cm3<\/li>\n<li><strong>V\u00e2scozitate (cP) la 20 \u00b0C: <\/strong>300 \u2013 500<\/li>\n<li><strong>Substan\u021b\u0103 solid\u0103 : <\/strong>20,00 \u2013 22,00<\/li>\n<li><strong>Volumul sticle (l): <\/strong>1<\/li>\n<\/ul>\n","protected":false},"featured_media":14211,"template":"","meta":[],"product_cat":[1463,1313],"product_tag":[],"bundled_by":[],"bundle_stock_status":"instock","bundle_stock_quantity":null,"bundle_virtual":false,"bundle_layout":"","bundle_add_to_cart_form_location":"","bundle_editable_in_cart":false,"bundle_sold_individually_context":"","bundle_item_grouping":"","bundle_min_size":"","bundle_max_size":"","bundled_items":[],"yoast_head":"<!-- This site is optimized with the Yoast SEO Premium plugin v16.6 (Yoast SEO v20.1) - https:\/\/yoast.com\/wordpress\/plugins\/seo\/ -->\n<title>PF 23 1 litru - Adeziv \u0219i consumabile, Nout\u0103\u021bi - atg.md<\/title>\n<meta name=\"robots\" content=\"index, follow, max-snippet:-1, max-image-preview:large, max-video-preview:-1\" \/>\n<link rel=\"canonical\" href=\"https:\/\/atg.md\/ro\/catalog\/adeziv-si-consumabile\/pf-23-1-litr\/\" \/>\n<meta property=\"og:locale\" content=\"ro_RO\" \/>\n<meta property=\"og:type\" content=\"article\" \/>\n<meta property=\"og:title\" content=\"PF 23 1 litru - Adeziv \u0219i consumabile, Nout\u0103\u021bi - atg.md\" \/>\n<meta property=\"og:description\" content=\"Culoare: Galben  Form\u0103: Lichid v\u00e2scos  Densitate: 0,820-0,840 g\/cm3  V\u00e2scozitate (cP) la 20 \u00b0C: 300 \u2013 500  Substan\u021b\u0103 solid\u0103 : 20,00 \u2013 22,00  Volumul sticle (l): 1\" \/>\n<meta property=\"og:url\" content=\"https:\/\/atg.md\/ro\/wp-json\/wp\/v2\/product\/14210\" \/>\n<meta property=\"og:site_name\" content=\"atg.md\" \/>\n<meta property=\"article:modified_time\" content=\"2026-04-01T14:09:51+00:00\" \/>\n<meta property=\"og:image\" content=\"https:\/\/atg.md\/wp-content\/uploads\/2026\/04\/img_4915.jpg\" \/>\n\t<meta property=\"og:image:width\" content=\"1009\" \/>\n\t<meta property=\"og:image:height\" content=\"1513\" \/>\n\t<meta property=\"og:image:type\" content=\"image\/jpeg\" \/>\n<meta name=\"twitter:card\" content=\"summary_large_image\" \/>\n<meta name=\"twitter:label1\" content=\"Pre\u021b\" \/>\n\t<meta name=\"twitter:data1\" content=\"200.00&nbsp;MDL\" \/>\n\t<meta name=\"twitter:label2\" content=\"Availability\" \/>\n\t<meta name=\"twitter:data2\" content=\"In stock\" \/>\n<script type=\"application\/ld+json\" class=\"yoast-schema-graph\">{\"@context\":\"https:\/\/schema.org\",\"@graph\":[{\"@type\":\"WebPage\",\"@id\":\"https:\/\/atg.md\/ro\/catalog\/adeziv-si-consumabile\/pf-23-1-litr\/\",\"url\":\"https:\/\/atg.md\/ro\/catalog\/adeziv-si-consumabile\/pf-23-1-litr\/\",\"name\":\"PF 23 1 litru - Adeziv \u0219i consumabile, Nout\u0103\u021bi - atg.md\",\"isPartOf\":{\"@id\":\"https:\/\/atg.md\/ro\/#website\"},\"datePublished\":\"2026-04-01T14:00:30+00:00\",\"dateModified\":\"2026-04-01T14:09:51+00:00\",\"breadcrumb\":{\"@id\":\"https:\/\/atg.md\/ro\/catalog\/adeziv-si-consumabile\/pf-23-1-litr\/#breadcrumb\"},\"inLanguage\":\"ro-RO\",\"potentialAction\":[{\"@type\":\"ReadAction\",\"target\":[[\"https:\/\/atg.md\/ro\/catalog\/adeziv-si-consumabile\/pf-23-1-litr\/\"]]}]},{\"@type\":\"BreadcrumbList\",\"@id\":\"https:\/\/atg.md\/ro\/catalog\/adeziv-si-consumabile\/pf-23-1-litr\/#breadcrumb\",\"itemListElement\":[{\"@type\":\"ListItem\",\"position\":1,\"name\":\"Home\",\"item\":\"https:\/\/atg.md\/ro\/\"},{\"@type\":\"ListItem\",\"position\":2,\"name\":\"\u041a\u0430\u0442\u0430\u043b\u043e\u0433\",\"item\":\"https:\/\/atg.md\/ro\/catalog\/\"},{\"@type\":\"ListItem\",\"position\":3,\"name\":\"PF 23 1 \u041b\u0438\u0442\u0440\"}]},{\"@type\":\"WebSite\",\"@id\":\"https:\/\/atg.md\/ro\/#website\",\"url\":\"https:\/\/atg.md\/ro\/\",\"name\":\"atg.md\",\"description\":\"V\u00e2nzare de izola\u021bii \u00eempotriva vibra\u021biilor pentru ma\u0219ini, izola\u021bie termic\u0103, izolare fonic\u0103 de la cei mai buni produc\u0103tori, autoclipsuri, elemente de fixare auto. Cump\u0103ra\u021bi \u00een Moldova, Chi\u0219in\u0103u\",\"publisher\":{\"@id\":\"https:\/\/atg.md\/ro\/#organization\"},\"potentialAction\":[{\"@type\":\"SearchAction\",\"target\":{\"@type\":\"EntryPoint\",\"urlTemplate\":\"https:\/\/atg.md\/ro\/?s={search_term_string}\"},\"query-input\":\"required name=search_term_string\"}],\"inLanguage\":\"ro-RO\"},{\"@type\":[\"Organization\",\"Place\",\"AutoPartsStore\"],\"@id\":\"https:\/\/atg.md\/ro\/#organization\",\"name\":\"S.C. AUTOTOM GRUP S.R.L.\",\"url\":\"https:\/\/atg.md\/ro\/\",\"logo\":{\"@type\":\"ImageObject\",\"inLanguage\":\"ro-RO\",\"@id\":\"https:\/\/atg.md\/ro\/#\/schema\/logo\/image\/\",\"url\":\"https:\/\/i2.wp.com\/atg.md\/wp-content\/uploads\/2021\/05\/atg_logo_main.png?fit=656%2C569&ssl=1\",\"contentUrl\":\"https:\/\/i2.wp.com\/atg.md\/wp-content\/uploads\/2021\/05\/atg_logo_main.png?fit=656%2C569&ssl=1\",\"width\":656,\"height\":569,\"caption\":\"S.C. AUTOTOM GRUP S.R.L.\"},\"image\":{\"@id\":\"https:\/\/atg.md\/ro\/#\/schema\/logo\/image\/\"},\"location\":{\"@id\":\"https:\/\/atg.md\/catalog\/adeziv-si-consumabile\/pf-23-1-litr\/#local-place\"},\"address\":{\"@id\":\"https:\/\/atg.md\/catalog\/adeziv-si-consumabile\/pf-23-1-litr\/#local-place-address\"},\"email\":\"atgtvv@gmail.com\",\"telephone\":\"+37369644446\",\"areaServed\":\"Moldova\"},{\"@type\":\"Place\",\"@id\":\"https:\/\/atg.md\/catalog\/adeziv-si-consumabile\/pf-23-1-litr\/#local-place\",\"address\":{\"@type\":\"PostalAddress\",\"@id\":\"https:\/\/atg.md\/catalog\/adeziv-si-consumabile\/pf-23-1-litr\/#local-place-address\",\"streetAddress\":\"str. Alba-Iulia 77\/20\",\"addressLocality\":\"Chisinau\",\"postalCode\":\"2043\",\"addressRegion\":\"mun. Chisinau\",\"addressCountry\":\"MD\"},\"geo\":{\"@type\":\"GeoCoordinates\",\"latitude\":\"47.0376\",\"longitude\":\"28.76899\"},\"openingHoursSpecification\":[{\"@type\":\"OpeningHoursSpecification\",\"dayOfWeek\":[\"Monday\",\"Tuesday\",\"Wednesday\",\"Thursday\",\"Friday\"],\"opens\":\"09:00\",\"closes\":\"18:00\"},{\"@type\":\"OpeningHoursSpecification\",\"dayOfWeek\":[\"Saturday\"],\"opens\":\"09:00\",\"closes\":\"14:00\"},{\"@type\":\"OpeningHoursSpecification\",\"dayOfWeek\":[\"Sunday\"],\"opens\":\"00:00\",\"closes\":\"00:00\"}],\"telephone\":\"+37369644446\"}]}<\/script>\n<meta name=\"geo.placename\" content=\"Chisinau\" \/>\n<meta name=\"geo.position\" content=\"47.0376;28.76899\" \/>\n<meta name=\"geo.region\" content=\"Moldova\" \/>\n<!-- \/ Yoast SEO Premium plugin. -->","yoast_head_json":{"title":"PF 23 1 litru - Adeziv \u0219i consumabile, Nout\u0103\u021bi - atg.md","robots":{"index":"index","follow":"follow","max-snippet":"max-snippet:-1","max-image-preview":"max-image-preview:large","max-video-preview":"max-video-preview:-1"},"canonical":"https:\/\/atg.md\/ro\/catalog\/adeziv-si-consumabile\/pf-23-1-litr\/","og_locale":"ro_RO","og_type":"article","og_title":"PF 23 1 litru - Adeziv \u0219i consumabile, Nout\u0103\u021bi - atg.md","og_description":"Culoare: Galben  Form\u0103: Lichid v\u00e2scos  Densitate: 0,820-0,840 g\/cm3  V\u00e2scozitate (cP) la 20 \u00b0C: 300 \u2013 500  Substan\u021b\u0103 solid\u0103 : 20,00 \u2013 22,00  Volumul sticle (l): 1","og_url":"https:\/\/atg.md\/ro\/wp-json\/wp\/v2\/product\/14210","og_site_name":"atg.md","article_modified_time":"2026-04-01T14:09:51+00:00","og_image":[{"width":1009,"height":1513,"url":"https:\/\/atg.md\/wp-content\/uploads\/2026\/04\/img_4915.jpg","type":"image\/jpeg"}],"twitter_card":"summary_large_image","twitter_misc":{"Pre\u021b":"200.00&nbsp;MDL","Availability":"In stock"},"schema":{"@context":"https:\/\/schema.org","@graph":[{"@type":"WebPage","@id":"https:\/\/atg.md\/ro\/catalog\/adeziv-si-consumabile\/pf-23-1-litr\/","url":"https:\/\/atg.md\/ro\/catalog\/adeziv-si-consumabile\/pf-23-1-litr\/","name":"PF 23 1 litru - Adeziv \u0219i consumabile, Nout\u0103\u021bi - atg.md","isPartOf":{"@id":"https:\/\/atg.md\/ro\/#website"},"datePublished":"2026-04-01T14:00:30+00:00","dateModified":"2026-04-01T14:09:51+00:00","breadcrumb":{"@id":"https:\/\/atg.md\/ro\/catalog\/adeziv-si-consumabile\/pf-23-1-litr\/#breadcrumb"},"inLanguage":"ro-RO","potentialAction":[{"@type":"ReadAction","target":[["https:\/\/atg.md\/ro\/catalog\/adeziv-si-consumabile\/pf-23-1-litr\/"]]}]},{"@type":"BreadcrumbList","@id":"https:\/\/atg.md\/ro\/catalog\/adeziv-si-consumabile\/pf-23-1-litr\/#breadcrumb","itemListElement":[{"@type":"ListItem","position":1,"name":"Home","item":"https:\/\/atg.md\/ro\/"},{"@type":"ListItem","position":2,"name":"\u041a\u0430\u0442\u0430\u043b\u043e\u0433","item":"https:\/\/atg.md\/ro\/catalog\/"},{"@type":"ListItem","position":3,"name":"PF 23 1 \u041b\u0438\u0442\u0440"}]},{"@type":"WebSite","@id":"https:\/\/atg.md\/ro\/#website","url":"https:\/\/atg.md\/ro\/","name":"atg.md","description":"V\u00e2nzare de izola\u021bii \u00eempotriva vibra\u021biilor pentru ma\u0219ini, izola\u021bie termic\u0103, izolare fonic\u0103 de la cei mai buni produc\u0103tori, autoclipsuri, elemente de fixare auto. Cump\u0103ra\u021bi \u00een Moldova, Chi\u0219in\u0103u","publisher":{"@id":"https:\/\/atg.md\/ro\/#organization"},"potentialAction":[{"@type":"SearchAction","target":{"@type":"EntryPoint","urlTemplate":"https:\/\/atg.md\/ro\/?s={search_term_string}"},"query-input":"required name=search_term_string"}],"inLanguage":"ro-RO"},{"@type":["Organization","Place","AutoPartsStore"],"@id":"https:\/\/atg.md\/ro\/#organization","name":"S.C. AUTOTOM GRUP S.R.L.","url":"https:\/\/atg.md\/ro\/","logo":{"@type":"ImageObject","inLanguage":"ro-RO","@id":"https:\/\/atg.md\/ro\/#\/schema\/logo\/image\/","url":"https:\/\/i2.wp.com\/atg.md\/wp-content\/uploads\/2021\/05\/atg_logo_main.png?fit=656%2C569&ssl=1","contentUrl":"https:\/\/i2.wp.com\/atg.md\/wp-content\/uploads\/2021\/05\/atg_logo_main.png?fit=656%2C569&ssl=1","width":656,"height":569,"caption":"S.C. AUTOTOM GRUP S.R.L."},"image":{"@id":"https:\/\/atg.md\/ro\/#\/schema\/logo\/image\/"},"location":{"@id":"https:\/\/atg.md\/catalog\/adeziv-si-consumabile\/pf-23-1-litr\/#local-place"},"address":{"@id":"https:\/\/atg.md\/catalog\/adeziv-si-consumabile\/pf-23-1-litr\/#local-place-address"},"email":"atgtvv@gmail.com","telephone":"+37369644446","areaServed":"Moldova"},{"@type":"Place","@id":"https:\/\/atg.md\/catalog\/adeziv-si-consumabile\/pf-23-1-litr\/#local-place","address":{"@type":"PostalAddress","@id":"https:\/\/atg.md\/catalog\/adeziv-si-consumabile\/pf-23-1-litr\/#local-place-address","streetAddress":"str. Alba-Iulia 77\/20","addressLocality":"Chisinau","postalCode":"2043","addressRegion":"mun. Chisinau","addressCountry":"MD"},"geo":{"@type":"GeoCoordinates","latitude":"47.0376","longitude":"28.76899"},"openingHoursSpecification":[{"@type":"OpeningHoursSpecification","dayOfWeek":["Monday","Tuesday","Wednesday","Thursday","Friday"],"opens":"09:00","closes":"18:00"},{"@type":"OpeningHoursSpecification","dayOfWeek":["Saturday"],"opens":"09:00","closes":"14:00"},{"@type":"OpeningHoursSpecification","dayOfWeek":["Sunday"],"opens":"00:00","closes":"00:00"}],"telephone":"+37369644446"}]}},"_links":{"self":[{"href":"https:\/\/atg.md\/ro\/wp-json\/wp\/v2\/product\/14210"}],"collection":[{"href":"https:\/\/atg.md\/ro\/wp-json\/wp\/v2\/product"}],"about":[{"href":"https:\/\/atg.md\/ro\/wp-json\/wp\/v2\/types\/product"}],"wp:featuredmedia":[{"embeddable":true,"href":"https:\/\/atg.md\/ro\/wp-json\/wp\/v2\/media\/14211"}],"wp:attachment":[{"href":"https:\/\/atg.md\/ro\/wp-json\/wp\/v2\/media?parent=14210"}],"wp:term":[{"taxonomy":"product_cat","embeddable":true,"href":"https:\/\/atg.md\/ro\/wp-json\/wp\/v2\/product_cat?post=14210"},{"taxonomy":"product_tag","embeddable":true,"href":"https:\/\/atg.md\/ro\/wp-json\/wp\/v2\/product_tag?post=14210"}],"curies":[{"name":"wp","href":"https:\/\/api.w.org\/{rel}","templated":true}]}}