{"id":13881,"date":"2026-03-02T13:51:37","date_gmt":"2026-03-02T13:51:37","guid":{"rendered":"https:\/\/atg.md\/?post_type=product&#038;p=13881"},"modified":"2026-04-01T13:48:59","modified_gmt":"2026-04-01T13:48:59","slug":"strong-g-66","status":"publish","type":"product","link":"https:\/\/atg.md\/ro\/catalog\/novinki\/strong-g-66\/","title":{"rendered":"Strong G 66"},"content":{"rendered":"<p>Strong G 66 \u2013 Adeziv de contact pe baz\u0103 de cauciuc \u0219i solvent<br \/>\nStrong G 66 este un adeziv de contact pe baz\u0103 de cauciuc \u0219i solvent, conceput pentru a asigura o aderen\u021b\u0103 ridicat\u0103 \u0219i o lipire rapid\u0103 . Ofer\u0103 rezultate fiabile \u00een domeniile de aplicare care necesit\u0103 o \u00eembinare rezistent\u0103 \u0219i durabil\u0103, ceea ce \u00eel face solu\u021bia ideal\u0103 pentru utilizarea industrial\u0103 \u0219i profesional\u0103.<br \/>\nDatorit\u0103 formulei sale speciale, se aplic\u0103 u\u0219or pe suprafe\u021be \u0219i formeaz\u0103 rapid o aderen\u021b\u0103 ini\u021bial\u0103 ridicat\u0103. Structura sa pe baz\u0103 de solvent asigur\u0103 o activare rapid\u0103 dup\u0103 aplicare; aderen\u021ba puternic\u0103, flexibil\u0103 \u0219i durabil\u0103 se ob\u021bine prin presare. Structura elastic\u0103 a \u00eembin\u0103rii se adapteaz\u0103 la dilatarea \u0219i mi\u0219carea materialelor lipite, asigur\u00e2nd o durat\u0103 lung\u0103 de via\u021b\u0103.<br \/>\nInstrumentul puternic G 66 asigur\u0103 rezultate eficiente la prelucrarea pielii, pielii artificiale, cauciucului, bure\u021bilor, textilelor, lemnului, MDF-ului, laminatului, cartonului \u0219i diverselor suprafe\u021be elastomerice. Este utilizat pe scar\u0103 larg\u0103 \u00een produc\u021bia \u0219i repararea \u00eenc\u0103l\u021b\u0103mintei, produc\u021bia de mobil\u0103 \u0219i tapi\u021berie, produse publicitare, ambalaje \u0219i \u00een procesele generale de asamblare industrial\u0103.<br \/>\nUscarea rapid\u0103, aderen\u021ba ini\u021bial\u0103 ridicat\u0103 \u0219i structura durabil\u0103 a \u00eembin\u0103rii asigur\u0103 eficien\u021ba proceselor de produc\u021bie.<\/p>\n<p>Adezivul durabil G 66 este un adeziv de contact fiabil, care ofer\u0103 utilizare practic\u0103, performan\u021b\u0103 ridicat\u0103 \u0219i aderen\u021b\u0103 de lung\u0103 durat\u0103 pentru utilizatorii profesioni\u0219ti.<\/p>","protected":false},"excerpt":{"rendered":"<ul>\n<li><strong>Culoare : <\/strong>Galben transparent<\/li>\n<li><strong>Form\u0103 : <\/strong>Lichid v\u00e2scos<\/li>\n<li><strong>Densitate: <\/strong>0,860-0,900 g\/cm3<\/li>\n<li><strong>V\u00e2scozitate (cP) la 20 \u00b0C : <\/strong>2200 \u2013 2600<\/li>\n<li><strong>Substan\u021b\u0103 solid\u0103 : <\/strong>20,50 \u2013 22,00<\/li>\n<li><strong>Greutatea canistrei (kg): <\/strong>14<\/li>\n<li><strong>Volumul canistrei (l): <\/strong>17,5<\/li>\n<\/ul>\n","protected":false},"featured_media":13882,"template":"","meta":[],"product_cat":[1463,1313],"product_tag":[],"bundled_by":[],"bundle_stock_status":"instock","bundle_stock_quantity":null,"bundle_virtual":false,"bundle_layout":"","bundle_add_to_cart_form_location":"","bundle_editable_in_cart":false,"bundle_sold_individually_context":"","bundle_item_grouping":"","bundle_min_size":"","bundle_max_size":"","bundled_items":[],"yoast_head":"<!-- This site is optimized with the Yoast SEO Premium plugin v16.6 (Yoast SEO v20.1) - https:\/\/yoast.com\/wordpress\/plugins\/seo\/ -->\n<title>Strong G 66 - Adeziv \u0219i consumabile, Nout\u0103\u021bi - atg.md<\/title>\n<meta name=\"robots\" content=\"index, follow, max-snippet:-1, max-image-preview:large, max-video-preview:-1\" \/>\n<link rel=\"canonical\" href=\"https:\/\/atg.md\/ro\/catalog\/novinki\/strong-g-66\/\" \/>\n<meta property=\"og:locale\" content=\"ro_RO\" \/>\n<meta property=\"og:type\" content=\"article\" \/>\n<meta property=\"og:title\" content=\"Strong G 66 - Adeziv \u0219i consumabile, Nout\u0103\u021bi - atg.md\" \/>\n<meta property=\"og:description\" content=\"Culoare : Galben transparent  Form\u0103 : Lichid v\u00e2scos  Densitate: 0,860-0,900 g\/cm3  V\u00e2scozitate (cP) la 20 \u00b0C : 2200 \u2013 2600  Substan\u021b\u0103 solid\u0103 : 20,50 \u2013 22,00  Greutatea canistrei (kg): 14  Volumul canistrei (l): 17,5\" \/>\n<meta property=\"og:url\" content=\"https:\/\/atg.md\/ro\/wp-json\/wp\/v2\/product\/13881\" \/>\n<meta property=\"og:site_name\" content=\"atg.md\" \/>\n<meta property=\"article:modified_time\" content=\"2026-04-01T13:48:59+00:00\" \/>\n<meta property=\"og:image\" content=\"https:\/\/atg.md\/wp-content\/uploads\/2026\/03\/guclu-g-66-1.jpg\" \/>\n\t<meta property=\"og:image:width\" content=\"1030\" \/>\n\t<meta property=\"og:image:height\" content=\"1290\" \/>\n\t<meta property=\"og:image:type\" content=\"image\/jpeg\" \/>\n<meta name=\"twitter:card\" content=\"summary_large_image\" \/>\n<meta name=\"twitter:label1\" content=\"Pre\u021b\" \/>\n\t<meta name=\"twitter:data1\" content=\"1,400.00&nbsp;MDL\" \/>\n\t<meta name=\"twitter:label2\" content=\"Availability\" \/>\n\t<meta name=\"twitter:data2\" content=\"In stock\" \/>\n<script type=\"application\/ld+json\" class=\"yoast-schema-graph\">{\"@context\":\"https:\/\/schema.org\",\"@graph\":[{\"@type\":\"WebPage\",\"@id\":\"https:\/\/atg.md\/ro\/catalog\/novinki\/strong-g-66\/\",\"url\":\"https:\/\/atg.md\/ro\/catalog\/novinki\/strong-g-66\/\",\"name\":\"Strong G 66 - Adeziv \u0219i consumabile, Nout\u0103\u021bi - atg.md\",\"isPartOf\":{\"@id\":\"https:\/\/atg.md\/ro\/#website\"},\"datePublished\":\"2026-03-02T13:51:37+00:00\",\"dateModified\":\"2026-04-01T13:48:59+00:00\",\"breadcrumb\":{\"@id\":\"https:\/\/atg.md\/ro\/catalog\/novinki\/strong-g-66\/#breadcrumb\"},\"inLanguage\":\"ro-RO\",\"potentialAction\":[{\"@type\":\"ReadAction\",\"target\":[[\"https:\/\/atg.md\/ro\/catalog\/novinki\/strong-g-66\/\"]]}]},{\"@type\":\"BreadcrumbList\",\"@id\":\"https:\/\/atg.md\/ro\/catalog\/novinki\/strong-g-66\/#breadcrumb\",\"itemListElement\":[{\"@type\":\"ListItem\",\"position\":1,\"name\":\"Home\",\"item\":\"https:\/\/atg.md\/ro\/\"},{\"@type\":\"ListItem\",\"position\":2,\"name\":\"\u041a\u0430\u0442\u0430\u043b\u043e\u0433\",\"item\":\"https:\/\/atg.md\/ro\/catalog\/\"},{\"@type\":\"ListItem\",\"position\":3,\"name\":\"Strong G 66\"}]},{\"@type\":\"WebSite\",\"@id\":\"https:\/\/atg.md\/ro\/#website\",\"url\":\"https:\/\/atg.md\/ro\/\",\"name\":\"atg.md\",\"description\":\"V\u00e2nzare de izola\u021bii \u00eempotriva vibra\u021biilor pentru ma\u0219ini, izola\u021bie termic\u0103, izolare fonic\u0103 de la cei mai buni produc\u0103tori, autoclipsuri, elemente de fixare auto. Cump\u0103ra\u021bi \u00een Moldova, Chi\u0219in\u0103u\",\"publisher\":{\"@id\":\"https:\/\/atg.md\/ro\/#organization\"},\"potentialAction\":[{\"@type\":\"SearchAction\",\"target\":{\"@type\":\"EntryPoint\",\"urlTemplate\":\"https:\/\/atg.md\/ro\/?s={search_term_string}\"},\"query-input\":\"required name=search_term_string\"}],\"inLanguage\":\"ro-RO\"},{\"@type\":[\"Organization\",\"Place\",\"AutoPartsStore\"],\"@id\":\"https:\/\/atg.md\/ro\/#organization\",\"name\":\"S.C. AUTOTOM GRUP S.R.L.\",\"url\":\"https:\/\/atg.md\/ro\/\",\"logo\":{\"@type\":\"ImageObject\",\"inLanguage\":\"ro-RO\",\"@id\":\"https:\/\/atg.md\/ro\/#\/schema\/logo\/image\/\",\"url\":\"https:\/\/i2.wp.com\/atg.md\/wp-content\/uploads\/2021\/05\/atg_logo_main.png?fit=656%2C569&ssl=1\",\"contentUrl\":\"https:\/\/i2.wp.com\/atg.md\/wp-content\/uploads\/2021\/05\/atg_logo_main.png?fit=656%2C569&ssl=1\",\"width\":656,\"height\":569,\"caption\":\"S.C. AUTOTOM GRUP S.R.L.\"},\"image\":{\"@id\":\"https:\/\/atg.md\/ro\/#\/schema\/logo\/image\/\"},\"location\":{\"@id\":\"https:\/\/atg.md\/catalog\/novinki\/strong-g-66\/#local-place\"},\"address\":{\"@id\":\"https:\/\/atg.md\/catalog\/novinki\/strong-g-66\/#local-place-address\"},\"email\":\"atgtvv@gmail.com\",\"telephone\":\"+37369644446\",\"areaServed\":\"Moldova\"},{\"@type\":\"Place\",\"@id\":\"https:\/\/atg.md\/catalog\/novinki\/strong-g-66\/#local-place\",\"address\":{\"@type\":\"PostalAddress\",\"@id\":\"https:\/\/atg.md\/catalog\/novinki\/strong-g-66\/#local-place-address\",\"streetAddress\":\"str. Alba-Iulia 77\/20\",\"addressLocality\":\"Chisinau\",\"postalCode\":\"2043\",\"addressRegion\":\"mun. Chisinau\",\"addressCountry\":\"MD\"},\"geo\":{\"@type\":\"GeoCoordinates\",\"latitude\":\"47.0376\",\"longitude\":\"28.76899\"},\"openingHoursSpecification\":[{\"@type\":\"OpeningHoursSpecification\",\"dayOfWeek\":[\"Monday\",\"Tuesday\",\"Wednesday\",\"Thursday\",\"Friday\"],\"opens\":\"09:00\",\"closes\":\"18:00\"},{\"@type\":\"OpeningHoursSpecification\",\"dayOfWeek\":[\"Saturday\"],\"opens\":\"09:00\",\"closes\":\"14:00\"},{\"@type\":\"OpeningHoursSpecification\",\"dayOfWeek\":[\"Sunday\"],\"opens\":\"00:00\",\"closes\":\"00:00\"}],\"telephone\":\"+37369644446\"}]}<\/script>\n<meta name=\"geo.placename\" content=\"Chisinau\" \/>\n<meta name=\"geo.position\" content=\"47.0376;28.76899\" \/>\n<meta name=\"geo.region\" content=\"Moldova\" \/>\n<!-- \/ Yoast SEO Premium plugin. -->","yoast_head_json":{"title":"Strong G 66 - Adeziv \u0219i consumabile, Nout\u0103\u021bi - atg.md","robots":{"index":"index","follow":"follow","max-snippet":"max-snippet:-1","max-image-preview":"max-image-preview:large","max-video-preview":"max-video-preview:-1"},"canonical":"https:\/\/atg.md\/ro\/catalog\/novinki\/strong-g-66\/","og_locale":"ro_RO","og_type":"article","og_title":"Strong G 66 - Adeziv \u0219i consumabile, Nout\u0103\u021bi - atg.md","og_description":"Culoare : Galben transparent  Form\u0103 : Lichid v\u00e2scos  Densitate: 0,860-0,900 g\/cm3  V\u00e2scozitate (cP) la 20 \u00b0C : 2200 \u2013 2600  Substan\u021b\u0103 solid\u0103 : 20,50 \u2013 22,00  Greutatea canistrei (kg): 14  Volumul canistrei (l): 17,5","og_url":"https:\/\/atg.md\/ro\/wp-json\/wp\/v2\/product\/13881","og_site_name":"atg.md","article_modified_time":"2026-04-01T13:48:59+00:00","og_image":[{"width":1030,"height":1290,"url":"https:\/\/atg.md\/wp-content\/uploads\/2026\/03\/guclu-g-66-1.jpg","type":"image\/jpeg"}],"twitter_card":"summary_large_image","twitter_misc":{"Pre\u021b":"1,400.00&nbsp;MDL","Availability":"In stock"},"schema":{"@context":"https:\/\/schema.org","@graph":[{"@type":"WebPage","@id":"https:\/\/atg.md\/ro\/catalog\/novinki\/strong-g-66\/","url":"https:\/\/atg.md\/ro\/catalog\/novinki\/strong-g-66\/","name":"Strong G 66 - Adeziv \u0219i consumabile, Nout\u0103\u021bi - atg.md","isPartOf":{"@id":"https:\/\/atg.md\/ro\/#website"},"datePublished":"2026-03-02T13:51:37+00:00","dateModified":"2026-04-01T13:48:59+00:00","breadcrumb":{"@id":"https:\/\/atg.md\/ro\/catalog\/novinki\/strong-g-66\/#breadcrumb"},"inLanguage":"ro-RO","potentialAction":[{"@type":"ReadAction","target":[["https:\/\/atg.md\/ro\/catalog\/novinki\/strong-g-66\/"]]}]},{"@type":"BreadcrumbList","@id":"https:\/\/atg.md\/ro\/catalog\/novinki\/strong-g-66\/#breadcrumb","itemListElement":[{"@type":"ListItem","position":1,"name":"Home","item":"https:\/\/atg.md\/ro\/"},{"@type":"ListItem","position":2,"name":"\u041a\u0430\u0442\u0430\u043b\u043e\u0433","item":"https:\/\/atg.md\/ro\/catalog\/"},{"@type":"ListItem","position":3,"name":"Strong G 66"}]},{"@type":"WebSite","@id":"https:\/\/atg.md\/ro\/#website","url":"https:\/\/atg.md\/ro\/","name":"atg.md","description":"V\u00e2nzare de izola\u021bii \u00eempotriva vibra\u021biilor pentru ma\u0219ini, izola\u021bie termic\u0103, izolare fonic\u0103 de la cei mai buni produc\u0103tori, autoclipsuri, elemente de fixare auto. Cump\u0103ra\u021bi \u00een Moldova, Chi\u0219in\u0103u","publisher":{"@id":"https:\/\/atg.md\/ro\/#organization"},"potentialAction":[{"@type":"SearchAction","target":{"@type":"EntryPoint","urlTemplate":"https:\/\/atg.md\/ro\/?s={search_term_string}"},"query-input":"required name=search_term_string"}],"inLanguage":"ro-RO"},{"@type":["Organization","Place","AutoPartsStore"],"@id":"https:\/\/atg.md\/ro\/#organization","name":"S.C. AUTOTOM GRUP S.R.L.","url":"https:\/\/atg.md\/ro\/","logo":{"@type":"ImageObject","inLanguage":"ro-RO","@id":"https:\/\/atg.md\/ro\/#\/schema\/logo\/image\/","url":"https:\/\/i2.wp.com\/atg.md\/wp-content\/uploads\/2021\/05\/atg_logo_main.png?fit=656%2C569&ssl=1","contentUrl":"https:\/\/i2.wp.com\/atg.md\/wp-content\/uploads\/2021\/05\/atg_logo_main.png?fit=656%2C569&ssl=1","width":656,"height":569,"caption":"S.C. AUTOTOM GRUP S.R.L."},"image":{"@id":"https:\/\/atg.md\/ro\/#\/schema\/logo\/image\/"},"location":{"@id":"https:\/\/atg.md\/catalog\/novinki\/strong-g-66\/#local-place"},"address":{"@id":"https:\/\/atg.md\/catalog\/novinki\/strong-g-66\/#local-place-address"},"email":"atgtvv@gmail.com","telephone":"+37369644446","areaServed":"Moldova"},{"@type":"Place","@id":"https:\/\/atg.md\/catalog\/novinki\/strong-g-66\/#local-place","address":{"@type":"PostalAddress","@id":"https:\/\/atg.md\/catalog\/novinki\/strong-g-66\/#local-place-address","streetAddress":"str. Alba-Iulia 77\/20","addressLocality":"Chisinau","postalCode":"2043","addressRegion":"mun. Chisinau","addressCountry":"MD"},"geo":{"@type":"GeoCoordinates","latitude":"47.0376","longitude":"28.76899"},"openingHoursSpecification":[{"@type":"OpeningHoursSpecification","dayOfWeek":["Monday","Tuesday","Wednesday","Thursday","Friday"],"opens":"09:00","closes":"18:00"},{"@type":"OpeningHoursSpecification","dayOfWeek":["Saturday"],"opens":"09:00","closes":"14:00"},{"@type":"OpeningHoursSpecification","dayOfWeek":["Sunday"],"opens":"00:00","closes":"00:00"}],"telephone":"+37369644446"}]}},"_links":{"self":[{"href":"https:\/\/atg.md\/ro\/wp-json\/wp\/v2\/product\/13881"}],"collection":[{"href":"https:\/\/atg.md\/ro\/wp-json\/wp\/v2\/product"}],"about":[{"href":"https:\/\/atg.md\/ro\/wp-json\/wp\/v2\/types\/product"}],"wp:featuredmedia":[{"embeddable":true,"href":"https:\/\/atg.md\/ro\/wp-json\/wp\/v2\/media\/13882"}],"wp:attachment":[{"href":"https:\/\/atg.md\/ro\/wp-json\/wp\/v2\/media?parent=13881"}],"wp:term":[{"taxonomy":"product_cat","embeddable":true,"href":"https:\/\/atg.md\/ro\/wp-json\/wp\/v2\/product_cat?post=13881"},{"taxonomy":"product_tag","embeddable":true,"href":"https:\/\/atg.md\/ro\/wp-json\/wp\/v2\/product_tag?post=13881"}],"curies":[{"name":"wp","href":"https:\/\/api.w.org\/{rel}","templated":true}]}}