{"id":13868,"date":"2026-03-02T12:53:58","date_gmt":"2026-03-02T12:53:58","guid":{"rendered":"https:\/\/atg.md\/?post_type=product&#038;p=13868"},"modified":"2026-03-30T10:29:09","modified_gmt":"2026-03-30T10:29:09","slug":"sgm-eko-m2","status":"publish","type":"product","link":"https:\/\/atg.md\/ro\/catalog\/shumoizolyacziya\/sgm-eko-m2\/","title":{"rendered":"SGM ECO M2"},"content":{"rendered":"<p>SGM ECO M2 (2 mm) \u2014 material de baz\u0103 pentru izolarea vibra\u021biilor, creat pe baza masticului bituminos clasic \u0219i a foliei de aluminiu cu grosimea de 60 \u03bcm. Materialul asigur\u0103 protec\u021bia ini\u021bial\u0103 a caroseriei \u00eempotriva vibra\u021biilor \u0219i previne coroziunea suprafe\u021belor metalice. Base are o rezisten\u021b\u0103 la o gam\u0103 larg\u0103 de temperaturi, de la -40 \u00b0C la +100 \u00b0C, ceea ce permite utilizarea materialului \u00een diverse condi\u021bii climatice. Prezen\u021ba h\u00e2rtiei siliconate pe partea de montare simplific\u0103 considerabil procesul de instalare.<\/p>\n<p>Materialul are o grosime optim\u0103 de 2 mm, ceea ce este suficient pentru o func\u021bionare eficient\u0103 \u00een zonele caroseriei cu vibra\u021bii reduse: u\u0219i, acoperi\u0219, capacul portbagajului \u0219i capota. SGM Base (2 mm) este u\u0219or de instalat \u2014 pentru o fixare fiabil\u0103, este suficient s\u0103 se ruleze cu aten\u021bie suprafa\u021ba cu un rulou de montare.<\/p>\n<p>\u00cen timpul utiliz\u0103rii, trebuie evitat\u0103 apropierea de elemente puternic \u00eenc\u0103lzite: motor, colectoare de evacuare \u0219i sistem de e\u0219apament.<\/p>\n<p>Avantaje:<\/p>\n<p>Cea mai economic\u0103 solu\u021bie pentru izolarea fonic\u0103 de baz\u0103;<br \/>\nPotrivit pentru tratarea zonelor cu vibra\u021bii reduse \u0219i medii;<br \/>\nOptim pentru utilizare independent\u0103.<\/p>","protected":false},"excerpt":{"rendered":"<p>SGM ECO M2 (2 mm) \u2014 material de baz\u0103 pentru izolarea vibra\u021biilor, care combin\u0103 masticul bituminos clasic SGM \u0219i folia de aluminiu de 60 \u03bcm. Asigur\u0103 o izolare de calitate \u00eempotriva vibra\u021biilor caroseriei \u0219i protec\u021bie anticoroziv\u0103.<\/p>\n<p>Grosimea foii, mm: 2<br \/>\nDimensiunea foii, cm: 70 x 50<br \/>\nGreutate pe 1 m\u00b2, kg: 3,0<br \/>\nKMP, unitate condi\u021bionat\u0103: 0,16<br \/>\nAderen\u021b\u0103 la metal, N\/cm\u00b2: de la 5<br \/>\nGrosimea foliei, \u03bcm: 60<br \/>\nNum\u0103r de foi \u00een ambalaj, buc: 10<br \/>\nInterval de temperatur\u0103 de lucru, \u2103: de la -40 la +100<br \/>\nMod de montare: nu necesit\u0103 \u00eenc\u0103lzire<br \/>\nRezisten\u021b\u0103 la umiditate: da<\/p>\n<p>Zone de aplicare:<br \/>\nacoperi\u0219, ansamblu u\u0219\u0103, torpedou, capot\u0103<\/p>\n","protected":false},"featured_media":13869,"template":"","meta":[],"product_cat":[1165,1313,1164],"product_tag":[],"bundled_by":[],"bundle_stock_status":"instock","bundle_stock_quantity":null,"bundle_virtual":false,"bundle_layout":"","bundle_add_to_cart_form_location":"","bundle_editable_in_cart":false,"bundle_sold_individually_context":"","bundle_item_grouping":"","bundle_min_size":"","bundle_max_size":"","bundled_items":[],"yoast_head":"<!-- This site is optimized with the Yoast SEO Premium plugin v16.6 (Yoast SEO v20.1) - https:\/\/yoast.com\/wordpress\/plugins\/seo\/ -->\n<title>SGM ECO M2 - Materiale de amortizare a vibra\u021biilor, Nout\u0103\u021bi, Izolarea zgomotului - atg.md<\/title>\n<meta name=\"robots\" content=\"index, follow, max-snippet:-1, max-image-preview:large, max-video-preview:-1\" \/>\n<link rel=\"canonical\" href=\"https:\/\/atg.md\/ro\/catalog\/shumoizolyacziya\/sgm-eko-m2\/\" \/>\n<meta property=\"og:locale\" content=\"ro_RO\" \/>\n<meta property=\"og:type\" content=\"article\" \/>\n<meta property=\"og:title\" content=\"SGM ECO M2 - Materiale de amortizare a vibra\u021biilor, Nout\u0103\u021bi, Izolarea zgomotului - atg.md\" \/>\n<meta property=\"og:description\" content=\"SGM ECO M2 (2 mm) \u2014 material de baz\u0103 pentru izolarea vibra\u021biilor, care combin\u0103 masticul bituminos clasic SGM \u0219i folia de aluminiu de 60 \u03bcm. Asigur\u0103 o izolare de calitate \u00eempotriva vibra\u021biilor caroseriei \u0219i protec\u021bie anticoroziv\u0103.  Grosimea foii, mm: 2 Dimensiunea foii, cm: 70 x 50 Greutate pe 1 m\u00b2, kg: 3,0 KMP, unitate condi\u021bionat\u0103: 0,16 Aderen\u021b\u0103 la metal, N\/cm\u00b2: de la 5 Grosimea foliei, \u03bcm: 60 Num\u0103r de foi \u00een ambalaj, buc: 10 Interval de temperatur\u0103 de lucru, \u2103: de la -40 la +100 Mod de montare: nu necesit\u0103 \u00eenc\u0103lzire Rezisten\u021b\u0103 la umiditate: da  Zone de aplicare: acoperi\u0219, ansamblu u\u0219\u0103, torpedou, capot\u0103\" \/>\n<meta property=\"og:url\" content=\"https:\/\/atg.md\/ro\/wp-json\/wp\/v2\/product\/13868\" \/>\n<meta property=\"og:site_name\" content=\"atg.md\" \/>\n<meta property=\"article:modified_time\" content=\"2026-03-30T10:29:09+00:00\" \/>\n<meta property=\"og:image\" content=\"https:\/\/atg.md\/wp-content\/uploads\/2026\/03\/9c14e2a6-02c3-46f3-b98c-691d29264aa8.png\" \/>\n\t<meta property=\"og:image:width\" content=\"1024\" \/>\n\t<meta property=\"og:image:height\" content=\"1536\" \/>\n\t<meta property=\"og:image:type\" content=\"image\/png\" \/>\n<meta name=\"twitter:card\" content=\"summary_large_image\" \/>\n<meta name=\"twitter:label1\" content=\"Pre\u021b\" \/>\n\t<meta name=\"twitter:data1\" content=\"65.00&nbsp;MDL\" \/>\n\t<meta name=\"twitter:label2\" content=\"Availability\" \/>\n\t<meta name=\"twitter:data2\" content=\"In stock\" \/>\n<script type=\"application\/ld+json\" class=\"yoast-schema-graph\">{\"@context\":\"https:\/\/schema.org\",\"@graph\":[{\"@type\":\"WebPage\",\"@id\":\"https:\/\/atg.md\/ro\/catalog\/shumoizolyacziya\/sgm-eko-m2\/\",\"url\":\"https:\/\/atg.md\/ro\/catalog\/shumoizolyacziya\/sgm-eko-m2\/\",\"name\":\"SGM ECO M2 - Materiale de amortizare a vibra\u021biilor, Nout\u0103\u021bi, Izolarea zgomotului - atg.md\",\"isPartOf\":{\"@id\":\"https:\/\/atg.md\/ro\/#website\"},\"datePublished\":\"2026-03-02T12:53:58+00:00\",\"dateModified\":\"2026-03-30T10:29:09+00:00\",\"breadcrumb\":{\"@id\":\"https:\/\/atg.md\/ro\/catalog\/shumoizolyacziya\/sgm-eko-m2\/#breadcrumb\"},\"inLanguage\":\"ro-RO\",\"potentialAction\":[{\"@type\":\"ReadAction\",\"target\":[[\"https:\/\/atg.md\/ro\/catalog\/shumoizolyacziya\/sgm-eko-m2\/\"]]}]},{\"@type\":\"BreadcrumbList\",\"@id\":\"https:\/\/atg.md\/ro\/catalog\/shumoizolyacziya\/sgm-eko-m2\/#breadcrumb\",\"itemListElement\":[{\"@type\":\"ListItem\",\"position\":1,\"name\":\"Home\",\"item\":\"https:\/\/atg.md\/ro\/\"},{\"@type\":\"ListItem\",\"position\":2,\"name\":\"\u041a\u0430\u0442\u0430\u043b\u043e\u0433\",\"item\":\"https:\/\/atg.md\/ro\/catalog\/\"},{\"@type\":\"ListItem\",\"position\":3,\"name\":\"SGM \u042d\u041a\u041e \u041c2\"}]},{\"@type\":\"WebSite\",\"@id\":\"https:\/\/atg.md\/ro\/#website\",\"url\":\"https:\/\/atg.md\/ro\/\",\"name\":\"atg.md\",\"description\":\"V\u00e2nzare de izola\u021bii \u00eempotriva vibra\u021biilor pentru ma\u0219ini, izola\u021bie termic\u0103, izolare fonic\u0103 de la cei mai buni produc\u0103tori, autoclipsuri, elemente de fixare auto. Cump\u0103ra\u021bi \u00een Moldova, Chi\u0219in\u0103u\",\"publisher\":{\"@id\":\"https:\/\/atg.md\/ro\/#organization\"},\"potentialAction\":[{\"@type\":\"SearchAction\",\"target\":{\"@type\":\"EntryPoint\",\"urlTemplate\":\"https:\/\/atg.md\/ro\/?s={search_term_string}\"},\"query-input\":\"required name=search_term_string\"}],\"inLanguage\":\"ro-RO\"},{\"@type\":[\"Organization\",\"Place\",\"AutoPartsStore\"],\"@id\":\"https:\/\/atg.md\/ro\/#organization\",\"name\":\"S.C. AUTOTOM GRUP S.R.L.\",\"url\":\"https:\/\/atg.md\/ro\/\",\"logo\":{\"@type\":\"ImageObject\",\"inLanguage\":\"ro-RO\",\"@id\":\"https:\/\/atg.md\/ro\/#\/schema\/logo\/image\/\",\"url\":\"https:\/\/i2.wp.com\/atg.md\/wp-content\/uploads\/2021\/05\/atg_logo_main.png?fit=656%2C569&ssl=1\",\"contentUrl\":\"https:\/\/i2.wp.com\/atg.md\/wp-content\/uploads\/2021\/05\/atg_logo_main.png?fit=656%2C569&ssl=1\",\"width\":656,\"height\":569,\"caption\":\"S.C. AUTOTOM GRUP S.R.L.\"},\"image\":{\"@id\":\"https:\/\/atg.md\/ro\/#\/schema\/logo\/image\/\"},\"location\":{\"@id\":\"https:\/\/atg.md\/catalog\/shumoizolyacziya\/sgm-eko-m2\/#local-place\"},\"address\":{\"@id\":\"https:\/\/atg.md\/catalog\/shumoizolyacziya\/sgm-eko-m2\/#local-place-address\"},\"email\":\"atgtvv@gmail.com\",\"telephone\":\"+37369644446\",\"areaServed\":\"Moldova\"},{\"@type\":\"Place\",\"@id\":\"https:\/\/atg.md\/catalog\/shumoizolyacziya\/sgm-eko-m2\/#local-place\",\"address\":{\"@type\":\"PostalAddress\",\"@id\":\"https:\/\/atg.md\/catalog\/shumoizolyacziya\/sgm-eko-m2\/#local-place-address\",\"streetAddress\":\"str. Alba-Iulia 77\/20\",\"addressLocality\":\"Chisinau\",\"postalCode\":\"2043\",\"addressRegion\":\"mun. Chisinau\",\"addressCountry\":\"MD\"},\"geo\":{\"@type\":\"GeoCoordinates\",\"latitude\":\"47.0376\",\"longitude\":\"28.76899\"},\"openingHoursSpecification\":[{\"@type\":\"OpeningHoursSpecification\",\"dayOfWeek\":[\"Monday\",\"Tuesday\",\"Wednesday\",\"Thursday\",\"Friday\"],\"opens\":\"09:00\",\"closes\":\"18:00\"},{\"@type\":\"OpeningHoursSpecification\",\"dayOfWeek\":[\"Saturday\"],\"opens\":\"09:00\",\"closes\":\"14:00\"},{\"@type\":\"OpeningHoursSpecification\",\"dayOfWeek\":[\"Sunday\"],\"opens\":\"00:00\",\"closes\":\"00:00\"}],\"telephone\":\"+37369644446\"}]}<\/script>\n<meta name=\"geo.placename\" content=\"Chisinau\" \/>\n<meta name=\"geo.position\" content=\"47.0376;28.76899\" \/>\n<meta name=\"geo.region\" content=\"Moldova\" \/>\n<!-- \/ Yoast SEO Premium plugin. -->","yoast_head_json":{"title":"SGM ECO M2 - Materiale de amortizare a vibra\u021biilor, Nout\u0103\u021bi, Izolarea zgomotului - atg.md","robots":{"index":"index","follow":"follow","max-snippet":"max-snippet:-1","max-image-preview":"max-image-preview:large","max-video-preview":"max-video-preview:-1"},"canonical":"https:\/\/atg.md\/ro\/catalog\/shumoizolyacziya\/sgm-eko-m2\/","og_locale":"ro_RO","og_type":"article","og_title":"SGM ECO M2 - Materiale de amortizare a vibra\u021biilor, Nout\u0103\u021bi, Izolarea zgomotului - atg.md","og_description":"SGM ECO M2 (2 mm) \u2014 material de baz\u0103 pentru izolarea vibra\u021biilor, care combin\u0103 masticul bituminos clasic SGM \u0219i folia de aluminiu de 60 \u03bcm. Asigur\u0103 o izolare de calitate \u00eempotriva vibra\u021biilor caroseriei \u0219i protec\u021bie anticoroziv\u0103.  Grosimea foii, mm: 2 Dimensiunea foii, cm: 70 x 50 Greutate pe 1 m\u00b2, kg: 3,0 KMP, unitate condi\u021bionat\u0103: 0,16 Aderen\u021b\u0103 la metal, N\/cm\u00b2: de la 5 Grosimea foliei, \u03bcm: 60 Num\u0103r de foi \u00een ambalaj, buc: 10 Interval de temperatur\u0103 de lucru, \u2103: de la -40 la +100 Mod de montare: nu necesit\u0103 \u00eenc\u0103lzire Rezisten\u021b\u0103 la umiditate: da  Zone de aplicare: acoperi\u0219, ansamblu u\u0219\u0103, torpedou, capot\u0103","og_url":"https:\/\/atg.md\/ro\/wp-json\/wp\/v2\/product\/13868","og_site_name":"atg.md","article_modified_time":"2026-03-30T10:29:09+00:00","og_image":[{"width":1024,"height":1536,"url":"https:\/\/atg.md\/wp-content\/uploads\/2026\/03\/9c14e2a6-02c3-46f3-b98c-691d29264aa8.png","type":"image\/png"}],"twitter_card":"summary_large_image","twitter_misc":{"Pre\u021b":"65.00&nbsp;MDL","Availability":"In stock"},"schema":{"@context":"https:\/\/schema.org","@graph":[{"@type":"WebPage","@id":"https:\/\/atg.md\/ro\/catalog\/shumoizolyacziya\/sgm-eko-m2\/","url":"https:\/\/atg.md\/ro\/catalog\/shumoizolyacziya\/sgm-eko-m2\/","name":"SGM ECO M2 - Materiale de amortizare a vibra\u021biilor, Nout\u0103\u021bi, Izolarea zgomotului - atg.md","isPartOf":{"@id":"https:\/\/atg.md\/ro\/#website"},"datePublished":"2026-03-02T12:53:58+00:00","dateModified":"2026-03-30T10:29:09+00:00","breadcrumb":{"@id":"https:\/\/atg.md\/ro\/catalog\/shumoizolyacziya\/sgm-eko-m2\/#breadcrumb"},"inLanguage":"ro-RO","potentialAction":[{"@type":"ReadAction","target":[["https:\/\/atg.md\/ro\/catalog\/shumoizolyacziya\/sgm-eko-m2\/"]]}]},{"@type":"BreadcrumbList","@id":"https:\/\/atg.md\/ro\/catalog\/shumoizolyacziya\/sgm-eko-m2\/#breadcrumb","itemListElement":[{"@type":"ListItem","position":1,"name":"Home","item":"https:\/\/atg.md\/ro\/"},{"@type":"ListItem","position":2,"name":"\u041a\u0430\u0442\u0430\u043b\u043e\u0433","item":"https:\/\/atg.md\/ro\/catalog\/"},{"@type":"ListItem","position":3,"name":"SGM \u042d\u041a\u041e \u041c2"}]},{"@type":"WebSite","@id":"https:\/\/atg.md\/ro\/#website","url":"https:\/\/atg.md\/ro\/","name":"atg.md","description":"V\u00e2nzare de izola\u021bii \u00eempotriva vibra\u021biilor pentru ma\u0219ini, izola\u021bie termic\u0103, izolare fonic\u0103 de la cei mai buni produc\u0103tori, autoclipsuri, elemente de fixare auto. Cump\u0103ra\u021bi \u00een Moldova, Chi\u0219in\u0103u","publisher":{"@id":"https:\/\/atg.md\/ro\/#organization"},"potentialAction":[{"@type":"SearchAction","target":{"@type":"EntryPoint","urlTemplate":"https:\/\/atg.md\/ro\/?s={search_term_string}"},"query-input":"required name=search_term_string"}],"inLanguage":"ro-RO"},{"@type":["Organization","Place","AutoPartsStore"],"@id":"https:\/\/atg.md\/ro\/#organization","name":"S.C. AUTOTOM GRUP S.R.L.","url":"https:\/\/atg.md\/ro\/","logo":{"@type":"ImageObject","inLanguage":"ro-RO","@id":"https:\/\/atg.md\/ro\/#\/schema\/logo\/image\/","url":"https:\/\/i2.wp.com\/atg.md\/wp-content\/uploads\/2021\/05\/atg_logo_main.png?fit=656%2C569&ssl=1","contentUrl":"https:\/\/i2.wp.com\/atg.md\/wp-content\/uploads\/2021\/05\/atg_logo_main.png?fit=656%2C569&ssl=1","width":656,"height":569,"caption":"S.C. AUTOTOM GRUP S.R.L."},"image":{"@id":"https:\/\/atg.md\/ro\/#\/schema\/logo\/image\/"},"location":{"@id":"https:\/\/atg.md\/catalog\/shumoizolyacziya\/sgm-eko-m2\/#local-place"},"address":{"@id":"https:\/\/atg.md\/catalog\/shumoizolyacziya\/sgm-eko-m2\/#local-place-address"},"email":"atgtvv@gmail.com","telephone":"+37369644446","areaServed":"Moldova"},{"@type":"Place","@id":"https:\/\/atg.md\/catalog\/shumoizolyacziya\/sgm-eko-m2\/#local-place","address":{"@type":"PostalAddress","@id":"https:\/\/atg.md\/catalog\/shumoizolyacziya\/sgm-eko-m2\/#local-place-address","streetAddress":"str. Alba-Iulia 77\/20","addressLocality":"Chisinau","postalCode":"2043","addressRegion":"mun. Chisinau","addressCountry":"MD"},"geo":{"@type":"GeoCoordinates","latitude":"47.0376","longitude":"28.76899"},"openingHoursSpecification":[{"@type":"OpeningHoursSpecification","dayOfWeek":["Monday","Tuesday","Wednesday","Thursday","Friday"],"opens":"09:00","closes":"18:00"},{"@type":"OpeningHoursSpecification","dayOfWeek":["Saturday"],"opens":"09:00","closes":"14:00"},{"@type":"OpeningHoursSpecification","dayOfWeek":["Sunday"],"opens":"00:00","closes":"00:00"}],"telephone":"+37369644446"}]}},"_links":{"self":[{"href":"https:\/\/atg.md\/ro\/wp-json\/wp\/v2\/product\/13868"}],"collection":[{"href":"https:\/\/atg.md\/ro\/wp-json\/wp\/v2\/product"}],"about":[{"href":"https:\/\/atg.md\/ro\/wp-json\/wp\/v2\/types\/product"}],"wp:featuredmedia":[{"embeddable":true,"href":"https:\/\/atg.md\/ro\/wp-json\/wp\/v2\/media\/13869"}],"wp:attachment":[{"href":"https:\/\/atg.md\/ro\/wp-json\/wp\/v2\/media?parent=13868"}],"wp:term":[{"taxonomy":"product_cat","embeddable":true,"href":"https:\/\/atg.md\/ro\/wp-json\/wp\/v2\/product_cat?post=13868"},{"taxonomy":"product_tag","embeddable":true,"href":"https:\/\/atg.md\/ro\/wp-json\/wp\/v2\/product_tag?post=13868"}],"curies":[{"name":"wp","href":"https:\/\/api.w.org\/{rel}","templated":true}]}}